{"id":20716,"date":"2025-05-27T06:22:16","date_gmt":"2025-05-27T06:22:16","guid":{"rendered":"https:\/\/www.hydraulic-cylinders.net\/product\/sanitation-vehicle-scraper-hydraulic-cylinder\/"},"modified":"2025-05-27T06:22:18","modified_gmt":"2025-05-27T06:22:18","slug":"sanitation-vehicle-scraper-hydraulic-cylinder","status":"publish","type":"product","link":"https:\/\/www.hydraulic-cylinders.net\/hu\/termek\/sanitation-vehicle-scraper-hydraulic-cylinder\/","title":{"rendered":"Hidraulikus j\u00e1rm\u0171 kapar\u00f3 hidraulikus henger"},"content":{"rendered":"<h1>Hidraulikus j\u00e1rm\u0171 kapar\u00f3 hidraulikus henger<\/h1>\n<h2>Term\u00e9kbemutat\u00f3<\/h2>\n<p>A szaniterj\u00e1rm\u0171 kapar\u00f3 hidraulikus hengere egy kritikus fontoss\u00e1g\u00fa alkatr\u00e9sz, amelyet a szaniterj\u00e1rm\u0171vek hat\u00e9konys\u00e1g\u00e1nak \u00e9s funkcionalit\u00e1s\u00e1nak n\u00f6vel\u00e9s\u00e9re terveztek. Ezt a hidraulikus hengert els\u0151sorban emel\u0151- \u00e9s s\u00fcllyeszt\u0151mechanizmusokhoz haszn\u00e1lj\u00e1k szem\u00e9tsz\u00e1ll\u00edt\u00e1si \u00e9s utcatiszt\u00edt\u00e1si alkalmaz\u00e1sokban. Sima \u00e9s szab\u00e1lyozott mozg\u00e1sokat tesz lehet\u0151v\u00e9, biztos\u00edtva a kapar\u00f3 hat\u00e9kony m\u0171k\u00f6d\u00e9s\u00e9t, mik\u00f6zben minimaliz\u00e1lja a g\u00e9p kop\u00e1s\u00e1t. Robusztus szerkezet\u00e9nek \u00e9s prec\u00edz m\u00e9rn\u00f6ki munk\u00e1j\u00e1nak k\u00f6sz\u00f6nhet\u0151en ez a hidraulikus henger nemcsak a szaniterj\u00e1rm\u0171vek termel\u00e9kenys\u00e9g\u00e9t n\u00f6veli, hanem hozz\u00e1j\u00e1rul azok \u00e1ltal\u00e1nos megb\u00edzhat\u00f3s\u00e1g\u00e1hoz \u00e9s biztons\u00e1g\u00e1hoz is. L\u00e9nyeg\u00e9ben kulcsszerepet j\u00e1tszik a szaniterm\u0171veletek teljes\u00edtm\u00e9ny\u00e9nek optimaliz\u00e1l\u00e1s\u00e1ban, hat\u00e9konyabb\u00e1 \u00e9s k\u00f6rnyezetbar\u00e1tabb\u00e1 t\u00e9ve azokat.<\/p>\n<h2>Term\u00e9kparam\u00e9terek<\/h2>\n<p>A szaniter j\u00e1rm\u0171 kapar\u00f3 hidraulikus henger\u00e9nek specifik\u00e1ci\u00f3i a k\u00f6vetkez\u0151k:<\/p>\n<ul>\n<li>Henger \u00e1tm\u00e9r\u0151je: 63 mm<\/li>\n<li>R\u00fad \u00e1tm\u00e9r\u0151je: 40 mm<\/li>\n<li>Rug\u00f3\u00fat: 385 mm<\/li>\n<li>Telep\u00edt\u00e9si t\u00e1vols\u00e1g: 670 mm<\/li>\n<\/ul>\n<p>Ezek a param\u00e9terek a hidraulikus henger fizikai m\u00e9reteit \u00e9s k\u00e9pess\u00e9geit jelzik, amelyek kulcsfontoss\u00e1g\u00faak a k\u00fcl\u00f6nb\u00f6z\u0151 szaniterj\u00e1rm\u0171-modellekkel val\u00f3 kompatibilit\u00e1s meghat\u00e1roz\u00e1s\u00e1hoz. A henger \u00e1tm\u00e9r\u0151je biztos\u00edtja a megfelel\u0151 szil\u00e1rds\u00e1got az \u00fczemi ig\u00e9nyek elvisel\u00e9s\u00e9hez, m\u00edg a r\u00fad \u00e1tm\u00e9r\u0151je \u00e9s a mozg\u00e1shossz lehet\u0151v\u00e9 teszi a megfelel\u0151 emel\u0151er\u0151t. A be\u00e9p\u00edt\u00e9si t\u00e1vols\u00e1g elengedhetetlen a j\u00e1rm\u0171 hidraulikus rendszer\u00e9be val\u00f3 megfelel\u0151 illeszked\u00e9s biztos\u00edt\u00e1s\u00e1hoz.<\/p>\n<h2>Term\u00e9kjellemz\u0151k<\/h2>\n<p>A szaniterj\u00e1rm\u0171 kapar\u00f3 hidraulikus henger\u00e9nek f\u0151bb jellemz\u0151i:<\/p>\n<ul>\n<li>Nagy szil\u00e1rds\u00e1g \u00e9s tart\u00f3ss\u00e1g a hosszabb \u00e9lettartam \u00e9rdek\u00e9ben<\/li>\n<li>Prec\u00edzi\u00f3s m\u00e9rn\u00f6ki munka az optim\u00e1lis teljes\u00edtm\u00e9ny\u00e9rt neh\u00e9z terhel\u00e9sek alatt<\/li>\n<li>Sokoldal\u00fa kompatibilit\u00e1s a k\u00fcl\u00f6nf\u00e9le szaniterj\u00e1rm\u0171-modellekkel<\/li>\n<li>Egyszer\u0171 telep\u00edt\u00e9si \u00e9s karbantart\u00e1si folyamatok<\/li>\n<li>K\u00f6lts\u00e9ghat\u00e9kony cserelehet\u0151s\u00e9g a megl\u00e9v\u0151 hidraulikus hengerek helyett<\/li>\n<\/ul>\n<p>C\u00e9g\u00fcnk ezen hidraulikus hengerek gy\u00e1rt\u00e1s\u00e1ra specializ\u00e1l\u00f3dott, biztos\u00edtva, hogy term\u00e9keink z\u00f6kken\u0151mentesen helyettes\u00edthess\u00e9k a piacon l\u00e9v\u0151 t\u00f6bbi hidraulikus hengert a teljes\u00edtm\u00e9ny fel\u00e1ldoz\u00e1sa n\u00e9lk\u00fcl.<\/p>\n<h2>Alkalmaz\u00e1si forgat\u00f3k\u00f6nyvek<\/h2>\n<h3>1. Szem\u00e9tsz\u00e1ll\u00edt\u00e1s<\/h3>\n<p>A hullad\u00e9kgy\u0171jt\u0151 j\u00e1rm\u0171vek kapar\u00f3j\u00e1nak hidraulikus henger\u00e9t sz\u00e9les k\u00f6rben haszn\u00e1lj\u00e1k a szem\u00e9tsz\u00e1ll\u00edt\u00f3 j\u00e1rm\u0171vekben. Lehet\u0151v\u00e9 teszi a \u00fcr\u00edt\u0151 mechanizmus hat\u00e9kony m\u0171k\u00f6d\u00e9s\u00e9t, lehet\u0151v\u00e9 t\u00e9ve a begy\u0171jt\u00f6tt hullad\u00e9k gyors \u00e9s biztons\u00e1gos kirakod\u00e1s\u00e1t. A henger \u00e1ltal k\u00edn\u00e1lt prec\u00edz vez\u00e9rl\u00e9s minim\u00e1lis ki\u00f6ml\u00e9st biztos\u00edt \u00e9s maximaliz\u00e1lja a j\u00e1rm\u0171 rakod\u00e1si kapacit\u00e1s\u00e1t, ami gyorsabb gy\u0171jt\u00e9si \u00fatvonalakat \u00e9s fokozott m\u0171k\u00f6d\u00e9si hat\u00e9konys\u00e1got eredm\u00e9nyez. Ahogy a v\u00e1rosok n\u00f6vekednek \u00e9s a hullad\u00e9kgazd\u00e1lkod\u00e1s egyre nagyobb kih\u00edv\u00e1st jelent, az ehhez hasonl\u00f3 megb\u00edzhat\u00f3 hidraulikus hengerek ir\u00e1nti ig\u00e9ny soha nem volt m\u00e9g kritikusabb.<\/p>\n<h3>2. Utcai tiszt\u00edt\u00e1s<\/h3>\n<p>Utcai tiszt\u00edt\u00e1s sor\u00e1n a hidraulikus henger l\u00e9tfontoss\u00e1g\u00fa a t\u00f6rmel\u00e9ket az utakr\u00f3l \u00e9s j\u00e1rd\u00e1kr\u00f3l elt\u00e1vol\u00edt\u00f3 kapar\u00f3k\u00e9s vez\u00e9rl\u00e9s\u00e9hez. A v\u00e1ltoz\u00f3 k\u00f6r\u00fclm\u00e9nyek k\u00f6z\u00f6tti z\u00f6kken\u0151mentes m\u0171k\u00f6d\u00e9s\u00e9nek k\u00e9pess\u00e9ge biztos\u00edtja, hogy az utcai tiszt\u00edt\u00f3 j\u00e1rm\u0171vek magas szint\u0171 tisztas\u00e1got tudjanak fenntartani a fel\u00fcletek k\u00e1ros\u00edt\u00e1sa n\u00e9lk\u00fcl. A henger kialak\u00edt\u00e1sa lehet\u0151v\u00e9 teszi, hogy megbirk\u00f3zzon az utcai tiszt\u00edt\u00e1s szigor\u00fa k\u00f6vetelm\u00e9nyeivel, bele\u00e9rtve a neh\u00e9z t\u00f6rmel\u00e9k emel\u00e9s\u00e9t \u00e9s a sz\u0171k helyeken val\u00f3 munkav\u00e9gz\u00e9st, \u00edgy n\u00e9lk\u00fcl\u00f6zhetetlen eszk\u00f6zz\u00e9 v\u00e1lik a kommun\u00e1lis szolg\u00e1ltat\u00e1sok sz\u00e1m\u00e1ra.<\/p>\n<h3>3. Hullad\u00e9kt\u00f6m\u00f6r\u00edt\u00e9s<\/h3>\n<p>A hullad\u00e9kt\u00f6m\u00f6r\u00edt\u0151 j\u00e1rm\u0171vek a szaniterj\u00e1rm\u0171 kapar\u00f3 hidraulikus henger\u00e9nek robusztus teljes\u00edtm\u00e9ny\u00e9b\u0151l profit\u00e1lnak. Ez a henger hat\u00e9konyan t\u00f6m\u00f6r\u00edti a hullad\u00e9kot, lehet\u0151v\u00e9 t\u00e9ve nagyobb rakom\u00e1nyok sz\u00e1ll\u00edt\u00e1s\u00e1t an\u00e9lk\u00fcl, hogy gyakori utakat kellene v\u00e9gezni a hullad\u00e9klerak\u00f3kba. A megn\u00f6vekedett m\u0171k\u00f6d\u00e9si hat\u00e9konys\u00e1g kevesebb kibocs\u00e1t\u00e1st \u00e9s alacsonyabb \u00fczemanyagk\u00f6lts\u00e9geket eredm\u00e9nyez, \u00f6sszhangban a k\u00f6rnyezetbar\u00e1t gyakorlatokkal. A henger kialak\u00edt\u00e1sa biztos\u00edtja, hogy ellen\u00e1lljon a hullad\u00e9kt\u00f6m\u00f6r\u00edt\u00e9ssel j\u00e1r\u00f3 magas nyom\u00e1snak, hozz\u00e1j\u00e1rulva a hullad\u00e9kkezel\u00e9si m\u0171veletek hossz\u00fa \u00e9lettartam\u00e1hoz \u00e9s hat\u00e9konys\u00e1g\u00e1hoz.<\/p>\n<h2>Tervez\u00e9si szempontok \u00e9s kiv\u00e1laszt\u00e1si krit\u00e9riumok<\/h2>\n<h3>Teherb\u00edr\u00e1s<\/h3>\n<p>Szaniterj\u00e1rm\u0171vek hidraulikus henger\u00e9nek kiv\u00e1laszt\u00e1sakor a teherb\u00edr\u00e1s kiemelked\u0151 fontoss\u00e1g\u00fa. A szaniterj\u00e1rm\u0171 kapar\u00f3j\u00e1nak hidraulikus henger\u00e9t jelent\u0151s terhel\u00e9sek elvisel\u00e9s\u00e9re tervezt\u00e9k, minimaliz\u00e1lva a meghib\u00e1sod\u00e1s kock\u00e1zat\u00e1t m\u0171k\u00f6d\u00e9s k\u00f6zben. Alapvet\u0151 fontoss\u00e1g\u00fa annak biztos\u00edt\u00e1sa, hogy a henger elb\u00edrja a kapar\u00f3 s\u00faly\u00e1t \u00e9s az esetlegesen felmer\u00fcl\u0151 t\u00f6rmel\u00e9ket a biztons\u00e1g vagy a teljes\u00edtm\u00e9ny vesz\u00e9lyeztet\u00e9se n\u00e9lk\u00fcl. A gy\u00e1rt\u00f3k gyakran szigor\u00fa teszteket v\u00e9geznek annak meger\u0151s\u00edt\u00e9s\u00e9re, hogy a hidraulikus henger megfelel vagy meghaladja a sz\u00fcks\u00e9ges terhel\u00e9si el\u0151\u00edr\u00e1sokat.<\/p>\n<h3>T\u00f6m\u00edt\u00e9si teljes\u00edtm\u00e9ny<\/h3>\n<p>A t\u00f6m\u00edt\u00e9s a hidraulikus hengerek tervez\u00e9s\u00e9nek egy m\u00e1sik kritikus szempontja. A hat\u00e9kony t\u00f6m\u00edt\u00e9s megakad\u00e1lyozza a hidraulikafolyad\u00e9k sziv\u00e1rg\u00e1s\u00e1t, biztos\u00edtva az optim\u00e1lis teljes\u00edtm\u00e9nyt \u00e9s a hossz\u00fa \u00e9lettartamot. A fert\u0151tlen\u00edt\u0151 j\u00e1rm\u0171vek kapar\u00f3j\u00e1nak hidraulikus hengere kiv\u00e1l\u00f3 min\u0151s\u00e9g\u0171 t\u00f6m\u00edt\u00e9sekkel rendelkezik, amelyek l\u00e9tfontoss\u00e1g\u00faak a nyom\u00e1s fenntart\u00e1s\u00e1ban \u00e9s a szennyez\u0151d\u00e9s megel\u0151z\u00e9s\u00e9ben. A j\u00f3l t\u00f6m\u00edtett henger cs\u00f6kkenti a gyakori karbantart\u00e1s sz\u00fcks\u00e9gess\u00e9g\u00e9t \u00e9s meghosszabb\u00edtja az \u00fczemi \u00e9lettartamot, \u00edgy intelligens befektet\u00e9s a fert\u0151tlen\u00edt\u00e9si m\u0171veletekhez.<\/p>\n<h3>Tart\u00f3ss\u00e1g<\/h3>\n<p>A tart\u00f3ss\u00e1g kulcsfontoss\u00e1g\u00fa a zord k\u00f6rnyezetben haszn\u00e1lt hidraulikus hengerek eset\u00e9ben. A szaniter j\u00e1rm\u0171vek gyakran koptat\u00f3 k\u00f6r\u00fclm\u00e9nyek k\u00f6z\u00f6tt m\u0171k\u00f6dnek, ami kop\u00e1shoz vezethet. A szaniter j\u00e1rm\u0171vek kapar\u00f3 hidraulikus hengere nagy szil\u00e1rds\u00e1g\u00fa anyagokb\u00f3l k\u00e9sz\u00fcl, amelyek ellen\u00e1llnak a korr\u00f3zi\u00f3nak \u00e9s a kop\u00e1snak, biztos\u00edtva a hossz\u00fa t\u00e1v\u00fa \u00e1lland\u00f3 teljes\u00edtm\u00e9nyt. A tervez\u00e9s sor\u00e1n olyan t\u00e9nyez\u0151ket is figyelembe vettek, mint a f\u00e1rad\u00e1s\u00e1ll\u00f3s\u00e1g \u00e9s az \u00fct\u00e9scsillap\u00edt\u00e1s, \u00edgy megb\u00edzhat\u00f3 megold\u00e1st k\u00edn\u00e1lva az ig\u00e9nyes alkalmaz\u00e1sokhoz.<\/p>\n<h3>Biztons\u00e1gi funkci\u00f3k<\/h3>\n<p>A biztons\u00e1g kiemelt fontoss\u00e1g\u00fa a hidraulikus hengerek tervez\u00e9s\u00e9n\u00e9l. A szaniter j\u00e1rm\u0171vek kapar\u00f3j\u00e1nak hidraulikus hengere sz\u00e1mos biztons\u00e1gi funkci\u00f3val rendelkezik, p\u00e9ld\u00e1ul nyom\u00e1scs\u00f6kkent\u0151 szelepekkel \u00e9s t\u00falterhel\u00e9s elleni v\u00e9delmi mechanizmusokkal. Ezek a funkci\u00f3k seg\u00edtenek megel\u0151zni a lehets\u00e9ges baleseteket \u00fczem k\u00f6zben, biztos\u00edtva a j\u00e1rm\u0171vezet\u0151k \u00e9s a k\u00f6rnyez\u0151 szem\u00e9lyzet biztons\u00e1g\u00e1t. Alapvet\u0151 fontoss\u00e1g\u00fa ezen biztons\u00e1gi funkci\u00f3k rendszeres ellen\u0151rz\u00e9se hat\u00e9konys\u00e1guk fenntart\u00e1sa \u00e9s a meghib\u00e1sod\u00e1sok elleni v\u00e9delem \u00e9rdek\u00e9ben.<\/p>\n<h3>Karbantart\u00e1si szempontok<\/h3>\n<p>A hidraulikus hengerek eset\u00e9ben a k\u00f6nny\u0171 karbantart\u00e1s l\u00e9tfontoss\u00e1g\u00fa szempont. A szaniterj\u00e1rm\u0171-kapar\u00f3 hidraulikus henger\u00e9t a hozz\u00e1f\u00e9rhet\u0151s\u00e9g szem el\u0151tt tart\u00e1s\u00e1val tervezt\u00e9k, lehet\u0151v\u00e9 t\u00e9ve az egyszer\u0171 ellen\u0151rz\u00e9st \u00e9s szervizel\u00e9st. A rendszeres karbantart\u00e1s nemcsak a henger \u00e9lettartam\u00e1t hosszabb\u00edtja meg, hanem biztos\u00edtja a cs\u00facshat\u00e9konys\u00e1got is. A felhaszn\u00e1l\u00f3kat arra \u00f6szt\u00f6nzik, hogy k\u00e9sz\u00edtsenek rendszeres karbantart\u00e1si \u00fctemtervet a kisebb probl\u00e9m\u00e1k kezel\u00e9s\u00e9re, miel\u0151tt azok jelent\u0151s probl\u00e9m\u00e1kk\u00e1 fajuln\u00e1nak.<\/p>\n<h2>T\u00f6m\u00edt\u00e9s \u00e9s ken\u00e9s<\/h2>\n<p>A szaniterj\u00e1rm\u0171 kapar\u00f3 hidraulikus henger\u00e9nek t\u00f6m\u00edt\u00e9se \u00e9s ken\u00e9se rendk\u00edv\u00fcl fontos az optim\u00e1lis teljes\u00edtm\u00e9ny \u00e9rdek\u00e9ben. A hidraulikus henger k\u00fcl\u00f6nf\u00e9le t\u00f6m\u00edt\u0151elemeket haszn\u00e1l, bele\u00e9rtve a dugatty\u00fat\u00f6m\u00edt\u00e9seket \u00e9s a r\u00fadt\u00f6m\u00edt\u00e9seket, hogy biztos\u00edtsa a hidraulikafolyad\u00e9k z\u00e1rt t\u00e9rben tart\u00e1s\u00e1t, \u00e9s hogy k\u00fcls\u0151 szennyez\u0151d\u00e9sek ne ker\u00fcljenek a rendszerbe. A tart\u00f3s anyagokb\u00f3l, p\u00e9ld\u00e1ul poliuret\u00e1nb\u00f3l \u00e9s nitrilgumib\u00f3l k\u00e9sz\u00fclt t\u00f6m\u00edt\u00e9sek kiv\u00e1l\u00f3 kop\u00e1s\u00e1ll\u00f3s\u00e1got biztos\u00edtanak, ez\u00e1ltal n\u00f6velve a henger \u00e9lettartam\u00e1t.<\/p>\n<p>Tov\u00e1bb\u00e1 a hengertest \u00e9s a menetes v\u00e9gek prec\u00edzi\u00f3s megmunk\u00e1l\u00e1son esnek \u00e1t a kop\u00e1s\u00e1ll\u00f3s\u00e1g jav\u00edt\u00e1sa \u00e9rdek\u00e9ben. A rendszeres ken\u00e9s elengedhetetlen, mivel cs\u00f6kkenti a mozg\u00f3 alkatr\u00e9szek k\u00f6z\u00f6tti s\u00farl\u00f3d\u00e1st \u00e9s megakad\u00e1lyozza a t\u00falmeleged\u00e9st. A felhaszn\u00e1l\u00f3knak gondoskodniuk kell arr\u00f3l, hogy a karbantart\u00e1si rutin r\u00e9szek\u00e9nt megfelel\u0151 mennyis\u00e9g\u0171 hidraulikaolajat haszn\u00e1ljanak, ami seg\u00edt fenntartani az optim\u00e1lis teljes\u00edtm\u00e9nyt \u00e9s megakad\u00e1lyozza a t\u00f6m\u00edt\u00e9sek \u00e9s a bels\u0151 alkatr\u00e9szek id\u0151 el\u0151tti kop\u00e1s\u00e1t.<\/p>\n<h2>Rendszeres ellen\u0151rz\u00e9s \u00e9s megel\u0151z\u0151 karbantart\u00e1s<\/h2>\n<p>A rendszeres ellen\u0151rz\u00e9si rutin bevezet\u00e9se kritikus fontoss\u00e1g\u00fa a szaniterj\u00e1rm\u0171 kapar\u00f3 hidraulikus henger\u00e9nek hat\u00e9konys\u00e1g\u00e1nak \u00e9s megb\u00edzhat\u00f3s\u00e1g\u00e1nak fenntart\u00e1s\u00e1hoz. \u00cdme n\u00e9h\u00e1ny alapvet\u0151 megel\u0151z\u0151 karbantart\u00e1si int\u00e9zked\u00e9s:<\/p>\n<ul>\n<li><strong>Vizu\u00e1lis ellen\u0151rz\u00e9sek:<\/strong> Rendszeresen ellen\u0151rizze a kop\u00e1s, sziv\u00e1rg\u00e1s vagy s\u00e9r\u00fcl\u00e9s jeleit. Minden l\u00e1that\u00f3 probl\u00e9m\u00e1t azonnal kezelni kell a tov\u00e1bbi komplik\u00e1ci\u00f3k megel\u0151z\u00e9se \u00e9rdek\u00e9ben.<\/li>\n<li><strong>Folyad\u00e9kszint ellen\u0151rz\u00e9se:<\/strong> Figyelje a hidraulikafolyad\u00e9k szintj\u00e9t, \u00e9s sz\u00fcks\u00e9g szerint t\u00f6ltse fel. Az alacsony folyad\u00e9kszint fokozott kop\u00e1shoz \u00e9s a hidraulikus rendszer meghib\u00e1sod\u00e1s\u00e1hoz vezethet.<\/li>\n<li><strong>T\u00f6m\u00edt\u00e9s \u00e1llapot\u00e1nak ellen\u0151rz\u00e9se:<\/strong> Vizsg\u00e1lja meg a t\u00f6m\u00edt\u00e9seket, hogy nem l\u00e1that\u00f3k-e rajtuk kop\u00e1s vagy kisz\u00e1rad\u00e1s jelei. A kopott t\u00f6m\u00edt\u00e9sek id\u0151ben t\u00f6rt\u00e9n\u0151 cser\u00e9je megel\u0151zheti a sziv\u00e1rg\u00e1sokat \u00e9s meg\u0151rizheti a rendszer integrit\u00e1s\u00e1t.<\/li>\n<\/ul>\n<p>Ezen megel\u0151z\u0151 karbantart\u00e1si int\u00e9zked\u00e9sek betart\u00e1s\u00e1val a felhaszn\u00e1l\u00f3k jelent\u0151sen meghosszabb\u00edthatj\u00e1k a hidraulikus henger \u00e9lettartam\u00e1t, \u00e9s biztos\u00edthatj\u00e1k a megb\u00edzhat\u00f3 m\u0171k\u00f6d\u00e9st ig\u00e9nyl\u0151 k\u00f6r\u00fclm\u00e9nyek k\u00f6z\u00f6tt.<\/p>\n<h2>Telep\u00edt\u00e9si \u00fatmutat\u00f3<\/h2>\n<p>A szaniterj\u00e1rm\u0171 kapar\u00f3j\u00e1nak hidraulikus henger\u00e9nek megfelel\u0151 telep\u00edt\u00e9se elengedhetetlen az optim\u00e1lis teljes\u00edtm\u00e9nyhez. A helyes telep\u00edt\u00e9s biztos\u00edt\u00e1s\u00e1hoz k\u00f6vesse az al\u00e1bbi l\u00e9p\u00e9seket:<\/p>\n<ol>\n<li><strong>K\u00e9sz\u00edtm\u00e9ny:<\/strong> Telep\u00edt\u00e9s el\u0151tt tiszt\u00edtsa meg a r\u00f6gz\u00edt\u0151fel\u00fcleteket, \u00e9s gy\u0151z\u0151dj\u00f6n meg arr\u00f3l, hogy nincsenek olyan akad\u00e1lyok, amelyek akad\u00e1lyozhatj\u00e1k a henger mozg\u00e1s\u00e1t.<\/li>\n<li><strong>Igaz\u00edt\u00e1s:<\/strong> Gy\u0151z\u0151dj\u00f6n meg arr\u00f3l, hogy a henger megfelel\u0151en van illesztve a hidraulikus rendszerhez, hogy elker\u00fclje a t\u00falzott terhel\u00e9st \u00e9s az esetleges meghib\u00e1sod\u00e1st.<\/li>\n<li><strong>Biztons\u00e1gos r\u00f6gz\u00edt\u00e9s:<\/strong> Haszn\u00e1ljon megfelel\u0151 r\u00f6gz\u00edt\u0151konzolokat a henger r\u00f6gz\u00edt\u00e9s\u00e9hez. Gy\u0151z\u0151dj\u00f6n meg arr\u00f3l, hogy minden csavar a gy\u00e1rt\u00f3 el\u0151\u00edr\u00e1sainak megfelel\u0151en meg van h\u00fazva, hogy megakad\u00e1lyozza az elmozdul\u00e1st m\u0171k\u00f6d\u00e9s k\u00f6zben.<\/li>\n<li><strong>Hidraulikus csatlakoz\u00e1sok:<\/strong> \u00d3vatosan csatlakoztassa a hidraulikavezet\u00e9keket, \u00fcgyelve arra, hogy minden szerelv\u00e9ny biztons\u00e1gosan \u00e9s sziv\u00e1rg\u00e1smentesen legyen r\u00f6gz\u00edtve. \u00dcgyeljen a gy\u00e1rt\u00f3 \u00e1ltal megadott \u00e1raml\u00e1si ir\u00e1nyra.<\/li>\n<li><strong>Tesztel\u00e9s:<\/strong> A beszerel\u00e9s ut\u00e1n nyom\u00e1spr\u00f3b\u00e1t kell v\u00e9gezni a palack megfelel\u0151 m\u0171k\u00f6d\u00e9s\u00e9nek \u00e9s sziv\u00e1rg\u00e1smentess\u00e9g\u00e9nek ellen\u0151rz\u00e9s\u00e9re.<\/li>\n<\/ol>\n<p>Ezen telep\u00edt\u00e9si ir\u00e1nyelvek betart\u00e1sa seg\u00edt biztos\u00edtani a hidraulikus henger hossz\u00fa \u00e9lettartam\u00e1t \u00e9s hat\u00e9konys\u00e1g\u00e1t.<\/p>\n<h2>Gyakori karbantart\u00e1si feladatok<\/h2>\n<p>A szaniterj\u00e1rm\u0171 kapar\u00f3 hidraulikus henger\u00e9nek rendszeres karbantart\u00e1si feladatai a k\u00f6vetkez\u0151k:<\/p>\n<ul>\n<li><strong>Rutinszer\u0171 ellen\u0151rz\u00e9sek:<\/strong> Rendszeres ellen\u0151rz\u00e9seket kell v\u00e9gezni a potenci\u00e1lis probl\u00e9m\u00e1k korai azonos\u00edt\u00e1sa \u00e9rdek\u00e9ben. Keresse a sziv\u00e1rg\u00e1s, kop\u00e1s \u00e9s be\u00e1ll\u00edt\u00e1si hib\u00e1k jeleit.<\/li>\n<li><strong>Megfelel\u0151 ken\u00e9s:<\/strong> Gy\u0151z\u0151dj\u00f6n meg r\u00f3la, hogy a henger mindig megfelel\u0151en kenve van. Haszn\u00e1lja az aj\u00e1nlott hidraulikaolajat, \u00e9s tartsa be a gy\u00e1rt\u00f3 ken\u00e9si gyakoris\u00e1g\u00e1ra vonatkoz\u00f3 \u00fatmutat\u00e1sait.<\/li>\n<li><strong>T\u00f6m\u00edt\u00e9scsere:<\/strong> Rendszeresen ellen\u0151rizze a t\u00f6m\u00edt\u00e9sek kop\u00e1s\u00e1t, \u00e9s fontolja meg a cser\u00e9j\u00fcket a rendszeres karbantart\u00e1si \u00fctemterv r\u00e9szek\u00e9nt. Ez megakad\u00e1lyozza a sziv\u00e1rg\u00e1sokat \u00e9s biztos\u00edtja az optim\u00e1lis teljes\u00edtm\u00e9nyt.<\/li>\n<\/ul>\n<p>A megfelel\u0151 telep\u00edt\u00e9s, ken\u00e9s \u00e9s be\u00e1ll\u00edt\u00e1s elengedhetetlen a hidraulikus henger hat\u00e9konys\u00e1g\u00e1nak \u00e9s eredm\u00e9nyess\u00e9g\u00e9nek fenntart\u00e1s\u00e1hoz. A telep\u00edt\u00e9s sor\u00e1n a be\u00e1ll\u00edt\u00e1s k\u00fcl\u00f6n\u00f6sen fontos; a hib\u00e1s be\u00e1ll\u00edt\u00e1s id\u0151 el\u0151tti kop\u00e1st \u00e9s potenci\u00e1lis meghib\u00e1sod\u00e1st okozhat. Javasolt megfelel\u0151 r\u00f6gz\u00edt\u0151konzolok haszn\u00e1lata a henger szil\u00e1rd r\u00f6gz\u00edt\u00e9s\u00e9hez. V\u00e9g\u00fcl, az aj\u00e1nlott ellen\u0151rz\u00e9si, jav\u00edt\u00e1si \u00e9s csereelj\u00e1r\u00e1sok betart\u00e1sa biztos\u00edtja, hogy a hidraulikus henger cs\u00facsform\u00e1ban maradjon, jelent\u0151sen meghosszabb\u00edtva \u00e9lettartam\u00e1t.<\/p>\n<h2>Biztons\u00e1gi szempontok \u00e9s k\u00f6rnyezeti t\u00e9nyez\u0151k<\/h2>\n<p>Hidraulikus hengerek \u00fczemeltet\u00e9sekor a biztons\u00e1gi int\u00e9zked\u00e9sek kiemelked\u0151 fontoss\u00e1g\u00faak. A felhaszn\u00e1l\u00f3knak be kell tartaniuk az \u00fczemeltet\u00e9si protokollokat a hidraulikus rendszerekkel kapcsolatos kock\u00e1zatok minimaliz\u00e1l\u00e1sa \u00e9rdek\u00e9ben. Ez mag\u00e1ban foglalja a henger t\u00falterhel\u00e9s\u00e9nek elker\u00fcl\u00e9s\u00e9t, amely katasztrof\u00e1lis meghib\u00e1sod\u00e1sokhoz vezethet, valamint annak biztos\u00edt\u00e1s\u00e1t, hogy minden szem\u00e9lyzet k\u00e9pzett legyen a g\u00e9p biztons\u00e1gos \u00fczemeltet\u00e9s\u00e9re. Ezenk\u00edv\u00fcl a hidraulikus folyad\u00e9kok \u00e9s a karbantart\u00e1si t\u00f6rmel\u00e9kek megfelel\u0151 \u00e1rtalmatlan\u00edt\u00e1sa elengedhetetlen a k\u00f6rnyezetszennyez\u00e9s megel\u0151z\u00e9se \u00e9rdek\u00e9ben. A hat\u00e9kony biztons\u00e1gi int\u00e9zked\u00e9sek bevezet\u00e9se nemcsak a kezel\u0151ket v\u00e9di, hanem biztos\u00edtja a helyi k\u00f6rnyezetv\u00e9delmi el\u0151\u00edr\u00e1sok betart\u00e1s\u00e1t is.<\/p>\n<h2>Hibaelh\u00e1r\u00edt\u00e1s \u00e9s gyakori probl\u00e9m\u00e1k<\/h2>\n<p>A szaniterj\u00e1rm\u0171 kapar\u00f3j\u00e1nak hidraulikus henger\u00e9vel kapcsolatos probl\u00e9m\u00e1k eset\u00e9n vegye figyelembe a k\u00f6vetkez\u0151 gyakori probl\u00e9m\u00e1kat:<\/p>\n<ul>\n<li><strong>Sziv\u00e1rg\u00e1s:<\/strong> Ha hidraulikafolyad\u00e9k sziv\u00e1rog, ellen\u0151rizze a t\u00f6m\u00edt\u00e9sek s\u00e9r\u00fcl\u00e9s\u00e9t. A kopott t\u00f6m\u00edt\u00e9seket esetleg ki kell cser\u00e9lni a tov\u00e1bbi folyad\u00e9kvesztes\u00e9g elker\u00fcl\u00e9se \u00e9rdek\u00e9ben.<\/li>\n<li><strong>Inkonzisztens m\u0171k\u00f6d\u00e9s:<\/strong> Ha a henger nem ny\u00falik ki vagy h\u00faz\u00f3dik vissza sim\u00e1n, ellen\u0151rizze, hogy nincs-e elt\u00f6m\u0151d\u00e9s vagy hidraulikafolyad\u00e9k-szint probl\u00e9ma. A rendszerben l\u00e9v\u0151 leveg\u0151 szint\u00e9n szab\u00e1lytalan m\u0171k\u00f6d\u00e9st okozhat.<\/li>\n<li><strong>T\u00falmeleged\u00e9s:<\/strong> A t\u00falmeleged\u00e9s alacsony folyad\u00e9kszintre vagy t\u00falzott terhel\u00e9sre utalhat. Gy\u0151z\u0151dj\u00f6n meg arr\u00f3l, hogy a henger a megadott hat\u00e1r\u00e9rt\u00e9keken bel\u00fcl m\u0171k\u00f6dik, \u00e9s hogy megfelel\u0151 ken\u00e9s \u00e1ll rendelkez\u00e9sre.<\/li>\n<\/ul>\n<p>A felhaszn\u00e1l\u00f3k proakt\u00edv m\u00f3don, \u00e9s ezen gyakori probl\u00e9m\u00e1k megold\u00e1s\u00e1val fenntarthatj\u00e1k hidraulikus hengereik m\u0171k\u00f6d\u0151k\u00e9pess\u00e9g\u00e9t, \u00e9s elker\u00fclhetik a k\u00f6lts\u00e9ges jav\u00edt\u00e1sokat. A megel\u0151z\u0151 int\u00e9zked\u00e9sek, mint p\u00e9ld\u00e1ul a rendszeres ellen\u0151rz\u00e9sek \u00e9s karbantart\u00e1s, seg\u00edtenek cs\u00f6kkenteni ezen probl\u00e9m\u00e1k el\u0151fordul\u00e1s\u00e1nak val\u00f3sz\u00edn\u0171s\u00e9g\u00e9t.<\/p>\n<p><img decoding=\"async\" src=\"https:\/\/www.hydraulic-cylinders.net\/wp-content\/uploads\/2025\/05\/hydraulic-cylinder-all-2.webp\" alt=\"Hidraulikus henger\"><\/p>\n<h2>C\u00e9ginform\u00e1ci\u00f3<\/h2>\n<p>A hidraulikus hengerek vezet\u0151 gy\u00e1rt\u00f3jak\u00e9nt sz\u00e9les term\u00e9kv\u00e1laszt\u00e9kot k\u00edn\u00e1lunk, hogy kiel\u00e9g\u00edts\u00fck mind a hazai, mind a nemzetk\u00f6zi piacok ig\u00e9nyeit. Az \u00e9vek sor\u00e1n vezet\u0151 besz\u00e1ll\u00edt\u00f3v\u00e1 \u00e9s nagykeresked\u0151v\u00e9 v\u00e1ltunk, amely a min\u0151s\u00e9g \u00e9s az innov\u00e1ci\u00f3 ir\u00e1nti elk\u00f6telezetts\u00e9g\u00fcnkr\u0151l ismert. Kiterjedt term\u00e9kk\u00edn\u00e1latunkat \u00fagy tervezt\u00fck, hogy megold\u00e1st k\u00edn\u00e1ljon a k\u00fcl\u00f6nf\u00e9le alkalmaz\u00e1sokhoz, biztos\u00edtva, hogy megfelelj\u00fcnk \u00fcgyfeleink speci\u00e1lis ig\u00e9nyeinek.<\/p>\n<p>Szak\u00e9rtelm\u00fcnket nemzetk\u00f6zi tan\u00fas\u00edtv\u00e1nyok eg\u00e9sz\u00edtik ki, biztos\u00edtva, hogy term\u00e9keink megfeleljenek a szigor\u00fa ipar\u00e1gi szabv\u00e1nyoknak. Testreszabott szolg\u00e1ltat\u00e1sokat k\u00edn\u00e1lunk az egyedi specifik\u00e1ci\u00f3khoz igazodva, fejlett gy\u00e1rt\u00f3berendez\u00e9sekkel t\u00e1mogatva, amelyek fokozz\u00e1k a hat\u00e9konys\u00e1got \u00e9s a pontoss\u00e1got. Elk\u00f6telezett \u00e9rt\u00e9kes\u00edt\u00e9s ut\u00e1ni t\u00e1mogat\u00e1sunk garant\u00e1lja, hogy \u00fcgyfeleink folyamatos seg\u00edts\u00e9get kapjanak, meger\u0151s\u00edtve kiv\u00e1l\u00f3 \u00fcgyf\u00e9lszolg\u00e1latunkr\u00f3l szerzett h\u00edrnev\u00fcnket.<\/p>\n<p><img decoding=\"async\" src=\"https:\/\/www.hydraulic-cylinders.net\/wp-content\/uploads\/2025\/05\/xinxin-hydraulic-cylinder-factory-1.webp\" alt=\"C\u00e9ggy\u00e1r\"><\/p>\n<p>Szerz\u0151: lyl<\/p>","protected":false},"excerpt":{"rendered":"<p>Sanitation Vehicle Scraper Hydraulic Cylinder Product Introduction The Sanitation Vehicle Scraper Hydraulic Cylinder is a critical component designed to enhance the efficiency and functionality of sanitation vehicles. This hydraulic cylinder is primarily used for lifting and lowering mechanisms in garbage collection and street cleaning applications. It allows for smooth and controlled movements, ensuring that the [&hellip;]<\/p>","protected":false},"featured_media":20640,"comment_status":"open","ping_status":"closed","template":"","meta":{"_et_pb_use_builder":"","_et_pb_old_content":"","_et_gb_content_width":""},"product_brand":[],"product_cat":[1483,1558],"product_tag":[],"class_list":{"0":"post-20716","1":"product","2":"type-product","3":"status-publish","4":"has-post-thumbnail","6":"product_cat-construction-machinery-hydraulic-cylinders","7":"product_cat-sanitation-machinery-hydraulic-cylinders-2","9":"first","10":"instock","11":"shipping-taxable","12":"product-type-simple"},"amp_enabled":true,"_links":{"self":[{"href":"https:\/\/www.hydraulic-cylinders.net\/hu\/wp-json\/wp\/v2\/product\/20716","targetHints":{"allow":["GET"]}}],"collection":[{"href":"https:\/\/www.hydraulic-cylinders.net\/hu\/wp-json\/wp\/v2\/product"}],"about":[{"href":"https:\/\/www.hydraulic-cylinders.net\/hu\/wp-json\/wp\/v2\/types\/product"}],"replies":[{"embeddable":true,"href":"https:\/\/www.hydraulic-cylinders.net\/hu\/wp-json\/wp\/v2\/comments?post=20716"}],"wp:featuredmedia":[{"embeddable":true,"href":"https:\/\/www.hydraulic-cylinders.net\/hu\/wp-json\/wp\/v2\/media\/20640"}],"wp:attachment":[{"href":"https:\/\/www.hydraulic-cylinders.net\/hu\/wp-json\/wp\/v2\/media?parent=20716"}],"wp:term":[{"taxonomy":"product_brand","embeddable":true,"href":"https:\/\/www.hydraulic-cylinders.net\/hu\/wp-json\/wp\/v2\/product_brand?post=20716"},{"taxonomy":"product_cat","embeddable":true,"href":"https:\/\/www.hydraulic-cylinders.net\/hu\/wp-json\/wp\/v2\/product_cat?post=20716"},{"taxonomy":"product_tag","embeddable":true,"href":"https:\/\/www.hydraulic-cylinders.net\/hu\/wp-json\/wp\/v2\/product_tag?post=20716"}],"curies":[{"name":"munkaf\u00fczet","href":"https:\/\/api.w.org\/{rel}","templated":true}]}}