{"id":643,"date":"2023-08-21T02:44:39","date_gmt":"2023-08-21T02:44:39","guid":{"rendered":"https:\/\/hydraulic-cylinders.net\/?post_type=product&#038;p=643"},"modified":"2025-04-11T03:15:48","modified_gmt":"2025-04-11T03:15:48","slug":"forklift-steering-hydraulic-cylinder","status":"publish","type":"product","link":"https:\/\/www.hydraulic-cylinders.net\/hu\/termek\/forklift-steering-hydraulic-cylinder\/","title":{"rendered":"Targonca korm\u00e1nyzott hidraulikus henger"},"content":{"rendered":"<h1 style=\"text-align: center;\"><strong>Targonca korm\u00e1nym\u0171 hidraulikus hengerek<\/strong><\/h1>\n<p><img loading=\"lazy\" decoding=\"async\" class=\"aligncenter wp-image-644 size-full\" src=\"https:\/\/hydraulic-cylinders.net\/wp-content\/uploads\/2023\/08\/steering-hydraulic-cylinder-product-1.webp\" alt=\"korm\u00e1nym\u0171-hidraulikus-henger-term\u00e9k\" width=\"382\" height=\"382\" srcset=\"https:\/\/www.hydraulic-cylinders.net\/wp-content\/uploads\/2023\/08\/steering-hydraulic-cylinder-product-1.webp 382w, https:\/\/www.hydraulic-cylinders.net\/wp-content\/uploads\/2023\/08\/steering-hydraulic-cylinder-product-1-300x300.webp 300w, https:\/\/www.hydraulic-cylinders.net\/wp-content\/uploads\/2023\/08\/steering-hydraulic-cylinder-product-1-100x100.webp 100w, https:\/\/www.hydraulic-cylinders.net\/wp-content\/uploads\/2023\/08\/steering-hydraulic-cylinder-product-1-150x150.webp 150w\" sizes=\"(max-width: 382px) 100vw, 382px\" \/><\/p>\n<p>A targonca korm\u00e1nym\u0171 hidraulikus munkahengerei a pontos korm\u00e1nyvez\u00e9rl\u00e9s \u00e9s a fokozott man\u0151verezhet\u0151s\u00e9g mozgat\u00f3rug\u00f3i a targoncam\u0171veletek sor\u00e1n. Ezek az alapvet\u0151 alkatr\u00e9szek kulcsszerepet j\u00e1tszanak a sima \u00e9s \u00e9rz\u00e9keny korm\u00e1nyz\u00e1s biztos\u00edt\u00e1s\u00e1ban, lehet\u0151v\u00e9 t\u00e9ve a kezel\u0151k sz\u00e1m\u00e1ra, hogy sz\u0171k helyeken is k\u00f6nnyed\u00e9n navig\u00e1ljanak \u00e9s neh\u00e9z terheket kezeljenek.<\/p>\n<p>A targonca korm\u00e1nym\u0171 hidraulikus munkahengerei sz\u00e1mos targonca modellel \u00e9s m\u00e1rk\u00e1val kompatibilisek, \u00edgy sokoldal\u00fa megold\u00e1st jelentenek a k\u00fcl\u00f6nf\u00e9le alkalmaz\u00e1sokhoz. Ak\u00e1r rakt\u00e1roz\u00e1sban, logisztik\u00e1ban, gy\u00e1rt\u00e1sban vagy b\u00e1rmilyen m\u00e1s ipar\u00e1gban dolgozik, ezek a munkahengerek az \u00d6n egyedi ig\u00e9nyeihez igaz\u00edthat\u00f3k.<\/p>\n<p>A targonc\u00e1k ezen munkahengerekkel val\u00f3 korszer\u0171s\u00edt\u00e9s\u00e9vel jelent\u0151sen jav\u00edthatja a korm\u00e1nyz\u00e1si hat\u00e9konys\u00e1got \u00e9s a termel\u00e9kenys\u00e9get. Tapasztaljon meg sim\u00e1bb fordul\u00e1sokat, prec\u00edz kezel\u00e9st \u00e9s cs\u00f6kkent kezel\u0151i f\u00e1radts\u00e1got, ami gyorsabb \u00e9s hat\u00e9konyabb anyagmozgat\u00e1si m\u0171veletekhez vezet.<\/p>\n<h2><strong>Targonca korm\u00e1nym\u0171 hidraulikus henger param\u00e9tere:<\/strong><\/h2>\n<table>\n<tbody>\n<tr>\n<td><img loading=\"lazy\" decoding=\"async\" class=\"alignnone wp-image-645 size-full\" src=\"https:\/\/hydraulic-cylinders.net\/wp-content\/uploads\/2023\/08\/steering-hydraulic-cylinder-product-1-1.webp\" alt=\"\" width=\"334\" height=\"255\" srcset=\"https:\/\/www.hydraulic-cylinders.net\/wp-content\/uploads\/2023\/08\/steering-hydraulic-cylinder-product-1-1.webp 334w, https:\/\/www.hydraulic-cylinders.net\/wp-content\/uploads\/2023\/08\/steering-hydraulic-cylinder-product-1-1-300x229.webp 300w\" sizes=\"(max-width: 334px) 100vw, 334px\" \/><\/td>\n<td><img loading=\"lazy\" decoding=\"async\" class=\"alignnone wp-image-646 size-full\" src=\"https:\/\/hydraulic-cylinders.net\/wp-content\/uploads\/2023\/08\/steering-hydraulic-cylinder-product-1-1.jpg.webp\" alt=\"\" width=\"475\" height=\"160\" srcset=\"https:\/\/www.hydraulic-cylinders.net\/wp-content\/uploads\/2023\/08\/steering-hydraulic-cylinder-product-1-1.jpg.webp 475w, https:\/\/www.hydraulic-cylinders.net\/wp-content\/uploads\/2023\/08\/steering-hydraulic-cylinder-product-1-1.jpg-300x101.webp 300w\" sizes=\"(max-width: 475px) 100vw, 475px\" \/><\/td>\n<\/tr>\n<\/tbody>\n<\/table>\n<table style=\"height: 95px;\" border=\"1\" cellspacing=\"0\" cellpadding=\"0\">\n<tbody>\n<tr style=\"height: 47px;\">\n<td style=\"height: 47px; width: 122.175px;\">Henger neve<\/td>\n<td style=\"height: 47px; width: 154.2px;\">rajzsz\u00e1m<\/td>\n<td style=\"height: 47px; width: 80.3125px;\">furat\u00e1tm\u00e9r\u0151 (D)<\/td>\n<td style=\"height: 47px; width: 79.225px;\">r\u00fad\u00e1tm\u00e9r\u0151 (d)<\/td>\n<td style=\"height: 47px; width: 65.5375px;\">l\u00f6ket (S)<\/td>\n<td style=\"height: 47px; width: 104.15px;\">Telep\u00edt\u00e9si t\u00e1vols\u00e1g (L)<\/td>\n<td style=\"height: 47px; width: 97.925px;\">\u00fczemi nyom\u00e1s<\/td>\n<td style=\"height: 47px; width: 177.45px;\">Interf\u00e9sz m\u00e9retei (M)<\/td>\n<td style=\"height: 47px; width: 60.5875px;\">s\u00faly<\/td>\n<\/tr>\n<tr style=\"height: 48px;\">\n<td class=\"et3\" style=\"height: 48px; width: 122.175px;\" height=\"325\">Korm\u00e1nyhenger<\/td>\n<td class=\"et4\" style=\"height: 48px; width: 154.2px;\">R960-224000-001<\/td>\n<td class=\"et4\" style=\"height: 48px; width: 80.3125px;\">\u03a665<\/td>\n<td class=\"et4\" style=\"height: 48px; width: 79.225px;\">\u03a640<\/td>\n<td class=\"et4\" style=\"height: 48px; width: 65.5375px;\">2*98<\/td>\n<td class=\"et4\" style=\"height: 48px; width: 104.15px;\">672<\/td>\n<td class=\"et4\" style=\"height: 48px; width: 97.925px;\">10,5 MPa<\/td>\n<td class=\"et4\" style=\"height: 48px; width: 177.45px;\">2-G1\/4<\/td>\n<td class=\"et4\" style=\"height: 48px; width: 60.5875px;\">15 kg<\/td>\n<\/tr>\n<\/tbody>\n<\/table>\n<table>\n<tbody>\n<tr>\n<td><img loading=\"lazy\" decoding=\"async\" class=\"alignnone wp-image-647 size-full\" src=\"https:\/\/hydraulic-cylinders.net\/wp-content\/uploads\/2023\/08\/steering-hydraulic-cylinder-product-1-2.webp\" alt=\"\" width=\"333\" height=\"252\" srcset=\"https:\/\/www.hydraulic-cylinders.net\/wp-content\/uploads\/2023\/08\/steering-hydraulic-cylinder-product-1-2.webp 333w, https:\/\/www.hydraulic-cylinders.net\/wp-content\/uploads\/2023\/08\/steering-hydraulic-cylinder-product-1-2-300x227.webp 300w\" sizes=\"(max-width: 333px) 100vw, 333px\" \/><\/td>\n<td><img loading=\"lazy\" decoding=\"async\" class=\"alignnone wp-image-648 size-full\" src=\"https:\/\/hydraulic-cylinders.net\/wp-content\/uploads\/2023\/08\/steering-hydraulic-cylinder-product-1-3.webp\" alt=\"\" width=\"475\" height=\"168\" srcset=\"https:\/\/www.hydraulic-cylinders.net\/wp-content\/uploads\/2023\/08\/steering-hydraulic-cylinder-product-1-3.webp 475w, https:\/\/www.hydraulic-cylinders.net\/wp-content\/uploads\/2023\/08\/steering-hydraulic-cylinder-product-1-3-300x106.webp 300w\" sizes=\"(max-width: 475px) 100vw, 475px\" \/><\/td>\n<\/tr>\n<\/tbody>\n<\/table>\n<table style=\"height: 101px;\" border=\"1\" cellspacing=\"0\" cellpadding=\"0\">\n<tbody>\n<tr style=\"height: 47px;\">\n<td style=\"height: 47px; width: 122px;\">Henger neve<\/td>\n<td style=\"height: 47px; width: 155px;\">rajzsz\u00e1m<\/td>\n<td style=\"height: 47px; width: 80px;\">furat\u00e1tm\u00e9r\u0151 (D)<\/td>\n<td style=\"height: 47px; width: 79px;\">r\u00fad\u00e1tm\u00e9r\u0151 (d)<\/td>\n<td style=\"height: 47px; width: 65px;\">l\u00f6ket (S)<\/td>\n<td style=\"height: 47px; width: 104px;\">Telep\u00edt\u00e9si t\u00e1vols\u00e1g (L)<\/td>\n<td style=\"height: 47px; width: 96px;\">\u00fczemi nyom\u00e1s<\/td>\n<td style=\"height: 47px; width: 177px;\">Interf\u00e9sz m\u00e9retei (M)<\/td>\n<td style=\"height: 47px; width: 60px;\">s\u00faly<\/td>\n<\/tr>\n<tr style=\"height: 54px;\">\n<td class=\"et3\" style=\"height: 54px; width: 122px;\" height=\"325\">Korm\u00e1nyhenger<\/td>\n<td class=\"et4\" style=\"height: 54px; width: 155px;\">A2A300-223000-000<\/td>\n<td class=\"et4\" style=\"height: 54px; width: 80px;\">\u03a680<\/td>\n<td class=\"et4\" style=\"height: 54px; width: 79px;\">\u03a650<\/td>\n<td class=\"et4\" style=\"height: 54px; width: 65px;\">2*103<\/td>\n<td class=\"et4\" style=\"height: 54px; width: 104px;\">652.2<\/td>\n<td class=\"et4\" style=\"height: 54px; width: 96px;\">10MPa<\/td>\n<td class=\"et4\" style=\"height: 54px; width: 177px;\">2 db M16*1,5<\/td>\n<td class=\"et4\" style=\"height: 54px; width: 60px;\">18 kg<\/td>\n<\/tr>\n<\/tbody>\n<\/table>\n<table>\n<tbody>\n<tr>\n<td><img loading=\"lazy\" decoding=\"async\" class=\"alignnone wp-image-649 size-full\" src=\"https:\/\/hydraulic-cylinders.net\/wp-content\/uploads\/2023\/08\/steering-hydraulic-cylinder-product-1-4.webp\" alt=\"\" width=\"333\" height=\"221\" srcset=\"https:\/\/www.hydraulic-cylinders.net\/wp-content\/uploads\/2023\/08\/steering-hydraulic-cylinder-product-1-4.webp 333w, https:\/\/www.hydraulic-cylinders.net\/wp-content\/uploads\/2023\/08\/steering-hydraulic-cylinder-product-1-4-300x199.webp 300w\" sizes=\"(max-width: 333px) 100vw, 333px\" \/><\/td>\n<td><img loading=\"lazy\" decoding=\"async\" class=\"alignnone wp-image-650 size-full\" src=\"https:\/\/hydraulic-cylinders.net\/wp-content\/uploads\/2023\/08\/steering-hydraulic-cylinder-product-1-5.webp\" alt=\"\" width=\"475\" height=\"176\" srcset=\"https:\/\/www.hydraulic-cylinders.net\/wp-content\/uploads\/2023\/08\/steering-hydraulic-cylinder-product-1-5.webp 475w, https:\/\/www.hydraulic-cylinders.net\/wp-content\/uploads\/2023\/08\/steering-hydraulic-cylinder-product-1-5-300x111.webp 300w\" sizes=\"(max-width: 475px) 100vw, 475px\" \/><\/td>\n<\/tr>\n<\/tbody>\n<\/table>\n<table style=\"height: 98px;\" border=\"1\" cellspacing=\"0\" cellpadding=\"0\">\n<tbody>\n<tr style=\"height: 47px;\">\n<td style=\"height: 47px; width: 122.338px;\">Henger neve<\/td>\n<td style=\"height: 47px; width: 154.438px;\">rajzsz\u00e1m<\/td>\n<td style=\"height: 47px; width: 80.3625px;\">furat\u00e1tm\u00e9r\u0151 (D)<\/td>\n<td style=\"height: 47px; width: 79.275px;\">r\u00fad\u00e1tm\u00e9r\u0151 (d)<\/td>\n<td style=\"height: 47px; width: 65.5875px;\">l\u00f6ket (S)<\/td>\n<td style=\"height: 47px; width: 104.25px;\">Telep\u00edt\u00e9si t\u00e1vols\u00e1g (L)<\/td>\n<td style=\"height: 47px; width: 97.025px;\">\u00fczemi nyom\u00e1s<\/td>\n<td style=\"height: 47px; width: 177.7px;\">Interf\u00e9sz m\u00e9retei (M)<\/td>\n<td style=\"height: 47px; width: 60.625px;\">s\u00faly<\/td>\n<\/tr>\n<tr style=\"height: 51px;\">\n<td class=\"et3\" style=\"height: 51px; width: 122.338px;\" height=\"325\">Korm\u00e1nyhenger<\/td>\n<td class=\"et4\" style=\"height: 51px; width: 154.438px;\">XF250-223000-500T<\/td>\n<td class=\"et4\" style=\"height: 51px; width: 80.3625px;\">\u03a680<\/td>\n<td class=\"et4\" style=\"height: 51px; width: 79.275px;\">\u03a650<\/td>\n<td class=\"et4\" style=\"height: 51px; width: 65.5875px;\">2*94<\/td>\n<td class=\"et4\" style=\"height: 51px; width: 104.25px;\">654<\/td>\n<td class=\"et4\" style=\"height: 51px; width: 97.025px;\">16MPa<\/td>\n<td class=\"et4\" style=\"height: 51px; width: 177.7px;\">2 db M16*1,5<\/td>\n<td class=\"et4\" style=\"height: 51px; width: 60.625px;\">20 kg<\/td>\n<\/tr>\n<\/tbody>\n<\/table>\n<h2><strong>Karbantart\u00e1si ir\u00e1nyelvek <\/strong><strong>Targonca emel\u0151 hidraulikus henger<\/strong><strong>:<\/strong><\/h2>\n<ul>\n<li><strong>Rendszeres ellen\u0151rz\u00e9sek<\/strong>: V\u00e9gezzen el rutinszer\u0171 ellen\u0151rz\u00e9seket a hidraulikus hengeren, hogy ellen\u0151rizze az esetleges s\u00e9r\u00fcl\u00e9sek, kop\u00e1sok vagy sziv\u00e1rg\u00e1sok jeleit. Vizsg\u00e1lja meg a rudat, a t\u00f6m\u00edt\u00e9seket \u00e9s a r\u00f6gz\u00edt\u00e9si pontokat. Azonnal foglalkozzon a probl\u00e9m\u00e1kkal a tov\u00e1bbi k\u00e1rosod\u00e1sok megel\u0151z\u00e9se \u00e9s az optim\u00e1lis teljes\u00edtm\u00e9ny fenntart\u00e1sa \u00e9rdek\u00e9ben.<\/li>\n<li><strong>Folyad\u00e9kellen\u0151rz\u00e9sek \u00e9s csere<\/strong>Rendszeresen ellen\u0151rizze a hidraulikafolyad\u00e9k szintj\u00e9t \u00e9s min\u0151s\u00e9g\u00e9t. Gy\u0151z\u0151dj\u00f6n meg arr\u00f3l, hogy a folyad\u00e9k tiszta \u00e9s szennyez\u0151d\u00e9sekt\u0151l mentes. A megfelel\u0151 ken\u00e9s \u00e9s a rendszer teljes\u00edtm\u00e9ny\u00e9nek fenntart\u00e1sa \u00e9rdek\u00e9ben k\u00f6vesse a gy\u00e1rt\u00f3 aj\u00e1nl\u00e1sait a folyad\u00e9kcsere id\u0151k\u00f6zeire vonatkoz\u00f3an.<\/li>\n<li><strong>T\u00f6m\u00edt\u00e9s karbantart\u00e1sa<\/strong>: Vizsg\u00e1lja meg a hidraulikus henger t\u00f6m\u00edt\u00e9seit kop\u00e1s, reped\u00e9s vagy sziv\u00e1rg\u00e1s jelei szempontj\u00e1b\u00f3l. A s\u00e9r\u00fclt t\u00f6m\u00edt\u00e9seket azonnal cser\u00e9lje ki a folyad\u00e9ksziv\u00e1rg\u00e1s megel\u0151z\u00e9se \u00e9s a megb\u00edzhat\u00f3 m\u0171k\u00f6d\u00e9s biztos\u00edt\u00e1sa \u00e9rdek\u00e9ben.<\/li>\n<li><strong>R\u00fadkarbantart\u00e1s<\/strong>Tartsa tiszt\u00e1n \u00e9s t\u00f6rmel\u00e9kmentesen a hidraulikus henger r\u00fadj\u00e1t. Rendszeresen t\u00f6r\u00f6lje \u00e1t a rudat, \u00e9s haszn\u00e1ljon megfelel\u0151 ken\u0151anyagot a s\u00farl\u00f3d\u00e1s minimaliz\u00e1l\u00e1sa \u00e9s a t\u00f6m\u00edt\u00e9sek \u00e9lettartam\u00e1nak meghosszabb\u00edt\u00e1sa \u00e9rdek\u00e9ben.<\/li>\n<li><strong>Rendszernyom\u00e1s-ellen\u0151rz\u00e9sek<\/strong>: Rendszeresen ellen\u0151rizze a hidraulikus rendszer nyom\u00e1s\u00e1t, hogy megbizonyosodjon arr\u00f3l, hogy az aj\u00e1nlott tartom\u00e1nyon bel\u00fcl m\u0171k\u00f6dik. Sz\u00fcks\u00e9g eset\u00e9n \u00e1ll\u00edtsa be a nyom\u00e1st a gy\u00e1rt\u00f3 ir\u00e1nyelveinek megfelel\u0151en.<\/li>\n<\/ul>\n<h2><strong>A gy\u00e1r kapacit\u00e1sa \u00e9s kapacit\u00e1sa:<\/strong><\/h2>\n<h3>(1) \u00d6sszeszerel\u00e9s<\/h3>\n<p>Els\u0151 oszt\u00e1ly\u00fa f\u00fcggetlen kutat\u00e1s-fejleszt\u00e9si \u00f6sszeszerel\u0151 platformmal rendelkez\u00fcnk. Targoncahenger-gy\u00e1rt\u00f3 m\u0171hely\u00fcnk 4 f\u00e9lautomata emel\u0151henger-\u00f6sszeszerel\u0151 sorral \u00e9s 1 automatikus billen\u0151henger-\u00f6sszeszerel\u0151 sorral rendelkezik, tervezett \u00e9ves termel\u00e9si kapacit\u00e1sa 1 milli\u00f3 darab; A speci\u00e1lis hengerm\u0171hely k\u00fcl\u00f6nf\u00e9le specifik\u00e1ci\u00f3j\u00fa f\u00e9lautomata tiszt\u00edt\u00f3-\u00f6sszeszerel\u0151 rendszerrel van felszerelve, tervezett \u00e9ves termel\u00e9si kapacit\u00e1sa 200 000 darab. Felszerelts\u00e9g\u00fcnk h\u00edres CNC megmunk\u00e1l\u00f3 berendez\u00e9sekkel, megmunk\u00e1l\u00f3 k\u00f6zponttal, nagy pontoss\u00e1g\u00fa hengermegmunk\u00e1l\u00f3 speci\u00e1lis berendez\u00e9sekkel, robothegeszt\u0151 g\u00e9ppel, automata tiszt\u00edt\u00f3g\u00e9ppel, automata henger\u00f6sszeszerel\u0151 g\u00e9ppel \u00e9s automata fest\u0151 gy\u00e1rt\u00f3sorral van felszerelve. A megl\u00e9v\u0151 kulcsfontoss\u00e1g\u00fa berendez\u00e9sek sz\u00e1ma meghaladja a 300 k\u00e9szletet. A berendez\u00e9si er\u0151forr\u00e1sok optim\u00e1lis eloszt\u00e1sa \u00e9s hat\u00e9kony felhaszn\u00e1l\u00e1sa biztos\u00edtja a term\u00e9kek pontoss\u00e1gi k\u00f6vetelm\u00e9nyeit \u00e9s a term\u00e9kek magas min\u0151s\u00e9gi k\u00f6vetelm\u00e9nyeinek val\u00f3 megfelel\u00e9st.<\/p>\n<p><img loading=\"lazy\" decoding=\"async\" class=\"alignnone wp-image-626\" src=\"https:\/\/hydraulic-cylinders.net\/wp-content\/uploads\/2023\/08\/hydraulic-cylinder-product-1-300x158.webp\" alt=\"\" width=\"495\" height=\"260\" srcset=\"https:\/\/hydraulic-cylinders.net\/wp-content\/uploads\/2023\/08\/hydraulic-cylinder-product-1-300x158.webp 495w, https:\/\/hydraulic-cylinders.net\/wp-content\/uploads\/2023\/08\/hydraulic-cylinder-product-1-480x252.webp 480w\" sizes=\"(min-width: 0px) and (max-width: 480px) 480px, (min-width: 481px) 495px, 100vw\" \/> <img loading=\"lazy\" decoding=\"async\" class=\"alignnone wp-image-627\" src=\"https:\/\/hydraulic-cylinders.net\/wp-content\/uploads\/2023\/08\/hydraulic-cylinder-product-2-300x189.webp\" alt=\"\" width=\"413\" height=\"260\" \/><\/p>\n<h3>(2) Megmunk\u00e1l\u00e1s<\/h3>\n<p>A megmunk\u00e1l\u00f3m\u0171hely egyedi ferde s\u00edneszterg\u00e1l\u00f3 k\u00f6zponttal, megmunk\u00e1l\u00f3k\u00f6zponttal, nagysebess\u00e9g\u0171 h\u00f3nol\u00f3g\u00e9ppel, hegeszt\u0151robottal \u00e9s egy\u00e9b kapcsol\u00f3d\u00f3 berendez\u00e9sekkel van felszerelve, amelyek legfeljebb 400 mm bels\u0151 \u00e1tm\u00e9r\u0151j\u0171 \u00e9s legfeljebb 6 m\u00e9ter hossz\u00fa hengercs\u00f6vek megmunk\u00e1l\u00e1s\u00e1ra k\u00e9pesek.<\/p>\n<p><img loading=\"lazy\" decoding=\"async\" class=\"alignnone wp-image-628 size-large\" src=\"https:\/\/hydraulic-cylinders.net\/wp-content\/uploads\/2023\/08\/hydraulic-cylinder-product-3-1024x391.webp\" alt=\"\" width=\"1024\" height=\"391\" srcset=\"https:\/\/hydraulic-cylinders.net\/wp-content\/uploads\/2023\/08\/hydraulic-cylinder-product-3-980x374.webp 980w, https:\/\/hydraulic-cylinders.net\/wp-content\/uploads\/2023\/08\/hydraulic-cylinder-product-3-480x183.webp 480w\" sizes=\"(min-width: 0px) and (max-width: 480px) 480px, (min-width: 481px) and (max-width: 980px) 980px, (min-width: 981px) 1024px, 100vw\" \/><\/p>\n<h3>(3) Hegeszt\u00e9s<\/h3>\n<p><img loading=\"lazy\" decoding=\"async\" class=\"alignnone wp-image-629 size-large\" src=\"https:\/\/hydraulic-cylinders.net\/wp-content\/uploads\/2023\/08\/hydraulic-cylinder-product-4-1024x510.webp\" alt=\"\" width=\"1024\" height=\"510\" srcset=\"https:\/\/hydraulic-cylinders.net\/wp-content\/uploads\/2023\/08\/hydraulic-cylinder-product-4-980x488.webp 980w, https:\/\/hydraulic-cylinders.net\/wp-content\/uploads\/2023\/08\/hydraulic-cylinder-product-4-480x239.webp 480w\" sizes=\"(min-width: 0px) and (max-width: 480px) 480px, (min-width: 481px) and (max-width: 980px) 980px, (min-width: 981px) 1024px, 100vw\" \/><\/p>\n<h3>(4) Fest\u00e9s \u00e9s bevonatol\u00e1s<\/h3>\n<p>Kis \u00e9s k\u00f6zepes m\u00e9ret\u0171 hengeres automatikus v\u00edzb\u00e1zis\u00fa fest\u00e9kbevon\u00f3 sorral, az automatikus robot be- \u00e9s kirakod\u00e1s, valamint az automatikus permetez\u00e9s megval\u00f3s\u00edt\u00e1s\u00e1hoz, a tervez\u00e9si kapacit\u00e1s m\u0171szakonk\u00e9nt 4000 darab;<br \/>\nRendelkez\u00fcnk egy f\u00e9lautomata fest\u00e9kgy\u00e1rt\u00f3sorral is nagym\u00e9ret\u0171 palackokhoz, amelyet egy er\u0151l\u00e1nc hajt, m\u0171szakonk\u00e9nt 60 karton tervez\u00e9si kapacit\u00e1ssal.<\/p>\n<p><img loading=\"lazy\" decoding=\"async\" class=\"alignnone wp-image-630\" src=\"https:\/\/hydraulic-cylinders.net\/wp-content\/uploads\/2023\/08\/hydraulic-cylinder-product-5-300x213.webp\" alt=\"\" width=\"366\" height=\"260\" \/> <img loading=\"lazy\" decoding=\"async\" class=\"alignnone wp-image-631\" src=\"https:\/\/hydraulic-cylinders.net\/wp-content\/uploads\/2023\/08\/hydraulic-cylinder-product-6-300x225.webp\" alt=\"\" width=\"347\" height=\"260\" \/><\/p>\n<h3>(5) Tesztel\u00e9s<\/h3>\n<p>Els\u0151 oszt\u00e1ly\u00fa ellen\u0151rz\u0151 l\u00e9tes\u00edtm\u00e9nyekkel \u00e9s tesztpadokkal rendelkez\u00fcnk annak biztos\u00edt\u00e1s\u00e1ra, hogy a palack teljes\u00edtm\u00e9nye megfeleljen a k\u00f6vetelm\u00e9nyeknek.<\/p>\n<p><img loading=\"lazy\" decoding=\"async\" class=\"alignnone wp-image-632\" src=\"https:\/\/hydraulic-cylinders.net\/wp-content\/uploads\/2023\/08\/hydraulic-cylinder-product-8-300x200.webp\" alt=\"\" width=\"389\" height=\"260\" \/><\/p>\n<p>&nbsp;<\/p>\n<p>&nbsp;<\/p>\n<p>Mi vagyunk az egyik legjobb hidraulikus henger gy\u00e1rt\u00f3. Sz\u00e9les hidraulikus henger k\u00e9szletet k\u00edn\u00e1lunk. Megfelel\u0151 hidraulikus hengereket is biztos\u00edtunk. <a href=\"https:\/\/hzpt.com\/agricultural-pto-gearbox\/\" target=\"_blank\" rel=\"noopener\">mez\u0151gazdas\u00e1gi sebess\u00e9gv\u00e1lt\u00f3k<\/a>Term\u00e9keinket vil\u00e1gszerte export\u00e1ltuk \u00fcgyfeleinknek, \u00e9s kiv\u00e1l\u00f3 term\u00e9kmin\u0151s\u00e9g\u00fcnknek \u00e9s \u00e9rt\u00e9kes\u00edt\u00e9s ut\u00e1ni szolg\u00e1ltat\u00e1sunknak k\u00f6sz\u00f6nhet\u0151en j\u00f3 h\u00edrnevet szerezt\u00fcnk. Szeretettel v\u00e1rjuk belf\u00f6ldi \u00e9s k\u00fclf\u00f6ldi \u00fcgyfeleinket, hogy \u00fczleti t\u00e1rgyal\u00e1sok, inform\u00e1ci\u00f3csere \u00e9s egy\u00e9b lehet\u0151s\u00e9gek c\u00e9lj\u00e1b\u00f3l kapcsolatba l\u00e9pjenek vel\u00fcnk.\u00a0<a href=\"https:\/\/www.hydraulic-cylinders.net\/hu\/contact-us\/\">egy\u00fcttm\u0171k\u00f6dni vel\u00fcnk<\/a>!<\/p>","protected":false},"excerpt":{"rendered":"<p>Forklift Steering Hydraulic Cylinders Forklift Steering Hydraulic Cylinders, the driving force behind precise steering control and enhanced maneuverability in forklift operations. These essential components play a crucial role in ensuring smooth and responsive steering, allowing operators to navigate tight spaces and handle heavy loads with ease. The Forklift Steering Hydraulic Cylinders are compatible with a [&hellip;]<\/p>","protected":false},"featured_media":651,"comment_status":"open","ping_status":"closed","template":"","meta":{"_et_pb_use_builder":"","_et_pb_old_content":"","_et_gb_content_width":""},"product_brand":[],"product_cat":[1550,1484,1376],"product_tag":[1380],"class_list":{"0":"post-643","1":"product","2":"type-product","3":"status-publish","4":"has-post-thumbnail","6":"product_cat-double-acting-hydraulic-cylinder","7":"product_cat-forklift-hydraulic-cylinders","8":"product_cat-hydraulic-cylinder","9":"product_tag-hydraulic-cylinder","11":"first","12":"instock","13":"shipping-taxable","14":"product-type-simple"},"amp_enabled":true,"_links":{"self":[{"href":"https:\/\/www.hydraulic-cylinders.net\/hu\/wp-json\/wp\/v2\/product\/643","targetHints":{"allow":["GET"]}}],"collection":[{"href":"https:\/\/www.hydraulic-cylinders.net\/hu\/wp-json\/wp\/v2\/product"}],"about":[{"href":"https:\/\/www.hydraulic-cylinders.net\/hu\/wp-json\/wp\/v2\/types\/product"}],"replies":[{"embeddable":true,"href":"https:\/\/www.hydraulic-cylinders.net\/hu\/wp-json\/wp\/v2\/comments?post=643"}],"wp:featuredmedia":[{"embeddable":true,"href":"https:\/\/www.hydraulic-cylinders.net\/hu\/wp-json\/wp\/v2\/media\/651"}],"wp:attachment":[{"href":"https:\/\/www.hydraulic-cylinders.net\/hu\/wp-json\/wp\/v2\/media?parent=643"}],"wp:term":[{"taxonomy":"product_brand","embeddable":true,"href":"https:\/\/www.hydraulic-cylinders.net\/hu\/wp-json\/wp\/v2\/product_brand?post=643"},{"taxonomy":"product_cat","embeddable":true,"href":"https:\/\/www.hydraulic-cylinders.net\/hu\/wp-json\/wp\/v2\/product_cat?post=643"},{"taxonomy":"product_tag","embeddable":true,"href":"https:\/\/www.hydraulic-cylinders.net\/hu\/wp-json\/wp\/v2\/product_tag?post=643"}],"curies":[{"name":"munkaf\u00fczet","href":"https:\/\/api.w.org\/{rel}","templated":true}]}}