{"id":652,"date":"2023-08-21T02:56:38","date_gmt":"2023-08-21T02:56:38","guid":{"rendered":"https:\/\/hydraulic-cylinders.net\/?post_type=product&#038;p=652"},"modified":"2025-04-11T01:45:01","modified_gmt":"2025-04-11T01:45:01","slug":"forklift-short-lifting-hydraulic-cylinder","status":"publish","type":"product","link":"https:\/\/www.hydraulic-cylinders.net\/hu\/termek\/forklift-short-lifting-hydraulic-cylinder\/","title":{"rendered":"Targonca r\u00f6vid emel\u0151 hidraulikus henger"},"content":{"rendered":"<h1 style=\"text-align: center;\"><strong>Targonca r\u00f6vid emel\u0151 hidraulikus henger<\/strong><\/h1>\n<p><img loading=\"lazy\" decoding=\"async\" class=\"aligncenter wp-image-653\" src=\"https:\/\/hydraulic-cylinders.net\/wp-content\/uploads\/2023\/08\/short-lifting-hydraulic-cylinder-product-2-300x300.webp\" alt=\"r\u00f6vid emel\u00e9s\u0171 hidraulikus munkahenger term\u00e9k\" width=\"400\" height=\"400\" \/><\/p>\n<p>A <strong>R\u00f6vid targonca emel\u0151henger<\/strong> \u00fagy tervezt\u00e9k, hogy k\u00f6nnyed\u00e9n elv\u00e9gezze a r\u00f6vid emel\u00e9si feladatokat, biztos\u00edtva az anyagmozgat\u00e1si m\u0171veletek optimaliz\u00e1l\u00e1s\u00e1hoz sz\u00fcks\u00e9ges teljes\u00edtm\u00e9nyt \u00e9s pontoss\u00e1got.<\/p>\n<p>Robusztus kialak\u00edt\u00e1s\u00e1nak k\u00f6sz\u00f6nhet\u0151en ez a hidraulikus henger ellen\u00e1ll a nagy terhel\u00e9seknek, a gyakori haszn\u00e1latnak \u00e9s a kih\u00edv\u00e1st jelent\u0151 \u00fczemi k\u00f6r\u00fclm\u00e9nyeknek. Tart\u00f3s kialak\u00edt\u00e1s\u00e1nak k\u00f6sz\u00f6nhet\u0151en megb\u00edzhat\u00f3 teljes\u00edtm\u00e9nyt biztos\u00edt, mik\u00f6zben minimaliz\u00e1lja a karbantart\u00e1ssal vagy jav\u00edt\u00e1sokkal kapcsolatos \u00e1ll\u00e1sid\u0151t.<\/p>\n<p>Kiv\u00e9teles kop\u00e1s-, korr\u00f3zi\u00f3- \u00e9s szennyez\u0151d\u00e9s\u00e1ll\u00f3s\u00e1ggal rendelkezik, <strong>R\u00f6vid targonca emel\u0151henger<\/strong> \u00c9lettartama alatt cs\u00facsteljes\u00edtm\u00e9nyt ny\u00fajt. Kem\u00e9ny elemek elvisel\u00e9s\u00e9re tervezt\u00e9k, hat\u00e9konyan v\u00e9di mag\u00e1t a nedvess\u00e9gt\u0151l, a t\u00f6rmel\u00e9kt\u0151l \u00e9s m\u00e1s szennyez\u0151d\u00e9sekt\u0151l, amelyek vesz\u00e9lyeztethetik a m\u0171k\u00f6d\u00e9s\u00e9t.<\/p>\n<p>Azok sz\u00e1m\u00e1ra, akik megb\u00edzhat\u00f3 emel\u00e9si megold\u00e1st keresnek, ez a hidraulikus munkahenger az ide\u00e1lis v\u00e1laszt\u00e1s, amely minden m\u0171velet sor\u00e1n hat\u00e9konys\u00e1got \u00e9s hossz\u00fa \u00e9lettartamot biztos\u00edt.<\/p>\n<h2><strong>Targonca r\u00f6vid emel\u0151 hidraulikus henger param\u00e9tere:<\/strong><\/h2>\n<table>\n<tbody>\n<tr>\n<td><img loading=\"lazy\" decoding=\"async\" class=\"alignnone wp-image-654 size-full\" src=\"https:\/\/hydraulic-cylinders.net\/wp-content\/uploads\/2023\/08\/short-lifting-hydraulic-cylinder-product-1.png\" alt=\"\" width=\"457\" height=\"315\" srcset=\"https:\/\/www.hydraulic-cylinders.net\/wp-content\/uploads\/2023\/08\/short-lifting-hydraulic-cylinder-product-1.png 457w, https:\/\/www.hydraulic-cylinders.net\/wp-content\/uploads\/2023\/08\/short-lifting-hydraulic-cylinder-product-1-300x207.png 300w\" sizes=\"(max-width: 457px) 100vw, 457px\" \/><\/td>\n<td><img loading=\"lazy\" decoding=\"async\" class=\"alignnone wp-image-655 size-full\" src=\"https:\/\/hydraulic-cylinders.net\/wp-content\/uploads\/2023\/08\/short-lifting-hydraulic-cylinder-product-1-1.png\" alt=\"\" width=\"475\" height=\"137\" srcset=\"https:\/\/www.hydraulic-cylinders.net\/wp-content\/uploads\/2023\/08\/short-lifting-hydraulic-cylinder-product-1-1.png 475w, https:\/\/www.hydraulic-cylinders.net\/wp-content\/uploads\/2023\/08\/short-lifting-hydraulic-cylinder-product-1-1-300x87.png 300w\" sizes=\"(max-width: 475px) 100vw, 475px\" \/><\/td>\n<\/tr>\n<\/tbody>\n<\/table>\n<table style=\"height: 95px; width: 931px;\" border=\"1\" cellspacing=\"0\" cellpadding=\"0\">\n<tbody>\n<tr style=\"height: 47px;\">\n<td style=\"height: 47px; width: 124.137px;\">Henger neve<\/td>\n<td style=\"height: 47px; width: 182.712px;\">rajzsz\u00e1m<\/td>\n<td style=\"height: 47px; width: 74.2125px;\">furat\u00e1tm\u00e9r\u0151 (D)<\/td>\n<td style=\"height: 47px; width: 63.6375px;\">r\u00fad\u00e1tm\u00e9r\u0151 (d)<\/td>\n<td style=\"height: 47px; width: 69.75px;\">l\u00f6ket (S)<\/td>\n<td style=\"height: 47px; width: 90.0875px;\">Telep\u00edt\u00e9si t\u00e1vols\u00e1g (L)<\/td>\n<td style=\"height: 47px; width: 92.5625px;\">\u00fczemi nyom\u00e1s<\/td>\n<td style=\"height: 47px; width: 148.925px;\">Interf\u00e9sz m\u00e9retei (M)<\/td>\n<td style=\"height: 47px; width: 68.975px;\">s\u00faly<\/td>\n<\/tr>\n<tr style=\"height: 48px;\">\n<td class=\"et3\" style=\"height: 48px; width: 124.137px;\" height=\"325\">R\u00f6vid emel\u0151henger<\/td>\n<td style=\"width: 182.712px;\">RC25N480-800000-000A<\/td>\n<td style=\"width: 74.2125px;\">\u03a675<\/td>\n<td style=\"width: 63.6375px;\">\u03a660<\/td>\n<td style=\"width: 69.75px;\">800<\/td>\n<td style=\"width: 90.0875px;\">1065<\/td>\n<td style=\"width: 92.5625px;\">18,1 MPa<\/td>\n<td style=\"width: 148.925px;\">M22*1.5<\/td>\n<td style=\"width: 68.975px;\">36 kg<\/td>\n<\/tr>\n<tr>\n<td style=\"width: 124.137px;\">R\u00f6vid emel\u0151henger<\/td>\n<td style=\"width: 182.712px;\">X35N480-800000-001A<\/td>\n<td style=\"width: 74.2125px;\">\u03a695<\/td>\n<td style=\"width: 63.6375px;\">\u03a680<\/td>\n<td style=\"width: 69.75px;\">800<\/td>\n<td style=\"width: 90.0875px;\">1065<\/td>\n<td style=\"width: 92.5625px;\">18,1 MPa<\/td>\n<td style=\"width: 148.925px;\">M22*1.5<\/td>\n<td style=\"width: 68.975px;\">48,7 kg<\/td>\n<\/tr>\n<\/tbody>\n<\/table>\n<table>\n<tbody>\n<tr>\n<td><img loading=\"lazy\" decoding=\"async\" class=\"alignnone wp-image-656 size-full\" src=\"https:\/\/hydraulic-cylinders.net\/wp-content\/uploads\/2023\/08\/short-lifting-hydraulic-cylinder-product-2-1.webp\" alt=\"\" width=\"451\" height=\"358\" srcset=\"https:\/\/www.hydraulic-cylinders.net\/wp-content\/uploads\/2023\/08\/short-lifting-hydraulic-cylinder-product-2-1.webp 451w, https:\/\/www.hydraulic-cylinders.net\/wp-content\/uploads\/2023\/08\/short-lifting-hydraulic-cylinder-product-2-1-300x238.webp 300w\" sizes=\"(max-width: 451px) 100vw, 451px\" \/><\/td>\n<td><img loading=\"lazy\" decoding=\"async\" class=\"alignnone wp-image-657 size-full\" src=\"https:\/\/hydraulic-cylinders.net\/wp-content\/uploads\/2023\/08\/short-lifting-hydraulic-cylinder-product-2-1-1.webp\" alt=\"\" width=\"475\" height=\"223\" srcset=\"https:\/\/www.hydraulic-cylinders.net\/wp-content\/uploads\/2023\/08\/short-lifting-hydraulic-cylinder-product-2-1-1.webp 475w, https:\/\/www.hydraulic-cylinders.net\/wp-content\/uploads\/2023\/08\/short-lifting-hydraulic-cylinder-product-2-1-1-300x141.webp 300w\" sizes=\"(max-width: 475px) 100vw, 475px\" \/><\/td>\n<\/tr>\n<\/tbody>\n<\/table>\n<table style=\"height: 101px; width: 938px;\" border=\"1\" cellspacing=\"0\" cellpadding=\"0\">\n<tbody>\n<tr style=\"height: 47px;\">\n<td style=\"height: 47px; width: 122px;\">Henger neve<\/td>\n<td style=\"height: 47px; width: 155px;\">rajzsz\u00e1m<\/td>\n<td style=\"height: 47px; width: 80px;\">furat\u00e1tm\u00e9r\u0151 (D)<\/td>\n<td style=\"height: 47px; width: 79px;\">r\u00fad\u00e1tm\u00e9r\u0151 (d)<\/td>\n<td style=\"height: 47px; width: 65px;\">l\u00f6ket (S)<\/td>\n<td style=\"height: 47px; width: 104px;\">Telep\u00edt\u00e9si t\u00e1vols\u00e1g (L)<\/td>\n<td style=\"height: 47px; width: 96px;\">\u00fczemi nyom\u00e1s<\/td>\n<td style=\"height: 47px; width: 177px;\">Interf\u00e9sz m\u00e9retei (M)<\/td>\n<td style=\"height: 47px; width: 60px;\">s\u00faly<\/td>\n<\/tr>\n<tr style=\"height: 54px;\">\n<td class=\"et3\" style=\"height: 54px; width: 122px;\" height=\"325\">R\u00f6vid emel\u0151henger<\/td>\n<td style=\"width: 155px;\" width=\"270\">N30N450-800000-002A<\/td>\n<td style=\"width: 80px;\" width=\"102\">\u03a685<\/td>\n<td style=\"width: 79px;\" width=\"99\">\u03a670<\/td>\n<td style=\"width: 65px;\" width=\"91\">777<\/td>\n<td style=\"width: 104px;\" width=\"136\">1015<\/td>\n<td style=\"width: 96px;\" width=\"138\">18,1 MPa<\/td>\n<td style=\"width: 177px;\" width=\"294\">M22*1.5<\/td>\n<td style=\"width: 60px;\" width=\"78\">45,5 kg<\/td>\n<\/tr>\n<tr>\n<td style=\"width: 122px;\">R\u00f6vid emel\u0151henger<\/td>\n<td style=\"width: 155px;\">3U3H-800000-001A<\/td>\n<td style=\"width: 80px;\">\u03a685<\/td>\n<td style=\"width: 79px;\">\u03a670<\/td>\n<td style=\"width: 65px;\">777<\/td>\n<td style=\"width: 104px;\">1015<\/td>\n<td style=\"width: 96px;\">18,1 MPa<\/td>\n<td style=\"width: 177px;\">M22*1.5<\/td>\n<td style=\"width: 60px;\">45,5 kg<\/td>\n<\/tr>\n<tr>\n<td style=\"width: 122px;\">R\u00f6vid emel\u0151henger<\/td>\n<td style=\"width: 155px;\">N35N450-800000-003A<\/td>\n<td style=\"width: 80px;\">\u03a695<\/td>\n<td style=\"width: 79px;\">\u03a680<\/td>\n<td style=\"width: 65px;\">775<\/td>\n<td style=\"width: 104px;\">1013<\/td>\n<td style=\"width: 96px;\">18,1 MPa<\/td>\n<td style=\"width: 177px;\">M22*1.5<\/td>\n<td style=\"width: 60px;\">54 kg<\/td>\n<\/tr>\n<\/tbody>\n<\/table>\n<h2><strong>Engedje szabadj\u00e1ra a hat\u00e9konys\u00e1got \u00e9s a precizit\u00e1st a hidraulikus hengerrel:<\/strong><\/h2>\n<p>Tapasztalja meg a hidraulikus technol\u00f3gia val\u00f3di erej\u00e9t a hidraulikus hengerrel. Ez a figyelemre m\u00e9lt\u00f3 eszk\u00f6z a pontoss\u00e1g \u00e9s a megb\u00edzhat\u00f3s\u00e1g biztos\u00edt\u00e1s\u00e1ra szolg\u00e1l sz\u00e1mos alkalmaz\u00e1si ter\u00fcleten. Az ipari g\u00e9pekt\u0151l az \u00e9p\u00edt\u0151ipari berendez\u00e9sekig a hidraulikus henger a kulcs a teljes\u00edtm\u00e9ny optimaliz\u00e1l\u00e1s\u00e1hoz \u00e9s a kiemelked\u0151 eredm\u00e9nyek el\u00e9r\u00e9s\u00e9hez. Fedezze fel, hogyan forradalmas\u00edthatja ez a nagy teljes\u00edtm\u00e9ny\u0171 eszk\u00f6z a m\u0171k\u00f6d\u00e9s\u00e9t.<\/p>\n<ul>\n<li><strong>Prec\u00edzi\u00f3s m\u00e9rn\u00f6ki munka<\/strong>A hidraulikus henger apr\u00f3l\u00e9kosan lett megtervezve, hogy prec\u00edz mozg\u00e1s- \u00e9s er\u0151vez\u00e9rl\u00e9st biztos\u00edtson. Fejlett kialak\u00edt\u00e1s\u00e1nak \u00e9s kiv\u00e1l\u00f3 min\u0151s\u00e9g\u0171 konstrukci\u00f3j\u00e1nak k\u00f6sz\u00f6nhet\u0151en pontos \u00e9s megism\u00e9telhet\u0151 teljes\u00edtm\u00e9nyt biztos\u00edt, lehet\u0151v\u00e9 t\u00e9ve a k\u00edv\u00e1nt eredm\u00e9nyek kiv\u00e9teles pontoss\u00e1ggal t\u00f6rt\u00e9n\u0151 el\u00e9r\u00e9s\u00e9t.<\/li>\n<li><strong>Fokozott hat\u00e9konys\u00e1g<\/strong>Mondjon b\u00facs\u00fat a hat\u00e9konys\u00e1gveszt\u00e9snek \u00e9s az egyenetlen teljes\u00edtm\u00e9nynek. A hidraulikus henger optimaliz\u00e1lja a hidraulikus teljes\u00edtm\u00e9ny kihaszn\u00e1l\u00e1s\u00e1t, maximaliz\u00e1lja a hat\u00e9konys\u00e1got \u00e9s a termel\u00e9kenys\u00e9get. Tapasztalja meg a sima \u00e9s kontroll\u00e1lt mozg\u00e1sokat, amelyek cs\u00f6kkentik az energiapazarl\u00e1st \u00e9s jav\u00edtj\u00e1k a rendszer teljes\u00edtm\u00e9ny\u00e9t.<\/li>\n<\/ul>\n<h2><strong>A gy\u00e1r kapacit\u00e1sa \u00e9s kapacit\u00e1sa:<\/strong><\/h2>\n<h3><strong>(1) \u00d6sszeszerel\u00e9s<\/strong><\/h3>\n<p>L\u00e9tes\u00edtm\u00e9ny\u00fcnk egy els\u0151 oszt\u00e1ly\u00fa, f\u00fcggetlen kutat\u00e1s-fejleszt\u00e9si \u00f6sszeszerel\u0151 platformmal b\u00fcszk\u00e9lkedhet, amely kifejezetten hidraulikus hengerek gy\u00e1rt\u00e1s\u00e1ra specializ\u00e1l\u00f3dott. N\u00e9gy f\u00e9lautomata emel\u0151henger-\u00f6sszeszerel\u0151 sort \u00e9s egy teljesen automatikus billen\u0151henger-\u00f6sszeszerel\u0151 sort \u00fczemeltet\u00fcnk, leny\u0171g\u00f6z\u0151, \u00e9vi 1 milli\u00f3 hengeres termel\u00e9si kapacit\u00e1ssal.<img loading=\"lazy\" decoding=\"async\" class=\"aligncenter wp-image-626\" src=\"https:\/\/hydraulic-cylinders.net\/wp-content\/uploads\/2023\/08\/hydraulic-cylinder-product-1-300x158.webp\" alt=\"\" width=\"500\" height=\"263\" srcset=\"https:\/\/hydraulic-cylinders.net\/wp-content\/uploads\/2023\/08\/hydraulic-cylinder-product-1-300x158.webp 500w, https:\/\/hydraulic-cylinders.net\/wp-content\/uploads\/2023\/08\/hydraulic-cylinder-product-1-480x252.webp 480w\" sizes=\"(min-width: 0px) and (max-width: 480px) 480px, (min-width: 481px) 500px, 100vw\" \/><\/p>\n<p>Speci\u00e1lis hengerm\u0171hely\u00fcnkben egy k\u00fcl\u00f6nf\u00e9le specifik\u00e1ci\u00f3khoz tervezett f\u00e9lautomata tiszt\u00edt\u00f3-\u00f6sszeszerel\u0151 rendszert haszn\u00e1lunk, amely \u00e9vi 200 000 henger gy\u00e1rt\u00e1s\u00e1ra k\u00e9pes. M\u0171hely\u00fcnk korszer\u0171 CNC megmunk\u00e1l\u00f3 berendez\u00e9sekkel, megmunk\u00e1l\u00f3k\u00f6zponttal, nagy pontoss\u00e1g\u00fa hengermegmunk\u00e1l\u00f3 szersz\u00e1mokkal, robothegeszt\u0151 g\u00e9pekkel, automatikus tiszt\u00edt\u00f3rendszerekkel \u00e9s automatiz\u00e1lt henger\u00f6sszeszerel\u0151 sorral van felszerelve. Ezenk\u00edv\u00fcl egy teljesen automatiz\u00e1lt fest\u0151sorral is rendelkez\u00fcnk.<\/p>\n<p>T\u00f6bb mint 300 kritikus fontoss\u00e1g\u00fa berendez\u00e9s\u00fcnkkel optim\u00e1lis er\u0151forr\u00e1s-eloszt\u00e1sunk biztos\u00edtja, hogy megfelelj\u00fcnk \u00fcgyfeleink \u00e1ltal megk\u00f6vetelt szigor\u00fa pontoss\u00e1gi \u00e9s min\u0151s\u00e9gi el\u0151\u00edr\u00e1soknak. Ez a hat\u00e9konys\u00e1g \u00e9s precizit\u00e1s ir\u00e1nti elk\u00f6telezetts\u00e9g\u00fcnk vezet\u0151 szerepet t\u00f6lt be a hidraulikus hengerek ipar\u00e1g\u00e1ban.<\/p>\n<p><img loading=\"lazy\" decoding=\"async\" class=\"aligncenter wp-image-627\" src=\"https:\/\/hydraulic-cylinders.net\/wp-content\/uploads\/2023\/08\/hydraulic-cylinder-product-2-300x189.webp\" alt=\"\" width=\"500\" height=\"315\" srcset=\"https:\/\/hydraulic-cylinders.net\/wp-content\/uploads\/2023\/08\/hydraulic-cylinder-product-2-300x189.webp 500w, https:\/\/hydraulic-cylinders.net\/wp-content\/uploads\/2023\/08\/hydraulic-cylinder-product-2-480x302.webp 480w\" sizes=\"(min-width: 0px) and (max-width: 480px) 480px, (min-width: 481px) 500px, 100vw\" \/><\/p>\n<h3><strong>(2) Megmunk\u00e1l\u00e1s<\/strong><\/h3>\n<p>Megmunk\u00e1l\u00f3 m\u0171hely\u00fcnk a legmodernebb berendez\u00e9sekkel rendelkezik, bele\u00e9rtve egy egyedi ferde s\u00edneszterg\u00e1l\u00f3 k\u00f6zpontot, egy prec\u00edzi\u00f3s megmunk\u00e1l\u00f3 k\u00f6zpontot, egy nagysebess\u00e9g\u0171 h\u00f3nol\u00f3g\u00e9pet \u00e9s fejlett hegeszt\u0151robotokat. Ez a kifinomult berendez\u00e9s lehet\u0151v\u00e9 teszi sz\u00e1munkra, hogy hat\u00e9konyan megmunk\u00e1ljuk a legfeljebb 400 mm bels\u0151 \u00e1tm\u00e9r\u0151j\u0171 \u00e9s ak\u00e1r 6 m\u00e9ter hossz\u00fa hengeres cs\u00f6veket.<\/p>\n<p><img loading=\"lazy\" decoding=\"async\" class=\"wp-image-628 size-large aligncenter\" src=\"https:\/\/hydraulic-cylinders.net\/wp-content\/uploads\/2023\/08\/hydraulic-cylinder-product-3-1024x391.webp\" alt=\"\" width=\"1024\" height=\"391\" srcset=\"https:\/\/hydraulic-cylinders.net\/wp-content\/uploads\/2023\/08\/hydraulic-cylinder-product-3-980x374.webp 980w, https:\/\/hydraulic-cylinders.net\/wp-content\/uploads\/2023\/08\/hydraulic-cylinder-product-3-480x183.webp 480w\" sizes=\"(min-width: 0px) and (max-width: 480px) 480px, (min-width: 481px) and (max-width: 980px) 980px, (min-width: 981px) 1024px, 100vw\" \/><\/p>\n<p>Korszer\u0171 technol\u00f3gi\u00e1nkkal biztos\u00edtjuk a kiv\u00e1l\u00f3 min\u0151s\u00e9g\u0171 megmunk\u00e1l\u00e1st, amely megfelel a hidraulikus hengerek gy\u00e1rt\u00e1s\u00e1nak sokr\u00e9t\u0171 ig\u00e9nyeinek.<\/p>\n<h3><strong>(3) Hegeszt\u00e9s<\/strong><\/h3>\n<p><img loading=\"lazy\" decoding=\"async\" class=\"wp-image-629 size-large aligncenter\" src=\"https:\/\/hydraulic-cylinders.net\/wp-content\/uploads\/2023\/08\/hydraulic-cylinder-product-4-1024x510.webp\" alt=\"\" width=\"1024\" height=\"510\" srcset=\"https:\/\/hydraulic-cylinders.net\/wp-content\/uploads\/2023\/08\/hydraulic-cylinder-product-4-980x488.webp 980w, https:\/\/hydraulic-cylinders.net\/wp-content\/uploads\/2023\/08\/hydraulic-cylinder-product-4-480x239.webp 480w\" sizes=\"(min-width: 0px) and (max-width: 480px) 480px, (min-width: 481px) and (max-width: 980px) 980px, (min-width: 981px) 1024px, 100vw\" \/><\/p>\n<h3><strong>(4) Fest\u00e9s \u00e9s bevonatol\u00e1s<\/strong><\/h3>\n<p><img loading=\"lazy\" decoding=\"async\" class=\"wp-image-630 aligncenter\" src=\"https:\/\/hydraulic-cylinders.net\/wp-content\/uploads\/2023\/08\/hydraulic-cylinder-product-5-300x213.webp\" alt=\"\" width=\"500\" height=\"355\" \/><\/p>\n<p>L\u00e9tes\u00edtm\u00e9ny\u00fcnk fejlett, automatikus v\u00edzb\u00e1zis\u00fa fest\u00e9kbevon\u00f3 sorokkal rendelkezik, amelyeket kifejezetten kis \u00e9s k\u00f6zepes m\u00e9ret\u0171 palackokhoz terveztek. Ezek a sorok robottechnol\u00f3gi\u00e1t alkalmaznak a hat\u00e9kony be- \u00e9s kirakod\u00e1shoz, valamint a permetez\u00e9shez, \u00edgy figyelemre m\u00e9lt\u00f3, 4000 darabos m\u0171szakonk\u00e9nti termel\u00e9si kapacit\u00e1st \u00e9rnek el.<\/p>\n<p><img loading=\"lazy\" decoding=\"async\" class=\"wp-image-631 aligncenter\" src=\"https:\/\/hydraulic-cylinders.net\/wp-content\/uploads\/2023\/08\/hydraulic-cylinder-product-6-300x225.webp\" alt=\"\" width=\"500\" height=\"375\" srcset=\"https:\/\/hydraulic-cylinders.net\/wp-content\/uploads\/2023\/08\/hydraulic-cylinder-product-6-300x225.webp 500w, https:\/\/hydraulic-cylinders.net\/wp-content\/uploads\/2023\/08\/hydraulic-cylinder-product-6-480x360.webp 480w\" sizes=\"(min-width: 0px) and (max-width: 480px) 480px, (min-width: 481px) 500px, 100vw\" \/><\/p>\n<p>Ezenk\u00edv\u00fcl egy f\u00e9lautomata fest\u00e9kgy\u00e1rt\u00f3sort \u00fczemeltet\u00fcnk nagym\u00e9ret\u0171 hengerekhez, amelyet egy robusztus er\u0151l\u00e1nc hajt, \u00e9s amelynek tervezett kapacit\u00e1sa m\u0171szakonk\u00e9nt 60 doboz. Az automatiz\u00e1l\u00e1s \u00e9s a hat\u00e9konys\u00e1g ezen kombin\u00e1ci\u00f3ja biztos\u00edtja az \u00f6sszes hidraulikus henger\u00fcnk kiv\u00e1l\u00f3 min\u0151s\u00e9g\u0171 fel\u00fcletkezel\u00e9s\u00e9t.<\/p>\n<h3><strong>(5) Tesztel\u00e9s<\/strong><\/h3>\n<p>Els\u0151 oszt\u00e1ly\u00fa ellen\u0151rz\u0151 l\u00e9tes\u00edtm\u00e9nyekkel \u00e9s tesztpadokkal rendelkez\u00fcnk annak biztos\u00edt\u00e1s\u00e1ra, hogy a palack teljes\u00edtm\u00e9nye megfeleljen a k\u00f6vetelm\u00e9nyeknek.<\/p>\n<p><img loading=\"lazy\" decoding=\"async\" class=\"wp-image-632 aligncenter\" src=\"https:\/\/hydraulic-cylinders.net\/wp-content\/uploads\/2023\/08\/hydraulic-cylinder-product-8-300x200.webp\" alt=\"\" width=\"389\" height=\"260\" \/><\/p>\n<p>Elismert gy\u00e1rt\u00f3 vagyunk <a href=\"https:\/\/hzpt.com\/mobile-machinery-hydraulic-cylinder\/\" target=\"_blank\" rel=\"noopener\">hidraulikus hengerek<\/a>, amelyet az ipar\u00e1g egyik legjobbjak\u00e9nt tartanak sz\u00e1mon. Kiterjedt term\u00e9kk\u00edn\u00e1latunkban a k\u00fcl\u00f6nf\u00e9le alkalmaz\u00e1sokhoz igaz\u00edtott hidraulikus hengerek sz\u00e9les v\u00e1laszt\u00e9ka tal\u00e1lhat\u00f3. A hidraulikus hengerek mellett kiv\u00e1l\u00f3 min\u0151s\u00e9g\u0171 mez\u0151gazdas\u00e1gi sebess\u00e9gv\u00e1lt\u00f3kat is k\u00edn\u00e1lunk, biztos\u00edtva, hogy \u00fcgyfeleink \u00e1tfog\u00f3 megold\u00e1sokat tal\u00e1ljanak g\u00e9pig\u00e9nyeikre.<\/p>\n<p>A kiv\u00e1l\u00f3s\u00e1g ir\u00e1nti elk\u00f6telezetts\u00e9g\u00fcnknek k\u00f6sz\u00f6nhet\u0151en term\u00e9keinket sikeresen export\u00e1ltuk \u00fcgyfeleinknek vil\u00e1gszerte, \u00e9s kiv\u00e1l\u00f3 term\u00e9kmin\u0151s\u00e9g\u00fcnkkel \u00e9s kiv\u00e9teles \u00e9rt\u00e9kes\u00edt\u00e9s ut\u00e1ni szolg\u00e1ltat\u00e1sunkkal er\u0151s h\u00edrnevet szerezt\u00fcnk. Az \u00fcgyfelek el\u00e9gedetts\u00e9ge ir\u00e1nti elk\u00f6telezetts\u00e9g\u00fcnk megb\u00edzhat\u00f3 partnerr\u00e9 tett minket mind a hazai, mind a nemzetk\u00f6zi piacokon.<\/p>\n<h2><strong>Mi\u00e9rt v\u00e1lasszon minket?<\/strong><\/h2>\n<p><img loading=\"lazy\" decoding=\"async\" class=\"size-full wp-image-7201 aligncenter\" src=\"https:\/\/www.hydraulic-cylinders.net\/wp-content\/uploads\/2024\/09\/mining-dump-steering-cylinder-hydraulics-on-trucks-8.webp\" alt=\"\" width=\"1110\" height=\"735\" srcset=\"https:\/\/www.hydraulic-cylinders.net\/wp-content\/uploads\/2024\/09\/mining-dump-steering-cylinder-hydraulics-on-trucks-8.webp 1110w, https:\/\/www.hydraulic-cylinders.net\/wp-content\/uploads\/2024\/09\/mining-dump-steering-cylinder-hydraulics-on-trucks-8-980x649.webp 980w, https:\/\/www.hydraulic-cylinders.net\/wp-content\/uploads\/2024\/09\/mining-dump-steering-cylinder-hydraulics-on-trucks-8-480x318.webp 480w\" sizes=\"(min-width: 0px) and (max-width: 480px) 480px, (min-width: 481px) and (max-width: 980px) 980px, (min-width: 981px) 1110px, 100vw\" \/><\/p>\n<p><strong>Szakmai szak\u00e9rtelem:<\/strong> Csapatunk hidraulikus rendszerek ter\u00e9n sz\u00e9lesk\u00f6r\u0171 ismeretekkel \u00e9s tapasztalattal rendelkez\u0151 szakemberekb\u0151l \u00e1ll, akik biztos\u00edtj\u00e1k a kiv\u00e1l\u00f3 min\u0151s\u00e9g\u0171 term\u00e9kek \u00e9s szolg\u00e1ltat\u00e1sok ny\u00fajt\u00e1s\u00e1t.<\/p>\n<p><strong>Nemzetk\u00f6zi tan\u00fas\u00edtv\u00e1nyok:<\/strong> Szigor\u00fa min\u0151s\u00e9gi el\u0151\u00edr\u00e1sokat k\u00f6vet\u00fcnk, \u00e9s sz\u00e1mos nemzetk\u00f6zi tan\u00fas\u00edtv\u00e1nnyal rendelkez\u00fcnk, ami bizony\u00edtja elk\u00f6telezetts\u00e9g\u00fcnket a megb\u00edzhat\u00f3 \u00e9s biztons\u00e1gos hidraulikus megold\u00e1sok sz\u00e1ll\u00edt\u00e1sa ir\u00e1nt.<\/p>\n<p><strong>Egyedi megold\u00e1sok:<\/strong> Meg\u00e9rtj\u00fck, hogy minden \u00fcgyf\u00e9l ig\u00e9nyei egyediek. Ez\u00e9rt k\u00edn\u00e1lunk egyedi ig\u00e9nyekre szabott hidraulikus hengereket \u00e9s sebess\u00e9gv\u00e1lt\u00f3kat.<\/p>\n<p><strong>Korszer\u0171 gy\u00e1rt\u00f3berendez\u00e9sek:<\/strong> Korszer\u0171 gy\u00e1rt\u00f3\u00fczemeink a leg\u00fajabb technol\u00f3gi\u00e1kat \u00e9s berendez\u00e9seket alkalmazz\u00e1k, \u00edgy kiv\u00e1l\u00f3 min\u0151s\u00e9g\u0171 term\u00e9keket tudunk el\u0151\u00e1ll\u00edtani hat\u00e9konyan.<\/p>\n<p><strong>\u00c1tfog\u00f3 \u00e9rt\u00e9kes\u00edt\u00e9s ut\u00e1ni t\u00e1mogat\u00e1s:<\/strong> \u00dcgyfeleink ir\u00e1nti elk\u00f6telezetts\u00e9g\u00fcnk t\u00falmutat az elad\u00e1son. Folyamatos t\u00e1mogat\u00e1st \u00e9s karbantart\u00e1si szolg\u00e1ltat\u00e1sokat ny\u00fajtunk term\u00e9keink optim\u00e1lis teljes\u00edtm\u00e9ny\u00e9nek biztos\u00edt\u00e1sa \u00e9rdek\u00e9ben.<\/p>\n<p>\u00dcgyfeleinket a vil\u00e1g minden t\u00e1j\u00e1r\u00f3l v\u00e1rjuk \u00fczleti t\u00e1rgyal\u00e1sok, inform\u00e1ci\u00f3csere \u00e9s egy\u00fcttm\u0171k\u00f6d\u00e9si lehet\u0151s\u00e9gek c\u00e9lj\u00e1b\u00f3l. Egy\u00fctt nagyobb sikereket \u00e9rhet\u00fcnk el a hidraulikus ipar\u00e1gban!<\/p>","protected":false},"excerpt":{"rendered":"<p>Forklift Short Lifting Hydraulic Cylinder The Short Forklift Lift Cylinder is designed to tackle short lifting tasks effortlessly, delivering the power and precision needed to optimize your material handling operations. Featuring a robust design, this hydraulic cylinder can withstand heavy loads, frequent use, and challenging operating conditions. Built for durability, it ensures reliable performance while [&hellip;]<\/p>","protected":false},"featured_media":658,"comment_status":"open","ping_status":"closed","template":"","meta":{"_et_pb_use_builder":"","_et_pb_old_content":"","_et_gb_content_width":""},"product_brand":[],"product_cat":[1484,1549],"product_tag":[1380],"class_list":{"0":"post-652","1":"product","2":"type-product","3":"status-publish","4":"has-post-thumbnail","6":"product_cat-forklift-hydraulic-cylinders","7":"product_cat-single-acting-hydraulic-cylinder","8":"product_tag-hydraulic-cylinder","10":"first","11":"instock","12":"shipping-taxable","13":"product-type-simple"},"amp_enabled":true,"_links":{"self":[{"href":"https:\/\/www.hydraulic-cylinders.net\/hu\/wp-json\/wp\/v2\/product\/652","targetHints":{"allow":["GET"]}}],"collection":[{"href":"https:\/\/www.hydraulic-cylinders.net\/hu\/wp-json\/wp\/v2\/product"}],"about":[{"href":"https:\/\/www.hydraulic-cylinders.net\/hu\/wp-json\/wp\/v2\/types\/product"}],"replies":[{"embeddable":true,"href":"https:\/\/www.hydraulic-cylinders.net\/hu\/wp-json\/wp\/v2\/comments?post=652"}],"wp:featuredmedia":[{"embeddable":true,"href":"https:\/\/www.hydraulic-cylinders.net\/hu\/wp-json\/wp\/v2\/media\/658"}],"wp:attachment":[{"href":"https:\/\/www.hydraulic-cylinders.net\/hu\/wp-json\/wp\/v2\/media?parent=652"}],"wp:term":[{"taxonomy":"product_brand","embeddable":true,"href":"https:\/\/www.hydraulic-cylinders.net\/hu\/wp-json\/wp\/v2\/product_brand?post=652"},{"taxonomy":"product_cat","embeddable":true,"href":"https:\/\/www.hydraulic-cylinders.net\/hu\/wp-json\/wp\/v2\/product_cat?post=652"},{"taxonomy":"product_tag","embeddable":true,"href":"https:\/\/www.hydraulic-cylinders.net\/hu\/wp-json\/wp\/v2\/product_tag?post=652"}],"curies":[{"name":"munkaf\u00fczet","href":"https:\/\/api.w.org\/{rel}","templated":true}]}}