{"id":659,"date":"2023-08-21T03:11:05","date_gmt":"2023-08-21T03:11:05","guid":{"rendered":"https:\/\/hydraulic-cylinders.net\/?post_type=product&#038;p=659"},"modified":"2025-04-11T03:15:45","modified_gmt":"2025-04-11T03:15:45","slug":"forklift-distance-adjustment-hydraulic-cylinder","status":"publish","type":"product","link":"https:\/\/www.hydraulic-cylinders.net\/hu\/termek\/forklift-distance-adjustment-hydraulic-cylinder\/","title":{"rendered":"Targonca t\u00e1vols\u00e1gbe\u00e1ll\u00edt\u00e1s hidraulikus henger"},"content":{"rendered":"<h1 style=\"text-align: center;\"><strong>Targonca t\u00e1vols\u00e1gbe\u00e1ll\u00edt\u00e1s hidraulikus henger<\/strong><\/h1>\n<p><img loading=\"lazy\" decoding=\"async\" class=\"aligncenter wp-image-660\" src=\"https:\/\/hydraulic-cylinders.net\/wp-content\/uploads\/2023\/08\/distance-ajustment-hydraulic-cylinder-product-4-300x300.webp\" alt=\"t\u00e1vols\u00e1g\u00e1ll\u00edt\u00f3 hidraulikus henger term\u00e9k\" width=\"400\" height=\"400\" \/><\/p>\n<p>A targonca t\u00e1vols\u00e1g\u00e1ll\u00edt\u00f3 hidraulikus henger egy sokoldal\u00fa megold\u00e1s, amelyet a targoncam\u0171veletek el\u00e9r\u00e9s\u00e9nek \u00e9s pontoss\u00e1g\u00e1nak n\u00f6vel\u00e9s\u00e9re terveztek. Ez a hidraulikus henger lehet\u0151v\u00e9 teszi a vill\u00e1k t\u00e1vols\u00e1g\u00e1nak k\u00e9nyelmes \u00e9s hat\u00e9kony be\u00e1ll\u00edt\u00e1s\u00e1t, lehet\u0151v\u00e9 t\u00e9ve a kezel\u0151k sz\u00e1m\u00e1ra, hogy k\u00fcl\u00f6nb\u00f6z\u0151 m\u00e9ret\u0171 rakom\u00e1nyokat kezeljenek, \u00e9s k\u00f6nnyed\u00e9n alkalmazkodjanak a v\u00e1ltoz\u00f3 rakt\u00e1ri elrendez\u00e9sekhez.<\/p>\n<p>A targonca t\u00e1vols\u00e1g\u00e1ll\u00edt\u00f3 henger\u00e9nek hidraulikus rendszere garant\u00e1lja a sima \u00e9s szab\u00e1lyozott mozg\u00e1st a t\u00e1vols\u00e1g\u00e1ll\u00edt\u00e1s sor\u00e1n. A kezel\u0151k prec\u00edz pozicion\u00e1l\u00e1st \u00e9rhetnek el r\u00e1zk\u00f3d\u00e1s vagy hirtelen mozdulatok n\u00e9lk\u00fcl, biztos\u00edtva a stabil rakom\u00e1nykezel\u00e9st \u00e9s a kezel\u0151 k\u00e9nyelm\u00e9t.<\/p>\n<p>A mindennapi targoncahaszn\u00e1lat megpr\u00f3b\u00e1ltat\u00e1sainak elvisel\u00e9s\u00e9re tervezett hidraulikus henger robusztus konstrukci\u00f3val rendelkezik, amely ellen\u00e1ll a kop\u00e1snak, a korr\u00f3zi\u00f3nak \u00e9s a s\u00e9r\u00fcl\u00e9seknek. \u00dagy tervezt\u00e9k, hogy elviselje a neh\u00e9z terhel\u00e9seket, a gyakori be\u00e1ll\u00edt\u00e1si ciklusokat \u00e9s a kih\u00edv\u00e1st jelent\u0151 munkak\u00f6r\u00fclm\u00e9nyeket, megb\u00edzhat\u00f3 teljes\u00edtm\u00e9nyt ny\u00fajtva m\u00e9g a legig\u00e9nyesebb k\u00f6rnyezetben is.<\/p>\n<h2><strong>Targonca t\u00e1vols\u00e1gbe\u00e1ll\u00edt\u00f3 hidraulikus henger param\u00e9tere:<\/strong><\/h2>\n<table>\n<tbody>\n<tr>\n<td><img loading=\"lazy\" decoding=\"async\" class=\"alignnone wp-image-661 size-full\" src=\"https:\/\/hydraulic-cylinders.net\/wp-content\/uploads\/2023\/08\/distance-ajustment-hydraulic-cylinder-product-1.webp\" alt=\"\" width=\"333\" height=\"211\" srcset=\"https:\/\/www.hydraulic-cylinders.net\/wp-content\/uploads\/2023\/08\/distance-ajustment-hydraulic-cylinder-product-1.webp 333w, https:\/\/www.hydraulic-cylinders.net\/wp-content\/uploads\/2023\/08\/distance-ajustment-hydraulic-cylinder-product-1-300x190.webp 300w\" sizes=\"(max-width: 333px) 100vw, 333px\" \/><\/td>\n<td><img loading=\"lazy\" decoding=\"async\" class=\"alignnone wp-image-662 size-full\" src=\"https:\/\/hydraulic-cylinders.net\/wp-content\/uploads\/2023\/08\/distance-ajustment-hydraulic-cylinder-product-1-1.webp\" alt=\"\" width=\"475\" height=\"148\" srcset=\"https:\/\/www.hydraulic-cylinders.net\/wp-content\/uploads\/2023\/08\/distance-ajustment-hydraulic-cylinder-product-1-1.webp 475w, https:\/\/www.hydraulic-cylinders.net\/wp-content\/uploads\/2023\/08\/distance-ajustment-hydraulic-cylinder-product-1-1-300x93.webp 300w\" sizes=\"(max-width: 475px) 100vw, 475px\" \/><\/td>\n<\/tr>\n<\/tbody>\n<\/table>\n<table style=\"height: 95px; width: 938px;\" border=\"1\" cellspacing=\"0\" cellpadding=\"0\">\n<tbody>\n<tr style=\"height: 47px;\">\n<td style=\"height: 47px; width: 144.462px;\">Henger neve<\/td>\n<td style=\"height: 47px; width: 114.363px;\">rajzsz\u00e1m<\/td>\n<td style=\"height: 47px; width: 90.2875px;\">furat\u00e1tm\u00e9r\u0151 (D)<\/td>\n<td style=\"height: 47px; width: 78.25px;\">r\u00fad\u00e1tm\u00e9r\u0151 (d)<\/td>\n<td style=\"height: 47px; width: 64.2px;\">l\u00f6ket (S)<\/td>\n<td style=\"height: 47px; width: 102.325px;\">Telep\u00edt\u00e9si t\u00e1vols\u00e1g (L)<\/td>\n<td style=\"height: 47px; width: 95.3px;\">\u00fczemi nyom\u00e1s<\/td>\n<td style=\"height: 47px; width: 173.55px;\">Interf\u00e9sz m\u00e9retei (M)<\/td>\n<td style=\"height: 47px; width: 59.2625px;\">s\u00faly<\/td>\n<\/tr>\n<tr style=\"height: 48px;\">\n<td class=\"et3\" style=\"height: 48px; width: 144.462px;\" height=\"325\">T\u00e1vols\u00e1g\u00e1ll\u00edt\u00f3 henger<\/td>\n<td style=\"width: 114.363px;\">3CS17G-30-00T4<\/td>\n<td style=\"width: 90.2875px;\">\u03a650<\/td>\n<td style=\"width: 78.25px;\">\u03a625<\/td>\n<td style=\"width: 64.2px;\">295<\/td>\n<td style=\"width: 102.325px;\">503<\/td>\n<td style=\"width: 95.3px;\">16MPa<\/td>\n<td style=\"width: 173.55px;\">2 db M16*1,5<\/td>\n<td style=\"width: 59.2625px;\">7 kg<\/td>\n<\/tr>\n<\/tbody>\n<\/table>\n<table>\n<tbody>\n<tr>\n<td><img loading=\"lazy\" decoding=\"async\" class=\"alignnone wp-image-663 size-full\" src=\"https:\/\/hydraulic-cylinders.net\/wp-content\/uploads\/2023\/08\/distance-ajustment-hydraulic-cylinder-product-2.webp\" alt=\"\" width=\"333\" height=\"214\" srcset=\"https:\/\/www.hydraulic-cylinders.net\/wp-content\/uploads\/2023\/08\/distance-ajustment-hydraulic-cylinder-product-2.webp 333w, https:\/\/www.hydraulic-cylinders.net\/wp-content\/uploads\/2023\/08\/distance-ajustment-hydraulic-cylinder-product-2-300x193.webp 300w\" sizes=\"(max-width: 333px) 100vw, 333px\" \/><\/td>\n<td><img loading=\"lazy\" decoding=\"async\" class=\"alignnone wp-image-664 size-full\" src=\"https:\/\/hydraulic-cylinders.net\/wp-content\/uploads\/2023\/08\/distance-ajustment-hydraulic-cylinder-product-2-1.webp\" alt=\"\" width=\"475\" height=\"158\" srcset=\"https:\/\/www.hydraulic-cylinders.net\/wp-content\/uploads\/2023\/08\/distance-ajustment-hydraulic-cylinder-product-2-1.webp 475w, https:\/\/www.hydraulic-cylinders.net\/wp-content\/uploads\/2023\/08\/distance-ajustment-hydraulic-cylinder-product-2-1-300x100.webp 300w\" sizes=\"(max-width: 475px) 100vw, 475px\" \/><\/td>\n<\/tr>\n<\/tbody>\n<\/table>\n<table style=\"height: 101px; width: 938px;\" border=\"1\" cellspacing=\"0\" cellpadding=\"0\">\n<tbody>\n<tr style=\"height: 47px;\">\n<td style=\"height: 47px; width: 156.5px;\">Henger neve<\/td>\n<td style=\"height: 47px; width: 114.363px;\">rajzsz\u00e1m<\/td>\n<td style=\"height: 47px; width: 79.25px;\">furat\u00e1tm\u00e9r\u0151 (D)<\/td>\n<td style=\"height: 47px; width: 78.25px;\">r\u00fad\u00e1tm\u00e9r\u0151 (d)<\/td>\n<td style=\"height: 47px; width: 63.2px;\">l\u00f6ket (S)<\/td>\n<td style=\"height: 47px; width: 102.325px;\">Telep\u00edt\u00e9si t\u00e1vols\u00e1g (L)<\/td>\n<td style=\"height: 47px; width: 94.3px;\">\u00fczemi nyom\u00e1s<\/td>\n<td style=\"height: 47px; width: 174.562px;\">Interf\u00e9sz m\u00e9retei (M)<\/td>\n<td style=\"height: 47px; width: 59.25px;\">s\u00faly<\/td>\n<\/tr>\n<tr style=\"height: 54px;\">\n<td class=\"et3\" style=\"height: 54px; width: 156.5px;\" height=\"325\">T\u00e1vols\u00e1g\u00e1ll\u00edt\u00f3 henger<\/td>\n<td style=\"width: 114.363px;\">7B3-303000-00TA<\/td>\n<td style=\"width: 79.25px;\">\u03a650<\/td>\n<td style=\"width: 78.25px;\">\u03a628<\/td>\n<td style=\"width: 63.2px;\">750<\/td>\n<td style=\"width: 102.325px;\">1040<\/td>\n<td style=\"width: 94.3px;\">18MPa<\/td>\n<td style=\"width: 174.562px;\">M14*1,5;M16*1,5<\/td>\n<td style=\"width: 59.25px;\">14 kg<\/td>\n<\/tr>\n<\/tbody>\n<\/table>\n<table>\n<tbody>\n<tr>\n<td><img loading=\"lazy\" decoding=\"async\" class=\"alignnone wp-image-665 size-full\" src=\"https:\/\/hydraulic-cylinders.net\/wp-content\/uploads\/2023\/08\/distance-ajustment-hydraulic-cylinder-product-3.webp\" alt=\"\" width=\"333\" height=\"214\" srcset=\"https:\/\/www.hydraulic-cylinders.net\/wp-content\/uploads\/2023\/08\/distance-ajustment-hydraulic-cylinder-product-3.webp 333w, https:\/\/www.hydraulic-cylinders.net\/wp-content\/uploads\/2023\/08\/distance-ajustment-hydraulic-cylinder-product-3-300x193.webp 300w\" sizes=\"(max-width: 333px) 100vw, 333px\" \/><\/td>\n<td><img loading=\"lazy\" decoding=\"async\" class=\"alignnone wp-image-666 size-full\" src=\"https:\/\/hydraulic-cylinders.net\/wp-content\/uploads\/2023\/08\/distance-ajustment-hydraulic-cylinder-product-3-1.webp\" alt=\"\" width=\"475\" height=\"154\" srcset=\"https:\/\/www.hydraulic-cylinders.net\/wp-content\/uploads\/2023\/08\/distance-ajustment-hydraulic-cylinder-product-3-1.webp 475w, https:\/\/www.hydraulic-cylinders.net\/wp-content\/uploads\/2023\/08\/distance-ajustment-hydraulic-cylinder-product-3-1-300x97.webp 300w\" sizes=\"(max-width: 475px) 100vw, 475px\" \/><\/td>\n<\/tr>\n<\/tbody>\n<\/table>\n<table style=\"height: 98px; width: 938px;\" border=\"1\" cellspacing=\"0\" cellpadding=\"0\">\n<tbody>\n<tr style=\"height: 47px;\">\n<td style=\"height: 47px; width: 150.887px;\">Henger neve<\/td>\n<td style=\"height: 47px; width: 119.35px;\">rajzsz\u00e1m<\/td>\n<td style=\"height: 47px; width: 79.0625px;\">furat\u00e1tm\u00e9r\u0151 (D)<\/td>\n<td style=\"height: 47px; width: 78.1px;\">r\u00fad\u00e1tm\u00e9r\u0151 (d)<\/td>\n<td style=\"height: 47px; width: 64.0125px;\">l\u00f6ket (S)<\/td>\n<td style=\"height: 47px; width: 102.65px;\">Telep\u00edt\u00e9si t\u00e1vols\u00e1g (L)<\/td>\n<td style=\"height: 47px; width: 95.45px;\">\u00fczemi nyom\u00e1s<\/td>\n<td style=\"height: 47px; width: 173.137px;\">Interf\u00e9sz m\u00e9retei (M)<\/td>\n<td style=\"height: 47px; width: 59.35px;\">s\u00faly<\/td>\n<\/tr>\n<tr style=\"height: 54px;\">\n<td class=\"et3\" style=\"height: 54px; width: 150.887px;\" height=\"325\">T\u00e1vols\u00e1g\u00e1ll\u00edt\u00f3 henger<\/td>\n<td style=\"width: 119.35px;\">5CS17-40-00Z<\/td>\n<td style=\"width: 79.0625px;\">\u03a650<\/td>\n<td style=\"width: 78.1px;\">\u03a625<\/td>\n<td style=\"width: 64.0125px;\">619<\/td>\n<td style=\"width: 102.65px;\">889<\/td>\n<td style=\"width: 95.45px;\">15MPa<\/td>\n<td style=\"width: 173.137px;\">M14*1.5<\/td>\n<td style=\"width: 59.35px;\">13 kg<\/td>\n<\/tr>\n<\/tbody>\n<\/table>\n<table>\n<tbody>\n<tr>\n<td><img loading=\"lazy\" decoding=\"async\" class=\"alignnone wp-image-667 size-medium\" src=\"https:\/\/hydraulic-cylinders.net\/wp-content\/uploads\/2023\/08\/distance-ajustment-hydraulic-cylinder-product-4-1-300x228.webp\" alt=\"\" width=\"300\" height=\"228\" \/><\/td>\n<td><img loading=\"lazy\" decoding=\"async\" class=\"alignnone wp-image-668 size-full\" src=\"https:\/\/hydraulic-cylinders.net\/wp-content\/uploads\/2023\/08\/distance-ajustment-hydraulic-cylinder-product-4-1-1.webp\" alt=\"\" width=\"475\" height=\"175\" srcset=\"https:\/\/www.hydraulic-cylinders.net\/wp-content\/uploads\/2023\/08\/distance-ajustment-hydraulic-cylinder-product-4-1-1.webp 475w, https:\/\/www.hydraulic-cylinders.net\/wp-content\/uploads\/2023\/08\/distance-ajustment-hydraulic-cylinder-product-4-1-1-300x111.webp 300w\" sizes=\"(max-width: 475px) 100vw, 475px\" \/><\/td>\n<\/tr>\n<\/tbody>\n<\/table>\n<table style=\"height: 98px; width: 919px;\" border=\"1\" cellspacing=\"0\" cellpadding=\"0\">\n<tbody>\n<tr style=\"height: 47px;\">\n<td style=\"height: 47px; width: 150px;\">Henger neve<\/td>\n<td style=\"height: 47px; width: 119px;\">rajzsz\u00e1m<\/td>\n<td style=\"height: 47px; width: 79px;\">furat\u00e1tm\u00e9r\u0151 (D)<\/td>\n<td style=\"height: 47px; width: 78px;\">r\u00fad\u00e1tm\u00e9r\u0151 (d)<\/td>\n<td style=\"height: 47px; width: 64px;\">l\u00f6ket (S)<\/td>\n<td style=\"height: 47px; width: 102px;\">Telep\u00edt\u00e9si t\u00e1vols\u00e1g (L)<\/td>\n<td style=\"height: 47px; width: 95px;\">\u00fczemi nyom\u00e1s<\/td>\n<td style=\"height: 47px; width: 173px;\">Interf\u00e9sz m\u00e9retei (M)<\/td>\n<td style=\"height: 47px; width: 59px;\">s\u00faly<\/td>\n<\/tr>\n<tr style=\"height: 54px;\">\n<td class=\"et3\" style=\"height: 54px; width: 150px;\" height=\"325\">T\u00e1vols\u00e1g\u00e1ll\u00edt\u00f3 henger<\/td>\n<td style=\"width: 119px;\" width=\"270\">8M3-304000A-625<\/td>\n<td style=\"width: 79px;\" width=\"102\">\u03a663<\/td>\n<td style=\"width: 78px;\" width=\"99\">\u03a632<\/td>\n<td style=\"width: 64px;\" width=\"91\">855<\/td>\n<td style=\"width: 102px;\" width=\"136\">1174<\/td>\n<td style=\"width: 95px;\" width=\"138\">20MPa<\/td>\n<td style=\"width: 173px;\" width=\"294\">2 db M16*1,5<\/td>\n<td style=\"width: 59px;\" width=\"78\">22 kg<\/td>\n<\/tr>\n<\/tbody>\n<\/table>\n<table>\n<tbody>\n<tr>\n<td><img loading=\"lazy\" decoding=\"async\" class=\"alignnone wp-image-669 size-full\" src=\"https:\/\/hydraulic-cylinders.net\/wp-content\/uploads\/2023\/08\/distance-ajustment-hydraulic-cylinder-product-5.webp\" alt=\"\" width=\"333\" height=\"221\" srcset=\"https:\/\/www.hydraulic-cylinders.net\/wp-content\/uploads\/2023\/08\/distance-ajustment-hydraulic-cylinder-product-5.webp 333w, https:\/\/www.hydraulic-cylinders.net\/wp-content\/uploads\/2023\/08\/distance-ajustment-hydraulic-cylinder-product-5-300x199.webp 300w\" sizes=\"(max-width: 333px) 100vw, 333px\" \/><\/td>\n<td><img loading=\"lazy\" decoding=\"async\" class=\"alignnone wp-image-670 size-full\" src=\"https:\/\/hydraulic-cylinders.net\/wp-content\/uploads\/2023\/08\/distance-ajustment-hydraulic-cylinder-product-5-1.webp\" alt=\"\" width=\"475\" height=\"125\" srcset=\"https:\/\/www.hydraulic-cylinders.net\/wp-content\/uploads\/2023\/08\/distance-ajustment-hydraulic-cylinder-product-5-1.webp 475w, https:\/\/www.hydraulic-cylinders.net\/wp-content\/uploads\/2023\/08\/distance-ajustment-hydraulic-cylinder-product-5-1-300x79.webp 300w\" sizes=\"(max-width: 475px) 100vw, 475px\" \/><\/td>\n<\/tr>\n<\/tbody>\n<\/table>\n<table style=\"height: 98px; width: 919px;\" border=\"1\" cellspacing=\"0\" cellpadding=\"0\">\n<tbody>\n<tr style=\"height: 47px;\">\n<td style=\"height: 47px; width: 150px;\">Henger neve<\/td>\n<td style=\"height: 47px; width: 119px;\">rajzsz\u00e1m<\/td>\n<td style=\"height: 47px; width: 79px;\">furat\u00e1tm\u00e9r\u0151 (D)<\/td>\n<td style=\"height: 47px; width: 78px;\">r\u00fad\u00e1tm\u00e9r\u0151 (d)<\/td>\n<td style=\"height: 47px; width: 64px;\">l\u00f6ket (S)<\/td>\n<td style=\"height: 47px; width: 102px;\">Telep\u00edt\u00e9si t\u00e1vols\u00e1g (L)<\/td>\n<td style=\"height: 47px; width: 95px;\">\u00fczemi nyom\u00e1s<\/td>\n<td style=\"height: 47px; width: 173px;\">Interf\u00e9sz m\u00e9retei (M)<\/td>\n<td style=\"height: 47px; width: 59px;\">s\u00faly<\/td>\n<\/tr>\n<tr style=\"height: 54px;\">\n<td class=\"et3\" style=\"height: 54px; width: 150px;\" height=\"325\">T\u00e1vols\u00e1g\u00e1ll\u00edt\u00f3 henger<\/td>\n<td style=\"width: 119px;\" width=\"270\">7B3-304000-00<\/td>\n<td style=\"width: 79px;\" width=\"102\">\u03a670<\/td>\n<td style=\"width: 78px;\" width=\"99\">\u03a630<\/td>\n<td style=\"width: 64px;\" width=\"91\">300<\/td>\n<td style=\"width: 102px;\" width=\"136\">536<\/td>\n<td style=\"width: 95px;\" width=\"138\">18MPa<\/td>\n<td style=\"width: 173px;\" width=\"294\">2 db M14*1.5<\/td>\n<td style=\"width: 59px;\" width=\"78\">13,5 kg<\/td>\n<\/tr>\n<\/tbody>\n<\/table>\n<h2><strong>Engedje szabadj\u00e1ra a tart\u00f3ss\u00e1g erej\u00e9t a hidraulikus hengerrel:<\/strong><\/h2>\n<p>Tart\u00f3ss\u00e1g \u00e9s hossz\u00fa \u00e9lettartam tekintet\u00e9ben ez a hidraulikus henger kiemelkedik a t\u00f6megb\u0151l. Kiv\u00e1l\u00f3 min\u0151s\u00e9g\u0171 anyagokb\u00f3l k\u00e9sz\u00fclt \u00e9s a legmostoh\u00e1bb k\u00f6r\u00fclm\u00e9nyeknek is ellen\u00e1ll\u00f3, ez a henger megb\u00edzhat\u00f3 teljes\u00edtm\u00e9nyt garant\u00e1l m\u00e9g a legig\u00e9nyesebb alkalmaz\u00e1sokban is. Fedezze fel azokat a kiv\u00e9teles tulajdons\u00e1gokat, amelyek a hidraulikus hengert a legjobb v\u00e1laszt\u00e1ss\u00e1 teszik hidraulikus ig\u00e9nyeihez.<\/p>\n<ul>\n<li><strong>Robusztus konstrukci\u00f3<\/strong>Robusztus kialak\u00edt\u00e1s\u00e1nak \u00e9s strapab\u00edr\u00f3 anyagainak k\u00f6sz\u00f6nhet\u0151en a hidraulikus henger szil\u00e1rds\u00e1gra \u00e9s tart\u00f3ss\u00e1gra lett tervezve. K\u00f6nnyed\u00e9n kezeli a nagy nyom\u00e1st \u00e9s a neh\u00e9z terheket, \u00edgy hossz\u00fa t\u00e1v\u00fa teljes\u00edtm\u00e9nyt \u00e9s megb\u00edzhat\u00f3s\u00e1got biztos\u00edt m\u00e9g mostoha k\u00f6rnyezetben is.<\/li>\n<li><strong>Kop\u00e1s- \u00e9s korr\u00f3zi\u00f3\u00e1ll\u00f3s\u00e1g<\/strong>Ne hagyja, hogy a kop\u00e1s \u00e9s a korr\u00f3zi\u00f3 lelass\u00edtsa. A hidraulikus henger ellen\u00e1ll az elemeknek, megv\u00e9di a nedvess\u00e9g, a szennyez\u0151d\u00e9sek \u00e9s a zord \u00fczemi k\u00f6r\u00fclm\u00e9nyek k\u00e1ros hat\u00e1sait\u00f3l. Sz\u00e1m\u00edthat erre a hengerre, hogy tart\u00f3s \u00e9s kiv\u00e9teles eredm\u00e9nyeket biztos\u00edtson az id\u0151 m\u00fal\u00e1s\u00e1val.<\/li>\n<\/ul>\n<h2><strong>A gy\u00e1r kapacit\u00e1sa \u00e9s kapacit\u00e1sa:<\/strong><\/h2>\n<h3>(1) \u00d6sszeszerel\u00e9s<\/h3>\n<p>Els\u0151 oszt\u00e1ly\u00fa f\u00fcggetlen kutat\u00e1s-fejleszt\u00e9si \u00f6sszeszerel\u0151 platformmal rendelkez\u00fcnk. Targoncahenger-gy\u00e1rt\u00f3 m\u0171hely\u00fcnk 4 f\u00e9lautomata emel\u0151henger-\u00f6sszeszerel\u0151 sorral \u00e9s 1 automatikus billen\u0151henger-\u00f6sszeszerel\u0151 sorral rendelkezik, tervezett \u00e9ves termel\u00e9si kapacit\u00e1sa 1 milli\u00f3 darab; A speci\u00e1lis hengerm\u0171hely k\u00fcl\u00f6nf\u00e9le specifik\u00e1ci\u00f3j\u00fa f\u00e9lautomata tiszt\u00edt\u00f3-\u00f6sszeszerel\u0151 rendszerrel van felszerelve, tervezett \u00e9ves termel\u00e9si kapacit\u00e1sa 200 000 darab. Felszerelts\u00e9g\u00fcnk h\u00edres CNC megmunk\u00e1l\u00f3 berendez\u00e9sekkel, megmunk\u00e1l\u00f3 k\u00f6zponttal, nagy pontoss\u00e1g\u00fa hengermegmunk\u00e1l\u00f3 speci\u00e1lis berendez\u00e9sekkel, robothegeszt\u0151 g\u00e9ppel, automata tiszt\u00edt\u00f3g\u00e9ppel, automata henger\u00f6sszeszerel\u0151 g\u00e9ppel \u00e9s automata fest\u0151 gy\u00e1rt\u00f3sorral van felszerelve. A megl\u00e9v\u0151 kulcsfontoss\u00e1g\u00fa berendez\u00e9sek sz\u00e1ma meghaladja a 300 k\u00e9szletet. A berendez\u00e9si er\u0151forr\u00e1sok optim\u00e1lis eloszt\u00e1sa \u00e9s hat\u00e9kony felhaszn\u00e1l\u00e1sa biztos\u00edtja a term\u00e9kek pontoss\u00e1gi k\u00f6vetelm\u00e9nyeit \u00e9s a term\u00e9kek magas min\u0151s\u00e9gi k\u00f6vetelm\u00e9nyeinek val\u00f3 megfelel\u00e9st.<\/p>\n<p><img loading=\"lazy\" decoding=\"async\" class=\"alignnone wp-image-626\" src=\"https:\/\/hydraulic-cylinders.net\/wp-content\/uploads\/2023\/08\/hydraulic-cylinder-product-1-300x158.webp\" alt=\"\" width=\"495\" height=\"260\" srcset=\"https:\/\/hydraulic-cylinders.net\/wp-content\/uploads\/2023\/08\/hydraulic-cylinder-product-1-300x158.webp 495w, https:\/\/hydraulic-cylinders.net\/wp-content\/uploads\/2023\/08\/hydraulic-cylinder-product-1-480x252.webp 480w\" sizes=\"(min-width: 0px) and (max-width: 480px) 480px, (min-width: 481px) 495px, 100vw\" \/> <img loading=\"lazy\" decoding=\"async\" class=\"alignnone wp-image-627\" src=\"https:\/\/hydraulic-cylinders.net\/wp-content\/uploads\/2023\/08\/hydraulic-cylinder-product-2-300x189.webp\" alt=\"\" width=\"413\" height=\"260\" \/><\/p>\n<h3>(2) Megmunk\u00e1l\u00e1s<\/h3>\n<p>A megmunk\u00e1l\u00f3m\u0171hely egyedi ferde s\u00edneszterg\u00e1l\u00f3 k\u00f6zponttal, megmunk\u00e1l\u00f3k\u00f6zponttal, nagysebess\u00e9g\u0171 h\u00f3nol\u00f3g\u00e9ppel, hegeszt\u0151robottal \u00e9s egy\u00e9b kapcsol\u00f3d\u00f3 berendez\u00e9sekkel van felszerelve, amelyek legfeljebb 400 mm bels\u0151 \u00e1tm\u00e9r\u0151j\u0171 \u00e9s legfeljebb 6 m\u00e9ter hossz\u00fa hengercs\u00f6vek megmunk\u00e1l\u00e1s\u00e1ra k\u00e9pesek.<\/p>\n<p><img loading=\"lazy\" decoding=\"async\" class=\"alignnone wp-image-628 size-large\" src=\"https:\/\/hydraulic-cylinders.net\/wp-content\/uploads\/2023\/08\/hydraulic-cylinder-product-3-1024x391.webp\" alt=\"\" width=\"1024\" height=\"391\" srcset=\"https:\/\/hydraulic-cylinders.net\/wp-content\/uploads\/2023\/08\/hydraulic-cylinder-product-3-980x374.webp 980w, https:\/\/hydraulic-cylinders.net\/wp-content\/uploads\/2023\/08\/hydraulic-cylinder-product-3-480x183.webp 480w\" sizes=\"(min-width: 0px) and (max-width: 480px) 480px, (min-width: 481px) and (max-width: 980px) 980px, (min-width: 981px) 1024px, 100vw\" \/><\/p>\n<h3>(3) Hegeszt\u00e9s<\/h3>\n<p><img loading=\"lazy\" decoding=\"async\" class=\"alignnone wp-image-629 size-large\" src=\"https:\/\/hydraulic-cylinders.net\/wp-content\/uploads\/2023\/08\/hydraulic-cylinder-product-4-1024x510.webp\" alt=\"\" width=\"1024\" height=\"510\" srcset=\"https:\/\/hydraulic-cylinders.net\/wp-content\/uploads\/2023\/08\/hydraulic-cylinder-product-4-980x488.webp 980w, https:\/\/hydraulic-cylinders.net\/wp-content\/uploads\/2023\/08\/hydraulic-cylinder-product-4-480x239.webp 480w\" sizes=\"(min-width: 0px) and (max-width: 480px) 480px, (min-width: 481px) and (max-width: 980px) 980px, (min-width: 981px) 1024px, 100vw\" \/><\/p>\n<h3>(4) Fest\u00e9s \u00e9s bevonatol\u00e1s<\/h3>\n<p>Kis \u00e9s k\u00f6zepes m\u00e9ret\u0171 hengeres automatikus v\u00edzb\u00e1zis\u00fa fest\u00e9kbevon\u00f3 sorral, az automatikus robot be- \u00e9s kirakod\u00e1s, valamint az automatikus permetez\u00e9s megval\u00f3s\u00edt\u00e1s\u00e1hoz, a tervez\u00e9si kapacit\u00e1s m\u0171szakonk\u00e9nt 4000 darab;<br \/>\nRendelkez\u00fcnk egy f\u00e9lautomata fest\u00e9kgy\u00e1rt\u00f3sorral is nagym\u00e9ret\u0171 palackokhoz, amelyet egy er\u0151l\u00e1nc hajt, m\u0171szakonk\u00e9nt 60 karton tervez\u00e9si kapacit\u00e1ssal.<\/p>\n<p><img loading=\"lazy\" decoding=\"async\" class=\"alignnone wp-image-630\" src=\"https:\/\/hydraulic-cylinders.net\/wp-content\/uploads\/2023\/08\/hydraulic-cylinder-product-5-300x213.webp\" alt=\"\" width=\"366\" height=\"260\" \/> <img loading=\"lazy\" decoding=\"async\" class=\"alignnone wp-image-631\" src=\"https:\/\/hydraulic-cylinders.net\/wp-content\/uploads\/2023\/08\/hydraulic-cylinder-product-6-300x225.webp\" alt=\"\" width=\"347\" height=\"260\" \/><\/p>\n<h3>(5) Tesztel\u00e9s<\/h3>\n<p>Els\u0151 oszt\u00e1ly\u00fa ellen\u0151rz\u0151 l\u00e9tes\u00edtm\u00e9nyekkel \u00e9s tesztpadokkal rendelkez\u00fcnk annak biztos\u00edt\u00e1s\u00e1ra, hogy a palack teljes\u00edtm\u00e9nye megfeleljen a k\u00f6vetelm\u00e9nyeknek.<\/p>\n<p><img loading=\"lazy\" decoding=\"async\" class=\"alignnone wp-image-632\" src=\"https:\/\/hydraulic-cylinders.net\/wp-content\/uploads\/2023\/08\/hydraulic-cylinder-product-8-300x200.webp\" alt=\"\" width=\"389\" height=\"260\" \/><\/p>\n<p>&nbsp;<\/p>\n<p>&nbsp;<\/p>\n<p>Mi vagyunk az egyik legjobb hidraulikus henger gy\u00e1rt\u00f3. Sz\u00e9les hidraulikus henger k\u00e9szletet k\u00edn\u00e1lunk. Megfelel\u0151 hidraulikus hengereket is biztos\u00edtunk. <a href=\"https:\/\/hzpt.com\/agricultural-pto-gearbox\/\" target=\"_blank\" rel=\"noopener\">mez\u0151gazdas\u00e1gi sebess\u00e9gv\u00e1lt\u00f3k<\/a>Term\u00e9keinket vil\u00e1gszerte export\u00e1ltuk \u00fcgyfeleinknek, \u00e9s kiv\u00e1l\u00f3 term\u00e9kmin\u0151s\u00e9g\u00fcnknek \u00e9s \u00e9rt\u00e9kes\u00edt\u00e9s ut\u00e1ni szolg\u00e1ltat\u00e1sunknak k\u00f6sz\u00f6nhet\u0151en j\u00f3 h\u00edrnevet szerezt\u00fcnk. Szeretettel v\u00e1rjuk belf\u00f6ldi \u00e9s k\u00fclf\u00f6ldi \u00fcgyfeleinket, hogy \u00fczleti t\u00e1rgyal\u00e1sok, inform\u00e1ci\u00f3csere \u00e9s egy\u00e9b lehet\u0151s\u00e9gek c\u00e9lj\u00e1b\u00f3l kapcsolatba l\u00e9pjenek vel\u00fcnk.\u00a0<a href=\"https:\/\/www.hydraulic-cylinders.net\/hu\/contact-us\/\">egy\u00fcttm\u0171k\u00f6dni vel\u00fcnk<\/a>!<\/p>","protected":false},"excerpt":{"rendered":"<p>Forklift Distance Adjustment Hydraulic Cylinder The forklift distance adjustment hydraulic cylinder, a versatile solution designed to enhance the reach and precision of forklift operations. This hydraulic cylinder allows for convenient and efficient adjustment of the forks&#8217; distance, enabling operators to handle different load sizes and adapt to varying warehouse layouts with ease. The hydraulic system [&hellip;]<\/p>","protected":false},"featured_media":671,"comment_status":"open","ping_status":"closed","template":"","meta":{"_et_pb_use_builder":"","_et_pb_old_content":"","_et_gb_content_width":""},"product_brand":[],"product_cat":[1550,1484],"product_tag":[1380],"class_list":{"0":"post-659","1":"product","2":"type-product","3":"status-publish","4":"has-post-thumbnail","6":"product_cat-double-acting-hydraulic-cylinder","7":"product_cat-forklift-hydraulic-cylinders","8":"product_tag-hydraulic-cylinder","10":"first","11":"instock","12":"shipping-taxable","13":"product-type-simple"},"amp_enabled":true,"_links":{"self":[{"href":"https:\/\/www.hydraulic-cylinders.net\/hu\/wp-json\/wp\/v2\/product\/659","targetHints":{"allow":["GET"]}}],"collection":[{"href":"https:\/\/www.hydraulic-cylinders.net\/hu\/wp-json\/wp\/v2\/product"}],"about":[{"href":"https:\/\/www.hydraulic-cylinders.net\/hu\/wp-json\/wp\/v2\/types\/product"}],"replies":[{"embeddable":true,"href":"https:\/\/www.hydraulic-cylinders.net\/hu\/wp-json\/wp\/v2\/comments?post=659"}],"wp:featuredmedia":[{"embeddable":true,"href":"https:\/\/www.hydraulic-cylinders.net\/hu\/wp-json\/wp\/v2\/media\/671"}],"wp:attachment":[{"href":"https:\/\/www.hydraulic-cylinders.net\/hu\/wp-json\/wp\/v2\/media?parent=659"}],"wp:term":[{"taxonomy":"product_brand","embeddable":true,"href":"https:\/\/www.hydraulic-cylinders.net\/hu\/wp-json\/wp\/v2\/product_brand?post=659"},{"taxonomy":"product_cat","embeddable":true,"href":"https:\/\/www.hydraulic-cylinders.net\/hu\/wp-json\/wp\/v2\/product_cat?post=659"},{"taxonomy":"product_tag","embeddable":true,"href":"https:\/\/www.hydraulic-cylinders.net\/hu\/wp-json\/wp\/v2\/product_tag?post=659"}],"curies":[{"name":"munkaf\u00fczet","href":"https:\/\/api.w.org\/{rel}","templated":true}]}}