{"id":765,"date":"2023-08-23T01:51:12","date_gmt":"2023-08-23T01:51:12","guid":{"rendered":"https:\/\/hydraulic-cylinders.net\/?post_type=product&#038;p=765"},"modified":"2025-03-27T01:13:02","modified_gmt":"2025-03-27T01:13:02","slug":"low-pressure-hydraulic-cylinder-front-pin","status":"publish","type":"product","link":"https:\/\/www.hydraulic-cylinders.net\/hu\/termek\/low-pressure-hydraulic-cylinder-front-pin\/","title":{"rendered":"Alacsony nyom\u00e1s\u00fa hidraulikus henger els\u0151 csapja"},"content":{"rendered":"<h1 style=\"text-align: center;\"><strong>Alacsony nyom\u00e1s\u00fa hidraulikus henger els\u0151 csapja<\/strong><\/h1>\n<p><img loading=\"lazy\" decoding=\"async\" class=\"aligncenter wp-image-766 size-full\" src=\"https:\/\/hydraulic-cylinders.net\/wp-content\/uploads\/2023\/08\/low-pressure-pull-rod-hydraulic-cylinder-front-hinge-pin-1.webp\" alt=\"\" width=\"379\" height=\"169\" srcset=\"https:\/\/www.hydraulic-cylinders.net\/wp-content\/uploads\/2023\/08\/low-pressure-pull-rod-hydraulic-cylinder-front-hinge-pin-1.webp 379w, https:\/\/www.hydraulic-cylinders.net\/wp-content\/uploads\/2023\/08\/low-pressure-pull-rod-hydraulic-cylinder-front-hinge-pin-1-300x134.webp 300w\" sizes=\"(max-width: 379px) 100vw, 379px\" \/><\/p>\n<p>Alacsony nyom\u00e1s\u00fa hidraulikus hengerek eset\u00e9ben az \u201eel\u00fcls\u0151 csap\u201d kifejez\u00e9s \u00e1ltal\u00e1ban a henger el\u00fcls\u0151 v\u00e9g\u00e9n tal\u00e1lhat\u00f3 csapra vagy tengelyre utal. Ez a csap csatlakoz\u00e1si pontk\u00e9nt vagy forg\u00f3pontk\u00e9nt szolg\u00e1l a henger m\u00e1s alkatr\u00e9szekhez vagy berendez\u00e9sekhez val\u00f3 r\u00f6gz\u00edt\u00e9s\u00e9hez vagy r\u00f6gz\u00edt\u00e9s\u00e9hez. \u00cdme n\u00e9h\u00e1ny inform\u00e1ci\u00f3 az alacsony nyom\u00e1s\u00fa hidraulikus henger el\u00fcls\u0151 csapj\u00e1r\u00f3l:<\/p>\n<p>Alacsony nyom\u00e1s\u00fa hidraulikus henger tervez\u00e9se \u00e9s kivitelez\u00e9se<\/p>\n<p>El\u00fcls\u0151 csap: Az el\u00fcls\u0151 csap \u00e1ltal\u00e1ban egy er\u0151s f\u00e9mcsap vagy tengely, amely a hidraulikus henger elej\u00e9ig ny\u00falik. C\u00e9lja, hogy biztons\u00e1gos csatlakoz\u00e1st \u00e9s forg\u00e1spontot biztos\u00edtson a henger sz\u00e1m\u00e1ra.<br \/>\nR\u00f6gz\u00edt\u0151furatok: Az el\u00fcls\u0151 csapot a hengerh\u00e1zon vagy az els\u0151 karim\u00e1n l\u00e9v\u0151 r\u00f6gz\u00edt\u0151furatokon vagy konzolokon kereszt\u00fcl kell behelyezni. Ezek a r\u00f6gz\u00edt\u0151furatok a hengerhez r\u00f6gz\u00edtett berendez\u00e9sen vagy szerkezeten tal\u00e1lhat\u00f3 megfelel\u0151 furatokkal vagy konzolokkal vannak egy vonalban.<br \/>\nR\u00f6gz\u00edt\u0151 mechanizmus: Az el\u00fcls\u0151 csap r\u00f6gz\u00edt\u0151kapcsokkal, csavarokkal vagy m\u00e1s r\u00f6gz\u00edt\u0151elemekkel r\u00f6gz\u00edthet\u0151, hogy megakad\u00e1lyozza a v\u00e9letlen lev\u00e1l\u00e1st vagy elmozdul\u00e1st.<\/p>\n<h2><strong>Alacsony nyom\u00e1s\u00fa hidraulikus henger els\u0151 csapj\u00e1nak param\u00e9tere:<\/strong><\/h2>\n<p><img loading=\"lazy\" decoding=\"async\" class=\"alignnone wp-image-767 size-full\" src=\"https:\/\/hydraulic-cylinders.net\/wp-content\/uploads\/2023\/08\/low-pressure-pull-rod-hydraulic-cylinder-front-hinge-pin-2.webp\" alt=\"\" width=\"660\" height=\"289\" srcset=\"https:\/\/hydraulic-cylinders.net\/wp-content\/uploads\/2023\/08\/low-pressure-pull-rod-hydraulic-cylinder-front-hinge-pin-2.webp 660w, https:\/\/hydraulic-cylinders.net\/wp-content\/uploads\/2023\/08\/low-pressure-pull-rod-hydraulic-cylinder-front-hinge-pin-2-480x210.webp 480w\" sizes=\"(min-width: 0px) and (max-width: 480px) 480px, (min-width: 481px) 660px, 100vw\" \/><\/p>\n<h2><strong>Alkalmaz\u00e1sok <\/strong><strong>Alacsony nyom\u00e1s\u00fa hidraulikus henger els\u0151 csapja<\/strong><strong>:<\/strong><\/h2>\n<ul>\n<li>Az el\u00fcls\u0151 csapokkal ell\u00e1tott alacsony nyom\u00e1s\u00fa hidraulikus hengereket sz\u00e1mos ipar\u00e1gban \u00e9s alkalmaz\u00e1sban haszn\u00e1lj\u00e1k, k\u00fcl\u00f6n\u00f6sen alacsonyabb hidraulikus nyom\u00e1son m\u0171k\u00f6d\u0151 rendszerekben.<\/li>\n<li>\u00c1ltal\u00e1ban ipari g\u00e9pekben, mobil eszk\u00f6z\u00f6kben \u00e9s m\u00e1s olyan rendszerekben haszn\u00e1lj\u00e1k \u0151ket, ahol helykorl\u00e1toz\u00e1sok vagy speci\u00e1lis telep\u00edt\u00e9si k\u00f6vetelm\u00e9nyek \u00e1llnak fenn.<\/li>\n<li>Ezek a hengerek alkalmasak anyagmozgat\u00e1shoz, emel\u0151szerkezetekhez, sz\u00e1ll\u00edt\u00f3rendszerekhez \u00e9s egy\u00e9b olyan berendez\u00e9sekhez, amelyek line\u00e1ris er\u0151t vagy mozg\u00e1st ig\u00e9nyelnek.<\/li>\n<\/ul>\n<h2><strong>Szerel\u00e9s \u00e9s csatlakoztat\u00e1s <\/strong><strong>Alacsony nyom\u00e1s\u00fa hidraulikus henger els\u0151 csapja<\/strong><strong>:<\/strong><\/h2>\n<ul>\n<li>R\u00f6gz\u00edt\u0151hengerek: Az el\u00fcls\u0151 csapok lehet\u0151v\u00e9 teszik a hidraulikus hengerek k\u00f6zvetlen csatlakoztat\u00e1s\u00e1t m\u00e1s berendez\u00e9sekhez vagy szerkezeti elemekhez. A csapot a hengeren l\u00e9v\u0151 r\u00f6gz\u00edt\u0151furaton vagy konzolon, valamint a berendez\u00e9sen vagy szerkezeten l\u00e9v\u0151 illeszked\u0151 furaton vagy konzolon kereszt\u00fcl kell behelyezni.<\/li>\n<li>Az els\u0151 csap r\u00f6gz\u00edt\u00e9se: Miut\u00e1n az els\u0151 csapot behelyezt\u00e9k a r\u00f6gz\u00edt\u00e9si ponton kereszt\u00fcl, \u00e1ltal\u00e1ban r\u00f6gz\u00edt\u0151bilinccsel, csavarral vagy m\u00e1s r\u00f6gz\u00edt\u0151elemmel tartj\u00e1k a hely\u00e9n. Ezek a r\u00f6gz\u00edt\u0151elemek stabil \u00e9s merev kapcsolatot biztos\u00edtanak a henger \u00e9s az illeszked\u0151 fel\u00fclet k\u00f6z\u00f6tt.<\/li>\n<\/ul>\n<h2><strong>Hogyan m\u0171k\u00f6dik egy hidraulikus henger?<\/strong><\/h2>\n<p>A hidraulikus henger egy mechanikus m\u0171k\u00f6dtet\u0151, amely a hidraulikus energi\u00e1t (nyom\u00e1st \u00e9s folyad\u00e9k\u00e1raml\u00e1st) line\u00e1ris er\u0151v\u00e9 \u00e9s mozg\u00e1ss\u00e1 alak\u00edtja. Egy hengerb\u0151l, egy dugatty\u00fab\u00f3l, egy dugatty\u00far\u00fadb\u00f3l \u00e9s k\u00fcl\u00f6nf\u00e9le t\u00f6m\u00edt\u00e9sekb\u0151l \u00e1ll. A k\u00f6vetkez\u0151kben r\u00f6viden bemutatjuk a hidraulikus henger m\u0171k\u00f6d\u00e9si elv\u00e9t:<\/p>\n<ol>\n<li><strong>Hidraulikafolyad\u00e9k-ell\u00e1t\u00e1s<\/strong>: A hidraulikus henger egy hidraulikus rendszerhez van csatlakoztatva, amely nyom\u00e1s alatt \u00e1ll\u00f3 hidraulikafolyad\u00e9kot, jellemz\u0151en olajat, sz\u00e1ll\u00edt a hengerhez.<\/li>\n<li><strong>Hengercs\u0151 \u00e9s dugatty\u00fa<\/strong>A hengercs\u0151 egy hengeres cs\u0151, amely hidraulikafolyad\u00e9kot tartalmaz. A dugatty\u00fa k\u00e9t kamr\u00e1ra osztja a hengercs\u00f6vet: a r\u00fad oldal\u00e1ra \u00e9s a sapka oldal\u00e1ra.<\/li>\n<li><strong>Dugatty\u00fa \u00e9s dugatty\u00far\u00fad<\/strong>A dugatty\u00fa egy hengeres alkatr\u00e9sz, amely szorosan illeszkedik a hengercs\u0151be. Egy dugatty\u00far\u00fadhoz van r\u00f6gz\u00edtve, amely \u00e1thalad a hengerfej t\u00f6m\u00edt\u00e9s\u00e9n.<\/li>\n<li><strong>T\u00f6m\u00edt\u00e9sek<\/strong>A hidraulikus henger k\u00fcl\u00f6nf\u00e9le t\u00f6m\u00edt\u00e9seket alkalmaz a dugatty\u00fa \u00e9s a hengertest k\u00f6z\u00f6tti folyad\u00e9ksziv\u00e1rg\u00e1s megakad\u00e1lyoz\u00e1s\u00e1ra. Ezek a t\u00f6m\u00edt\u00e9sek magukban foglalj\u00e1k a dugatty\u00fat\u00f6m\u00edt\u00e9seket, a r\u00fadt\u00f6m\u00edt\u00e9seket \u00e9s az ablakt\u00f6rl\u0151 t\u00f6m\u00edt\u00e9seket.<\/li>\n<li><strong>Hidraulikus nyom\u00e1s alkalmaz\u00e1sa<\/strong>A hidraulikafolyad\u00e9kot a hengerbe juttatj\u00e1k, ami nyom\u00e1st hoz l\u00e9tre a hengerkamr\u00e1kban \u2013 a nyom\u00e1s alatt l\u00e9v\u0151 folyad\u00e9k hat a dugatty\u00fara, er\u0151t gener\u00e1lva.<\/li>\n<li><strong>Er\u0151 \u00e9s mozg\u00e1s gener\u00e1l\u00e1sa<\/strong>Amikor hidraulikafolyad\u00e9kot juttatunk a henger sapka fel\u0151li oldal\u00e1ra, a folyad\u00e9knyom\u00e1s \u00e1ltal l\u00e9trehozott er\u0151 kifel\u00e9 nyomja a dugatty\u00fat \u00e9s a dugatty\u00farudat, ami kiny\u00fal\u00e1st vagy kifel\u00e9 ir\u00e1nyul\u00f3 mozg\u00e1st hoz l\u00e9tre. Ford\u00edtva, amikor folyad\u00e9kot juttatunk a r\u00fad oldal\u00e1ra, az er\u0151 befel\u00e9 nyomja a dugatty\u00fat \u00e9s a dugatty\u00farudat, ami visszah\u00faz\u00e1st vagy befel\u00e9 ir\u00e1nyul\u00f3 mozg\u00e1st hoz l\u00e9tre.<\/li>\n<li><strong>Alkalmaz\u00e1s bet\u00f6lt\u00e9se<\/strong>A dugatty\u00far\u00fad a mozgatand\u00f3 teherhez vagy berendez\u00e9shez van csatlakoztatva. Ahogy a dugatty\u00fa \u00e9s a dugatty\u00far\u00fad a hidraulikus nyom\u00e1s hat\u00e1s\u00e1ra kiny\u00falik vagy visszah\u00faz\u00f3dik, a line\u00e1ris er\u0151 \u00e1tker\u00fcl a teherre, lehet\u0151v\u00e9 t\u00e9ve annak mozg\u00e1s\u00e1t.<\/li>\n<li><strong>Ir\u00e1ny\u00edt\u00e1s \u00e9s ir\u00e1ny\u00edt\u00e1s<\/strong>A hidraulikus henger mozg\u00e1sir\u00e1ny\u00e1t \u00e9s vez\u00e9rl\u00e9s\u00e9t a megfelel\u0151 hengerkamr\u00e1ba \u00e1raml\u00f3 hidraulikafolyad\u00e9k szab\u00e1lyoz\u00e1s\u00e1val \u00e9rik el. Ezt jellemz\u0151en ir\u00e1ny\u00edt\u00f3szelepekkel v\u00e9gzik, amelyek szelekt\u00edven ir\u00e1ny\u00edtj\u00e1k a folyad\u00e9k\u00e1raml\u00e1st a henger k\u00edv\u00e1nt oldal\u00e1ra.<\/li>\n<li><strong>Vissza\u00fct\u00e9s<\/strong>: Amikor a folyad\u00e9k\u00e1raml\u00e1s a henger egyik oldal\u00e1ra le\u00e1ll vagy \u00e1tir\u00e1nyul, a szemk\u00f6zti oldalon l\u00e9v\u0151 hidraulikafolyad\u00e9k visszat\u00e9rhet a hidraulikatart\u00e1lyba, \u00e9s a henger k\u00fcls\u0151 er\u0151k vagy rug\u00f3k hat\u00e1s\u00e1ra visszat\u00e9r eredeti helyzet\u00e9be.<\/li>\n<\/ol>\n<h2><strong>A gy\u00e1r kapacit\u00e1sa \u00e9s kapacit\u00e1sa:<\/strong><\/h2>\n<h3>(1) \u00d6sszeszerel\u00e9s<\/h3>\n<p>Els\u0151 oszt\u00e1ly\u00fa f\u00fcggetlen kutat\u00e1s-fejleszt\u00e9si \u00f6sszeszerel\u0151 platformmal rendelkez\u00fcnk. A targoncahenger-gy\u00e1rt\u00f3 m\u0171hely\u00fcnk n\u00e9gy f\u00e9lautomata emel\u0151henger-\u00f6sszeszerel\u0151 sorral \u00e9s egy automatikus billen\u0151henger-\u00f6sszeszerel\u0151 sorral rendelkezik, tervezett \u00e9ves termel\u00e9si kapacit\u00e1sa 1 milli\u00f3 darab; A speci\u00e1lis hengerm\u0171hely k\u00fcl\u00f6nf\u00e9le specifik\u00e1ci\u00f3j\u00fa f\u00e9lautomata tiszt\u00edt\u00f3-\u00f6sszeszerel\u0151 rendszerrel van felszerelve, tervezett \u00e9ves termel\u00e9si kapacit\u00e1sa 200 000 darab. Felszerelts\u00e9g\u00fcnk h\u00edres CNC megmunk\u00e1l\u00f3 berendez\u00e9sekkel, megmunk\u00e1l\u00f3 k\u00f6zponttal, nagy pontoss\u00e1g\u00fa hengermegmunk\u00e1l\u00f3 speci\u00e1lis berendez\u00e9sekkel, robothegeszt\u0151 g\u00e9ppel, automata tiszt\u00edt\u00f3g\u00e9ppel, automata henger\u00f6sszeszerel\u0151 g\u00e9ppel \u00e9s automata fest\u0151 gy\u00e1rt\u00f3sorral. A megl\u00e9v\u0151 kulcsfontoss\u00e1g\u00fa berendez\u00e9sek sz\u00e1ma meghaladja a 300 k\u00e9szletet (k\u00e9szletet). A berendez\u00e9si er\u0151forr\u00e1sok optim\u00e1lis eloszt\u00e1sa \u00e9s hat\u00e9kony felhaszn\u00e1l\u00e1sa biztos\u00edtja a term\u00e9kek pontoss\u00e1gi k\u00f6vetelm\u00e9nyeit \u00e9s a term\u00e9kek magas min\u0151s\u00e9gi k\u00f6vetelm\u00e9nyeinek val\u00f3 megfelel\u00e9st.<\/p>\n<p><img loading=\"lazy\" decoding=\"async\" class=\"alignnone wp-image-626\" src=\"https:\/\/hydraulic-cylinders.net\/wp-content\/uploads\/2023\/08\/hydraulic-cylinder-product-1-300x158.webp\" alt=\"\" width=\"495\" height=\"260\" srcset=\"https:\/\/hydraulic-cylinders.net\/wp-content\/uploads\/2023\/08\/hydraulic-cylinder-product-1-300x158.webp 495w, https:\/\/hydraulic-cylinders.net\/wp-content\/uploads\/2023\/08\/hydraulic-cylinder-product-1-480x252.webp 480w\" sizes=\"(min-width: 0px) and (max-width: 480px) 480px, (min-width: 481px) 495px, 100vw\" \/> <img loading=\"lazy\" decoding=\"async\" class=\"alignnone wp-image-627\" src=\"https:\/\/hydraulic-cylinders.net\/wp-content\/uploads\/2023\/08\/hydraulic-cylinder-product-2-300x189.webp\" alt=\"\" width=\"413\" height=\"260\" \/><\/p>\n<h3>(2) Megmunk\u00e1l\u00e1s<\/h3>\n<p>A megmunk\u00e1l\u00f3m\u0171hely egyedi ferde s\u00edneszterg\u00e1l\u00f3 k\u00f6zponttal, megmunk\u00e1l\u00f3k\u00f6zponttal, nagysebess\u00e9g\u0171 h\u00f3nol\u00f3g\u00e9ppel, hegeszt\u0151robottal \u00e9s egy\u00e9b kapcsol\u00f3d\u00f3 berendez\u00e9sekkel van felszerelve, amelyek legfeljebb 400 mm bels\u0151 \u00e1tm\u00e9r\u0151j\u0171 \u00e9s legfeljebb 6 m\u00e9ter hossz\u00fa hengercs\u00f6vek megmunk\u00e1l\u00e1s\u00e1ra k\u00e9pesek.<\/p>\n<p><img loading=\"lazy\" decoding=\"async\" class=\"alignnone wp-image-628 size-large\" src=\"https:\/\/hydraulic-cylinders.net\/wp-content\/uploads\/2023\/08\/hydraulic-cylinder-product-3-1024x391.webp\" alt=\"\" width=\"1024\" height=\"391\" srcset=\"https:\/\/hydraulic-cylinders.net\/wp-content\/uploads\/2023\/08\/hydraulic-cylinder-product-3-980x374.webp 980w, https:\/\/hydraulic-cylinders.net\/wp-content\/uploads\/2023\/08\/hydraulic-cylinder-product-3-480x183.webp 480w\" sizes=\"(min-width: 0px) and (max-width: 480px) 480px, (min-width: 481px) and (max-width: 980px) 980px, (min-width: 981px) 1024px, 100vw\" \/><\/p>\n<h3>(3) Hegeszt\u00e9s<\/h3>\n<p><img loading=\"lazy\" decoding=\"async\" class=\"alignnone wp-image-629 size-large\" src=\"https:\/\/hydraulic-cylinders.net\/wp-content\/uploads\/2023\/08\/hydraulic-cylinder-product-4-1024x510.webp\" alt=\"\" width=\"1024\" height=\"510\" srcset=\"https:\/\/hydraulic-cylinders.net\/wp-content\/uploads\/2023\/08\/hydraulic-cylinder-product-4-980x488.webp 980w, https:\/\/hydraulic-cylinders.net\/wp-content\/uploads\/2023\/08\/hydraulic-cylinder-product-4-480x239.webp 480w\" sizes=\"(min-width: 0px) and (max-width: 480px) 480px, (min-width: 481px) and (max-width: 980px) 980px, (min-width: 981px) 1024px, 100vw\" \/><\/p>\n<h3>(4) Fest\u00e9s \u00e9s bevonatol\u00e1s<\/h3>\n<p>Kis \u00e9s k\u00f6zepes m\u00e9ret\u0171 hengeres automatikus v\u00edzb\u00e1zis\u00fa fest\u00e9kbevon\u00f3 sorral, az automatikus robot be- \u00e9s kirakod\u00e1s, valamint az automatikus permetez\u00e9s megval\u00f3s\u00edt\u00e1s\u00e1hoz, a tervez\u00e9si kapacit\u00e1s m\u0171szakonk\u00e9nt 4000 darab;<br \/>\nRendelkez\u00fcnk egy f\u00e9lautomata fest\u00e9kgy\u00e1rt\u00f3sorral is nagym\u00e9ret\u0171 palackokhoz, amelyet egy er\u0151l\u00e1nc hajt, m\u0171szakonk\u00e9nt 60 karton tervez\u00e9si kapacit\u00e1ssal.<\/p>\n<p><img loading=\"lazy\" decoding=\"async\" class=\"alignnone wp-image-630\" src=\"https:\/\/hydraulic-cylinders.net\/wp-content\/uploads\/2023\/08\/hydraulic-cylinder-product-5-300x213.webp\" alt=\"\" width=\"366\" height=\"260\" \/> <img loading=\"lazy\" decoding=\"async\" class=\"alignnone wp-image-631\" src=\"https:\/\/hydraulic-cylinders.net\/wp-content\/uploads\/2023\/08\/hydraulic-cylinder-product-6-300x225.webp\" alt=\"\" width=\"347\" height=\"260\" \/><\/p>\n<h3>(5) Tesztel\u00e9s<\/h3>\n<p>Els\u0151 oszt\u00e1ly\u00fa ellen\u0151rz\u0151 l\u00e9tes\u00edtm\u00e9nyekkel \u00e9s tesztpadokkal rendelkez\u00fcnk annak biztos\u00edt\u00e1s\u00e1ra, hogy a palack teljes\u00edtm\u00e9nye megfeleljen a k\u00f6vetelm\u00e9nyeknek.<\/p>\n<p><img loading=\"lazy\" decoding=\"async\" class=\"alignnone wp-image-632\" src=\"https:\/\/hydraulic-cylinders.net\/wp-content\/uploads\/2023\/08\/hydraulic-cylinder-product-8-300x200.webp\" alt=\"\" width=\"389\" height=\"260\" \/><\/p>\n<p>&nbsp;<\/p>\n<p>&nbsp;<\/p>\n<p>Az egyik legjobb alacsony nyom\u00e1s\u00fa hidraulikus henger gy\u00e1rt\u00f3 vagyunk. Sz\u00e9les alacsony nyom\u00e1s\u00fa hidraulikus henger k\u00e9szletet k\u00edn\u00e1lunk. Megfelel\u0151 term\u00e9keket is biztos\u00edtunk. <a href=\"https:\/\/hzpt.com\/agricultural-pto-gearbox\/\" target=\"_blank\" rel=\"noopener\">mez\u0151gazdas\u00e1gi sebess\u00e9gv\u00e1lt\u00f3k<\/a>Term\u00e9keinket vil\u00e1gszerte export\u00e1ltuk \u00fcgyfeleinknek, \u00e9s kiv\u00e1l\u00f3 term\u00e9kmin\u0151s\u00e9g\u00fcnknek \u00e9s \u00e9rt\u00e9kes\u00edt\u00e9s ut\u00e1ni szolg\u00e1ltat\u00e1sunknak k\u00f6sz\u00f6nhet\u0151en j\u00f3 h\u00edrnevet szerezt\u00fcnk. Szeretettel v\u00e1rjuk belf\u00f6ldi \u00e9s k\u00fclf\u00f6ldi \u00fcgyfeleinket, hogy \u00fczleti t\u00e1rgyal\u00e1sok, inform\u00e1ci\u00f3csere \u00e9s egy\u00e9b lehet\u0151s\u00e9gek c\u00e9lj\u00e1b\u00f3l kapcsolatba l\u00e9pjenek vel\u00fcnk.\u00a0<a href=\"https:\/\/www.hydraulic-cylinders.net\/hu\/contact-us\/\">egy\u00fcttm\u0171k\u00f6dni vel\u00fcnk<\/a>!<\/p>\n<p>&nbsp;<\/p>","protected":false},"excerpt":{"rendered":"<p>Low-Pressure Hydraulic Cylinder Front Pin In the case of low-pressure hydraulic cylinders, the term &#8220;front pin&#8221; usually refers to the pin or shaft located at the front end of the cylinder. This pin is used as a connection point or pivot for attaching or mounting the cylinder to other components or equipment. Here is some [&hellip;]<\/p>","protected":false},"featured_media":768,"comment_status":"open","ping_status":"closed","template":"","meta":{"_et_pb_use_builder":"","_et_pb_old_content":"","_et_gb_content_width":""},"product_brand":[],"product_cat":[1376,1388],"product_tag":[1380],"class_list":{"0":"post-765","1":"product","2":"type-product","3":"status-publish","4":"has-post-thumbnail","6":"product_cat-hydraulic-cylinder","7":"product_cat-low-pressure-hydraulic-cylinder","8":"product_tag-hydraulic-cylinder","10":"first","11":"instock","12":"shipping-taxable","13":"product-type-simple"},"amp_enabled":true,"_links":{"self":[{"href":"https:\/\/www.hydraulic-cylinders.net\/hu\/wp-json\/wp\/v2\/product\/765","targetHints":{"allow":["GET"]}}],"collection":[{"href":"https:\/\/www.hydraulic-cylinders.net\/hu\/wp-json\/wp\/v2\/product"}],"about":[{"href":"https:\/\/www.hydraulic-cylinders.net\/hu\/wp-json\/wp\/v2\/types\/product"}],"replies":[{"embeddable":true,"href":"https:\/\/www.hydraulic-cylinders.net\/hu\/wp-json\/wp\/v2\/comments?post=765"}],"wp:featuredmedia":[{"embeddable":true,"href":"https:\/\/www.hydraulic-cylinders.net\/hu\/wp-json\/wp\/v2\/media\/768"}],"wp:attachment":[{"href":"https:\/\/www.hydraulic-cylinders.net\/hu\/wp-json\/wp\/v2\/media?parent=765"}],"wp:term":[{"taxonomy":"product_brand","embeddable":true,"href":"https:\/\/www.hydraulic-cylinders.net\/hu\/wp-json\/wp\/v2\/product_brand?post=765"},{"taxonomy":"product_cat","embeddable":true,"href":"https:\/\/www.hydraulic-cylinders.net\/hu\/wp-json\/wp\/v2\/product_cat?post=765"},{"taxonomy":"product_tag","embeddable":true,"href":"https:\/\/www.hydraulic-cylinders.net\/hu\/wp-json\/wp\/v2\/product_tag?post=765"}],"curies":[{"name":"munkaf\u00fczet","href":"https:\/\/api.w.org\/{rel}","templated":true}]}}