{"id":778,"date":"2023-08-23T02:56:01","date_gmt":"2023-08-23T02:56:01","guid":{"rendered":"https:\/\/hydraulic-cylinders.net\/?post_type=product&#038;p=778"},"modified":"2025-03-27T01:12:56","modified_gmt":"2025-03-27T01:12:56","slug":"low-pressure-hydraulic-cylinder-footstand","status":"publish","type":"product","link":"https:\/\/www.hydraulic-cylinders.net\/hu\/termek\/low-pressure-hydraulic-cylinder-footstand\/","title":{"rendered":"Alacsony nyom\u00e1s\u00fa hidraulikus henger l\u00e1btart\u00f3"},"content":{"rendered":"<h1 style=\"text-align: center;\"><strong>Alacsony nyom\u00e1s\u00fa hidraulikus henger l\u00e1btart\u00f3<\/strong><\/h1>\n<p><img loading=\"lazy\" decoding=\"async\" class=\"aligncenter wp-image-779 size-full\" src=\"https:\/\/hydraulic-cylinders.net\/wp-content\/uploads\/2023\/08\/low-pressure-pull-rod-hydraulic-cylinder-footstand-1.webp\" alt=\"\" width=\"394\" height=\"164\" srcset=\"https:\/\/www.hydraulic-cylinders.net\/wp-content\/uploads\/2023\/08\/low-pressure-pull-rod-hydraulic-cylinder-footstand-1.webp 394w, https:\/\/www.hydraulic-cylinders.net\/wp-content\/uploads\/2023\/08\/low-pressure-pull-rod-hydraulic-cylinder-footstand-1-300x125.webp 300w\" sizes=\"(max-width: 394px) 100vw, 394px\" \/><\/p>\n<p>Egy alacsony nyom\u00e1s\u00fa hidraulikus hengerben az \u00e1llv\u00e1ny az az alkatr\u00e9sz, amely stabilit\u00e1st \u00e9s tart\u00e1st biztos\u00edt a hengernek. \u00c1ltal\u00e1ban egy f\u00e9mlemez vagy konzol, amely a henger alj\u00e1hoz vagy alapj\u00e1hoz van r\u00f6gz\u00edtve. Az \u00e1llv\u00e1nyoknak sz\u00e1mos felhaszn\u00e1l\u00e1si m\u00f3dja van, t\u00f6bbek k\u00f6z\u00f6tt:<\/p>\n<p>Stabilit\u00e1s: A talp seg\u00edt stabiliz\u00e1lni a hidraulikus hengert, \u00e9s megakad\u00e1lyozza annak felborul\u00e1s\u00e1t vagy felborul\u00e1s\u00e1t m\u0171k\u00f6d\u00e9s k\u00f6zben, illetve k\u00fcls\u0151 er\u0151hat\u00e1sok hat\u00e1s\u00e1ra.<\/p>\n<p>T\u00e1masz: Az \u00e1llv\u00e1ny biztons\u00e1gos alapot biztos\u00edt a henger sz\u00e1m\u00e1ra, biztos\u00edtva a henger s\u00faly\u00e1nak megfelel\u0151 be\u00e1ll\u00edt\u00e1s\u00e1t \u00e9s eloszt\u00e1s\u00e1t. Seg\u00edt meg\u0151rizni a henger szerkezet\u00e9nek integrit\u00e1s\u00e1t, \u00e9s megakad\u00e1lyozza a r\u00f6gz\u00edt\u00e9si ponton fell\u00e9p\u0151 t\u00falzott terhel\u00e9st.<\/p>\n<p>R\u00f6gz\u00edt\u00e9s: Az \u00e1llv\u00e1ny \u00e1ltal\u00e1ban furatokkal vagy ny\u00edl\u00e1sokkal rendelkezik a henger berendez\u00e9shez, g\u00e9phez vagy szerkezethez val\u00f3 r\u00f6gz\u00edt\u00e9s\u00e9hez. Ezek a r\u00f6gz\u00edt\u00e9si pontok lehet\u0151v\u00e9 teszik a henger biztons\u00e1gos \u00e9s megb\u00edzhat\u00f3 telep\u00edt\u00e9s\u00e9t.<\/p>\n<p>Szintez\u00e9s: Bizonyos esetekben az \u00e1llv\u00e1nyok \u00e1ll\u00edthat\u00f3 funkci\u00f3kat tartalmazhatnak, p\u00e9ld\u00e1ul menetes l\u00e1bakat vagy szintez\u0151csavarokat. Ezek lehet\u0151v\u00e9 teszik a henger finomhangol\u00e1s\u00e1t \u00e9s szintez\u00e9s\u00e9t a megfelel\u0151 m\u0171k\u00f6d\u00e9s \u00e9s a t\u00f6bbi alkatr\u00e9szhez val\u00f3 igaz\u00edt\u00e1s biztos\u00edt\u00e1sa \u00e9rdek\u00e9ben.<\/p>\n<h2><strong>Alacsony nyom\u00e1s\u00fa hidraulikus henger talpparam\u00e9tere:<\/strong><\/h2>\n<p><img loading=\"lazy\" decoding=\"async\" class=\"alignnone wp-image-780 size-full\" src=\"https:\/\/hydraulic-cylinders.net\/wp-content\/uploads\/2023\/08\/low-pressure-pull-rod-hydraulic-cylinder-footstand-2.webp\" alt=\"\" width=\"703\" height=\"314\" srcset=\"https:\/\/hydraulic-cylinders.net\/wp-content\/uploads\/2023\/08\/low-pressure-pull-rod-hydraulic-cylinder-footstand-2.webp 703w, https:\/\/hydraulic-cylinders.net\/wp-content\/uploads\/2023\/08\/low-pressure-pull-rod-hydraulic-cylinder-footstand-2-480x214.webp 480w\" sizes=\"(min-width: 0px) and (max-width: 480px) 480px, (min-width: 481px) 703px, 100vw\" \/><\/p>\n<h2><strong>\u00c9p\u00edt\u00e9se <\/strong><strong>Alacsony nyom\u00e1s\u00fa hidraulikus henger l\u00e1btart\u00f3<\/strong><strong>:<\/strong><\/h2>\n<p>Fontos megjegyezni, hogy az \u00e1llv\u00e1ny kialak\u00edt\u00e1sa \u00e9s konstrukci\u00f3ja az adott hengermodellt\u0151l \u00e9s alkalmaz\u00e1st\u00f3l f\u00fcgg\u0151en v\u00e1ltozhat. Egyes hidraulikus hengerek be\u00e9p\u00edtett \u00e1llv\u00e1nnyal rendelkezhetnek, m\u00edg m\u00e1sok k\u00fcl\u00f6n \u00e1llv\u00e1nyr\u00f6gz\u00edt\u00e9st ig\u00e9nyelhetnek a stabilit\u00e1s \u00e9s a megt\u00e1maszt\u00e1s \u00e9rdek\u00e9ben.<\/p>\n<p>Alacsony nyom\u00e1s\u00fa hidraulikus henger konzolj\u00e1nak kiv\u00e1laszt\u00e1sakor vagy telep\u00edt\u00e9sekor aj\u00e1nlott a gy\u00e1rt\u00f3 dokument\u00e1ci\u00f3j\u00e1t vagy ir\u00e1nyelveit figyelembe venni a kompatibilit\u00e1s \u00e9s a megfelel\u0151 telep\u00edt\u00e9si elj\u00e1r\u00e1sok biztos\u00edt\u00e1sa \u00e9rdek\u00e9ben. Ezenk\u00edv\u00fcl az alkalmaz\u00e1s konkr\u00e9t \u00fczemi k\u00f6r\u00fclm\u00e9nyeinek \u00e9s k\u00f6vetelm\u00e9nyeinek figyelembev\u00e9tele seg\u00edt meghat\u00e1rozni a megfelel\u0151 konzolkialak\u00edt\u00e1st \u00e9s funkcionalit\u00e1st, amely az optim\u00e1lis teljes\u00edtm\u00e9ny \u00e9s biztons\u00e1g \u00e9rdek\u00e9ben sz\u00fcks\u00e9ges.<\/p>\n<h2><strong>Hogyan tal\u00e1lok t\u00f6m\u00edt\u0151k\u00e9szletet hidraulikus hengerhez?<\/strong><\/h2>\n<p>Hidraulikus henger t\u00f6m\u00edt\u0151k\u00e9szlet\u00e9nek megtal\u00e1l\u00e1s\u00e1hoz k\u00f6vesse az al\u00e1bbi l\u00e9p\u00e9seket:<\/p>\n<ol>\n<li><strong>Inform\u00e1ci\u00f3gy\u0171jt\u00e9s<\/strong>Gy\u0171jts\u00f6n \u00f6ssze annyi inform\u00e1ci\u00f3t, amennyit csak lehets\u00e9ges arr\u00f3l a hidraulikus hengerr\u0151l, amelyhez t\u00f6m\u00edt\u0151k\u00e9szletre van sz\u00fcks\u00e9ge. Ez mag\u00e1ban foglalja a henger gy\u00e1rtm\u00e1ny\u00e1t \u00e9s modellj\u00e9t, a henger m\u00e9reteit (furat\u00e1tm\u00e9r\u0151, r\u00fad\u00e1tm\u00e9r\u0151, l\u00f6kethossz) \u00e9s minden egy\u00e9b relev\u00e1ns specifik\u00e1ci\u00f3t.<\/li>\n<li><strong>A gy\u00e1rt\u00f3 azonos\u00edt\u00e1sa<\/strong>: Hat\u00e1rozza meg a hidraulikus henger gy\u00e1rt\u00f3j\u00e1t. Ez az inform\u00e1ci\u00f3 \u00e1ltal\u00e1ban mag\u00e1n a hengeren vagy a berendez\u00e9s dokument\u00e1ci\u00f3j\u00e1ban tal\u00e1lhat\u00f3. A gy\u00e1rt\u00f3 ismerete seg\u00edt megtal\u00e1lni a megfelel\u0151 t\u00f6m\u00edt\u0151k\u00e9szletet.<\/li>\n<li><strong>Gy\u00e1rt\u00f3i forr\u00e1sok<\/strong>: L\u00e1togassa meg a gy\u00e1rt\u00f3 weboldal\u00e1t, vagy vegye fel a kapcsolatot az \u00fcgyf\u00e9lszolg\u00e1latukkal, ha a hidraulikus hengerekhez val\u00f3 t\u00f6m\u00edt\u00e9sk\u00e9szletekr\u0151l szeretne \u00e9rdekl\u0151dni. Sok gy\u00e1rt\u00f3 k\u00edn\u00e1l kifejezetten a hengereihez tervezett t\u00f6m\u00edt\u00e9sk\u00e9szleteket, \u00e9s \u00fatmutat\u00e1st tud adni a megfelel\u0151 k\u00e9szlet kiv\u00e1laszt\u00e1s\u00e1hoz.<\/li>\n<li><strong>Forgalmaz\u00f3k \u00e9s keresked\u0151k<\/strong>: \u00c9rdekl\u0151dj\u00f6n a hidraulikus henger gy\u00e1rt\u00f3j\u00e1nak hivatalos forgalmaz\u00f3in\u00e1l vagy keresked\u0151in\u00e9l. Ezek a besz\u00e1ll\u00edt\u00f3k gyakran forgalmaznak t\u00f6m\u00edt\u0151k\u00e9szleteket az \u00e1ltaluk forgalmazott hengerekhez. A henger gy\u00e1rtm\u00e1nya \u00e9s modellje alapj\u00e1n tudj\u00e1k biztos\u00edtani a megfelel\u0151 k\u00e9szletet.<\/li>\n<li><strong>Online besz\u00e1ll\u00edt\u00f3k<\/strong>: Keressen hidraulikus t\u00f6m\u00edt\u00e9sk\u00e9szlet-besz\u00e1ll\u00edt\u00f3kat vagy hidraulikus alkatr\u00e9sz-besz\u00e1ll\u00edt\u00f3kat online. Sz\u00e1mos weboldal \u00e9s online piact\u00e9r specializ\u00e1l\u00f3dott hidraulikus t\u00f6m\u00edt\u00e9sekre \u00e9s k\u00e9szletekre. Adja meg a hidraulikus henger\u00e9re vonatkoz\u00f3 relev\u00e1ns inform\u00e1ci\u00f3kat a kompatibilis t\u00f6m\u00edt\u00e9sk\u00e9szletek megtal\u00e1l\u00e1s\u00e1hoz.<\/li>\n<li><strong>M\u00e9retek \u00e9s specifik\u00e1ci\u00f3k<\/strong>Hasonl\u00edtsa \u00f6ssze a rendelkez\u00e9sre \u00e1ll\u00f3 t\u00f6m\u00edt\u00e9sk\u00e9szletek m\u00e9reteit \u00e9s specifik\u00e1ci\u00f3it a hidraulikus henger k\u00f6vetelm\u00e9nyeivel. Gy\u0151z\u0151dj\u00f6n meg arr\u00f3l, hogy a k\u00e9szlet megfelel a henger furatm\u00e9ret\u00e9nek, r\u00fad\u00e1tm\u00e9r\u0151j\u00e9nek \u00e9s egy\u00e9b kritikus param\u00e9tereknek.<\/li>\n<li><strong>Min\u0151s\u00e9g \u00e9s kompatibilit\u00e1s<\/strong>Vegye figyelembe a t\u00f6m\u00edt\u00e9sk\u00e9szlet min\u0151s\u00e9g\u00e9t \u00e9s kompatibilit\u00e1s\u00e1t. Fontos, hogy egy j\u00f3 h\u00edr\u0171 besz\u00e1ll\u00edt\u00f3t v\u00e1lasszon, aki kiv\u00e1l\u00f3 min\u0151s\u00e9g\u0171 t\u00f6m\u00edt\u00e9seket k\u00edn\u00e1l a hidraulikus henger megfelel\u0151 m\u0171k\u00f6d\u00e9s\u00e9nek \u00e9s hossz\u00fa \u00e9lettartam\u00e1nak biztos\u00edt\u00e1sa \u00e9rdek\u00e9ben.<\/li>\n<li><strong>V\u00e1s\u00e1rl\u00e1s \u00e9s telep\u00edt\u00e9s<\/strong>Miut\u00e1n kiv\u00e1lasztotta a megfelel\u0151 t\u00f6m\u00edt\u00e9sk\u00e9szletet, folytassa a v\u00e1s\u00e1rl\u00e1st a kiv\u00e1lasztott besz\u00e1ll\u00edt\u00f3t\u00f3l. K\u00f6vesse a gy\u00e1rt\u00f3 utas\u00edt\u00e1sait a telep\u00edt\u00e9shez, vagy forduljon hidraulikus rendszer szak\u00e9rt\u0151j\u00e9hez, ha bizonytalan a csere folyamat\u00e1ban.<\/li>\n<\/ol>\n<h2><strong>A gy\u00e1r kapacit\u00e1sa \u00e9s kapacit\u00e1sa:<\/strong><\/h2>\n<h3>(1) \u00d6sszeszerel\u00e9s<\/h3>\n<p>Els\u0151 oszt\u00e1ly\u00fa f\u00fcggetlen kutat\u00e1s-fejleszt\u00e9si \u00f6sszeszerel\u0151 platformmal rendelkez\u00fcnk. A targoncahenger-gy\u00e1rt\u00f3 m\u0171hely\u00fcnk n\u00e9gy f\u00e9lautomata emel\u0151henger-\u00f6sszeszerel\u0151 sorral \u00e9s egy automatikus billen\u0151henger-\u00f6sszeszerel\u0151 sorral rendelkezik, tervezett \u00e9ves termel\u00e9si kapacit\u00e1sa 1 milli\u00f3 darab; A speci\u00e1lis hengerm\u0171hely k\u00fcl\u00f6nf\u00e9le specifik\u00e1ci\u00f3j\u00fa f\u00e9lautomata tiszt\u00edt\u00f3-\u00f6sszeszerel\u0151 rendszerrel van felszerelve, tervezett \u00e9ves termel\u00e9si kapacit\u00e1sa 200 000 darab. Felszerelts\u00e9g\u00fcnk h\u00edres CNC megmunk\u00e1l\u00f3 berendez\u00e9sekkel, megmunk\u00e1l\u00f3 k\u00f6zponttal, nagy pontoss\u00e1g\u00fa hengermegmunk\u00e1l\u00f3 speci\u00e1lis berendez\u00e9sekkel, robothegeszt\u0151 g\u00e9ppel, automata tiszt\u00edt\u00f3g\u00e9ppel, automata henger\u00f6sszeszerel\u0151 g\u00e9ppel \u00e9s automata fest\u0151 gy\u00e1rt\u00f3sorral. A megl\u00e9v\u0151 kulcsfontoss\u00e1g\u00fa berendez\u00e9sek sz\u00e1ma meghaladja a 300 k\u00e9szletet (k\u00e9szletet). A berendez\u00e9si er\u0151forr\u00e1sok optim\u00e1lis eloszt\u00e1sa \u00e9s hat\u00e9kony felhaszn\u00e1l\u00e1sa biztos\u00edtja a term\u00e9kek pontoss\u00e1gi k\u00f6vetelm\u00e9nyeit \u00e9s a term\u00e9kek magas min\u0151s\u00e9gi k\u00f6vetelm\u00e9nyeinek val\u00f3 megfelel\u00e9st.<\/p>\n<p><img loading=\"lazy\" decoding=\"async\" class=\"alignnone wp-image-626\" src=\"https:\/\/hydraulic-cylinders.net\/wp-content\/uploads\/2023\/08\/hydraulic-cylinder-product-1-300x158.webp\" alt=\"\" width=\"495\" height=\"260\" srcset=\"https:\/\/hydraulic-cylinders.net\/wp-content\/uploads\/2023\/08\/hydraulic-cylinder-product-1-300x158.webp 495w, https:\/\/hydraulic-cylinders.net\/wp-content\/uploads\/2023\/08\/hydraulic-cylinder-product-1-480x252.webp 480w\" sizes=\"(min-width: 0px) and (max-width: 480px) 480px, (min-width: 481px) 495px, 100vw\" \/> <img loading=\"lazy\" decoding=\"async\" class=\"alignnone wp-image-627\" src=\"https:\/\/hydraulic-cylinders.net\/wp-content\/uploads\/2023\/08\/hydraulic-cylinder-product-2-300x189.webp\" alt=\"\" width=\"413\" height=\"260\" \/><\/p>\n<h3>(2) Megmunk\u00e1l\u00e1s<\/h3>\n<p>A megmunk\u00e1l\u00f3m\u0171hely egyedi ferde s\u00edneszterg\u00e1l\u00f3 k\u00f6zponttal, megmunk\u00e1l\u00f3k\u00f6zponttal, nagysebess\u00e9g\u0171 h\u00f3nol\u00f3g\u00e9ppel, hegeszt\u0151robottal \u00e9s egy\u00e9b kapcsol\u00f3d\u00f3 berendez\u00e9sekkel van felszerelve, amelyek legfeljebb 400 mm bels\u0151 \u00e1tm\u00e9r\u0151j\u0171 \u00e9s legfeljebb 6 m\u00e9ter hossz\u00fa hengercs\u00f6vek megmunk\u00e1l\u00e1s\u00e1ra k\u00e9pesek.<\/p>\n<p><img loading=\"lazy\" decoding=\"async\" class=\"alignnone wp-image-628 size-large\" src=\"https:\/\/hydraulic-cylinders.net\/wp-content\/uploads\/2023\/08\/hydraulic-cylinder-product-3-1024x391.webp\" alt=\"\" width=\"1024\" height=\"391\" srcset=\"https:\/\/hydraulic-cylinders.net\/wp-content\/uploads\/2023\/08\/hydraulic-cylinder-product-3-980x374.webp 980w, https:\/\/hydraulic-cylinders.net\/wp-content\/uploads\/2023\/08\/hydraulic-cylinder-product-3-480x183.webp 480w\" sizes=\"(min-width: 0px) and (max-width: 480px) 480px, (min-width: 481px) and (max-width: 980px) 980px, (min-width: 981px) 1024px, 100vw\" \/><\/p>\n<h3>(3) Hegeszt\u00e9s<\/h3>\n<p><img loading=\"lazy\" decoding=\"async\" class=\"alignnone wp-image-629 size-large\" src=\"https:\/\/hydraulic-cylinders.net\/wp-content\/uploads\/2023\/08\/hydraulic-cylinder-product-4-1024x510.webp\" alt=\"\" width=\"1024\" height=\"510\" srcset=\"https:\/\/hydraulic-cylinders.net\/wp-content\/uploads\/2023\/08\/hydraulic-cylinder-product-4-980x488.webp 980w, https:\/\/hydraulic-cylinders.net\/wp-content\/uploads\/2023\/08\/hydraulic-cylinder-product-4-480x239.webp 480w\" sizes=\"(min-width: 0px) and (max-width: 480px) 480px, (min-width: 481px) and (max-width: 980px) 980px, (min-width: 981px) 1024px, 100vw\" \/><\/p>\n<h3>(4) Fest\u00e9s \u00e9s bevonatol\u00e1s<\/h3>\n<p>Kis \u00e9s k\u00f6zepes m\u00e9ret\u0171 hengeres automatikus v\u00edzb\u00e1zis\u00fa fest\u00e9kbevon\u00f3 sorral, az automatikus robot be- \u00e9s kirakod\u00e1s, valamint az automatikus permetez\u00e9s megval\u00f3s\u00edt\u00e1s\u00e1hoz, a tervez\u00e9si kapacit\u00e1s m\u0171szakonk\u00e9nt 4000 darab;<br \/>\nRendelkez\u00fcnk egy f\u00e9lautomata fest\u00e9kgy\u00e1rt\u00f3sorral is nagym\u00e9ret\u0171 palackokhoz, amelyet egy er\u0151l\u00e1nc hajt, m\u0171szakonk\u00e9nt 60 karton tervez\u00e9si kapacit\u00e1ssal.<\/p>\n<p><img loading=\"lazy\" decoding=\"async\" class=\"alignnone wp-image-630\" src=\"https:\/\/hydraulic-cylinders.net\/wp-content\/uploads\/2023\/08\/hydraulic-cylinder-product-5-300x213.webp\" alt=\"\" width=\"366\" height=\"260\" \/> <img loading=\"lazy\" decoding=\"async\" class=\"alignnone wp-image-631\" src=\"https:\/\/hydraulic-cylinders.net\/wp-content\/uploads\/2023\/08\/hydraulic-cylinder-product-6-300x225.webp\" alt=\"\" width=\"347\" height=\"260\" \/><\/p>\n<h3>(5) Tesztel\u00e9s<\/h3>\n<p>Els\u0151 oszt\u00e1ly\u00fa ellen\u0151rz\u0151 l\u00e9tes\u00edtm\u00e9nyekkel \u00e9s tesztpadokkal rendelkez\u00fcnk annak biztos\u00edt\u00e1s\u00e1ra, hogy a palack teljes\u00edtm\u00e9nye megfeleljen a k\u00f6vetelm\u00e9nyeknek.<\/p>\n<p><img loading=\"lazy\" decoding=\"async\" class=\"alignnone wp-image-632\" src=\"https:\/\/hydraulic-cylinders.net\/wp-content\/uploads\/2023\/08\/hydraulic-cylinder-product-8-300x200.webp\" alt=\"\" width=\"389\" height=\"260\" \/><\/p>\n<p>&nbsp;<\/p>\n<p>&nbsp;<\/p>\n<p>Az egyik legjobb alacsony nyom\u00e1s\u00fa hidraulikus henger gy\u00e1rt\u00f3 vagyunk. Sz\u00e9les alacsony nyom\u00e1s\u00fa hidraulikus henger k\u00e9szletet k\u00edn\u00e1lunk. Megfelel\u0151 term\u00e9keket is biztos\u00edtunk. <a href=\"https:\/\/hzpt.com\/agricultural-pto-gearbox\/\" target=\"_blank\" rel=\"noopener\">mez\u0151gazdas\u00e1gi sebess\u00e9gv\u00e1lt\u00f3k<\/a>Term\u00e9keinket vil\u00e1gszerte export\u00e1ltuk \u00fcgyfeleinknek, \u00e9s kiv\u00e1l\u00f3 term\u00e9kmin\u0151s\u00e9g\u00fcnknek \u00e9s \u00e9rt\u00e9kes\u00edt\u00e9s ut\u00e1ni szolg\u00e1ltat\u00e1sunknak k\u00f6sz\u00f6nhet\u0151en j\u00f3 h\u00edrnevet szerezt\u00fcnk. Szeretettel v\u00e1rjuk belf\u00f6ldi \u00e9s k\u00fclf\u00f6ldi \u00fcgyfeleinket, hogy \u00fczleti t\u00e1rgyal\u00e1sok, inform\u00e1ci\u00f3csere \u00e9s egy\u00e9b lehet\u0151s\u00e9gek c\u00e9lj\u00e1b\u00f3l kapcsolatba l\u00e9pjenek vel\u00fcnk.\u00a0<a href=\"https:\/\/www.hydraulic-cylinders.net\/hu\/contact-us\/\">egy\u00fcttm\u0171k\u00f6dni vel\u00fcnk<\/a>!<\/p>\n<p>&nbsp;<\/p>","protected":false},"excerpt":{"rendered":"<p>Low-Pressure Hydraulic Cylinder Footstand In a low-pressure hydraulic cylinder, the tripod is the component that provides stability and support for the cylinder. It is usually a metal plate or bracket attached to the cylinder&#8217;s bottom or base. Tripods have several uses, including: Stability: The foot base helps to stabilize the hydraulic cylinder and prevent it [&hellip;]<\/p>","protected":false},"featured_media":891,"comment_status":"open","ping_status":"closed","template":"","meta":{"_et_pb_use_builder":"","_et_pb_old_content":"","_et_gb_content_width":""},"product_brand":[],"product_cat":[1376,1388],"product_tag":[1380],"class_list":{"0":"post-778","1":"product","2":"type-product","3":"status-publish","4":"has-post-thumbnail","6":"product_cat-hydraulic-cylinder","7":"product_cat-low-pressure-hydraulic-cylinder","8":"product_tag-hydraulic-cylinder","10":"first","11":"instock","12":"shipping-taxable","13":"product-type-simple"},"amp_enabled":true,"_links":{"self":[{"href":"https:\/\/www.hydraulic-cylinders.net\/hu\/wp-json\/wp\/v2\/product\/778","targetHints":{"allow":["GET"]}}],"collection":[{"href":"https:\/\/www.hydraulic-cylinders.net\/hu\/wp-json\/wp\/v2\/product"}],"about":[{"href":"https:\/\/www.hydraulic-cylinders.net\/hu\/wp-json\/wp\/v2\/types\/product"}],"replies":[{"embeddable":true,"href":"https:\/\/www.hydraulic-cylinders.net\/hu\/wp-json\/wp\/v2\/comments?post=778"}],"wp:featuredmedia":[{"embeddable":true,"href":"https:\/\/www.hydraulic-cylinders.net\/hu\/wp-json\/wp\/v2\/media\/891"}],"wp:attachment":[{"href":"https:\/\/www.hydraulic-cylinders.net\/hu\/wp-json\/wp\/v2\/media?parent=778"}],"wp:term":[{"taxonomy":"product_brand","embeddable":true,"href":"https:\/\/www.hydraulic-cylinders.net\/hu\/wp-json\/wp\/v2\/product_brand?post=778"},{"taxonomy":"product_cat","embeddable":true,"href":"https:\/\/www.hydraulic-cylinders.net\/hu\/wp-json\/wp\/v2\/product_cat?post=778"},{"taxonomy":"product_tag","embeddable":true,"href":"https:\/\/www.hydraulic-cylinders.net\/hu\/wp-json\/wp\/v2\/product_tag?post=778"}],"curies":[{"name":"munkaf\u00fczet","href":"https:\/\/api.w.org\/{rel}","templated":true}]}}