{"id":837,"date":"2023-08-30T06:19:28","date_gmt":"2023-08-30T06:19:28","guid":{"rendered":"https:\/\/hydraulic-cylinders.net\/?post_type=product&#038;p=837"},"modified":"2025-04-16T02:22:41","modified_gmt":"2025-04-16T02:22:41","slug":"ca-monoaural-type-phs-fisheye-connector-light-rod-hydraulic-cylinder","status":"publish","type":"product","link":"https:\/\/www.hydraulic-cylinders.net\/hu\/termek\/ca-monoaural-type-phs-fisheye-connector-light-rod-hydraulic-cylinder\/","title":{"rendered":"CA monoaur\u00e1lis t\u00edpus\u00fa PHS halszemcsatlakoz\u00f3 f\u00e9nyr\u00fad hidraulikus henger"},"content":{"rendered":"<h1 style=\"text-align: center;\"><strong>CA monoaur\u00e1lis t\u00edpus\u00fa PHS halszemcsatlakoz\u00f3 f\u00e9nyr\u00fad hidraulikus henger<\/strong><\/h1>\n<p><img loading=\"lazy\" decoding=\"async\" class=\"size-full wp-image-838 aligncenter\" src=\"https:\/\/hydraulic-cylinders.net\/wp-content\/uploads\/2023\/08\/ca-monoaural-type-phs-fisheye-connector-light-pull-rod-hydraulic-cylinder-2.webp\" alt=\"\" width=\"287\" height=\"204\" srcset=\"https:\/\/www.hydraulic-cylinders.net\/wp-content\/uploads\/2023\/08\/ca-monoaural-type-phs-fisheye-connector-light-pull-rod-hydraulic-cylinder-2.webp 287w, https:\/\/www.hydraulic-cylinders.net\/wp-content\/uploads\/2023\/08\/ca-monoaural-type-phs-fisheye-connector-light-pull-rod-hydraulic-cylinder-2-18x12.webp 18w\" sizes=\"(max-width: 287px) 100vw, 287px\" \/><\/p>\n<p>A CA Monoaural Type PHS halszem csatlakoz\u00f3s k\u00f6nny\u0171r\u00fad hidraulikus henger egy innovat\u00edv hidraulikus henger, amelyet az ipari alkalmaz\u00e1sokban fokozott pontoss\u00e1g, csatlakoztathat\u00f3s\u00e1g \u00e9s hat\u00e9konys\u00e1g biztos\u00edt\u00e1s\u00e1ra terveztek. Ez a henger \u00f6tv\u00f6zi a monoaural kialak\u00edt\u00e1s, a PHS halszem csatlakoz\u00f3 \u00e9s a k\u00f6nny\u0171r\u00fad konstrukci\u00f3 el\u0151nyeit, hogy megb\u00edzhat\u00f3 \u00e9s nagy teljes\u00edtm\u00e9ny\u0171 hidraulikus teljes\u00edtm\u00e9nyt biztos\u00edtson.<\/p>\n<p>A k\u00f6nny\u0171 r\u00fad hidraulikus henger f\u0151bb jellemz\u0151i \u00e9s el\u0151nyei:<\/p>\n<p><strong>Monoaur\u00e1lis kialak\u00edt\u00e1s:<\/strong> A k\u00f6nny\u0171rudas hidraulikus henger monoaur\u00e1lis kialak\u00edt\u00e1s\u00fa, egyetlen r\u00faddal, amely az egyik v\u00e9g\u00e9b\u0151l ny\u00falik ki. Ez a kialak\u00edt\u00e1s kompakt kialak\u00edt\u00e1st biztos\u00edt \u00e9s egyszer\u0171s\u00edti a telep\u00edt\u00e9st, \u00edgy alkalmass\u00e1 teszi korl\u00e1tozott helyig\u00e9ny\u0171 alkalmaz\u00e1sokhoz.<\/p>\n<p><strong>PHS halszem csatlakoz\u00f3:<\/strong>\u00a0A PHS halszem csatlakoz\u00f3 ennek a hidraulikus hengernek az egyedi tulajdons\u00e1ga. Biztons\u00e1gos \u00e9s hat\u00e9kony kapcsolatot biztos\u00edt a henger \u00e9s m\u00e1s hidraulikus alkatr\u00e9szek k\u00f6z\u00f6tt, biztos\u00edtva a megb\u00edzhat\u00f3 er\u0151\u00e1tvitelt \u00e9s minimaliz\u00e1lva a sziv\u00e1rg\u00e1s kock\u00e1zat\u00e1t.<\/p>\n<p><strong>F\u00e9nyr\u00fad fel\u00e9p\u00edt\u00e9se:<\/strong> A f\u00e9nyr\u00fad k\u00f6nny\u0171 anyagokb\u00f3l, p\u00e9ld\u00e1ul alum\u00edniumb\u00f3l vagy kompozitokb\u00f3l k\u00e9sz\u00fcl. Ez cs\u00f6kkenti az \u00f6sszt\u00f6meget, gyorsabb m\u0171k\u00f6d\u00e9st, alacsonyabb energiafogyaszt\u00e1st \u00e9s jobb hat\u00e9konys\u00e1got tesz lehet\u0151v\u00e9.<\/p>\n<p><strong>Fokozott pontoss\u00e1g:<\/strong> A CA monoaural t\u00edpus\u00fa PHS halszem csatlakoz\u00f3s k\u00f6nny\u0171r\u00fadas hidraulikus henger prec\u00edz line\u00e1ris mozg\u00e1svez\u00e9rl\u00e9st biztos\u00edt. Pontos pozicion\u00e1l\u00e1st \u00e9s sima mozg\u00e1st biztos\u00edt, \u00edgy ide\u00e1lis a nagy pontoss\u00e1got ig\u00e9nyl\u0151 alkalmaz\u00e1sokhoz, mint p\u00e9ld\u00e1ul a robotika, az automatiz\u00e1l\u00e1si rendszerek \u00e9s a csomagol\u00f3g\u00e9pek.<\/p>\n<h2><strong>CA Monoaural Type PHS Halszem csatlakoz\u00f3 Vil\u00e1g\u00edt\u00f3r\u00fad Hidraulikus Munkahenger Param\u00e9ter:<\/strong><\/h2>\n<p><img loading=\"lazy\" decoding=\"async\" class=\"alignnone wp-image-839 size-full\" src=\"https:\/\/hydraulic-cylinders.net\/wp-content\/uploads\/2023\/08\/ca-monoaural-type-phs-fisheye-connector-light-pull-rod-hydraulic-cylinder-1.webp\" alt=\"\" width=\"790\" height=\"430\" srcset=\"https:\/\/hydraulic-cylinders.net\/wp-content\/uploads\/2023\/08\/ca-monoaural-type-phs-fisheye-connector-light-pull-rod-hydraulic-cylinder-1.webp 790w, https:\/\/hydraulic-cylinders.net\/wp-content\/uploads\/2023\/08\/ca-monoaural-type-phs-fisheye-connector-light-pull-rod-hydraulic-cylinder-1-480x261.webp 480w\" sizes=\"(min-width: 0px) and (max-width: 480px) 480px, (min-width: 481px) 790px, 100vw\" \/><\/p>\n<h2><strong>CA monoaur\u00e1lis Y t\u00edpus\u00fa csatlakoz\u00f3 k\u00f6nny\u0171 r\u00fad hidraulikus henger <\/strong><strong>Felhaszn\u00e1l\u00e1si m\u00f3dszer<\/strong><strong>:<\/strong><\/h2>\n<p><strong>Telep\u00edt\u00e9s<\/strong>: A f\u00e9nyr\u00fad hidraulikus henger\u00e9nek biztons\u00e1gos beszerel\u00e9s\u00e9hez megfelel\u0151 r\u00f6gz\u00edt\u0151elemeket haszn\u00e1ljon a stabilit\u00e1s \u00e9s a megfelel\u0151 be\u00e1ll\u00edt\u00e1s biztos\u00edt\u00e1sa \u00e9rdek\u00e9ben.<\/p>\n<p><strong>Hidraulikus csatlakoz\u00e1s<\/strong>: A PHS halszem csatlakoz\u00f3val csatlakoztassa a hidraulikavezet\u00e9ket a hengeren tal\u00e1lhat\u00f3 megadott csatlakoz\u00f3hoz. Gy\u0151z\u0151dj\u00f6n meg a csatlakoz\u00e1s szoross\u00e1g\u00e1r\u00f3l a sziv\u00e1rg\u00e1s elker\u00fcl\u00e9se \u00e9s a hat\u00e9kony er\u0151\u00e1tvitel biztos\u00edt\u00e1sa \u00e9rdek\u00e9ben.<\/p>\n<p><strong>T\u00e1pegys\u00e9g<\/strong>: Csatlakoztassa a hengert egy megb\u00edzhat\u00f3 hidraulikus \u00e1ramforr\u00e1shoz, p\u00e9ld\u00e1ul egy szivatty\u00fahoz vagy t\u00e1pegys\u00e9ghez, megfelel\u0151 hidraulikus vezet\u00e9keken kereszt\u00fcl.<\/p>\n<p><strong>Tesztel\u00e9s \u00e9s be\u00e1ll\u00edt\u00e1s<\/strong>: \u00dczemeltet\u00e9s el\u0151tt alaposan ellen\u0151rizze az \u00f6sszes csatlakoz\u00e1st, \u00e9s gy\u0151z\u0151dj\u00f6n meg azok biztons\u00e1g\u00e1r\u00f3l \u2013 a henger mozg\u00e1s\u00e1t a hidraulikus rendszer beind\u00edt\u00e1s\u00e1val \u00e9s a sima, line\u00e1ris mozg\u00e1s ellen\u0151rz\u00e9s\u00e9vel tesztelje.<\/p>\n<h2><strong>CA monoaur\u00e1lis Y t\u00edpus\u00fa csatlakoz\u00f3 k\u00f6nny\u0171 r\u00fad hidraulikus henger <\/strong><strong>Karbantart\u00e1s<\/strong><strong>:<\/strong><\/h2>\n<p>A megfelel\u0151 karbantart\u00e1s elengedhetetlen a CA mon\u00f3 PHS halszemcsatlakoz\u00f3s l\u00e1mpaoszlop hidraulikus henger\u00e9nek \u00e9lettartam\u00e1nak \u00e9s teljes\u00edtm\u00e9ny\u00e9nek maximaliz\u00e1l\u00e1sa \u00e9rdek\u00e9ben. \u00cdme n\u00e9h\u00e1ny karbantart\u00e1si ir\u00e1nyelv:<\/p>\n<p><strong>Rendszeres ellen\u0151rz\u00e9s<\/strong>: Ellen\u0151rizze a henger kop\u00e1s\u00e1t, s\u00e9r\u00fcl\u00e9s\u00e9t vagy sziv\u00e1rg\u00e1s\u00e1t. Figyeljen a t\u00f6m\u00edt\u00e9sekre, szerelv\u00e9nyekre \u00e9s a PHS halszem illeszt\u00e9sekre.<br \/>\nKen\u00e9s: A gy\u00e1rt\u00f3 utas\u00edt\u00e1sainak megfelel\u0151en vigye fel az aj\u00e1nlott ken\u0151anyagot a henger mozg\u00f3 r\u00e9szeire, bele\u00e9rtve a rudakat \u00e9s a t\u00f6m\u00edt\u00e9seket is. A rendszeres ken\u00e9s biztos\u00edtja a z\u00f6kken\u0151mentes m\u0171k\u00f6d\u00e9st \u00e9s minimaliz\u00e1lja a s\u00farl\u00f3d\u00e1sb\u00f3l ered\u0151 probl\u00e9m\u00e1kat.<\/p>\n<p><strong>Cser\u00e9lje ki a t\u00f6m\u00edt\u00e9seket<\/strong>Ha a t\u00f6m\u00edt\u00e9sek kopnak vagy sziv\u00e1rognak, cser\u00e9lje ki \u0151ket a gy\u00e1rt\u00f3 \u00e1ltal j\u00f3v\u00e1hagyott eredeti alkatr\u00e9szekre. K\u00f6vesse a megfelel\u0151 t\u00f6m\u00edt\u00e9scsere-elj\u00e1r\u00e1sokat.<\/p>\n<p><strong>Tiszt\u00edt\u00e1s<\/strong>Tartsa tiszt\u00e1n a hengert, \u00e9s t\u00e1vol\u00edtsa el a szennyez\u0151d\u00e9seket, t\u00f6rmel\u00e9ket \u00e9s egy\u00e9b szennyez\u0151d\u00e9seket, amelyek befoly\u00e1solhatj\u00e1k a henger teljes\u00edtm\u00e9ny\u00e9t. \u00d6sszeszerel\u00e9s el\u0151tt haszn\u00e1ljon nem s\u00farol\u00f3szert, \u00e9s gy\u0151z\u0151dj\u00f6n meg arr\u00f3l, hogy minden alkatr\u00e9sz sz\u00e1raz.<\/p>\n<h2><strong>Hogyan lehet leszerelni a hidraulikus hengert a homlokrakod\u00f3r\u00f3l?<\/strong><\/h2>\n<p>A hidraulikus henger elt\u00e1vol\u00edt\u00e1sa a homlokrakod\u00f3r\u00f3l \u00e1ltal\u00e1ban a k\u00f6vetkez\u0151 l\u00e9p\u00e9seket foglalja mag\u00e1ban:<\/p>\n<ol>\n<li><strong>K\u00e9sz\u00edtm\u00e9ny<\/strong>: Gy\u0151z\u0151dj\u00f6n meg arr\u00f3l, hogy a rakod\u00f3 biztons\u00e1gosan, s\u00edk fel\u00fcleten van leparkolva, \u00e9s a motor ki van kapcsolva. H\u00fazza be a r\u00f6gz\u00edt\u0151f\u00e9ket, \u00e9s \u00e9kelje ki a kerekeket a v\u00e9letlen elmozdul\u00e1s megakad\u00e1lyoz\u00e1sa \u00e9rdek\u00e9ben.<\/li>\n<li><strong>A henger azonos\u00edt\u00e1sa<\/strong>: Keresse meg azt a hidraulikus hengert, amelyet el szeretne t\u00e1vol\u00edtani. A homlokrakod\u00f3k \u00e1ltal\u00e1ban t\u00f6bb hidraulikus hengerrel rendelkeznek k\u00fcl\u00f6nb\u00f6z\u0151 funkci\u00f3khoz, p\u00e9ld\u00e1ul emel\u00e9shez, billent\u00e9shez vagy a rakod\u00f3karok kiny\u00fajt\u00e1s\u00e1hoz.<\/li>\n<li><strong>Nyom\u00e1scs\u00f6kkent\u00e9s<\/strong>A hidraulikus rendszerek nagy nyom\u00e1s alatt m\u0171k\u00f6dnek, ez\u00e9rt elengedhetetlen a fesz\u00fclts\u00e9gmentes\u00edt\u00e9s a hidraulikus alkatr\u00e9szek lev\u00e1laszt\u00e1sa el\u0151tt. El\u0151sz\u00f6r a rakod\u00f3 kezel\u0151szerveivel engedje le vagy h\u00fazza be teljesen a hengert. Ezut\u00e1n \u00e1ll\u00edtsa le a motort, hogy megakad\u00e1lyozza a hidraulikus rendszer v\u00e9letlen bekapcsol\u00e1s\u00e1t.<\/li>\n<li><strong>Hidraulikus vezet\u00e9kek lev\u00e1laszt\u00e1sa<\/strong>: Keresse meg a hengerhez csatlakoztatott hidraulikavezet\u00e9keket. Az adott be\u00e1ll\u00edt\u00e1st\u00f3l f\u00fcgg\u0151en egy vagy k\u00e9t hidraulikavezet\u00e9k csatlakozhat a hengerhez. Haszn\u00e1ljon szersz\u00e1mokat, p\u00e9ld\u00e1ul vill\u00e1skulcsot vagy dug\u00f3kulcsk\u00e9szletet a hidraulikacsatlakoz\u00f3k hengerr\u0151l val\u00f3 meglaz\u00edt\u00e1s\u00e1hoz \u00e9s lev\u00e1laszt\u00e1s\u00e1hoz. K\u00e9sz\u00fclj\u00f6n fel arra, hogy a folyamat sor\u00e1n hidraulikafolyad\u00e9k sziv\u00e1roghat, ez\u00e9rt k\u00e9sz\u00edtsen el\u0151 egy leereszt\u0151 t\u00e1lat vagy nedvsz\u00edv\u00f3 anyagot.<\/li>\n<li><strong>R\u00f6gz\u00edt\u0151elemek elt\u00e1vol\u00edt\u00e1sa<\/strong>Vizsg\u00e1lja meg a hidraulikus henger r\u00f6gz\u00edt\u00e9si pontjait. A hengereket \u00e1ltal\u00e1ban csavarok vagy csapok r\u00f6gz\u00edtik. Haszn\u00e1lja a megfelel\u0151 szersz\u00e1mokat ezen r\u00f6gz\u00edt\u0151elemek elt\u00e1vol\u00edt\u00e1s\u00e1hoz \u00e9s a henger lev\u00e1laszt\u00e1s\u00e1hoz a r\u00f6gz\u00edt\u00e9si pontjair\u00f3l. Jegyezze fel az esetlegesen jelen l\u00e9v\u0151 al\u00e1t\u00e9teket vagy t\u00e1vtart\u00f3kat az elt\u00e1vol\u00edt\u00e1s sor\u00e1n.<\/li>\n<li><strong>T\u00e1vol\u00edtsa el a hengert<\/strong>: Miut\u00e1n a hidraulikus vezet\u00e9keket \u00e9s a r\u00f6gz\u00edt\u0151elemeket lev\u00e1lasztotta, \u00f3vatosan cs\u00fasztassa vagy emelje ki a hengert a hely\u00e9r\u0151l. A hidraulikus hengerek nehezek lehetnek, ez\u00e9rt legyen \u00f3vatos, \u00e9s haszn\u00e1ljon megfelel\u0151 emel\u00e9si technik\u00e1kat vagy felszerel\u00e9st a s\u00e9r\u00fcl\u00e9sek elker\u00fcl\u00e9se \u00e9rdek\u00e9ben.<\/li>\n<li><strong>Ellen\u0151rz\u00e9s \u00e9s karbantart\u00e1s<\/strong>A kiszerelt palack j\u00f3 alkalom arra, hogy megvizsg\u00e1ljuk, nincsenek-e rajta s\u00e9r\u00fcl\u00e9sek, kop\u00e1sok vagy sziv\u00e1rg\u00e1sok. Sz\u00fcks\u00e9g eset\u00e9n v\u00e9gezz\u00fcnk karbantart\u00e1si feladatokat, p\u00e9ld\u00e1ul cser\u00e9lj\u00fck ki a t\u00f6m\u00edt\u00e9seket vagy jav\u00edtsuk ki a probl\u00e9m\u00e1kat, miel\u0151tt \u00fajra beszereln\u00e9nk a palackot.<\/li>\n<\/ol>\n<h2><strong>A gy\u00e1r kapacit\u00e1sa \u00e9s kapacit\u00e1sa:<\/strong><\/h2>\n<h3>(1) \u00d6sszeszerel\u00e9s<\/h3>\n<p>Els\u0151 oszt\u00e1ly\u00fa f\u00fcggetlen kutat\u00e1si \u00e9s fejleszt\u00e9si \u00f6sszeszerel\u00e9si platformmal rendelkez\u00fcnk. A hidraulikus hengergy\u00e1rt\u00f3 m\u0171hely n\u00e9gy f\u00e9lautomata emel\u0151henger-\u00f6sszeszerel\u0151 sorral \u00e9s egy automata billen\u0151henger-\u00f6sszeszerel\u0151 sorral rendelkezik, tervezett \u00e9ves gy\u00e1rt\u00e1si kapacit\u00e1sa 1 milli\u00f3 darab. A speci\u00e1lis henger m\u0171hely k\u00fcl\u00f6nb\u00f6z\u0151 specifik\u00e1ci\u00f3j\u00fa f\u00e9lautomata tiszt\u00edt\u00f3 \u00f6sszeszerel\u0151 rendszerrel van felszerelve, amelynek tervezett \u00e9ves termel\u00e9si kapacit\u00e1sa 200.000, \u00e9s h\u00edres CNC megmunk\u00e1l\u00f3 berendez\u00e9ssel, megmunk\u00e1l\u00f3 k\u00f6zponttal, nagy pontoss\u00e1g\u00fa hengerfeldolgoz\u00f3 speci\u00e1lis berendez\u00e9ssel, robothegeszt\u0151 g\u00e9ppel, automatikus tiszt\u00edt\u00f3g\u00e9ppel, automatikus henger \u00f6sszeszerel\u0151 g\u00e9ppel \u00e9s automatikus fest\u00e9si gy\u00e1rt\u00f3sorral van felszerelve. A megl\u00e9v\u0151 kritikus berendez\u00e9sek t\u00f6bb mint 300 k\u00e9szlet (k\u00e9szlet). A berendez\u00e9sek er\u0151forr\u00e1sainak optim\u00e1lis eloszt\u00e1sa \u00e9s hat\u00e9kony felhaszn\u00e1l\u00e1sa biztos\u00edtja a term\u00e9kek pontoss\u00e1gi k\u00f6vetelm\u00e9nyeit \u00e9s megfelel a term\u00e9kek min\u0151s\u00e9gi ig\u00e9nyeinek.<\/p>\n<p><img loading=\"lazy\" decoding=\"async\" class=\"alignnone wp-image-626\" src=\"https:\/\/hydraulic-cylinders.net\/wp-content\/uploads\/2023\/08\/hydraulic-cylinder-product-1-300x158.webp\" alt=\"\" width=\"495\" height=\"260\" srcset=\"https:\/\/hydraulic-cylinders.net\/wp-content\/uploads\/2023\/08\/hydraulic-cylinder-product-1-300x158.webp 495w, https:\/\/hydraulic-cylinders.net\/wp-content\/uploads\/2023\/08\/hydraulic-cylinder-product-1-480x252.webp 480w\" sizes=\"(min-width: 0px) and (max-width: 480px) 480px, (min-width: 481px) 495px, 100vw\" \/> <img loading=\"lazy\" decoding=\"async\" class=\"alignnone wp-image-627\" src=\"https:\/\/hydraulic-cylinders.net\/wp-content\/uploads\/2023\/08\/hydraulic-cylinder-product-2-300x189.webp\" alt=\"\" width=\"413\" height=\"260\" \/><\/p>\n<h3>(2) Megmunk\u00e1l\u00e1s<\/h3>\n<p>A megmunk\u00e1l\u00f3m\u0171hely egyedi, ferde s\u00edneszterg\u00e1l\u00f3 k\u00f6zponttal, megmunk\u00e1l\u00f3k\u00f6zponttal, nagysebess\u00e9g\u0171 h\u00f3nol\u00f3g\u00e9ppel, hegeszt\u0151robottal \u00e9s egy\u00e9b kapcsol\u00f3d\u00f3 berendez\u00e9sekkel van felszerelve, amelyek legfeljebb 400 mm bels\u0151 \u00e1tm\u00e9r\u0151j\u0171 \u00e9s legfeljebb 6 m\u00e9ter hossz\u00fa hengercs\u00f6vek megmunk\u00e1l\u00e1s\u00e1ra k\u00e9pesek.<\/p>\n<p><img loading=\"lazy\" decoding=\"async\" class=\"alignnone wp-image-628 size-large\" src=\"https:\/\/hydraulic-cylinders.net\/wp-content\/uploads\/2023\/08\/hydraulic-cylinder-product-3-1024x391.webp\" alt=\"\" width=\"1024\" height=\"391\" srcset=\"https:\/\/hydraulic-cylinders.net\/wp-content\/uploads\/2023\/08\/hydraulic-cylinder-product-3-980x374.webp 980w, https:\/\/hydraulic-cylinders.net\/wp-content\/uploads\/2023\/08\/hydraulic-cylinder-product-3-480x183.webp 480w\" sizes=\"(min-width: 0px) and (max-width: 480px) 480px, (min-width: 481px) and (max-width: 980px) 980px, (min-width: 981px) 1024px, 100vw\" \/><\/p>\n<h3>(3) Hegeszt\u00e9s<\/h3>\n<p><img loading=\"lazy\" decoding=\"async\" class=\"alignnone wp-image-629 size-large\" src=\"https:\/\/hydraulic-cylinders.net\/wp-content\/uploads\/2023\/08\/hydraulic-cylinder-product-4-1024x510.webp\" alt=\"\" width=\"1024\" height=\"510\" srcset=\"https:\/\/hydraulic-cylinders.net\/wp-content\/uploads\/2023\/08\/hydraulic-cylinder-product-4-980x488.webp 980w, https:\/\/hydraulic-cylinders.net\/wp-content\/uploads\/2023\/08\/hydraulic-cylinder-product-4-480x239.webp 480w\" sizes=\"(min-width: 0px) and (max-width: 480px) 480px, (min-width: 481px) and (max-width: 980px) 980px, (min-width: 981px) 1024px, 100vw\" \/><\/p>\n<h3>(4) Fest\u00e9s \u00e9s bevonatol\u00e1s<\/h3>\n<p>Kis \u00e9s k\u00f6zepes m\u00e9ret\u0171 hengeres automatikus v\u00edzb\u00e1zis\u00fa fest\u00e9kbevon\u00f3 sorokkal, az automatikus robot be- \u00e9s kirakod\u00e1s, valamint az automatikus permetez\u00e9s megval\u00f3s\u00edt\u00e1s\u00e1hoz, a tervez\u00e9si kapacit\u00e1s m\u0171szakonk\u00e9nt 4000 darab;<br \/>\nRendelkez\u00fcnk egy f\u00e9lautomata fest\u00e9kgy\u00e1rt\u00f3sorral is nagym\u00e9ret\u0171 palackokhoz, amelyet egy er\u0151\u00e1tviteli l\u00e1nc hajt, m\u0171szakonk\u00e9nt 60 doboz tervez\u00e9si kapacit\u00e1ssal.<\/p>\n<p><img loading=\"lazy\" decoding=\"async\" class=\"alignnone wp-image-630\" src=\"https:\/\/hydraulic-cylinders.net\/wp-content\/uploads\/2023\/08\/hydraulic-cylinder-product-5-300x213.webp\" alt=\"\" width=\"366\" height=\"260\" \/> <img loading=\"lazy\" decoding=\"async\" class=\"alignnone wp-image-631\" src=\"https:\/\/hydraulic-cylinders.net\/wp-content\/uploads\/2023\/08\/hydraulic-cylinder-product-6-300x225.webp\" alt=\"\" width=\"347\" height=\"260\" \/><\/p>\n<h3>(5) Tesztel\u00e9s<\/h3>\n<p>Els\u0151 oszt\u00e1ly\u00fa ellen\u0151rz\u0151 l\u00e9tes\u00edtm\u00e9nyekkel \u00e9s tesztpadokkal rendelkez\u00fcnk annak biztos\u00edt\u00e1s\u00e1ra, hogy a palack teljes\u00edtm\u00e9nye megfeleljen a k\u00f6vetelm\u00e9nyeknek.<\/p>\n<p><img loading=\"lazy\" decoding=\"async\" class=\"alignnone wp-image-632\" src=\"https:\/\/hydraulic-cylinders.net\/wp-content\/uploads\/2023\/08\/hydraulic-cylinder-product-8-300x200.webp\" alt=\"\" width=\"389\" height=\"260\" \/><\/p>\n<p>&nbsp;<\/p>\n<p>&nbsp;<\/p>\n<p>Mi vagyunk az egyik legjobb k\u00f6nny\u0171rudas hidraulikus henger gy\u00e1rt\u00f3. Sz\u00e9les v\u00e1laszt\u00e9kban k\u00edn\u00e1lunk k\u00f6nny\u0171rudas hidraulikus hengereket. Megfelel\u0151 k\u00e9szletet is biztos\u00edtunk. <a href=\"https:\/\/hzpt.com\/agricultural-pto-gearbox\/\" target=\"_blank\" rel=\"noopener\">mez\u0151gazdas\u00e1gi sebess\u00e9gv\u00e1lt\u00f3k<\/a>Term\u00e9keinket vil\u00e1gszerte export\u00e1ltuk \u00fcgyfeleinknek, \u00e9s kiv\u00e1l\u00f3 term\u00e9kmin\u0151s\u00e9g\u00fcnknek \u00e9s \u00e9rt\u00e9kes\u00edt\u00e9s ut\u00e1ni szolg\u00e1ltat\u00e1sunknak k\u00f6sz\u00f6nhet\u0151en j\u00f3 h\u00edrnevet szerezt\u00fcnk. Szeretettel v\u00e1rjuk belf\u00f6ldi \u00e9s k\u00fclf\u00f6ldi \u00fcgyfeleinket, hogy \u00fczleti t\u00e1rgyal\u00e1sok, inform\u00e1ci\u00f3csere \u00e9s egy\u00e9b lehet\u0151s\u00e9gek c\u00e9lj\u00e1b\u00f3l kapcsolatba l\u00e9pjenek vel\u00fcnk.\u00a0<a href=\"https:\/\/www.hydraulic-cylinders.net\/hu\/contact-us\/\">egy\u00fcttm\u0171k\u00f6dni vel\u00fcnk<\/a>!<\/p>\n<p>&nbsp;<\/p>\n<h2><\/h2>\n<h2><\/h2>","protected":false},"excerpt":{"rendered":"<p>CA Monoaural Type PHS Fisheye Connector Light Rod Hydraulic Cylinder The CA Monoaural Type PHS Fisheye Connector Light Rod Hydraulic Cylinder is an innovative hydraulic cylinder designed to deliver enhanced precision, connectivity, and efficiency in industrial applications. This cylinder combines the advantages of a monoaural design, PHS fisheye connector, and light rod construction to provide [&hellip;]<\/p>","protected":false},"featured_media":882,"comment_status":"open","ping_status":"closed","template":"","meta":{"_et_pb_use_builder":"","_et_pb_old_content":"","_et_gb_content_width":""},"product_brand":[],"product_cat":[1550,1525,1509,1376,1387],"product_tag":[1383],"class_list":{"0":"post-837","1":"product","2":"type-product","3":"status-publish","4":"has-post-thumbnail","6":"product_cat-double-acting-hydraulic-cylinder","7":"product_cat-machine-tool-hydraulic-cylinders","8":"product_cat-tie-rod-hydraulic-cylinder","9":"product_cat-hydraulic-cylinder","10":"product_cat-light-rod-hydraulic-cylinder","11":"product_tag-light-rod-hydraulic-cylinder","13":"first","14":"instock","15":"shipping-taxable","16":"product-type-simple"},"amp_enabled":true,"_links":{"self":[{"href":"https:\/\/www.hydraulic-cylinders.net\/hu\/wp-json\/wp\/v2\/product\/837","targetHints":{"allow":["GET"]}}],"collection":[{"href":"https:\/\/www.hydraulic-cylinders.net\/hu\/wp-json\/wp\/v2\/product"}],"about":[{"href":"https:\/\/www.hydraulic-cylinders.net\/hu\/wp-json\/wp\/v2\/types\/product"}],"replies":[{"embeddable":true,"href":"https:\/\/www.hydraulic-cylinders.net\/hu\/wp-json\/wp\/v2\/comments?post=837"}],"wp:featuredmedia":[{"embeddable":true,"href":"https:\/\/www.hydraulic-cylinders.net\/hu\/wp-json\/wp\/v2\/media\/882"}],"wp:attachment":[{"href":"https:\/\/www.hydraulic-cylinders.net\/hu\/wp-json\/wp\/v2\/media?parent=837"}],"wp:term":[{"taxonomy":"product_brand","embeddable":true,"href":"https:\/\/www.hydraulic-cylinders.net\/hu\/wp-json\/wp\/v2\/product_brand?post=837"},{"taxonomy":"product_cat","embeddable":true,"href":"https:\/\/www.hydraulic-cylinders.net\/hu\/wp-json\/wp\/v2\/product_cat?post=837"},{"taxonomy":"product_tag","embeddable":true,"href":"https:\/\/www.hydraulic-cylinders.net\/hu\/wp-json\/wp\/v2\/product_tag?post=837"}],"curies":[{"name":"munkaf\u00fczet","href":"https:\/\/api.w.org\/{rel}","templated":true}]}}