{"id":849,"date":"2023-08-30T07:50:40","date_gmt":"2023-08-30T07:50:40","guid":{"rendered":"https:\/\/hydraulic-cylinders.net\/?post_type=product&#038;p=849"},"modified":"2025-04-16T02:22:32","modified_gmt":"2025-04-16T02:22:32","slug":"standard-biaxial-type-light-rod-hydraulic-cylinder","status":"publish","type":"product","link":"https:\/\/www.hydraulic-cylinders.net\/hu\/termek\/standard-biaxial-type-light-rod-hydraulic-cylinder\/","title":{"rendered":"Szabv\u00e1nyos k\u00e9ttengelyes t\u00edpus\u00fa k\u00f6nny\u0171 r\u00fad hidraulikus henger"},"content":{"rendered":"<h1 style=\"text-align: center;\"><strong>Szabv\u00e1nyos k\u00e9ttengelyes t\u00edpus\u00fa k\u00f6nny\u0171 r\u00fad hidraulikus henger<\/strong><\/h1>\n<p><img loading=\"lazy\" decoding=\"async\" class=\"wp-image-318408 size-full aligncenter\" src=\"https:\/\/hzpt.com\/wp-content\/uploads\/2023\/08\/standard-biaxial-type-light-pull-rod-hydraulic-cylinder-2.webp\" alt=\"\" width=\"292\" height=\"164\" \/><\/p>\n<p>A szabv\u00e1nyos k\u00e9ttengelyes k\u00f6nny\u0171 r\u00fad hidraulikahenger egy hat\u00e9kony, sokoldal\u00fa hidraulikahenger, amelyet \u00fagy terveztek, hogy megfeleljen a k\u00fcl\u00f6nb\u00f6z\u0151 ipari alkalmaz\u00e1sok ig\u00e9nyeinek. A legmodernebb technol\u00f3gi\u00e1t \u00e9s prec\u00edzi\u00f3s kialak\u00edt\u00e1st alkalmazva ez a henger kiv\u00e1l\u00f3 teljes\u00edtm\u00e9nyt, tart\u00f3ss\u00e1got \u00e9s k\u00f6nny\u0171 haszn\u00e1latot k\u00edn\u00e1l. Ak\u00e1r gy\u00e1rt\u00f3 berendez\u00e9sekben, \u00e9p\u00edt\u0151ipari g\u00e9pekben vagy anyagmozgat\u00f3 rendszerekben haszn\u00e1lj\u00e1k, a szabv\u00e1nyos k\u00e9ttengelyes k\u00f6nny\u0171 r\u00fad hidraulikahengerek megb\u00edzhat\u00f3 \u00e9s hat\u00e9kony m\u0171k\u00f6d\u00e9st biztos\u00edtanak, \u00edgy \u00e9rt\u00e9kes a termel\u00e9kenys\u00e9g optimaliz\u00e1l\u00e1s\u00e1ban.<\/p>\n<p>A k\u00f6nny\u0171 r\u00fad hidraulikus henger alapvet\u0151 jellemz\u0151i:<\/p>\n<p><strong>Kett\u0151s tengelyes kialak\u00edt\u00e1s: <\/strong>A henger dupla tengelyes kialak\u00edt\u00e1s\u00fa, ami jav\u00edtja a m\u0171k\u00f6d\u00e9s rugalmass\u00e1g\u00e1t \u00e9s sokoldal\u00fas\u00e1g\u00e1t. Ez lehet\u0151v\u00e9 teszi, hogy a henger mindk\u00e9t ir\u00e1nyban er\u0151t fejtsen ki, kiv\u00e1l\u00f3 vez\u00e9rl\u00e9st \u00e9s alkalmazkod\u00f3k\u00e9pess\u00e9get biztos\u00edtva a k\u00fcl\u00f6nb\u00f6z\u0151 alkalmaz\u00e1sokban.<\/p>\n<p><strong>F\u00e9nyr\u00fad szerkezet:<\/strong> A k\u00f6nny\u0171 r\u00fadszerkezet k\u00f6nny\u0171 anyagokat, p\u00e9ld\u00e1ul alum\u00ednium vagy kompozit dugatty\u00farudakat haszn\u00e1l. Ez a szerkezet cs\u00f6kkenti a henger teljes t\u00f6meg\u00e9t, ami gyorsabb mozg\u00e1st, jobb energiahat\u00e9konys\u00e1got \u00e9s alacsonyabb \u00fczemeltet\u00e9si k\u00f6lts\u00e9geket eredm\u00e9nyez.<\/p>\n<p><strong>Nagy pontoss\u00e1g \u00e9s stabilit\u00e1s:<\/strong> A szabv\u00e1nyos k\u00e9ttengelyes k\u00f6nny\u0171 r\u00fad hidraulikus hengert \u00fagy tervezt\u00e9k, hogy line\u00e1ris mozg\u00e1sa nagy pontoss\u00e1got \u00e9s stabilit\u00e1st biztos\u00edtson. Pontos pozicion\u00e1l\u00e1st, sima mozg\u00e1st \u00e9s kiv\u00e1l\u00f3 ism\u00e9telhet\u0151s\u00e9get biztos\u00edt, \u00edgy ide\u00e1lis a pontos vez\u00e9rl\u00e9st \u00e9s megb\u00edzhat\u00f3s\u00e1got ig\u00e9nyl\u0151 alkalmaz\u00e1sokhoz.<\/p>\n<h2><strong>Szabv\u00e1nyos k\u00e9ttengelyes t\u00edpus\u00fa k\u00f6nny\u0171 r\u00fad hidraulikus henger Param\u00e9ter:<\/strong><\/h2>\n<p><img loading=\"lazy\" decoding=\"async\" class=\"alignnone wp-image-851 size-full\" src=\"https:\/\/hydraulic-cylinders.net\/wp-content\/uploads\/2023\/08\/standard-biaxial-type-light-pull-rod-hydraulic-cylinder-3.webp\" alt=\"\" width=\"790\" height=\"320\" srcset=\"https:\/\/hydraulic-cylinders.net\/wp-content\/uploads\/2023\/08\/standard-biaxial-type-light-pull-rod-hydraulic-cylinder-3.webp 790w, https:\/\/hydraulic-cylinders.net\/wp-content\/uploads\/2023\/08\/standard-biaxial-type-light-pull-rod-hydraulic-cylinder-3-480x194.webp 480w\" sizes=\"(min-width: 0px) and (max-width: 480px) 480px, (min-width: 481px) 790px, 100vw\" \/><\/p>\n<h2><strong>Szabv\u00e1nyos k\u00e9ttengelyes t\u00edpus\u00fa k\u00f6nny\u0171 r\u00fad hidraulikus henger <\/strong><strong>Felhaszn\u00e1l\u00e1si m\u00f3dszer<\/strong><strong>:<\/strong><\/h2>\n<p><strong>Telep\u00edt\u00e9s \u00e9s csatlakoz\u00e1s:<\/strong> A hengert biztons\u00e1gosan szerelje be a hely\u00e9re a megadott r\u00f6gz\u00edt\u0151konzolok vagy r\u00f6gz\u00edt\u0151elemek seg\u00edts\u00e9g\u00e9vel. Biztos\u00edtsa a stabil be\u00e9p\u00edt\u00e9st \u00e9s a helyes igaz\u00edt\u00e1st. K\u00f6vesse a gy\u00e1rt\u00f3 utas\u00edt\u00e1sait \u00e9s ir\u00e1nyelveit a hidraulikavezet\u00e9kek hengerny\u00edl\u00e1sokhoz val\u00f3 csatlakoztat\u00e1s\u00e1hoz.<\/p>\n<p><strong>Hidraulikus rendszer integr\u00e1l\u00e1sa:<\/strong> A henger a hidraulikus rendszerbe integr\u00e1l\u00f3dik a megfelel\u0151 hidraulikus szivatty\u00fahoz vagy er\u0151forr\u00e1shoz val\u00f3 csatlakoztat\u00e1s\u00e1val. Gy\u0151z\u0151dj\u00f6n meg arr\u00f3l, hogy a henger specifik\u00e1ci\u00f3i \u00e9s m\u0171k\u00f6d\u00e9si k\u00f6vetelm\u00e9nyei teljes\u00fclnek.<\/p>\n<p><strong>Vez\u00e9rl\u00e9s \u00e9s m\u0171k\u00f6d\u00e9s:<\/strong> A vez\u00e9rl\u0151szeleppel \u00e1ll\u00edtsa be a hidraulikaolaj be- \u00e9s ki\u00e1raml\u00e1s\u00e1t a hengerbe. \u00c1ll\u00edtsa be a vez\u00e9rl\u0151be\u00e1ll\u00edt\u00e1sokat a k\u00edv\u00e1nt line\u00e1ris mozg\u00e1s \u00e9s er\u0151kifejt\u00e9s el\u00e9r\u00e9s\u00e9hez. Tesztelje a henger mozg\u00e1s\u00e1t a m\u0171k\u00f6d\u00e9s \u00e9s a reakci\u00f3k\u00e9szs\u00e9g ellen\u0151rz\u00e9se \u00e9rdek\u00e9ben.<\/p>\n<h2><strong>Szabv\u00e1nyos k\u00e9ttengelyes t\u00edpus\u00fa k\u00f6nny\u0171 r\u00fad hidraulikus henger <\/strong><strong>Karbantart\u00e1s<\/strong><strong>:<\/strong><\/h2>\n<p>A rendszeres karbantart\u00e1s elengedhetetlen az optim\u00e1lis teljes\u00edtm\u00e9ny biztos\u00edt\u00e1s\u00e1hoz \u00e9s a szabv\u00e1nyos k\u00e9ttengely\u0171 k\u00f6nny\u0171 r\u00fad hidraulikus henger \u00e9lettartam\u00e1nak meghosszabb\u00edt\u00e1s\u00e1hoz. \u00cdme n\u00e9h\u00e1ny karbantart\u00e1si \u00fatmutat\u00f3:<\/p>\n<ol>\n<li><strong>Rutinellen\u0151rz\u00e9s<\/strong>: V\u00e9gezzen rendszeres ellen\u0151rz\u00e9seket a kop\u00e1s, s\u00e9r\u00fcl\u00e9s vagy sziv\u00e1rg\u00e1s jeleinek azonos\u00edt\u00e1s\u00e1ra. Ellen\u0151rizze a hengertestet, a rudat, a t\u00f6m\u00edt\u00e9seket \u00e9s m\u00e1s alkatr\u00e9szeket rendelleness\u00e9gek szempontj\u00e1b\u00f3l. A tov\u00e1bbi s\u00e9r\u00fcl\u00e9sek vagy m\u0171k\u00f6d\u00e9si zavarok megel\u0151z\u00e9se \u00e9rdek\u00e9ben azonnal kezelje az esetleges probl\u00e9m\u00e1kat.<\/li>\n<li><strong>Ken\u00e9s<\/strong>: Vigye fel az aj\u00e1nlott ken\u0151anyagot a henger mozg\u00f3 r\u00e9szeire, bele\u00e9rtve a rudat \u00e9s a t\u00f6m\u00edt\u00e9seket is. A rendszeres ken\u00e9s minimaliz\u00e1lja a s\u00farl\u00f3d\u00e1st, cs\u00f6kkenti a kop\u00e1st \u00e9s biztos\u00edtja a zavartalan m\u0171k\u00f6d\u00e9st. A megfelel\u0151 ken\u00e9si id\u0151k\u00f6z\u00f6kre \u00e9s a ken\u0151anyag t\u00edpus\u00e1ra vonatkoz\u00f3an k\u00f6vesse a gy\u00e1rt\u00f3 ir\u00e1nymutat\u00e1sait.<\/li>\n<li>T\u00f6m\u00edt\u00e9scsere: Ha a t\u00f6m\u00edt\u00e9s roml\u00e1s\u00e1t vagy sziv\u00e1rg\u00e1s\u00e1t \u00e9szleli, cser\u00e9lje ki a t\u00f6m\u00edt\u00e9seket a gy\u00e1rt\u00f3 \u00e1ltal j\u00f3v\u00e1hagyott eredeti alkatr\u00e9szekkel. A nem megfelel\u0151 vagy kopott t\u00f6m\u00edt\u00e9sek vesz\u00e9lyeztethetik a henger teljes\u00edtm\u00e9ny\u00e9t, \u00e9s hidraulikafolyad\u00e9k-sziv\u00e1rg\u00e1shoz vezethetnek.<\/li>\n<li><strong>Tiszt\u00edt\u00e1s<\/strong>: Tiszt\u00edtsa meg a hengert a szennyez\u0151d\u00e9sek, t\u00f6rmel\u00e9kek \u00e9s egy\u00e9b szennyez\u0151d\u00e9sek elt\u00e1vol\u00edt\u00e1s\u00e1val. Haszn\u00e1ljon nem koptat\u00f3 hat\u00e1s\u00fa tiszt\u00edt\u00f3szert, \u00e9s az \u00f6sszeszerel\u00e9s el\u0151tt gondoskodjon arr\u00f3l, hogy minden alkatr\u00e9sz alaposan megsz\u00e1radjon. A tiszta henger el\u0151seg\u00edti az optim\u00e1lis teljes\u00edtm\u00e9nyt, \u00e9s megakad\u00e1lyozza az id\u0151 el\u0151tti kop\u00e1st vagy k\u00e1rosod\u00e1st.<\/li>\n<\/ol>\n<h2><strong>Hogyan kell jav\u00edtani egy hidraulikus hengert?<\/strong><\/h2>\n<p>A hidraulikus henger jav\u00edt\u00e1sa gondos figyelmet \u00e9s a henger alkatr\u00e9szeinek \u00e9s hidraulikus rendszereinek ismeret\u00e9t ig\u00e9nyli. \u00cdme egy \u00e1ltal\u00e1nos \u00fatmutat\u00f3 a hidraulikus henger jav\u00edt\u00e1s\u00e1hoz:<\/p>\n<ol>\n<li><strong>Els\u0151 a biztons\u00e1g:<\/strong> A jav\u00edt\u00e1si munk\u00e1k megkezd\u00e9se el\u0151tt gy\u0151z\u0151dj\u00f6n meg arr\u00f3l, hogy a hidraulikus rendszer nyom\u00e1smentes, \u00e9s a berendez\u00e9s biztons\u00e1gosan r\u00f6gz\u00edtve van a v\u00e9letlen elmozdul\u00e1s vagy s\u00e9r\u00fcl\u00e9s elker\u00fcl\u00e9se \u00e9rdek\u00e9ben.<\/li>\n<li><strong>A probl\u00e9ma azonos\u00edt\u00e1sa:<\/strong> Hat\u00e1rozza meg a hidraulikus hengerrel kapcsolatos konkr\u00e9t probl\u00e9m\u00e1t. Tipikus probl\u00e9m\u00e1k lehetnek a sziv\u00e1rg\u00f3 t\u00f6m\u00edt\u00e9sek, s\u00e9r\u00fclt rudak, elhajlott cs\u00f6vek vagy elhaszn\u00e1l\u00f3dott alkatr\u00e9szek.<\/li>\n<li><strong>Sz\u00e9tszerel\u00e9s:<\/strong> \u00d3vatosan szerelje sz\u00e9t a hidraulikus hengert a gy\u00e1rt\u00f3 utas\u00edt\u00e1sait vagy ir\u00e1nyelveit k\u00f6vetve. A megfelel\u0151 \u00f6sszeszerel\u00e9shez vegye figyelembe az elt\u00e1vol\u00edtott alkatr\u00e9szek sorrendj\u00e9t.<\/li>\n<li><strong>Ellen\u0151rz\u00e9s:<\/strong> Alaposan ellen\u0151rizze az \u00f6sszes alkatr\u00e9szt a s\u00e9r\u00fcl\u00e9s, kop\u00e1s vagy meghib\u00e1sod\u00e1s jelei miatt. Ford\u00edtson nagy figyelmet a t\u00f6m\u00edt\u00e9sekre, rudakra, dugatty\u00fakra \u00e9s hengerh\u00fcvelyekre. Cser\u00e9lje ki az elhaszn\u00e1l\u00f3dott, s\u00e9r\u00fclt vagy sziv\u00e1rg\u00f3 alkatr\u00e9szeket.<\/li>\n<li><strong>T\u00f6m\u00edt\u00e9scsere:<\/strong> Ha a henger sziv\u00e1rog, cser\u00e9lje ki a t\u00f6m\u00edt\u00e9seket \u00faj, a gy\u00e1rt\u00f3 \u00e1ltal j\u00f3v\u00e1hagyott t\u00f6m\u00edt\u00e9sekre. Gondoskodjon a t\u00f6m\u00edt\u00e9sek megfelel\u0151 beszerel\u00e9s\u00e9r\u0151l \u00e9s ken\u00e9s\u00e9r\u0151l.<\/li>\n<li><strong>R\u00fad jav\u00edt\u00e1sa vagy cser\u00e9je:<\/strong> Ha a dugatty\u00far\u00fad megs\u00e9r\u00fclt vagy meghajlott, akkor jav\u00edt\u00e1sra vagy cser\u00e9re lehet sz\u00fcks\u00e9g. A kisebb fel\u00fcleti s\u00e9r\u00fcl\u00e9sek gyakran jav\u00edthat\u00f3k csiszol\u00e1ssal vagy pol\u00edroz\u00e1ssal. A s\u00falyosabb s\u00e9r\u00fcl\u00e9sek azonban r\u00fadcser\u00e9t tehetnek sz\u00fcks\u00e9gess\u00e9.<\/li>\n<li><strong>Hord\u00f3 jav\u00edt\u00e1sa vagy cser\u00e9je:<\/strong> Ha a hengercs\u0151 s\u00e9r\u00fclt vagy elhaszn\u00e1l\u00f3dott, el\u0151fordulhat, hogy jav\u00edt\u00e1sra vagy cser\u00e9re van sz\u00fcks\u00e9g. A legjobb int\u00e9zked\u00e9s meghat\u00e1roz\u00e1s\u00e1hoz forduljon szakemberhez vagy a gy\u00e1rt\u00f3hoz.<\/li>\n<li><strong>Tiszt\u00edt\u00e1s:<\/strong> Alaposan tiszt\u00edtson meg minden alkatr\u00e9szt, t\u00e1vol\u00edtson el minden olyan szennyez\u0151d\u00e9st, t\u00f6rmel\u00e9ket vagy szennyez\u0151d\u00e9st, amely zavarhatja a henger m\u0171k\u00f6d\u00e9s\u00e9t.<\/li>\n<li><strong>\u00dajb\u00f3li \u00f6sszeszerel\u00e9s:<\/strong> \u00d3vatosan szerelje vissza a hidraulikus hengert, \u00fcgyelve arra, hogy minden alkatr\u00e9sz helyesen legyen igaz\u00edtva \u00e9s megh\u00fazva a gy\u00e1rt\u00f3 el\u0151\u00edr\u00e1sainak megfelel\u0151en. Haszn\u00e1lja a megfelel\u0151 nyomat\u00e9kbe\u00e1ll\u00edt\u00e1sokat a k\u00f6t\u0151elemekhez.<\/li>\n<li><strong>Vizsg\u00e1lat \u00e9s ellen\u0151rz\u00e9s:<\/strong> A hidraulikus henger \u00f6sszeszerel\u00e9se ut\u00e1n tesztelje a m\u0171k\u00f6d\u00e9s\u00e9t. Ellen\u0151rizze a sima mozg\u00e1st, a megfelel\u0151 t\u00f6m\u00edtetts\u00e9get \u00e9s a sziv\u00e1rg\u00e1s jeleit. Ellen\u0151rizze a henger teljes\u00edtm\u00e9ny\u00e9t a kezdeti haszn\u00e1lat sor\u00e1n, hogy megbizonyosodjon a jav\u00edt\u00e1s sikeress\u00e9g\u00e9r\u0151l.<\/li>\n<\/ol>\n<h2><strong>A gy\u00e1r kapacit\u00e1sa \u00e9s kapacit\u00e1sa:<\/strong><\/h2>\n<h3>(1) \u00d6sszeszerel\u00e9s<\/h3>\n<p>Els\u0151 oszt\u00e1ly\u00fa f\u00fcggetlen kutat\u00e1si \u00e9s fejleszt\u00e9si \u00f6sszeszerel\u00e9si platformmal rendelkez\u00fcnk. A hidraulikus hengergy\u00e1rt\u00f3 m\u0171hely n\u00e9gy f\u00e9lautomata emel\u0151henger-\u00f6sszeszerel\u0151 sorral \u00e9s egy automata billen\u0151henger-\u00f6sszeszerel\u0151 sorral rendelkezik, tervezett \u00e9ves gy\u00e1rt\u00e1si kapacit\u00e1sa 1 milli\u00f3 darab. A speci\u00e1lis henger m\u0171hely k\u00fcl\u00f6nb\u00f6z\u0151 specifik\u00e1ci\u00f3j\u00fa f\u00e9lautomata tiszt\u00edt\u00f3 \u00f6sszeszerel\u0151 rendszerrel van felszerelve, amelynek tervezett \u00e9ves termel\u00e9si kapacit\u00e1sa 200.000, \u00e9s h\u00edres CNC megmunk\u00e1l\u00f3 berendez\u00e9ssel, megmunk\u00e1l\u00f3 k\u00f6zponttal, nagy pontoss\u00e1g\u00fa hengerfeldolgoz\u00f3 speci\u00e1lis berendez\u00e9ssel, robothegeszt\u0151 g\u00e9ppel, automatikus tiszt\u00edt\u00f3g\u00e9ppel, automatikus henger \u00f6sszeszerel\u0151 g\u00e9ppel \u00e9s automatikus fest\u00e9si gy\u00e1rt\u00f3sorral van felszerelve. A megl\u00e9v\u0151 kritikus berendez\u00e9sek t\u00f6bb mint 300 k\u00e9szlet (k\u00e9szlet). A berendez\u00e9sek er\u0151forr\u00e1sainak optim\u00e1lis eloszt\u00e1sa \u00e9s hat\u00e9kony felhaszn\u00e1l\u00e1sa biztos\u00edtja a term\u00e9kek pontoss\u00e1gi k\u00f6vetelm\u00e9nyeit \u00e9s megfelel a term\u00e9kek min\u0151s\u00e9gi ig\u00e9nyeinek.<\/p>\n<p><img loading=\"lazy\" decoding=\"async\" class=\"alignnone wp-image-626\" src=\"https:\/\/hydraulic-cylinders.net\/wp-content\/uploads\/2023\/08\/hydraulic-cylinder-product-1-300x158.webp\" alt=\"\" width=\"495\" height=\"260\" srcset=\"https:\/\/hydraulic-cylinders.net\/wp-content\/uploads\/2023\/08\/hydraulic-cylinder-product-1-300x158.webp 495w, https:\/\/hydraulic-cylinders.net\/wp-content\/uploads\/2023\/08\/hydraulic-cylinder-product-1-480x252.webp 480w\" sizes=\"(min-width: 0px) and (max-width: 480px) 480px, (min-width: 481px) 495px, 100vw\" \/> <img loading=\"lazy\" decoding=\"async\" class=\"alignnone wp-image-627\" src=\"https:\/\/hydraulic-cylinders.net\/wp-content\/uploads\/2023\/08\/hydraulic-cylinder-product-2-300x189.webp\" alt=\"\" width=\"413\" height=\"260\" \/><\/p>\n<h3>(2) Megmunk\u00e1l\u00e1s<\/h3>\n<p>A megmunk\u00e1l\u00f3m\u0171hely egyedi, ferde s\u00edneszterg\u00e1l\u00f3 k\u00f6zponttal, megmunk\u00e1l\u00f3k\u00f6zponttal, nagysebess\u00e9g\u0171 h\u00f3nol\u00f3g\u00e9ppel, hegeszt\u0151robottal \u00e9s egy\u00e9b kapcsol\u00f3d\u00f3 berendez\u00e9sekkel van felszerelve, amelyek legfeljebb 400 mm bels\u0151 \u00e1tm\u00e9r\u0151j\u0171 \u00e9s legfeljebb 6 m\u00e9ter hossz\u00fa hengercs\u00f6vek megmunk\u00e1l\u00e1s\u00e1ra k\u00e9pesek.<\/p>\n<p><img loading=\"lazy\" decoding=\"async\" class=\"alignnone wp-image-628 size-large\" src=\"https:\/\/hydraulic-cylinders.net\/wp-content\/uploads\/2023\/08\/hydraulic-cylinder-product-3-1024x391.webp\" alt=\"\" width=\"1024\" height=\"391\" srcset=\"https:\/\/hydraulic-cylinders.net\/wp-content\/uploads\/2023\/08\/hydraulic-cylinder-product-3-980x374.webp 980w, https:\/\/hydraulic-cylinders.net\/wp-content\/uploads\/2023\/08\/hydraulic-cylinder-product-3-480x183.webp 480w\" sizes=\"(min-width: 0px) and (max-width: 480px) 480px, (min-width: 481px) and (max-width: 980px) 980px, (min-width: 981px) 1024px, 100vw\" \/><\/p>\n<h3>(3) Hegeszt\u00e9s<\/h3>\n<p><img loading=\"lazy\" decoding=\"async\" class=\"alignnone wp-image-629 size-large\" src=\"https:\/\/hydraulic-cylinders.net\/wp-content\/uploads\/2023\/08\/hydraulic-cylinder-product-4-1024x510.webp\" alt=\"\" width=\"1024\" height=\"510\" srcset=\"https:\/\/hydraulic-cylinders.net\/wp-content\/uploads\/2023\/08\/hydraulic-cylinder-product-4-980x488.webp 980w, https:\/\/hydraulic-cylinders.net\/wp-content\/uploads\/2023\/08\/hydraulic-cylinder-product-4-480x239.webp 480w\" sizes=\"(min-width: 0px) and (max-width: 480px) 480px, (min-width: 481px) and (max-width: 980px) 980px, (min-width: 981px) 1024px, 100vw\" \/><\/p>\n<h3>(4) Fest\u00e9s \u00e9s bevonatol\u00e1s<\/h3>\n<p>Kis \u00e9s k\u00f6zepes m\u00e9ret\u0171 hengeres automatikus v\u00edzb\u00e1zis\u00fa fest\u00e9kbevon\u00f3 sorokkal, az automatikus robot be- \u00e9s kirakod\u00e1s, valamint az automatikus permetez\u00e9s megval\u00f3s\u00edt\u00e1s\u00e1hoz, a tervez\u00e9si kapacit\u00e1s m\u0171szakonk\u00e9nt 4000 darab;<br \/>\nRendelkez\u00fcnk egy f\u00e9lautomata fest\u00e9kgy\u00e1rt\u00f3sorral is nagym\u00e9ret\u0171 palackokhoz, amelyet egy er\u0151\u00e1tviteli l\u00e1nc hajt, m\u0171szakonk\u00e9nt 60 doboz tervez\u00e9si kapacit\u00e1ssal.<\/p>\n<p><img loading=\"lazy\" decoding=\"async\" class=\"alignnone wp-image-630\" src=\"https:\/\/hydraulic-cylinders.net\/wp-content\/uploads\/2023\/08\/hydraulic-cylinder-product-5-300x213.webp\" alt=\"\" width=\"366\" height=\"260\" \/> <img loading=\"lazy\" decoding=\"async\" class=\"alignnone wp-image-631\" src=\"https:\/\/hydraulic-cylinders.net\/wp-content\/uploads\/2023\/08\/hydraulic-cylinder-product-6-300x225.webp\" alt=\"\" width=\"347\" height=\"260\" \/><\/p>\n<h3>(5) Tesztel\u00e9s<\/h3>\n<p>Els\u0151 oszt\u00e1ly\u00fa ellen\u0151rz\u0151 l\u00e9tes\u00edtm\u00e9nyekkel \u00e9s tesztpadokkal rendelkez\u00fcnk annak biztos\u00edt\u00e1s\u00e1ra, hogy a palack teljes\u00edtm\u00e9nye megfeleljen a k\u00f6vetelm\u00e9nyeknek.<\/p>\n<p><img loading=\"lazy\" decoding=\"async\" class=\"alignnone wp-image-632\" src=\"https:\/\/hydraulic-cylinders.net\/wp-content\/uploads\/2023\/08\/hydraulic-cylinder-product-8-300x200.webp\" alt=\"\" width=\"389\" height=\"260\" \/><\/p>\n<p>&nbsp;<\/p>\n<p>&nbsp;<\/p>\n<p>Mi vagyunk az egyik legjobb k\u00f6nny\u0171rudas hidraulikus henger gy\u00e1rt\u00f3. Sz\u00e9les v\u00e1laszt\u00e9kban k\u00edn\u00e1lunk k\u00f6nny\u0171rudas hidraulikus hengereket. Megfelel\u0151 k\u00e9szletet is biztos\u00edtunk. <a href=\"https:\/\/hzpt.com\/agricultural-pto-gearbox\/\" target=\"_blank\" rel=\"noopener\">mez\u0151gazdas\u00e1gi sebess\u00e9gv\u00e1lt\u00f3k<\/a>Term\u00e9keinket vil\u00e1gszerte export\u00e1ltuk \u00fcgyfeleinknek, \u00e9s kiv\u00e1l\u00f3 term\u00e9kmin\u0151s\u00e9g\u00fcnknek \u00e9s \u00e9rt\u00e9kes\u00edt\u00e9s ut\u00e1ni szolg\u00e1ltat\u00e1sunknak k\u00f6sz\u00f6nhet\u0151en j\u00f3 h\u00edrnevet szerezt\u00fcnk. Szeretettel v\u00e1rjuk belf\u00f6ldi \u00e9s k\u00fclf\u00f6ldi \u00fcgyfeleinket, hogy \u00fczleti t\u00e1rgyal\u00e1sok, inform\u00e1ci\u00f3csere \u00e9s egy\u00e9b lehet\u0151s\u00e9gek c\u00e9lj\u00e1b\u00f3l kapcsolatba l\u00e9pjenek vel\u00fcnk. <a href=\"https:\/\/www.hydraulic-cylinders.net\/hu\/contact-us\/\">egy\u00fcttm\u0171k\u00f6dni vel\u00fcnk<\/a>!<\/p>\n<p>&nbsp;<\/p>\n<h2><\/h2>","protected":false},"excerpt":{"rendered":"<p>Standard Biaxial Type Light Rod Hydraulic Cylinder The standard two-shaft light rod hydraulic cylinder is an efficient, versatile hydraulic cylinder designed to meet the needs of various industrial applications. Using cutting-edge technology and precision design, this cylinder offers superior performance, durability, and ease of use. Whether used in manufacturing equipment, construction machinery, or material handling [&hellip;]<\/p>","protected":false},"featured_media":879,"comment_status":"open","ping_status":"closed","template":"","meta":{"_et_pb_use_builder":"","_et_pb_old_content":"","_et_gb_content_width":""},"product_brand":[],"product_cat":[1550,1525,1509,1376,1387],"product_tag":[1380],"class_list":{"0":"post-849","1":"product","2":"type-product","3":"status-publish","4":"has-post-thumbnail","6":"product_cat-double-acting-hydraulic-cylinder","7":"product_cat-machine-tool-hydraulic-cylinders","8":"product_cat-tie-rod-hydraulic-cylinder","9":"product_cat-hydraulic-cylinder","10":"product_cat-light-rod-hydraulic-cylinder","11":"product_tag-hydraulic-cylinder","13":"first","14":"instock","15":"shipping-taxable","16":"product-type-simple"},"amp_enabled":true,"_links":{"self":[{"href":"https:\/\/www.hydraulic-cylinders.net\/hu\/wp-json\/wp\/v2\/product\/849","targetHints":{"allow":["GET"]}}],"collection":[{"href":"https:\/\/www.hydraulic-cylinders.net\/hu\/wp-json\/wp\/v2\/product"}],"about":[{"href":"https:\/\/www.hydraulic-cylinders.net\/hu\/wp-json\/wp\/v2\/types\/product"}],"replies":[{"embeddable":true,"href":"https:\/\/www.hydraulic-cylinders.net\/hu\/wp-json\/wp\/v2\/comments?post=849"}],"wp:featuredmedia":[{"embeddable":true,"href":"https:\/\/www.hydraulic-cylinders.net\/hu\/wp-json\/wp\/v2\/media\/879"}],"wp:attachment":[{"href":"https:\/\/www.hydraulic-cylinders.net\/hu\/wp-json\/wp\/v2\/media?parent=849"}],"wp:term":[{"taxonomy":"product_brand","embeddable":true,"href":"https:\/\/www.hydraulic-cylinders.net\/hu\/wp-json\/wp\/v2\/product_brand?post=849"},{"taxonomy":"product_cat","embeddable":true,"href":"https:\/\/www.hydraulic-cylinders.net\/hu\/wp-json\/wp\/v2\/product_cat?post=849"},{"taxonomy":"product_tag","embeddable":true,"href":"https:\/\/www.hydraulic-cylinders.net\/hu\/wp-json\/wp\/v2\/product_tag?post=849"}],"curies":[{"name":"munkaf\u00fczet","href":"https:\/\/api.w.org\/{rel}","templated":true}]}}