{"id":852,"date":"2023-08-30T08:12:24","date_gmt":"2023-08-30T08:12:24","guid":{"rendered":"https:\/\/hydraulic-cylinders.net\/?post_type=product&#038;p=852"},"modified":"2025-04-16T02:22:28","modified_gmt":"2025-04-16T02:22:28","slug":"standard-with-adjustable-cap-type-light-rod-hydraulic-cylinder","status":"publish","type":"product","link":"https:\/\/www.hydraulic-cylinders.net\/hu\/termek\/standard-with-adjustable-cap-type-light-rod-hydraulic-cylinder\/","title":{"rendered":"Szabv\u00e1nyos, \u00e1ll\u00edthat\u00f3 kupakos t\u00edpus\u00fa k\u00f6nny\u0171 r\u00fad hidraulikus hengerrel"},"content":{"rendered":"<h1 style=\"text-align: center;\"><strong>Szabv\u00e1nyos, \u00e1ll\u00edthat\u00f3 kupakos t\u00edpus\u00fa k\u00f6nny\u0171 r\u00fad hidraulikus hengerrel<\/strong><\/h1>\n<p><img loading=\"lazy\" decoding=\"async\" class=\"aligncenter wp-image-318417 size-full\" src=\"https:\/\/hzpt.com\/wp-content\/uploads\/2023\/08\/standard-with-adjustable-cap-type-light-pull-rod-hydraulic-cylinder-2.webp\" alt=\"\" width=\"304\" height=\"162\" \/><\/p>\n<p>A standard, \u00e1ll\u00edthat\u00f3 kupakos, k\u00f6nny\u0171rudas hidraulikus henger egy \u00e9lvonalbeli hidraulikus henger, amelyet k\u00fcl\u00f6nf\u00e9le ipari alkalmaz\u00e1sok ig\u00e9nyeinek kiel\u00e9g\u00edt\u00e9s\u00e9re terveztek. \u00c1ll\u00edthat\u00f3 kupakj\u00e1nak \u00e9s k\u00f6nny\u0171 h\u00faz\u00f3rudas konstrukci\u00f3j\u00e1nak k\u00f6sz\u00f6nhet\u0151en ez a henger kiv\u00e1l\u00f3 teljes\u00edtm\u00e9nyt, tart\u00f3ss\u00e1got \u00e9s k\u00f6nny\u0171 haszn\u00e1latot k\u00edn\u00e1l. Ak\u00e1r gy\u00e1rt\u00f3berendez\u00e9sekben, \u00e9p\u00edt\u0151ipari g\u00e9pekben vagy anyagmozgat\u00f3 rendszerekben haszn\u00e1lj\u00e1k, a standard, \u00e1ll\u00edthat\u00f3 kupakos, k\u00f6nny\u0171rudas hidraulikus hengerek megb\u00edzhat\u00f3 \u00e9s hat\u00e9kony m\u0171k\u00f6d\u00e9st biztos\u00edtanak, \u00edgy \u00e9rt\u00e9kesek a termel\u00e9kenys\u00e9g optimaliz\u00e1l\u00e1sa szempontj\u00e1b\u00f3l.<\/p>\n<p>A k\u00f6nny\u0171 r\u00fad hidraulikus henger alapvet\u0151 jellemz\u0151i:<\/p>\n<p><strong>\u00c1ll\u00edthat\u00f3 sapka kialak\u00edt\u00e1s<\/strong>A henger \u00e1ll\u00edthat\u00f3 kupakkal rendelkezik, ami lehet\u0151v\u00e9 teszi a k\u00f6nny\u0171 testreszab\u00e1st \u00e9s adapt\u00e1lhat\u00f3s\u00e1got. Az \u00e1ll\u00edthat\u00f3 kupak rugalmass\u00e1got biztos\u00edt a l\u00f6kethossz finomhangol\u00e1s\u00e1hoz, \u00edgy alkalmass\u00e1 teszi a hengert k\u00fcl\u00f6nb\u00f6z\u0151 l\u00f6ketig\u00e9ny\u0171 alkalmaz\u00e1sokhoz.<\/p>\n<p><strong>K\u00f6nny\u0171 h\u00faz\u00f3r\u00fad-konstrukci\u00f3<\/strong>A k\u00f6nny\u0171 r\u00fadszerkezet k\u00f6nny\u0171 anyagokb\u00f3l, p\u00e9ld\u00e1ul alum\u00edniumb\u00f3l vagy kompozit dugatty\u00farudakb\u00f3l k\u00e9sz\u00fcl. Ez a szerkezet cs\u00f6kkenti a henger \u00f6sszt\u00f6meg\u00e9t, ami gyorsabb mozg\u00e1st, jobb energiahat\u00e9konys\u00e1got \u00e9s alacsonyabb \u00fczemeltet\u00e9si k\u00f6lts\u00e9geket eredm\u00e9nyez.<\/p>\n<p><strong>Nagy pontoss\u00e1g \u00e9s stabilit\u00e1s<\/strong>A standard, \u00e1ll\u00edthat\u00f3 sapk\u00e1s k\u00f6nny\u0171rudas hidraulikus henger nagy pontoss\u00e1g\u00fa \u00e9s stabil line\u00e1ris mozg\u00e1st biztos\u00edt. Pontos pozicion\u00e1l\u00e1st, sima mozg\u00e1st \u00e9s kiv\u00e1l\u00f3 ism\u00e9tl\u00e9si pontoss\u00e1got biztos\u00edt, \u00edgy ide\u00e1lis a prec\u00edz vez\u00e9rl\u00e9st \u00e9s megb\u00edzhat\u00f3s\u00e1got ig\u00e9nyl\u0151 alkalmaz\u00e1sokhoz.<\/p>\n<h2><strong>Standard \u00e1ll\u00edthat\u00f3 kupakkal t\u00edpus\u00fa k\u00f6nny\u0171 r\u00fad hidraulikus hengerrel Param\u00e9ter:<\/strong><\/h2>\n<p><img loading=\"lazy\" decoding=\"async\" class=\"alignnone size-full wp-image-318752\" src=\"https:\/\/hzpt.com\/wp-content\/uploads\/2023\/08\/standard-with-adjustable-cap-type-light-pull-rod-hydraulic-cylinder-3.webp\" alt=\"\" width=\"790\" height=\"320\" \/><\/p>\n<h2><strong>Szabv\u00e1nyos, \u00e1ll\u00edthat\u00f3 kupakos t\u00edpus\u00fa k\u00f6nny\u0171 r\u00fad hidraulikus hengerrel <\/strong><strong>Felhaszn\u00e1l\u00e1si m\u00f3dszer<\/strong><strong>:<\/strong><\/h2>\n<p><strong>Telep\u00edt\u00e9s \u00e9s csatlakoz\u00e1s:<\/strong> A hengert biztons\u00e1gosan szerelje be a hely\u00e9re a megadott r\u00f6gz\u00edt\u0151konzolok vagy r\u00f6gz\u00edt\u0151elemek seg\u00edts\u00e9g\u00e9vel. Biztos\u00edtsa a stabil be\u00e9p\u00edt\u00e9st \u00e9s a helyes igaz\u00edt\u00e1st. K\u00f6vesse a gy\u00e1rt\u00f3 utas\u00edt\u00e1sait \u00e9s ir\u00e1nyelveit a hidraulikavezet\u00e9kek hengerny\u00edl\u00e1sokhoz val\u00f3 csatlakoztat\u00e1s\u00e1hoz.<\/p>\n<p><strong>Sapka be\u00e1ll\u00edt\u00e1sa:<\/strong> Az \u00e1ll\u00edthat\u00f3 kupak funkci\u00f3val be\u00e1ll\u00edthat\u00f3 a k\u00edv\u00e1nt l\u00f6kethossz. A mell\u00e9kelt szersz\u00e1mmal vagy vill\u00e1skulccsal laz\u00edtsa meg a kupakot, \u00e1ll\u00edtsa be a k\u00edv\u00e1nt elmozdul\u00e1shoz, majd h\u00fazza meg.<\/p>\n<p><strong>Hidraulikus rendszer integr\u00e1l\u00e1sa:<\/strong> A henger a hidraulikus rendszerbe integr\u00e1l\u00f3dik a megfelel\u0151 hidraulikus szivatty\u00fahoz vagy er\u0151forr\u00e1shoz val\u00f3 csatlakoztat\u00e1s\u00e1val. Gy\u0151z\u0151dj\u00f6n meg arr\u00f3l, hogy a henger specifik\u00e1ci\u00f3i \u00e9s m\u0171k\u00f6d\u00e9si k\u00f6vetelm\u00e9nyei teljes\u00fclnek.<\/p>\n<p><strong>Vez\u00e9rl\u00e9s \u00e9s m\u0171k\u00f6d\u00e9s:<\/strong> A vez\u00e9rl\u0151szeleppel \u00e1ll\u00edtsa be a hidraulikaolaj be- \u00e9s ki\u00e1raml\u00e1s\u00e1t a hengerbe. \u00c1ll\u00edtsa be a vez\u00e9rl\u0151be\u00e1ll\u00edt\u00e1sokat a k\u00edv\u00e1nt line\u00e1ris mozg\u00e1s \u00e9s er\u0151kifejt\u00e9s el\u00e9r\u00e9s\u00e9hez. Tesztelje a henger mozg\u00e1s\u00e1t a m\u0171k\u00f6d\u00e9s \u00e9s a reakci\u00f3k\u00e9szs\u00e9g ellen\u0151rz\u00e9se \u00e9rdek\u00e9ben.<\/p>\n<h2><strong>Szabv\u00e1nyos, \u00e1ll\u00edthat\u00f3 kupakos t\u00edpus\u00fa k\u00f6nny\u0171 r\u00fad hidraulikus hengerrel <\/strong><strong>Karbantart\u00e1s<\/strong><strong>:<\/strong><\/h2>\n<p>A rendszeres karbantart\u00e1s elengedhetetlen az optim\u00e1lis teljes\u00edtm\u00e9ny biztos\u00edt\u00e1s\u00e1hoz \u00e9s a standard \u00e1ll\u00edthat\u00f3 kupakos t\u00edpus\u00fa f\u00e9nyr\u00fad hidraulikus henger \u00e9lettartam\u00e1nak meghosszabb\u00edt\u00e1s\u00e1hoz. \u00cdme n\u00e9h\u00e1ny karbantart\u00e1si ir\u00e1nyelv:<\/p>\n<ol>\n<li><strong>Rendszeres ellen\u0151rz\u00e9s<\/strong>: V\u00e9gezzen rendszeres ellen\u0151rz\u00e9seket a kop\u00e1s, s\u00e9r\u00fcl\u00e9s vagy sziv\u00e1rg\u00e1s jeleinek azonos\u00edt\u00e1s\u00e1ra. Ellen\u0151rizze a hengertestet, a rudat, a t\u00f6m\u00edt\u00e9seket \u00e9s m\u00e1s alkatr\u00e9szeket rendelleness\u00e9gek szempontj\u00e1b\u00f3l. A tov\u00e1bbi s\u00e9r\u00fcl\u00e9sek vagy m\u0171k\u00f6d\u00e9si zavarok megel\u0151z\u00e9se \u00e9rdek\u00e9ben azonnal kezelje az esetleges probl\u00e9m\u00e1kat.<\/li>\n<li><strong>Ken\u00e9s<\/strong>: Vigye fel az aj\u00e1nlott ken\u0151anyagot a henger mozg\u00f3 r\u00e9szeire, bele\u00e9rtve a rudat \u00e9s a t\u00f6m\u00edt\u00e9seket is. A rendszeres ken\u00e9s minimaliz\u00e1lja a s\u00farl\u00f3d\u00e1st, cs\u00f6kkenti a kop\u00e1st \u00e9s biztos\u00edtja a zavartalan m\u0171k\u00f6d\u00e9st. A megfelel\u0151 ken\u00e9si id\u0151k\u00f6z\u00f6kre \u00e9s a ken\u0151anyag t\u00edpus\u00e1ra vonatkoz\u00f3an k\u00f6vesse a gy\u00e1rt\u00f3 ir\u00e1nymutat\u00e1sait.<\/li>\n<li><strong>T\u00f6m\u00edt\u00e9s csere<\/strong>Ha t\u00f6m\u00edt\u00e9sek kop\u00e1s\u00e1t vagy sziv\u00e1rg\u00e1s\u00e1t \u00e9szleli, cser\u00e9lje ki azokat eredeti, gy\u00e1rt\u00f3 \u00e1ltal j\u00f3v\u00e1hagyott alkatr\u00e9szekre. A helytelen vagy kopott t\u00f6m\u00edt\u00e9sek ronthatj\u00e1k a henger teljes\u00edtm\u00e9ny\u00e9t, \u00e9s hidraulikafolyad\u00e9k-sziv\u00e1rg\u00e1st okozhatnak.<\/li>\n<li><strong>Tiszt\u00edt\u00e1s<\/strong>: Tiszt\u00edtsa meg a hengert a szennyez\u0151d\u00e9sek, t\u00f6rmel\u00e9kek \u00e9s egy\u00e9b szennyez\u0151d\u00e9sek elt\u00e1vol\u00edt\u00e1s\u00e1val. Haszn\u00e1ljon nem koptat\u00f3 hat\u00e1s\u00fa tiszt\u00edt\u00f3szert, \u00e9s az \u00f6sszeszerel\u00e9s el\u0151tt gondoskodjon arr\u00f3l, hogy minden alkatr\u00e9sz alaposan megsz\u00e1radjon. A tiszta henger el\u0151seg\u00edti az optim\u00e1lis teljes\u00edtm\u00e9nyt, \u00e9s megakad\u00e1lyozza az id\u0151 el\u0151tti kop\u00e1st vagy k\u00e1rosod\u00e1st.<\/li>\n<\/ol>\n<h2><strong>Hogyan kell cser\u00e9lni a hidraulikus henger t\u00f6m\u00edt\u00e9seit?<\/strong><\/h2>\n<p>A hidraulikus henger t\u00f6m\u00edt\u00e9seinek cser\u00e9je prec\u00edz \u00e9s apr\u00f3l\u00e9kos figyelmet ig\u00e9nyl\u0151 feladat. \u00cdme egy l\u00e9p\u00e9sr\u0151l l\u00e9p\u00e9sre \u00fatmutat\u00f3 a hidraulikus henger t\u00f6m\u00edt\u00e9seinek cser\u00e9j\u00e9hez:<\/p>\n<ol>\n<li><strong>Els\u0151 a biztons\u00e1g:<\/strong> A hidraulikus hengereken v\u00e9gzett karbantart\u00e1si munk\u00e1k megkezd\u00e9se el\u0151tt gy\u0151z\u0151dj\u00f6n meg arr\u00f3l, hogy a rendszer nyom\u00e1smentes, \u00e9s a berendez\u00e9s biztons\u00e1gosan r\u00f6gz\u00edtve van a v\u00e9letlen elmozdul\u00e1s megakad\u00e1lyoz\u00e1sa \u00e9rdek\u00e9ben.<\/li>\n<li><strong>A probl\u00e9ma azonos\u00edt\u00e1sa:<\/strong> Hat\u00e1rozza meg, mely t\u00f6m\u00edt\u00e9seket kell cser\u00e9lni. A t\u00f6m\u00edt\u00e9sek meghib\u00e1sod\u00e1s\u00e1nak gyakori jelei k\u00f6z\u00e9 tartozik a sziv\u00e1rg\u00e1s, a cs\u00f6kkent teljes\u00edtm\u00e9ny vagy a t\u00f6m\u00edt\u00e9sek l\u00e1that\u00f3 s\u00e9r\u00fcl\u00e9se.<\/li>\n<li><strong>Gy\u0171jtsd \u00f6ssze a sz\u00fcks\u00e9ges eszk\u00f6z\u00f6ket:<\/strong> K\u00e9sz\u00edtse el\u0151 a t\u00f6m\u00edt\u00e9s cser\u00e9j\u00e9hez sz\u00fcks\u00e9ges szersz\u00e1mokat, bele\u00e9rtve a t\u00f6m\u00edt\u00e9sk\u00e9szletet, amely tartalmazza az \u00faj t\u00f6m\u00edt\u00e9seket, r\u00f6gz\u00edt\u0151gy\u0171r\u0171ket, O-gy\u0171r\u0171ket, t\u00f6m\u00edt\u00e9skisz\u00far\u00f3t vagy kis csavarh\u00faz\u00f3t, t\u00f6m\u00edt\u00e9sbeszerel\u0151 szersz\u00e1mot vagy dug\u00f3kulcsot, valamint egy tiszta kend\u0151t vagy rongyot.<\/li>\n<li><strong>Sz\u00e9tszerel\u00e9s:<\/strong> \u00d3vatosan szerelje sz\u00e9t a hidraulikus hengert. El\u0151sz\u00f6r t\u00e1vol\u00edtsa el a k\u00fcls\u0151 alkatr\u00e9szeket, p\u00e9ld\u00e1ul a r\u00f6gz\u00edt\u0151konzolokat vagy a fedeleket. Ezut\u00e1n vegye le a hengerfejet vagy a sapk\u00e1t, hogy hozz\u00e1f\u00e9rjen a t\u00f6m\u00edt\u00e9sekhez. K\u00e9rj\u00fck, vegye figyelembe az alkatr\u00e9szek sorrendj\u00e9t \u00e9s t\u00e1jol\u00e1s\u00e1t a sz\u00e9tszerel\u00e9s sor\u00e1n.<\/li>\n<li><strong>T\u00e1vol\u00edtsa el a r\u00e9gi pecs\u00e9teket:<\/strong> \u00d3vatosan fesz\u00edtse ki a r\u00e9gi t\u00f6m\u00edt\u00e9seket a hornyokb\u00f3l egy t\u00f6m\u00edt\u00e9skisz\u00far\u00f3 vagy egy kis csavarh\u00faz\u00f3 seg\u00edts\u00e9g\u00e9vel. Legyen \u00f3vatos, ne karcolja meg vagy s\u00e9rtse meg a henger fal\u00e1t vagy m\u00e1s alkatr\u00e9szeket.<\/li>\n<li><strong>Tiszt\u00edt\u00e1s \u00e9s ellen\u0151rz\u00e9s:<\/strong> Alaposan tiszt\u00edtsa meg a henger furat\u00e1t \u00e9s az \u00f6sszes alkatr\u00e9szt a szennyez\u0151d\u00e9sekt\u0151l, t\u00f6rmel\u00e9kekt\u0151l \u00e9s r\u00e9gi t\u00f6m\u00edt\u00e9smaradv\u00e1nyokt\u00f3l. Vizsg\u00e1lja meg a henger furat\u00e1t \u00e9s m\u00e1s alkatr\u00e9szeit s\u00e9r\u00fcl\u00e9s vagy kop\u00e1s jelei szempontj\u00e1b\u00f3l. Ha b\u00e1rmilyen s\u00e9r\u00fcl\u00e9st \u00e9szlel, tov\u00e1bbi vizsg\u00e1lat c\u00e9lj\u00e1b\u00f3l sz\u00fcks\u00e9g lehet egy hidraulikus szakember felkeres\u00e9s\u00e9re.<\/li>\n<li><strong>\u00daj t\u00f6m\u00edt\u00e9sek beszerel\u00e9se:<\/strong> Kenje meg az \u00faj t\u00f6m\u00edt\u00e9seket hidraulikaolajjal vagy m\u00e1s kompatibilis t\u00f6m\u00edt\u00e9s-ken\u0151anyaggal a beszerel\u00e9s megk\u00f6nny\u00edt\u00e9se \u00e9rdek\u00e9ben. \u00d3vatosan helyezze az \u00faj t\u00f6m\u00edt\u00e9seket a hornyokba, \u00fcgyelve a megfelel\u0151 t\u00e1jol\u00e1sra \u00e9s illeszt\u00e9sre. Haszn\u00e1ljon t\u00f6m\u00edt\u00e9sbeszerel\u0151 szersz\u00e1mot vagy dug\u00f3kulcsot a t\u00f6m\u00edt\u00e9sek hely\u00e9re nyom\u00e1s\u00e1hoz. Legyen \u00f3vatos, nehogy megs\u00e9rtse a t\u00f6m\u00edt\u00e9seket a beszerel\u00e9s sor\u00e1n.<\/li>\n<li><strong>\u00dajb\u00f3li \u00f6sszeszerel\u00e9s:<\/strong> Miut\u00e1n az \u00faj t\u00f6m\u00edt\u00e9sek a hely\u00fck\u00f6n vannak, szerelje vissza a hidraulikus hengert a sz\u00e9tszerel\u00e9s ford\u00edtott sorrendj\u00e9ben. \u00dcgyeljen a r\u00f6gz\u00edt\u0151gy\u0171r\u0171k, O-gy\u0171r\u0171k \u00e9s egy\u00e9b alkatr\u00e9szek megfelel\u0151 elhelyez\u00e9s\u00e9re. Gy\u0151z\u0151dj\u00f6n meg arr\u00f3l, hogy minden csatlakoz\u00e1s megfelel\u0151en meg van h\u00fazva a gy\u00e1rt\u00f3 el\u0151\u00edr\u00e1sainak megfelel\u0151en.<\/li>\n<li><strong>Sziv\u00e1rg\u00e1sok ellen\u0151rz\u00e9se \u00e9s tesztel\u00e9se:<\/strong> Az \u00f6sszeszerel\u00e9s ut\u00e1n alaposan ellen\u0151rizze a hengert a megfelel\u0151 beszerel\u00e9s \u00e9rdek\u00e9ben. Lassan helyezze nyom\u00e1s al\u00e1 a hidraulikus rendszert, \u00e9s ellen\u0151rizze, hogy nincs-e sziv\u00e1rg\u00e1s. Ha sziv\u00e1rg\u00e1st \u00e9szlel, azonnal v\u00e9gezze el a hibaelh\u00e1r\u00edt\u00e1st \u00e9s jav\u00edtsa ki a probl\u00e9m\u00e1t.<\/li>\n<li><strong>Rendszer l\u00e9gtelen\u00edt\u00e9se:<\/strong> Sz\u00fcks\u00e9g eset\u00e9n l\u00e9gtelen\u00edtse a hidraulikus rendszert, hogy elt\u00e1vol\u00edtsa a t\u00f6m\u00edt\u00e9scsere sor\u00e1n esetleg bejutott leveg\u0151t. K\u00f6vesse a gy\u00e1rt\u00f3 aj\u00e1nl\u00e1sait, vagy forduljon hidraulikus szakemberhez a megfelel\u0151 l\u00e9gtelen\u00edt\u00e9si elj\u00e1r\u00e1ssal kapcsolatban.<\/li>\n<\/ol>\n<h2><strong>A gy\u00e1r kapacit\u00e1sa \u00e9s kapacit\u00e1sa:<\/strong><\/h2>\n<h3>(1) \u00d6sszeszerel\u00e9s<\/h3>\n<p>Els\u0151 oszt\u00e1ly\u00fa f\u00fcggetlen kutat\u00e1si \u00e9s fejleszt\u00e9si \u00f6sszeszerel\u00e9si platformmal rendelkez\u00fcnk. A hidraulikus hengergy\u00e1rt\u00f3 m\u0171hely n\u00e9gy f\u00e9lautomata emel\u0151henger-\u00f6sszeszerel\u0151 sorral \u00e9s egy automata billen\u0151henger-\u00f6sszeszerel\u0151 sorral rendelkezik, tervezett \u00e9ves gy\u00e1rt\u00e1si kapacit\u00e1sa 1 milli\u00f3 darab. A speci\u00e1lis henger m\u0171hely k\u00fcl\u00f6nb\u00f6z\u0151 specifik\u00e1ci\u00f3j\u00fa f\u00e9lautomata tiszt\u00edt\u00f3 \u00f6sszeszerel\u0151 rendszerrel van felszerelve, amelynek tervezett \u00e9ves termel\u00e9si kapacit\u00e1sa 200.000, \u00e9s h\u00edres CNC megmunk\u00e1l\u00f3 berendez\u00e9ssel, megmunk\u00e1l\u00f3 k\u00f6zponttal, nagy pontoss\u00e1g\u00fa hengerfeldolgoz\u00f3 speci\u00e1lis berendez\u00e9ssel, robothegeszt\u0151 g\u00e9ppel, automatikus tiszt\u00edt\u00f3g\u00e9ppel, automatikus henger \u00f6sszeszerel\u0151 g\u00e9ppel \u00e9s automatikus fest\u00e9si gy\u00e1rt\u00f3sorral van felszerelve. A megl\u00e9v\u0151 kritikus berendez\u00e9sek t\u00f6bb mint 300 k\u00e9szlet (k\u00e9szlet). A berendez\u00e9sek er\u0151forr\u00e1sainak optim\u00e1lis eloszt\u00e1sa \u00e9s hat\u00e9kony felhaszn\u00e1l\u00e1sa biztos\u00edtja a term\u00e9kek pontoss\u00e1gi k\u00f6vetelm\u00e9nyeit \u00e9s megfelel a term\u00e9kek min\u0151s\u00e9gi ig\u00e9nyeinek.<\/p>\n<p><img loading=\"lazy\" decoding=\"async\" class=\"alignnone wp-image-626\" src=\"https:\/\/hydraulic-cylinders.net\/wp-content\/uploads\/2023\/08\/hydraulic-cylinder-product-1-300x158.webp\" alt=\"\" width=\"495\" height=\"260\" srcset=\"https:\/\/hydraulic-cylinders.net\/wp-content\/uploads\/2023\/08\/hydraulic-cylinder-product-1-300x158.webp 495w, https:\/\/hydraulic-cylinders.net\/wp-content\/uploads\/2023\/08\/hydraulic-cylinder-product-1-480x252.webp 480w\" sizes=\"(min-width: 0px) and (max-width: 480px) 480px, (min-width: 481px) 495px, 100vw\" \/> <img loading=\"lazy\" decoding=\"async\" class=\"alignnone wp-image-627\" src=\"https:\/\/hydraulic-cylinders.net\/wp-content\/uploads\/2023\/08\/hydraulic-cylinder-product-2-300x189.webp\" alt=\"\" width=\"413\" height=\"260\" \/><\/p>\n<h3>(2) Megmunk\u00e1l\u00e1s<\/h3>\n<p>A megmunk\u00e1l\u00f3m\u0171hely egyedi, ferde s\u00edneszterg\u00e1l\u00f3 k\u00f6zponttal, megmunk\u00e1l\u00f3k\u00f6zponttal, nagysebess\u00e9g\u0171 h\u00f3nol\u00f3g\u00e9ppel, hegeszt\u0151robottal \u00e9s egy\u00e9b kapcsol\u00f3d\u00f3 berendez\u00e9sekkel van felszerelve, amelyek legfeljebb 400 mm bels\u0151 \u00e1tm\u00e9r\u0151j\u0171 \u00e9s legfeljebb 6 m\u00e9ter hossz\u00fa hengercs\u00f6vek megmunk\u00e1l\u00e1s\u00e1ra k\u00e9pesek.<\/p>\n<p><img loading=\"lazy\" decoding=\"async\" class=\"alignnone wp-image-628 size-large\" src=\"https:\/\/hydraulic-cylinders.net\/wp-content\/uploads\/2023\/08\/hydraulic-cylinder-product-3-1024x391.webp\" alt=\"\" width=\"1024\" height=\"391\" srcset=\"https:\/\/hydraulic-cylinders.net\/wp-content\/uploads\/2023\/08\/hydraulic-cylinder-product-3-980x374.webp 980w, https:\/\/hydraulic-cylinders.net\/wp-content\/uploads\/2023\/08\/hydraulic-cylinder-product-3-480x183.webp 480w\" sizes=\"(min-width: 0px) and (max-width: 480px) 480px, (min-width: 481px) and (max-width: 980px) 980px, (min-width: 981px) 1024px, 100vw\" \/><\/p>\n<h3>(3) Hegeszt\u00e9s<\/h3>\n<p><img loading=\"lazy\" decoding=\"async\" class=\"alignnone wp-image-629 size-large\" src=\"https:\/\/hydraulic-cylinders.net\/wp-content\/uploads\/2023\/08\/hydraulic-cylinder-product-4-1024x510.webp\" alt=\"\" width=\"1024\" height=\"510\" srcset=\"https:\/\/hydraulic-cylinders.net\/wp-content\/uploads\/2023\/08\/hydraulic-cylinder-product-4-980x488.webp 980w, https:\/\/hydraulic-cylinders.net\/wp-content\/uploads\/2023\/08\/hydraulic-cylinder-product-4-480x239.webp 480w\" sizes=\"(min-width: 0px) and (max-width: 480px) 480px, (min-width: 481px) and (max-width: 980px) 980px, (min-width: 981px) 1024px, 100vw\" \/><\/p>\n<h3>(4) Fest\u00e9s \u00e9s bevonatol\u00e1s<\/h3>\n<p>Kis \u00e9s k\u00f6zepes m\u00e9ret\u0171 hengeres automatikus v\u00edzb\u00e1zis\u00fa fest\u00e9kbevon\u00f3 sorokkal, az automatikus robot be- \u00e9s kirakod\u00e1s, valamint az automatikus permetez\u00e9s megval\u00f3s\u00edt\u00e1s\u00e1hoz, a tervez\u00e9si kapacit\u00e1s m\u0171szakonk\u00e9nt 4000 darab;<br \/>\nRendelkez\u00fcnk egy f\u00e9lautomata fest\u00e9kgy\u00e1rt\u00f3sorral is nagym\u00e9ret\u0171 palackokhoz, amelyet egy er\u0151\u00e1tviteli l\u00e1nc hajt, m\u0171szakonk\u00e9nt 60 doboz tervez\u00e9si kapacit\u00e1ssal.<\/p>\n<p><img loading=\"lazy\" decoding=\"async\" class=\"alignnone wp-image-630\" src=\"https:\/\/hydraulic-cylinders.net\/wp-content\/uploads\/2023\/08\/hydraulic-cylinder-product-5-300x213.webp\" alt=\"\" width=\"366\" height=\"260\" \/> <img loading=\"lazy\" decoding=\"async\" class=\"alignnone wp-image-631\" src=\"https:\/\/hydraulic-cylinders.net\/wp-content\/uploads\/2023\/08\/hydraulic-cylinder-product-6-300x225.webp\" alt=\"\" width=\"347\" height=\"260\" \/><\/p>\n<h3>(5) Tesztel\u00e9s<\/h3>\n<p>Els\u0151 oszt\u00e1ly\u00fa ellen\u0151rz\u0151 l\u00e9tes\u00edtm\u00e9nyekkel \u00e9s tesztpadokkal rendelkez\u00fcnk annak biztos\u00edt\u00e1s\u00e1ra, hogy a palack teljes\u00edtm\u00e9nye megfeleljen a k\u00f6vetelm\u00e9nyeknek.<\/p>\n<p><img loading=\"lazy\" decoding=\"async\" class=\"alignnone wp-image-632\" src=\"https:\/\/hydraulic-cylinders.net\/wp-content\/uploads\/2023\/08\/hydraulic-cylinder-product-8-300x200.webp\" alt=\"\" width=\"389\" height=\"260\" \/><\/p>\n<p>&nbsp;<\/p>\n<p>&nbsp;<\/p>\n<p>Mi vagyunk az egyik legjobb k\u00f6nny\u0171rudas hidraulikus henger gy\u00e1rt\u00f3. Sz\u00e9les v\u00e1laszt\u00e9kban k\u00edn\u00e1lunk k\u00f6nny\u0171rudas hidraulikus hengereket. Megfelel\u0151 k\u00e9szletet is biztos\u00edtunk. <a href=\"https:\/\/hzpt.com\/agricultural-pto-gearbox\/\" target=\"_blank\" rel=\"noopener\">mez\u0151gazdas\u00e1gi sebess\u00e9gv\u00e1lt\u00f3k<\/a>Term\u00e9keinket vil\u00e1gszerte export\u00e1ltuk \u00fcgyfeleinknek, \u00e9s kiv\u00e1l\u00f3 term\u00e9kmin\u0151s\u00e9g\u00fcnknek \u00e9s \u00e9rt\u00e9kes\u00edt\u00e9s ut\u00e1ni szolg\u00e1ltat\u00e1sunknak k\u00f6sz\u00f6nhet\u0151en j\u00f3 h\u00edrnevet szerezt\u00fcnk. Szeretettel v\u00e1rjuk belf\u00f6ldi \u00e9s k\u00fclf\u00f6ldi \u00fcgyfeleinket, hogy \u00fczleti t\u00e1rgyal\u00e1sok, inform\u00e1ci\u00f3csere \u00e9s egy\u00e9b lehet\u0151s\u00e9gek c\u00e9lj\u00e1b\u00f3l kapcsolatba l\u00e9pjenek vel\u00fcnk. <a href=\"https:\/\/www.hydraulic-cylinders.net\/hu\/contact-us\/\">egy\u00fcttm\u0171k\u00f6dni vel\u00fcnk<\/a>!<\/p>\n<h2><\/h2>","protected":false},"excerpt":{"rendered":"<p>Standard With Adjustable Cap Type Light Rod Hydraulic Cylinder The standard with adjustable cap type light rod hydraulic cylinder is a cutting-edge hydraulic cylinder designed to meet the demands of various industrial applications. With its adjustable cap and light pull rod construction, this cylinder offers superior performance, durability, and ease of use. Whether used in [&hellip;]<\/p>","protected":false},"featured_media":876,"comment_status":"open","ping_status":"closed","template":"","meta":{"_et_pb_use_builder":"","_et_pb_old_content":"","_et_gb_content_width":""},"product_brand":[],"product_cat":[1550,1525,1509,1376,1387],"product_tag":[1380],"class_list":{"0":"post-852","1":"product","2":"type-product","3":"status-publish","4":"has-post-thumbnail","6":"product_cat-double-acting-hydraulic-cylinder","7":"product_cat-machine-tool-hydraulic-cylinders","8":"product_cat-tie-rod-hydraulic-cylinder","9":"product_cat-hydraulic-cylinder","10":"product_cat-light-rod-hydraulic-cylinder","11":"product_tag-hydraulic-cylinder","13":"first","14":"instock","15":"shipping-taxable","16":"product-type-simple"},"amp_enabled":true,"_links":{"self":[{"href":"https:\/\/www.hydraulic-cylinders.net\/hu\/wp-json\/wp\/v2\/product\/852","targetHints":{"allow":["GET"]}}],"collection":[{"href":"https:\/\/www.hydraulic-cylinders.net\/hu\/wp-json\/wp\/v2\/product"}],"about":[{"href":"https:\/\/www.hydraulic-cylinders.net\/hu\/wp-json\/wp\/v2\/types\/product"}],"replies":[{"embeddable":true,"href":"https:\/\/www.hydraulic-cylinders.net\/hu\/wp-json\/wp\/v2\/comments?post=852"}],"wp:featuredmedia":[{"embeddable":true,"href":"https:\/\/www.hydraulic-cylinders.net\/hu\/wp-json\/wp\/v2\/media\/876"}],"wp:attachment":[{"href":"https:\/\/www.hydraulic-cylinders.net\/hu\/wp-json\/wp\/v2\/media?parent=852"}],"wp:term":[{"taxonomy":"product_brand","embeddable":true,"href":"https:\/\/www.hydraulic-cylinders.net\/hu\/wp-json\/wp\/v2\/product_brand?post=852"},{"taxonomy":"product_cat","embeddable":true,"href":"https:\/\/www.hydraulic-cylinders.net\/hu\/wp-json\/wp\/v2\/product_cat?post=852"},{"taxonomy":"product_tag","embeddable":true,"href":"https:\/\/www.hydraulic-cylinders.net\/hu\/wp-json\/wp\/v2\/product_tag?post=852"}],"curies":[{"name":"munkaf\u00fczet","href":"https:\/\/api.w.org\/{rel}","templated":true}]}}