{"id":896,"date":"2023-09-01T07:43:48","date_gmt":"2023-09-01T07:43:48","guid":{"rendered":"https:\/\/hydraulic-cylinders.net\/?post_type=product&#038;p=896"},"modified":"2023-09-19T01:27:31","modified_gmt":"2023-09-19T01:27:31","slug":"fa-front-flange-type-heavy-rod-hydraulic-cylinder","status":"publish","type":"product","link":"https:\/\/www.hydraulic-cylinders.net\/hu\/termek\/fa-front-flange-type-heavy-rod-hydraulic-cylinder\/","title":{"rendered":"FA el\u00fcls\u0151 karim\u00e1s t\u00edpus\u00fa neh\u00e9z r\u00fad hidraulikus henger"},"content":{"rendered":"<h1 style=\"text-align: center;\"><strong>FA el\u00fcls\u0151 karim\u00e1s t\u00edpus\u00fa neh\u00e9z r\u00fad hidraulikus henger<\/strong><\/h1>\n<p>Az FA el\u00fcls\u0151 peremes, neh\u00e9zrudas hidraulikus henger egy nagy teljes\u00edtm\u00e9ny\u0171 alkatr\u00e9sz, amely kiv\u00e1l\u00f3 teljes\u00edtm\u00e9nyt, tart\u00f3ss\u00e1got \u00e9s megb\u00edzhat\u00f3s\u00e1got biztos\u00edt az ig\u00e9nyes ipari alkalmaz\u00e1sokban. Robusztus konstrukci\u00f3j\u00e1nak, prec\u00edz m\u00e9rn\u00f6ki munk\u00e1j\u00e1nak \u00e9s fejlett funkci\u00f3inak k\u00f6sz\u00f6nhet\u0151en ez a neh\u00e9zrudas hidraulikus henger megb\u00edzhat\u00f3 megold\u00e1st k\u00edn\u00e1l a nagy ig\u00e9nybev\u00e9tel\u0171 feladatokhoz, amelyek dedik\u00e1lt er\u0151kifejt\u00e9st \u00e9s prec\u00edz vez\u00e9rl\u00e9st ig\u00e9nyelnek. A neh\u00e9zg\u00e9pekt\u0151l az anyagmozgat\u00f3 berendez\u00e9sekig az FA el\u00fcls\u0151 peremes, neh\u00e9zrudas hidraulikus hengereket \u00fagy tervezt\u00e9k, hogy kiemelkedjenek a kih\u00edv\u00e1st jelent\u0151 k\u00f6rnyezetben, biztos\u00edtva az optim\u00e1lis teljes\u00edtm\u00e9nyt \u00e9s termel\u00e9kenys\u00e9get.<\/p>\n<p>Neh\u00e9zr\u00fad hidraulikus henger f\u0151bb jellemz\u0151i:<\/p>\n<p><strong>1. Robusztus konstrukci\u00f3<\/strong>Az FA el\u00fcls\u0151 peremes, neh\u00e9zrudas hidraulikus munkahengerek robusztus kialak\u00edt\u00e1s\u00faak \u00e9s kiv\u00e1l\u00f3 min\u0151s\u00e9g\u0171 anyagokb\u00f3l, p\u00e9ld\u00e1ul ac\u00e9lb\u00f3l vagy \u00f6tv\u00f6zetekb\u0151l k\u00e9sz\u00fclnek, hogy ellen\u00e1lljanak a nagy terhel\u00e9seknek, a sz\u00e9ls\u0151s\u00e9ges nyom\u00e1snak \u00e9s a zord \u00fczemi k\u00f6r\u00fclm\u00e9nyeknek. Robusztus konstrukci\u00f3juk hossz\u00fa t\u00e1v\u00fa tart\u00f3ss\u00e1got \u00e9s kop\u00e1s-, korr\u00f3zi\u00f3- \u00e9s s\u00e9r\u00fcl\u00e9s\u00e1ll\u00f3s\u00e1got biztos\u00edt.<\/p>\n<p><strong>2. Nagy er\u0151kifejt\u00e9s<\/strong>Nagy dugatty\u00fa\u00e1tm\u00e9r\u0151j\u00e9nek \u00e9s nagynyom\u00e1s\u00fa k\u00e9pess\u00e9g\u00e9nek k\u00f6sz\u00f6nhet\u0151en ez a neh\u00e9zrudas hidraulikus henger leny\u0171g\u00f6z\u0151 er\u0151teljes\u00edtm\u00e9nyt k\u00edn\u00e1l, \u00edgy ide\u00e1lis olyan alkalmaz\u00e1sokhoz, ahol neh\u00e9z emel\u00e9sre, tol\u00e1sra vagy h\u00faz\u00e1sra van sz\u00fcks\u00e9g. Hat\u00e9kony teljes\u00edtm\u00e9nyt biztos\u00edt, \u00e9s lehet\u0151v\u00e9 teszi a kezel\u0151k sz\u00e1m\u00e1ra, hogy hat\u00e9konyan kezelj\u00e9k az ig\u00e9nyes feladatokat.<\/p>\n<p><strong>3. Prec\u00edz vez\u00e9rl\u00e9s<\/strong>Az FA el\u00fcls\u0151 peremes, neh\u00e9zrudas hidraulikus henger prec\u00edzen szab\u00e1lyozott line\u00e1ris mozg\u00e1st biztos\u00edt, lehet\u0151v\u00e9 t\u00e9ve a kezel\u0151 sz\u00e1m\u00e1ra a pontos pozicion\u00e1l\u00e1st \u00e9s a sima m\u0171k\u00f6d\u00e9st. Fejlett kialak\u00edt\u00e1sa \u00e9s m\u00e9rn\u00f6ki munk\u00e1ja minim\u00e1lis bels\u0151 s\u00farl\u00f3d\u00e1st, valamint \u00e1tl\u00e1that\u00f3 \u00e9s \u00e9rz\u00e9keny mozg\u00e1st biztos\u00edt.<\/p>\n<p><img loading=\"lazy\" decoding=\"async\" class=\"size-full wp-image-897 aligncenter\" src=\"https:\/\/hydraulic-cylinders.net\/wp-content\/uploads\/2023\/09\/fa-front-flange-type-heavy-rod-hydraulic-cylinder-2.webp\" alt=\"\" width=\"275\" height=\"275\" srcset=\"https:\/\/www.hydraulic-cylinders.net\/wp-content\/uploads\/2023\/09\/fa-front-flange-type-heavy-rod-hydraulic-cylinder-2.webp 275w, https:\/\/www.hydraulic-cylinders.net\/wp-content\/uploads\/2023\/09\/fa-front-flange-type-heavy-rod-hydraulic-cylinder-2-100x100.webp 100w, https:\/\/www.hydraulic-cylinders.net\/wp-content\/uploads\/2023\/09\/fa-front-flange-type-heavy-rod-hydraulic-cylinder-2-150x150.webp 150w, https:\/\/www.hydraulic-cylinders.net\/wp-content\/uploads\/2023\/09\/fa-front-flange-type-heavy-rod-hydraulic-cylinder-2-12x12.webp 12w\" sizes=\"(max-width: 275px) 100vw, 275px\" \/><\/p>\n<h2><strong>FA el\u00fcls\u0151 karim\u00e1s t\u00edpus\u00fa neh\u00e9z r\u00fad hidraulikus henger param\u00e9tere:<\/strong><\/h2>\n<p><img loading=\"lazy\" decoding=\"async\" class=\"alignnone wp-image-898 size-full\" src=\"https:\/\/hydraulic-cylinders.net\/wp-content\/uploads\/2023\/09\/fa-front-flange-type-heavy-rod-hydraulic-cylinder-1.webp\" alt=\"\" width=\"790\" height=\"478\" srcset=\"https:\/\/hydraulic-cylinders.net\/wp-content\/uploads\/2023\/09\/fa-front-flange-type-heavy-rod-hydraulic-cylinder-1.webp 790w, https:\/\/hydraulic-cylinders.net\/wp-content\/uploads\/2023\/09\/fa-front-flange-type-heavy-rod-hydraulic-cylinder-1-480x290.webp 480w\" sizes=\"(min-width: 0px) and (max-width: 480px) 480px, (min-width: 481px) 790px, 100vw\" \/><\/p>\n<h2><strong>FA el\u00fcls\u0151 karim\u00e1s t\u00edpus\u00fa neh\u00e9z r\u00fad hidraulikus henger <\/strong><strong>Felhaszn\u00e1l\u00e1si m\u00f3dszer<\/strong><strong>:<\/strong><\/h2>\n<p><strong>Szerel\u00e9s \u00e9s csatlakoztat\u00e1s<\/strong>Haszn\u00e1ljon megfelel\u0151 konzolokat vagy szerelv\u00e9nyeket a szabv\u00e1nyos neh\u00e9zrudas hidraulikus henger biztons\u00e1gos telep\u00edt\u00e9s\u00e9hez. A telep\u00edt\u00e9s sor\u00e1n \u00fcgyeljen a megfelel\u0151 be\u00e1ll\u00edt\u00e1sra \u00e9s stabilit\u00e1sra. Csatlakoztassa a hidraulikavezet\u00e9keket a henger csatlakoz\u00f3ihoz a gy\u00e1rt\u00f3 utas\u00edt\u00e1sainak \u00e9s ir\u00e1nyelveinek megfelel\u0151en.<\/p>\n<p><strong>Hidraulikus rendszer integr\u00e1ci\u00f3ja<\/strong>A hengert a hidraulikus rendszerbe egy megfelel\u0151 hidraulikus szivatty\u00fahoz vagy t\u00e1pegys\u00e9ghez val\u00f3 csatlakoztat\u00e1ssal kell integr\u00e1lni. Gy\u0151z\u0151dj\u00f6n meg arr\u00f3l, hogy a henger specifik\u00e1ci\u00f3i \u00e9s az \u00fczemeltet\u00e9si k\u00f6vetelm\u00e9nyek teljes\u00fclnek.<\/p>\n<p><strong>Vez\u00e9rl\u00e9s \u00e9s m\u0171k\u00f6dtet\u00e9s<\/strong>A szab\u00e1lyoz\u00f3szeleppel szab\u00e1lyozhatja a hidraulikaolaj \u00e1raml\u00e1s\u00e1t a hengerbe \u00e9s a hengerb\u0151l. \u00c1ll\u00edtsa be a vez\u00e9rl\u00e9si be\u00e1ll\u00edt\u00e1sokat a k\u00edv\u00e1nt line\u00e1ris mozg\u00e1snak \u00e9s er\u0151kifejt\u00e9snek megfelel\u0151en. Ellen\u0151rizze a henger mozg\u00e1s\u00e1t a m\u0171k\u00f6d\u00e9s\u00e9nek \u00e9s reag\u00e1l\u00f3k\u00e9pess\u00e9g\u00e9nek ellen\u0151rz\u00e9s\u00e9hez.<\/p>\n<h2><strong>FA el\u00fcls\u0151 karim\u00e1s t\u00edpus\u00fa neh\u00e9z r\u00fad hidraulikus henger <\/strong><strong>Karbantart\u00e1s<\/strong><strong>:<\/strong><\/h2>\n<p>A rendszeres karbantart\u00e1s elengedhetetlen a Standard Heavy Rod hidraulikus henger \u00e9lettartam\u00e1nak \u00e9s teljes\u00edtm\u00e9ny\u00e9nek maximaliz\u00e1l\u00e1sa \u00e9rdek\u00e9ben. \u00cdme n\u00e9h\u00e1ny karbantart\u00e1si ir\u00e1nyelv:<\/p>\n<p><strong>Id\u0151szakos ellen\u0151rz\u00e9s<\/strong>: V\u00e9gezzen rendszeres ellen\u0151rz\u00e9seket a kop\u00e1s, s\u00e9r\u00fcl\u00e9s vagy sziv\u00e1rg\u00e1s jeleinek azonos\u00edt\u00e1sa \u00e9rdek\u00e9ben. Ellen\u0151rizze a hengerblokkokat, dugatty\u00farudakat, t\u00f6m\u00edt\u00e9seket \u00e9s egy\u00e9b alkatr\u00e9szeket rendelleness\u00e9gek szempontj\u00e1b\u00f3l. A tov\u00e1bbi s\u00e9r\u00fcl\u00e9sek vagy a m\u0171k\u00f6d\u00e9si hat\u00e9konys\u00e1g cs\u00f6kken\u00e9s\u00e9nek megel\u0151z\u00e9se \u00e9rdek\u00e9ben halad\u00e9ktalanul oldja meg a probl\u00e9m\u00e1kat.<\/p>\n<p><strong>Ken\u00e9s<\/strong>: Vigye fel az aj\u00e1nlott ken\u0151anyagot a henger mozg\u00f3 alkatr\u00e9szeire, bele\u00e9rtve az \u00f6sszek\u00f6t\u0151rudakat \u00e9s a t\u00f6m\u00edt\u00e9seket. A rendszeres ken\u00e9s minimaliz\u00e1lja a s\u00farl\u00f3d\u00e1st, cs\u00f6kkenti a kop\u00e1st \u00e9s biztos\u00edtja a z\u00f6kken\u0151mentes m\u0171k\u00f6d\u00e9st. K\u00f6vesse a gy\u00e1rt\u00f3 \u00fatmutat\u00e1sait a ken\u00e9si intervallumokra \u00e9s a megfelel\u0151 ken\u0151anyag-t\u00edpusokra vonatkoz\u00f3an.<\/p>\n<p><strong>T\u00f6m\u00edt\u00e9s csere<\/strong>: Ha a t\u00f6m\u00edt\u00e9sek el\u00f6regedtek vagy sziv\u00e1rognak, cser\u00e9lje ki \u0151ket a gy\u00e1rt\u00f3 \u00e1ltal j\u00f3v\u00e1hagyott eredeti alkatr\u00e9szekre. A s\u00e9r\u00fclt vagy kopott t\u00f6m\u00edt\u00e9sek ronthatj\u00e1k a henger teljes\u00edtm\u00e9ny\u00e9t, \u00e9s hidraulikaolaj-sziv\u00e1rg\u00e1shoz vezethetnek.<\/p>\n<p><strong>Tiszt\u00edt\u00e1s<\/strong>: Tiszt\u00edtsa meg a hengereket a szennyez\u0151d\u00e9sek, t\u00f6rmel\u00e9k \u00e9s egy\u00e9b szennyez\u0151d\u00e9sek elt\u00e1vol\u00edt\u00e1s\u00e1val. \u00d6sszeszerel\u00e9s el\u0151tt haszn\u00e1ljon nem s\u00farol\u00f3szert, \u00e9s gy\u0151z\u0151dj\u00f6n meg arr\u00f3l, hogy minden alkatr\u00e9sz sz\u00e1raz. A rendszeres tiszt\u00edt\u00e1s el\u0151seg\u00edti az optim\u00e1lis teljes\u00edtm\u00e9nyt, \u00e9s megakad\u00e1lyozza a korai kop\u00e1st vagy k\u00e1rosod\u00e1st.<\/p>\n<h2><strong>Hogyan kell sz\u00e9tszerelni egy hidraulikus hengert?<\/strong><\/h2>\n<p>A hidraulikus henger sz\u00e9tszerel\u00e9se k\u00f6r\u00fcltekint\u0151 sz\u00e9tszerel\u00e9st ig\u00e9nyel az alkatr\u00e9szek k\u00e1rosod\u00e1s\u00e1nak elker\u00fcl\u00e9se \u00e9rdek\u00e9ben. \u00cdme egy l\u00e9p\u00e9sr\u0151l l\u00e9p\u00e9sre sz\u00f3l\u00f3 \u00fatmutat\u00f3 a hidraulikus henger sz\u00e9tszerel\u00e9s\u00e9hez:<\/p>\n<ol>\n<li><strong>Biztons\u00e1gi \u00f3vint\u00e9zked\u00e9sek<\/strong>A hidraulikus hengereken v\u00e9gzett b\u00e1rmilyen munka megkezd\u00e9se el\u0151tt gy\u0151z\u0151dj\u00f6n meg arr\u00f3l, hogy a rendszer nyom\u00e1smentes\u00edtett, \u00e9s a berendez\u00e9s biztons\u00e1gosan r\u00f6gz\u00edtve van a v\u00e9letlen elmozdul\u00e1s megakad\u00e1lyoz\u00e1sa \u00e9rdek\u00e9ben. Viseljen megfelel\u0151 szem\u00e9lyi v\u00e9d\u0151felszerel\u00e9st (PPE), p\u00e9ld\u00e1ul keszty\u0171t \u00e9s v\u00e9d\u0151szem\u00fcveget.<\/li>\n<li><strong>A henger azonos\u00edt\u00e1sa<\/strong>: Hat\u00e1rozza meg a haszn\u00e1lt hidraulikus henger t\u00edpus\u00e1t \u00e9s kialak\u00edt\u00e1s\u00e1t. A k\u00fcl\u00f6nb\u00f6z\u0151 hengerek sz\u00e9tszerel\u00e9si elj\u00e1r\u00e1sai elt\u00e9r\u0151ek lehetnek, ez\u00e9rt tekintse meg a gy\u00e1rt\u00f3 dokument\u00e1ci\u00f3j\u00e1t vagy az adott hengermodellre vonatkoz\u00f3 ir\u00e1nyelveket.<\/li>\n<li><strong>Henger elt\u00e1vol\u00edt\u00e1sa<\/strong>: V\u00e1lasszuk le a hengerhez csatlakoztatott \u00f6sszes hidraulikavezet\u00e9ket. T\u00e1vol\u00edtsunk el minden k\u00fcls\u0151 alkatr\u00e9szt, p\u00e9ld\u00e1ul r\u00f6gz\u00edt\u0151konzolokat vagy fedeleket, amelyek akad\u00e1lyozhatj\u00e1k a hengerhez val\u00f3 hozz\u00e1f\u00e9r\u00e9st.<\/li>\n<li><strong>Hidraulikafolyad\u00e9k leereszt\u00e9se<\/strong>: Helyezzen egy megfelel\u0151 tart\u00e1lyt a henger al\u00e1 a sz\u00e9tszerel\u00e9s sor\u00e1n kifoly\u00f3 hidraulikafolyad\u00e9k felfog\u00e1s\u00e1ra. \u00d3vatosan engedje le a folyad\u00e9kot a csatlakoz\u00f3k meglaz\u00edt\u00e1s\u00e1val vagy a leereszt\u0151 csavarok elt\u00e1vol\u00edt\u00e1s\u00e1val.<\/li>\n<li><strong>A v\u00e9gz\u00e1r\u00f3 kupakok sz\u00e9tszerel\u00e9se<\/strong>: Azonos\u00edtsa a henger v\u00e9gz\u00e1r\u00f3 kupakjait, amelyek \u00e1ltal\u00e1ban a henger mindk\u00e9t v\u00e9g\u00e9n tal\u00e1lhat\u00f3k. T\u00e1vol\u00edtsa el a v\u00e9gz\u00e1r\u00f3 kupakokat r\u00f6gz\u00edt\u0151 r\u00f6gz\u00edt\u0151csavarokat, csavarokat vagy k\u00f6t\u0151elemeket. Sz\u00fcks\u00e9g eset\u00e9n finoman \u00fct\u00f6gesse meg a v\u00e9gz\u00e1r\u00f3 kupakokat egy gumikalap\u00e1ccsal, hogy meglaz\u00edtsa \u0151ket.<\/li>\n<li><strong>K\u00fcl\u00f6n v\u00e9gz\u00e1r\u00f3k<\/strong>Miut\u00e1n a v\u00e9gz\u00e1r\u00f3 r\u00f6gz\u00edt\u0151elemeit elt\u00e1vol\u00edtotta, \u00f3vatosan fesz\u00edtse le a v\u00e9gz\u00e1r\u00f3kat egy fesz\u00edt\u0151vas vagy egy puha fel\u00fclet\u0171 kalap\u00e1ccsal. Sz\u00e9tszerel\u00e9s k\u00f6zben figyeljen a hengerben tal\u00e1lhat\u00f3 alkatr\u00e9szek t\u00e1jol\u00e1s\u00e1ra \u00e9s sorrendj\u00e9re.<\/li>\n<li><strong>Dugatty\u00fa szerelv\u00e9ny elt\u00e1vol\u00edt\u00e1sa<\/strong>A v\u00e9gz\u00e1r\u00f3 kupakok elt\u00e1vol\u00edt\u00e1sa ut\u00e1n a dugatty\u00faegys\u00e9gnek hozz\u00e1f\u00e9rhet\u0151nek kell lennie. Cs\u00fasztassa ki a dugatty\u00fat a hengerfuratb\u00f3l, \u00fcgyelve arra, hogy ne k\u00e1ros\u00edtsa a dugatty\u00fat vagy a hengerfalakat. Ha a dugatty\u00fa makacsul tapad, vigyen fel megfelel\u0151 ken\u0151anyagot, \u00e9s finoman er\u0151ltesse az elt\u00e1vol\u00edt\u00e1s\u00e1t.<\/li>\n<li><strong>Alkatr\u00e9szek ellen\u0151rz\u00e9se \u00e9s tiszt\u00edt\u00e1sa<\/strong>: Vizsg\u00e1lja meg az \u00f6sszes sz\u00e9tszerelt alkatr\u00e9szt kop\u00e1s, s\u00e9r\u00fcl\u00e9s vagy szennyez\u0151d\u00e9s jelei szempontj\u00e1b\u00f3l. Tiszt\u00edtsa meg az egyes alkatr\u00e9szeket megfelel\u0151 tiszt\u00edt\u00f3szerrel vagy old\u00f3szerrel a szennyez\u0151d\u00e9sek, t\u00f6rmel\u00e9kek \u00e9s hidraulikafolyad\u00e9k-maradv\u00e1nyok elt\u00e1vol\u00edt\u00e1s\u00e1hoz. A tov\u00e1bbi ellen\u0151rz\u00e9s vagy \u00f6sszeszerel\u00e9s el\u0151tt alaposan sz\u00e1r\u00edtsa meg az alkatr\u00e9szeket.<\/li>\n<li><strong>Kopott vagy s\u00e9r\u00fclt alkatr\u00e9szek cser\u00e9je<\/strong>Ha b\u00e1rmelyik alkatr\u00e9sz t\u00falzott kop\u00e1s vagy s\u00e9r\u00fcl\u00e9s jeleit mutatja, azokat \u00fajakra kell cser\u00e9lni. A megfelel\u0151 cserealkatr\u00e9szek kiv\u00e1laszt\u00e1s\u00e1hoz tekintse \u00e1t a gy\u00e1rt\u00f3 \u00fatmutat\u00e1sait, vagy k\u00e9rjen szak\u00e9rt\u0151i tan\u00e1csot.<\/li>\n<li><strong>\u00dajraszerel\u00e9s<\/strong>A hidraulikus henger \u00f6sszeszerel\u00e9s\u00e9hez a sz\u00e9tszerel\u00e9s ford\u00edtott sorrendj\u00e9t kell k\u00f6vetni. Gy\u0151z\u0151dj\u00f6n meg arr\u00f3l, hogy minden alkatr\u00e9sz megfelel\u0151en illeszkedik, \u00e9s hogy a t\u00f6m\u00edt\u00e9sek vagy O-gy\u0171r\u0171k hidraulikaolajjal vagy kompatibilis ken\u0151anyaggal vannak bekenve a beszerel\u00e9s el\u0151tt. A r\u00f6gz\u00edt\u0151elemeket \u00e9s szerelv\u00e9nyeket a gy\u00e1rt\u00f3 \u00e1ltal aj\u00e1nlott nyomat\u00e9kkal h\u00fazza meg.<\/li>\n<\/ol>\n<h2><strong>A gy\u00e1r kapacit\u00e1sa \u00e9s kapacit\u00e1sa:<\/strong><\/h2>\n<h3>(1) \u00d6sszeszerel\u00e9s<\/h3>\n<p>Els\u0151 oszt\u00e1ly\u00fa f\u00fcggetlen kutat\u00e1si \u00e9s fejleszt\u00e9si \u00f6sszeszerel\u00e9si platformmal rendelkez\u00fcnk. A hidraulikus hengergy\u00e1rt\u00f3 m\u0171hely n\u00e9gy f\u00e9lautomata emel\u0151henger-\u00f6sszeszerel\u0151 sorral \u00e9s egy automata billen\u0151henger-\u00f6sszeszerel\u0151 sorral rendelkezik, tervezett \u00e9ves gy\u00e1rt\u00e1si kapacit\u00e1sa 1 milli\u00f3 darab. A speci\u00e1lis henger m\u0171hely k\u00fcl\u00f6nb\u00f6z\u0151 specifik\u00e1ci\u00f3j\u00fa f\u00e9lautomata tiszt\u00edt\u00f3 \u00f6sszeszerel\u0151 rendszerrel van felszerelve, amelynek tervezett \u00e9ves termel\u00e9si kapacit\u00e1sa 200.000, \u00e9s h\u00edres CNC megmunk\u00e1l\u00f3 berendez\u00e9ssel, megmunk\u00e1l\u00f3 k\u00f6zponttal, nagy pontoss\u00e1g\u00fa hengerfeldolgoz\u00f3 speci\u00e1lis berendez\u00e9ssel, robothegeszt\u0151 g\u00e9ppel, automatikus tiszt\u00edt\u00f3g\u00e9ppel, automatikus henger \u00f6sszeszerel\u0151 g\u00e9ppel \u00e9s automatikus fest\u00e9si gy\u00e1rt\u00f3sorral van felszerelve. A megl\u00e9v\u0151 kritikus berendez\u00e9sek t\u00f6bb mint 300 k\u00e9szlet (k\u00e9szlet). A berendez\u00e9sek er\u0151forr\u00e1sainak optim\u00e1lis eloszt\u00e1sa \u00e9s hat\u00e9kony felhaszn\u00e1l\u00e1sa biztos\u00edtja a term\u00e9kek pontoss\u00e1gi k\u00f6vetelm\u00e9nyeit \u00e9s megfelel a term\u00e9kek min\u0151s\u00e9gi ig\u00e9nyeinek.<\/p>\n<p><img loading=\"lazy\" decoding=\"async\" class=\"alignnone wp-image-626\" src=\"https:\/\/hydraulic-cylinders.net\/wp-content\/uploads\/2023\/08\/hydraulic-cylinder-product-1-300x158.webp\" alt=\"\" width=\"495\" height=\"260\" srcset=\"https:\/\/hydraulic-cylinders.net\/wp-content\/uploads\/2023\/08\/hydraulic-cylinder-product-1-300x158.webp 495w, https:\/\/hydraulic-cylinders.net\/wp-content\/uploads\/2023\/08\/hydraulic-cylinder-product-1-480x252.webp 480w\" sizes=\"(min-width: 0px) and (max-width: 480px) 480px, (min-width: 481px) 495px, 100vw\" \/> <img loading=\"lazy\" decoding=\"async\" class=\"alignnone wp-image-627\" src=\"https:\/\/hydraulic-cylinders.net\/wp-content\/uploads\/2023\/08\/hydraulic-cylinder-product-2-300x189.webp\" alt=\"\" width=\"413\" height=\"260\" \/><\/p>\n<h3>(2) Megmunk\u00e1l\u00e1s<\/h3>\n<p>A megmunk\u00e1l\u00f3m\u0171hely egyedi, ferde s\u00edneszterg\u00e1l\u00f3 k\u00f6zponttal, megmunk\u00e1l\u00f3k\u00f6zponttal, nagysebess\u00e9g\u0171 h\u00f3nol\u00f3g\u00e9ppel, hegeszt\u0151robottal \u00e9s egy\u00e9b kapcsol\u00f3d\u00f3 berendez\u00e9sekkel van felszerelve, amelyek legfeljebb 400 mm bels\u0151 \u00e1tm\u00e9r\u0151j\u0171 \u00e9s legfeljebb 6 m\u00e9ter hossz\u00fa hengercs\u00f6vek megmunk\u00e1l\u00e1s\u00e1ra k\u00e9pesek.<\/p>\n<p><img loading=\"lazy\" decoding=\"async\" class=\"alignnone wp-image-628 size-large\" src=\"https:\/\/hydraulic-cylinders.net\/wp-content\/uploads\/2023\/08\/hydraulic-cylinder-product-3-1024x391.webp\" alt=\"\" width=\"1024\" height=\"391\" srcset=\"https:\/\/hydraulic-cylinders.net\/wp-content\/uploads\/2023\/08\/hydraulic-cylinder-product-3-980x374.webp 980w, https:\/\/hydraulic-cylinders.net\/wp-content\/uploads\/2023\/08\/hydraulic-cylinder-product-3-480x183.webp 480w\" sizes=\"(min-width: 0px) and (max-width: 480px) 480px, (min-width: 481px) and (max-width: 980px) 980px, (min-width: 981px) 1024px, 100vw\" \/><\/p>\n<h3>(3) Hegeszt\u00e9s<\/h3>\n<p><img loading=\"lazy\" decoding=\"async\" class=\"alignnone wp-image-629 size-large\" src=\"https:\/\/hydraulic-cylinders.net\/wp-content\/uploads\/2023\/08\/hydraulic-cylinder-product-4-1024x510.webp\" alt=\"\" width=\"1024\" height=\"510\" srcset=\"https:\/\/hydraulic-cylinders.net\/wp-content\/uploads\/2023\/08\/hydraulic-cylinder-product-4-980x488.webp 980w, https:\/\/hydraulic-cylinders.net\/wp-content\/uploads\/2023\/08\/hydraulic-cylinder-product-4-480x239.webp 480w\" sizes=\"(min-width: 0px) and (max-width: 480px) 480px, (min-width: 481px) and (max-width: 980px) 980px, (min-width: 981px) 1024px, 100vw\" \/><\/p>\n<h3>(4) Fest\u00e9s \u00e9s bevonatol\u00e1s<\/h3>\n<p>Kis \u00e9s k\u00f6zepes m\u00e9ret\u0171 hengeres automatikus v\u00edzb\u00e1zis\u00fa fest\u00e9kbevon\u00f3 sorokkal, az automatikus robot be- \u00e9s kirakod\u00e1s, valamint az automatikus permetez\u00e9s megval\u00f3s\u00edt\u00e1s\u00e1hoz, a tervez\u00e9si kapacit\u00e1s m\u0171szakonk\u00e9nt 4000 darab;<br \/>\nRendelkez\u00fcnk egy f\u00e9lautomata fest\u00e9kgy\u00e1rt\u00f3sorral is nagym\u00e9ret\u0171 palackokhoz, amelyet egy er\u0151\u00e1tviteli l\u00e1nc hajt, m\u0171szakonk\u00e9nt 60 doboz tervez\u00e9si kapacit\u00e1ssal.<\/p>\n<p><img loading=\"lazy\" decoding=\"async\" class=\"alignnone wp-image-630\" src=\"https:\/\/hydraulic-cylinders.net\/wp-content\/uploads\/2023\/08\/hydraulic-cylinder-product-5-300x213.webp\" alt=\"\" width=\"366\" height=\"260\" \/> <img loading=\"lazy\" decoding=\"async\" class=\"alignnone wp-image-631\" src=\"https:\/\/hydraulic-cylinders.net\/wp-content\/uploads\/2023\/08\/hydraulic-cylinder-product-6-300x225.webp\" alt=\"\" width=\"347\" height=\"260\" \/><\/p>\n<h3>(5) Tesztel\u00e9s<\/h3>\n<p>Els\u0151 oszt\u00e1ly\u00fa ellen\u0151rz\u0151 l\u00e9tes\u00edtm\u00e9nyekkel \u00e9s tesztpadokkal rendelkez\u00fcnk annak biztos\u00edt\u00e1s\u00e1ra, hogy a palack teljes\u00edtm\u00e9nye megfeleljen a k\u00f6vetelm\u00e9nyeknek.<\/p>\n<p><img loading=\"lazy\" decoding=\"async\" class=\"alignnone wp-image-632\" src=\"https:\/\/hydraulic-cylinders.net\/wp-content\/uploads\/2023\/08\/hydraulic-cylinder-product-8-300x200.webp\" alt=\"\" width=\"389\" height=\"260\" \/><\/p>\n<p>&nbsp;<\/p>\n<p>&nbsp;<\/p>\n<p>Mi vagyunk az egyik legjobb neh\u00e9zrudas hidraulikus henger gy\u00e1rt\u00f3. Sz\u00e9les v\u00e1laszt\u00e9kban k\u00edn\u00e1lunk neh\u00e9zrudas hidraulikus hengereket. Megfelel\u0151 term\u00e9keket is biztos\u00edtunk. <a href=\"https:\/\/hzpt.com\/agricultural-pto-gearbox\/\" target=\"_blank\" rel=\"noopener\">mez\u0151gazdas\u00e1gi sebess\u00e9gv\u00e1lt\u00f3k<\/a>Term\u00e9keinket vil\u00e1gszerte export\u00e1ltuk \u00fcgyfeleinknek, \u00e9s kiv\u00e1l\u00f3 term\u00e9kmin\u0151s\u00e9g\u00fcnknek \u00e9s \u00e9rt\u00e9kes\u00edt\u00e9s ut\u00e1ni szolg\u00e1ltat\u00e1sunknak k\u00f6sz\u00f6nhet\u0151en j\u00f3 h\u00edrnevet szerezt\u00fcnk. Szeretettel v\u00e1rjuk belf\u00f6ldi \u00e9s k\u00fclf\u00f6ldi \u00fcgyfeleinket, hogy \u00fczleti t\u00e1rgyal\u00e1sok, inform\u00e1ci\u00f3csere \u00e9s egy\u00e9b lehet\u0151s\u00e9gek c\u00e9lj\u00e1b\u00f3l kapcsolatba l\u00e9pjenek vel\u00fcnk.\u00a0<a href=\"https:\/\/www.hydraulic-cylinders.net\/hu\/contact-us\/\">egy\u00fcttm\u0171k\u00f6dni vel\u00fcnk<\/a>!<\/p>\n<p>&nbsp;<\/p>\n<h2><\/h2>","protected":false},"excerpt":{"rendered":"<p>FA Front Flange Type Heavy Rod Hydraulic Cylinder The FA front flanged heavy rod hydraulic cylinder is a high-performance component that provides superior power, durability, and reliability in demanding industrial applications. With its robust construction, precise engineering, and advanced features, this heavy rod hydraulic cylinder is a reliable solution for heavy-duty tasks requiring dedicated force [&hellip;]<\/p>","protected":false},"featured_media":899,"comment_status":"open","ping_status":"closed","template":"","meta":{"_et_pb_use_builder":"","_et_pb_old_content":"","_et_gb_content_width":""},"product_brand":[],"product_cat":[1376,1385],"product_tag":[1380],"class_list":{"0":"post-896","1":"product","2":"type-product","3":"status-publish","4":"has-post-thumbnail","6":"product_cat-hydraulic-cylinder","7":"product_cat-heavy-rod-hydraulic-cylinder","8":"product_tag-hydraulic-cylinder","10":"first","11":"instock","12":"shipping-taxable","13":"product-type-simple"},"amp_enabled":true,"_links":{"self":[{"href":"https:\/\/www.hydraulic-cylinders.net\/hu\/wp-json\/wp\/v2\/product\/896","targetHints":{"allow":["GET"]}}],"collection":[{"href":"https:\/\/www.hydraulic-cylinders.net\/hu\/wp-json\/wp\/v2\/product"}],"about":[{"href":"https:\/\/www.hydraulic-cylinders.net\/hu\/wp-json\/wp\/v2\/types\/product"}],"replies":[{"embeddable":true,"href":"https:\/\/www.hydraulic-cylinders.net\/hu\/wp-json\/wp\/v2\/comments?post=896"}],"wp:featuredmedia":[{"embeddable":true,"href":"https:\/\/www.hydraulic-cylinders.net\/hu\/wp-json\/wp\/v2\/media\/899"}],"wp:attachment":[{"href":"https:\/\/www.hydraulic-cylinders.net\/hu\/wp-json\/wp\/v2\/media?parent=896"}],"wp:term":[{"taxonomy":"product_brand","embeddable":true,"href":"https:\/\/www.hydraulic-cylinders.net\/hu\/wp-json\/wp\/v2\/product_brand?post=896"},{"taxonomy":"product_cat","embeddable":true,"href":"https:\/\/www.hydraulic-cylinders.net\/hu\/wp-json\/wp\/v2\/product_cat?post=896"},{"taxonomy":"product_tag","embeddable":true,"href":"https:\/\/www.hydraulic-cylinders.net\/hu\/wp-json\/wp\/v2\/product_tag?post=896"}],"curies":[{"name":"munkaf\u00fczet","href":"https:\/\/api.w.org\/{rel}","templated":true}]}}