{"id":900,"date":"2023-09-01T08:19:20","date_gmt":"2023-09-01T08:19:20","guid":{"rendered":"https:\/\/hydraulic-cylinders.net\/?post_type=product&#038;p=900"},"modified":"2023-09-19T01:27:26","modified_gmt":"2023-09-19T01:27:26","slug":"fb-rear-flange-type-heavy-rod-hydraulic-cylinder","status":"publish","type":"product","link":"https:\/\/www.hydraulic-cylinders.net\/hu\/termek\/fb-rear-flange-type-heavy-rod-hydraulic-cylinder\/","title":{"rendered":"FB h\u00e1ts\u00f3 karim\u00e1s t\u00edpus\u00fa neh\u00e9z r\u00fad hidraulikus henger"},"content":{"rendered":"<h1 style=\"text-align: center;\"><strong>FB h\u00e1ts\u00f3 karim\u00e1s t\u00edpus\u00fa neh\u00e9z r\u00fad hidraulikus henger<\/strong><\/h1>\n<p>Az FB h\u00e1ts\u00f3 peremes neh\u00e9zrudas hidraulikus munkahenger egy nagy teljes\u00edtm\u00e9ny\u0171 hidraulikus elem, amelyet \u00fagy terveztek, hogy kiv\u00e1l\u00f3 teljes\u00edtm\u00e9nyt, tart\u00f3ss\u00e1got \u00e9s sokoldal\u00fas\u00e1got biztos\u00edtson sz\u00e1mos ipari alkalmaz\u00e1sban. Robusztus konstrukci\u00f3j\u00e1nak, prec\u00edz m\u00e9rn\u00f6ki munk\u00e1j\u00e1nak \u00e9s fejlett funkci\u00f3inak k\u00f6sz\u00f6nhet\u0151en ez a neh\u00e9zrudas hidraulikus munkahenger kiemelkedik az ig\u00e9nyes feladatokban, amelyek megb\u00edzhat\u00f3 er\u0151kifejt\u00e9st \u00e9s prec\u00edz vez\u00e9rl\u00e9st ig\u00e9nyelnek. A neh\u00e9zg\u00e9pekt\u0151l az anyagmozgat\u00f3 berendez\u00e9sekig az FB h\u00e1ts\u00f3 peremes neh\u00e9zrudas hidraulikus munkahengereket \u00fagy tervezt\u00e9k, hogy optim\u00e1lis teljes\u00edtm\u00e9nyt \u00e9s hat\u00e9konys\u00e1got biztos\u00edtsanak a legk\u00fcl\u00f6nf\u00e9l\u00e9bb ipari k\u00f6rnyezetekben.<\/p>\n<p>A neh\u00e9z r\u00fad hidraulikus henger f\u0151bb jellemz\u0151i:<\/p>\n<p><strong>Robusztus konstrukci\u00f3<\/strong>Az FB h\u00e1ts\u00f3 peremes t\u00edpus\u00fa neh\u00e9zrudas hidraulikus munkahenger robusztus kialak\u00edt\u00e1s\u00fa, \u00e9s kiv\u00e1l\u00f3 min\u0151s\u00e9g\u0171 anyagokb\u00f3l, p\u00e9ld\u00e1ul ac\u00e9lb\u00f3l vagy \u00f6tv\u00f6zetekb\u0151l k\u00e9sz\u00fclt, hogy ellen\u00e1lljon a nagy terhel\u00e9seknek, a sz\u00e9ls\u0151s\u00e9ges nyom\u00e1snak \u00e9s a zord \u00fczemi k\u00f6r\u00fclm\u00e9nyeknek. Robusztus konstrukci\u00f3ja hossz\u00fa t\u00e1v\u00fa tart\u00f3ss\u00e1got \u00e9s kop\u00e1s-, korr\u00f3zi\u00f3- \u00e9s s\u00e9r\u00fcl\u00e9s\u00e1ll\u00f3s\u00e1got biztos\u00edt.<\/p>\n<p><strong>Nagy er\u0151kifejt\u00e9s<\/strong>Ez a neh\u00e9z r\u00fadhidraulikus henger kiv\u00e1l\u00f3 er\u0151teljes\u00edtm\u00e9ny biztos\u00edt\u00e1s\u00e1ra lett tervezve, \u00edgy ide\u00e1lis neh\u00e9z emel\u00e9st, tol\u00e1st vagy h\u00faz\u00e1st ig\u00e9nyl\u0151 alkalmaz\u00e1sokhoz. Nagy dugatty\u00fa\u00e1tm\u00e9r\u0151je \u00e9s nagy nyom\u00e1sk\u00e9pess\u00e9ge biztos\u00edtja a sz\u00fcks\u00e9ges szil\u00e1rds\u00e1got a neh\u00e9z feladatok k\u00f6nny\u0171 kezel\u00e9s\u00e9hez.<\/p>\n<p><strong>Sokoldal\u00fa kialak\u00edt\u00e1s<\/strong>Az FB h\u00e1ts\u00f3 peremes t\u00edpus\u00fa neh\u00e9zrudas hidraulikus munkahenger sokoldal\u00fa kialak\u00edt\u00e1st k\u00edn\u00e1l, \u00edgy k\u00f6nnyen integr\u00e1lhat\u00f3 k\u00fcl\u00f6nf\u00e9le hidraulikus rendszerekbe. A h\u00e1ts\u00f3 peremes kialak\u00edt\u00e1s rugalmas r\u00f6gz\u00edt\u00e9si lehet\u0151s\u00e9geket tesz lehet\u0151v\u00e9, \u00edgy kompatibilit\u00e1st biztos\u00edt a k\u00fcl\u00f6nb\u00f6z\u0151 berendez\u00e9sekkel \u00e9s g\u00e9pekkel.<\/p>\n<p><img loading=\"lazy\" decoding=\"async\" class=\"size-medium wp-image-902 aligncenter\" src=\"https:\/\/hydraulic-cylinders.net\/wp-content\/uploads\/2023\/09\/fb-rear-flange-type-heavy-rod-hydraulic-cylinder-3-300x300.webp\" alt=\"\" width=\"300\" height=\"300\" srcset=\"https:\/\/www.hydraulic-cylinders.net\/wp-content\/uploads\/2023\/09\/fb-rear-flange-type-heavy-rod-hydraulic-cylinder-3-300x300.webp 300w, https:\/\/www.hydraulic-cylinders.net\/wp-content\/uploads\/2023\/09\/fb-rear-flange-type-heavy-rod-hydraulic-cylinder-3-100x100.webp 100w, https:\/\/www.hydraulic-cylinders.net\/wp-content\/uploads\/2023\/09\/fb-rear-flange-type-heavy-rod-hydraulic-cylinder-3-150x150.webp 150w, https:\/\/www.hydraulic-cylinders.net\/wp-content\/uploads\/2023\/09\/fb-rear-flange-type-heavy-rod-hydraulic-cylinder-3-12x12.webp 12w, https:\/\/www.hydraulic-cylinders.net\/wp-content\/uploads\/2023\/09\/fb-rear-flange-type-heavy-rod-hydraulic-cylinder-3.webp 353w\" sizes=\"(max-width: 300px) 100vw, 300px\" \/><\/p>\n<h2><strong>FB h\u00e1ts\u00f3 karim\u00e1s t\u00edpus\u00fa neh\u00e9z r\u00fad hidraulikus henger param\u00e9tere:<\/strong><\/h2>\n<p><img loading=\"lazy\" decoding=\"async\" class=\"alignnone wp-image-959 size-full\" src=\"https:\/\/hydraulic-cylinders.net\/wp-content\/uploads\/2023\/09\/fb-rear-flange-type-heavy-rod-hydraulic-cylinder-2.webp\" alt=\"\" width=\"790\" height=\"502\" srcset=\"https:\/\/hydraulic-cylinders.net\/wp-content\/uploads\/2023\/09\/fb-rear-flange-type-heavy-rod-hydraulic-cylinder-2.webp 790w, https:\/\/hydraulic-cylinders.net\/wp-content\/uploads\/2023\/09\/fb-rear-flange-type-heavy-rod-hydraulic-cylinder-2-480x305.webp 480w\" sizes=\"(min-width: 0px) and (max-width: 480px) 480px, (min-width: 481px) 790px, 100vw\" \/><\/p>\n<h2><strong>FB h\u00e1ts\u00f3 karim\u00e1s t\u00edpus\u00fa neh\u00e9z r\u00fad hidraulikus henger <\/strong><strong>Felhaszn\u00e1l\u00e1si m\u00f3dszer<\/strong><strong>:<\/strong><\/h2>\n<p><strong>Felszerel\u00e9s<\/strong>El\u0151sz\u00f6r biztons\u00e1gosan szerelje fel az FA el\u00fcls\u0151 peremes neh\u00e9zrudas hidraulikus hengert a megfelel\u0151 r\u00f6gz\u00edt\u0151konzolok vagy szerelv\u00e9nyek seg\u00edts\u00e9g\u00e9vel. A telep\u00edt\u00e9s sor\u00e1n \u00fcgyeljen a megfelel\u0151 be\u00e1ll\u00edt\u00e1sra \u00e9s stabilit\u00e1sra, hogy elker\u00fclje a hengerekben fell\u00e9p\u0151 esetleges elt\u00e9r\u00e9seket vagy fesz\u00fclts\u00e9geket.<\/p>\n<p><strong>Hidraulikus rendszer integr\u00e1ci\u00f3ja<\/strong>: A hidraulikus vezet\u00e9kek hengercsatlakoz\u00f3khoz val\u00f3 csatlakoztat\u00e1sakor k\u00f6vesse a gy\u00e1rt\u00f3 utas\u00edt\u00e1sait \u00e9s ir\u00e1nyelveit. A hengert egy megfelel\u0151 szivatty\u00fahoz vagy t\u00e1pegys\u00e9ghez val\u00f3 csatlakoztat\u00e1ssal lehet integr\u00e1lni a hidraulikus rendszerbe. Gy\u0151z\u0151dj\u00f6n meg arr\u00f3l, hogy a henger specifik\u00e1ci\u00f3i \u00e9s \u00fczemeltet\u00e9si k\u00f6vetelm\u00e9nyei teljes\u00fclnek.<\/p>\n<p><strong>Vez\u00e9rl\u00e9s \u00e9s m\u0171k\u00f6dtet\u00e9s<\/strong>A hidraulikus rendszerben tal\u00e1lhat\u00f3 vez\u00e9rl\u0151szelep szab\u00e1lyozza a hidraulikaolaj \u00e1raml\u00e1s\u00e1t a hengerbe \u00e9s a hengerb\u0151l. \u00c1ll\u00edtsa be a vez\u00e9rl\u00e9si be\u00e1ll\u00edt\u00e1sokat a k\u00edv\u00e1nt line\u00e1ris mozg\u00e1snak \u00e9s er\u0151kifejt\u00e9snek megfelel\u0151en. Ellen\u0151rizze a henger mozg\u00e1s\u00e1t a m\u0171k\u00f6d\u00e9s\u00e9nek \u00e9s reag\u00e1l\u00f3k\u00e9pess\u00e9g\u00e9nek ellen\u0151rz\u00e9s\u00e9hez.<\/p>\n<h2><strong>FB h\u00e1ts\u00f3 karim\u00e1s t\u00edpus\u00fa neh\u00e9z r\u00fad hidraulikus henger <\/strong><strong>Karbantart\u00e1s<\/strong><strong>:<\/strong><\/h2>\n<p>Az FB h\u00e1ts\u00f3 peremes t\u00edpus\u00fa neh\u00e9zrudas hidraulikus henger optim\u00e1lis teljes\u00edtm\u00e9ny\u00e9nek \u00e9s hossz\u00fa \u00e9lettartam\u00e1nak biztos\u00edt\u00e1sa \u00e9rdek\u00e9ben elengedhetetlen a rendszeres karbantart\u00e1s. \u00cdme n\u00e9h\u00e1ny karbantart\u00e1si tipp, amelyet \u00e9rdemes k\u00f6vetni:<\/p>\n<p><strong>Rendszeres ellen\u0151rz\u00e9s<\/strong>: V\u00e9gezzen rendszeres ellen\u0151rz\u00e9seket a kop\u00e1s, s\u00e9r\u00fcl\u00e9s vagy sziv\u00e1rg\u00e1s jeleinek azonos\u00edt\u00e1sa \u00e9rdek\u00e9ben. Ellen\u0151rizze a hengerblokkokat, dugatty\u00farudakat, t\u00f6m\u00edt\u00e9seket \u00e9s egy\u00e9b alkatr\u00e9szeket rendelleness\u00e9gek szempontj\u00e1b\u00f3l. A tov\u00e1bbi s\u00e9r\u00fcl\u00e9sek vagy a m\u0171k\u00f6d\u00e9si hat\u00e9konys\u00e1g cs\u00f6kken\u00e9s\u00e9nek megel\u0151z\u00e9se \u00e9rdek\u00e9ben halad\u00e9ktalanul jav\u00edtsa ki a probl\u00e9m\u00e1kat.<\/p>\n<p><strong>Ken\u00e9s<\/strong>: Vigye fel az aj\u00e1nlott ken\u0151anyagot a henger mozg\u00f3 alkatr\u00e9szeire, bele\u00e9rtve az \u00f6sszek\u00f6t\u0151rudakat \u00e9s a t\u00f6m\u00edt\u00e9seket. A rendszeres ken\u00e9s minimaliz\u00e1lja a s\u00farl\u00f3d\u00e1st, cs\u00f6kkenti a kop\u00e1st \u00e9s biztos\u00edtja a z\u00f6kken\u0151mentes m\u0171k\u00f6d\u00e9st. Haszn\u00e1lja a megfelel\u0151 ken\u0151anyag-t\u00edpust a gy\u00e1rt\u00f3 ken\u00e9si intervallumra vonatkoz\u00f3 ir\u00e1nyelveinek megfelel\u0151en.<\/p>\n<p><strong>T\u00f6m\u00edt\u00e9s csere<\/strong>: Ha a t\u00f6m\u00edt\u00e9sek kop\u00e1s\u00e1t vagy sziv\u00e1rg\u00e1s\u00e1t \u00e9szleli, cser\u00e9lje ki azokat a gy\u00e1rt\u00f3 \u00e1ltal j\u00f3v\u00e1hagyott eredeti alkatr\u00e9szekre. A s\u00e9r\u00fclt vagy kopott t\u00f6m\u00edt\u00e9sek ronthatj\u00e1k a henger teljes\u00edtm\u00e9ny\u00e9t, \u00e9s hidraulikaolaj sziv\u00e1rg\u00e1s\u00e1hoz vezethetnek.<\/p>\n<p><strong>Tiszt\u00edt\u00e1s<\/strong>T\u00e1vol\u00edtsa el a szennyez\u0151d\u00e9seket, t\u00f6rmel\u00e9ket \u00e9s egy\u00e9b szennyez\u0151d\u00e9seket, \u00e9s tartsa tiszt\u00e1n a hengereket. \u00d6sszeszerel\u00e9s el\u0151tt haszn\u00e1ljon nem s\u00farol\u00f3szert, \u00e9s gy\u0151z\u0151dj\u00f6n meg arr\u00f3l, hogy minden alkatr\u00e9sz teljesen sz\u00e1raz. A rendszeres tiszt\u00edt\u00e1s el\u0151seg\u00edti az optim\u00e1lis teljes\u00edtm\u00e9nyt, \u00e9s megakad\u00e1lyozza a korai kop\u00e1st vagy k\u00e1rosod\u00e1st.<\/p>\n<h2><strong>Hogyan cser\u00e9lj\u00fcnk t\u00f6m\u00edt\u00e9seket egy hidraulikus hengerben?<\/strong><\/h2>\n<p>A hidraulikus henger t\u00f6m\u00edt\u00e9seinek cser\u00e9je gondos figyelmet \u00e9s megfelel\u0151 elj\u00e1r\u00e1st ig\u00e9nyel a sikeres csere \u00e9rdek\u00e9ben. \u00cdme egy l\u00e9p\u00e9sr\u0151l l\u00e9p\u00e9sre sz\u00f3l\u00f3 \u00fatmutat\u00f3 a hidraulikus henger t\u00f6m\u00edt\u00e9seinek cser\u00e9j\u00e9hez:<\/p>\n<ol>\n<li><strong>Biztons\u00e1gi \u00f3vint\u00e9zked\u00e9sek:<\/strong> A karbantart\u00e1si munk\u00e1k megkezd\u00e9se el\u0151tt tegye meg a megfelel\u0151 biztons\u00e1gi \u00f3vint\u00e9zked\u00e9seket. Gy\u0151z\u0151dj\u00f6n meg arr\u00f3l, hogy a hidraulikus rendszer nyom\u00e1smentes, \u00e9s a berendez\u00e9s megfelel\u0151en al\u00e1 van t\u00e1masztva \u00e9s r\u00f6gz\u00edtve. Viseljen v\u00e9d\u0151keszty\u0171t \u00e9s v\u00e9d\u0151szem\u00fcveget a lehets\u00e9ges vesz\u00e9lyek elker\u00fcl\u00e9se \u00e9rdek\u00e9ben.<\/li>\n<li><strong>Henger elt\u00e1vol\u00edt\u00e1sa:<\/strong> Az adott hidraulikus rendszert\u0151l \u00e9s a henger kialak\u00edt\u00e1s\u00e1t\u00f3l f\u00fcgg\u0151en el\u0151fordulhat, hogy el kell t\u00e1vol\u00edtani a hidraulikus hengert a r\u00f6gz\u00edt\u00e9si hely\u00e9r\u0151l. A henger elt\u00e1vol\u00edt\u00e1s\u00e1nak megfelel\u0151 elj\u00e1r\u00e1s\u00e1hoz k\u00f6vesse a gy\u00e1rt\u00f3 utas\u00edt\u00e1sait, vagy tekintse meg a berendez\u00e9s k\u00e9zik\u00f6nyv\u00e9t.<\/li>\n<li><strong>Henger sz\u00e9tszerel\u00e9se:<\/strong> Miut\u00e1n a hidraulikus hengert elt\u00e1vol\u00edtotta, \u00f3vatosan szerelje sz\u00e9t, hogy hozz\u00e1f\u00e9rjen a t\u00f6m\u00edt\u00e9sekhez. A hidraulikus hengerek jellemz\u0151en egy hengercs\u0151b\u0151l, dugatty\u00fab\u00f3l, dugatty\u00far\u00fadb\u00f3l \u00e9s k\u00fcl\u00f6nf\u00e9le t\u00f6m\u00edt\u00e9sekb\u0151l \u00e1llnak. K\u00f6vesse az al\u00e1bbi l\u00e9p\u00e9seket:a. A hengerfej elt\u00e1vol\u00edt\u00e1sa: Csavarja le vagy oldja ki a hengerfejet a hengercs\u0151b\u0151l, \u00edgy a dugatty\u00fa \u00e9s a dugatty\u00far\u00fad l\u00e1that\u00f3v\u00e1 v\u00e1lik.b. A dugatty\u00fa elt\u00e1vol\u00edt\u00e1sa: \u00d3vatosan cs\u00fasztassa ki a dugatty\u00fat a hengercs\u0151b\u0151l. Legyen \u00f3vatos, nehogy megs\u00e9r\u00fclj\u00f6n a dugatty\u00fa vagy a hengerfal.c. A r\u00e9gi t\u00f6m\u00edt\u00e9sek elt\u00e1vol\u00edt\u00e1sa: Azonos\u00edtsa a cser\u00e9lend\u0151 t\u00f6m\u00edt\u00e9seket, p\u00e9ld\u00e1ul a dugatty\u00fat\u00f6m\u00edt\u00e9seket, a r\u00fadt\u00f6m\u00edt\u00e9seket vagy az ablakt\u00f6rl\u0151 t\u00f6m\u00edt\u00e9seket. Haszn\u00e1ljon megfelel\u0151 szersz\u00e1mokat, p\u00e9ld\u00e1ul t\u00f6m\u00edt\u00e9selt\u00e1vol\u00edt\u00f3 cs\u00edptet\u0151ket vagy horgokat a r\u00e9gi t\u00f6m\u00edt\u00e9sek hornyaib\u00f3l val\u00f3 elt\u00e1vol\u00edt\u00e1s\u00e1hoz. Az \u00faj t\u00f6m\u00edt\u00e9sek megfelel\u0151 beszerel\u00e9se \u00e9rdek\u00e9ben jegyezze fel a t\u00f6m\u00edt\u00e9s t\u00e1jol\u00e1s\u00e1t.<\/li>\n<li><strong>T\u00f6m\u00edt\u00e9s el\u0151k\u00e9sz\u00edt\u00e9se:<\/strong> A beszerel\u00e9s el\u0151tt ellen\u0151rizze az \u00faj t\u00f6m\u00edt\u00e9seket hib\u00e1k vagy s\u00e9r\u00fcl\u00e9sek szempontj\u00e1b\u00f3l. Gy\u0151z\u0151dj\u00f6n meg arr\u00f3l, hogy a megfelel\u0151 cseret\u00f6m\u00edt\u00e9sekkel rendelkezik, amelyek megfelelnek az eredeti t\u00f6m\u00edt\u00e9sek specifik\u00e1ci\u00f3inak. Vigyen fel egy v\u00e9kony r\u00e9teg hidraulikaolajat vagy t\u00f6m\u00edt\u0151ken\u0151anyagot az \u00faj t\u00f6m\u00edt\u00e9sekre a megfelel\u0151 beszerel\u00e9s megk\u00f6nny\u00edt\u00e9se \u00e9s a s\u00farl\u00f3d\u00e1s cs\u00f6kkent\u00e9se \u00e9rdek\u00e9ben.<\/li>\n<li><strong>T\u00f6m\u00edt\u00e9s beszerel\u00e9se:<\/strong>a. Dugatty\u00fat\u00f6m\u00edt\u00e9sek: Kezdje az \u00faj dugatty\u00fat\u00f6m\u00edt\u00e9sek beszerel\u00e9s\u00e9vel. \u00d3vatosan helyezze a t\u00f6m\u00edt\u00e9seket a hornyokba, \u00fcgyelve arra, hogy egy s\u00edkban legyenek \u00e9s ne legyenek elcsavarodva. T\u00f6m\u00edt\u00e9sbeszerel\u0151 szersz\u00e1mmal vagy puha fel\u00fclet\u0171 kalap\u00e1ccsal finoman nyomja a t\u00f6m\u00edt\u00e9seket a hely\u00fckre. Gy\u0151z\u0151dj\u00f6n meg arr\u00f3l, hogy a t\u00f6m\u00edt\u00e9sek egyenletesen illeszkednek \u00e9s megfelel\u0151en vannak igaz\u00edtva.b. Dugatty\u00far\u00fad- \u00e9s ablakt\u00f6rl\u0151-t\u00f6m\u00edt\u00e9sek: Folytassa a dugatty\u00far\u00fad- \u00e9s ablakt\u00f6rl\u0151-t\u00f6m\u00edt\u00e9sek beszerel\u00e9s\u00e9vel. Ism\u00e9t helyezze a t\u00f6m\u00edt\u00e9seket megfelel\u0151en a hornyokba, \u00fcgyelve arra, hogy ne legyenek elcsavarodva. A t\u00f6m\u00edt\u00e9sek r\u00f6gz\u00edt\u00e9s\u00e9hez finom nyom\u00e1st gyakoroljon a t\u00f6m\u00edt\u00e9sbeszerel\u0151 szersz\u00e1mmal vagy kalap\u00e1ccsal.<\/li>\n<li><strong>\u00dajb\u00f3li \u00f6sszeszerel\u00e9s:<\/strong> Miut\u00e1n az \u00f6sszes \u00faj t\u00f6m\u00edt\u00e9s be van szerelve, szerelje vissza a hidraulikus hengert. K\u00f6vesse az al\u00e1bbi l\u00e9p\u00e9seket:a. A dugatty\u00fa visszaszerel\u00e9se: \u00d3vatosan cs\u00fasztassa vissza a dugatty\u00fat a hengerh\u00fcvelybe, \u00fcgyelve arra, hogy szabadon mozogjon akad\u00e1lytalanul. Sz\u00fcks\u00e9g szerint igaz\u00edtsa be a r\u00f6gz\u00edt\u0151 mechanizmusokat, p\u00e9ld\u00e1ul a r\u00f6gz\u00edt\u0151gy\u0171r\u0171ket vagy a biztos\u00edt\u00f3gy\u0171r\u0171ket.b. A hengerfej visszaszerel\u00e9se: Helyezze vissza a hengerfejet a hengerh\u00fcvelyre, \u00e9s r\u00f6gz\u00edtse csavarokkal vagy any\u00e1kkal. Gy\u0151z\u0151dj\u00f6n meg a megfelel\u0151 megh\u00faz\u00e1sr\u00f3l a gy\u00e1rt\u00f3 el\u0151\u00edr\u00e1sainak megfelel\u0151en.<\/li>\n<li><strong>Henger beszerel\u00e9se:<\/strong> Ha elt\u00e1vol\u00edtotta a hidraulikus hengert a r\u00f6gz\u00edt\u00e9si hely\u00e9r\u0151l, szerelje vissza a megfelel\u0151 elj\u00e1r\u00e1st k\u00f6vetve. Gy\u0151z\u0151dj\u00f6n meg a megfelel\u0151 be\u00e1ll\u00edt\u00e1sr\u00f3l \u00e9s a hidraulikus rendszerhez val\u00f3 csatlakoz\u00e1sr\u00f3l, bele\u00e9rtve a vezet\u00e9keket \u00e9s szerelv\u00e9nyeket is.<\/li>\n<li><strong>Vizsg\u00e1lat \u00e9s ellen\u0151rz\u00e9s:<\/strong> A hidraulikus henger visszaszerel\u00e9se ut\u00e1n ellen\u0151rizze a m\u0171k\u00f6d\u00e9s\u00e9t. Fokozatosan helyezze nyom\u00e1s al\u00e1 a rendszert, \u00e9s ellen\u0151rizze, hogy nincs-e sziv\u00e1rg\u00e1s, rendellenes zaj vagy helytelen m\u0171k\u00f6d\u00e9s. Alapos ellen\u0151rz\u00e9ssel gy\u0151z\u0151dj\u00f6n meg arr\u00f3l, hogy a t\u00f6m\u00edt\u00e9sek a k\u00edv\u00e1nt m\u00f3don m\u0171k\u00f6dnek.<\/li>\n<\/ol>\n<h2><strong>A gy\u00e1r kapacit\u00e1sa \u00e9s kapacit\u00e1sa:<\/strong><\/h2>\n<h3>(1) \u00d6sszeszerel\u00e9s<\/h3>\n<p>Els\u0151 oszt\u00e1ly\u00fa f\u00fcggetlen kutat\u00e1si \u00e9s fejleszt\u00e9si \u00f6sszeszerel\u00e9si platformmal rendelkez\u00fcnk. A hidraulikus hengergy\u00e1rt\u00f3 m\u0171hely n\u00e9gy f\u00e9lautomata emel\u0151henger-\u00f6sszeszerel\u0151 sorral \u00e9s egy automata billen\u0151henger-\u00f6sszeszerel\u0151 sorral rendelkezik, tervezett \u00e9ves gy\u00e1rt\u00e1si kapacit\u00e1sa 1 milli\u00f3 darab. A speci\u00e1lis henger m\u0171hely k\u00fcl\u00f6nb\u00f6z\u0151 specifik\u00e1ci\u00f3j\u00fa f\u00e9lautomata tiszt\u00edt\u00f3 \u00f6sszeszerel\u0151 rendszerrel van felszerelve, amelynek tervezett \u00e9ves termel\u00e9si kapacit\u00e1sa 200.000, \u00e9s h\u00edres CNC megmunk\u00e1l\u00f3 berendez\u00e9ssel, megmunk\u00e1l\u00f3 k\u00f6zponttal, nagy pontoss\u00e1g\u00fa hengerfeldolgoz\u00f3 speci\u00e1lis berendez\u00e9ssel, robothegeszt\u0151 g\u00e9ppel, automatikus tiszt\u00edt\u00f3g\u00e9ppel, automatikus henger \u00f6sszeszerel\u0151 g\u00e9ppel \u00e9s automatikus fest\u00e9si gy\u00e1rt\u00f3sorral van felszerelve. A megl\u00e9v\u0151 kritikus berendez\u00e9sek t\u00f6bb mint 300 k\u00e9szlet (k\u00e9szlet). A berendez\u00e9sek er\u0151forr\u00e1sainak optim\u00e1lis eloszt\u00e1sa \u00e9s hat\u00e9kony felhaszn\u00e1l\u00e1sa biztos\u00edtja a term\u00e9kek pontoss\u00e1gi k\u00f6vetelm\u00e9nyeit \u00e9s megfelel a term\u00e9kek min\u0151s\u00e9gi ig\u00e9nyeinek.<\/p>\n<p><img loading=\"lazy\" decoding=\"async\" class=\"alignnone wp-image-626\" src=\"https:\/\/hydraulic-cylinders.net\/wp-content\/uploads\/2023\/08\/hydraulic-cylinder-product-1-300x158.webp\" alt=\"\" width=\"495\" height=\"260\" srcset=\"https:\/\/hydraulic-cylinders.net\/wp-content\/uploads\/2023\/08\/hydraulic-cylinder-product-1-300x158.webp 495w, https:\/\/hydraulic-cylinders.net\/wp-content\/uploads\/2023\/08\/hydraulic-cylinder-product-1-480x252.webp 480w\" sizes=\"(min-width: 0px) and (max-width: 480px) 480px, (min-width: 481px) 495px, 100vw\" \/> <img loading=\"lazy\" decoding=\"async\" class=\"alignnone wp-image-627\" src=\"https:\/\/hydraulic-cylinders.net\/wp-content\/uploads\/2023\/08\/hydraulic-cylinder-product-2-300x189.webp\" alt=\"\" width=\"413\" height=\"260\" \/><\/p>\n<h3>(2) Megmunk\u00e1l\u00e1s<\/h3>\n<p>A megmunk\u00e1l\u00f3m\u0171hely egyedi, ferde s\u00edneszterg\u00e1l\u00f3 k\u00f6zponttal, megmunk\u00e1l\u00f3k\u00f6zponttal, nagysebess\u00e9g\u0171 h\u00f3nol\u00f3g\u00e9ppel, hegeszt\u0151robottal \u00e9s egy\u00e9b kapcsol\u00f3d\u00f3 berendez\u00e9sekkel van felszerelve, amelyek legfeljebb 400 mm bels\u0151 \u00e1tm\u00e9r\u0151j\u0171 \u00e9s legfeljebb 6 m\u00e9ter hossz\u00fa hengercs\u00f6vek megmunk\u00e1l\u00e1s\u00e1ra k\u00e9pesek.<\/p>\n<p><img loading=\"lazy\" decoding=\"async\" class=\"alignnone wp-image-628 size-large\" src=\"https:\/\/hydraulic-cylinders.net\/wp-content\/uploads\/2023\/08\/hydraulic-cylinder-product-3-1024x391.webp\" alt=\"\" width=\"1024\" height=\"391\" srcset=\"https:\/\/hydraulic-cylinders.net\/wp-content\/uploads\/2023\/08\/hydraulic-cylinder-product-3-980x374.webp 980w, https:\/\/hydraulic-cylinders.net\/wp-content\/uploads\/2023\/08\/hydraulic-cylinder-product-3-480x183.webp 480w\" sizes=\"(min-width: 0px) and (max-width: 480px) 480px, (min-width: 481px) and (max-width: 980px) 980px, (min-width: 981px) 1024px, 100vw\" \/><\/p>\n<h3>(3) Hegeszt\u00e9s<\/h3>\n<p><img loading=\"lazy\" decoding=\"async\" class=\"alignnone wp-image-629 size-large\" src=\"https:\/\/hydraulic-cylinders.net\/wp-content\/uploads\/2023\/08\/hydraulic-cylinder-product-4-1024x510.webp\" alt=\"\" width=\"1024\" height=\"510\" srcset=\"https:\/\/hydraulic-cylinders.net\/wp-content\/uploads\/2023\/08\/hydraulic-cylinder-product-4-980x488.webp 980w, https:\/\/hydraulic-cylinders.net\/wp-content\/uploads\/2023\/08\/hydraulic-cylinder-product-4-480x239.webp 480w\" sizes=\"(min-width: 0px) and (max-width: 480px) 480px, (min-width: 481px) and (max-width: 980px) 980px, (min-width: 981px) 1024px, 100vw\" \/><\/p>\n<h3>(4) Fest\u00e9s \u00e9s bevonatol\u00e1s<\/h3>\n<p>Kis \u00e9s k\u00f6zepes m\u00e9ret\u0171 hengeres automatikus v\u00edzb\u00e1zis\u00fa fest\u00e9kbevon\u00f3 sorokkal, az automatikus robot be- \u00e9s kirakod\u00e1s, valamint az automatikus permetez\u00e9s megval\u00f3s\u00edt\u00e1s\u00e1hoz, a tervez\u00e9si kapacit\u00e1s m\u0171szakonk\u00e9nt 4000 darab;<br \/>\nRendelkez\u00fcnk egy f\u00e9lautomata fest\u00e9kgy\u00e1rt\u00f3sorral is nagym\u00e9ret\u0171 palackokhoz, amelyet egy er\u0151\u00e1tviteli l\u00e1nc hajt, m\u0171szakonk\u00e9nt 60 doboz tervez\u00e9si kapacit\u00e1ssal.<\/p>\n<p><img loading=\"lazy\" decoding=\"async\" class=\"alignnone wp-image-630\" src=\"https:\/\/hydraulic-cylinders.net\/wp-content\/uploads\/2023\/08\/hydraulic-cylinder-product-5-300x213.webp\" alt=\"\" width=\"366\" height=\"260\" \/> <img loading=\"lazy\" decoding=\"async\" class=\"alignnone wp-image-631\" src=\"https:\/\/hydraulic-cylinders.net\/wp-content\/uploads\/2023\/08\/hydraulic-cylinder-product-6-300x225.webp\" alt=\"\" width=\"347\" height=\"260\" \/><\/p>\n<h3>(5) Tesztel\u00e9s<\/h3>\n<p>Els\u0151 oszt\u00e1ly\u00fa ellen\u0151rz\u0151 l\u00e9tes\u00edtm\u00e9nyekkel \u00e9s tesztpadokkal rendelkez\u00fcnk annak biztos\u00edt\u00e1s\u00e1ra, hogy a palack teljes\u00edtm\u00e9nye megfeleljen a k\u00f6vetelm\u00e9nyeknek.<\/p>\n<p><img loading=\"lazy\" decoding=\"async\" class=\"alignnone wp-image-632\" src=\"https:\/\/hydraulic-cylinders.net\/wp-content\/uploads\/2023\/08\/hydraulic-cylinder-product-8-300x200.webp\" alt=\"\" width=\"389\" height=\"260\" \/><\/p>\n<p>&nbsp;<\/p>\n<p>&nbsp;<\/p>\n<p>Mi vagyunk az egyik legjobb neh\u00e9zrudas hidraulikus henger gy\u00e1rt\u00f3. Sz\u00e9les v\u00e1laszt\u00e9kban k\u00edn\u00e1lunk neh\u00e9zrudas hidraulikus hengereket. Megfelel\u0151 term\u00e9keket is biztos\u00edtunk. <a href=\"https:\/\/hzpt.com\/agricultural-pto-gearbox\/\" target=\"_blank\" rel=\"noopener\">mez\u0151gazdas\u00e1gi sebess\u00e9gv\u00e1lt\u00f3k<\/a>Term\u00e9keinket vil\u00e1gszerte export\u00e1ltuk \u00fcgyfeleinknek, \u00e9s kiv\u00e1l\u00f3 term\u00e9kmin\u0151s\u00e9g\u00fcnknek \u00e9s \u00e9rt\u00e9kes\u00edt\u00e9s ut\u00e1ni szolg\u00e1ltat\u00e1sunknak k\u00f6sz\u00f6nhet\u0151en j\u00f3 h\u00edrnevet szerezt\u00fcnk. Szeretettel v\u00e1rjuk belf\u00f6ldi \u00e9s k\u00fclf\u00f6ldi \u00fcgyfeleinket, hogy \u00fczleti t\u00e1rgyal\u00e1sok, inform\u00e1ci\u00f3csere \u00e9s egy\u00e9b lehet\u0151s\u00e9gek c\u00e9lj\u00e1b\u00f3l kapcsolatba l\u00e9pjenek vel\u00fcnk.\u00a0<a href=\"https:\/\/www.hydraulic-cylinders.net\/hu\/contact-us\/\">egy\u00fcttm\u0171k\u00f6dni vel\u00fcnk<\/a>!<\/p>\n<p>&nbsp;<\/p>\n<h2><\/h2>","protected":false},"excerpt":{"rendered":"<p>FB Rear Flange Type Heavy Rod Hydraulic Cylinder The FB rear flange type heavy rod hydraulic cylinder is a high performance hydraulic element designed to provide superior power, durability and versatility in a wide range of industrial applications. With its robust construction, precise engineering and advanced features, this heavy rod hydraulic cylinder can stand out [&hellip;]<\/p>","protected":false},"featured_media":903,"comment_status":"open","ping_status":"closed","template":"","meta":{"_et_pb_use_builder":"","_et_pb_old_content":"","_et_gb_content_width":""},"product_brand":[],"product_cat":[1376,1385],"product_tag":[1380],"class_list":{"0":"post-900","1":"product","2":"type-product","3":"status-publish","4":"has-post-thumbnail","6":"product_cat-hydraulic-cylinder","7":"product_cat-heavy-rod-hydraulic-cylinder","8":"product_tag-hydraulic-cylinder","10":"first","11":"instock","12":"shipping-taxable","13":"product-type-simple"},"amp_enabled":true,"_links":{"self":[{"href":"https:\/\/www.hydraulic-cylinders.net\/hu\/wp-json\/wp\/v2\/product\/900","targetHints":{"allow":["GET"]}}],"collection":[{"href":"https:\/\/www.hydraulic-cylinders.net\/hu\/wp-json\/wp\/v2\/product"}],"about":[{"href":"https:\/\/www.hydraulic-cylinders.net\/hu\/wp-json\/wp\/v2\/types\/product"}],"replies":[{"embeddable":true,"href":"https:\/\/www.hydraulic-cylinders.net\/hu\/wp-json\/wp\/v2\/comments?post=900"}],"wp:featuredmedia":[{"embeddable":true,"href":"https:\/\/www.hydraulic-cylinders.net\/hu\/wp-json\/wp\/v2\/media\/903"}],"wp:attachment":[{"href":"https:\/\/www.hydraulic-cylinders.net\/hu\/wp-json\/wp\/v2\/media?parent=900"}],"wp:term":[{"taxonomy":"product_brand","embeddable":true,"href":"https:\/\/www.hydraulic-cylinders.net\/hu\/wp-json\/wp\/v2\/product_brand?post=900"},{"taxonomy":"product_cat","embeddable":true,"href":"https:\/\/www.hydraulic-cylinders.net\/hu\/wp-json\/wp\/v2\/product_cat?post=900"},{"taxonomy":"product_tag","embeddable":true,"href":"https:\/\/www.hydraulic-cylinders.net\/hu\/wp-json\/wp\/v2\/product_tag?post=900"}],"curies":[{"name":"munkaf\u00fczet","href":"https:\/\/api.w.org\/{rel}","templated":true}]}}