{"id":912,"date":"2023-09-04T01:48:53","date_gmt":"2023-09-04T01:48:53","guid":{"rendered":"https:\/\/hydraulic-cylinders.net\/?post_type=product&#038;p=912"},"modified":"2023-09-04T05:47:40","modified_gmt":"2023-09-04T05:47:40","slug":"lb-front-and-back-foot-type-heavy-rod-hydraulic-cylinder","status":"publish","type":"product","link":"https:\/\/www.hydraulic-cylinders.net\/hu\/termek\/lb-front-and-back-foot-type-heavy-rod-hydraulic-cylinder\/","title":{"rendered":"LB el\u00fcls\u0151 \u00e9s h\u00e1ts\u00f3 l\u00e1bt\u00edpus\u00fa neh\u00e9z r\u00fad hidraulikus henger"},"content":{"rendered":"<h1 style=\"text-align: center;\"><strong>LB el\u00fcls\u0151 \u00e9s h\u00e1ts\u00f3 l\u00e1bt\u00edpus\u00fa neh\u00e9z r\u00fad hidraulikus henger<\/strong><\/h1>\n<p>LB front and rear foot heavy rod hydraulic cylinders are state-of-the-art hydraulic elements designed to meet the needs of various industrial applications. With its rugged construction, superior force output, and unique front and rear foot design, this hydraulic cylinder offers exceptional power, precision, and versatility. Whether heavy lifting, pushing, or pulling, LB front and back foot heavy rod hydraulic cylinders provide reliable performance to optimize industrial operations.<\/p>\n<p>A neh\u00e9z r\u00fad hidraulikus henger alapvet\u0151 jellemz\u0151i:<\/p>\n<p><strong>Robusztus konstrukci\u00f3:<\/strong>\u00a0 This heavy rod hydraulic cylinder is made of high-quality materials such as solid steel or alloys to ensure durability and longevity. Its rugged construction allows it to handle heavy loads, high pressures, and challenging environmental conditions, making it suitable for demanding industrial tasks.<\/p>\n<p><strong>Nagy teljes\u00edtm\u00e9ny\u0171 kimenet:<\/strong>\u00a0 LB front and rear foot heavy rod hydraulic cylinders have an impressive force output, making them ideal for applications that require a lot of power. Its large piston diameter and high-pressure capability provide exceptional strength to handle heavy-duty tasks easily.<\/p>\n<p><strong>Front and Back Foot Design:<\/strong>\u00a0 This hydraulic cylinder has a unique show and rear foot design for various mounting options. The front and back foot arrangement provides stability and increases the bearing capacity of the cylinder. This design is easy to install and integrate into various hydraulic systems and equipment configurations, providing flexibility and adaptability.<\/p>\n<p><strong>Prec\u00edz vez\u00e9rl\u00e9s:<\/strong>\u00a0 LB front and rear foot heavy rod hydraulic cylinders use precision machined components and high-quality seals to ensure accurate and reliable operation. It can precisely control the movement and positioning of loads for efficient and appropriate processing.<\/p>\n<p><img loading=\"lazy\" decoding=\"async\" class=\"aligncenter wp-image-915 size-full\" src=\"https:\/\/hydraulic-cylinders.net\/wp-content\/uploads\/2023\/09\/lb-front-and-back-foot-type-heavy-rod-hydraulic-cylinder-2.webp\" alt=\"\" width=\"269\" height=\"269\" srcset=\"https:\/\/www.hydraulic-cylinders.net\/wp-content\/uploads\/2023\/09\/lb-front-and-back-foot-type-heavy-rod-hydraulic-cylinder-2.webp 269w, https:\/\/www.hydraulic-cylinders.net\/wp-content\/uploads\/2023\/09\/lb-front-and-back-foot-type-heavy-rod-hydraulic-cylinder-2-100x100.webp 100w, https:\/\/www.hydraulic-cylinders.net\/wp-content\/uploads\/2023\/09\/lb-front-and-back-foot-type-heavy-rod-hydraulic-cylinder-2-150x150.webp 150w, https:\/\/www.hydraulic-cylinders.net\/wp-content\/uploads\/2023\/09\/lb-front-and-back-foot-type-heavy-rod-hydraulic-cylinder-2-12x12.webp 12w\" sizes=\"(max-width: 269px) 100vw, 269px\" \/><\/p>\n<h2><strong>LB Front And Back Foot Type Heavy Rod Hydraulic Cylinder Parameter:<\/strong><\/h2>\n<p><img loading=\"lazy\" decoding=\"async\" class=\"alignnone wp-image-914 size-full\" src=\"https:\/\/hydraulic-cylinders.net\/wp-content\/uploads\/2023\/09\/lb-front-and-back-foot-type-heavy-rod-hydraulic-cylinder-1.webp\" alt=\"\" width=\"790\" height=\"711\" srcset=\"https:\/\/hydraulic-cylinders.net\/wp-content\/uploads\/2023\/09\/lb-front-and-back-foot-type-heavy-rod-hydraulic-cylinder-1.webp 790w, https:\/\/hydraulic-cylinders.net\/wp-content\/uploads\/2023\/09\/lb-front-and-back-foot-type-heavy-rod-hydraulic-cylinder-1-480x432.webp 480w\" sizes=\"(min-width: 0px) and (max-width: 480px) 480px, (min-width: 481px) 790px, 100vw\" \/><\/p>\n<h2><strong>LB el\u00fcls\u0151 \u00e9s h\u00e1ts\u00f3 l\u00e1bt\u00edpus\u00fa neh\u00e9z r\u00fad hidraulikus henger <\/strong><strong>Felhaszn\u00e1l\u00e1si m\u00f3dszer<\/strong><strong>:<\/strong><\/h2>\n<p><strong>Felszerel\u00e9s:<\/strong>\u00a0 First, safely install the LB front and rear foot heavy rod hydraulic cylinders using appropriate brackets or fixtures. Ensure proper alignment and stability during installation to prevent cylinder misalignment or stress.<\/p>\n<p><strong>Hidraulikus rendszer integr\u00e1l\u00e1sa:<\/strong>\u00a0 A hidraulikavezet\u00e9kek hengercsatlakoz\u00f3khoz val\u00f3 csatlakoztat\u00e1sakor k\u00f6vesse a gy\u00e1rt\u00f3 utas\u00edt\u00e1sait \u00e9s ir\u00e1nyelveit. A hengert a hidraulikus rendszerbe \u00fagy integr\u00e1lj\u00e1k, hogy egy megfelel\u0151 szivatty\u00fahoz vagy t\u00e1pegys\u00e9ghez csatlakoztatj\u00e1k. Gy\u0151z\u0151dj\u00f6n meg arr\u00f3l, hogy a henger specifik\u00e1ci\u00f3i \u00e9s \u00fczemeltet\u00e9si k\u00f6vetelm\u00e9nyei teljes\u00fclnek.<\/p>\n<p><strong>Vez\u00e9rl\u00e9s \u00e9s m\u0171k\u00f6d\u00e9s:<\/strong>\u00a0 A hidraulikus rendszerben tal\u00e1lhat\u00f3 vez\u00e9rl\u0151szelep szab\u00e1lyozza a hidraulikaolaj \u00e1raml\u00e1s\u00e1t a hengerbe \u00e9s a hengerb\u0151l. \u00c1ll\u00edtsa be a vez\u00e9rl\u00e9si be\u00e1ll\u00edt\u00e1sokat a k\u00edv\u00e1nt line\u00e1ris mozg\u00e1snak \u00e9s er\u0151kifejt\u00e9snek megfelel\u0151en. Ellen\u0151rizze a henger mozg\u00e1s\u00e1t a m\u0171k\u00f6d\u00e9s\u00e9nek \u00e9s reag\u00e1l\u00f3k\u00e9pess\u00e9g\u00e9nek ellen\u0151rz\u00e9s\u00e9hez.<\/p>\n<h2><strong>LB el\u00fcls\u0151 \u00e9s h\u00e1ts\u00f3 l\u00e1bt\u00edpus\u00fa neh\u00e9z r\u00fad hidraulikus henger <\/strong><strong>Karbantart\u00e1s<\/strong><strong>:<\/strong><\/h2>\n<p>Regular maintenance ensures optimal performance and longevity of the LB front and back foot type heavy rod hydraulic cylinder. Follow these maintenance guidelines:<\/p>\n<p><strong>Rendszeres ellen\u0151rz\u00e9s:<\/strong>\u00a0 Perform routine inspections to identify signs of wear, damage, or leaks. Check cylinder blocks, piston rods, seals, and other components for abnormalities. Resolve any issues promptly to prevent further injury or operational inefficiencies.<\/p>\n<p><strong>Ken\u00e9s:<\/strong>\u00a0 Vigye fel az aj\u00e1nlott ken\u0151anyagot a henger mozg\u00f3 alkatr\u00e9szeire, bele\u00e9rtve az \u00f6sszek\u00f6t\u0151rudakat \u00e9s a t\u00f6m\u00edt\u00e9seket. A rendszeres ken\u00e9s minimaliz\u00e1lja a s\u00farl\u00f3d\u00e1st, cs\u00f6kkenti a kop\u00e1st \u00e9s biztos\u00edtja a z\u00f6kken\u0151mentes m\u0171k\u00f6d\u00e9st. Haszn\u00e1lja a megfelel\u0151 ken\u0151anyag-t\u00edpust a gy\u00e1rt\u00f3 ken\u00e9si intervallumra vonatkoz\u00f3 ir\u00e1nyelveinek megfelel\u0151en.<\/p>\n<p><strong>T\u00f6m\u00edt\u00e9scsere:<\/strong>\u00a0 Ha a t\u00f6m\u00edt\u00e9sek kop\u00e1s\u00e1t vagy sziv\u00e1rg\u00e1s\u00e1t tapasztalja, cser\u00e9lje ki azokat a gy\u00e1rt\u00f3 \u00e1ltal j\u00f3v\u00e1hagyott eredeti alkatr\u00e9szekre. A s\u00e9r\u00fclt vagy kopott t\u00f6m\u00edt\u00e9sek ronthatj\u00e1k a henger teljes\u00edtm\u00e9ny\u00e9t, \u00e9s hidraulikaolaj-sziv\u00e1rg\u00e1shoz vezethetnek.<\/p>\n<p><strong>Tiszt\u00edt\u00e1s:<\/strong>\u00a0 Tiszt\u00edtsa meg a hengereket a szennyez\u0151d\u00e9sek, t\u00f6rmel\u00e9k \u00e9s egy\u00e9b szennyez\u0151d\u00e9sek elt\u00e1vol\u00edt\u00e1s\u00e1val. \u00d6sszeszerel\u00e9s el\u0151tt haszn\u00e1ljon nem s\u00farol\u00f3szert, \u00e9s gy\u0151z\u0151dj\u00f6n meg arr\u00f3l, hogy minden alkatr\u00e9sz sz\u00e1raz. A rendszeres tiszt\u00edt\u00e1s el\u0151seg\u00edti az optim\u00e1lis teljes\u00edtm\u00e9nyt, \u00e9s megakad\u00e1lyozza a korai kop\u00e1st vagy k\u00e1rosod\u00e1st.<\/p>\n<h2><strong>Hogyan lehet fel\u00faj\u00edtani egy hidraulikus hengert?<\/strong><\/h2>\n<p>A hidraulikus henger fel\u00faj\u00edt\u00e1sa mag\u00e1ban foglalja a henger sz\u00e9tszerel\u00e9s\u00e9t, a kopott vagy s\u00e9r\u00fclt alkatr\u00e9szek ellen\u0151rz\u00e9s\u00e9t \u00e9s cser\u00e9j\u00e9t, valamint a henger \u00faj t\u00f6m\u00edt\u00e9sekkel \u00e9s egy\u00e9b sz\u00fcks\u00e9ges alkatr\u00e9szekkel t\u00f6rt\u00e9n\u0151 \u00f6sszeszerel\u00e9s\u00e9t. \u00cdme egy \u00e1ltal\u00e1nos, l\u00e9p\u00e9sr\u0151l l\u00e9p\u00e9sre bemutatott \u00fatmutat\u00f3 a hidraulikus henger fel\u00faj\u00edt\u00e1s\u00e1hoz:<\/p>\n<ol>\n<li><strong>Biztons\u00e1gi \u00f3vint\u00e9zked\u00e9sek:<\/strong> Az \u00fajj\u00e1\u00e9p\u00edt\u00e9si folyamat megkezd\u00e9se el\u0151tt gy\u0151z\u0151dj\u00f6n meg arr\u00f3l, hogy a hidraulikus rendszer nyom\u00e1smentes\u00edtett, \u00e9s hogy az \u00f6sszes hidraulikafolyad\u00e9k le lett \u00fcr\u00edtve. Viseljen megfelel\u0151 v\u00e9d\u0151felszerel\u00e9st, p\u00e9ld\u00e1ul keszty\u0171t \u00e9s v\u00e9d\u0151szem\u00fcveget a saj\u00e1t v\u00e9delme \u00e9rdek\u00e9ben.<\/li>\n<li><strong>Henger elt\u00e1vol\u00edt\u00e1sa:<\/strong> V\u00e1lasszuk le a hidraulikus hengert a berendez\u00e9sr\u0151l vagy g\u00e9pr\u0151l, amelyhez csatlakoztattuk. Ez mag\u00e1ban foglalhatja a r\u00f6gz\u00edt\u0151konzolok, szerelv\u00e9nyek vagy egy\u00e9b csatlakoz\u00e1sok elt\u00e1vol\u00edt\u00e1s\u00e1t. A hidraulikus hengerre vonatkoz\u00f3 konkr\u00e9t \u00fatmutat\u00e1s\u00e9rt k\u00f6vess\u00fck a gy\u00e1rt\u00f3 utas\u00edt\u00e1sait vagy a berendez\u00e9s k\u00e9zik\u00f6nyveit.<\/li>\n<li><strong>Sz\u00e9tszerel\u00e9s:<\/strong> \u00d3vatosan szerelje sz\u00e9t a hidraulikus hengert a k\u00f6vetkez\u0151 l\u00e9p\u00e9sek szerint:a. T\u00e1vol\u00edtsa el a v\u00e9gsapk\u00e1kat: A hidraulikus hengereknek \u00e1ltal\u00e1ban k\u00e9t v\u00e9gsapk\u00e1juk van \u2013 mindk\u00e9t v\u00e9g\u00e9n eggyel. Csavarja ki a v\u00e9gsapk\u00e1kat r\u00f6gz\u00edt\u0151 csavarokat vagy csavarany\u00e1kat, \u00e9s \u00f3vatosan vegye le a kupakokat.b. H\u00fazza ki a dugatty\u00fat: Miut\u00e1n a v\u00e9gsapk\u00e1kat elt\u00e1vol\u00edtotta, \u00f3vatosan cs\u00fasztassa ki a dugatty\u00faegys\u00e9get a hengertestb\u0151l. \u00dcgyeljen a t\u00f6m\u00edt\u00e9sek vagy csap\u00e1gyak t\u00e1jol\u00e1s\u00e1ra \u00e9s elrendez\u00e9s\u00e9re.\n<p>c. T\u00f6m\u00edt\u00e9sek \u00e9s egy\u00e9b alkatr\u00e9szek elt\u00e1vol\u00edt\u00e1sa: T\u00e1vol\u00edtson el minden t\u00f6m\u00edt\u00e9st, csap\u00e1gyat \u00e9s minden egy\u00e9b alkatr\u00e9szt a dugatty\u00fab\u00f3l \u00e9s a hengertestb\u0151l is. Vizsg\u00e1lja meg az egyes alkatr\u00e9szeket kop\u00e1s, s\u00e9r\u00fcl\u00e9s vagy sziv\u00e1rg\u00e1s jelei szempontj\u00e1b\u00f3l.<\/li>\n<li><strong>Ellen\u0151rz\u00e9s \u00e9s csere:<\/strong> Vizsg\u00e1lja meg az \u00f6sszes alkatr\u00e9szt, bele\u00e9rtve a dugatty\u00fat, a hengercs\u00f6vet, a t\u00f6m\u00edt\u00e9seket, a csap\u00e1gyakat \u00e9s az egy\u00e9b alkatr\u00e9szeket. Keressen kop\u00e1s, bar\u00e1zd\u00e1l\u00e1s, korr\u00f3zi\u00f3 vagy egy\u00e9b s\u00e9r\u00fcl\u00e9s jeleit. Cser\u00e9lje ki azokat az alkatr\u00e9szeket, amelyek t\u00falzott kop\u00e1s vagy s\u00e9r\u00fcl\u00e9s jeleit mutatj\u00e1k. a. T\u00f6m\u00edt\u00e9sek: Cser\u00e9lje ki az \u00f6sszes t\u00f6m\u00edt\u00e9st \u00fajakra, \u00fcgyelve arra, hogy azok a hidraulikus hengerhez megfelel\u0151 m\u00e9ret\u0171ek \u00e9s t\u00edpus\u00faak legyenek. A beszerel\u00e9s el\u0151tt kenje meg az \u00faj t\u00f6m\u00edt\u00e9seket hidraulikafolyad\u00e9kkal. b. Egy\u00e9b alkatr\u00e9szek: Ha b\u00e1rmelyik csap\u00e1gy, persely vagy egy\u00e9b alkatr\u00e9sz kop\u00e1s vagy s\u00e9r\u00fcl\u00e9s jeleit mutatja, cser\u00e9lje ki azokat \u00fajakra a gy\u00e1rt\u00f3 el\u0151\u00edr\u00e1sainak megfelel\u0151en.<\/li>\n<li><strong>Tiszt\u00edt\u00e1s:<\/strong> Alaposan tiszt\u00edtsa meg az \u00f6sszes alkatr\u00e9szt, t\u00e1vol\u00edtsa el a szennyez\u0151d\u00e9seket, t\u00f6rmel\u00e9ket vagy r\u00e9gi hidraulikafolyad\u00e9kot. Haszn\u00e1ljon megfelel\u0151 tiszt\u00edt\u00f3szert, hogy minden alkatr\u00e9sz teljesen sz\u00e1raz legyen az \u00f6sszeszerel\u00e9s el\u0151tt.<\/li>\n<li><strong>\u00dajb\u00f3li \u00f6sszeszerel\u00e9s:<\/strong> A hidraulikus henger \u00f6sszeszerel\u00e9s\u00e9hez k\u00f6vesse az al\u00e1bbi l\u00e9p\u00e9seket:a. Szereljen be \u00faj t\u00f6m\u00edt\u00e9seket: \u00d3vatosan helyezzen be \u00faj t\u00f6m\u00edt\u00e9seket a dugatty\u00fara \u00e9s a hengertestbe. Gy\u0151z\u0151dj\u00f6n meg a t\u00f6m\u00edt\u00e9sek megfelel\u0151 t\u00e1jol\u00e1s\u00e1r\u00f3l \u00e9s illeszt\u00e9s\u00e9r\u0151l.b. Helyezze be a dugatty\u00fat: \u00d3vatosan cs\u00fasztassa vissza a dugatty\u00faegys\u00e9get a hengertestbe, \u00fcgyelve arra, hogy ne s\u00e9rtse meg az \u00faj t\u00f6m\u00edt\u00e9seket.\n<p>c. A v\u00e9gz\u00e1r\u00f3k visszahelyez\u00e9se: Helyezze vissza a v\u00e9gz\u00e1r\u00f3kat a hengertestre, \u00e9s r\u00f6gz\u00edtse \u0151ket a megfelel\u0151 csavarokkal vagy csavarany\u00e1kkal. H\u00fazza meg \u0151ket a gy\u00e1rt\u00f3 \u00e1ltal aj\u00e1nlott nyomat\u00e9kkal.<\/li>\n<li><strong>Hidraulikafolyad\u00e9k csere:<\/strong> T\u00f6ltse fel a hidraulikus hengert az aj\u00e1nlott hidraulikafolyad\u00e9kkal, \u00fcgyelve arra, hogy a megfelel\u0151 t\u00edpus\u00fa \u00e9s szint\u0171 legyen. A gy\u00e1rt\u00f3 utas\u00edt\u00e1sai szerint l\u00e9gtelen\u00edtse a rendszert.<\/li>\n<li><strong>Tesztel\u00e9s:<\/strong> Csatlakoztassa \u00fajra a hidraulikus hengert a berendez\u00e9shez vagy g\u00e9phez, \u00e9s ellen\u0151rizze a m\u0171k\u00f6d\u00e9s\u00e9t. Ellen\u0151rizze, hogy nincs-e sziv\u00e1rg\u00e1s vagy rendellenes viselked\u00e9s. Gy\u0151z\u0151dj\u00f6n meg arr\u00f3l, hogy a henger sim\u00e1n \u00e9s a v\u00e1rt m\u00f3don m\u0171k\u00f6dik.<\/li>\n<\/ol>\n<h2><strong>A gy\u00e1r kapacit\u00e1sa \u00e9s kapacit\u00e1sa:<\/strong><\/h2>\n<h3>(1) \u00d6sszeszerel\u00e9s<\/h3>\n<p>Els\u0151 oszt\u00e1ly\u00fa f\u00fcggetlen kutat\u00e1si \u00e9s fejleszt\u00e9si \u00f6sszeszerel\u00e9si platformmal rendelkez\u00fcnk. A hidraulikus hengergy\u00e1rt\u00f3 m\u0171hely n\u00e9gy f\u00e9lautomata emel\u0151henger-\u00f6sszeszerel\u0151 sorral \u00e9s egy automata billen\u0151henger-\u00f6sszeszerel\u0151 sorral rendelkezik, tervezett \u00e9ves gy\u00e1rt\u00e1si kapacit\u00e1sa 1 milli\u00f3 darab. A speci\u00e1lis henger m\u0171hely k\u00fcl\u00f6nb\u00f6z\u0151 specifik\u00e1ci\u00f3j\u00fa f\u00e9lautomata tiszt\u00edt\u00f3 \u00f6sszeszerel\u0151 rendszerrel van felszerelve, amelynek tervezett \u00e9ves termel\u00e9si kapacit\u00e1sa 200.000, \u00e9s h\u00edres CNC megmunk\u00e1l\u00f3 berendez\u00e9ssel, megmunk\u00e1l\u00f3 k\u00f6zponttal, nagy pontoss\u00e1g\u00fa hengerfeldolgoz\u00f3 speci\u00e1lis berendez\u00e9ssel, robothegeszt\u0151 g\u00e9ppel, automatikus tiszt\u00edt\u00f3g\u00e9ppel, automatikus henger \u00f6sszeszerel\u0151 g\u00e9ppel \u00e9s automatikus fest\u00e9si gy\u00e1rt\u00f3sorral van felszerelve. A megl\u00e9v\u0151 kritikus berendez\u00e9sek t\u00f6bb mint 300 k\u00e9szlet (k\u00e9szlet). A berendez\u00e9sek er\u0151forr\u00e1sainak optim\u00e1lis eloszt\u00e1sa \u00e9s hat\u00e9kony felhaszn\u00e1l\u00e1sa biztos\u00edtja a term\u00e9kek pontoss\u00e1gi k\u00f6vetelm\u00e9nyeit \u00e9s megfelel a term\u00e9kek min\u0151s\u00e9gi ig\u00e9nyeinek.<\/p>\n<p><img loading=\"lazy\" decoding=\"async\" class=\"alignnone wp-image-626\" src=\"https:\/\/hydraulic-cylinders.net\/wp-content\/uploads\/2023\/08\/hydraulic-cylinder-product-1-300x158.webp\" alt=\"\" width=\"495\" height=\"260\" srcset=\"https:\/\/hydraulic-cylinders.net\/wp-content\/uploads\/2023\/08\/hydraulic-cylinder-product-1-300x158.webp 495w, https:\/\/hydraulic-cylinders.net\/wp-content\/uploads\/2023\/08\/hydraulic-cylinder-product-1-480x252.webp 480w\" sizes=\"(min-width: 0px) and (max-width: 480px) 480px, (min-width: 481px) 495px, 100vw\" \/> <img loading=\"lazy\" decoding=\"async\" class=\"alignnone wp-image-627\" src=\"https:\/\/hydraulic-cylinders.net\/wp-content\/uploads\/2023\/08\/hydraulic-cylinder-product-2-300x189.webp\" alt=\"\" width=\"413\" height=\"260\" \/><\/p>\n<h3>(2) Megmunk\u00e1l\u00e1s<\/h3>\n<p>A megmunk\u00e1l\u00f3m\u0171hely egyedi, ferde s\u00edneszterg\u00e1l\u00f3 k\u00f6zponttal, megmunk\u00e1l\u00f3k\u00f6zponttal, nagysebess\u00e9g\u0171 h\u00f3nol\u00f3g\u00e9ppel, hegeszt\u0151robottal \u00e9s egy\u00e9b kapcsol\u00f3d\u00f3 berendez\u00e9sekkel van felszerelve, amelyek legfeljebb 400 mm bels\u0151 \u00e1tm\u00e9r\u0151j\u0171 \u00e9s legfeljebb 6 m\u00e9ter hossz\u00fa hengercs\u00f6vek megmunk\u00e1l\u00e1s\u00e1ra k\u00e9pesek.<\/p>\n<p><img loading=\"lazy\" decoding=\"async\" class=\"alignnone wp-image-628 size-large\" src=\"https:\/\/hydraulic-cylinders.net\/wp-content\/uploads\/2023\/08\/hydraulic-cylinder-product-3-1024x391.webp\" alt=\"\" width=\"1024\" height=\"391\" srcset=\"https:\/\/hydraulic-cylinders.net\/wp-content\/uploads\/2023\/08\/hydraulic-cylinder-product-3-980x374.webp 980w, https:\/\/hydraulic-cylinders.net\/wp-content\/uploads\/2023\/08\/hydraulic-cylinder-product-3-480x183.webp 480w\" sizes=\"(min-width: 0px) and (max-width: 480px) 480px, (min-width: 481px) and (max-width: 980px) 980px, (min-width: 981px) 1024px, 100vw\" \/><\/p>\n<h3>(3) Hegeszt\u00e9s<\/h3>\n<p><img loading=\"lazy\" decoding=\"async\" class=\"alignnone wp-image-629 size-large\" src=\"https:\/\/hydraulic-cylinders.net\/wp-content\/uploads\/2023\/08\/hydraulic-cylinder-product-4-1024x510.webp\" alt=\"\" width=\"1024\" height=\"510\" srcset=\"https:\/\/hydraulic-cylinders.net\/wp-content\/uploads\/2023\/08\/hydraulic-cylinder-product-4-980x488.webp 980w, https:\/\/hydraulic-cylinders.net\/wp-content\/uploads\/2023\/08\/hydraulic-cylinder-product-4-480x239.webp 480w\" sizes=\"(min-width: 0px) and (max-width: 480px) 480px, (min-width: 481px) and (max-width: 980px) 980px, (min-width: 981px) 1024px, 100vw\" \/><\/p>\n<h3>(4) Fest\u00e9s \u00e9s bevonatol\u00e1s<\/h3>\n<p>Kis \u00e9s k\u00f6zepes m\u00e9ret\u0171 hengeres automatikus v\u00edzb\u00e1zis\u00fa fest\u00e9kbevon\u00f3 sorokkal, az automatikus robot be- \u00e9s kirakod\u00e1s, valamint az automatikus permetez\u00e9s megval\u00f3s\u00edt\u00e1s\u00e1hoz, a tervez\u00e9si kapacit\u00e1s m\u0171szakonk\u00e9nt 4000 darab;<br \/>\nRendelkez\u00fcnk egy f\u00e9lautomata fest\u00e9kgy\u00e1rt\u00f3sorral is nagym\u00e9ret\u0171 palackokhoz, amelyet egy er\u0151\u00e1tviteli l\u00e1nc hajt, m\u0171szakonk\u00e9nt 60 doboz tervez\u00e9si kapacit\u00e1ssal.<\/p>\n<p><img loading=\"lazy\" decoding=\"async\" class=\"alignnone wp-image-630\" src=\"https:\/\/hydraulic-cylinders.net\/wp-content\/uploads\/2023\/08\/hydraulic-cylinder-product-5-300x213.webp\" alt=\"\" width=\"366\" height=\"260\" \/> <img loading=\"lazy\" decoding=\"async\" class=\"alignnone wp-image-631\" src=\"https:\/\/hydraulic-cylinders.net\/wp-content\/uploads\/2023\/08\/hydraulic-cylinder-product-6-300x225.webp\" alt=\"\" width=\"347\" height=\"260\" \/><\/p>\n<h3>(5) Tesztel\u00e9s<\/h3>\n<p>Els\u0151 oszt\u00e1ly\u00fa ellen\u0151rz\u0151 l\u00e9tes\u00edtm\u00e9nyekkel \u00e9s tesztpadokkal rendelkez\u00fcnk annak biztos\u00edt\u00e1s\u00e1ra, hogy a palack teljes\u00edtm\u00e9nye megfeleljen a k\u00f6vetelm\u00e9nyeknek.<\/p>\n<p><img loading=\"lazy\" decoding=\"async\" class=\"alignnone wp-image-632\" src=\"https:\/\/hydraulic-cylinders.net\/wp-content\/uploads\/2023\/08\/hydraulic-cylinder-product-8-300x200.webp\" alt=\"\" width=\"389\" height=\"260\" \/><\/p>\n<p>&nbsp;<\/p>\n<p>&nbsp;<\/p>\n<p>Mi vagyunk az egyik legjobb neh\u00e9zrudas hidraulikus henger gy\u00e1rt\u00f3. Sz\u00e9les v\u00e1laszt\u00e9kban k\u00edn\u00e1lunk neh\u00e9zrudas hidraulikus hengereket. Megfelel\u0151 term\u00e9keket is biztos\u00edtunk. <a href=\"https:\/\/hzpt.com\/agricultural-pto-gearbox\/\" target=\"_blank\" rel=\"noopener\">mez\u0151gazdas\u00e1gi sebess\u00e9gv\u00e1lt\u00f3k<\/a>Term\u00e9keinket vil\u00e1gszerte export\u00e1ltuk \u00fcgyfeleinknek, \u00e9s kiv\u00e1l\u00f3 term\u00e9kmin\u0151s\u00e9g\u00fcnknek \u00e9s \u00e9rt\u00e9kes\u00edt\u00e9s ut\u00e1ni szolg\u00e1ltat\u00e1sunknak k\u00f6sz\u00f6nhet\u0151en j\u00f3 h\u00edrnevet szerezt\u00fcnk. Szeretettel v\u00e1rjuk belf\u00f6ldi \u00e9s k\u00fclf\u00f6ldi \u00fcgyfeleinket, hogy \u00fczleti t\u00e1rgyal\u00e1sok, inform\u00e1ci\u00f3csere \u00e9s egy\u00e9b lehet\u0151s\u00e9gek c\u00e9lj\u00e1b\u00f3l kapcsolatba l\u00e9pjenek vel\u00fcnk.\u00a0<a href=\"https:\/\/www.hydraulic-cylinders.net\/hu\/contact-us\/\">egy\u00fcttm\u0171k\u00f6dni vel\u00fcnk<\/a>!<\/p>\n<p>&nbsp;<\/p>\n<h2><\/h2>","protected":false},"excerpt":{"rendered":"<p>LB Front And Back Foot Type Heavy Rod Hydraulic Cylinder LB front and rear foot heavy rod hydraulic cylinders are state-of-the-art hydraulic elements designed to meet the needs of various industrial applications. With its rugged construction, superior force output, and unique front and rear foot design, this hydraulic cylinder offers exceptional power, precision, and versatility. [&hellip;]<\/p>","protected":false},"featured_media":916,"comment_status":"open","ping_status":"closed","template":"","meta":{"_et_pb_use_builder":"","_et_pb_old_content":"","_et_gb_content_width":""},"product_brand":[],"product_cat":[1376],"product_tag":[1380],"class_list":{"0":"post-912","1":"product","2":"type-product","3":"status-publish","4":"has-post-thumbnail","6":"product_cat-hydraulic-cylinder","7":"product_tag-hydraulic-cylinder","9":"first","10":"instock","11":"shipping-taxable","12":"product-type-simple"},"amp_enabled":true,"_links":{"self":[{"href":"https:\/\/www.hydraulic-cylinders.net\/hu\/wp-json\/wp\/v2\/product\/912","targetHints":{"allow":["GET"]}}],"collection":[{"href":"https:\/\/www.hydraulic-cylinders.net\/hu\/wp-json\/wp\/v2\/product"}],"about":[{"href":"https:\/\/www.hydraulic-cylinders.net\/hu\/wp-json\/wp\/v2\/types\/product"}],"replies":[{"embeddable":true,"href":"https:\/\/www.hydraulic-cylinders.net\/hu\/wp-json\/wp\/v2\/comments?post=912"}],"wp:featuredmedia":[{"embeddable":true,"href":"https:\/\/www.hydraulic-cylinders.net\/hu\/wp-json\/wp\/v2\/media\/916"}],"wp:attachment":[{"href":"https:\/\/www.hydraulic-cylinders.net\/hu\/wp-json\/wp\/v2\/media?parent=912"}],"wp:term":[{"taxonomy":"product_brand","embeddable":true,"href":"https:\/\/www.hydraulic-cylinders.net\/hu\/wp-json\/wp\/v2\/product_brand?post=912"},{"taxonomy":"product_cat","embeddable":true,"href":"https:\/\/www.hydraulic-cylinders.net\/hu\/wp-json\/wp\/v2\/product_cat?post=912"},{"taxonomy":"product_tag","embeddable":true,"href":"https:\/\/www.hydraulic-cylinders.net\/hu\/wp-json\/wp\/v2\/product_tag?post=912"}],"curies":[{"name":"munkaf\u00fczet","href":"https:\/\/api.w.org\/{rel}","templated":true}]}}