{"id":922,"date":"2023-09-04T02:45:33","date_gmt":"2023-09-04T02:45:33","guid":{"rendered":"https:\/\/hydraulic-cylinders.net\/?post_type=product&#038;p=922"},"modified":"2023-09-19T01:26:12","modified_gmt":"2023-09-19T01:26:12","slug":"ca-monaural-type-heavy-rod-hydraulic-cylinder","status":"publish","type":"product","link":"https:\/\/www.hydraulic-cylinders.net\/hu\/termek\/ca-monaural-type-heavy-rod-hydraulic-cylinder\/","title":{"rendered":"CA monaur\u00e1lis t\u00edpus\u00fa neh\u00e9z r\u00fad hidraulikus henger"},"content":{"rendered":"<h1 style=\"text-align: center;\"><strong>CA monaur\u00e1lis t\u00edpus\u00fa neh\u00e9z r\u00fad hidraulikus henger<\/strong><\/h1>\n<p>A CA monaural t\u00edpus\u00fa neh\u00e9zrudas hidraulikus henger egy nagy teljes\u00edtm\u00e9ny\u0171 hidraulikus elem, amelyet a nagy teherb\u00edr\u00e1s\u00fa ipari alkalmaz\u00e1sok szigor\u00fa k\u00f6vetelm\u00e9nyeinek kiel\u00e9g\u00edt\u00e9s\u00e9re terveztek. Robusztus konstrukci\u00f3j\u00e1val, leny\u0171g\u00f6z\u0151 er\u0151teljes\u00edtm\u00e9ny\u00e9vel \u00e9s megb\u00edzhat\u00f3 m\u0171k\u00f6d\u00e9s\u00e9vel ez a hidraulikus henger kiv\u00e9teles teljes\u00edtm\u00e9nyt \u00e9s tart\u00f3ss\u00e1got k\u00edn\u00e1l. Ak\u00e1r emel\u00e9sr\u0151l, tol\u00e1sr\u00f3l vagy h\u00faz\u00e1sr\u00f3l van sz\u00f3, a CA monaural t\u00edpus\u00fa neh\u00e9zrudas hidraulikus hengerek kiv\u00e1l\u00f3 teljes\u00edtm\u00e9nyt ny\u00fajtanak az ipari m\u0171veletek optimaliz\u00e1l\u00e1sa \u00e9rdek\u00e9ben.<\/p>\n<p>A neh\u00e9z r\u00fad hidraulikus henger alapvet\u0151 jellemz\u0151i:<\/p>\n<p><strong>Robusztus konstrukci\u00f3:<\/strong> Ez a hidraulikus henger kiv\u00e1l\u00f3 min\u0151s\u00e9g\u0171 anyagokb\u00f3l k\u00e9sz\u00fclt, ami szil\u00e1rds\u00e1got \u00e9s hossz\u00fa \u00e9lettartamot biztos\u00edt. A massz\u00edv konstrukci\u00f3 lehet\u0151v\u00e9 teszi, hogy ellen\u00e1lljon a nagy terhel\u00e9seknek, a magas nyom\u00e1snak \u00e9s a kih\u00edv\u00e1st jelent\u0151 munkak\u00f6r\u00fclm\u00e9nyeknek, \u00edgy alkalmass\u00e1 teszi ig\u00e9nyes ipari feladatokra.<\/p>\n<p><strong>Nagy teljes\u00edtm\u00e9ny\u0171 kimenet:<\/strong>\u00a0 A CA monaural t\u00edpus\u00fa neh\u00e9zrudas hidraulikus henger nagy er\u0151teljes\u00edtm\u00e9nyt biztos\u00edt, \u00edgy ide\u00e1lis a jelent\u0151s teljes\u00edtm\u00e9nyt ig\u00e9nyl\u0151 alkalmaz\u00e1sokhoz. Nagy dugatty\u00fa\u00e1tm\u00e9r\u0151je \u00e9s nagy nyom\u00e1sk\u00e9pess\u00e9ge kiv\u00e1l\u00f3 szil\u00e1rds\u00e1got biztos\u00edt, \u00e9s k\u00f6nnyed\u00e9n kezeli a neh\u00e9z feladatokat.<\/p>\n<p><strong>Monoaur\u00e1lis kialak\u00edt\u00e1s:<\/strong> Ez a hidraulikus henger monaur\u00e1lis kialak\u00edt\u00e1s\u00fa, ami egyszer\u0171s\u00e9get \u00e9s k\u00f6nny\u0171 telep\u00edt\u00e9st biztos\u00edt. A monaur\u00e1lis konfigur\u00e1ci\u00f3 leegyszer\u0171s\u00edti a szerel\u00e9si folyamatot \u00e9s cs\u00f6kkenti a hidraulikus rendszer integr\u00e1ci\u00f3j\u00e1nak bonyolults\u00e1g\u00e1t, \u00edgy k\u00e9nyelmet \u00e9s id\u0151megtakar\u00edt\u00e1st k\u00edn\u00e1l.<\/p>\n<p><strong>Prec\u00edz vez\u00e9rl\u00e9s:<\/strong>\u00a0 A CA monaural t\u00edpus\u00fa neh\u00e9zrudas hidraulikus henger prec\u00edzi\u00f3s megmunk\u00e1l\u00e1s\u00fa alkatr\u00e9szeket \u00e9s kiv\u00e1l\u00f3 min\u0151s\u00e9g\u0171 t\u00f6m\u00edt\u00e9seket haszn\u00e1l a pontos \u00e9s megb\u00edzhat\u00f3 m\u0171k\u00f6d\u00e9s biztos\u00edt\u00e1s\u00e1hoz. A hat\u00e9kony \u00e9s megfelel\u0151 feldolgoz\u00e1s \u00e9rdek\u00e9ben pontosan k\u00e9pes szab\u00e1lyozni a terhek mozg\u00e1s\u00e1t \u00e9s pozicion\u00e1l\u00e1s\u00e1t.<\/p>\n<p><img loading=\"lazy\" decoding=\"async\" class=\"aligncenter wp-image-926 size-full\" src=\"https:\/\/hydraulic-cylinders.net\/wp-content\/uploads\/2023\/09\/binaural-type-heavy-rod-hydraulic-cylinder-2.webp\" alt=\"\" width=\"790\" height=\"200\" srcset=\"https:\/\/hydraulic-cylinders.net\/wp-content\/uploads\/2023\/09\/binaural-type-heavy-rod-hydraulic-cylinder-2.webp 790w, https:\/\/hydraulic-cylinders.net\/wp-content\/uploads\/2023\/09\/binaural-type-heavy-rod-hydraulic-cylinder-2-480x122.webp 480w\" sizes=\"(min-width: 0px) and (max-width: 480px) 480px, (min-width: 481px) 790px, 100vw\" \/><\/p>\n<h2><strong>CA Monaural t\u00edpus\u00fa neh\u00e9zr\u00fad hidraulikus henger param\u00e9tere:<\/strong><\/h2>\n<p><img loading=\"lazy\" decoding=\"async\" class=\"alignnone wp-image-925 size-full\" src=\"https:\/\/hydraulic-cylinders.net\/wp-content\/uploads\/2023\/09\/binaural-type-heavy-rod-hydraulic-cylinder-1.webp\" alt=\"\" width=\"790\" height=\"561\" srcset=\"https:\/\/hydraulic-cylinders.net\/wp-content\/uploads\/2023\/09\/binaural-type-heavy-rod-hydraulic-cylinder-1.webp 790w, https:\/\/hydraulic-cylinders.net\/wp-content\/uploads\/2023\/09\/binaural-type-heavy-rod-hydraulic-cylinder-1-480x341.webp 480w\" sizes=\"(min-width: 0px) and (max-width: 480px) 480px, (min-width: 481px) 790px, 100vw\" \/><\/p>\n<h2><strong>CA monaur\u00e1lis t\u00edpus\u00fa neh\u00e9z r\u00fad hidraulikus henger <\/strong><strong>Felhaszn\u00e1l\u00e1si m\u00f3dszer<\/strong><strong>:<\/strong><\/h2>\n<p><strong>Felszerel\u00e9s:<\/strong>\u00a0 El\u0151sz\u00f6r is, a megfelel\u0151 konzol vagy szerelv\u00e9ny seg\u00edts\u00e9g\u00e9vel biztons\u00e1gosan szerelje fel a CA egyf\u00fcles neh\u00e9zrudas hidraulikus hengert. A telep\u00edt\u00e9s sor\u00e1n \u00fcgyeljen a megfelel\u0151 be\u00e1ll\u00edt\u00e1sra \u00e9s stabilit\u00e1sra, hogy elker\u00fclje a henger eltol\u00f3d\u00e1s\u00e1t vagy fesz\u00fclts\u00e9g\u00e9t.<\/p>\n<p><strong>Hidraulikus rendszer integr\u00e1l\u00e1sa:<\/strong>\u00a0 A hidraulikavezet\u00e9kek hengercsatlakoz\u00f3khoz val\u00f3 csatlakoztat\u00e1sakor k\u00f6vesse a gy\u00e1rt\u00f3 utas\u00edt\u00e1sait \u00e9s ir\u00e1nyelveit. A hengert egy megfelel\u0151 szivatty\u00fahoz vagy t\u00e1pegys\u00e9ghez val\u00f3 csatlakoztat\u00e1ssal lehet integr\u00e1lni a hidraulikus rendszerbe. Gy\u0151z\u0151dj\u00f6n meg arr\u00f3l, hogy a henger specifik\u00e1ci\u00f3i \u00e9s \u00fczemeltet\u00e9si k\u00f6vetelm\u00e9nyei teljes\u00fclnek.<\/p>\n<p><strong>Vez\u00e9rl\u00e9s \u00e9s m\u0171k\u00f6d\u00e9s:<\/strong> A hidraulikus rendszerben tal\u00e1lhat\u00f3 vez\u00e9rl\u0151szelep szab\u00e1lyozza a hidraulikaolaj \u00e1raml\u00e1s\u00e1t a hengerbe \u00e9s a hengerb\u0151l. \u00c1ll\u00edtsa be a vez\u00e9rl\u00e9si be\u00e1ll\u00edt\u00e1sokat a k\u00edv\u00e1nt line\u00e1ris mozg\u00e1snak \u00e9s er\u0151kimenetnek megfelel\u0151en. Ellen\u0151rizze a henger mozg\u00e1s\u00e1t a m\u0171k\u00f6d\u00e9s\u00e9nek \u00e9s reag\u00e1l\u00f3k\u00e9pess\u00e9g\u00e9nek ellen\u0151rz\u00e9s\u00e9hez.<\/p>\n<h2><strong>CA monaur\u00e1lis t\u00edpus\u00fa neh\u00e9z r\u00fad hidraulikus henger <\/strong><strong>Karbantart\u00e1s<\/strong><strong>:<\/strong><\/h2>\n<p>A CA Monaural Type Heavy Rod hidraulikus henger optim\u00e1lis teljes\u00edtm\u00e9ny\u00e9nek \u00e9s hossz\u00fa \u00e9lettartam\u00e1nak biztos\u00edt\u00e1s\u00e1hoz elengedhetetlen a rendszeres karbantart\u00e1s. K\u00f6vesse az al\u00e1bbi karbantart\u00e1si ir\u00e1nyelveket:<\/p>\n<p><strong>Rendszeres ellen\u0151rz\u00e9s:<\/strong>\u00a0 V\u00e9gezzen rendszeres ellen\u0151rz\u00e9seket a kop\u00e1s, s\u00e9r\u00fcl\u00e9s vagy sziv\u00e1rg\u00e1s jeleinek azonos\u00edt\u00e1sa \u00e9rdek\u00e9ben. Ellen\u0151rizze a hengerblokkok, dugatty\u00farudak, t\u00f6m\u00edt\u00e9sek \u00e9s egy\u00e9b alkatr\u00e9szek rendelleness\u00e9geit. A tov\u00e1bbi s\u00e9r\u00fcl\u00e9sek vagy a m\u0171k\u00f6d\u00e9si hat\u00e9konys\u00e1g cs\u00f6kken\u00e9s\u00e9nek megel\u0151z\u00e9se \u00e9rdek\u00e9ben halad\u00e9ktalanul oldja meg a probl\u00e9m\u00e1kat.<\/p>\n<p><strong>Ken\u00e9s:<\/strong>\u00a0 Vigye fel az aj\u00e1nlott ken\u0151anyagot a henger mozg\u00f3 alkatr\u00e9szeire, bele\u00e9rtve az \u00f6sszek\u00f6t\u0151rudakat \u00e9s a t\u00f6m\u00edt\u00e9seket. A rendszeres ken\u00e9s minimaliz\u00e1lja a s\u00farl\u00f3d\u00e1st, cs\u00f6kkenti a kop\u00e1st \u00e9s biztos\u00edtja a z\u00f6kken\u0151mentes m\u0171k\u00f6d\u00e9st. Haszn\u00e1lja a megfelel\u0151 ken\u0151anyag-t\u00edpust a gy\u00e1rt\u00f3 ken\u00e9si intervallumra vonatkoz\u00f3 ir\u00e1nyelveinek megfelel\u0151en.<\/p>\n<p><strong>T\u00f6m\u00edt\u00e9scsere:<\/strong>\u00a0 Ha a t\u00f6m\u00edt\u00e9sek kop\u00e1s\u00e1t vagy sziv\u00e1rg\u00e1s\u00e1t tapasztalja, cser\u00e9lje ki azokat a gy\u00e1rt\u00f3 \u00e1ltal j\u00f3v\u00e1hagyott eredeti alkatr\u00e9szekre. A s\u00e9r\u00fclt vagy kopott t\u00f6m\u00edt\u00e9sek ronthatj\u00e1k a henger teljes\u00edtm\u00e9ny\u00e9t, \u00e9s hidraulikaolaj-sziv\u00e1rg\u00e1shoz vezethetnek.<\/p>\n<p><strong>Tiszt\u00edt\u00e1s:<\/strong>\u00a0 Tiszt\u00edtsa meg a hengereket a szennyez\u0151d\u00e9sek, t\u00f6rmel\u00e9k \u00e9s egy\u00e9b szennyez\u0151d\u00e9sek elt\u00e1vol\u00edt\u00e1s\u00e1val. \u00d6sszeszerel\u00e9s el\u0151tt haszn\u00e1ljon nem s\u00farol\u00f3szert, \u00e9s gy\u0151z\u0151dj\u00f6n meg arr\u00f3l, hogy minden alkatr\u00e9sz sz\u00e1raz. A rendszeres tiszt\u00edt\u00e1s el\u0151seg\u00edti az optim\u00e1lis teljes\u00edtm\u00e9nyt, \u00e9s megakad\u00e1lyozza a korai kop\u00e1st vagy k\u00e1rosod\u00e1st.<\/p>\n<h2><strong>Hogyan ellen\u0151rizhet\u0151, hogy a hidraulikus henger bels\u0151 sziv\u00e1rg\u00e1sa fenn\u00e1ll-e?<\/strong><\/h2>\n<p>A hidraulikus henger bels\u0151 sziv\u00e1rg\u00e1s\u00e1nak ellen\u0151rz\u00e9s\u00e9hez a k\u00f6vetkez\u0151 l\u00e9p\u00e9seket teheti:<\/p>\n<ol>\n<li><strong>Vizu\u00e1lis ellen\u0151rz\u00e9s:<\/strong> Kezdje a hidraulikus henger k\u00fclsej\u00e9nek vizu\u00e1lis ellen\u0151rz\u00e9s\u00e9vel. Keressen olaj- vagy hidraulikafolyad\u00e9k-nyomokat a hengertest, a r\u00fad vagy a t\u00f6m\u00edt\u00e9sek k\u00f6r\u00fcl. A k\u00fcls\u0151 sziv\u00e1rg\u00e1sok bels\u0151 sziv\u00e1rg\u00e1sra is utalhatnak.<\/li>\n<li><strong>Henger m\u0171k\u00f6d\u00e9se:<\/strong> M\u0171k\u00f6dtesse a hidraulikus hengert teljes mozg\u00e1startom\u00e1ny\u00e1ban. Figyeljen minden szokatlan hangra, rezg\u00e9sre vagy r\u00e1ngat\u00f3z\u00f3 mozg\u00e1sra, amely bels\u0151 sziv\u00e1rg\u00e1sra utalhat. Ha a henger sim\u00e1n m\u0171k\u00f6dik, szokatlan viselked\u00e9s n\u00e9lk\u00fcl, az nem felt\u00e9tlen\u00fcl z\u00e1rja ki a bels\u0151 sziv\u00e1rg\u00e1st, de arra utal, hogy a probl\u00e9ma kev\u00e9sb\u00e9 s\u00falyos lehet.<\/li>\n<li><strong>K\u00fcls\u0151 sziv\u00e1rg\u00e1svizsg\u00e1lat:<\/strong> T\u00f6r\u00f6lje tiszt\u00e1ra a hengert, majd egy inakt\u00edv id\u0151szak ut\u00e1n vizu\u00e1lisan ellen\u0151rizze, hogy van-e rajta friss olaj vagy hidraulikafolyad\u00e9k. Ha \u00faj olajat vagy folyad\u00e9kot \u00e9szlel a henger k\u00fclsej\u00e9n, az bels\u0151 sziv\u00e1rg\u00e1sra utalhat.<\/li>\n<li><strong>Nyom\u00e1ses\u00e9s-teszt:<\/strong> V\u00e9gezzen nyom\u00e1ses\u00e9s-pr\u00f3b\u00e1t a bels\u0151 sziv\u00e1rg\u00e1s ellen\u0151rz\u00e9s\u00e9hez. K\u00f6vesse az al\u00e1bbi l\u00e9p\u00e9seket:a. Gy\u0151z\u0151dj\u00f6n meg arr\u00f3l, hogy a hidraulikus rendszer nyom\u00e1smentes, \u00e9s a henger biztons\u00e1gos helyzetben van.b. V\u00e1lassza le a hidraulikus vezet\u00e9keket a hengerr\u0151l, gondosan z\u00e1rja le vagy dug\u00f3zza le a ny\u00edl\u00e1sokat a folyad\u00e9kvesztes\u00e9g elker\u00fcl\u00e9se \u00e9rdek\u00e9ben.c. Alkalmazzon nyom\u00e1st a henger megfelel\u0151 csatlakoz\u00f3j\u00e1n\u00e1l k\u00e9zi pumpa vagy m\u00e1s hidraulikus energiaforr\u00e1s seg\u00edts\u00e9g\u00e9vel.\n<p>d. Figyelje a nyom\u00e1sm\u00e9r\u0151t. Ha a nyom\u00e1s r\u00f6vid id\u0151 alatt jelent\u0151sen cs\u00f6kken, az a palackon bel\u00fcli bels\u0151 sziv\u00e1rg\u00e1sra utal.<\/p>\n<p>e. Ism\u00e9telje meg a tesztet egy kett\u0151s m\u0171k\u00f6d\u00e9s\u0171 henger mindk\u00e9t oldal\u00e1n, ha alkalmazhat\u00f3.<\/li>\n<li><strong>R\u00fadhosszabb\u00edt\u00e1si teszt:<\/strong> Nyissa ki r\u00e9szben vagy teljesen a hengerr\u00fadat, majd vizsg\u00e1lja meg a r\u00fad szabadon l\u00e9v\u0151 r\u00e9sz\u00e9t, hogy nincs-e hidraulikafolyad\u00e9k. Ha olajat vagy levet \u00e9szlel a r\u00fadon, az bels\u0151 sziv\u00e1rg\u00e1sra utalhat a r\u00fad t\u00f6m\u00edt\u00e9sein t\u00fal.<\/li>\n<li><strong>Henger sz\u00e9tszerel\u00e9se:<\/strong> Ha bels\u0151 sziv\u00e1rg\u00e1sra gyanakszik, de az el\u0151z\u0151 l\u00e9p\u00e9sekkel nem azonos\u00edtotta, akkor lehet, hogy sz\u00e9t kell szerelnie a hengert a r\u00e9szletes ellen\u0151rz\u00e9s \u00e9rdek\u00e9ben. A henger sz\u00e9tszerel\u00e9se lehet\u0151v\u00e9 teszi a dugatty\u00fa, a t\u00f6m\u00edt\u00e9sek \u00e9s m\u00e1s bels\u0151 alkatr\u00e9szek vizsg\u00e1lat\u00e1t kop\u00e1s, s\u00e9r\u00fcl\u00e9s vagy szennyez\u0151d\u00e9s jelei ut\u00e1n kutatva.<\/li>\n<\/ol>\n<h2><strong>A gy\u00e1r kapacit\u00e1sa \u00e9s kapacit\u00e1sa:<\/strong><\/h2>\n<h3>(1) \u00d6sszeszerel\u00e9s<\/h3>\n<p>Els\u0151 oszt\u00e1ly\u00fa f\u00fcggetlen kutat\u00e1si \u00e9s fejleszt\u00e9si \u00f6sszeszerel\u00e9si platformmal rendelkez\u00fcnk. A hidraulikus hengergy\u00e1rt\u00f3 m\u0171hely n\u00e9gy f\u00e9lautomata emel\u0151henger-\u00f6sszeszerel\u0151 sorral \u00e9s egy automata billen\u0151henger-\u00f6sszeszerel\u0151 sorral rendelkezik, tervezett \u00e9ves gy\u00e1rt\u00e1si kapacit\u00e1sa 1 milli\u00f3 darab. A speci\u00e1lis henger m\u0171hely k\u00fcl\u00f6nb\u00f6z\u0151 specifik\u00e1ci\u00f3j\u00fa f\u00e9lautomata tiszt\u00edt\u00f3 \u00f6sszeszerel\u0151 rendszerrel van felszerelve, amelynek tervezett \u00e9ves termel\u00e9si kapacit\u00e1sa 200.000, \u00e9s h\u00edres CNC megmunk\u00e1l\u00f3 berendez\u00e9ssel, megmunk\u00e1l\u00f3 k\u00f6zponttal, nagy pontoss\u00e1g\u00fa hengerfeldolgoz\u00f3 speci\u00e1lis berendez\u00e9ssel, robothegeszt\u0151 g\u00e9ppel, automatikus tiszt\u00edt\u00f3g\u00e9ppel, automatikus henger \u00f6sszeszerel\u0151 g\u00e9ppel \u00e9s automatikus fest\u00e9si gy\u00e1rt\u00f3sorral van felszerelve. A megl\u00e9v\u0151 kritikus berendez\u00e9sek t\u00f6bb mint 300 k\u00e9szlet (k\u00e9szlet). A berendez\u00e9sek er\u0151forr\u00e1sainak optim\u00e1lis eloszt\u00e1sa \u00e9s hat\u00e9kony felhaszn\u00e1l\u00e1sa biztos\u00edtja a term\u00e9kek pontoss\u00e1gi k\u00f6vetelm\u00e9nyeit \u00e9s megfelel a term\u00e9kek min\u0151s\u00e9gi ig\u00e9nyeinek.<\/p>\n<p><img loading=\"lazy\" decoding=\"async\" class=\"alignnone wp-image-626\" src=\"https:\/\/hydraulic-cylinders.net\/wp-content\/uploads\/2023\/08\/hydraulic-cylinder-product-1-300x158.webp\" alt=\"\" width=\"495\" height=\"260\" srcset=\"https:\/\/hydraulic-cylinders.net\/wp-content\/uploads\/2023\/08\/hydraulic-cylinder-product-1-300x158.webp 495w, https:\/\/hydraulic-cylinders.net\/wp-content\/uploads\/2023\/08\/hydraulic-cylinder-product-1-480x252.webp 480w\" sizes=\"(min-width: 0px) and (max-width: 480px) 480px, (min-width: 481px) 495px, 100vw\" \/> <img loading=\"lazy\" decoding=\"async\" class=\"alignnone wp-image-627\" src=\"https:\/\/hydraulic-cylinders.net\/wp-content\/uploads\/2023\/08\/hydraulic-cylinder-product-2-300x189.webp\" alt=\"\" width=\"413\" height=\"260\" \/><\/p>\n<h3>(2) Megmunk\u00e1l\u00e1s<\/h3>\n<p>A megmunk\u00e1l\u00f3m\u0171hely egyedi, ferde s\u00edneszterg\u00e1l\u00f3 k\u00f6zponttal, megmunk\u00e1l\u00f3k\u00f6zponttal, nagysebess\u00e9g\u0171 h\u00f3nol\u00f3g\u00e9ppel, hegeszt\u0151robottal \u00e9s egy\u00e9b kapcsol\u00f3d\u00f3 berendez\u00e9sekkel van felszerelve, amelyek legfeljebb 400 mm bels\u0151 \u00e1tm\u00e9r\u0151j\u0171 \u00e9s legfeljebb 6 m\u00e9ter hossz\u00fa hengercs\u00f6vek megmunk\u00e1l\u00e1s\u00e1ra k\u00e9pesek.<\/p>\n<p><img loading=\"lazy\" decoding=\"async\" class=\"alignnone wp-image-628 size-large\" src=\"https:\/\/hydraulic-cylinders.net\/wp-content\/uploads\/2023\/08\/hydraulic-cylinder-product-3-1024x391.webp\" alt=\"\" width=\"1024\" height=\"391\" srcset=\"https:\/\/hydraulic-cylinders.net\/wp-content\/uploads\/2023\/08\/hydraulic-cylinder-product-3-980x374.webp 980w, https:\/\/hydraulic-cylinders.net\/wp-content\/uploads\/2023\/08\/hydraulic-cylinder-product-3-480x183.webp 480w\" sizes=\"(min-width: 0px) and (max-width: 480px) 480px, (min-width: 481px) and (max-width: 980px) 980px, (min-width: 981px) 1024px, 100vw\" \/><\/p>\n<h3>(3) Hegeszt\u00e9s<\/h3>\n<p><img loading=\"lazy\" decoding=\"async\" class=\"alignnone wp-image-629 size-large\" src=\"https:\/\/hydraulic-cylinders.net\/wp-content\/uploads\/2023\/08\/hydraulic-cylinder-product-4-1024x510.webp\" alt=\"\" width=\"1024\" height=\"510\" srcset=\"https:\/\/hydraulic-cylinders.net\/wp-content\/uploads\/2023\/08\/hydraulic-cylinder-product-4-980x488.webp 980w, https:\/\/hydraulic-cylinders.net\/wp-content\/uploads\/2023\/08\/hydraulic-cylinder-product-4-480x239.webp 480w\" sizes=\"(min-width: 0px) and (max-width: 480px) 480px, (min-width: 481px) and (max-width: 980px) 980px, (min-width: 981px) 1024px, 100vw\" \/><\/p>\n<h3>(4) Fest\u00e9s \u00e9s bevonatol\u00e1s<\/h3>\n<p>Kis \u00e9s k\u00f6zepes m\u00e9ret\u0171 hengeres automatikus v\u00edzb\u00e1zis\u00fa fest\u00e9kbevon\u00f3 sorokkal, az automatikus robot be- \u00e9s kirakod\u00e1s, valamint az automatikus permetez\u00e9s megval\u00f3s\u00edt\u00e1s\u00e1hoz, a tervez\u00e9si kapacit\u00e1s m\u0171szakonk\u00e9nt 4000 darab;<br \/>\nRendelkez\u00fcnk egy f\u00e9lautomata fest\u00e9kgy\u00e1rt\u00f3sorral is nagym\u00e9ret\u0171 palackokhoz, amelyet egy er\u0151\u00e1tviteli l\u00e1nc hajt, m\u0171szakonk\u00e9nt 60 doboz tervez\u00e9si kapacit\u00e1ssal.<\/p>\n<p><img loading=\"lazy\" decoding=\"async\" class=\"alignnone wp-image-630\" src=\"https:\/\/hydraulic-cylinders.net\/wp-content\/uploads\/2023\/08\/hydraulic-cylinder-product-5-300x213.webp\" alt=\"\" width=\"366\" height=\"260\" \/> <img loading=\"lazy\" decoding=\"async\" class=\"alignnone wp-image-631\" src=\"https:\/\/hydraulic-cylinders.net\/wp-content\/uploads\/2023\/08\/hydraulic-cylinder-product-6-300x225.webp\" alt=\"\" width=\"347\" height=\"260\" \/><\/p>\n<h3>(5) Tesztel\u00e9s<\/h3>\n<p>Els\u0151 oszt\u00e1ly\u00fa ellen\u0151rz\u0151 l\u00e9tes\u00edtm\u00e9nyekkel \u00e9s tesztpadokkal rendelkez\u00fcnk annak biztos\u00edt\u00e1s\u00e1ra, hogy a palack teljes\u00edtm\u00e9nye megfeleljen a k\u00f6vetelm\u00e9nyeknek.<\/p>\n<p><img loading=\"lazy\" decoding=\"async\" class=\"alignnone wp-image-632\" src=\"https:\/\/hydraulic-cylinders.net\/wp-content\/uploads\/2023\/08\/hydraulic-cylinder-product-8-300x200.webp\" alt=\"\" width=\"389\" height=\"260\" \/><\/p>\n<p>&nbsp;<\/p>\n<p>&nbsp;<\/p>\n<p>Mi vagyunk az egyik legjobb neh\u00e9zrudas hidraulikus henger gy\u00e1rt\u00f3. Sz\u00e9les v\u00e1laszt\u00e9kban k\u00edn\u00e1lunk neh\u00e9zrudas hidraulikus hengereket. Megfelel\u0151 term\u00e9keket is biztos\u00edtunk. <a href=\"https:\/\/hzpt.com\/agricultural-pto-gearbox\/\" target=\"_blank\" rel=\"noopener\">mez\u0151gazdas\u00e1gi sebess\u00e9gv\u00e1lt\u00f3k<\/a>Term\u00e9keinket vil\u00e1gszerte export\u00e1ltuk \u00fcgyfeleinknek, \u00e9s kiv\u00e1l\u00f3 term\u00e9kmin\u0151s\u00e9g\u00fcnknek \u00e9s \u00e9rt\u00e9kes\u00edt\u00e9s ut\u00e1ni szolg\u00e1ltat\u00e1sunknak k\u00f6sz\u00f6nhet\u0151en j\u00f3 h\u00edrnevet szerezt\u00fcnk. Szeretettel v\u00e1rjuk belf\u00f6ldi \u00e9s k\u00fclf\u00f6ldi \u00fcgyfeleinket, hogy \u00fczleti t\u00e1rgyal\u00e1sok, inform\u00e1ci\u00f3csere \u00e9s egy\u00e9b lehet\u0151s\u00e9gek c\u00e9lj\u00e1b\u00f3l kapcsolatba l\u00e9pjenek vel\u00fcnk.\u00a0<a href=\"https:\/\/www.hydraulic-cylinders.net\/hu\/contact-us\/\">egy\u00fcttm\u0171k\u00f6dni vel\u00fcnk<\/a>!<\/p>\n<p>&nbsp;<\/p>\n<h2><\/h2>","protected":false},"excerpt":{"rendered":"<p>CA Monaural Type Heavy Rod Hydraulic Cylinder The CA monaural type heavy rod hydraulic cylinder is a high-performance hydraulic element designed to meet the stringent requirements of heavy-duty industrial applications. With its rugged construction, impressive force output, and reliable operation, this hydraulic cylinder offers exceptional power and durability. Whether lifting, pushing, or pulling, CA monaural [&hellip;]<\/p>","protected":false},"featured_media":927,"comment_status":"open","ping_status":"closed","template":"","meta":{"_et_pb_use_builder":"","_et_pb_old_content":"","_et_gb_content_width":""},"product_brand":[],"product_cat":[1376,1385],"product_tag":[1380],"class_list":{"0":"post-922","1":"product","2":"type-product","3":"status-publish","4":"has-post-thumbnail","6":"product_cat-hydraulic-cylinder","7":"product_cat-heavy-rod-hydraulic-cylinder","8":"product_tag-hydraulic-cylinder","10":"first","11":"instock","12":"shipping-taxable","13":"product-type-simple"},"amp_enabled":true,"_links":{"self":[{"href":"https:\/\/www.hydraulic-cylinders.net\/hu\/wp-json\/wp\/v2\/product\/922","targetHints":{"allow":["GET"]}}],"collection":[{"href":"https:\/\/www.hydraulic-cylinders.net\/hu\/wp-json\/wp\/v2\/product"}],"about":[{"href":"https:\/\/www.hydraulic-cylinders.net\/hu\/wp-json\/wp\/v2\/types\/product"}],"replies":[{"embeddable":true,"href":"https:\/\/www.hydraulic-cylinders.net\/hu\/wp-json\/wp\/v2\/comments?post=922"}],"wp:featuredmedia":[{"embeddable":true,"href":"https:\/\/www.hydraulic-cylinders.net\/hu\/wp-json\/wp\/v2\/media\/927"}],"wp:attachment":[{"href":"https:\/\/www.hydraulic-cylinders.net\/hu\/wp-json\/wp\/v2\/media?parent=922"}],"wp:term":[{"taxonomy":"product_brand","embeddable":true,"href":"https:\/\/www.hydraulic-cylinders.net\/hu\/wp-json\/wp\/v2\/product_brand?post=922"},{"taxonomy":"product_cat","embeddable":true,"href":"https:\/\/www.hydraulic-cylinders.net\/hu\/wp-json\/wp\/v2\/product_cat?post=922"},{"taxonomy":"product_tag","embeddable":true,"href":"https:\/\/www.hydraulic-cylinders.net\/hu\/wp-json\/wp\/v2\/product_tag?post=922"}],"curies":[{"name":"munkaf\u00fczet","href":"https:\/\/api.w.org\/{rel}","templated":true}]}}