{"id":931,"date":"2023-09-04T03:31:11","date_gmt":"2023-09-04T03:31:11","guid":{"rendered":"https:\/\/hydraulic-cylinders.net\/?post_type=product&#038;p=931"},"modified":"2023-09-19T01:25:25","modified_gmt":"2023-09-19T01:25:25","slug":"ca-monaural-type-gksk-joint-earring-connector-heavy-rod-hydraulic-cylinder","status":"publish","type":"product","link":"https:\/\/www.hydraulic-cylinders.net\/hu\/termek\/ca-monaural-type-gksk-joint-earring-connector-heavy-rod-hydraulic-cylinder\/","title":{"rendered":"CA Monaural Type Gksk k\u00f6z\u00f6s f\u00fclbeval\u00f3 csatlakoz\u00f3 neh\u00e9z r\u00fad hidraulikus henger"},"content":{"rendered":"<h1 style=\"text-align: center;\"><strong>CA monaur\u00e1lis t\u00edpus\u00fa Gksk k\u00f6z\u00f6s f\u00fclbeval\u00f3 csatlakoz\u00f3 neh\u00e9z r\u00fad hidraulikus henger<\/strong><\/h1>\n<p>A CA monofur\u00e1lis t\u00edpus\u00fa Gksk csukl\u00f3s f\u00fclbeval\u00f3 csatlakoz\u00f3val ell\u00e1tott neh\u00e9zrudas hidraulikus henger egy \u00e9lvonalbeli hidraulikus elem neh\u00e9zipari alkalmaz\u00e1sokhoz. Robusztus fel\u00e9p\u00edt\u00e9s\u00e9nek, fejlett funkci\u00f3inak \u00e9s prec\u00edz m\u0171k\u00f6d\u00e9s\u00e9nek k\u00f6sz\u00f6nhet\u0151en ez a hidraulikus henger optim\u00e1lis teljes\u00edtm\u00e9nyt, megb\u00edzhat\u00f3s\u00e1got \u00e9s teljes\u00edtm\u00e9nyt ny\u00fajt. Ak\u00e1r neh\u00e9z terheket kell emelnie, tolnia vagy h\u00faznia, a CA Mono t\u00edpus\u00fa Gksk csukl\u00f3s f\u00fclbeval\u00f3 csatlakoz\u00f3val ell\u00e1tott neh\u00e9zrudas hidraulikus henger k\u00f6nnyed\u00e9n kezeli a legnagyobb kih\u00edv\u00e1st jelent\u0151 feladatokat is.<\/p>\n<p>A neh\u00e9z r\u00fad hidraulikus henger alapvet\u0151 jellemz\u0151i:<\/p>\n<p><strong>Robusztus konstrukci\u00f3:<\/strong>\u00a0 A CA monaur\u00e1lis t\u00edpus\u00fa Gksk csukl\u00f3s f\u00fclbeval\u00f3-csatlakoz\u00f3 neh\u00e9zrudas hidraulikus henger fokozott stabilit\u00e1st \u00e9s mozg\u00e1svez\u00e9rl\u00e9st biztos\u00edt. Az egyetlen r\u00fadhosszabb\u00edt\u00e1s prec\u00edz pozicion\u00e1l\u00e1st \u00e9s sima m\u0171k\u00f6d\u00e9st biztos\u00edt, minimaliz\u00e1lva az elmozdul\u00e1s vagy elhajl\u00e1s kock\u00e1zat\u00e1t.<\/p>\n<p><strong>Monaur\u00e1lis t\u00edpustervez\u00e9s:<\/strong>\u00a0 A CA monaur\u00e1lis t\u00edpus\u00fa Gksk csukl\u00f3s f\u00fclbeval\u00f3-csatlakoz\u00f3 neh\u00e9zrudas hidraulikus henger fokozott stabilit\u00e1st \u00e9s mozg\u00e1svez\u00e9rl\u00e9st biztos\u00edt. Az egyetlen r\u00fadhosszabb\u00edt\u00f3 prec\u00edz pozicion\u00e1l\u00e1st \u00e9s sima m\u0171k\u00f6d\u00e9st biztos\u00edt, minimaliz\u00e1lva az elmozdul\u00e1s vagy elhajl\u00e1s kock\u00e1zat\u00e1t.<\/p>\n<p><strong>Gksk f\u00fclbeval\u00f3 csatlakoz\u00f3:<\/strong>\u00a0 A Gksk csukl\u00f3s f\u00fclbeval\u00f3 csatlakoz\u00f3val felszerelt hidraulikus henger k\u00e9nyelmes \u00e9s biztons\u00e1gos csatlakoz\u00e1st biztos\u00edt a hidraulikus rendszerhez. A csatlakoz\u00f3k megb\u00edzhat\u00f3 folyad\u00e9k\u00e1tvitelt biztos\u00edtanak, \u00e9s minimaliz\u00e1lj\u00e1k a sziv\u00e1rg\u00e1s vagy a lecsatlakoz\u00e1s kock\u00e1zat\u00e1t m\u0171k\u00f6d\u00e9s k\u00f6zben, \u00edgy gondtalan \u00e9lm\u00e9nyt ny\u00fajtva.<\/p>\n<p><strong>Neh\u00e9z r\u00fad \u00e9s nagy teljes\u00edtm\u00e9ny\u0171 kimenet:<\/strong> Ennek a hidraulikus hengernek a neh\u00e9z r\u00fadkialak\u00edt\u00e1sa a fejlett hidraulikus rendszerrel kombin\u00e1lva kiv\u00e9teles er\u0151kifejt\u00e9st tesz lehet\u0151v\u00e9. Jelent\u0151s teljes\u00edtm\u00e9nyt k\u00e9pes leadni, \u00edgy alkalmass\u00e1 teszi olyan alkalmaz\u00e1sokhoz, amelyek nagy teljes\u00edtm\u00e9nyt \u00e9s emel\u0151kapacit\u00e1st ig\u00e9nyelnek.<\/p>\n<p><img loading=\"lazy\" decoding=\"async\" class=\"size-full wp-image-932 aligncenter\" src=\"https:\/\/hydraulic-cylinders.net\/wp-content\/uploads\/2023\/09\/ca-monaural-type-gksk-joint-earring-connector-heavy-rod-hydraulic-cylinder-2-1.webp\" alt=\"\" width=\"296\" height=\"296\" srcset=\"https:\/\/www.hydraulic-cylinders.net\/wp-content\/uploads\/2023\/09\/ca-monaural-type-gksk-joint-earring-connector-heavy-rod-hydraulic-cylinder-2-1.webp 296w, https:\/\/www.hydraulic-cylinders.net\/wp-content\/uploads\/2023\/09\/ca-monaural-type-gksk-joint-earring-connector-heavy-rod-hydraulic-cylinder-2-1-100x100.webp 100w, https:\/\/www.hydraulic-cylinders.net\/wp-content\/uploads\/2023\/09\/ca-monaural-type-gksk-joint-earring-connector-heavy-rod-hydraulic-cylinder-2-1-150x150.webp 150w, https:\/\/www.hydraulic-cylinders.net\/wp-content\/uploads\/2023\/09\/ca-monaural-type-gksk-joint-earring-connector-heavy-rod-hydraulic-cylinder-2-1-12x12.webp 12w\" sizes=\"(max-width: 296px) 100vw, 296px\" \/><\/p>\n<h2><strong>CA Monaural Type Gksk Joint F\u00fclbeval\u00f3 Csatlakoz\u00f3 Neh\u00e9zr\u00fad Hidraulikus Henger Param\u00e9ter:<\/strong><\/h2>\n<p><img loading=\"lazy\" decoding=\"async\" class=\"alignnone wp-image-933 size-full\" src=\"https:\/\/hydraulic-cylinders.net\/wp-content\/uploads\/2023\/09\/ca-monaural-type-gksk-joint-earring-connector-heavy-rod-hydraulic-cylinder-1.webp\" alt=\"\" width=\"790\" height=\"472\" srcset=\"https:\/\/hydraulic-cylinders.net\/wp-content\/uploads\/2023\/09\/ca-monaural-type-gksk-joint-earring-connector-heavy-rod-hydraulic-cylinder-1.webp 790w, https:\/\/hydraulic-cylinders.net\/wp-content\/uploads\/2023\/09\/ca-monaural-type-gksk-joint-earring-connector-heavy-rod-hydraulic-cylinder-1-480x287.webp 480w\" sizes=\"(min-width: 0px) and (max-width: 480px) 480px, (min-width: 481px) 790px, 100vw\" \/><\/p>\n<h2><strong>CA monaur\u00e1lis t\u00edpus\u00fa Gksk k\u00f6z\u00f6s f\u00fclbeval\u00f3 csatlakoz\u00f3 neh\u00e9z r\u00fad hidraulikus henger <\/strong><strong>Felhaszn\u00e1l\u00e1si m\u00f3dszer<\/strong><strong>:<\/strong><\/h2>\n<p><strong>Felszerel\u00e9s:<\/strong>\u00a0 El\u0151sz\u00f6r biztons\u00e1gosan szerelje fel a CA monaural Gksk csukl\u00f3s f\u00fclbeval\u00f3 csatlakoz\u00f3 neh\u00e9zr\u00fad hidraulikus henger\u00e9t a megfelel\u0151 r\u00f6gz\u00edt\u0151konzolok vagy szerelv\u00e9nyek seg\u00edts\u00e9g\u00e9vel. A telep\u00edt\u00e9s sor\u00e1n \u00fcgyeljen a megfelel\u0151 be\u00e1ll\u00edt\u00e1sra \u00e9s stabilit\u00e1sra, hogy elker\u00fclje a henger eltol\u00f3d\u00e1s\u00e1t vagy t\u00falzott ig\u00e9nybev\u00e9tel\u00e9t.<\/p>\n<p><strong>Hidraulikus rendszer integr\u00e1l\u00e1sa:<\/strong>\u00a0 A hidraulikavezet\u00e9knek a henger Gksk csukl\u00f3s f\u00fclbeval\u00f3 csatlakoz\u00f3j\u00e1hoz val\u00f3 csatlakoztat\u00e1s\u00e1hoz k\u00f6vesse a gy\u00e1rt\u00f3 utas\u00edt\u00e1sait \u00e9s ir\u00e1nyelveit. A hengert a hidraulikus rendszerbe \u00fagy integr\u00e1lhatja, hogy egy megfelel\u0151 szivatty\u00fahoz vagy t\u00e1pegys\u00e9ghez pattintja. Gy\u0151z\u0151dj\u00f6n meg arr\u00f3l, hogy a henger specifik\u00e1ci\u00f3i \u00e9s \u00fczemeltet\u00e9si k\u00f6vetelm\u00e9nyei teljes\u00fclnek.<\/p>\n<p><strong>Vez\u00e9rl\u00e9s \u00e9s m\u0171k\u00f6d\u00e9s:<\/strong>\u00a0 A hidraulikus rendszerben tal\u00e1lhat\u00f3 vez\u00e9rl\u0151szelep szab\u00e1lyozza a hidraulikaolaj \u00e1raml\u00e1s\u00e1t a hengerbe \u00e9s a hengerb\u0151l. \u00c1ll\u00edtsa be a vez\u00e9rl\u00e9s be\u00e1ll\u00edt\u00e1sait a k\u00edv\u00e1nt line\u00e1ris mozg\u00e1s \u00e9s er\u0151teljes\u00edtm\u00e9ny el\u00e9r\u00e9s\u00e9hez. Ellen\u0151rizze a henger mozg\u00e1s\u00e1t a m\u0171k\u00f6d\u00e9s\u00e9nek \u00e9s reag\u00e1l\u00f3k\u00e9pess\u00e9g\u00e9nek ellen\u0151rz\u00e9s\u00e9hez.<\/p>\n<h2><strong>CA monaur\u00e1lis t\u00edpus\u00fa Gksk k\u00f6z\u00f6s f\u00fclbeval\u00f3 csatlakoz\u00f3 neh\u00e9z r\u00fad hidraulikus henger <\/strong><strong>Karbantart\u00e1s<\/strong><strong>:<\/strong><\/h2>\n<p>A CA Monaural Type Gksk Joint Earring Connector Heavy Rod Hidraulic Henger optim\u00e1lis teljes\u00edtm\u00e9ny\u00e9nek \u00e9s hossz\u00fa \u00e9lettartam\u00e1nak biztos\u00edt\u00e1s\u00e1hoz elengedhetetlen a rendszeres karbantart\u00e1s. K\u00f6vesse az al\u00e1bbi karbantart\u00e1si ir\u00e1nyelveket:<\/p>\n<p><strong>Rendszeres ellen\u0151rz\u00e9s:<\/strong> V\u00e9gezzen rendszeres ellen\u0151rz\u00e9seket a kop\u00e1s, s\u00e9r\u00fcl\u00e9s vagy sziv\u00e1rg\u00e1s jeleinek azonos\u00edt\u00e1s\u00e1ra. Vizsg\u00e1lja meg a hengertestet, a rudat, a t\u00f6m\u00edt\u00e9seket \u00e9s az egy\u00e9b alkatr\u00e9szeket rendelleness\u00e9gek szempontj\u00e1b\u00f3l. Azonnal foglalkozzon a probl\u00e9m\u00e1kkal a tov\u00e1bbi s\u00e9r\u00fcl\u00e9sek vagy a m\u0171k\u00f6d\u00e9si el\u00e9gtelens\u00e9gek megel\u0151z\u00e9se \u00e9rdek\u00e9ben.<\/p>\n<p><strong>Ken\u00e9s:<\/strong>\u00a0 Vigye fel az aj\u00e1nlott ken\u0151anyagot a henger mozg\u00f3 alkatr\u00e9szeire, bele\u00e9rtve az \u00f6sszek\u00f6t\u0151rudakat \u00e9s a t\u00f6m\u00edt\u00e9seket. A rendszeres ken\u00e9s minimaliz\u00e1lja a s\u00farl\u00f3d\u00e1st, cs\u00f6kkenti a kop\u00e1st \u00e9s biztos\u00edtja a z\u00f6kken\u0151mentes m\u0171k\u00f6d\u00e9st. Haszn\u00e1lja a megfelel\u0151 ken\u0151anyag-t\u00edpust a gy\u00e1rt\u00f3 ken\u00e9si intervallumra vonatkoz\u00f3 ir\u00e1nyelveinek megfelel\u0151en.<\/p>\n<p><strong>T\u00f6m\u00edt\u00e9scsere:<\/strong>\u00a0 Ha a t\u00f6m\u00edt\u00e9sek kop\u00e1s\u00e1t vagy sziv\u00e1rg\u00e1s\u00e1t tapasztalja, cser\u00e9lje ki azokat a gy\u00e1rt\u00f3 \u00e1ltal j\u00f3v\u00e1hagyott eredeti alkatr\u00e9szekre. A s\u00e9r\u00fclt vagy kopott t\u00f6m\u00edt\u00e9sek ronthatj\u00e1k a henger teljes\u00edtm\u00e9ny\u00e9t, \u00e9s hidraulikaolaj-sziv\u00e1rg\u00e1shoz vezethetnek.<\/p>\n<p><strong>Tiszt\u00edt\u00e1s:<\/strong>\u00a0 Tiszt\u00edtsa meg a hengereket a szennyez\u0151d\u00e9sek, t\u00f6rmel\u00e9k \u00e9s egy\u00e9b szennyez\u0151d\u00e9sek elt\u00e1vol\u00edt\u00e1s\u00e1val. \u00d6sszeszerel\u00e9s el\u0151tt haszn\u00e1ljon nem s\u00farol\u00f3szert, \u00e9s gy\u0151z\u0151dj\u00f6n meg arr\u00f3l, hogy minden alkatr\u00e9sz sz\u00e1raz. A rendszeres tiszt\u00edt\u00e1s el\u0151seg\u00edti az optim\u00e1lis teljes\u00edtm\u00e9nyt, \u00e9s megakad\u00e1lyozza a korai kop\u00e1st vagy k\u00e1rosod\u00e1st.<\/p>\n<h2><strong>Mennyibe ker\u00fcl egy hidraulikus henger fel\u00faj\u00edt\u00e1sa?<\/strong><\/h2>\n<p>A hidraulikus henger fel\u00faj\u00edt\u00e1s\u00e1nak k\u00f6lts\u00e9ge sz\u00e1mos t\u00e9nyez\u0151t\u0151l f\u00fcgg, bele\u00e9rtve a henger m\u00e9ret\u00e9t \u00e9s t\u00edpus\u00e1t, a s\u00e9r\u00fcl\u00e9s vagy kop\u00e1s m\u00e9rt\u00e9k\u00e9t, a cserealkatr\u00e9szek el\u00e9rhet\u0151s\u00e9g\u00e9t \u00e9s a helyi munkaer\u0151k\u00f6lts\u00e9geket. Fontos megjegyezni, hogy a hidraulikus henger fel\u00faj\u00edt\u00e1sa szak\u00e9rtelmet \u00e9s speci\u00e1lis szersz\u00e1mokat ig\u00e9nyel, ez\u00e9rt gyakran aj\u00e1nlott, hogy a munk\u00e1t professzion\u00e1lis hidraulikus jav\u00edt\u00f3szolg\u00e1lattal v\u00e9geztesse el.<\/p>\n<p>A hidraulikus henger fel\u00faj\u00edt\u00e1s\u00e1nak k\u00f6lts\u00e9geinek m\u00e9rlegel\u00e9sekor a k\u00f6vetkez\u0151 lehets\u00e9ges kiad\u00e1sokat kell figyelembe venni:<\/p>\n<ol>\n<li><strong>Munkaer\u0151k\u00f6lts\u00e9gek:<\/strong> A henger sz\u00e9tszerel\u00e9s\u00e9hez, ellen\u0151rz\u00e9s\u00e9hez, jav\u00edt\u00e1s\u00e1hoz \u00e9s \u00f6sszeszerel\u00e9s\u00e9hez sz\u00fcks\u00e9ges id\u0151 \u00e9s szak\u00e9rtelem hozz\u00e1j\u00e1rul a teljes k\u00f6lts\u00e9ghez. A munkad\u00edjak a helysz\u00ednt\u0151l \u00e9s az adott jav\u00edt\u00e1si szolg\u00e1ltat\u00e1st\u00f3l f\u00fcgg\u0151en v\u00e1ltozhatnak.<\/li>\n<li><strong>Cserealkatr\u00e9szek:<\/strong> Ha a hengeren bel\u00fcli alkatr\u00e9szeket, p\u00e9ld\u00e1ul t\u00f6m\u00edt\u00e9seket, csap\u00e1gyakat vagy rudakat ki kell cser\u00e9lni, ezeknek az alkatr\u00e9szeknek a k\u00f6lts\u00e9ge n\u00f6veli a teljes k\u00f6lts\u00e9get. A cserealkatr\u00e9szek el\u00e9rhet\u0151s\u00e9ge \u00e9s \u00e1ra a henger gy\u00e1rtm\u00e1ny\u00e1t\u00f3l \u00e9s modellj\u00e9t\u0151l f\u00fcgg\u0151en v\u00e1ltozik.<\/li>\n<li><strong>Megmunk\u00e1l\u00e1s vagy h\u00f3nol\u00e1s:<\/strong> Bizonyos esetekben a henger megmunk\u00e1l\u00e1sra vagy h\u00f3nol\u00e1sra szorulhat a fel\u00fcletek megfelel\u0151 \u00e1llapot\u00e1nak vissza\u00e1ll\u00edt\u00e1sa \u00e9rdek\u00e9ben. Ez a tov\u00e1bbi folyamat n\u00f6velheti az \u00fajj\u00e1\u00e9p\u00edt\u00e9s \u00f6sszk\u00f6lts\u00e9g\u00e9t.<\/li>\n<li><strong>Tesztel\u00e9s \u00e9s tan\u00fas\u00edt\u00e1s:<\/strong> Miut\u00e1n a palackot \u00fajj\u00e1\u00e9p\u00edtett\u00e9k, sz\u00fcks\u00e9g lehet tesztel\u00e9sre \u00e9s tan\u00fas\u00edt\u00e1sra a teljes\u00edtm\u00e9ny\u00e9nek \u00e9s biztons\u00e1g\u00e1nak biztos\u00edt\u00e1sa \u00e9rdek\u00e9ben. Ezek a kieg\u00e9sz\u00edt\u0151 szolg\u00e1ltat\u00e1sok j\u00e1rul\u00e9kos k\u00f6lts\u00e9gekkel j\u00e1rhatnak.<\/li>\n<\/ol>\n<h2><strong>A gy\u00e1r kapacit\u00e1sa \u00e9s kapacit\u00e1sa:<\/strong><\/h2>\n<h3>(1) \u00d6sszeszerel\u00e9s<\/h3>\n<p>Els\u0151 oszt\u00e1ly\u00fa f\u00fcggetlen kutat\u00e1si \u00e9s fejleszt\u00e9si \u00f6sszeszerel\u00e9si platformmal rendelkez\u00fcnk. A hidraulikus hengergy\u00e1rt\u00f3 m\u0171hely n\u00e9gy f\u00e9lautomata emel\u0151henger-\u00f6sszeszerel\u0151 sorral \u00e9s egy automata billen\u0151henger-\u00f6sszeszerel\u0151 sorral rendelkezik, tervezett \u00e9ves gy\u00e1rt\u00e1si kapacit\u00e1sa 1 milli\u00f3 darab. A speci\u00e1lis henger m\u0171hely k\u00fcl\u00f6nb\u00f6z\u0151 specifik\u00e1ci\u00f3j\u00fa f\u00e9lautomata tiszt\u00edt\u00f3 \u00f6sszeszerel\u0151 rendszerrel van felszerelve, amelynek tervezett \u00e9ves termel\u00e9si kapacit\u00e1sa 200.000, \u00e9s h\u00edres CNC megmunk\u00e1l\u00f3 berendez\u00e9ssel, megmunk\u00e1l\u00f3 k\u00f6zponttal, nagy pontoss\u00e1g\u00fa hengerfeldolgoz\u00f3 speci\u00e1lis berendez\u00e9ssel, robothegeszt\u0151 g\u00e9ppel, automatikus tiszt\u00edt\u00f3g\u00e9ppel, automatikus henger \u00f6sszeszerel\u0151 g\u00e9ppel \u00e9s automatikus fest\u00e9si gy\u00e1rt\u00f3sorral van felszerelve. A megl\u00e9v\u0151 kritikus berendez\u00e9sek t\u00f6bb mint 300 k\u00e9szlet (k\u00e9szlet). A berendez\u00e9sek er\u0151forr\u00e1sainak optim\u00e1lis eloszt\u00e1sa \u00e9s hat\u00e9kony felhaszn\u00e1l\u00e1sa biztos\u00edtja a term\u00e9kek pontoss\u00e1gi k\u00f6vetelm\u00e9nyeit \u00e9s megfelel a term\u00e9kek min\u0151s\u00e9gi ig\u00e9nyeinek.<\/p>\n<p><img loading=\"lazy\" decoding=\"async\" class=\"alignnone wp-image-626\" src=\"https:\/\/hydraulic-cylinders.net\/wp-content\/uploads\/2023\/08\/hydraulic-cylinder-product-1-300x158.webp\" alt=\"\" width=\"495\" height=\"260\" srcset=\"https:\/\/hydraulic-cylinders.net\/wp-content\/uploads\/2023\/08\/hydraulic-cylinder-product-1-300x158.webp 495w, https:\/\/hydraulic-cylinders.net\/wp-content\/uploads\/2023\/08\/hydraulic-cylinder-product-1-480x252.webp 480w\" sizes=\"(min-width: 0px) and (max-width: 480px) 480px, (min-width: 481px) 495px, 100vw\" \/> <img loading=\"lazy\" decoding=\"async\" class=\"alignnone wp-image-627\" src=\"https:\/\/hydraulic-cylinders.net\/wp-content\/uploads\/2023\/08\/hydraulic-cylinder-product-2-300x189.webp\" alt=\"\" width=\"413\" height=\"260\" \/><\/p>\n<h3>(2) Megmunk\u00e1l\u00e1s<\/h3>\n<p>A megmunk\u00e1l\u00f3m\u0171hely egyedi, ferde s\u00edneszterg\u00e1l\u00f3 k\u00f6zponttal, megmunk\u00e1l\u00f3k\u00f6zponttal, nagysebess\u00e9g\u0171 h\u00f3nol\u00f3g\u00e9ppel, hegeszt\u0151robottal \u00e9s egy\u00e9b kapcsol\u00f3d\u00f3 berendez\u00e9sekkel van felszerelve, amelyek legfeljebb 400 mm bels\u0151 \u00e1tm\u00e9r\u0151j\u0171 \u00e9s legfeljebb 6 m\u00e9ter hossz\u00fa hengercs\u00f6vek megmunk\u00e1l\u00e1s\u00e1ra k\u00e9pesek.<\/p>\n<p><img loading=\"lazy\" decoding=\"async\" class=\"alignnone wp-image-628 size-large\" src=\"https:\/\/hydraulic-cylinders.net\/wp-content\/uploads\/2023\/08\/hydraulic-cylinder-product-3-1024x391.webp\" alt=\"\" width=\"1024\" height=\"391\" srcset=\"https:\/\/hydraulic-cylinders.net\/wp-content\/uploads\/2023\/08\/hydraulic-cylinder-product-3-980x374.webp 980w, https:\/\/hydraulic-cylinders.net\/wp-content\/uploads\/2023\/08\/hydraulic-cylinder-product-3-480x183.webp 480w\" sizes=\"(min-width: 0px) and (max-width: 480px) 480px, (min-width: 481px) and (max-width: 980px) 980px, (min-width: 981px) 1024px, 100vw\" \/><\/p>\n<h3>(3) Hegeszt\u00e9s<\/h3>\n<p><img loading=\"lazy\" decoding=\"async\" class=\"alignnone wp-image-629 size-large\" src=\"https:\/\/hydraulic-cylinders.net\/wp-content\/uploads\/2023\/08\/hydraulic-cylinder-product-4-1024x510.webp\" alt=\"\" width=\"1024\" height=\"510\" srcset=\"https:\/\/hydraulic-cylinders.net\/wp-content\/uploads\/2023\/08\/hydraulic-cylinder-product-4-980x488.webp 980w, https:\/\/hydraulic-cylinders.net\/wp-content\/uploads\/2023\/08\/hydraulic-cylinder-product-4-480x239.webp 480w\" sizes=\"(min-width: 0px) and (max-width: 480px) 480px, (min-width: 481px) and (max-width: 980px) 980px, (min-width: 981px) 1024px, 100vw\" \/><\/p>\n<h3>(4) Fest\u00e9s \u00e9s bevonatol\u00e1s<\/h3>\n<p>Kis \u00e9s k\u00f6zepes m\u00e9ret\u0171 hengeres automatikus v\u00edzb\u00e1zis\u00fa fest\u00e9kbevon\u00f3 sorokkal, az automatikus robot be- \u00e9s kirakod\u00e1s, valamint az automatikus permetez\u00e9s megval\u00f3s\u00edt\u00e1s\u00e1hoz, a tervez\u00e9si kapacit\u00e1s m\u0171szakonk\u00e9nt 4000 darab;<br \/>\nRendelkez\u00fcnk egy f\u00e9lautomata fest\u00e9kgy\u00e1rt\u00f3sorral is nagym\u00e9ret\u0171 palackokhoz, amelyet egy er\u0151\u00e1tviteli l\u00e1nc hajt, m\u0171szakonk\u00e9nt 60 doboz tervez\u00e9si kapacit\u00e1ssal.<\/p>\n<p><img loading=\"lazy\" decoding=\"async\" class=\"alignnone wp-image-630\" src=\"https:\/\/hydraulic-cylinders.net\/wp-content\/uploads\/2023\/08\/hydraulic-cylinder-product-5-300x213.webp\" alt=\"\" width=\"366\" height=\"260\" \/> <img loading=\"lazy\" decoding=\"async\" class=\"alignnone wp-image-631\" src=\"https:\/\/hydraulic-cylinders.net\/wp-content\/uploads\/2023\/08\/hydraulic-cylinder-product-6-300x225.webp\" alt=\"\" width=\"347\" height=\"260\" \/><\/p>\n<h3>(5) Tesztel\u00e9s<\/h3>\n<p>Els\u0151 oszt\u00e1ly\u00fa ellen\u0151rz\u0151 l\u00e9tes\u00edtm\u00e9nyekkel \u00e9s tesztpadokkal rendelkez\u00fcnk annak biztos\u00edt\u00e1s\u00e1ra, hogy a palack teljes\u00edtm\u00e9nye megfeleljen a k\u00f6vetelm\u00e9nyeknek.<\/p>\n<p><img loading=\"lazy\" decoding=\"async\" class=\"alignnone wp-image-632\" src=\"https:\/\/hydraulic-cylinders.net\/wp-content\/uploads\/2023\/08\/hydraulic-cylinder-product-8-300x200.webp\" alt=\"\" width=\"389\" height=\"260\" \/><\/p>\n<p>&nbsp;<\/p>\n<p>&nbsp;<\/p>\n<p>Mi vagyunk az egyik legjobb neh\u00e9zrudas hidraulikus henger gy\u00e1rt\u00f3. Sz\u00e9les v\u00e1laszt\u00e9kban k\u00edn\u00e1lunk neh\u00e9zrudas hidraulikus hengereket. Megfelel\u0151 term\u00e9keket is biztos\u00edtunk. <a href=\"https:\/\/hzpt.com\/agricultural-pto-gearbox\/\" target=\"_blank\" rel=\"noopener\">mez\u0151gazdas\u00e1gi sebess\u00e9gv\u00e1lt\u00f3k<\/a>Term\u00e9keinket vil\u00e1gszerte export\u00e1ltuk \u00fcgyfeleinknek, \u00e9s kiv\u00e1l\u00f3 term\u00e9kmin\u0151s\u00e9g\u00fcnknek \u00e9s \u00e9rt\u00e9kes\u00edt\u00e9s ut\u00e1ni szolg\u00e1ltat\u00e1sunknak k\u00f6sz\u00f6nhet\u0151en j\u00f3 h\u00edrnevet szerezt\u00fcnk. Szeretettel v\u00e1rjuk belf\u00f6ldi \u00e9s k\u00fclf\u00f6ldi \u00fcgyfeleinket, hogy \u00fczleti t\u00e1rgyal\u00e1sok, inform\u00e1ci\u00f3csere \u00e9s egy\u00e9b lehet\u0151s\u00e9gek c\u00e9lj\u00e1b\u00f3l kapcsolatba l\u00e9pjenek vel\u00fcnk.\u00a0<a href=\"https:\/\/www.hydraulic-cylinders.net\/hu\/contact-us\/\">egy\u00fcttm\u0171k\u00f6dni vel\u00fcnk<\/a>!<\/p>\n<p>&nbsp;<\/p>\n<h2><\/h2>","protected":false},"excerpt":{"rendered":"<p>CA Monaural Type Gksk Joint Earring Connector Heavy Rod Hydraulic Cylinder The CA monaural type Gksk Articulated Earring Connector Heavy Rod hydraulic cylinder is a cutting-edge hydraulic element for heavy industrial applications. With its rugged construction, advanced features, and precise functionality, this hydraulic cylinder is designed to provide optimal power, reliability, and performance. Whether you [&hellip;]<\/p>","protected":false},"featured_media":934,"comment_status":"open","ping_status":"closed","template":"","meta":{"_et_pb_use_builder":"","_et_pb_old_content":"","_et_gb_content_width":""},"product_brand":[],"product_cat":[1376,1385],"product_tag":[1380],"class_list":{"0":"post-931","1":"product","2":"type-product","3":"status-publish","4":"has-post-thumbnail","6":"product_cat-hydraulic-cylinder","7":"product_cat-heavy-rod-hydraulic-cylinder","8":"product_tag-hydraulic-cylinder","10":"first","11":"instock","12":"shipping-taxable","13":"product-type-simple"},"amp_enabled":true,"_links":{"self":[{"href":"https:\/\/www.hydraulic-cylinders.net\/hu\/wp-json\/wp\/v2\/product\/931","targetHints":{"allow":["GET"]}}],"collection":[{"href":"https:\/\/www.hydraulic-cylinders.net\/hu\/wp-json\/wp\/v2\/product"}],"about":[{"href":"https:\/\/www.hydraulic-cylinders.net\/hu\/wp-json\/wp\/v2\/types\/product"}],"replies":[{"embeddable":true,"href":"https:\/\/www.hydraulic-cylinders.net\/hu\/wp-json\/wp\/v2\/comments?post=931"}],"wp:featuredmedia":[{"embeddable":true,"href":"https:\/\/www.hydraulic-cylinders.net\/hu\/wp-json\/wp\/v2\/media\/934"}],"wp:attachment":[{"href":"https:\/\/www.hydraulic-cylinders.net\/hu\/wp-json\/wp\/v2\/media?parent=931"}],"wp:term":[{"taxonomy":"product_brand","embeddable":true,"href":"https:\/\/www.hydraulic-cylinders.net\/hu\/wp-json\/wp\/v2\/product_brand?post=931"},{"taxonomy":"product_cat","embeddable":true,"href":"https:\/\/www.hydraulic-cylinders.net\/hu\/wp-json\/wp\/v2\/product_cat?post=931"},{"taxonomy":"product_tag","embeddable":true,"href":"https:\/\/www.hydraulic-cylinders.net\/hu\/wp-json\/wp\/v2\/product_tag?post=931"}],"curies":[{"name":"munkaf\u00fczet","href":"https:\/\/api.w.org\/{rel}","templated":true}]}}