{"id":937,"date":"2023-09-04T05:59:10","date_gmt":"2023-09-04T05:59:10","guid":{"rendered":"https:\/\/hydraulic-cylinders.net\/?post_type=product&#038;p=937"},"modified":"2023-09-19T01:25:09","modified_gmt":"2023-09-19T01:25:09","slug":"ca-monaural-type-y-connector-heavy-rod-hydraulic-cylinder","status":"publish","type":"product","link":"https:\/\/www.hydraulic-cylinders.net\/hu\/termek\/ca-monaural-type-y-connector-heavy-rod-hydraulic-cylinder\/","title":{"rendered":"CA monaur\u00e1lis Y t\u00edpus\u00fa csatlakoz\u00f3 Neh\u00e9z r\u00fad hidraulikus henger"},"content":{"rendered":"<h1 style=\"text-align: center;\"><strong>CA monaur\u00e1lis Y t\u00edpus\u00fa csatlakoz\u00f3 Neh\u00e9z r\u00fad hidraulikus henger<\/strong><\/h1>\n<p>A CA monaural t\u00edpus\u00fa Y csatlakoz\u00f3s neh\u00e9zrudas hidraulikus hengerek elengedhetetlenek k\u00fcl\u00f6nf\u00e9le ipari alkalmaz\u00e1sokhoz. Ez a hidraulikus henger megb\u00edzhat\u00f3 \u00e9s prec\u00edz teljes\u00edtm\u00e9nyt ny\u00fajt robusztus konstrukci\u00f3j\u00e1val, sokoldal\u00fa Y csatlakoz\u00f3 kialak\u00edt\u00e1s\u00e1val \u00e9s nagy teherb\u00edr\u00e1s\u00fa funkcionalit\u00e1s\u00e1val. Ak\u00e1r neh\u00e9z terhet kell emelnie, tolnia vagy h\u00faznia, a CA monaural t\u00edpus\u00fa Y csatlakoz\u00f3s neh\u00e9zrudas hidraulikus henger a legjobb teljes\u00edtm\u00e9nyt \u00e9s hat\u00e9konys\u00e1got biztos\u00edtja.<\/p>\n<p>A neh\u00e9z r\u00fad hidraulikus henger alapvet\u0151 jellemz\u0151i:<\/p>\n<p><strong>Robusztus konstrukci\u00f3:<\/strong> Ez a hidraulikus henger robusztus konstrukci\u00f3val rendelkezik, kiv\u00e1l\u00f3 min\u0151s\u00e9g\u0171 anyagokb\u00f3l, ami tart\u00f3ss\u00e1got \u00e9s hossz\u00fa \u00e9lettartamot biztos\u00edt. Massz\u00edv kialak\u00edt\u00e1s\u00e1nak k\u00f6sz\u00f6nhet\u0151en ellen\u00e1ll a nagy terhel\u00e9seknek, a magas nyom\u00e1snak \u00e9s a zord \u00fczemi k\u00f6r\u00fclm\u00e9nyeknek, \u00edgy ide\u00e1lis v\u00e1laszt\u00e1s ig\u00e9nyes ipari k\u00f6rnyezetekhez.<\/p>\n<p><strong>Mono Y t\u00edpus\u00fa csatlakoz\u00f3:<\/strong> A monaur\u00e1lis Y-csatlakoz\u00f3 kialak\u00edt\u00e1sa fokozott stabilit\u00e1st \u00e9s szab\u00e1lyozott mozg\u00e1st biztos\u00edt. Az Y-csatlakoz\u00f3 konfigur\u00e1ci\u00f3j\u00e1val a henger prec\u00edz pozicion\u00e1l\u00e1st \u00e9s sima m\u0171k\u00f6d\u00e9st biztos\u00edt, minimaliz\u00e1lva a haszn\u00e1lat k\u00f6zbeni elmozdul\u00e1s vagy elhajl\u00e1s kock\u00e1zat\u00e1t.<\/p>\n<p><strong>Neh\u00e9z r\u00fad:<\/strong>\u00a0 A CA monaur\u00e1lis Y csatlakoz\u00f3s hidraulikus henger neh\u00e9z r\u00fadkialak\u00edt\u00e1sa nagy er\u0151kifejt\u00e9st tesz lehet\u0151v\u00e9. Ez a tulajdons\u00e1g alkalmass\u00e1 teszi olyan alkalmaz\u00e1sokhoz, amelyek neh\u00e9z terhek gyors \u00e9s pontos emel\u00e9s\u00e9t, tol\u00e1s\u00e1t vagy h\u00faz\u00e1s\u00e1t ig\u00e9nylik.<\/p>\n<p><img loading=\"lazy\" decoding=\"async\" class=\"size-full wp-image-940 aligncenter\" src=\"https:\/\/hydraulic-cylinders.net\/wp-content\/uploads\/2023\/09\/ca-monaural-type-y-connector-heavy-rod-hydraulic-cylinder-2.webp\" alt=\"\" width=\"295\" height=\"295\" srcset=\"https:\/\/www.hydraulic-cylinders.net\/wp-content\/uploads\/2023\/09\/ca-monaural-type-y-connector-heavy-rod-hydraulic-cylinder-2.webp 295w, https:\/\/www.hydraulic-cylinders.net\/wp-content\/uploads\/2023\/09\/ca-monaural-type-y-connector-heavy-rod-hydraulic-cylinder-2-100x100.webp 100w, https:\/\/www.hydraulic-cylinders.net\/wp-content\/uploads\/2023\/09\/ca-monaural-type-y-connector-heavy-rod-hydraulic-cylinder-2-150x150.webp 150w, https:\/\/www.hydraulic-cylinders.net\/wp-content\/uploads\/2023\/09\/ca-monaural-type-y-connector-heavy-rod-hydraulic-cylinder-2-12x12.webp 12w\" sizes=\"(max-width: 295px) 100vw, 295px\" \/><\/p>\n<h2><strong>CA Monaural Type Y csatlakoz\u00f3 neh\u00e9z r\u00fad hidraulikus henger param\u00e9ter:<\/strong><\/h2>\n<p><img loading=\"lazy\" decoding=\"async\" class=\"alignnone wp-image-941 size-full\" src=\"https:\/\/hydraulic-cylinders.net\/wp-content\/uploads\/2023\/09\/ca-monaural-type-y-connector-heavy-rod-hydraulic-cylinder-1.webp\" alt=\"\" width=\"790\" height=\"437\" srcset=\"https:\/\/hydraulic-cylinders.net\/wp-content\/uploads\/2023\/09\/ca-monaural-type-y-connector-heavy-rod-hydraulic-cylinder-1.webp 790w, https:\/\/hydraulic-cylinders.net\/wp-content\/uploads\/2023\/09\/ca-monaural-type-y-connector-heavy-rod-hydraulic-cylinder-1-480x266.webp 480w\" sizes=\"(min-width: 0px) and (max-width: 480px) 480px, (min-width: 481px) 790px, 100vw\" \/><\/p>\n<h2><strong>A CA Monaural Type Y csatlakoz\u00f3 neh\u00e9z r\u00fad hidraulikus henger\u00e9nek haszn\u00e1lati m\u00f3dja<\/strong><strong>:<\/strong><\/h2>\n<p><strong>Felszerel\u00e9s:<\/strong> Kezdje a CA Monaural Type Y csatlakoz\u00f3s neh\u00e9zr\u00fad-hidraulikus henger biztons\u00e1gos r\u00f6gz\u00edt\u00e9s\u00e9vel megfelel\u0151 konzolok vagy r\u00f6gz\u00edt\u0151elemek seg\u00edts\u00e9g\u00e9vel. A telep\u00edt\u00e9s sor\u00e1n gondoskodjon a megfelel\u0151 be\u00e1ll\u00edt\u00e1sr\u00f3l \u00e9s stabilit\u00e1sr\u00f3l, hogy elker\u00fclje a hengerre nehezed\u0151 hib\u00e1s be\u00e1ll\u00edt\u00e1st vagy t\u00falzott terhel\u00e9st.<\/p>\n<p><strong>Hidraulikus rendszer integr\u00e1l\u00e1sa:<\/strong> Csatlakoztassa a hidraulikavezet\u00e9keket a henger Y-csatlakoz\u00f3j\u00e1hoz a gy\u00e1rt\u00f3 utas\u00edt\u00e1sainak \u00e9s ir\u00e1nyelveinek megfelel\u0151en. Integr\u00e1lja a hengert a hidraulikus rendszerbe egy megfelel\u0151 szivatty\u00fahoz vagy t\u00e1pegys\u00e9ghez val\u00f3 csatlakoztat\u00e1ssal. Gy\u0151z\u0151dj\u00f6n meg a henger specifik\u00e1ci\u00f3ival \u00e9s \u00fczemeltet\u00e9si k\u00f6vetelm\u00e9nyeivel val\u00f3 kompatibilit\u00e1sr\u00f3l.<\/p>\n<p><strong>Vez\u00e9rl\u00e9s \u00e9s m\u0171k\u00f6d\u00e9s:<\/strong> A hidraulikus rendszer vez\u00e9rl\u0151szelepeit haszn\u00e1lja a hidraulikafolyad\u00e9k hengerbe \u00e9s hengerb\u0151l t\u00f6rt\u00e9n\u0151 ki\u00e1raml\u00e1s\u00e1nak szab\u00e1lyoz\u00e1s\u00e1ra. \u00c1ll\u00edtsa be a vez\u00e9rl\u00e9si be\u00e1ll\u00edt\u00e1sokat a k\u00edv\u00e1nt line\u00e1ris mozg\u00e1s \u00e9s er\u0151teljes\u00edtm\u00e9ny el\u00e9r\u00e9s\u00e9hez. Ellen\u0151rizze a henger mozg\u00e1s\u00e1t a m\u0171k\u00f6d\u00e9s \u00e9s a reag\u00e1l\u00f3k\u00e9pess\u00e9g ellen\u0151rz\u00e9se \u00e9rdek\u00e9ben.<\/p>\n<h2><strong>CA Monaural Type Y csatlakoz\u00f3 neh\u00e9z r\u00fad hidraulikus henger karbantart\u00e1sa<\/strong><strong>:<\/strong><\/h2>\n<p>A CA monaur\u00e1lis Y t\u00edpus\u00fa csatlakoz\u00f3s neh\u00e9zrudas hidraulikus henger optim\u00e1lis teljes\u00edtm\u00e9ny\u00e9nek \u00e9s hossz\u00fa \u00e9lettartam\u00e1nak biztos\u00edt\u00e1s\u00e1hoz elengedhetetlen a rendszeres karbantart\u00e1s. K\u00f6vesse az al\u00e1bbi karbantart\u00e1si ir\u00e1nyelveket:<\/p>\n<p><strong>Rendszeres ellen\u0151rz\u00e9s:<\/strong>\u00a0 V\u00e9gezzen rendszeres ellen\u0151rz\u00e9seket a kop\u00e1s, s\u00e9r\u00fcl\u00e9s vagy sziv\u00e1rg\u00e1s jeleinek azonos\u00edt\u00e1sa \u00e9rdek\u00e9ben. Ellen\u0151rizze a hengerblokkok, \u00f6sszek\u00f6t\u0151rudak, t\u00f6m\u00edt\u00e9sek \u00e9s egy\u00e9b alkatr\u00e9szek rendelleness\u00e9geit. A tov\u00e1bbi s\u00e9r\u00fcl\u00e9sek vagy a m\u0171k\u00f6d\u00e9si hat\u00e9konys\u00e1g cs\u00f6kken\u00e9s\u00e9nek megel\u0151z\u00e9se \u00e9rdek\u00e9ben halad\u00e9ktalanul jav\u00edtsa ki a probl\u00e9m\u00e1kat.<\/p>\n<p><strong>Ken\u00e9s:<\/strong>\u00a0 Vigye fel az aj\u00e1nlott ken\u0151anyagot a henger mozg\u00f3 alkatr\u00e9szeire, bele\u00e9rtve az \u00f6sszek\u00f6t\u0151rudakat \u00e9s a t\u00f6m\u00edt\u00e9seket. A rendszeres ken\u00e9s minimaliz\u00e1lja a s\u00farl\u00f3d\u00e1st, cs\u00f6kkenti a kop\u00e1st \u00e9s biztos\u00edtja a z\u00f6kken\u0151mentes m\u0171k\u00f6d\u00e9st. Haszn\u00e1lja a megfelel\u0151 ken\u0151anyag-t\u00edpust a gy\u00e1rt\u00f3 ken\u00e9si intervallumra vonatkoz\u00f3 ir\u00e1nyelveinek megfelel\u0151en.<\/p>\n<p><strong>T\u00f6m\u00edt\u00e9scsere:<\/strong>\u00a0 Ha a t\u00f6m\u00edt\u00e9sek kop\u00e1s\u00e1t vagy sziv\u00e1rg\u00e1s\u00e1t tapasztalja, cser\u00e9lje ki azokat a gy\u00e1rt\u00f3 \u00e1ltal j\u00f3v\u00e1hagyott eredeti alkatr\u00e9szekre. A s\u00e9r\u00fclt vagy kopott t\u00f6m\u00edt\u00e9sek ronthatj\u00e1k a henger teljes\u00edtm\u00e9ny\u00e9t, \u00e9s hidraulikaolaj-sziv\u00e1rg\u00e1shoz vezethetnek.<\/p>\n<p><strong>Tiszt\u00edt\u00e1s:<\/strong>\u00a0 Tiszt\u00edtsa meg a hengereket a szennyez\u0151d\u00e9sek, t\u00f6rmel\u00e9k \u00e9s egy\u00e9b szennyez\u0151d\u00e9sek elt\u00e1vol\u00edt\u00e1s\u00e1val. \u00d6sszeszerel\u00e9s el\u0151tt haszn\u00e1ljon nem s\u00farol\u00f3szert, \u00e9s gy\u0151z\u0151dj\u00f6n meg arr\u00f3l, hogy minden alkatr\u00e9sz sz\u00e1raz. A rendszeres tiszt\u00edt\u00e1s el\u0151seg\u00edti az optim\u00e1lis teljes\u00edtm\u00e9nyt, \u00e9s megakad\u00e1lyozza a korai kop\u00e1st vagy k\u00e1rosod\u00e1st.<\/p>\n<h2><strong>Hogyan m\u00e9retezz\u00fck a hidraulikus hengert?<\/strong><\/h2>\n<p>A hidraulikus henger m\u00e9retez\u00e9s\u00e9hez meg kell hat\u00e1rozni a henger megfelel\u0151 specifik\u00e1ci\u00f3it \u00e9s m\u00e9reteit, hogy biztos\u00edthat\u00f3 legyen a k\u00edv\u00e1nt feladat hat\u00e9kony elv\u00e9gz\u00e9se. \u00cdme a hidraulikus henger m\u00e9retez\u00e9s\u00e9nek \u00e1ltal\u00e1nos l\u00e9p\u00e9sei:<\/p>\n<ol>\n<li><strong>Hat\u00e1rozza meg a sz\u00fcks\u00e9ges er\u0151t:<\/strong> Kezdje a tervezett feladat mozgat\u00e1s\u00e1hoz vagy v\u00e9grehajt\u00e1s\u00e1hoz sz\u00fcks\u00e9ges er\u0151 kisz\u00e1m\u00edt\u00e1s\u00e1val. Vegye figyelembe olyan t\u00e9nyez\u0151ket, mint a teher s\u00falya, a sz\u00fcks\u00e9ges gyorsul\u00e1s vagy sebess\u00e9g, valamint a rendszerre hat\u00f3 tov\u00e1bbi er\u0151k. Ez az er\u0151ig\u00e9ny seg\u00edt meghat\u00e1rozni a hidraulikus henger minim\u00e1lis er\u0151kapacit\u00e1s\u00e1t.<\/li>\n<li><strong>Az \u00fczemi nyom\u00e1s \u00e9rt\u00e9kel\u00e9se:<\/strong> Hat\u00e1rozza meg annak a hidraulikus rendszernek a maxim\u00e1lis \u00fczemi nyom\u00e1s\u00e1t, amelyben a henger m\u0171k\u00f6dni fog. Az \u00fczemi nyom\u00e1snak elegend\u0151nek kell lennie az el\u0151z\u0151 l\u00e9p\u00e9sben kisz\u00e1m\u00edtott sz\u00fcks\u00e9ges er\u0151 l\u00e9trehoz\u00e1s\u00e1hoz. Gy\u0151z\u0151dj\u00f6n meg arr\u00f3l, hogy a hidraulikus rendszer, bele\u00e9rtve a szivatty\u00fat, a szelepeket \u00e9s a t\u00f6ml\u0151ket, k\u00e9pes kezelni a v\u00e1rhat\u00f3 nyom\u00e1st.<\/li>\n<li><strong>Sz\u00e1m\u00edtsa ki a henger furat\u00e1tm\u00e9r\u0151j\u00e9t:<\/strong> A henger furatm\u00e9rete kritikus t\u00e9nyez\u0151 az er\u0151kapacit\u00e1s\u00e1nak meghat\u00e1roz\u00e1s\u00e1ban. Haszn\u00e1lja a k\u00f6vetkez\u0151 k\u00e9pletet: Er\u0151 (F) = Nyom\u00e1s (P) x Ter\u00fclet (A), ahol az er\u0151 fontban vagy newtonban, a nyom\u00e1s font per n\u00e9gyzeth\u00fcvelykben (psi) vagy pascalban (Pa), a ter\u00fclet pedig n\u00e9gyzeth\u00fcvelykben vagy n\u00e9gyzetm\u00e9terben van megadva. Rendezze \u00e1t a k\u00e9pletet a sz\u00fcks\u00e9ges hengerfuratm\u00e9ret kisz\u00e1m\u00edt\u00e1s\u00e1hoz: Furatm\u00e9ret = \u221a(Er\u0151 \/ (Nyom\u00e1s x \u03c0)).<\/li>\n<li><strong>Vegye figyelembe a l\u00f6ket hossz\u00e1t:<\/strong> Hat\u00e1rozza meg a sz\u00fcks\u00e9ges l\u00f6kethosszt, azt a maxim\u00e1lis t\u00e1vols\u00e1got, amelyet a hengernek ki kell ny\u00falnia vagy vissza kell h\u00faz\u00f3dnia a k\u00edv\u00e1nt funkci\u00f3 bet\u00f6lt\u00e9s\u00e9hez. Gy\u0151z\u0151dj\u00f6n meg arr\u00f3l, hogy a kiv\u00e1lasztott henger l\u00f6kethossza lehet\u0151v\u00e9 teszi a k\u00edv\u00e1nt mozg\u00e1st.<\/li>\n<li><strong>Biztons\u00e1gi t\u00e9nyez\u0151k figyelembev\u00e9tele:<\/strong> Fontolja meg egy biztons\u00e1gi t\u00e9nyez\u0151 hozz\u00e1ad\u00e1s\u00e1t a sz\u00e1m\u00edtott er\u0151k\u00f6vetelm\u00e9nyhez, hogy biztos\u00edtsa a henger v\u00e1ratlan terhel\u00e9sek vagy az \u00fczemi k\u00f6r\u00fclm\u00e9nyek v\u00e1ltoz\u00e1sainak kezel\u00e9s\u00e9t. A standard biztons\u00e1gi t\u00e9nyez\u0151 a becs\u00fclt er\u0151 1,5-2-szerese.<\/li>\n<li><strong>Ellen\u0151rizze a sebess\u00e9get \u00e9s a folyad\u00e9k\u00e1raml\u00e1st:<\/strong> Vegye figyelembe a henger k\u00edv\u00e1nt mozg\u00e1si sebess\u00e9g\u00e9t, \u00e9s gy\u0151z\u0151dj\u00f6n meg arr\u00f3l, hogy a hidraulikus rendszer k\u00e9pes biztos\u00edtani a sz\u00fcks\u00e9ges folyad\u00e9k\u00e1raml\u00e1si sebess\u00e9get az adott sebess\u00e9g el\u00e9r\u00e9s\u00e9hez. Ker\u00fclje a t\u00falzott sebess\u00e9get, amely vesz\u00e9lyeztetheti a biztons\u00e1got vagy a rendszer instabilit\u00e1s\u00e1t okozhatja.<\/li>\n<li><strong>Tekintse meg a gy\u00e1rt\u00f3 adatait \u00e9s ir\u00e1nyelveit:<\/strong> Az egyes hengermodellekhez kapcsol\u00f3d\u00f3an tekintse meg a gy\u00e1rt\u00f3k katal\u00f3gusait, m\u0171szaki adatlapjait \u00e9s \u00fatmutat\u00f3it. A gy\u00e1rt\u00f3k gyakran m\u00e9rett\u00e1bl\u00e1zatokat, teljes\u00edtm\u00e9nyadatokat \u00e9s kiv\u00e1laszt\u00e1si \u00fatmutat\u00f3kat biztos\u00edtanak, amelyek seg\u00edtenek az alkalmaz\u00e1snak megfelel\u0151 henger kiv\u00e1laszt\u00e1s\u00e1ban.<\/li>\n<\/ol>\n<h2><strong>A gy\u00e1r kapacit\u00e1sa \u00e9s kapacit\u00e1sa:<\/strong><\/h2>\n<h3>(1) \u00d6sszeszerel\u00e9s<\/h3>\n<p>Els\u0151 oszt\u00e1ly\u00fa f\u00fcggetlen kutat\u00e1si \u00e9s fejleszt\u00e9si \u00f6sszeszerel\u00e9si platformmal rendelkez\u00fcnk. A hidraulikus hengergy\u00e1rt\u00f3 m\u0171hely n\u00e9gy f\u00e9lautomata emel\u0151henger-\u00f6sszeszerel\u0151 sorral \u00e9s egy automata billen\u0151henger-\u00f6sszeszerel\u0151 sorral rendelkezik, tervezett \u00e9ves gy\u00e1rt\u00e1si kapacit\u00e1sa 1 milli\u00f3 darab. A speci\u00e1lis henger m\u0171hely k\u00fcl\u00f6nb\u00f6z\u0151 specifik\u00e1ci\u00f3j\u00fa f\u00e9lautomata tiszt\u00edt\u00f3 \u00f6sszeszerel\u0151 rendszerrel van felszerelve, amelynek tervezett \u00e9ves termel\u00e9si kapacit\u00e1sa 200.000, \u00e9s h\u00edres CNC megmunk\u00e1l\u00f3 berendez\u00e9ssel, megmunk\u00e1l\u00f3 k\u00f6zponttal, nagy pontoss\u00e1g\u00fa hengerfeldolgoz\u00f3 speci\u00e1lis berendez\u00e9ssel, robothegeszt\u0151 g\u00e9ppel, automatikus tiszt\u00edt\u00f3g\u00e9ppel, automatikus henger \u00f6sszeszerel\u0151 g\u00e9ppel \u00e9s automatikus fest\u00e9si gy\u00e1rt\u00f3sorral van felszerelve. A megl\u00e9v\u0151 kritikus berendez\u00e9sek t\u00f6bb mint 300 k\u00e9szlet (k\u00e9szlet). A berendez\u00e9sek er\u0151forr\u00e1sainak optim\u00e1lis eloszt\u00e1sa \u00e9s hat\u00e9kony felhaszn\u00e1l\u00e1sa biztos\u00edtja a term\u00e9kek pontoss\u00e1gi k\u00f6vetelm\u00e9nyeit \u00e9s megfelel a term\u00e9kek min\u0151s\u00e9gi ig\u00e9nyeinek.<\/p>\n<p><img loading=\"lazy\" decoding=\"async\" class=\"alignnone wp-image-626\" src=\"https:\/\/hydraulic-cylinders.net\/wp-content\/uploads\/2023\/08\/hydraulic-cylinder-product-1-300x158.webp\" alt=\"\" width=\"495\" height=\"260\" srcset=\"https:\/\/hydraulic-cylinders.net\/wp-content\/uploads\/2023\/08\/hydraulic-cylinder-product-1-300x158.webp 495w, https:\/\/hydraulic-cylinders.net\/wp-content\/uploads\/2023\/08\/hydraulic-cylinder-product-1-480x252.webp 480w\" sizes=\"(min-width: 0px) and (max-width: 480px) 480px, (min-width: 481px) 495px, 100vw\" \/> <img loading=\"lazy\" decoding=\"async\" class=\"alignnone wp-image-627\" src=\"https:\/\/hydraulic-cylinders.net\/wp-content\/uploads\/2023\/08\/hydraulic-cylinder-product-2-300x189.webp\" alt=\"\" width=\"413\" height=\"260\" \/><\/p>\n<h3>(2) Megmunk\u00e1l\u00e1s<\/h3>\n<p>A megmunk\u00e1l\u00f3m\u0171hely egyedi, ferde s\u00edneszterg\u00e1l\u00f3 k\u00f6zponttal, megmunk\u00e1l\u00f3k\u00f6zponttal, nagysebess\u00e9g\u0171 h\u00f3nol\u00f3g\u00e9ppel, hegeszt\u0151robottal \u00e9s egy\u00e9b kapcsol\u00f3d\u00f3 berendez\u00e9sekkel van felszerelve, amelyek legfeljebb 400 mm bels\u0151 \u00e1tm\u00e9r\u0151j\u0171 \u00e9s legfeljebb 6 m\u00e9ter hossz\u00fa hengercs\u00f6vek megmunk\u00e1l\u00e1s\u00e1ra k\u00e9pesek.<\/p>\n<p><img loading=\"lazy\" decoding=\"async\" class=\"alignnone wp-image-628 size-large\" src=\"https:\/\/hydraulic-cylinders.net\/wp-content\/uploads\/2023\/08\/hydraulic-cylinder-product-3-1024x391.webp\" alt=\"\" width=\"1024\" height=\"391\" srcset=\"https:\/\/hydraulic-cylinders.net\/wp-content\/uploads\/2023\/08\/hydraulic-cylinder-product-3-980x374.webp 980w, https:\/\/hydraulic-cylinders.net\/wp-content\/uploads\/2023\/08\/hydraulic-cylinder-product-3-480x183.webp 480w\" sizes=\"(min-width: 0px) and (max-width: 480px) 480px, (min-width: 481px) and (max-width: 980px) 980px, (min-width: 981px) 1024px, 100vw\" \/><\/p>\n<h3>(3) Hegeszt\u00e9s<\/h3>\n<p><img loading=\"lazy\" decoding=\"async\" class=\"alignnone wp-image-629 size-large\" src=\"https:\/\/hydraulic-cylinders.net\/wp-content\/uploads\/2023\/08\/hydraulic-cylinder-product-4-1024x510.webp\" alt=\"\" width=\"1024\" height=\"510\" srcset=\"https:\/\/hydraulic-cylinders.net\/wp-content\/uploads\/2023\/08\/hydraulic-cylinder-product-4-980x488.webp 980w, https:\/\/hydraulic-cylinders.net\/wp-content\/uploads\/2023\/08\/hydraulic-cylinder-product-4-480x239.webp 480w\" sizes=\"(min-width: 0px) and (max-width: 480px) 480px, (min-width: 481px) and (max-width: 980px) 980px, (min-width: 981px) 1024px, 100vw\" \/><\/p>\n<h3>(4) Fest\u00e9s \u00e9s bevonatol\u00e1s<\/h3>\n<p>Kis \u00e9s k\u00f6zepes m\u00e9ret\u0171 hengeres automatikus v\u00edzb\u00e1zis\u00fa fest\u00e9kbevon\u00f3 sorokkal, az automatikus robot be- \u00e9s kirakod\u00e1s, valamint az automatikus permetez\u00e9s megval\u00f3s\u00edt\u00e1s\u00e1hoz, a tervez\u00e9si kapacit\u00e1s m\u0171szakonk\u00e9nt 4000 darab;<br \/>\nRendelkez\u00fcnk egy f\u00e9lautomata fest\u00e9kgy\u00e1rt\u00f3sorral is nagym\u00e9ret\u0171 palackokhoz, amelyet egy er\u0151\u00e1tviteli l\u00e1nc hajt, m\u0171szakonk\u00e9nt 60 doboz tervez\u00e9si kapacit\u00e1ssal.<\/p>\n<p><img loading=\"lazy\" decoding=\"async\" class=\"alignnone wp-image-630\" src=\"https:\/\/hydraulic-cylinders.net\/wp-content\/uploads\/2023\/08\/hydraulic-cylinder-product-5-300x213.webp\" alt=\"\" width=\"366\" height=\"260\" \/> <img loading=\"lazy\" decoding=\"async\" class=\"alignnone wp-image-631\" src=\"https:\/\/hydraulic-cylinders.net\/wp-content\/uploads\/2023\/08\/hydraulic-cylinder-product-6-300x225.webp\" alt=\"\" width=\"347\" height=\"260\" \/><\/p>\n<h3>(5) Tesztel\u00e9s<\/h3>\n<p>Els\u0151 oszt\u00e1ly\u00fa ellen\u0151rz\u0151 l\u00e9tes\u00edtm\u00e9nyekkel \u00e9s tesztpadokkal rendelkez\u00fcnk annak biztos\u00edt\u00e1s\u00e1ra, hogy a palack teljes\u00edtm\u00e9nye megfeleljen a k\u00f6vetelm\u00e9nyeknek.<\/p>\n<p><img loading=\"lazy\" decoding=\"async\" class=\"alignnone wp-image-632\" src=\"https:\/\/hydraulic-cylinders.net\/wp-content\/uploads\/2023\/08\/hydraulic-cylinder-product-8-300x200.webp\" alt=\"\" width=\"389\" height=\"260\" \/><\/p>\n<p>&nbsp;<\/p>\n<p>&nbsp;<\/p>\n<p>Mi vagyunk az egyik legjobb neh\u00e9zrudas hidraulikus henger gy\u00e1rt\u00f3. Sz\u00e9les v\u00e1laszt\u00e9kban k\u00edn\u00e1lunk neh\u00e9zrudas hidraulikus hengereket. Megfelel\u0151 term\u00e9keket is biztos\u00edtunk. <a href=\"https:\/\/hzpt.com\/agricultural-pto-gearbox\/\" target=\"_blank\" rel=\"noopener\">mez\u0151gazdas\u00e1gi sebess\u00e9gv\u00e1lt\u00f3k<\/a>Term\u00e9keinket vil\u00e1gszerte export\u00e1ltuk \u00fcgyfeleinknek, \u00e9s kiv\u00e1l\u00f3 term\u00e9kmin\u0151s\u00e9g\u00fcnknek \u00e9s \u00e9rt\u00e9kes\u00edt\u00e9s ut\u00e1ni szolg\u00e1ltat\u00e1sunknak k\u00f6sz\u00f6nhet\u0151en j\u00f3 h\u00edrnevet szerezt\u00fcnk. Szeretettel v\u00e1rjuk belf\u00f6ldi \u00e9s k\u00fclf\u00f6ldi \u00fcgyfeleinket, hogy \u00fczleti t\u00e1rgyal\u00e1sok, inform\u00e1ci\u00f3csere \u00e9s egy\u00e9b lehet\u0151s\u00e9gek c\u00e9lj\u00e1b\u00f3l kapcsolatba l\u00e9pjenek vel\u00fcnk.\u00a0<a href=\"https:\/\/www.hydraulic-cylinders.net\/hu\/contact-us\/\">egy\u00fcttm\u0171k\u00f6dni vel\u00fcnk<\/a>!<\/p>\n<p>&nbsp;<\/p>\n<h2><\/h2>","protected":false},"excerpt":{"rendered":"<p>CA Monaural Type Y Connector Heavy Rod Hydraulic Cylinder CA monaural type Y connector heavy rod hydraulic cylinders are essential for various industrial applications. This hydraulic cylinder delivers reliable and precise performance with its rugged construction, versatile Y-connector design, and heavy-duty functionality. Whether you need to lift, push, or pull a heavy load, the CA [&hellip;]<\/p>","protected":false},"featured_media":942,"comment_status":"open","ping_status":"closed","template":"","meta":{"_et_pb_use_builder":"","_et_pb_old_content":"","_et_gb_content_width":""},"product_brand":[],"product_cat":[1376,1385],"product_tag":[1380],"class_list":{"0":"post-937","1":"product","2":"type-product","3":"status-publish","4":"has-post-thumbnail","6":"product_cat-hydraulic-cylinder","7":"product_cat-heavy-rod-hydraulic-cylinder","8":"product_tag-hydraulic-cylinder","10":"first","11":"instock","12":"shipping-taxable","13":"product-type-simple"},"amp_enabled":true,"_links":{"self":[{"href":"https:\/\/www.hydraulic-cylinders.net\/hu\/wp-json\/wp\/v2\/product\/937","targetHints":{"allow":["GET"]}}],"collection":[{"href":"https:\/\/www.hydraulic-cylinders.net\/hu\/wp-json\/wp\/v2\/product"}],"about":[{"href":"https:\/\/www.hydraulic-cylinders.net\/hu\/wp-json\/wp\/v2\/types\/product"}],"replies":[{"embeddable":true,"href":"https:\/\/www.hydraulic-cylinders.net\/hu\/wp-json\/wp\/v2\/comments?post=937"}],"wp:featuredmedia":[{"embeddable":true,"href":"https:\/\/www.hydraulic-cylinders.net\/hu\/wp-json\/wp\/v2\/media\/942"}],"wp:attachment":[{"href":"https:\/\/www.hydraulic-cylinders.net\/hu\/wp-json\/wp\/v2\/media?parent=937"}],"wp:term":[{"taxonomy":"product_brand","embeddable":true,"href":"https:\/\/www.hydraulic-cylinders.net\/hu\/wp-json\/wp\/v2\/product_brand?post=937"},{"taxonomy":"product_cat","embeddable":true,"href":"https:\/\/www.hydraulic-cylinders.net\/hu\/wp-json\/wp\/v2\/product_cat?post=937"},{"taxonomy":"product_tag","embeddable":true,"href":"https:\/\/www.hydraulic-cylinders.net\/hu\/wp-json\/wp\/v2\/product_tag?post=937"}],"curies":[{"name":"munkaf\u00fczet","href":"https:\/\/api.w.org\/{rel}","templated":true}]}}