{"id":948,"date":"2023-09-04T06:47:46","date_gmt":"2023-09-04T06:47:46","guid":{"rendered":"https:\/\/hydraulic-cylinders.net\/?post_type=product&#038;p=948"},"modified":"2023-09-19T01:23:54","modified_gmt":"2023-09-19T01:23:54","slug":"fa-double-shaft-front-flange-type-heavy-rod-hydraulic-cylinder","status":"publish","type":"product","link":"https:\/\/www.hydraulic-cylinders.net\/hu\/termek\/fa-double-shaft-front-flange-type-heavy-rod-hydraulic-cylinder\/","title":{"rendered":"FA kett\u0151s tengely\u0171 el\u00fcls\u0151 karim\u00e1s t\u00edpus\u00fa neh\u00e9z r\u00fad hidraulikus henger"},"content":{"rendered":"<h1 style=\"text-align: center;\"><strong>FA kett\u0151s tengely\u0171 el\u00fcls\u0151 karim\u00e1s t\u00edpus\u00fa neh\u00e9z r\u00fad hidraulikus henger<\/strong><\/h1>\n<p>Az FA k\u00e9ttengelyes, el\u00fcls\u0151 peremes, neh\u00e9zrudas hidraulikus henger egy robusztus, nagy teljes\u00edtm\u00e9ny\u0171 hidraulikus elem, amelyet az ig\u00e9nyes ipari alkalmaz\u00e1sok gyors kezel\u00e9s\u00e9re terveztek. Tart\u00f3s konstrukci\u00f3j\u00e1val, k\u00e9ttengelyes kialak\u00edt\u00e1s\u00e1val \u00e9s el\u00fcls\u0151 peremes konfigur\u00e1ci\u00f3j\u00e1val ez a hidraulikus henger kiv\u00e9teles teljes\u00edtm\u00e9nyt, pontoss\u00e1got \u00e9s megb\u00edzhat\u00f3s\u00e1got k\u00edn\u00e1l. Ak\u00e1r neh\u00e9z terheket kell emelnie, tolnia vagy h\u00faznia, az FA k\u00e9ttengelyes, el\u00fcls\u0151 peremes, neh\u00e9zrudas hidraulikus henger kih\u00edv\u00e1st jelent\u0151 k\u00f6r\u00fclm\u00e9nyek k\u00f6z\u00f6tt is teljes\u00edt, \u00edgy n\u00e9lk\u00fcl\u00f6zhetetlen eszk\u00f6z minden ipar\u00e1gban.<\/p>\n<p>A neh\u00e9z r\u00fad hidraulikus henger alapvet\u0151 jellemz\u0151i:<\/p>\n<p><strong>Robusztus konstrukci\u00f3: <\/strong>Ez a hidraulikus henger a kiv\u00e1l\u00f3 min\u0151s\u00e9g\u0171 anyagokb\u00f3l k\u00e9sz\u00fclt robusztus konstrukci\u00f3j\u00e1nak k\u00f6sz\u00f6nhet\u0151en extr\u00e9m k\u00f6r\u00fclm\u00e9nyeket is elvisel. Robusztus kialak\u00edt\u00e1sa biztos\u00edtja az \u00e9lettartamot, a megb\u00edzhat\u00f3s\u00e1got \u00e9s a kop\u00e1s\u00e1ll\u00f3s\u00e1got, lehet\u0151v\u00e9 t\u00e9ve a neh\u00e9z terhek, a nagy nyom\u00e1s \u00e9s a zord munkak\u00f6rnyezet kezel\u00e9s\u00e9t.<\/p>\n<p><strong>Dupla tengelyes kialak\u00edt\u00e1s:<\/strong>\u00a0 A henger k\u00e9ttengelyes konfigur\u00e1ci\u00f3ja fokozott stabilit\u00e1st, szab\u00e1lyozott mozg\u00e1st \u00e9s prec\u00edz pozicion\u00e1l\u00e1st biztos\u00edt. A henger mindk\u00e9t v\u00e9g\u00e9n tengelyek tal\u00e1lhat\u00f3k, amelyek lehet\u0151v\u00e9 teszik az egyidej\u0171 tol\u00f3- \u00e9s h\u00faz\u00f3hat\u00e1st, \u00edgy ide\u00e1lis a k\u00e9tir\u00e1ny\u00fa er\u0151ket ig\u00e9nyl\u0151 alkalmaz\u00e1sokhoz.<\/p>\n<p><strong>Els\u0151 karima konfigur\u00e1ci\u00f3:<\/strong> Az FA dupla tengelyes, el\u00fcls\u0151 peremes, neh\u00e9zrudas hidraulikus munkahenger el\u00fcls\u0151 peremes kialak\u00edt\u00e1sa egyszer\u0171 \u00e9s k\u00e9nyelmes telep\u00edt\u00e9si lehet\u0151s\u00e9get biztos\u00edt. A karim\u00e1k k\u00f6zvetlen\u00fcl a berendez\u00e9shez vagy g\u00e9phez r\u00f6gz\u00edthet\u0151k, ami leegyszer\u0171s\u00edti a telep\u00edt\u00e9st \u00e9s biztos\u00edtja a megfelel\u0151 be\u00e1ll\u00edt\u00e1st.<\/p>\n<p><img loading=\"lazy\" decoding=\"async\" class=\"size-medium wp-image-952 aligncenter\" src=\"https:\/\/hydraulic-cylinders.net\/wp-content\/uploads\/2023\/09\/fa-double-shaft-front-flange-type-heavy-rod-hydraulic-cylinder-2-1-300x300.webp\" alt=\"\" width=\"300\" height=\"300\" srcset=\"https:\/\/www.hydraulic-cylinders.net\/wp-content\/uploads\/2023\/09\/fa-double-shaft-front-flange-type-heavy-rod-hydraulic-cylinder-2-1-300x300.webp 300w, https:\/\/www.hydraulic-cylinders.net\/wp-content\/uploads\/2023\/09\/fa-double-shaft-front-flange-type-heavy-rod-hydraulic-cylinder-2-1-100x100.webp 100w, https:\/\/www.hydraulic-cylinders.net\/wp-content\/uploads\/2023\/09\/fa-double-shaft-front-flange-type-heavy-rod-hydraulic-cylinder-2-1-150x150.webp 150w, https:\/\/www.hydraulic-cylinders.net\/wp-content\/uploads\/2023\/09\/fa-double-shaft-front-flange-type-heavy-rod-hydraulic-cylinder-2-1-12x12.webp 12w, https:\/\/www.hydraulic-cylinders.net\/wp-content\/uploads\/2023\/09\/fa-double-shaft-front-flange-type-heavy-rod-hydraulic-cylinder-2-1.webp 302w\" sizes=\"(max-width: 300px) 100vw, 300px\" \/><\/p>\n<h2><strong>FA dupla tengelyes els\u0151 peremes t\u00edpus\u00fa neh\u00e9z r\u00fad hidraulikus henger param\u00e9ter:<\/strong><\/h2>\n<p><img loading=\"lazy\" decoding=\"async\" class=\"alignnone wp-image-950 size-full\" src=\"https:\/\/hydraulic-cylinders.net\/wp-content\/uploads\/2023\/09\/fa-double-shaft-front-flange-type-heavy-rod-hydraulic-cylinder-1.webp\" alt=\"\" width=\"790\" height=\"568\" srcset=\"https:\/\/hydraulic-cylinders.net\/wp-content\/uploads\/2023\/09\/fa-double-shaft-front-flange-type-heavy-rod-hydraulic-cylinder-1.webp 790w, https:\/\/hydraulic-cylinders.net\/wp-content\/uploads\/2023\/09\/fa-double-shaft-front-flange-type-heavy-rod-hydraulic-cylinder-1-480x345.webp 480w\" sizes=\"(min-width: 0px) and (max-width: 480px) 480px, (min-width: 481px) 790px, 100vw\" \/><\/p>\n<h2><strong>FA kett\u0151s tengely\u0171 el\u00fcls\u0151 karim\u00e1s t\u00edpus\u00fa neh\u00e9z r\u00fad hidraulikus henger <\/strong><strong>Felhaszn\u00e1l\u00e1si m\u00f3dszer<\/strong><strong>:<\/strong><\/h2>\n<p><strong>Felszerel\u00e9s:<\/strong>\u00a0 El\u0151sz\u00f6r biztons\u00e1gosan szerelje fel az FA dupla tengelyes, el\u00fcls\u0151 peremes, neh\u00e9zrudas hidraulikus hengert a megfelel\u0151 konzol vagy szerelv\u00e9ny seg\u00edts\u00e9g\u00e9vel. A telep\u00edt\u00e9s sor\u00e1n \u00fcgyeljen a megfelel\u0151 be\u00e1ll\u00edt\u00e1sra \u00e9s stabilit\u00e1sra, hogy elker\u00fclje a henger eltol\u00f3d\u00e1s\u00e1t vagy t\u00falzott ig\u00e9nybev\u00e9tel\u00e9t.<\/p>\n<p><strong>Hidraulikus rendszer integr\u00e1l\u00e1sa:<\/strong>\u00a0 Csatlakoztassa a hidraulikavezet\u00e9ket a hengerhez a gy\u00e1rt\u00f3 utas\u00edt\u00e1sainak \u00e9s ir\u00e1nyelveinek megfelel\u0151en. A hengert egy megfelel\u0151 szivatty\u00fahoz vagy t\u00e1pegys\u00e9ghez csatlakoztatva integr\u00e1lhatja a hidraulikus rendszerbe. Gy\u0151z\u0151dj\u00f6n meg arr\u00f3l, hogy a henger specifik\u00e1ci\u00f3i \u00e9s \u00fczemeltet\u00e9si k\u00f6vetelm\u00e9nyei teljes\u00fclnek.<\/p>\n<p><strong>Vez\u00e9rl\u00e9s \u00e9s m\u0171k\u00f6d\u00e9s:<\/strong>\u00a0 A hidraulikus rendszerben tal\u00e1lhat\u00f3 vez\u00e9rl\u0151szelep szab\u00e1lyozza a hidraulikaolaj \u00e1raml\u00e1s\u00e1t a hengerbe \u00e9s a hengerb\u0151l. \u00c1ll\u00edtsa be a vez\u00e9rl\u00e9s be\u00e1ll\u00edt\u00e1sait a k\u00edv\u00e1nt line\u00e1ris mozg\u00e1s \u00e9s er\u0151teljes\u00edtm\u00e9ny el\u00e9r\u00e9s\u00e9hez. Ellen\u0151rizze a henger mozg\u00e1s\u00e1t a m\u0171k\u00f6d\u00e9s\u00e9nek \u00e9s reag\u00e1l\u00f3k\u00e9pess\u00e9g\u00e9nek ellen\u0151rz\u00e9s\u00e9hez.<\/p>\n<h2><strong>FA kett\u0151s tengely\u0171 el\u00fcls\u0151 karim\u00e1s t\u00edpus\u00fa neh\u00e9z r\u00fad hidraulikus henger <\/strong><strong>Karbantart\u00e1s<\/strong><strong>:<\/strong><\/h2>\n<p>A rendszeres karbantart\u00e1s elengedhetetlen az FA dupla tengelyes, el\u00fcls\u0151 peremes t\u00edpus\u00fa neh\u00e9zrudas hidraulikus henger optim\u00e1lis teljes\u00edtm\u00e9ny\u00e9nek \u00e9s hossz\u00fa \u00e9lettartam\u00e1nak biztos\u00edt\u00e1s\u00e1hoz. K\u00f6vesse az al\u00e1bbi karbantart\u00e1si ir\u00e1nyelveket:<\/p>\n<p><strong>Rendszeres ellen\u0151rz\u00e9s:<\/strong>\u00a0 V\u00e9gezzen rendszeres ellen\u0151rz\u00e9seket a kop\u00e1s, s\u00e9r\u00fcl\u00e9s vagy sziv\u00e1rg\u00e1s jeleinek azonos\u00edt\u00e1sa \u00e9rdek\u00e9ben. Ellen\u0151rizze a hengerblokkokat, tengelyeket, t\u00f6m\u00edt\u00e9seket \u00e9s egy\u00e9b alkatr\u00e9szeket rendelleness\u00e9gek szempontj\u00e1b\u00f3l. A tov\u00e1bbi s\u00e9r\u00fcl\u00e9sek vagy a m\u0171k\u00f6d\u00e9si hat\u00e9konys\u00e1g cs\u00f6kken\u00e9s\u00e9nek megel\u0151z\u00e9se \u00e9rdek\u00e9ben halad\u00e9ktalanul jav\u00edtsa ki a probl\u00e9m\u00e1kat.<\/p>\n<p><strong>Ken\u00e9s:<\/strong> Vigye fel az aj\u00e1nlott ken\u0151anyagot a henger mozg\u00f3 alkatr\u00e9szeire, bele\u00e9rtve a tengelyeket \u00e9s a t\u00f6m\u00edt\u00e9seket is. A rendszeres ken\u00e9s minimaliz\u00e1lja a s\u00farl\u00f3d\u00e1st, cs\u00f6kkenti a kop\u00e1st \u00e9s biztos\u00edtja a z\u00f6kken\u0151mentes m\u0171k\u00f6d\u00e9st. K\u00f6vesse a gy\u00e1rt\u00f3 ken\u00e9si id\u0151k\u00f6z\u00f6kre vonatkoz\u00f3 \u00fatmutat\u00e1sait, \u00e9s haszn\u00e1lja a megfelel\u0151 ken\u0151anyag-t\u00edpust.<\/p>\n<p><strong>T\u00f6m\u00edt\u00e9scsere:<\/strong>\u00a0 Ha a t\u00f6m\u00edt\u00e9sek kop\u00e1s\u00e1t vagy sziv\u00e1rg\u00e1s\u00e1t tapasztalja, cser\u00e9lje ki azokat a gy\u00e1rt\u00f3 \u00e1ltal j\u00f3v\u00e1hagyott eredeti alkatr\u00e9szekre. A s\u00e9r\u00fclt vagy kopott t\u00f6m\u00edt\u00e9sek ronthatj\u00e1k a henger teljes\u00edtm\u00e9ny\u00e9t, \u00e9s hidraulikaolaj-sziv\u00e1rg\u00e1shoz vezethetnek.<\/p>\n<p><strong>Tiszt\u00edt\u00e1s:<\/strong>\u00a0 Tiszt\u00edtsa meg a hengereket a szennyez\u0151d\u00e9sek, t\u00f6rmel\u00e9k \u00e9s egy\u00e9b szennyez\u0151d\u00e9sek elt\u00e1vol\u00edt\u00e1s\u00e1val. \u00d6sszeszerel\u00e9s el\u0151tt haszn\u00e1ljon nem s\u00farol\u00f3szert, \u00e9s gy\u0151z\u0151dj\u00f6n meg arr\u00f3l, hogy minden alkatr\u00e9sz teljesen sz\u00e1raz. A rendszeres tiszt\u00edt\u00e1s el\u0151seg\u00edti az optim\u00e1lis teljes\u00edtm\u00e9nyt, \u00e9s megakad\u00e1lyozza a korai kop\u00e1st vagy k\u00e1rosod\u00e1st.<\/p>\n<h2><strong>Hogyan lehet elt\u00e1vol\u00edtani a hidraulikus hengert a sz\u00e9kr\u0151l?<\/strong><\/h2>\n<p>A hidraulikus henger sz\u00e9kb\u0151l val\u00f3 elt\u00e1vol\u00edt\u00e1s\u00e1hoz k\u00f6vesse az al\u00e1bbi l\u00e9p\u00e9seket:<\/p>\n<ol>\n<li><strong>Biztons\u00e1gi \u00f3vint\u00e9zked\u00e9sek:<\/strong> Kezd\u00e9s el\u0151tt gy\u0151z\u0151dj\u00f6n meg arr\u00f3l, hogy a sz\u00e9k stabil fel\u00fcleten \u00e1ll, \u00e9s nem borul fel. Viseljen megfelel\u0151 szem\u00e9lyi v\u00e9d\u0151felszerel\u00e9st (PPE), p\u00e9ld\u00e1ul keszty\u0171t \u00e9s v\u00e9d\u0151szem\u00fcveget.<\/li>\n<li><strong>Engedd le a sz\u00e9ket:<\/strong> Ha a sz\u00e9k \u00e1ll\u00edthat\u00f3 magass\u00e1g\u00fa, engedje le a legalacsonyabb helyzetbe. Ez a l\u00e9p\u00e9s megk\u00f6nny\u00edti a hidraulikus henger el\u00e9r\u00e9s\u00e9t \u00e9s elt\u00e1vol\u00edt\u00e1s\u00e1t.<\/li>\n<li><strong>A henger r\u00f6gz\u00edt\u00e9si pontj\u00e1nak megkeres\u00e9se:<\/strong> Vizsg\u00e1lja meg a sz\u00e9ket, hogy azonos\u00edtsa a hidraulikus henger r\u00f6gz\u00edt\u00e9si pontj\u00e1t. Ez lehet a sz\u00e9k alj\u00e1n\u00e1l vagy az \u00fcl\u00e9s alatt.<\/li>\n<li><strong>A r\u00f6gz\u00edt\u0151kapocs elt\u00e1vol\u00edt\u00e1sa:<\/strong> Sok sz\u00e9k r\u00f6gz\u00edt\u0151kapcsot vagy gy\u0171r\u0171t haszn\u00e1l a hidraulikus henger r\u00f6gz\u00edt\u00e9s\u00e9hez. Keresse meg a r\u00f6gz\u00edt\u0151kapcsot, \u00e9s egy laposfej\u0171 csavarh\u00faz\u00f3val vagy fog\u00f3val t\u00e1vol\u00edtsa el. Legyen \u00f3vatos, mert a kapocs kiugorhat, amikor elengedi.<\/li>\n<li><strong>V\u00e1lassza le a hengert a sz\u00e9k alapj\u00e1r\u00f3l:<\/strong> Miut\u00e1n elt\u00e1vol\u00edtotta a r\u00f6gz\u00edt\u0151kapcsot, lev\u00e1laszthatja a hidraulikus hengert a sz\u00e9k alapj\u00e1r\u00f3l. Fogja meg er\u0151sen a sz\u00e9k \u00fcl\u00e9s\u00e9t, \u00e9s emelje felfel\u00e9, mik\u00f6zben finoman nyomja le a hengert a talajr\u00f3l. El\u0151fordulhat, hogy kiss\u00e9 mozgatnia vagy el kell forgatnia a hengert a kilaz\u00edt\u00e1shoz.<\/li>\n<li><strong>Ellen\u0151rizd \u00e9s tiszt\u00edtsd meg:<\/strong> A hidraulikus henger elt\u00e1vol\u00edt\u00e1sa ut\u00e1n ellen\u0151rizze, hogy l\u00e1that\u00f3-e rajta s\u00e9r\u00fcl\u00e9s, sziv\u00e1rg\u00e1s vagy kop\u00e1s. Ellen\u0151rizze a henger \u00e9s a sz\u00e9k r\u00f6gz\u00edt\u00e9si pontjait t\u00f6rmel\u00e9k, szennyez\u0151d\u00e9s vagy rozsda szempontj\u00e1b\u00f3l. Tiszt\u00edtsa meg ezeket a ter\u00fcleteket enyhe tiszt\u00edt\u00f3szerrel vagy v\u00edzzel megnedves\u00edtett ruh\u00e1val.<\/li>\n<li><strong>\u00dajratelep\u00edt\u00e9s vagy csere:<\/strong> Ha \u00fajra szeretn\u00e9 haszn\u00e1lni a hidraulikus hengert, gy\u0151z\u0151dj\u00f6n meg arr\u00f3l, hogy j\u00f3 m\u0171k\u00f6d\u00e9si \u00e1llapotban van \u00e9s hib\u00e1tlan. Vigyen fel kis mennyis\u00e9g\u0171 ken\u0151anyagot a r\u00f6gz\u00edt\u00e9si pontokra a sima mozg\u00e1s biztos\u00edt\u00e1sa \u00e9rdek\u00e9ben. A henger sz\u00e9kbe val\u00f3 visszahelyez\u00e9s\u00e9hez ford\u00edtott sorrendben v\u00e9gezze el a l\u00e9p\u00e9seket. Ha a henger s\u00e9r\u00fclt vagy hib\u00e1san m\u0171k\u00f6dik, aj\u00e1nlott egy megfelel\u0151 m\u00e9ret\u0171 \u00e9s specifik\u00e1ci\u00f3j\u00fa \u00fajra cser\u00e9lni.<\/li>\n<\/ol>\n<h2><strong>A gy\u00e1r kapacit\u00e1sa \u00e9s kapacit\u00e1sa:<\/strong><\/h2>\n<h3>(1) \u00d6sszeszerel\u00e9s<\/h3>\n<p>Els\u0151 oszt\u00e1ly\u00fa f\u00fcggetlen kutat\u00e1si \u00e9s fejleszt\u00e9si \u00f6sszeszerel\u00e9si platformmal rendelkez\u00fcnk. A hidraulikus hengergy\u00e1rt\u00f3 m\u0171hely n\u00e9gy f\u00e9lautomata emel\u0151henger-\u00f6sszeszerel\u0151 sorral \u00e9s egy automata billen\u0151henger-\u00f6sszeszerel\u0151 sorral rendelkezik, tervezett \u00e9ves gy\u00e1rt\u00e1si kapacit\u00e1sa 1 milli\u00f3 darab. A speci\u00e1lis henger m\u0171hely k\u00fcl\u00f6nb\u00f6z\u0151 specifik\u00e1ci\u00f3j\u00fa f\u00e9lautomata tiszt\u00edt\u00f3 \u00f6sszeszerel\u0151 rendszerrel van felszerelve, amelynek tervezett \u00e9ves termel\u00e9si kapacit\u00e1sa 200.000, \u00e9s h\u00edres CNC megmunk\u00e1l\u00f3 berendez\u00e9ssel, megmunk\u00e1l\u00f3 k\u00f6zponttal, nagy pontoss\u00e1g\u00fa hengerfeldolgoz\u00f3 speci\u00e1lis berendez\u00e9ssel, robothegeszt\u0151 g\u00e9ppel, automatikus tiszt\u00edt\u00f3g\u00e9ppel, automatikus henger \u00f6sszeszerel\u0151 g\u00e9ppel \u00e9s automatikus fest\u00e9si gy\u00e1rt\u00f3sorral van felszerelve. A megl\u00e9v\u0151 kritikus berendez\u00e9sek t\u00f6bb mint 300 k\u00e9szlet (k\u00e9szlet). A berendez\u00e9sek er\u0151forr\u00e1sainak optim\u00e1lis eloszt\u00e1sa \u00e9s hat\u00e9kony felhaszn\u00e1l\u00e1sa biztos\u00edtja a term\u00e9kek pontoss\u00e1gi k\u00f6vetelm\u00e9nyeit \u00e9s megfelel a term\u00e9kek min\u0151s\u00e9gi ig\u00e9nyeinek.<\/p>\n<p><img loading=\"lazy\" decoding=\"async\" class=\"alignnone wp-image-626\" src=\"https:\/\/hydraulic-cylinders.net\/wp-content\/uploads\/2023\/08\/hydraulic-cylinder-product-1-300x158.webp\" alt=\"\" width=\"495\" height=\"260\" srcset=\"https:\/\/hydraulic-cylinders.net\/wp-content\/uploads\/2023\/08\/hydraulic-cylinder-product-1-300x158.webp 495w, https:\/\/hydraulic-cylinders.net\/wp-content\/uploads\/2023\/08\/hydraulic-cylinder-product-1-480x252.webp 480w\" sizes=\"(min-width: 0px) and (max-width: 480px) 480px, (min-width: 481px) 495px, 100vw\" \/> <img loading=\"lazy\" decoding=\"async\" class=\"alignnone wp-image-627\" src=\"https:\/\/hydraulic-cylinders.net\/wp-content\/uploads\/2023\/08\/hydraulic-cylinder-product-2-300x189.webp\" alt=\"\" width=\"413\" height=\"260\" \/><\/p>\n<h3>(2) Megmunk\u00e1l\u00e1s<\/h3>\n<p>A megmunk\u00e1l\u00f3m\u0171hely egyedi, ferde s\u00edneszterg\u00e1l\u00f3 k\u00f6zponttal, megmunk\u00e1l\u00f3k\u00f6zponttal, nagysebess\u00e9g\u0171 h\u00f3nol\u00f3g\u00e9ppel, hegeszt\u0151robottal \u00e9s egy\u00e9b kapcsol\u00f3d\u00f3 berendez\u00e9sekkel van felszerelve, amelyek legfeljebb 400 mm bels\u0151 \u00e1tm\u00e9r\u0151j\u0171 \u00e9s legfeljebb 6 m\u00e9ter hossz\u00fa hengercs\u00f6vek megmunk\u00e1l\u00e1s\u00e1ra k\u00e9pesek.<\/p>\n<p><img loading=\"lazy\" decoding=\"async\" class=\"alignnone wp-image-628 size-large\" src=\"https:\/\/hydraulic-cylinders.net\/wp-content\/uploads\/2023\/08\/hydraulic-cylinder-product-3-1024x391.webp\" alt=\"\" width=\"1024\" height=\"391\" srcset=\"https:\/\/hydraulic-cylinders.net\/wp-content\/uploads\/2023\/08\/hydraulic-cylinder-product-3-980x374.webp 980w, https:\/\/hydraulic-cylinders.net\/wp-content\/uploads\/2023\/08\/hydraulic-cylinder-product-3-480x183.webp 480w\" sizes=\"(min-width: 0px) and (max-width: 480px) 480px, (min-width: 481px) and (max-width: 980px) 980px, (min-width: 981px) 1024px, 100vw\" \/><\/p>\n<h3>(3) Hegeszt\u00e9s<\/h3>\n<p><img loading=\"lazy\" decoding=\"async\" class=\"alignnone wp-image-629 size-large\" src=\"https:\/\/hydraulic-cylinders.net\/wp-content\/uploads\/2023\/08\/hydraulic-cylinder-product-4-1024x510.webp\" alt=\"\" width=\"1024\" height=\"510\" srcset=\"https:\/\/hydraulic-cylinders.net\/wp-content\/uploads\/2023\/08\/hydraulic-cylinder-product-4-980x488.webp 980w, https:\/\/hydraulic-cylinders.net\/wp-content\/uploads\/2023\/08\/hydraulic-cylinder-product-4-480x239.webp 480w\" sizes=\"(min-width: 0px) and (max-width: 480px) 480px, (min-width: 481px) and (max-width: 980px) 980px, (min-width: 981px) 1024px, 100vw\" \/><\/p>\n<h3>(4) Fest\u00e9s \u00e9s bevonatol\u00e1s<\/h3>\n<p>Kis \u00e9s k\u00f6zepes m\u00e9ret\u0171 hengeres automatikus v\u00edzb\u00e1zis\u00fa fest\u00e9kbevon\u00f3 sorokkal, az automatikus robot be- \u00e9s kirakod\u00e1s, valamint az automatikus permetez\u00e9s megval\u00f3s\u00edt\u00e1s\u00e1hoz, a tervez\u00e9si kapacit\u00e1s m\u0171szakonk\u00e9nt 4000 darab;<br \/>\nRendelkez\u00fcnk egy f\u00e9lautomata fest\u00e9kgy\u00e1rt\u00f3sorral is nagym\u00e9ret\u0171 palackokhoz, amelyet egy er\u0151\u00e1tviteli l\u00e1nc hajt, m\u0171szakonk\u00e9nt 60 doboz tervez\u00e9si kapacit\u00e1ssal.<\/p>\n<p><img loading=\"lazy\" decoding=\"async\" class=\"alignnone wp-image-630\" src=\"https:\/\/hydraulic-cylinders.net\/wp-content\/uploads\/2023\/08\/hydraulic-cylinder-product-5-300x213.webp\" alt=\"\" width=\"366\" height=\"260\" \/> <img loading=\"lazy\" decoding=\"async\" class=\"alignnone wp-image-631\" src=\"https:\/\/hydraulic-cylinders.net\/wp-content\/uploads\/2023\/08\/hydraulic-cylinder-product-6-300x225.webp\" alt=\"\" width=\"347\" height=\"260\" \/><\/p>\n<h3>(5) Tesztel\u00e9s<\/h3>\n<p>Els\u0151 oszt\u00e1ly\u00fa ellen\u0151rz\u0151 l\u00e9tes\u00edtm\u00e9nyekkel \u00e9s tesztpadokkal rendelkez\u00fcnk annak biztos\u00edt\u00e1s\u00e1ra, hogy a palack teljes\u00edtm\u00e9nye megfeleljen a k\u00f6vetelm\u00e9nyeknek.<\/p>\n<p><img loading=\"lazy\" decoding=\"async\" class=\"alignnone wp-image-632\" src=\"https:\/\/hydraulic-cylinders.net\/wp-content\/uploads\/2023\/08\/hydraulic-cylinder-product-8-300x200.webp\" alt=\"\" width=\"389\" height=\"260\" \/><\/p>\n<p>&nbsp;<\/p>\n<p>&nbsp;<\/p>\n<p>Mi vagyunk az egyik legjobb neh\u00e9zrudas hidraulikus henger gy\u00e1rt\u00f3. Sz\u00e9les v\u00e1laszt\u00e9kban k\u00edn\u00e1lunk neh\u00e9zrudas hidraulikus hengereket. Megfelel\u0151 term\u00e9keket is biztos\u00edtunk. <a href=\"https:\/\/hzpt.com\/agricultural-pto-gearbox\/\" target=\"_blank\" rel=\"noopener\">mez\u0151gazdas\u00e1gi sebess\u00e9gv\u00e1lt\u00f3k<\/a>Term\u00e9keinket vil\u00e1gszerte export\u00e1ltuk \u00fcgyfeleinknek, \u00e9s kiv\u00e1l\u00f3 term\u00e9kmin\u0151s\u00e9g\u00fcnknek \u00e9s \u00e9rt\u00e9kes\u00edt\u00e9s ut\u00e1ni szolg\u00e1ltat\u00e1sunknak k\u00f6sz\u00f6nhet\u0151en j\u00f3 h\u00edrnevet szerezt\u00fcnk. Szeretettel v\u00e1rjuk belf\u00f6ldi \u00e9s k\u00fclf\u00f6ldi \u00fcgyfeleinket, hogy \u00fczleti t\u00e1rgyal\u00e1sok, inform\u00e1ci\u00f3csere \u00e9s egy\u00e9b lehet\u0151s\u00e9gek c\u00e9lj\u00e1b\u00f3l kapcsolatba l\u00e9pjenek vel\u00fcnk.\u00a0<a href=\"https:\/\/www.hydraulic-cylinders.net\/hu\/contact-us\/\">egy\u00fcttm\u0171k\u00f6dni vel\u00fcnk<\/a>!<\/p>\n<p>&nbsp;<\/p>\n<h2><\/h2>\n<h2><\/h2>","protected":false},"excerpt":{"rendered":"<p>FA Double Shaft Front Flange Type Heavy Rod Hydraulic Cylinder The FA double shaft front flange type heavy rod hydraulic cylinder is a rugged, high-performance hydraulic element designed to handle demanding industrial applications quickly. With its durable construction, dual shaft design, and front flange configuration, this hydraulic cylinder offers exceptional power, accuracy, and reliability. Whether [&hellip;]<\/p>","protected":false},"featured_media":951,"comment_status":"open","ping_status":"closed","template":"","meta":{"_et_pb_use_builder":"","_et_pb_old_content":"","_et_gb_content_width":""},"product_brand":[],"product_cat":[1376,1385],"product_tag":[1380],"class_list":{"0":"post-948","1":"product","2":"type-product","3":"status-publish","4":"has-post-thumbnail","6":"product_cat-hydraulic-cylinder","7":"product_cat-heavy-rod-hydraulic-cylinder","8":"product_tag-hydraulic-cylinder","10":"first","11":"instock","12":"shipping-taxable","13":"product-type-simple"},"amp_enabled":true,"_links":{"self":[{"href":"https:\/\/www.hydraulic-cylinders.net\/hu\/wp-json\/wp\/v2\/product\/948","targetHints":{"allow":["GET"]}}],"collection":[{"href":"https:\/\/www.hydraulic-cylinders.net\/hu\/wp-json\/wp\/v2\/product"}],"about":[{"href":"https:\/\/www.hydraulic-cylinders.net\/hu\/wp-json\/wp\/v2\/types\/product"}],"replies":[{"embeddable":true,"href":"https:\/\/www.hydraulic-cylinders.net\/hu\/wp-json\/wp\/v2\/comments?post=948"}],"wp:featuredmedia":[{"embeddable":true,"href":"https:\/\/www.hydraulic-cylinders.net\/hu\/wp-json\/wp\/v2\/media\/951"}],"wp:attachment":[{"href":"https:\/\/www.hydraulic-cylinders.net\/hu\/wp-json\/wp\/v2\/media?parent=948"}],"wp:term":[{"taxonomy":"product_brand","embeddable":true,"href":"https:\/\/www.hydraulic-cylinders.net\/hu\/wp-json\/wp\/v2\/product_brand?post=948"},{"taxonomy":"product_cat","embeddable":true,"href":"https:\/\/www.hydraulic-cylinders.net\/hu\/wp-json\/wp\/v2\/product_cat?post=948"},{"taxonomy":"product_tag","embeddable":true,"href":"https:\/\/www.hydraulic-cylinders.net\/hu\/wp-json\/wp\/v2\/product_tag?post=948"}],"curies":[{"name":"munkaf\u00fczet","href":"https:\/\/api.w.org\/{rel}","templated":true}]}}