{"id":977,"date":"2023-09-06T05:44:58","date_gmt":"2023-09-06T05:44:58","guid":{"rendered":"https:\/\/hydraulic-cylinders.net\/?post_type=product&#038;p=977"},"modified":"2023-09-19T01:39:44","modified_gmt":"2023-09-19T01:39:44","slug":"td-type-four-rod-hydraulic-cylinder","status":"publish","type":"product","link":"https:\/\/www.hydraulic-cylinders.net\/hu\/termek\/td-type-four-rod-hydraulic-cylinder\/","title":{"rendered":"TD t\u00edpus\u00fa n\u00e9gy r\u00fad hidraulikus henger"},"content":{"rendered":"<h1 style=\"text-align: center;\"><strong>TD t\u00edpus\u00fa n\u00e9gy r\u00fad hidraulikus henger<\/strong><\/h1>\n<p><img loading=\"lazy\" decoding=\"async\" class=\"size-full wp-image-979 aligncenter\" src=\"https:\/\/hydraulic-cylinders.net\/wp-content\/uploads\/2023\/09\/td-type-four-rod-hydraulic-cylinder-1.webp\" alt=\"\" width=\"233\" height=\"233\" srcset=\"https:\/\/www.hydraulic-cylinders.net\/wp-content\/uploads\/2023\/09\/td-type-four-rod-hydraulic-cylinder-1.webp 233w, https:\/\/www.hydraulic-cylinders.net\/wp-content\/uploads\/2023\/09\/td-type-four-rod-hydraulic-cylinder-1-100x100.webp 100w, https:\/\/www.hydraulic-cylinders.net\/wp-content\/uploads\/2023\/09\/td-type-four-rod-hydraulic-cylinder-1-150x150.webp 150w, https:\/\/www.hydraulic-cylinders.net\/wp-content\/uploads\/2023\/09\/td-type-four-rod-hydraulic-cylinder-1-12x12.webp 12w\" sizes=\"(max-width: 233px) 100vw, 233px\" \/><\/p>\n<p>A TD t\u00edpus\u00fa n\u00e9gyrudas hidraulikus henger egy nagy teljes\u00edtm\u00e9ny\u0171 hidraulikus elem, amelyet k\u00fcl\u00f6nf\u00e9le ipari alkalmaz\u00e1sok ig\u00e9nyeinek kiel\u00e9g\u00edt\u00e9s\u00e9re terveztek. Innovat\u00edv kialak\u00edt\u00e1s\u00e1nak, prec\u00edzi\u00f3s m\u00e9rn\u00f6ki munk\u00e1j\u00e1nak \u00e9s kiv\u00e1l\u00f3 tart\u00f3ss\u00e1g\u00e1nak k\u00f6sz\u00f6nhet\u0151en ez a n\u00e9gyrudas hidraulikus henger kiv\u00e9teles funkcionalit\u00e1st \u00e9s hat\u00e9konys\u00e1got k\u00edn\u00e1l.<\/p>\n<p>N\u00e9gyrudas hidraulikus henger alapvet\u0151 jellemz\u0151i:<\/p>\n<p>A TD t\u00edpus\u00fa n\u00e9gyrudas hidraulikus henger sz\u00e1mos figyelemre m\u00e9lt\u00f3 tulajdons\u00e1ggal rendelkezik, amelyek megk\u00fcl\u00f6nb\u00f6ztetik a hidraulikus iparban:<\/p>\n<p><strong>Fokozott stabilit\u00e1s \u00e9s teherb\u00edr\u00e1s:<\/strong><\/p>\n<ul>\n<li>A n\u00e9gyrudas konfigur\u00e1ci\u00f3 kiv\u00e9teles stabilit\u00e1st biztos\u00edt, egyenletesen elosztva a terhel\u00e9st a hengeren. Ez a kialak\u00edt\u00e1s minimaliz\u00e1lja az elhajl\u00e1st, \u00edgy biztos\u00edtva az \u00e1lland\u00f3 teljes\u00edtm\u00e9nyt m\u00e9g nagy terhel\u00e9s \u00e9s kih\u00edv\u00e1st jelent\u0151 k\u00f6r\u00fclm\u00e9nyek k\u00f6z\u00f6tt is.<\/li>\n<li>A henger megn\u00f6velt teherb\u00edr\u00e1sa ide\u00e1liss\u00e1 teszi nagy er\u0151kkel \u00e9s jelent\u0151s terhel\u00e9sekkel j\u00e1r\u00f3 alkalmaz\u00e1sokhoz.<\/li>\n<\/ul>\n<p><strong>Prec\u00edz vez\u00e9rl\u00e9s \u00e9s pozicion\u00e1l\u00e1s:<\/strong><\/p>\n<ul>\n<li>A TD henger n\u00e9gyrudas kialak\u00edt\u00e1sa lehet\u0151v\u00e9 teszi a dugatty\u00far\u00fad prec\u00edz vez\u00e9rl\u00e9s\u00e9t \u00e9s pozicion\u00e1l\u00e1s\u00e1t. Ez a tulajdons\u00e1g biztos\u00edtja a terhek pontos mozg\u00e1s\u00e1t \u00e9s igaz\u00edt\u00e1s\u00e1t, lehet\u0151v\u00e9 t\u00e9ve a specifikus \u00e9s szinkron m\u0171k\u00f6d\u00e9st.<\/li>\n<li>A henger \u00e1ltal biztos\u00edtott prec\u00edz vez\u00e9rl\u00e9s ide\u00e1liss\u00e1 teszi olyan alkalmaz\u00e1sokhoz, amelyek pontos mozg\u00e1svez\u00e9rl\u00e9st ig\u00e9nyelnek, p\u00e9ld\u00e1ul robotik\u00e1ban, anyagmozgat\u00e1sban \u00e9s automatiz\u00e1l\u00e1si rendszerekben.<\/li>\n<\/ul>\n<p><strong>Tart\u00f3ss\u00e1g \u00e9s hossz\u00fa \u00e9lettartam:<\/strong><\/p>\n<ul>\n<li>A TD n\u00e9gyrudas hidraulikus hengerek zord k\u00f6rnyezeti k\u00f6r\u00fclm\u00e9nyek \u00e9s neh\u00e9z ig\u00e9nybev\u00e9tel elvisel\u00e9s\u00e9re k\u00e9sz\u00fcltek. Kiv\u00e1l\u00f3 min\u0151s\u00e9g\u0171 anyagokb\u00f3l k\u00e9sz\u00fclnek, amelyek kiv\u00e1l\u00f3 szil\u00e1rds\u00e1got, tart\u00f3ss\u00e1got, kop\u00e1s\u00e1ll\u00f3s\u00e1got \u00e9s korr\u00f3zi\u00f3\u00e1ll\u00f3s\u00e1got biztos\u00edtanak.<\/li>\n<li>A henger robusztus konstrukci\u00f3ja hossz\u00fa \u00e9lettartamot \u00e9s megb\u00edzhat\u00f3 teljes\u00edtm\u00e9nyt biztos\u00edt, cs\u00f6kkentve az \u00e1ll\u00e1sid\u0151t \u00e9s a karbantart\u00e1si k\u00f6lts\u00e9geket.<\/li>\n<\/ul>\n<h2><strong>TD t\u00edpus\u00fa n\u00e9gyr\u00fad-hidraulikus henger param\u00e9tere:<\/strong><\/h2>\n<p><img loading=\"lazy\" decoding=\"async\" class=\"alignnone wp-image-980 size-full\" src=\"https:\/\/hydraulic-cylinders.net\/wp-content\/uploads\/2023\/09\/td-type-four-rod-hydraulic-cylinder.webp\" alt=\"\" width=\"643\" height=\"175\" srcset=\"https:\/\/hydraulic-cylinders.net\/wp-content\/uploads\/2023\/09\/td-type-four-rod-hydraulic-cylinder.webp 643w, https:\/\/hydraulic-cylinders.net\/wp-content\/uploads\/2023\/09\/td-type-four-rod-hydraulic-cylinder-480x131.webp 480w\" sizes=\"(min-width: 0px) and (max-width: 480px) 480px, (min-width: 481px) 643px, 100vw\" \/><\/p>\n<p><img loading=\"lazy\" decoding=\"async\" class=\"alignnone size-full wp-image-320186\" src=\"https:\/\/hzpt.com\/wp-content\/uploads\/2023\/09\/tb-tc-td-four-rod-hydraulic-cylinder.webp\" alt=\"\" width=\"643\" height=\"260\" \/><\/p>\n<h2><strong>TD t\u00edpus\u00fa n\u00e9gy r\u00fad hidraulikus henger <\/strong><strong>Felhaszn\u00e1l\u00e1si m\u00f3dszer<\/strong><strong>:<\/strong><\/h2>\n<p>A TD t\u00edpus\u00fa n\u00e9gyrudas hidraulikus hengert k\u00fcl\u00f6nf\u00e9le hidraulikus rendszerekbe val\u00f3 k\u00f6zvetlen integr\u00e1l\u00e1sra tervezt\u00e9k. Az al\u00e1bbiakban \u00e1ltal\u00e1nos ir\u00e1nyelveket tal\u00e1l a hengerek hat\u00e9kony haszn\u00e1lat\u00e1hoz:<\/p>\n<p><strong>Szerel\u00e9s \u00e9s csatlakoztat\u00e1s:<\/strong><\/p>\n<ul>\n<li>Biztos\u00edtsa a megfelel\u0151 be\u00e1ll\u00edt\u00e1st, \u00e9s r\u00f6gz\u00edtse a hengert a berendez\u00e9shez vagy g\u00e9phez megfelel\u0151 csavarokkal vagy r\u00f6gz\u00edt\u0151elemekkel.<\/li>\n<li>Csatlakoztassa a hidraulikavezet\u00e9ket a henger be- \u00e9s kimeneti ny\u00edl\u00e1saihoz a biztons\u00e1gos csatlakoz\u00e1s \u00e9s a sziv\u00e1rg\u00e1s elker\u00fcl\u00e9se \u00e9rdek\u00e9ben. Haszn\u00e1lja a gy\u00e1rt\u00f3 \u00e1ltal aj\u00e1nlott megfelel\u0151 szerelv\u00e9nyeket, t\u00f6m\u00edt\u00e9seket \u00e9s menett\u00edpusokat.<\/li>\n<\/ul>\n<p><strong>Hidraulikus vez\u00e9rl\u00e9s:<\/strong><\/p>\n<ul>\n<li>Aktiv\u00e1lja a hengert m\u0171k\u00f6dtet\u0151 hidraulikus rendszert a hozz\u00e1 tartoz\u00f3 hidraulikus szivatty\u00fa vagy vez\u00e9rl\u0151szelep m\u0171k\u00f6dtet\u00e9s\u00e9vel.<\/li>\n<li>A hidraulikus \u00e1raml\u00e1st \u00e9s nyom\u00e1st a vez\u00e9rl\u0151szelep szab\u00e1lyozza a henger mozg\u00e1s\u00e1nak szab\u00e1lyoz\u00e1s\u00e1ra. Ez lehet\u0151v\u00e9 teszi a hidraulikus henger prec\u00edz pozicion\u00e1l\u00e1s\u00e1t \u00e9s m\u0171k\u00f6dtet\u00e9s\u00e9t.<\/li>\n<\/ul>\n<h2><strong>TD t\u00edpus\u00fa n\u00e9gy r\u00fad hidraulikus henger <\/strong><strong>Karbantart\u00e1s<\/strong><strong>:<\/strong><\/h2>\n<p>A TD t\u00edpus\u00fa n\u00e9gyrudas hidraulikus henger megfelel\u0151 karbantart\u00e1sa biztos\u00edtja az optim\u00e1lis teljes\u00edtm\u00e9nyt \u00e9s meghosszabb\u00edtja az \u00e9lettartamot. Vegye figyelembe a k\u00f6vetkez\u0151 karbantart\u00e1si tippeket:<\/p>\n<p><strong>Rendszeres ellen\u0151rz\u00e9s:<\/strong><\/p>\n<ul>\n<li>Rendszeresen ellen\u0151rizze a hengert sziv\u00e1rg\u00e1s, s\u00e9r\u00fcl\u00e9s vagy t\u00falzott kop\u00e1s szempontj\u00e1b\u00f3l. Ford\u00edtson figyelmet a t\u00f6m\u00edt\u00e9sekre, \u00f6sszek\u00f6t\u0151rudakra \u00e9s a r\u00f6gz\u00edt\u0151elemekre.<\/li>\n<li>A tov\u00e1bbi probl\u00e9m\u00e1k megel\u0151z\u00e9se \u00e9s az optim\u00e1lis teljes\u00edtm\u00e9ny biztos\u00edt\u00e1sa \u00e9rdek\u00e9ben azonnal cser\u00e9lje ki a kopott vagy s\u00e9r\u00fclt alkatr\u00e9szeket.<\/li>\n<\/ul>\n<p><strong>Ken\u00e9s:<\/strong><\/p>\n<ul>\n<li>A gy\u00e1rt\u00f3 \u00e1ltal aj\u00e1nlott ken\u00e9si intervallumokat tartsa be. Vigyen fel kiv\u00e1l\u00f3 min\u0151s\u00e9g\u0171 hidraulikaolajat vagy zs\u00edrt a rudakra, t\u00f6m\u00edt\u00e9sekre \u00e9s egy\u00e9b mozg\u00f3 alkatr\u00e9szekre.<\/li>\n<li>A megfelel\u0151 ken\u00e9s cs\u00f6kkentheti a s\u00farl\u00f3d\u00e1st \u00e9s a kop\u00e1st, valamint biztos\u00edthatja a hidraulikus henger z\u00f6kken\u0151mentes m\u0171k\u00f6d\u00e9s\u00e9t.<\/li>\n<\/ul>\n<p><strong>Tisztas\u00e1g:<\/strong><\/p>\n<ul>\n<li>Tartsa a n\u00e9gyrudas hidraulikus hengereket \u00e9s k\u00f6rnyezet\u00fcket tiszt\u00e1n, szennyez\u0151d\u00e9sekt\u0151l, t\u00f6rmel\u00e9kekt\u0151l \u00e9s szennyez\u0151d\u00e9sekt\u0151l mentesen, amelyek befoly\u00e1solj\u00e1k a teljes\u00edtm\u00e9nyt.<\/li>\n<li>Haszn\u00e1ljon enyhe tiszt\u00edt\u00f3szert \u00e9s puha ruh\u00e1t a felhalmoz\u00f3dott szennyez\u0151d\u00e9sek vagy kosz rendszeres elt\u00e1vol\u00edt\u00e1s\u00e1hoz.<\/li>\n<\/ul>\n<h2><strong>Hogyan kell sz\u00e9tszerelni egy hidraulikus hengert?<\/strong><\/h2>\n<p>A hidraulikus henger sz\u00e9tszerel\u00e9se k\u00f6r\u00fcltekint\u0151 figyelmet \u00e9s a megfelel\u0151 elj\u00e1r\u00e1sok betart\u00e1s\u00e1t ig\u00e9nyli a biztons\u00e1gos \u00e9s hat\u00e9kony sz\u00e9tszerel\u00e9s biztos\u00edt\u00e1sa \u00e9rdek\u00e9ben. \u00cdme egy l\u00e9p\u00e9sr\u0151l l\u00e9p\u00e9sre sz\u00f3l\u00f3 \u00fatmutat\u00f3 a hidraulikus henger sz\u00e9tszerel\u00e9s\u00e9hez:<\/p>\n<ol>\n<li><strong>El\u0151k\u00e9sz\u00edt\u00e9s \u00e9s biztons\u00e1g:<\/strong><\/li>\n<\/ol>\n<ul>\n<li>Gondoskodjon tiszta, rendezett munkater\u00fcletr\u0151l, ahol elegend\u0151 hely van a hidraulikus hengeren val\u00f3 munk\u00e1hoz.<\/li>\n<li>Viseljen megfelel\u0151 szem\u00e9lyi v\u00e9d\u0151felszerel\u00e9st, bele\u00e9rtve a v\u00e9d\u0151szem\u00fcveget, keszty\u0171t \u00e9s v\u00e9d\u0151ruh\u00e1zatot, hogy megv\u00e9dje mag\u00e1t a vesz\u00e9lyekt\u0151l.<\/li>\n<\/ul>\n<ol start=\"2\">\n<li><strong>Hidraulikus nyom\u00e1s kiold\u00e1sa:<\/strong><\/li>\n<\/ol>\n<ul>\n<li>A hidraulikus henger sz\u00e9tszerel\u00e9se el\u0151tt engedje ki a nyom\u00e1st, hogy elker\u00fclje a hirtelen mozg\u00e1sokat vagy a v\u00e9letlen aktiv\u00e1l\u00e1st.<\/li>\n<li>Nyissa ki a hidraulikus vez\u00e9rl\u0151szelepet, vagy engedje ki a nyom\u00e1st a gy\u00e1rt\u00f3 \u00e1ltal aj\u00e1nlott megfelel\u0151 m\u00f3dszerrel.<\/li>\n<\/ul>\n<ol start=\"3\">\n<li><strong>K\u00fcls\u0151 alkatr\u00e9szek elt\u00e1vol\u00edt\u00e1sa:<\/strong><\/li>\n<\/ol>\n<ul>\n<li>Kezdje a k\u00fcls\u0151 alkatr\u00e9szek, p\u00e9ld\u00e1ul a r\u00f6gz\u00edt\u0151konzolok, csapszegek vagy csavarok elt\u00e1vol\u00edt\u00e1s\u00e1val, amelyek a hengert a berendez\u00e9shez vagy g\u00e9phez r\u00f6gz\u00edtik.<\/li>\n<li>\u00d3vatosan tegye f\u00e9lre ezeket az alkatr\u00e9szeket biztons\u00e1gos helyre a k\u00e9s\u0151bbi \u00f6sszeszerel\u00e9shez.<\/li>\n<\/ul>\n<ol start=\"4\">\n<li><strong>A hengerfej leszerel\u00e9se:<\/strong><\/li>\n<\/ol>\n<ul>\n<li>Keresse meg a hengersapk\u00e1t, jellemz\u0151en a henger egyik v\u00e9g\u00e9n.<\/li>\n<li>Haszn\u00e1lja a megfelel\u0151 szersz\u00e1mokat, p\u00e9ld\u00e1ul vill\u00e1skulcsokat vagy dug\u00f3kulcsk\u00e9szleteket a hengerfejet r\u00f6gz\u00edt\u0151 csavarok vagy r\u00f6gz\u00edt\u0151elemek meglaz\u00edt\u00e1s\u00e1hoz \u00e9s elt\u00e1vol\u00edt\u00e1s\u00e1hoz.<\/li>\n<li>Kocogtassa meg a kupakot, hogy meglaz\u00edtsa, majd \u00f3vatosan vegye le a hengerr\u0151l.<\/li>\n<\/ul>\n<ol start=\"5\">\n<li><strong>A dugatty\u00faegys\u00e9g kiszerel\u00e9se:<\/strong><\/li>\n<\/ol>\n<ul>\n<li>A hengerfej elt\u00e1vol\u00edt\u00e1s\u00e1val hozz\u00e1f\u00e9rhet a dugatty\u00faegys\u00e9ghez.<\/li>\n<li>\u00d3vatosan cs\u00fasztassa ki a dugatty\u00faegys\u00e9get a hengertestb\u0151l. Sz\u00fcks\u00e9g lehet finom nyom\u00e1st gyakorolni vagy meg\u00fct\u00f6getni az egys\u00e9get a meglaz\u00edt\u00e1shoz.<\/li>\n<li>A szerelv\u00e9ny elt\u00e1vol\u00edt\u00e1sakor ne s\u00e9rtse meg a dugatty\u00fa t\u00f6m\u00edt\u00e9seit vagy m\u00e1s alkatr\u00e9szeket.<\/li>\n<\/ul>\n<ol start=\"6\">\n<li><strong>A dugatty\u00far\u00fad elt\u00e1vol\u00edt\u00e1sa:<\/strong><\/li>\n<\/ol>\n<ul>\n<li>A dugatty\u00faegys\u00e9g elt\u00e1vol\u00edt\u00e1sa ut\u00e1n most kih\u00fazhatja a dugatty\u00farudat.<\/li>\n<li>Cs\u00fasztassa ki a dugatty\u00farudat a hengertestb\u0151l, \u00fcgyelve arra, hogy ne s\u00e9rtse meg azt vagy a r\u00fad t\u00f6m\u00edt\u00e9seit.<\/li>\n<li>Ha vannak r\u00f6gz\u00edt\u0151eszk\u00f6z\u00f6k vagy tartoz\u00e9kok, p\u00e9ld\u00e1ul r\u00f6gz\u00edt\u0151gy\u0171r\u0171k vagy csavarok, el\u0151sz\u00f6r t\u00e1vol\u00edtsa el azokat, miel\u0151tt megpr\u00f3b\u00e1ln\u00e1 elt\u00e1vol\u00edtani a rudat.<\/li>\n<\/ul>\n<ol start=\"7\">\n<li><strong>Tov\u00e1bbi alkatr\u00e9szek sz\u00e9tszerel\u00e9se:<\/strong><\/li>\n<\/ol>\n<ul>\n<li>A hidraulikus henger kialak\u00edt\u00e1s\u00e1t\u00f3l f\u00fcgg\u0151en tov\u00e1bbi alkatr\u00e9szeket is sz\u00e9tszerelni kell.<\/li>\n<li>A gy\u00e1rt\u00f3 utas\u00edt\u00e1sait vagy ir\u00e1nyelveit k\u00f6vetve szerelje sz\u00e9t a megmaradt alkatr\u00e9szeket, p\u00e9ld\u00e1ul a t\u00f6mszelence szerelv\u00e9nyt vagy a r\u00fadt\u00f6m\u00edt\u00e9seket.<\/li>\n<\/ul>\n<ol start=\"8\">\n<li><strong>Ellen\u0151rz\u00e9s \u00e9s tiszt\u00edt\u00e1s:<\/strong><\/li>\n<\/ol>\n<ul>\n<li>Vizsg\u00e1lja meg az \u00f6sszes sz\u00e9tszerelt alkatr\u00e9szt kop\u00e1s, s\u00e9r\u00fcl\u00e9s vagy szennyez\u0151d\u00e9s jelei szempontj\u00e1b\u00f3l. Ford\u00edtson k\u00fcl\u00f6n\u00f6s figyelmet a t\u00f6m\u00edt\u00e9sekre, rudakra \u00e9s hengerfalakra.<\/li>\n<li>Tiszt\u00edtsa meg az alkatr\u00e9szeket megfelel\u0151 tiszt\u00edt\u00f3szerrel a t\u00f6rmel\u00e9k, szennyez\u0151d\u00e9s vagy r\u00e9gi ken\u0151anyagok elt\u00e1vol\u00edt\u00e1s\u00e1hoz. Haszn\u00e1ljon sz\u00f6szmentes kend\u0151ket vagy s\u0171r\u00edtett leveg\u0151t az alkatr\u00e9szek alapos sz\u00e1r\u00edt\u00e1s\u00e1hoz.<\/li>\n<\/ul>\n<ol start=\"9\">\n<li><strong>Csere vagy jav\u00edt\u00e1s:<\/strong><\/li>\n<\/ol>\n<ul>\n<li>Ha b\u00e1rmelyik alkatr\u00e9sz kop\u00e1s vagy s\u00e9r\u00fcl\u00e9s jeleit mutatja, cser\u00e9lje ki azokat egy megb\u00edzhat\u00f3 besz\u00e1ll\u00edt\u00f3t\u00f3l sz\u00e1rmaz\u00f3 \u00fajakra.<\/li>\n<li>Sz\u00fcks\u00e9g eset\u00e9n jav\u00edtsa meg vagy \u00faj\u00edtsa fel az alkatr\u00e9szeket a gy\u00e1rt\u00f3 vagy egy szakk\u00e9pzett szakember aj\u00e1nl\u00e1sa szerint.<\/li>\n<\/ul>\n<ol start=\"10\">\n<li><strong>\u00dajb\u00f3li \u00f6sszeszerel\u00e9s:<\/strong><\/li>\n<\/ol>\n<ul>\n<li>A hidraulikus henger \u00f6sszeszerel\u00e9s\u00e9t a sz\u00e9tszerel\u00e9s ford\u00edtott sorrendj\u00e9ben kezdje.<\/li>\n<li>Kenje meg a t\u00f6m\u00edt\u00e9seket \u00e9s m\u00e1s mozg\u00f3 alkatr\u00e9szeket kompatibilis hidraulikafolyad\u00e9kkal vagy \u00f6sszeszerel\u00e9si ken\u0151anyaggal az \u00f6sszeszerel\u00e9s megk\u00f6nny\u00edt\u00e9se \u00e9s a megfelel\u0151 m\u0171k\u00f6d\u00e9s biztos\u00edt\u00e1sa \u00e9rdek\u00e9ben.<\/li>\n<li>Gy\u0151z\u0151dj\u00f6n meg arr\u00f3l, hogy minden alkatr\u00e9sz megfelel\u0151en illeszkedik \u00e9s illeszkedik egym\u00e1shoz.<\/li>\n<li>H\u00fazza meg az \u00f6sszes csavart vagy r\u00f6gz\u00edt\u0151elemet a gy\u00e1rt\u00f3 \u00e1ltal aj\u00e1nlott nyomat\u00e9kkal, biztos\u00edtva a biztons\u00e1gos \u00f6sszeszerel\u00e9st.<\/li>\n<\/ul>\n<ol start=\"11\">\n<li><strong>Tesztel\u00e9s \u00e9s \u00fajratelep\u00edt\u00e9s:<\/strong><\/li>\n<\/ol>\n<ul>\n<li>Miut\u00e1n a hidraulikus hengert \u00f6sszeszerelt\u00e9k, alaposan ellen\u0151rizni kell, hogy minden alkatr\u00e9sz megfelel\u0151en illeszkedik-e \u00e9s illeszkedik-e.<\/li>\n<li>Szerelje vissza a hidraulikus hengert a berendez\u00e9sbe vagy g\u00e9pbe, a gy\u00e1rt\u00f3 \u00e1ltal megadott utas\u00edt\u00e1soknak megfelel\u0151en.<\/li>\n<li>Csatlakoztassa \u00fajra a hidraulikavezet\u00e9keket, \u00fcgyelve arra, hogy minden csatlakoz\u00e1s biztons\u00e1gos \u00e9s sziv\u00e1rg\u00e1smentes legyen.<\/li>\n<li>Ellen\u0151rizze a hidraulikus henger megfelel\u0151 m\u0171k\u00f6d\u00e9s\u00e9t \u00e9s m\u0171k\u00f6d\u00e9s\u00e9t, ellen\u0151rizve, hogy nincs-e sziv\u00e1rg\u00e1s, rendellenes zaj vagy egy\u00e9b probl\u00e9ma m\u0171k\u00f6d\u00e9s k\u00f6zben.<\/li>\n<\/ul>\n<h2><strong>A gy\u00e1r kapacit\u00e1sa \u00e9s kapacit\u00e1sa:<\/strong><\/h2>\n<h3>(1) \u00d6sszeszerel\u00e9s<\/h3>\n<p>Els\u0151 oszt\u00e1ly\u00fa f\u00fcggetlen kutat\u00e1si \u00e9s fejleszt\u00e9si \u00f6sszeszerel\u00e9si platformmal rendelkez\u00fcnk. A hidraulikus hengergy\u00e1rt\u00f3 m\u0171hely n\u00e9gy f\u00e9lautomata emel\u0151henger-\u00f6sszeszerel\u0151 sorral \u00e9s egy automata billen\u0151henger-\u00f6sszeszerel\u0151 sorral rendelkezik, tervezett \u00e9ves gy\u00e1rt\u00e1si kapacit\u00e1sa 1 milli\u00f3 darab. A speci\u00e1lis henger m\u0171hely k\u00fcl\u00f6nb\u00f6z\u0151 specifik\u00e1ci\u00f3j\u00fa f\u00e9lautomata tiszt\u00edt\u00f3 \u00f6sszeszerel\u0151 rendszerrel van felszerelve, amelynek tervezett \u00e9ves termel\u00e9si kapacit\u00e1sa 200.000, \u00e9s h\u00edres CNC megmunk\u00e1l\u00f3 berendez\u00e9ssel, megmunk\u00e1l\u00f3 k\u00f6zponttal, nagy pontoss\u00e1g\u00fa hengerfeldolgoz\u00f3 speci\u00e1lis berendez\u00e9ssel, robothegeszt\u0151 g\u00e9ppel, automatikus tiszt\u00edt\u00f3g\u00e9ppel, automatikus henger \u00f6sszeszerel\u0151 g\u00e9ppel \u00e9s automatikus fest\u00e9si gy\u00e1rt\u00f3sorral van felszerelve. A megl\u00e9v\u0151 kritikus berendez\u00e9sek t\u00f6bb mint 300 k\u00e9szlet (k\u00e9szlet). A berendez\u00e9sek er\u0151forr\u00e1sainak optim\u00e1lis eloszt\u00e1sa \u00e9s hat\u00e9kony felhaszn\u00e1l\u00e1sa biztos\u00edtja a term\u00e9kek pontoss\u00e1gi k\u00f6vetelm\u00e9nyeit \u00e9s megfelel a term\u00e9kek min\u0151s\u00e9gi ig\u00e9nyeinek.<\/p>\n<p><img loading=\"lazy\" decoding=\"async\" class=\"alignnone wp-image-626\" src=\"https:\/\/hydraulic-cylinders.net\/wp-content\/uploads\/2023\/08\/hydraulic-cylinder-product-1-300x158.webp\" alt=\"\" width=\"495\" height=\"260\" srcset=\"https:\/\/hydraulic-cylinders.net\/wp-content\/uploads\/2023\/08\/hydraulic-cylinder-product-1-300x158.webp 495w, https:\/\/hydraulic-cylinders.net\/wp-content\/uploads\/2023\/08\/hydraulic-cylinder-product-1-480x252.webp 480w\" sizes=\"(min-width: 0px) and (max-width: 480px) 480px, (min-width: 481px) 495px, 100vw\" \/> <img loading=\"lazy\" decoding=\"async\" class=\"alignnone wp-image-627\" src=\"https:\/\/hydraulic-cylinders.net\/wp-content\/uploads\/2023\/08\/hydraulic-cylinder-product-2-300x189.webp\" alt=\"\" width=\"413\" height=\"260\" \/><\/p>\n<h3>(2) Megmunk\u00e1l\u00e1s<\/h3>\n<p>A megmunk\u00e1l\u00f3m\u0171hely egyedi, ferde s\u00edneszterg\u00e1l\u00f3 k\u00f6zponttal, megmunk\u00e1l\u00f3k\u00f6zponttal, nagysebess\u00e9g\u0171 h\u00f3nol\u00f3g\u00e9ppel, hegeszt\u0151robottal \u00e9s egy\u00e9b kapcsol\u00f3d\u00f3 berendez\u00e9sekkel van felszerelve, amelyek legfeljebb 400 mm bels\u0151 \u00e1tm\u00e9r\u0151j\u0171 \u00e9s legfeljebb 6 m\u00e9ter hossz\u00fa hengercs\u00f6vek megmunk\u00e1l\u00e1s\u00e1ra k\u00e9pesek.<\/p>\n<p><img loading=\"lazy\" decoding=\"async\" class=\"alignnone wp-image-628 size-large\" src=\"https:\/\/hydraulic-cylinders.net\/wp-content\/uploads\/2023\/08\/hydraulic-cylinder-product-3-1024x391.webp\" alt=\"\" width=\"1024\" height=\"391\" srcset=\"https:\/\/hydraulic-cylinders.net\/wp-content\/uploads\/2023\/08\/hydraulic-cylinder-product-3-980x374.webp 980w, https:\/\/hydraulic-cylinders.net\/wp-content\/uploads\/2023\/08\/hydraulic-cylinder-product-3-480x183.webp 480w\" sizes=\"(min-width: 0px) and (max-width: 480px) 480px, (min-width: 481px) and (max-width: 980px) 980px, (min-width: 981px) 1024px, 100vw\" \/><\/p>\n<h3>(3) Hegeszt\u00e9s<\/h3>\n<p><img loading=\"lazy\" decoding=\"async\" class=\"alignnone wp-image-629 size-large\" src=\"https:\/\/hydraulic-cylinders.net\/wp-content\/uploads\/2023\/08\/hydraulic-cylinder-product-4-1024x510.webp\" alt=\"\" width=\"1024\" height=\"510\" srcset=\"https:\/\/hydraulic-cylinders.net\/wp-content\/uploads\/2023\/08\/hydraulic-cylinder-product-4-980x488.webp 980w, https:\/\/hydraulic-cylinders.net\/wp-content\/uploads\/2023\/08\/hydraulic-cylinder-product-4-480x239.webp 480w\" sizes=\"(min-width: 0px) and (max-width: 480px) 480px, (min-width: 481px) and (max-width: 980px) 980px, (min-width: 981px) 1024px, 100vw\" \/><\/p>\n<h3>(4) Fest\u00e9s \u00e9s bevonatol\u00e1s<\/h3>\n<p>Kis \u00e9s k\u00f6zepes m\u00e9ret\u0171 hengeres automatikus v\u00edzb\u00e1zis\u00fa fest\u00e9kbevon\u00f3 sorokkal, az automatikus robot be- \u00e9s kirakod\u00e1s, valamint az automatikus permetez\u00e9s megval\u00f3s\u00edt\u00e1s\u00e1hoz, a tervez\u00e9si kapacit\u00e1s m\u0171szakonk\u00e9nt 4000 darab;<br \/>\nRendelkez\u00fcnk egy f\u00e9lautomata fest\u00e9kgy\u00e1rt\u00f3sorral is nagym\u00e9ret\u0171 palackokhoz, amelyet egy er\u0151\u00e1tviteli l\u00e1nc hajt, m\u0171szakonk\u00e9nt 60 doboz tervez\u00e9si kapacit\u00e1ssal.<\/p>\n<p><img loading=\"lazy\" decoding=\"async\" class=\"alignnone wp-image-630\" src=\"https:\/\/hydraulic-cylinders.net\/wp-content\/uploads\/2023\/08\/hydraulic-cylinder-product-5-300x213.webp\" alt=\"\" width=\"366\" height=\"260\" \/> <img loading=\"lazy\" decoding=\"async\" class=\"alignnone wp-image-631\" src=\"https:\/\/hydraulic-cylinders.net\/wp-content\/uploads\/2023\/08\/hydraulic-cylinder-product-6-300x225.webp\" alt=\"\" width=\"347\" height=\"260\" \/><\/p>\n<h3>(5) Tesztel\u00e9s<\/h3>\n<p>Els\u0151 oszt\u00e1ly\u00fa ellen\u0151rz\u0151 l\u00e9tes\u00edtm\u00e9nyekkel \u00e9s tesztpadokkal rendelkez\u00fcnk annak biztos\u00edt\u00e1s\u00e1ra, hogy a palack teljes\u00edtm\u00e9nye megfeleljen a k\u00f6vetelm\u00e9nyeknek.<\/p>\n<p><img loading=\"lazy\" decoding=\"async\" class=\"alignnone wp-image-632\" src=\"https:\/\/hydraulic-cylinders.net\/wp-content\/uploads\/2023\/08\/hydraulic-cylinder-product-8-300x200.webp\" alt=\"\" width=\"389\" height=\"260\" \/><\/p>\n<p>&nbsp;<\/p>\n<p>&nbsp;<\/p>\n<p>Mi vagyunk az egyik legjobb k\u00f6nny\u0171, n\u00e9gyrudas hidraulikus henger gy\u00e1rt\u00f3. \u00c1tfog\u00f3 k\u00f6nny\u0171, n\u00e9gyrudas hidraulikus henger k\u00e9szletet k\u00edn\u00e1lunk. Megfelel\u0151... <a href=\"https:\/\/hzpt.com\/agricultural-pto-gearbox\/\" target=\"_blank\" rel=\"noopener\">mez\u0151gazdas\u00e1gi sebess\u00e9gv\u00e1lt\u00f3k<\/a>Term\u00e9keinket vil\u00e1gszerte export\u00e1ltuk \u00fcgyfeleinknek, \u00e9s kiv\u00e1l\u00f3 term\u00e9kmin\u0151s\u00e9g\u00fcnknek \u00e9s \u00e9rt\u00e9kes\u00edt\u00e9s ut\u00e1ni szolg\u00e1ltat\u00e1sunknak k\u00f6sz\u00f6nhet\u0151en j\u00f3 h\u00edrnevet szerezt\u00fcnk. Szeretettel v\u00e1rjuk belf\u00f6ldi \u00e9s k\u00fclf\u00f6ldi \u00fcgyfeleinket, hogy \u00fczleti t\u00e1rgyal\u00e1sok, inform\u00e1ci\u00f3csere \u00e9s egy\u00e9b lehet\u0151s\u00e9gek c\u00e9lj\u00e1b\u00f3l kapcsolatba l\u00e9pjenek vel\u00fcnk.\u00a0<a href=\"https:\/\/www.hydraulic-cylinders.net\/hu\/contact-us\/\">egy\u00fcttm\u0171k\u00f6dni vel\u00fcnk<\/a>!<\/p>\n<h2><\/h2>","protected":false},"excerpt":{"rendered":"<p>TD Type Four Rod Hydraulic Cylinder The Type TD four rod hydraulic cylinder is a high-performance hydraulic element designed to meet the needs of various industrial applications. With its innovative design, precision engineering, and superior durability, this fou rod hydraulic cylinder offers exceptional functionality and efficiency. Essential Characteristics Of Four Rod Hydraulic Cylinder: The TD [&hellip;]<\/p>","protected":false},"featured_media":981,"comment_status":"open","ping_status":"closed","template":"","meta":{"_et_pb_use_builder":"","_et_pb_old_content":"","_et_gb_content_width":""},"product_brand":[],"product_cat":[1376,1386],"product_tag":[1380],"class_list":{"0":"post-977","1":"product","2":"type-product","3":"status-publish","4":"has-post-thumbnail","6":"product_cat-hydraulic-cylinder","7":"product_cat-four-rod-hydraulic-cylinder","8":"product_tag-hydraulic-cylinder","10":"first","11":"instock","12":"shipping-taxable","13":"product-type-simple"},"amp_enabled":true,"_links":{"self":[{"href":"https:\/\/www.hydraulic-cylinders.net\/hu\/wp-json\/wp\/v2\/product\/977","targetHints":{"allow":["GET"]}}],"collection":[{"href":"https:\/\/www.hydraulic-cylinders.net\/hu\/wp-json\/wp\/v2\/product"}],"about":[{"href":"https:\/\/www.hydraulic-cylinders.net\/hu\/wp-json\/wp\/v2\/types\/product"}],"replies":[{"embeddable":true,"href":"https:\/\/www.hydraulic-cylinders.net\/hu\/wp-json\/wp\/v2\/comments?post=977"}],"wp:featuredmedia":[{"embeddable":true,"href":"https:\/\/www.hydraulic-cylinders.net\/hu\/wp-json\/wp\/v2\/media\/981"}],"wp:attachment":[{"href":"https:\/\/www.hydraulic-cylinders.net\/hu\/wp-json\/wp\/v2\/media?parent=977"}],"wp:term":[{"taxonomy":"product_brand","embeddable":true,"href":"https:\/\/www.hydraulic-cylinders.net\/hu\/wp-json\/wp\/v2\/product_brand?post=977"},{"taxonomy":"product_cat","embeddable":true,"href":"https:\/\/www.hydraulic-cylinders.net\/hu\/wp-json\/wp\/v2\/product_cat?post=977"},{"taxonomy":"product_tag","embeddable":true,"href":"https:\/\/www.hydraulic-cylinders.net\/hu\/wp-json\/wp\/v2\/product_tag?post=977"}],"curies":[{"name":"munkaf\u00fczet","href":"https:\/\/api.w.org\/{rel}","templated":true}]}}