{"id":996,"date":"2023-09-06T08:19:26","date_gmt":"2023-09-06T08:19:26","guid":{"rendered":"https:\/\/hydraulic-cylinders.net\/?post_type=product&#038;p=996"},"modified":"2023-09-19T01:37:35","modified_gmt":"2023-09-19T01:37:35","slug":"c-type-seat-four-rod-hydraulic-cylinder","status":"publish","type":"product","link":"https:\/\/www.hydraulic-cylinders.net\/hu\/termek\/c-type-seat-four-rod-hydraulic-cylinder\/","title":{"rendered":"C-t\u00edpus\u00fa n\u00e9gy r\u00fados hidraulikus henger"},"content":{"rendered":"<h1 style=\"text-align: center;\"><strong>C-t\u00edpus\u00fa n\u00e9gy r\u00fados hidraulikus henger<\/strong><\/h1>\n<p><img loading=\"lazy\" decoding=\"async\" class=\"size-full wp-image-1029 aligncenter\" src=\"https:\/\/hydraulic-cylinders.net\/wp-content\/uploads\/2023\/09\/c-type-seat-four-pull-rod-hydraulic-cylinder-1-1.webp\" alt=\"\" width=\"226\" height=\"226\" srcset=\"https:\/\/www.hydraulic-cylinders.net\/wp-content\/uploads\/2023\/09\/c-type-seat-four-pull-rod-hydraulic-cylinder-1-1.webp 226w, https:\/\/www.hydraulic-cylinders.net\/wp-content\/uploads\/2023\/09\/c-type-seat-four-pull-rod-hydraulic-cylinder-1-1-100x100.webp 100w, https:\/\/www.hydraulic-cylinders.net\/wp-content\/uploads\/2023\/09\/c-type-seat-four-pull-rod-hydraulic-cylinder-1-1-150x150.webp 150w, https:\/\/www.hydraulic-cylinders.net\/wp-content\/uploads\/2023\/09\/c-type-seat-four-pull-rod-hydraulic-cylinder-1-1-12x12.webp 12w\" sizes=\"(max-width: 226px) 100vw, 226px\" \/><\/p>\n<p>A C-\u00fcl\u00e9kes, n\u00e9gyrudas hidraulikus henger egy nagy teljes\u00edtm\u00e9ny\u0171 hidraulikus elem, amely robusztus \u00e9s megb\u00edzhat\u00f3 line\u00e1ris mozg\u00e1st biztos\u00edt sz\u00e1mos ipari alkalmaz\u00e1sban. Egyedi C-alak\u00fa \u00fcl\u00e9k\u00e9nek \u00e9s n\u00e9gyrudas konfigur\u00e1ci\u00f3j\u00e1nak k\u00f6sz\u00f6nhet\u0151en ez a n\u00e9gyrudas hidraulikus henger kiv\u00e1l\u00f3 szil\u00e1rds\u00e1got, stabilit\u00e1st \u00e9s pontoss\u00e1got k\u00edn\u00e1l, \u00edgy ide\u00e1lis az ig\u00e9nyes hidraulikus rendszerekhez.<\/p>\n<p>N\u00e9gyrudas hidraulikus henger alapvet\u0151 jellemz\u0151i:<\/p>\n<p><strong>C-t\u00edpus\u00fa \u00fcl\u00e9skialak\u00edt\u00e1s:<\/strong><\/p>\n<ol>\n<li style=\"list-style-type: none;\">\n<ul>\n<li>A n\u00e9gyrudas hidraulikus henger C alak\u00fa foglalattal rendelkezik a biztons\u00e1gos \u00e9s stabil beszerel\u00e9s \u00e9rdek\u00e9ben.<\/li>\n<li>A C-\u00fcl\u00e9ses kialak\u00edt\u00e1s fokozott merevs\u00e9get \u00e9s teherb\u00edr\u00e1st biztos\u00edt, biztos\u00edtva az optim\u00e1lis teljes\u00edtm\u00e9nyt nagy ig\u00e9nybev\u00e9tel\u0171 alkalmaz\u00e1sokban.<\/li>\n<\/ul>\n<\/li>\n<\/ol>\n<p><strong>N\u00e9gy h\u00faz\u00f3r\u00fad konfigur\u00e1ci\u00f3:<\/strong><\/p>\n<ol>\n<li style=\"list-style-type: none;\">\n<ul>\n<li>A n\u00e9gyrudas hidraulikus munkahenger n\u00e9gy \u00f6sszek\u00f6t\u0151r\u00fad-konfigur\u00e1ci\u00f3t alkalmaz a terhel\u00e9s egyenletes eloszt\u00e1sa \u00e9s a stabilit\u00e1s jav\u00edt\u00e1sa \u00e9rdek\u00e9ben m\u0171k\u00f6d\u00e9s k\u00f6zben.<\/li>\n<li>A n\u00e9gy h\u00faz\u00f3r\u00fad egy\u00fcttesen kiegyens\u00falyozott er\u0151kifejt\u00e9st biztos\u00edt \u00e9s minimaliz\u00e1lja az egyes alkatr\u00e9szekre nehezed\u0151 terhel\u00e9st.<\/li>\n<\/ul>\n<\/li>\n<\/ol>\n<p><strong>Nagy szil\u00e1rds\u00e1g\u00fa konstrukci\u00f3:<\/strong><\/p>\n<ol>\n<li style=\"list-style-type: none;\">\n<ul>\n<li>A n\u00e9gyrudas hidraulikus henger kiv\u00e1l\u00f3 min\u0151s\u00e9g\u0171 anyagb\u00f3l k\u00e9sz\u00fclt \u00e9s tart\u00f3s.<\/li>\n<li>\u00dagy tervezt\u00e9k, hogy ellen\u00e1lljon a nagy terhel\u00e9seknek, a magas nyom\u00e1snak \u00e9s a zord \u00fczemi k\u00f6r\u00fclm\u00e9nyeknek, \u00edgy alkalmass\u00e1 teszi a kih\u00edv\u00e1st jelent\u0151 ipari k\u00f6rnyezetekre.<\/li>\n<\/ul>\n<\/li>\n<\/ol>\n<p><strong>Pontoss\u00e1g \u00e9s kontroll:<\/strong><\/p>\n<ul>\n<li style=\"list-style-type: none;\">\n<ul>\n<li>A C-\u00fcl\u00e9ses, n\u00e9gyrudas hidraulikus munkahenger prec\u00edz, szab\u00e1lyozott line\u00e1ris mozg\u00e1st biztos\u00edt.<\/li>\n<li>Pontos pozicion\u00e1l\u00e1st, z\u00f6kken\u0151mentes m\u0171k\u00f6d\u00e9st \u00e9s kiv\u00e1l\u00f3 ism\u00e9tl\u00e9si pontoss\u00e1got biztos\u00edt, biztos\u00edtva az \u00e1lland\u00f3 teljes\u00edtm\u00e9nyt a kritikus alkalmaz\u00e1sokban.<\/li>\n<\/ul>\n<\/li>\n<\/ul>\n<h2><strong>C t\u00edpus\u00fa \u00fcl\u00e9s n\u00e9gyr\u00fad hidraulikus henger param\u00e9tere:<\/strong><\/h2>\n<p><img loading=\"lazy\" decoding=\"async\" class=\"alignnone size-medium wp-image-1030\" src=\"https:\/\/hydraulic-cylinders.net\/wp-content\/uploads\/2023\/09\/c-type-seat-four-pull-rod-hydraulic-cylinder-2-300x86.webp\" alt=\"\" width=\"300\" height=\"86\" \/><\/p>\n<p><img loading=\"lazy\" decoding=\"async\" class=\"alignnone size-full wp-image-320248\" src=\"https:\/\/hzpt.com\/wp-content\/uploads\/2023\/09\/jj-hh-c-four-rod-hydraulic-cylinder.webp\" alt=\"\" width=\"655\" height=\"218\" \/><\/p>\n<h2><strong>C-t\u00edpus\u00fa n\u00e9gy r\u00fados hidraulikus henger <\/strong><strong>Felhaszn\u00e1l\u00e1si m\u00f3dszer<\/strong><strong>:<\/strong><\/h2>\n<p><strong>Szerel\u00e9s \u00e9s telep\u00edt\u00e9s:<\/strong><\/p>\n<ol>\n<li style=\"list-style-type: none;\">\n<ul>\n<li>Hat\u00e1rozza meg a n\u00e9gyrudas hidraulikus henger megfelel\u0151 hely\u00e9t a hidraulikus rendszerben.<\/li>\n<li>Gy\u0151z\u0151dj\u00f6n meg arr\u00f3l, hogy a telep\u00edt\u00e9si fel\u00fclet tiszta \u00e9s mentes a t\u00f6rmel\u00e9kt\u0151l vagy szennyez\u0151d\u00e9sekt\u0151l.<\/li>\n<li>Igaz\u00edtsa a C-\u00fcl\u00e9st a szerel\u00e9si fel\u00fclethez, \u00e9s r\u00f6gz\u00edtse megfelel\u0151 csavarokkal vagy r\u00f6gz\u00edt\u0151elemekkel.<\/li>\n<\/ul>\n<\/li>\n<\/ol>\n<p><strong>Hidraulikus csatlakoz\u00e1sok:<\/strong><\/p>\n<ol>\n<li style=\"list-style-type: none;\">\n<ul>\n<li>Csatlakoztassa a hidraulikus ell\u00e1t\u00f3vezet\u00e9ket a henger csatlakoz\u00f3j\u00e1hoz, \u00fcgyelve a megfelel\u0151 t\u00f6m\u00edt\u00e9sre a sziv\u00e1rg\u00e1s elker\u00fcl\u00e9se \u00e9rdek\u00e9ben.<\/li>\n<li>K\u00f6vesse a gy\u00e1rt\u00f3 hidraulikaolaj-t\u00edpusra vonatkoz\u00f3 aj\u00e1nl\u00e1sait, \u00e9s ennek megfelel\u0151en t\u00f6ltse fel a rendszert.<\/li>\n<\/ul>\n<\/li>\n<\/ol>\n<p><strong>M\u0171velet:<\/strong><\/p>\n<ul>\n<li style=\"list-style-type: none;\">\n<ul>\n<li>Aktiv\u00e1lja a hidraulikus rendszert, \u00e9s a hidraulikus vez\u00e9rl\u0151szelep seg\u00edts\u00e9g\u00e9vel szab\u00e1lyozza a henger mozg\u00e1s\u00e1t.<\/li>\n<li>\u00c1ll\u00edtsa be az \u00e1raml\u00e1si \u00e9s nyom\u00e1sbe\u00e1ll\u00edt\u00e1sokat a k\u00edv\u00e1nt sebess\u00e9g \u00e9s er\u0151kimenet el\u00e9r\u00e9s\u00e9hez.<\/li>\n<li>Figyelje a henger m\u0171k\u00f6d\u00e9s\u00e9t, hogy nincsenek-e rendelleness\u00e9gek vagy meghib\u00e1sod\u00e1si jelek.<\/li>\n<\/ul>\n<\/li>\n<\/ul>\n<h2><strong>C t\u00edpus\u00fa \u00fcl\u00e9s n\u00e9gyrudas hidraulikus henger <\/strong><strong>Karbantart\u00e1s<\/strong><strong>:<\/strong><\/h2>\n<p><strong>Rendszeres ellen\u0151rz\u00e9s:<\/strong><\/p>\n<ol>\n<li style=\"list-style-type: none;\">\n<ul>\n<li>V\u00e9gezzen rendszeres vizu\u00e1lis ellen\u0151rz\u00e9st, hogy ellen\u0151rizze a kop\u00e1s, sziv\u00e1rg\u00e1s vagy s\u00e9r\u00fcl\u00e9s jeleit.<\/li>\n<li>Ellen\u0151rizze a t\u00f6m\u00edt\u00e9seket, \u00f6sszek\u00f6t\u0151rudakat \u00e9s hengerblokkokat rendelleness\u00e9gek szempontj\u00e1b\u00f3l, \u00e9s id\u0151ben cser\u00e9lje ki a kopott vagy s\u00e9r\u00fclt alkatr\u00e9szeket.<\/li>\n<\/ul>\n<\/li>\n<\/ol>\n<p><strong>Ken\u00e9s:<\/strong><\/p>\n<ol>\n<li style=\"list-style-type: none;\">\n<ul>\n<li>K\u00f6vesse a gy\u00e1rt\u00f3 ken\u00e9si intervallumaira vonatkoz\u00f3 ir\u00e1nyelveket, \u00e9s haszn\u00e1lja az aj\u00e1nlott ken\u0151anyagot a z\u00f6kken\u0151mentes m\u0171k\u00f6d\u00e9s biztos\u00edt\u00e1sa \u00e9rdek\u00e9ben.<\/li>\n<li>Kenje meg a rudakat \u00e9s a t\u00f6m\u00edt\u00e9seket a s\u00farl\u00f3d\u00e1s elker\u00fcl\u00e9se \u00e9s a henger \u00e9lettartam\u00e1nak meghosszabb\u00edt\u00e1sa \u00e9rdek\u00e9ben.<\/li>\n<\/ul>\n<\/li>\n<\/ol>\n<p><strong>T\u00f6m\u00edt\u00e9scsere:<\/strong><\/p>\n<ul>\n<li style=\"list-style-type: none;\">\n<ul>\n<li>Id\u0151vel a t\u00f6m\u00edt\u00e9sek elhaszn\u00e1l\u00f3dhatnak, \u00e9s cser\u00e9re szorulhatnak.<\/li>\n<li>A t\u00f6m\u00edt\u00e9sek cser\u00e9jekor \u00fcgyeljen arra, hogy azok a gy\u00e1rt\u00f3 \u00e1ltal aj\u00e1nlott megfelel\u0151 m\u00e9ret\u0171ek \u00e9s t\u00edpus\u00faak legyenek.<\/li>\n<li>A t\u00f6m\u00edt\u00e9scsere sor\u00e1n a henger sz\u00e9tszerel\u00e9s\u00e9hez \u00e9s \u00f6sszeszerel\u00e9s\u00e9hez k\u00f6vesse a megfelel\u0151 elj\u00e1r\u00e1sokat.<\/li>\n<\/ul>\n<\/li>\n<\/ul>\n<h2><strong>Hogyan jav\u00edtsunk meg egy hidraulikus hengert?<\/strong><\/h2>\n<p>A hidraulikus henger jav\u00edt\u00e1sa apr\u00f3l\u00e9kos figyelmet \u00e9s a hidraulikus rendszerek ismeret\u00e9t ig\u00e9nyli. \u00cdme egy \u00e1ltal\u00e1nos \u00fatmutat\u00f3 a hidraulikus henger jav\u00edt\u00e1s\u00e1hoz:<\/p>\n<ol>\n<li><strong>Els\u0151 a biztons\u00e1g:<\/strong>\n<ul>\n<li>B\u00e1rmilyen jav\u00edt\u00e1s megkezd\u00e9se el\u0151tt gy\u0151z\u0151dj\u00f6n meg arr\u00f3l, hogy a hidraulikus rendszer nyom\u00e1smentes\u00edtett, \u00e9s minden \u00e1ramforr\u00e1s le van v\u00e1lasztva.<\/li>\n<li>A jav\u00edt\u00e1si folyamat sor\u00e1n haszn\u00e1ljon megfelel\u0151 v\u00e9d\u0151felszerel\u00e9st, p\u00e9ld\u00e1ul keszty\u0171t \u00e9s szemv\u00e9d\u0151t.<\/li>\n<\/ul>\n<\/li>\n<li><strong>A probl\u00e9ma azonos\u00edt\u00e1sa:<\/strong>\n<ul>\n<li>Vizsg\u00e1lja meg a hidraulikus hengert a meghib\u00e1sod\u00e1s vagy s\u00e9r\u00fcl\u00e9s ok\u00e1nak meg\u00e1llap\u00edt\u00e1s\u00e1hoz.<\/li>\n<li>Gyakori probl\u00e9m\u00e1k lehetnek a sziv\u00e1rg\u00e1sok, s\u00e9r\u00fclt t\u00f6m\u00edt\u00e9sek, g\u00f6rb\u00fclt rudak vagy elkopott alkatr\u00e9szek.<\/li>\n<li>Figyeljen fel minden l\u00e1that\u00f3 kop\u00e1si jelre, sziv\u00e1rg\u00e1sra vagy rendellenes mozg\u00e1sra.<\/li>\n<\/ul>\n<\/li>\n<li><strong>Sz\u00e9tszerel\u00e9s:<\/strong>\n<ul>\n<li>Kezdje a hidraulikus henger elt\u00e1vol\u00edt\u00e1s\u00e1val a berendez\u00e9sb\u0151l vagy a rendszerb\u0151l.<\/li>\n<li>\u00d3vatosan szerelje sz\u00e9t a hengert, a gy\u00e1rt\u00f3 utas\u00edt\u00e1sait k\u00f6vetve.<\/li>\n<li>K\u00e9sz\u00edtsen f\u00e9nyk\u00e9peket vagy jegyzeteket a sz\u00e9tszerel\u00e9s sor\u00e1n, hogy megk\u00f6nny\u00edtse az \u00f6sszeszerel\u00e9st.<\/li>\n<\/ul>\n<\/li>\n<li><strong>Ellen\u0151rz\u00e9s \u00e9s tiszt\u00edt\u00e1s:<\/strong>\n<ul>\n<li>Alaposan ellen\u0151rizze az \u00f6sszes alkatr\u00e9szt kop\u00e1s, s\u00e9r\u00fcl\u00e9s vagy szennyez\u0151d\u00e9s jelei szempontj\u00e1b\u00f3l.<\/li>\n<li>Tiszt\u00edtsa meg az \u00f6sszes alkatr\u00e9szt megfelel\u0151 tiszt\u00edt\u00f3szerrel a szennyez\u0151d\u00e9sek, t\u00f6rmel\u00e9kek \u00e9s hidraulikafolyad\u00e9k maradv\u00e1nyok elt\u00e1vol\u00edt\u00e1sa \u00e9rdek\u00e9ben.<\/li>\n<li>Vizsg\u00e1lja meg a rudakat, dugatty\u00fakat, t\u00f6m\u00edt\u00e9seket \u00e9s hengerfejeket hib\u00e1k vagy t\u00falzott kop\u00e1s jelei szempontj\u00e1b\u00f3l.<\/li>\n<\/ul>\n<\/li>\n<li><strong>T\u00f6m\u00edt\u00e9sek \u00e9s O-gy\u0171r\u0171k cser\u00e9je:<\/strong>\n<ul>\n<li>A s\u00e9r\u00fclt vagy kopott t\u00f6m\u00edt\u00e9sek \u00e9s O-gy\u0171r\u0171k gyakran okoznak probl\u00e9m\u00e1kat a hidraulikus hengerekben.<\/li>\n<li>Cser\u00e9lje ki az \u00f6sszes t\u00f6m\u00edt\u00e9st \u00e9s O-gy\u0171r\u0171t a gy\u00e1rt\u00f3 \u00e1ltal megadott specifik\u00e1ci\u00f3knak megfelel\u0151 \u00fajakra.<\/li>\n<li>A beszerel\u00e9s el\u0151tt gondoskodjon a megfelel\u0151 illeszt\u00e9sr\u0151l, \u00e9s kenje meg a t\u00f6m\u00edt\u00e9seket hidraulikafolyad\u00e9kkal.<\/li>\n<\/ul>\n<\/li>\n<li><strong>R\u00fadkiegyenes\u00edt\u00e9s vagy csere:<\/strong>\n<ul>\n<li>Ha a r\u00fad g\u00f6rb\u00fclt vagy s\u00e9r\u00fclt, akkor sz\u00fcks\u00e9g lehet kiegyenes\u00edt\u00e9sre vagy cser\u00e9re.<\/li>\n<li>Egyenes\u00edtse ki a hajl\u00edtott rudat hidraulikus pr\u00e9ssel, vagy k\u00e9rjen szakember seg\u00edts\u00e9g\u00e9t.<\/li>\n<li>Ha a r\u00fad s\u00falyosan s\u00e9r\u00fclt, el\u0151fordulhat, hogy teljesen ki kell cser\u00e9lni.<\/li>\n<\/ul>\n<\/li>\n<li><strong>Alkatr\u00e9sz csere:<\/strong>\n<ul>\n<li>Vizsg\u00e1lja meg a t\u00f6bbi alkatr\u00e9szt, p\u00e9ld\u00e1ul a csap\u00e1gyakat, perselyeket \u00e9s dugatty\u00fakat is kop\u00e1s vagy s\u00e9r\u00fcl\u00e9s szempontj\u00e1b\u00f3l.<\/li>\n<li>Cser\u00e9lje ki a kopott vagy s\u00e9r\u00fclt alkatr\u00e9szeket a gy\u00e1rt\u00f3 el\u0151\u00edr\u00e1sainak megfelel\u0151 \u00fajakra.<\/li>\n<\/ul>\n<\/li>\n<li><strong>\u00dajb\u00f3li \u00f6sszeszerel\u00e9s:<\/strong>\n<ul>\n<li>Szerelje \u00f6ssze a hidraulikus hengert a sz\u00e9tszerel\u00e9s ford\u00edtott sorrendj\u00e9t k\u00f6vetve.<\/li>\n<li>\u00d6sszeszerel\u00e9skor vigyen fel egy v\u00e9kony r\u00e9teg hidraulikaolajat vagy zs\u00edrt a t\u00f6m\u00edt\u00e9sekre \u00e9s az alkatr\u00e9szekre.<\/li>\n<li>Gy\u0151z\u0151dj\u00f6n meg arr\u00f3l, hogy minden csatlakoz\u00e1s szoros \u00e9s megfelel\u0151en illeszkedik.<\/li>\n<\/ul>\n<\/li>\n<li><strong>Vizsg\u00e1lat \u00e9s ellen\u0151rz\u00e9s:<\/strong>\n<ul>\n<li>\u00d6sszeszerel\u00e9s ut\u00e1n ellen\u0151rizze a hidraulikus henger megfelel\u0151 m\u0171k\u00f6d\u00e9s\u00e9t.<\/li>\n<li>Csatlakoztassa \u00fajra a hidraulikus rendszert, \u00e9s alaposan ellen\u0151rizze az esetleges sziv\u00e1rg\u00e1sokat, rendellenes hangokat vagy szab\u00e1lytalan mozg\u00e1sokat.<\/li>\n<li>A sima \u00e9s k\u00f6vetkezetes m\u0171k\u00f6d\u00e9s biztos\u00edt\u00e1sa \u00e9rdek\u00e9ben t\u00f6bbsz\u00f6r is j\u00e1rassa a hengert.<\/li>\n<\/ul>\n<\/li>\n<li><strong>Rendszer\u00e1t\u00f6bl\u00edt\u00e9s \u00e9s folyad\u00e9kcsere:<\/strong><\/li>\n<\/ol>\n<ul>\n<li>Ha a jav\u00edt\u00e1si folyamat sor\u00e1n szennyez\u0151d\u00e9st tal\u00e1ltak, \u00f6bl\u00edtse \u00e1t a hidraulikus rendszert a t\u00f6rmel\u00e9k vagy szennyez\u0151d\u00e9sek elt\u00e1vol\u00edt\u00e1sa \u00e9rdek\u00e9ben.<\/li>\n<li>Cser\u00e9lje ki a hidraulikafolyad\u00e9kot frissre, a gy\u00e1rt\u00f3 folyad\u00e9kt\u00edpus- \u00e9s mennyis\u00e9gi aj\u00e1nl\u00e1sainak megfelel\u0151en.<\/li>\n<\/ul>\n<h2><strong>A gy\u00e1r kapacit\u00e1sa \u00e9s kapacit\u00e1sa:<\/strong><\/h2>\n<h3>(1) \u00d6sszeszerel\u00e9s<\/h3>\n<p>Els\u0151 oszt\u00e1ly\u00fa f\u00fcggetlen kutat\u00e1si \u00e9s fejleszt\u00e9si \u00f6sszeszerel\u00e9si platformmal rendelkez\u00fcnk. A hidraulikus hengergy\u00e1rt\u00f3 m\u0171hely n\u00e9gy f\u00e9lautomata emel\u0151henger-\u00f6sszeszerel\u0151 sorral \u00e9s egy automata billen\u0151henger-\u00f6sszeszerel\u0151 sorral rendelkezik, tervezett \u00e9ves gy\u00e1rt\u00e1si kapacit\u00e1sa 1 milli\u00f3 darab. A speci\u00e1lis henger m\u0171hely k\u00fcl\u00f6nb\u00f6z\u0151 specifik\u00e1ci\u00f3j\u00fa f\u00e9lautomata tiszt\u00edt\u00f3 \u00f6sszeszerel\u0151 rendszerrel van felszerelve, amelynek tervezett \u00e9ves termel\u00e9si kapacit\u00e1sa 200.000, \u00e9s h\u00edres CNC megmunk\u00e1l\u00f3 berendez\u00e9ssel, megmunk\u00e1l\u00f3 k\u00f6zponttal, nagy pontoss\u00e1g\u00fa hengerfeldolgoz\u00f3 speci\u00e1lis berendez\u00e9ssel, robothegeszt\u0151 g\u00e9ppel, automatikus tiszt\u00edt\u00f3g\u00e9ppel, automatikus henger \u00f6sszeszerel\u0151 g\u00e9ppel \u00e9s automatikus fest\u00e9si gy\u00e1rt\u00f3sorral van felszerelve. A megl\u00e9v\u0151 kritikus berendez\u00e9sek t\u00f6bb mint 300 k\u00e9szlet (k\u00e9szlet). A berendez\u00e9sek er\u0151forr\u00e1sainak optim\u00e1lis eloszt\u00e1sa \u00e9s hat\u00e9kony felhaszn\u00e1l\u00e1sa biztos\u00edtja a term\u00e9kek pontoss\u00e1gi k\u00f6vetelm\u00e9nyeit \u00e9s megfelel a term\u00e9kek min\u0151s\u00e9gi ig\u00e9nyeinek.<\/p>\n<p><img loading=\"lazy\" decoding=\"async\" class=\"alignnone wp-image-626\" src=\"https:\/\/hydraulic-cylinders.net\/wp-content\/uploads\/2023\/08\/hydraulic-cylinder-product-1-300x158.webp\" alt=\"\" width=\"495\" height=\"260\" srcset=\"https:\/\/hydraulic-cylinders.net\/wp-content\/uploads\/2023\/08\/hydraulic-cylinder-product-1-300x158.webp 495w, https:\/\/hydraulic-cylinders.net\/wp-content\/uploads\/2023\/08\/hydraulic-cylinder-product-1-480x252.webp 480w\" sizes=\"(min-width: 0px) and (max-width: 480px) 480px, (min-width: 481px) 495px, 100vw\" \/> <img loading=\"lazy\" decoding=\"async\" class=\"alignnone wp-image-627\" src=\"https:\/\/hydraulic-cylinders.net\/wp-content\/uploads\/2023\/08\/hydraulic-cylinder-product-2-300x189.webp\" alt=\"\" width=\"413\" height=\"260\" \/><\/p>\n<h3>(2) Megmunk\u00e1l\u00e1s<\/h3>\n<p>A megmunk\u00e1l\u00f3m\u0171hely egyedi, ferde s\u00edneszterg\u00e1l\u00f3 k\u00f6zponttal, megmunk\u00e1l\u00f3k\u00f6zponttal, nagysebess\u00e9g\u0171 h\u00f3nol\u00f3g\u00e9ppel, hegeszt\u0151robottal \u00e9s egy\u00e9b kapcsol\u00f3d\u00f3 berendez\u00e9sekkel van felszerelve, amelyek legfeljebb 400 mm bels\u0151 \u00e1tm\u00e9r\u0151j\u0171 \u00e9s legfeljebb 6 m\u00e9ter hossz\u00fa hengercs\u00f6vek megmunk\u00e1l\u00e1s\u00e1ra k\u00e9pesek.<\/p>\n<p><img loading=\"lazy\" decoding=\"async\" class=\"alignnone wp-image-628 size-large\" src=\"https:\/\/hydraulic-cylinders.net\/wp-content\/uploads\/2023\/08\/hydraulic-cylinder-product-3-1024x391.webp\" alt=\"\" width=\"1024\" height=\"391\" srcset=\"https:\/\/hydraulic-cylinders.net\/wp-content\/uploads\/2023\/08\/hydraulic-cylinder-product-3-980x374.webp 980w, https:\/\/hydraulic-cylinders.net\/wp-content\/uploads\/2023\/08\/hydraulic-cylinder-product-3-480x183.webp 480w\" sizes=\"(min-width: 0px) and (max-width: 480px) 480px, (min-width: 481px) and (max-width: 980px) 980px, (min-width: 981px) 1024px, 100vw\" \/><\/p>\n<h3>(3) Hegeszt\u00e9s<\/h3>\n<p><img loading=\"lazy\" decoding=\"async\" class=\"alignnone wp-image-629 size-large\" src=\"https:\/\/hydraulic-cylinders.net\/wp-content\/uploads\/2023\/08\/hydraulic-cylinder-product-4-1024x510.webp\" alt=\"\" width=\"1024\" height=\"510\" srcset=\"https:\/\/hydraulic-cylinders.net\/wp-content\/uploads\/2023\/08\/hydraulic-cylinder-product-4-980x488.webp 980w, https:\/\/hydraulic-cylinders.net\/wp-content\/uploads\/2023\/08\/hydraulic-cylinder-product-4-480x239.webp 480w\" sizes=\"(min-width: 0px) and (max-width: 480px) 480px, (min-width: 481px) and (max-width: 980px) 980px, (min-width: 981px) 1024px, 100vw\" \/><\/p>\n<h3>(4) Fest\u00e9s \u00e9s bevonatol\u00e1s<\/h3>\n<p>Kis \u00e9s k\u00f6zepes m\u00e9ret\u0171 hengeres automatikus v\u00edzb\u00e1zis\u00fa fest\u00e9kbevon\u00f3 sorokkal, az automatikus robot be- \u00e9s kirakod\u00e1s, valamint az automatikus permetez\u00e9s megval\u00f3s\u00edt\u00e1s\u00e1hoz, a tervez\u00e9si kapacit\u00e1s m\u0171szakonk\u00e9nt 4000 darab;<br \/>\nRendelkez\u00fcnk egy f\u00e9lautomata fest\u00e9kgy\u00e1rt\u00f3sorral is nagym\u00e9ret\u0171 palackokhoz, amelyet egy er\u0151\u00e1tviteli l\u00e1nc hajt, m\u0171szakonk\u00e9nt 60 doboz tervez\u00e9si kapacit\u00e1ssal.<\/p>\n<p><img loading=\"lazy\" decoding=\"async\" class=\"alignnone wp-image-630\" src=\"https:\/\/hydraulic-cylinders.net\/wp-content\/uploads\/2023\/08\/hydraulic-cylinder-product-5-300x213.webp\" alt=\"\" width=\"366\" height=\"260\" \/> <img loading=\"lazy\" decoding=\"async\" class=\"alignnone wp-image-631\" src=\"https:\/\/hydraulic-cylinders.net\/wp-content\/uploads\/2023\/08\/hydraulic-cylinder-product-6-300x225.webp\" alt=\"\" width=\"347\" height=\"260\" \/><\/p>\n<h3>(5) Tesztel\u00e9s<\/h3>\n<p>Els\u0151 oszt\u00e1ly\u00fa ellen\u0151rz\u0151 l\u00e9tes\u00edtm\u00e9nyekkel \u00e9s tesztpadokkal rendelkez\u00fcnk annak biztos\u00edt\u00e1s\u00e1ra, hogy a palack teljes\u00edtm\u00e9nye megfeleljen a k\u00f6vetelm\u00e9nyeknek.<\/p>\n<p><img loading=\"lazy\" decoding=\"async\" class=\"alignnone wp-image-632\" src=\"https:\/\/hydraulic-cylinders.net\/wp-content\/uploads\/2023\/08\/hydraulic-cylinder-product-8-300x200.webp\" alt=\"\" width=\"389\" height=\"260\" \/><\/p>\n<p>&nbsp;<\/p>\n<p>&nbsp;<\/p>\n<p>Mi vagyunk az egyik legjobb k\u00f6nny\u0171, n\u00e9gyrudas hidraulikus henger gy\u00e1rt\u00f3. \u00c1tfog\u00f3 k\u00f6nny\u0171, n\u00e9gyrudas hidraulikus henger k\u00e9szletet k\u00edn\u00e1lunk. Megfelel\u0151... <a href=\"https:\/\/hzpt.com\/agricultural-pto-gearbox\/\" target=\"_blank\" rel=\"noopener\">mez\u0151gazdas\u00e1gi sebess\u00e9gv\u00e1lt\u00f3k<\/a>Term\u00e9keinket vil\u00e1gszerte export\u00e1ltuk \u00fcgyfeleinknek, \u00e9s kiv\u00e1l\u00f3 term\u00e9kmin\u0151s\u00e9g\u00fcnknek \u00e9s \u00e9rt\u00e9kes\u00edt\u00e9s ut\u00e1ni szolg\u00e1ltat\u00e1sunknak k\u00f6sz\u00f6nhet\u0151en j\u00f3 h\u00edrnevet szerezt\u00fcnk. Szeretettel v\u00e1rjuk belf\u00f6ldi \u00e9s k\u00fclf\u00f6ldi \u00fcgyfeleinket, hogy \u00fczleti t\u00e1rgyal\u00e1sok, inform\u00e1ci\u00f3csere \u00e9s egy\u00e9b lehet\u0151s\u00e9gek c\u00e9lj\u00e1b\u00f3l kapcsolatba l\u00e9pjenek vel\u00fcnk.\u00a0<a href=\"https:\/\/www.hydraulic-cylinders.net\/hu\/contact-us\/\">egy\u00fcttm\u0171k\u00f6dni vel\u00fcnk<\/a>!<\/p>\n<h2><\/h2>\n<h2><\/h2>","protected":false},"excerpt":{"rendered":"<p>C Type Seat Four Rod Hydraulic Cylinder The C-seat four rod hydraulic cylinder is a high-performance hydraulic element that provides robust and reliable linear motion in a variety of industrial applications. With its unique C-shaped seat and four rod configuration, this four rod hydraulic cylinder offers superior strength, stability, and accuracy, making it ideal for [&hellip;]<\/p>","protected":false},"featured_media":999,"comment_status":"open","ping_status":"closed","template":"","meta":{"_et_pb_use_builder":"","_et_pb_old_content":"","_et_gb_content_width":""},"product_brand":[],"product_cat":[1376,1386],"product_tag":[1380],"class_list":{"0":"post-996","1":"product","2":"type-product","3":"status-publish","4":"has-post-thumbnail","6":"product_cat-hydraulic-cylinder","7":"product_cat-four-rod-hydraulic-cylinder","8":"product_tag-hydraulic-cylinder","10":"first","11":"instock","12":"shipping-taxable","13":"product-type-simple"},"amp_enabled":true,"_links":{"self":[{"href":"https:\/\/www.hydraulic-cylinders.net\/hu\/wp-json\/wp\/v2\/product\/996","targetHints":{"allow":["GET"]}}],"collection":[{"href":"https:\/\/www.hydraulic-cylinders.net\/hu\/wp-json\/wp\/v2\/product"}],"about":[{"href":"https:\/\/www.hydraulic-cylinders.net\/hu\/wp-json\/wp\/v2\/types\/product"}],"replies":[{"embeddable":true,"href":"https:\/\/www.hydraulic-cylinders.net\/hu\/wp-json\/wp\/v2\/comments?post=996"}],"wp:featuredmedia":[{"embeddable":true,"href":"https:\/\/www.hydraulic-cylinders.net\/hu\/wp-json\/wp\/v2\/media\/999"}],"wp:attachment":[{"href":"https:\/\/www.hydraulic-cylinders.net\/hu\/wp-json\/wp\/v2\/media?parent=996"}],"wp:term":[{"taxonomy":"product_brand","embeddable":true,"href":"https:\/\/www.hydraulic-cylinders.net\/hu\/wp-json\/wp\/v2\/product_brand?post=996"},{"taxonomy":"product_cat","embeddable":true,"href":"https:\/\/www.hydraulic-cylinders.net\/hu\/wp-json\/wp\/v2\/product_cat?post=996"},{"taxonomy":"product_tag","embeddable":true,"href":"https:\/\/www.hydraulic-cylinders.net\/hu\/wp-json\/wp\/v2\/product_tag?post=996"}],"curies":[{"name":"munkaf\u00fczet","href":"https:\/\/api.w.org\/{rel}","templated":true}]}}