{"id":1238,"date":"2023-09-14T08:14:17","date_gmt":"2023-09-14T08:14:17","guid":{"rendered":"https:\/\/hydraulic-cylinders.net\/?post_type=product&#038;p=1238"},"modified":"2025-04-11T05:26:15","modified_gmt":"2025-04-11T05:26:15","slug":"hrob-type-standard-b-type-circular-hydraulic-cylinder","status":"publish","type":"product","link":"https:\/\/www.hydraulic-cylinders.net\/it\/prodotto\/hrob-type-standard-b-type-circular-hydraulic-cylinder\/","title":{"rendered":"Cilindro idraulico circolare tipo B standard HROB"},"content":{"rendered":"<h1 style=\"text-align: center;\"><strong>Cilindro idraulico circolare tipo B standard HROB<\/strong><\/h1>\n<p>Il cilindro idraulico circolare standard HROB di tipo B \u00e8 un elemento idraulico versatile e affidabile che fornisce potenza efficiente e controllo preciso in diverse applicazioni industriali. Grazie a tecnologie avanzate e standard qualitativi elevati, questo cilindro idraulico offre prestazioni e durata superiori. Che si tratti di produzione, edilizia o movimentazione materiali, i cilindri standard HROB di tipo B garantiscono un funzionamento idraulico fluido ed efficiente.<\/p>\n<p>Cilindro rotondo serie HRO sicuro e stabile, resa, facile manutenzione, aspetto gradevole, alta qualit\u00e0, adatto a tutti i tipi di pressa.<\/p>\n<p><img loading=\"lazy\" decoding=\"async\" class=\"wp-image-1239 aligncenter\" src=\"https:\/\/hydraulic-cylinders.net\/wp-content\/uploads\/2023\/09\/hro-circular-hydraulic-cylinder-5-1-300x300.webp\" alt=\"\" width=\"400\" height=\"400\" \/><\/p>\n<h2><strong>Dati caratteristici del cilindro idraulico circolare tipo HROA:<\/strong><\/h2>\n<p><img loading=\"lazy\" decoding=\"async\" class=\"alignnone wp-image-1234 size-full\" src=\"https:\/\/hydraulic-cylinders.net\/wp-content\/uploads\/2023\/09\/hro-circular-hydraulic-cylinder-1-1-1.webp\" alt=\"\" width=\"1428\" height=\"436\" srcset=\"https:\/\/hydraulic-cylinders.net\/wp-content\/uploads\/2023\/09\/hro-circular-hydraulic-cylinder-1-1-1.webp 1428w, https:\/\/hydraulic-cylinders.net\/wp-content\/uploads\/2023\/09\/hro-circular-hydraulic-cylinder-1-1-1-1280x391.webp 1280w, https:\/\/hydraulic-cylinders.net\/wp-content\/uploads\/2023\/09\/hro-circular-hydraulic-cylinder-1-1-1-980x299.webp 980w, https:\/\/hydraulic-cylinders.net\/wp-content\/uploads\/2023\/09\/hro-circular-hydraulic-cylinder-1-1-1-480x147.webp 480w\" sizes=\"(min-width: 0px) and (max-width: 480px) 480px, (min-width: 481px) and (max-width: 980px) 980px, (min-width: 981px) and (max-width: 1280px) 1280px, (min-width: 1281px) 1428px, 100vw\" \/><\/p>\n<h2><strong>Diagramma della struttura del cilindro idraulico circolare tipo HROA:<\/strong><\/h2>\n<p><img loading=\"lazy\" decoding=\"async\" class=\"alignnone wp-image-1235 size-full\" src=\"https:\/\/hydraulic-cylinders.net\/wp-content\/uploads\/2023\/09\/hro-circular-hydraulic-cylinder-2-1.webp\" alt=\"\" width=\"1404\" height=\"889\" srcset=\"https:\/\/hydraulic-cylinders.net\/wp-content\/uploads\/2023\/09\/hro-circular-hydraulic-cylinder-2-1.webp 1404w, https:\/\/hydraulic-cylinders.net\/wp-content\/uploads\/2023\/09\/hro-circular-hydraulic-cylinder-2-1-1280x810.webp 1280w, https:\/\/hydraulic-cylinders.net\/wp-content\/uploads\/2023\/09\/hro-circular-hydraulic-cylinder-2-1-980x621.webp 980w, https:\/\/hydraulic-cylinders.net\/wp-content\/uploads\/2023\/09\/hro-circular-hydraulic-cylinder-2-1-480x304.webp 480w\" sizes=\"(min-width: 0px) and (max-width: 480px) 480px, (min-width: 481px) and (max-width: 980px) 980px, (min-width: 981px) and (max-width: 1280px) 1280px, (min-width: 1281px) 1404px, 100vw\" \/><\/p>\n<h2><strong>Parametro del cilindro idraulico circolare standard tipo B di tipo HROB:<img loading=\"lazy\" decoding=\"async\" class=\"alignnone wp-image-1240 size-full\" src=\"https:\/\/hydraulic-cylinders.net\/wp-content\/uploads\/2023\/09\/hro-circular-hydraulic-cylinder-5.webp\" alt=\"\" width=\"1439\" height=\"1119\" srcset=\"https:\/\/hydraulic-cylinders.net\/wp-content\/uploads\/2023\/09\/hro-circular-hydraulic-cylinder-5.webp 1439w, https:\/\/hydraulic-cylinders.net\/wp-content\/uploads\/2023\/09\/hro-circular-hydraulic-cylinder-5-1280x995.webp 1280w, https:\/\/hydraulic-cylinders.net\/wp-content\/uploads\/2023\/09\/hro-circular-hydraulic-cylinder-5-980x762.webp 980w, https:\/\/hydraulic-cylinders.net\/wp-content\/uploads\/2023\/09\/hro-circular-hydraulic-cylinder-5-480x373.webp 480w\" sizes=\"(min-width: 0px) and (max-width: 480px) 480px, (min-width: 481px) and (max-width: 980px) 980px, (min-width: 981px) and (max-width: 1280px) 1280px, (min-width: 1281px) 1439px, 100vw\" \/> <\/strong><strong>Cilindro idraulico circolare tipo B standard HROB <\/strong><strong>Scheda tecnica del tipo di dente esterno:<\/strong><\/h2>\n<h2><strong><img loading=\"lazy\" decoding=\"async\" class=\"alignnone wp-image-1241 size-full\" src=\"https:\/\/hydraulic-cylinders.net\/wp-content\/uploads\/2023\/09\/hro-circular-hydraulic-cylinder-6.webp\" alt=\"\" width=\"1426\" height=\"514\" srcset=\"https:\/\/hydraulic-cylinders.net\/wp-content\/uploads\/2023\/09\/hro-circular-hydraulic-cylinder-6.webp 1426w, https:\/\/hydraulic-cylinders.net\/wp-content\/uploads\/2023\/09\/hro-circular-hydraulic-cylinder-6-1280x461.webp 1280w, https:\/\/hydraulic-cylinders.net\/wp-content\/uploads\/2023\/09\/hro-circular-hydraulic-cylinder-6-980x353.webp 980w, https:\/\/hydraulic-cylinders.net\/wp-content\/uploads\/2023\/09\/hro-circular-hydraulic-cylinder-6-480x173.webp 480w\" sizes=\"(min-width: 0px) and (max-width: 480px) 480px, (min-width: 481px) and (max-width: 980px) 980px, (min-width: 981px) and (max-width: 1280px) 1280px, (min-width: 1281px) 1426px, 100vw\" \/><\/strong><\/h2>\n<h2><strong>Cilindro idraulico circolare tipo B standard HROB <\/strong><strong>Metodo di utilizzo<\/strong><strong>:<\/strong><\/h2>\n<ol>\n<li><strong>Montaggio e installazione:<\/strong>\n<ul>\n<li>Determinare la posizione di installazione appropriata per il cilindro standard B di tipo HROB in base alle proprie attrezzature o ai requisiti meccanici.<\/li>\n<li>Assicurarsi che la superficie di montaggio sia pulita, piana e in grado di sopportare il peso e il carico del cilindro.<\/li>\n<\/ul>\n<\/li>\n<li><strong>Collegamento al sistema idraulico:<\/strong>\n<ul>\n<li>Collegare il cilindro idraulico al sistema idraulico utilizzando un tubo o un tubo idraulico compatibile.<\/li>\n<li>Assicurare un corretto allineamento e collegamenti sicuri per prevenire perdite e ottimizzare le prestazioni.<\/li>\n<\/ul>\n<\/li>\n<li><strong>Funzionamento del cilindro:<\/strong>\n<ul>\n<li>Il sistema idraulico di avviamento applica pressione per avviare il movimento del cilindro B standard HROB.<\/li>\n<li>Il sistema di controllo idraulico viene utilizzato per controllare con precisione l'estensione, la retrazione e il posizionamento del cilindro, per ottenere un funzionamento efficiente.<\/li>\n<\/ul>\n<\/li>\n<\/ol>\n<h2><strong>Cilindro idraulico circolare tipo B standard HROB <\/strong><strong>Caratteristiche<\/strong><strong>:<\/strong><\/h2>\n<ul>\n<li><strong>Costruzione robusta:<\/strong> I cilindri HROB di tipo B standard sono realizzati con materiali di alta qualit\u00e0 per garantire durata e longevit\u00e0 in ambienti industriali difficili.<\/li>\n<li><strong>Precisione e controllo:<\/strong> Questo cilindro idraulico garantisce un controllo preciso del movimento e del posizionamento, consentendo un funzionamento accurato ed efficiente.<\/li>\n<li><strong>Applicazioni versatili:<\/strong> I cilindri standard HROB di tipo B sono adatti per l'industria manifatturiera, l'edilizia, la movimentazione dei materiali e altri settori.<\/li>\n<li><strong>Trasmissione di potenza efficiente:<\/strong> I cilindri convertono in modo efficiente l'energia idraulica in forza meccanica, garantendo una potenza in uscita affidabile e costante.<\/li>\n<li><strong>Funzionamento regolare:<\/strong> Il cilindro standard HROB di tipo B garantisce un funzionamento fluido e affidabile e riduce al minimo le vibrazioni e il rumore durante il movimento idraulico.<\/li>\n<\/ul>\n<h2><strong>Quanto \u00e8 difficile ricostruire un cilindro idraulico?<\/strong><\/h2>\n<p>Ricostruire un cilindro idraulico pu\u00f2 essere un compito complesso che richiede conoscenze meccaniche, esperienza e gli strumenti giusti. Il livello di difficolt\u00e0 del processo pu\u00f2 variare a seconda del design specifico e delle condizioni del cilindro. Ecco alcuni fattori da considerare:<\/p>\n<ol>\n<li><strong>Competenza ed esperienza:<\/strong><br \/>\nLa ricostruzione di un cilindro idraulico richiede una buona conoscenza dei suoi componenti, della sua funzionalit\u00e0 e del suo assemblaggio. Il processo potrebbe essere pi\u00f9 gestibile se si ha esperienza con i sistemi idraulici o se si sono gi\u00e0 ricostruiti cilindri idraulici. Tuttavia, se non si ha familiarit\u00e0 con i sistemi idraulici, si consiglia di rivolgersi a un professionista per assistenza o consulenza.<\/li>\n<li><strong>Progettazione del cilindro:<\/strong><br \/>\nLa complessit\u00e0 della ricostruzione di un cilindro idraulico pu\u00f2 dipendere dalla sua progettazione. Alcuni cilindri hanno una struttura pi\u00f9 semplice con meno componenti interni, il che li rende relativamente pi\u00f9 facili da ricostruire. Tuttavia, tecniche pi\u00f9 avanzate, come quelle con pi\u00f9 fasi o funzionalit\u00e0 integrate, possono essere pi\u00f9 complesse e difficili da smontare, richiudere e rimontare correttamente.<\/li>\n<li><strong>Condizioni del cilindro:<\/strong><br \/>\nAnche le condizioni generali del cilindro idraulico influiscono sul processo di ricostruzione. Se il cilindro presenta gravi danni, usura estesa o corrosione, potrebbe richiedere riparazioni aggiuntive o la sostituzione di componenti, il che pu\u00f2 complicare ulteriormente la ricostruzione. Valutare in anticipo le condizioni del cilindro aiuter\u00e0 a determinare il livello di lavoro necessario.<\/li>\n<li><strong>Strumenti e attrezzature:<\/strong><br \/>\nLa ricostruzione di un cilindro idraulico richiede spesso strumenti e attrezzature specializzati. Tra questi, presse idrauliche, utensili per l'installazione delle guarnizioni, pinze per anelli elastici e chiavi dinamometriche. Avere gli strumenti necessari e saperli usare correttamente \u00e8 fondamentale per una ricostruzione di successo.<\/li>\n<li><strong>Sostituzione e montaggio della guarnizione:<\/strong><br \/>\nUno dei passaggi critici nella ricostruzione di un cilindro idraulico \u00e8 la sostituzione delle guarnizioni. Garantire la corretta selezione e installazione delle guarnizioni \u00e8 fondamentale per il corretto funzionamento e la prevenzione delle perdite. Richiede precisione e attenzione ai dettagli. Inoltre, riassemblare i componenti del cilindro nell'ordine e nell'allineamento corretti \u00e8 fondamentale per prestazioni ottimali.<\/li>\n<li><strong>Test e verifica:<\/strong><br \/>\nDopo aver ricostruito il cilindro idraulico, \u00e8 essenziale eseguire test approfonditi per garantirne il corretto funzionamento. Questo pu\u00f2 includere prove di pressione, il controllo di eventuali perdite e la verifica dell'ampiezza di movimento e delle prestazioni del cilindro. Un test adeguato aiuta a identificare eventuali problemi e garantisce la sicurezza e l'affidabilit\u00e0 del cilindro.<\/li>\n<\/ol>\n<h2><strong>Capacit\u00e0 e capacit\u00e0 della fabbrica:<\/strong><\/h2>\n<h3>(1) Montaggio<\/h3>\n<p>Disponiamo di una piattaforma di assemblaggio indipendente di ricerca e sviluppo di prima classe. L'officina di produzione di cilindri idraulici dispone di quattro linee di assemblaggio semiautomatiche per cilindri di sollevamento e una linea di assemblaggio automatica per cilindri di inclinazione, con una capacit\u00e0 produttiva annua progettata di 1 milione di pezzi. L'officina per cilindri speciali \u00e8 dotata di un sistema di assemblaggio semiautomatico per la pulizia con diverse specifiche, con una capacit\u00e0 produttiva annua progettata di 200.000 pezzi e dotata di rinomate macchine per lavorazioni meccaniche CNC, un centro di lavoro, attrezzature speciali per la lavorazione di cilindri ad alta precisione, una macchina per saldatura robotizzata, una macchina per la pulizia automatica, una macchina per l'assemblaggio automatico dei cilindri e una linea di produzione per la verniciatura automatica. Sono disponibili oltre 300 set di attrezzature critiche. L'allocazione ottimale e l'uso efficiente delle risorse delle attrezzature garantiscono i requisiti di precisione dei prodotti e ne soddisfano le elevate esigenze di qualit\u00e0.<\/p>\n<p><img loading=\"lazy\" decoding=\"async\" class=\"alignnone wp-image-626\" src=\"https:\/\/hydraulic-cylinders.net\/wp-content\/uploads\/2023\/08\/hydraulic-cylinder-product-1-300x158.webp\" alt=\"\" width=\"495\" height=\"260\" srcset=\"https:\/\/hydraulic-cylinders.net\/wp-content\/uploads\/2023\/08\/hydraulic-cylinder-product-1-300x158.webp 495w, https:\/\/hydraulic-cylinders.net\/wp-content\/uploads\/2023\/08\/hydraulic-cylinder-product-1-480x252.webp 480w\" sizes=\"(min-width: 0px) and (max-width: 480px) 480px, (min-width: 481px) 495px, 100vw\" \/> <img loading=\"lazy\" decoding=\"async\" class=\"alignnone wp-image-627\" src=\"https:\/\/hydraulic-cylinders.net\/wp-content\/uploads\/2023\/08\/hydraulic-cylinder-product-2-300x189.webp\" alt=\"\" width=\"413\" height=\"260\" \/><\/p>\n<h3>(2) Lavorazione<\/h3>\n<p>L'officina di lavorazione \u00e8 dotata di un centro di tornitura su rotaia inclinata personalizzato, di un centro di lavorazione, di una levigatrice ad alta velocit\u00e0, di un robot di saldatura e di altre attrezzature correlate, in grado di gestire la lavorazione di tubi cilindrici con un diametro interno massimo di 400 mm e una lunghezza massima di 6 metri.<\/p>\n<p><img loading=\"lazy\" decoding=\"async\" class=\"alignnone wp-image-628 size-large\" src=\"https:\/\/hydraulic-cylinders.net\/wp-content\/uploads\/2023\/08\/hydraulic-cylinder-product-3-1024x391.webp\" alt=\"\" width=\"1024\" height=\"391\" srcset=\"https:\/\/hydraulic-cylinders.net\/wp-content\/uploads\/2023\/08\/hydraulic-cylinder-product-3-980x374.webp 980w, https:\/\/hydraulic-cylinders.net\/wp-content\/uploads\/2023\/08\/hydraulic-cylinder-product-3-480x183.webp 480w\" sizes=\"(min-width: 0px) and (max-width: 480px) 480px, (min-width: 481px) and (max-width: 980px) 980px, (min-width: 981px) 1024px, 100vw\" \/><\/p>\n<h3>(3) Saldatura<\/h3>\n<p><img loading=\"lazy\" decoding=\"async\" class=\"alignnone wp-image-629 size-large\" src=\"https:\/\/hydraulic-cylinders.net\/wp-content\/uploads\/2023\/08\/hydraulic-cylinder-product-4-1024x510.webp\" alt=\"\" width=\"1024\" height=\"510\" srcset=\"https:\/\/hydraulic-cylinders.net\/wp-content\/uploads\/2023\/08\/hydraulic-cylinder-product-4-980x488.webp 980w, https:\/\/hydraulic-cylinders.net\/wp-content\/uploads\/2023\/08\/hydraulic-cylinder-product-4-480x239.webp 480w\" sizes=\"(min-width: 0px) and (max-width: 480px) 480px, (min-width: 481px) and (max-width: 980px) 980px, (min-width: 981px) 1024px, 100vw\" \/><\/p>\n<h3>(4) Verniciatura e rivestimento<\/h3>\n<p>Con linee automatiche di verniciatura a base d'acqua a cilindro di piccole e medie dimensioni, per realizzare il carico e lo scarico automatico con robot e la spruzzatura automatica, la capacit\u00e0 di progettazione \u00e8 di 4000 pezzi per turno;<br \/>\nDisponiamo anche di una linea di produzione semiautomatica di vernici per cilindri di grandi dimensioni alimentata da una catena di potenza, con una capacit\u00e0 di progettazione di 60 casse per turno.<\/p>\n<p><img loading=\"lazy\" decoding=\"async\" class=\"alignnone wp-image-630\" src=\"https:\/\/hydraulic-cylinders.net\/wp-content\/uploads\/2023\/08\/hydraulic-cylinder-product-5-300x213.webp\" alt=\"\" width=\"366\" height=\"260\" \/> <img loading=\"lazy\" decoding=\"async\" class=\"alignnone wp-image-631\" src=\"https:\/\/hydraulic-cylinders.net\/wp-content\/uploads\/2023\/08\/hydraulic-cylinder-product-6-300x225.webp\" alt=\"\" width=\"347\" height=\"260\" \/><\/p>\n<h3>(5) Test<\/h3>\n<p>Disponiamo di strutture di ispezione e banchi di prova di prim'ordine per garantire che le prestazioni del cilindro siano conformi ai requisiti.<\/p>\n<p><img loading=\"lazy\" decoding=\"async\" class=\"alignnone wp-image-632\" src=\"https:\/\/hydraulic-cylinders.net\/wp-content\/uploads\/2023\/08\/hydraulic-cylinder-product-8-300x200.webp\" alt=\"\" width=\"389\" height=\"260\" \/><\/p>\n<p>&nbsp;<\/p>\n<p>&nbsp;<\/p>\n<p>Siamo uno dei migliori produttori di cilindri idraulici metallurgici. Offriamo un ampio stock di cilindri idraulici metallurgici. Forniamo anche i relativi <a href=\"https:\/\/hzpt.com\/agricultural-pto-gearbox\/\" target=\"_blank\" rel=\"noopener\">riduttori agricoli<\/a>Abbiamo esportato i nostri prodotti a clienti in tutto il mondo e ci siamo guadagnati un'ottima reputazione grazie alla qualit\u00e0 superiore dei nostri prodotti e al servizio post-vendita. Invitiamo i clienti nazionali e internazionali a contattarci per negoziare affari, scambiare informazioni e <a href=\"https:\/\/www.hydraulic-cylinders.net\/it\/contact-us\/\">collaborare con noi<\/a>!<\/p>\n<h2><\/h2>","protected":false},"excerpt":{"rendered":"<p>HROB Type Standard B Type Circular Hydraulic Cylinder The HROB standard Type B circular hydraulic cylinder is a versatile and reliable hydraulic element that provides efficient power and precise control in various industrial applications. Using advanced technology and high-quality standards, this hydraulic cylinder offers superior performance and durability. Whether in manufacturing, construction, or material handling, [&hellip;]<\/p>","protected":false},"featured_media":1259,"comment_status":"open","ping_status":"closed","template":"","meta":{"_et_pb_use_builder":"","_et_pb_old_content":"","_et_gb_content_width":""},"product_brand":[],"product_cat":[1526,1550,1376],"product_tag":[1380],"class_list":{"0":"post-1238","1":"product","2":"type-product","3":"status-publish","4":"has-post-thumbnail","6":"product_cat-assembly-line-hydraulic-cylinders","7":"product_cat-double-acting-hydraulic-cylinder","8":"product_cat-hydraulic-cylinder","9":"product_tag-hydraulic-cylinder","11":"first","12":"instock","13":"shipping-taxable","14":"product-type-simple"},"amp_enabled":true,"_links":{"self":[{"href":"https:\/\/www.hydraulic-cylinders.net\/it\/wp-json\/wp\/v2\/product\/1238","targetHints":{"allow":["GET"]}}],"collection":[{"href":"https:\/\/www.hydraulic-cylinders.net\/it\/wp-json\/wp\/v2\/product"}],"about":[{"href":"https:\/\/www.hydraulic-cylinders.net\/it\/wp-json\/wp\/v2\/types\/product"}],"replies":[{"embeddable":true,"href":"https:\/\/www.hydraulic-cylinders.net\/it\/wp-json\/wp\/v2\/comments?post=1238"}],"wp:featuredmedia":[{"embeddable":true,"href":"https:\/\/www.hydraulic-cylinders.net\/it\/wp-json\/wp\/v2\/media\/1259"}],"wp:attachment":[{"href":"https:\/\/www.hydraulic-cylinders.net\/it\/wp-json\/wp\/v2\/media?parent=1238"}],"wp:term":[{"taxonomy":"product_brand","embeddable":true,"href":"https:\/\/www.hydraulic-cylinders.net\/it\/wp-json\/wp\/v2\/product_brand?post=1238"},{"taxonomy":"product_cat","embeddable":true,"href":"https:\/\/www.hydraulic-cylinders.net\/it\/wp-json\/wp\/v2\/product_cat?post=1238"},{"taxonomy":"product_tag","embeddable":true,"href":"https:\/\/www.hydraulic-cylinders.net\/it\/wp-json\/wp\/v2\/product_tag?post=1238"}],"curies":[{"name":"parola chiave","href":"https:\/\/api.w.org\/{rel}","templated":true}]}}