{"id":1266,"date":"2023-09-15T07:54:55","date_gmt":"2023-09-15T07:54:55","guid":{"rendered":"https:\/\/hydraulic-cylinders.net\/?post_type=product&#038;p=1266"},"modified":"2025-04-11T05:25:56","modified_gmt":"2025-04-11T05:25:56","slug":"cx-series-homotaxial-compact-hydraulic-cylinder","status":"publish","type":"product","link":"https:\/\/www.hydraulic-cylinders.net\/it\/prodotto\/cx-series-homotaxial-compact-hydraulic-cylinder\/","title":{"rendered":"Cilindro idraulico compatto omotassiale serie CX"},"content":{"rendered":"<h1 style=\"text-align: center;\"><strong>Cilindro idraulico compatto omotassiale serie CX<\/strong><\/h1>\n<p>Il cilindro idraulico compatto omotassiale serie CX \u00e8 un componente idraulico all'avanguardia, progettato per fornire una trasmissione di potenza efficiente e affidabile in un'ampia gamma di applicazioni industriali. Grazie al design compatto, alle prestazioni superiori e alla durata, questo cilindro idraulico offre controllo preciso e versatilit\u00e0. Che venga utilizzato in ambito manifatturiero, nella movimentazione dei materiali o nell'edilizia, il cilindro idraulico compatto omotassiale serie CX \u00e8 progettato per ottimizzare le operazioni idrauliche e migliorare la produttivit\u00e0.<\/p>\n<p>I cilindri compatti della serie CX vengono utilizzati per il serraggio di cilindri. Il loro ingombro \u00e8 ridotto. Il nostro stabilimento dispone di attrezzature idrauliche all'avanguardia, tra cui un centro di lavoro verticale-orizzontale e cilindri idraulici di medie e grandi dimensioni. La tecnologia di produzione dei cilindri sottili \u00e8 eccellente.<\/p>\n<p><img loading=\"lazy\" decoding=\"async\" class=\"size-full wp-image-1267 aligncenter\" src=\"https:\/\/hydraulic-cylinders.net\/wp-content\/uploads\/2023\/09\/cx-compact-hydraulic-cylinder-6.webp\" alt=\"\" width=\"245\" height=\"245\" srcset=\"https:\/\/www.hydraulic-cylinders.net\/wp-content\/uploads\/2023\/09\/cx-compact-hydraulic-cylinder-6.webp 245w, https:\/\/www.hydraulic-cylinders.net\/wp-content\/uploads\/2023\/09\/cx-compact-hydraulic-cylinder-6-100x100.webp 100w, https:\/\/www.hydraulic-cylinders.net\/wp-content\/uploads\/2023\/09\/cx-compact-hydraulic-cylinder-6-150x150.webp 150w, https:\/\/www.hydraulic-cylinders.net\/wp-content\/uploads\/2023\/09\/cx-compact-hydraulic-cylinder-6-12x12.webp 12w\" sizes=\"(max-width: 245px) 100vw, 245px\" \/><\/p>\n<h2><strong>Descrizione del modello del cilindro idraulico compatto omotassiale serie CX:<img loading=\"lazy\" decoding=\"async\" class=\"alignnone wp-image-1269 size-full\" src=\"https:\/\/hydraulic-cylinders.net\/wp-content\/uploads\/2023\/09\/cx-compact-hydraulic-cylinder-2.webp\" alt=\"\" width=\"730\" height=\"119\" srcset=\"https:\/\/hydraulic-cylinders.net\/wp-content\/uploads\/2023\/09\/cx-compact-hydraulic-cylinder-2.webp 730w, https:\/\/hydraulic-cylinders.net\/wp-content\/uploads\/2023\/09\/cx-compact-hydraulic-cylinder-2-480x78.webp 480w\" sizes=\"(min-width: 0px) and (max-width: 480px) 480px, (min-width: 481px) 730px, 100vw\" \/>\u00a0<\/strong><\/h2>\n<h2><strong>Cilindro idraulico compatto omotassiale serie CX <\/strong><strong>Caratteristiche<\/strong>:<\/h2>\n<h2><strong><img loading=\"lazy\" decoding=\"async\" class=\"alignnone wp-image-1270 size-full\" src=\"https:\/\/hydraulic-cylinders.net\/wp-content\/uploads\/2023\/09\/cx-compact-hydraulic-cylinder-3.webp\" alt=\"\" width=\"730\" height=\"87\" srcset=\"https:\/\/hydraulic-cylinders.net\/wp-content\/uploads\/2023\/09\/cx-compact-hydraulic-cylinder-3.webp 730w, https:\/\/hydraulic-cylinders.net\/wp-content\/uploads\/2023\/09\/cx-compact-hydraulic-cylinder-3-480x57.webp 480w\" sizes=\"(min-width: 0px) and (max-width: 480px) 480px, (min-width: 481px) 730px, 100vw\" \/>\u00a0<\/strong><\/h2>\n<h2><strong>Parametro del cilindro idraulico compatto omotassiale serie CX:<\/strong><\/h2>\n<h2><strong><img loading=\"lazy\" decoding=\"async\" class=\"alignnone wp-image-1271 size-full\" src=\"https:\/\/hydraulic-cylinders.net\/wp-content\/uploads\/2023\/09\/cx-compact-hydraulic-cylinder-4.webp\" alt=\"\" width=\"730\" height=\"878\" srcset=\"https:\/\/hydraulic-cylinders.net\/wp-content\/uploads\/2023\/09\/cx-compact-hydraulic-cylinder-4.webp 730w, https:\/\/hydraulic-cylinders.net\/wp-content\/uploads\/2023\/09\/cx-compact-hydraulic-cylinder-4-480x577.webp 480w\" sizes=\"(min-width: 0px) and (max-width: 480px) 480px, (min-width: 481px) 730px, 100vw\" \/><\/strong><\/h2>\n<h2><strong>Cilindro idraulico compatto omotassiale serie CX <\/strong><strong>Caratteristiche e vantaggi principali<\/strong><strong>:<\/strong><\/h2>\n<ol>\n<li><strong>Design compatto:<\/strong>\n<ul>\n<li>I cilindri idraulici compatti coassiali della serie CX sono progettati per occupare il minimo spazio, il che li rende ideali per applicazioni in cui le aree di installazione sono limitate.<\/li>\n<li>Le sue dimensioni compatte consentono una perfetta integrazione in una variet\u00e0 di apparecchiature e impostazioni meccaniche.<\/li>\n<\/ul>\n<\/li>\n<li><strong>Controllo preciso:<\/strong>\n<ul>\n<li>Questo cilindro idraulico garantisce un controllo superiore del movimento e del posizionamento, consentendo un funzionamento preciso ed efficiente.<\/li>\n<li>Il preciso meccanismo di controllo garantisce un movimento fluido e controllabile e migliora l'efficienza produttiva complessiva.<\/li>\n<\/ul>\n<\/li>\n<li><strong>Alte prestazioni:<\/strong>\n<ul>\n<li>Il design del cilindro idraulico compatto coassiale della serie CX garantisce una trasmissione di potenza ad alte prestazioni.<\/li>\n<li>\u00c8 in grado di gestire carichi pesanti e applicazioni industriali impegnative, garantendo prestazioni affidabili e costanti.<\/li>\n<\/ul>\n<\/li>\n<li><strong>Applicazioni versatili:<\/strong>\n<ul>\n<li>La serie CX di cilindri idraulici compatti coassiali \u00e8 progettata per applicazioni multiuso nei settori manifatturiero, della movimentazione dei materiali, dell'edilizia e in altri settori.<\/li>\n<li>Pu\u00f2 essere utilizzato in varie attrezzature come presse, compattatori, caricatori, ecc.<\/li>\n<\/ul>\n<\/li>\n<\/ol>\n<h2><strong>Cilindro idraulico compatto omotassiale serie CX <\/strong><strong>Metodo di utilizzo<\/strong><strong>:<\/strong><\/h2>\n<ol>\n<li><strong>Montaggio e installazione:<\/strong>\n<ul>\n<li>Determinare la posizione di installazione appropriata per i cilindri idraulici compatti coassiali della serie CX in base ai requisiti specifici della propria attrezzatura o macchina.<\/li>\n<li>Assicurarsi che la superficie di montaggio sia ben livellata e in grado di sostenere in modo sicuro il peso e il carico del cilindro.<\/li>\n<\/ul>\n<\/li>\n<li><strong>Collegamento del sistema idraulico:<\/strong>\n<ul>\n<li>Collegare il cilindro idraulico al sistema idraulico utilizzando un tubo o un tubo idraulico compatibile.<\/li>\n<li>Un allineamento corretto e collegamenti ermetici prevengono le perdite e garantiscono prestazioni ottimali.<\/li>\n<\/ul>\n<\/li>\n<li><strong>Funzionamento del cilindro:<\/strong>\n<ul>\n<li>Avviare il sistema idraulico e avviare il movimento del cilindro idraulico compatto coassiale della serie CX.<\/li>\n<li>Il sistema di controllo idraulico viene utilizzato per controllare con precisione l'estensione, la retrazione e il posizionamento del cilindro, per ottenere un funzionamento efficiente.<\/li>\n<\/ul>\n<\/li>\n<\/ol>\n<h2><strong>Come rimuovere il cilindro idraulico dal caricatore frontale?<\/strong><\/h2>\n<p>La rimozione di un cilindro idraulico da una pala caricatrice frontale richiede un'adeguata preparazione e attenzione. Ecco una guida passo passo per assistervi in \u200b\u200bquesta operazione:<\/p>\n<ol>\n<li><strong>Garantire la sicurezza:<\/strong>\n<ul>\n<li>Prima di iniziare il lavoro, parcheggiare la pala caricatrice frontale su una superficie piana e stabile.<\/li>\n<li>Inserire il freno di stazionamento e spegnere il motore per evitare movimenti accidentali.<\/li>\n<\/ul>\n<\/li>\n<li><strong>Identificare il cilindro:<\/strong>\n<ul>\n<li>Individuare il cilindro idraulico da rimuovere. A seconda del modello della pala, potrebbero esserci pi\u00f9 cilindri.<\/li>\n<\/ul>\n<\/li>\n<li><strong>Scaricare la pressione idraulica:<\/strong>\n<ul>\n<li>Per evitare improvvisi rilasci di pressione, scaricare la pressione idraulica nel sistema. Questo passaggio \u00e8 fondamentale per la sicurezza.<\/li>\n<li>Avviare il motore del caricatore e azionare i comandi idraulici per spostare completamente il pistone del cilindro in una direzione.<\/li>\n<li>Spegnere il motore e rilasciare la pressione residua azionando nuovamente i comandi.<\/li>\n<\/ul>\n<\/li>\n<li><strong>Scollegare le linee idrauliche:<\/strong>\n<ul>\n<li>Individuare le linee idrauliche collegate al cilindro. In genere, sono presenti una linea di mandata e una di ritorno.<\/li>\n<li>Posizionare una bacinella di drenaggio sotto il cilindro per raccogliere eventuali perdite di fluido idraulico durante la disconnessione.<\/li>\n<li>Scollegare con cautela le linee idrauliche dal cilindro utilizzando chiavi o raccordi adeguati. Prepararsi a possibili fuoriuscite di fluido.<\/li>\n<\/ul>\n<\/li>\n<li><strong>Sostieni il cilindro:<\/strong>\n<ul>\n<li>Poich\u00e9 i cilindri idraulici possono essere pesanti, \u00e8 essenziale fornire supporto prima di rimuoverli.<\/li>\n<li>Utilizzare un martinetto, dei blocchi o qualsiasi altra struttura di supporto stabile per sostenere saldamente il peso del cilindro.<\/li>\n<\/ul>\n<\/li>\n<li><strong>Rimuovere i bulloni di montaggio:<\/strong>\n<ul>\n<li>Identificare i punti di montaggio in cui il cilindro \u00e8 fissato al telaio del caricatore o ad altri componenti.<\/li>\n<li>Utilizzando gli strumenti appropriati, come chiavi inglesi o bussole, rimuovere i bulloni di montaggio o i perni che fissano il cilindro.<\/li>\n<li>Tenere traccia dei bulloni e di tutta la ferramenta associata per la reinstallazione.<\/li>\n<\/ul>\n<\/li>\n<li><strong>Rimuovere con cautela il cilindro:<\/strong>\n<ul>\n<li>Dopo aver scollegato le linee idrauliche e rimosso i bulloni di montaggio, far scorrere o sollevare lentamente e con attenzione il cilindro dalla sua posizione di montaggio.<\/li>\n<li>Prestare attenzione al peso e alle dimensioni del cilindro per evitare incidenti o lesioni durante la rimozione.<\/li>\n<\/ul>\n<\/li>\n<li><strong>Ispezionare e conservare:<\/strong>\n<ul>\n<li>Una volta rimosso il cilindro, ispezionarlo per verificare eventuali segni di danni, perdite o usura eccessiva. Questa valutazione aiuter\u00e0 a determinare se il cilindro necessita di riparazione o sostituzione.<\/li>\n<li>Pulisci il cilindro e conservalo in un luogo pulito e asciutto per evitare contaminazioni o ulteriori danni.<\/li>\n<\/ul>\n<\/li>\n<\/ol>\n<h2><strong>Produttori cinesi di cilindri idraulici:<\/strong><\/h2>\n<p>HZPT \u00e8 un'azienda specializzata nella ricerca e sviluppo e nella produzione di cilindri idraulici compatti. Detiene una posizione di leadership nel segmento di mercato cinese dei cilindri idraulici. Nel 2020, la quota di mercato interno era di circa 291 tonnellate. Produciamo cilindri idraulici compatti per veicoli industriali, cilindri idraulici compatti per veicoli da lavoro aereo, cilindri idraulici per macchine agricole e cilindri idraulici per macchine per la pulizia.<\/p>\n<p>Disponiamo di una piattaforma di ricerca e sviluppo indipendente di prim'ordine per l'assemblaggio. L'officina di produzione di cilindri idraulici compatti dispone di quattro linee di assemblaggio semiautomatiche per cilindri di sollevamento e una linea di assemblaggio completamente automatica per cilindri di inclinazione, con una capacit\u00e0 produttiva annua progettata di 1 milione di pezzi; l'officina di cilindri speciali \u00e8 dotata di sistemi di pulizia e assemblaggio semiautomatici di varie specifiche, con una capacit\u00e0 produttiva annua progettata di 200.000 pezzi. Dispone di rinomate macchine per lavorazioni meccaniche CNC, centri di lavoro, attrezzature speciali per la lavorazione di cilindri ad alta precisione, saldatrici robotizzate, macchine per la pulizia automatica, macchine per l'assemblaggio automatico di cilindri e linee di produzione automatiche per la verniciatura. Disponiamo di oltre 300 set di attrezzature critiche in funzione. L'allocazione ottimizzata e l'utilizzo efficiente delle risorse delle attrezzature garantiscono i requisiti di precisione dei prodotti e soddisfano gli elevati standard qualitativi.<\/p>\n<table>\n<tbody>\n<tr>\n<td><img loading=\"lazy\" decoding=\"async\" class=\"size-large wp-image-315926 aligncenter\" src=\"https:\/\/hzpt.com\/wp-content\/uploads\/2023\/08\/China-Hydraulic-Cylinder-Manufacturers-1-1024x768.webp\" sizes=\"(min-width: 0px) and (max-width: 480px) 480px, (min-width: 481px) and (max-width: 980px) 980px, (min-width: 981px) 1024px, 100vw\" srcset=\"https:\/\/hzpt.com\/wp-content\/uploads\/2023\/08\/China-Hydraulic-Cylinder-Manufacturers-1-1024x768.webp 1024w, https:\/\/hzpt.com\/wp-content\/uploads\/2023\/08\/China-Hydraulic-Cylinder-Manufacturers-1-980x735.webp 980w, https:\/\/hzpt.com\/wp-content\/uploads\/2023\/08\/China-Hydraulic-Cylinder-Manufacturers-1-480x360.webp 480w\" alt=\"Produttori cinesi di cilindri idraulici\" width=\"1024\" height=\"768\" \/><\/td>\n<td><img loading=\"lazy\" decoding=\"async\" class=\"size-large wp-image-315927 aligncenter\" src=\"https:\/\/hzpt.com\/wp-content\/uploads\/2023\/08\/China-Hydraulic-Cylinder-Manufacturers-2-1024x768.webp\" sizes=\"(min-width: 0px) and (max-width: 480px) 480px, (min-width: 481px) and (max-width: 980px) 980px, (min-width: 981px) 1024px, 100vw\" srcset=\"https:\/\/hzpt.com\/wp-content\/uploads\/2023\/08\/China-Hydraulic-Cylinder-Manufacturers-2-1024x768.webp 1024w, https:\/\/hzpt.com\/wp-content\/uploads\/2023\/08\/China-Hydraulic-Cylinder-Manufacturers-2-980x735.webp 980w, https:\/\/hzpt.com\/wp-content\/uploads\/2023\/08\/China-Hydraulic-Cylinder-Manufacturers-2-480x360.webp 480w\" alt=\"Produttori cinesi di cilindri idraulici\" width=\"1024\" height=\"768\" \/><\/td>\n<\/tr>\n<\/tbody>\n<\/table>\n<p>&nbsp;<\/p>\n<p>&nbsp;<\/p>","protected":false},"excerpt":{"rendered":"<p>CX Series Homotaxial Compact Hydraulic Cylinder The CX series homotaxial compact hydraulic cylinder is a cutting-edge hydraulic component designed to provide efficient and reliable power transmission in a wide range of industrial applications. With its compact design, superior performance, and durability, this hydraulic cylinder offers precise control and versatility. Whether used in manufacturing, material handling, [&hellip;]<\/p>","protected":false},"featured_media":1268,"comment_status":"open","ping_status":"closed","template":"","meta":{"_et_pb_use_builder":"","_et_pb_old_content":"","_et_gb_content_width":""},"product_brand":[],"product_cat":[1526,1550,1376],"product_tag":[1380],"class_list":{"0":"post-1266","1":"product","2":"type-product","3":"status-publish","4":"has-post-thumbnail","6":"product_cat-assembly-line-hydraulic-cylinders","7":"product_cat-double-acting-hydraulic-cylinder","8":"product_cat-hydraulic-cylinder","9":"product_tag-hydraulic-cylinder","11":"first","12":"instock","13":"shipping-taxable","14":"product-type-simple"},"amp_enabled":true,"_links":{"self":[{"href":"https:\/\/www.hydraulic-cylinders.net\/it\/wp-json\/wp\/v2\/product\/1266","targetHints":{"allow":["GET"]}}],"collection":[{"href":"https:\/\/www.hydraulic-cylinders.net\/it\/wp-json\/wp\/v2\/product"}],"about":[{"href":"https:\/\/www.hydraulic-cylinders.net\/it\/wp-json\/wp\/v2\/types\/product"}],"replies":[{"embeddable":true,"href":"https:\/\/www.hydraulic-cylinders.net\/it\/wp-json\/wp\/v2\/comments?post=1266"}],"wp:featuredmedia":[{"embeddable":true,"href":"https:\/\/www.hydraulic-cylinders.net\/it\/wp-json\/wp\/v2\/media\/1268"}],"wp:attachment":[{"href":"https:\/\/www.hydraulic-cylinders.net\/it\/wp-json\/wp\/v2\/media?parent=1266"}],"wp:term":[{"taxonomy":"product_brand","embeddable":true,"href":"https:\/\/www.hydraulic-cylinders.net\/it\/wp-json\/wp\/v2\/product_brand?post=1266"},{"taxonomy":"product_cat","embeddable":true,"href":"https:\/\/www.hydraulic-cylinders.net\/it\/wp-json\/wp\/v2\/product_cat?post=1266"},{"taxonomy":"product_tag","embeddable":true,"href":"https:\/\/www.hydraulic-cylinders.net\/it\/wp-json\/wp\/v2\/product_tag?post=1266"}],"curies":[{"name":"parola chiave","href":"https:\/\/api.w.org\/{rel}","templated":true}]}}