{"id":15117,"date":"2025-01-19T14:07:33","date_gmt":"2025-01-19T14:07:33","guid":{"rendered":"https:\/\/www.hydraulic-cylinders.net\/product\/bucket-cylinder-for-komatsu-small-excavator-pc28mr\/"},"modified":"2025-01-19T14:07:41","modified_gmt":"2025-01-19T14:07:41","slug":"bucket-cylinder-for-komatsu-small-excavator-pc28mr","status":"publish","type":"product","link":"https:\/\/www.hydraulic-cylinders.net\/it\/prodotto\/bucket-cylinder-for-komatsu-small-excavator-pc28mr\/","title":{"rendered":"Cilindro della benna per escavatore piccolo Komatsu PC28MR"},"content":{"rendered":"<h1>Cilindro della benna per escavatore piccolo Komatsu PC28MR<\/h1>\n<h2>Introduzione<\/h2>\n<p>Il cilindro della benna per l'escavatore compatto Komatsu PC28MR \u00e8 un cilindro idraulico appositamente progettato per controllare il movimento della benna in macchinari pesanti come escavatori, terne e pale caricatrici. La sua funzione principale \u00e8 quella di consentire il sollevamento, l'abbassamento e l'inclinazione della benna, rendendola comoda per diverse operazioni di movimentazione dei materiali. Nel sistema idraulico, il cilindro della benna garantisce un controllo preciso della benna tramite le variazioni di pressione dell'olio idraulico, consentendo agli operatori di movimentare carichi pesanti in modo efficiente e di adattarsi ad ambienti di lavoro complessi e a diverse esigenze operative.<\/p>\n<p><img decoding=\"async\" src=\"https:\/\/www.hydraulic-cylinders.net\/wp-content\/uploads\/2025\/01\/songte-company-2.webp\" alt=\"Immagine del cilindro del secchio\"><\/p>\n<h2>Caratteristiche<\/h2>\n<ul>\n<li>Elevata resistenza e durata: tipicamente realizzato in acciaio o alluminio ad alta resistenza, \u00e8 in grado di sopportare pressioni elevate e carichi pesanti, adattandosi a condizioni di lavoro difficili. Il design tiene conto della resistenza all'usura e alla corrosione, prolungandone la durata.<\/li>\n<li>Funzionamento idraulico efficiente: sfruttando la pressione dell'olio idraulico, consente movimenti di estensione e retrazione fluidi, risponde rapidamente ai comandi, fornisce potenti forze di spinta e trazione ed \u00e8 adatto alla movimentazione di carichi pesanti e a compiti complessi.<\/li>\n<li>Diverse tipologie: Offre la possibilit\u00e0 di scegliere tra cilindri a semplice effetto (idraulici utilizzati in una sola direzione) o a doppio effetto (idraulici utilizzati in entrambe le direzioni) per soddisfare diverse esigenze operative. Alcuni modelli sono telescopici, consentendo una maggiore estensione senza aumentare le dimensioni esterne, risultando adatti ad applicazioni con spazi limitati.<\/li>\n<li>Sostituzione perfetta: i nostri prodotti possono sostituire perfettamente questi cilindri idraulici, offrendo compatibilit\u00e0 e prestazioni affidabili.<\/li>\n<\/ul>\n<p><img decoding=\"async\" src=\"https:\/\/www.hydraulic-cylinders.net\/wp-content\/uploads\/2025\/01\/songte-cylinder-head-with-all-kinds-excavator-models.webp\" alt=\"Immagine del prodotto\"><\/p>\n<h2>Applicazioni<\/h2>\n<p>Il cilindro della benna per l'escavatore compatto Komatsu PC28MR trova applicazione in diversi scenari:<\/p>\n<ol>\n<li>Attrezzature edili: negli escavatori, sono fondamentali per lo scavo, il carico e la movimentazione di terra o detriti. Nelle terne, il cilindro della benna \u00e8 utile sia per lo scavo che per il sollevamento.<\/li>\n<li>Macchine agricole: utilizzate nelle pale caricatrici frontali per raccogliere, sollevare e trasportare terra, fieno e altri materiali.<\/li>\n<li>Escavatori: il cilindro della benna consente lo scavo consentendo alla benna di penetrare nel terreno.<\/li>\n<li>Caricatori: nei caricatori frontali, aiutano a sollevare e scaricare le merci in modo efficace.<\/li>\n<\/ol>\n<h2>Considerazioni progettuali e criteri di selezione<\/h2>\n<p>In fase di progettazione, vengono presi in considerazione aspetti chiave quali la capacit\u00e0 portante, la tenuta, la durabilit\u00e0, la sicurezza e la manutenibilit\u00e0:<\/p>\n<p><img decoding=\"async\" src=\"https:\/\/www.hydraulic-cylinders.net\/wp-content\/uploads\/2025\/01\/songte-oil-pipes-and-spare-parts.webp\" alt=\"Considerazioni sulla progettazione Immagine\"><\/p>\n<h2>Sigillatura e lubrificazione<\/h2>\n<p>Il cilindro della benna utilizza diversi elementi di tenuta, come guarnizioni del pistone e guarnizioni dello stelo, realizzati in materiali resistenti all'usura come poliuretano e gomma nitrilica. Il corpo del cilindro e le estremit\u00e0 filettate sono sottoposti a una lavorazione di precisione per migliorarne la resistenza all'usura. Una lubrificazione regolare con la giusta quantit\u00e0 di olio idraulico \u00e8 necessaria per garantire un funzionamento regolare.<\/p>\n<h2>Misure di ispezione e manutenzione preventiva<\/h2>\n<p>Ispezioni regolari e manutenzione preventiva sono essenziali per prestazioni ottimali. Alcune misure consigliate includono:<\/p>\n<ul>\n<li>Controlli periodici<\/li>\n<li>Lubrificazione adeguata<\/li>\n<li>Sostituzione della guarnizione<\/li>\n<li>Controlli di calibrazione<\/li>\n<\/ul>\n<p><img decoding=\"async\" src=\"https:\/\/www.hydraulic-cylinders.net\/wp-content\/uploads\/2025\/01\/songte-chushion-collar.webp\" alt=\"Immagine di manutenzione\"><\/p>\n<h2>Considerazioni sulla sicurezza e fattori ambientali<\/h2>\n<p>\u00c8 di fondamentale importanza tenere in considerazione le misure di sicurezza durante l'utilizzo della benna.<\/p>\n<h2>Risoluzione dei problemi e problemi comuni<\/h2>\n<p>Quando si riscontrano problemi, \u00e8 fondamentale diagnosticarli e risolverli in modo efficace. Alcuni suggerimenti e soluzioni per la risoluzione dei problemi includono:<\/p>\n<p><img decoding=\"async\" src=\"https:\/\/www.hydraulic-cylinders.net\/wp-content\/uploads\/2025\/01\/songte-bushings-with-all-kinds-of-excavator-models.webp\" alt=\"Immagine di risoluzione dei problemi\"><\/p>\n<h2>Informazioni sulla nostra azienda<\/h2>\n<p>Siamo produttori di cilindri idraulici di ricambio. La nostra vasta gamma di prodotti ci ha reso uno dei principali produttori e distributori all'ingrosso di cilindri idraulici nei mercati nazionali e internazionali. Con una particolare attenzione all'eccellenza qualitativa, adottiamo strategie di gestione della produzione industriale nei nostri stabilimenti di produzione all'avanguardia. Miglioriamo costantemente la nostra piattaforma produttiva, perfezioniamo il processo produttivo per garantire la qualit\u00e0 del prodotto e vantiamo una forte capacit\u00e0 innovativa. I nostri principi di alta efficienza, alta precisione e alta qualit\u00e0 mirano a soddisfare le diverse esigenze dei nostri clienti.<\/p>\n<p><img decoding=\"async\" src=\"https:\/\/www.hydraulic-cylinders.net\/wp-content\/uploads\/2025\/01\/songte-company-3.webp\" alt=\"Immagine aziendale\"><\/p>\n<p>La nostra azienda si distingue per:<\/p>\n<ul>\n<li>Competenza<\/li>\n<li>Certificazioni internazionali<\/li>\n<li>Servizi personalizzati<\/li>\n<li>Attrezzature di produzione<\/li>\n<li>Servizio post-vendita<\/li>\n<\/ul>\n<p>Autore: lyl<\/p>","protected":false},"excerpt":{"rendered":"<p>Bucket Cylinder For Komatsu Small Excavator PC28MR Introduction The bucket cylinder for Komatsu small excavator PC28MR is a specially designed hydraulic cylinder used to control the movement of the bucket in heavy machinery such as excavators, backhoe loaders, and front loaders. Its main function is to enable the lifting, lowering, and tilting of the bucket, [&hellip;]<\/p>","protected":false},"featured_media":14789,"comment_status":"open","ping_status":"closed","template":"","meta":{"_et_pb_use_builder":"","_et_pb_old_content":"","_et_gb_content_width":""},"product_brand":[],"product_cat":[1494],"product_tag":[1495,1496],"class_list":{"0":"post-15117","1":"product","2":"type-product","3":"status-publish","4":"has-post-thumbnail","6":"product_cat-bucket-cylinders","7":"product_tag-bucket-cylinders","8":"product_tag-hydraulic-cylinders","10":"first","11":"instock","12":"shipping-taxable","13":"product-type-simple"},"amp_enabled":true,"_links":{"self":[{"href":"https:\/\/www.hydraulic-cylinders.net\/it\/wp-json\/wp\/v2\/product\/15117","targetHints":{"allow":["GET"]}}],"collection":[{"href":"https:\/\/www.hydraulic-cylinders.net\/it\/wp-json\/wp\/v2\/product"}],"about":[{"href":"https:\/\/www.hydraulic-cylinders.net\/it\/wp-json\/wp\/v2\/types\/product"}],"replies":[{"embeddable":true,"href":"https:\/\/www.hydraulic-cylinders.net\/it\/wp-json\/wp\/v2\/comments?post=15117"}],"wp:featuredmedia":[{"embeddable":true,"href":"https:\/\/www.hydraulic-cylinders.net\/it\/wp-json\/wp\/v2\/media\/14789"}],"wp:attachment":[{"href":"https:\/\/www.hydraulic-cylinders.net\/it\/wp-json\/wp\/v2\/media?parent=15117"}],"wp:term":[{"taxonomy":"product_brand","embeddable":true,"href":"https:\/\/www.hydraulic-cylinders.net\/it\/wp-json\/wp\/v2\/product_brand?post=15117"},{"taxonomy":"product_cat","embeddable":true,"href":"https:\/\/www.hydraulic-cylinders.net\/it\/wp-json\/wp\/v2\/product_cat?post=15117"},{"taxonomy":"product_tag","embeddable":true,"href":"https:\/\/www.hydraulic-cylinders.net\/it\/wp-json\/wp\/v2\/product_tag?post=15117"}],"curies":[{"name":"parola chiave","href":"https:\/\/api.w.org\/{rel}","templated":true}]}}