{"id":15126,"date":"2025-01-19T14:08:16","date_gmt":"2025-01-19T14:08:16","guid":{"rendered":"https:\/\/www.hydraulic-cylinders.net\/product\/bucket-cylinder-for-komatsu-small-excavator-pc128-130-7\/"},"modified":"2025-01-19T14:08:18","modified_gmt":"2025-01-19T14:08:18","slug":"bucket-cylinder-for-komatsu-small-excavator-pc128-130-7","status":"publish","type":"product","link":"https:\/\/www.hydraulic-cylinders.net\/it\/prodotto\/bucket-cylinder-for-komatsu-small-excavator-pc128-130-7\/","title":{"rendered":"Cilindro della benna per escavatore piccolo Komatsu PC128\/130-7"},"content":{"rendered":"<h2>Cilindro della benna per escavatore piccolo Komatsu PC128\/130-7<\/h2>\n<h3>Introduzione<\/h3>\n<p>Il cilindro della benna per il piccolo escavatore Komatsu PC128\/130-7 \u00e8 un cilindro idraulico appositamente progettato, utilizzato principalmente per controllare il movimento delle benne in macchinari pesanti come escavatori, terne e pale caricatrici frontali. La sua funzione principale \u00e8 quella di consentire alla benna di sollevarsi, abbassarsi e inclinarsi, facilitando cos\u00ec diverse attivit\u00e0 di movimentazione dei materiali. Nel sistema idraulico, il cilindro della benna garantisce un controllo preciso della benna attraverso variazioni della pressione dell'olio idraulico, consentendo agli operatori di gestire carichi pesanti in modo efficiente e di adattarsi ad ambienti di lavoro complessi e a diverse esigenze operative.<\/p>\n<p><img decoding=\"async\" src=\"https:\/\/www.hydraulic-cylinders.net\/wp-content\/uploads\/2025\/01\/songte-company-2.webp\" alt=\"Cilindro della benna per escavatore piccolo Komatsu PC128\/130-7 Immagine\"><\/p>\n<h3>Caratteristiche<\/h3>\n<ul>\n<li>Elevata resistenza e durata: solitamente realizzati in acciaio o alluminio ad alta resistenza, in grado di sopportare pressioni elevate e carichi pesanti, adatti ad ambienti di lavoro difficili, progettati tenendo presente la resistenza all'usura e alla corrosione, prolungandone la durata utile.<\/li>\n<li>Funzionamento idraulico efficiente: utilizza la pressione dell'olio idraulico per ottenere azioni di estensione e retrazione fluide, in grado di rispondere rapidamente ai comandi di controllo, fornendo potenti forze di spinta e trazione, adatte alla movimentazione di carichi pesanti e attivit\u00e0 operative complesse.<\/li>\n<li>Diverse tipologie: \u00e8 possibile scegliere tra diverse tipologie di cilindri in base alle esigenze, ad esempio cilindri a semplice effetto (idraulici utilizzati in una sola direzione) o a doppio effetto (idraulici utilizzati in entrambe le direzioni) per soddisfare diverse esigenze operative, alcuni modelli sono telescopici, consentendo una maggiore estensione senza aumentare le dimensioni esterne, adatti per applicazioni con spazio limitato.<\/li>\n<li>Facili da produrre: i nostri prodotti possono sostituire perfettamente questi cilindri idraulici.<\/li>\n<\/ul>\n<p><img decoding=\"async\" src=\"https:\/\/www.hydraulic-cylinders.net\/wp-content\/uploads\/2025\/01\/songte-cylinder-head-with-all-kinds-excavator-models.webp\" alt=\"Cilindro della benna per l&#039;immagine di produzione del piccolo escavatore Komatsu PC128\/130-7\"><\/p>\n<h3>Applicazioni<\/h3>\n<p>Il cilindro della benna per il piccolo escavatore Komatsu PC128\/130-7 \u00e8 ampiamente utilizzato in varie applicazioni di macchinari pesanti, come:<\/p>\n<ul>\n<li>Attrezzature edili: negli escavatori, sono essenziali per scavare, caricare e spostare terreno o detriti. Nelle terne, i cilindri delle benne facilitano sia lo scavo che il sollevamento. <\/li>\n<li>Macchine agricole: utilizzate nelle pale caricatrici frontali per raccogliere, sollevare e trasportare terra, fieno e altri materiali.<\/li>\n<li>Escavatori: i cilindri della benna consentono l'azione di scavo consentendo alla benna di penetrare nel terreno.<\/li>\n<li>Caricatori: nei caricatori frontali, aiutano a sollevare e inclinare le merci in modo efficace.<\/li>\n<\/ul>\n<h3>Considerazioni progettuali e criteri di selezione<\/h3>\n<p>The Bucket Cylinder For Komatsu Small Excavator PC128\/130-7&#8217;s design considerations and selection criteria include:<\/p>\n<ul>\n<li>Capacit\u00e0 portante: capacit\u00e0 di sopportare pressioni elevate e carichi pesanti.<\/li>\n<li>Tenuta: capacit\u00e0 di impedire perdite di olio idraulico e di mantenere una corretta lubrificazione.<\/li>\n<li>Durata: capacit\u00e0 di resistere all'usura e alla corrosione, soprattutto in ambienti di lavoro difficili.<\/li>\n<li>Sicurezza: capacit\u00e0 di prevenire incidenti e infortuni durante il funzionamento.<\/li>\n<li>Manutenibilit\u00e0: capacit\u00e0 di essere facilmente manutenibile e riparabile.<\/li>\n<\/ul>\n<p><img decoding=\"async\" src=\"https:\/\/www.hydraulic-cylinders.net\/wp-content\/uploads\/2025\/01\/songte-oil-pipes-and-spare-parts.webp\" alt=\"Cilindro della benna per l&#039;immagine del pezzo di ricambio del piccolo escavatore Komatsu PC128\/130-7\"><\/p>\n<h3>Sigillatura e lubrificazione<\/h3>\n<p>The Bucket Cylinder For Komatsu Small Excavator PC128\/130-7&#8217;s sealing and lubrication considerations include:<\/p>\n<ul>\n<li>Utilizzo di varie guarnizioni, come guarnizioni per pistoni e guarnizioni per steli, realizzate in materiali resistenti all'usura come poliuretano e gomma nitrilica.<\/li>\n<li>Il corpo del cilindro e la superficie dell'estremit\u00e0 filettata sono finemente lavorati per migliorare la resistenza all'usura.<\/li>\n<li>Aggiungere regolarmente olio idraulico per garantire una corretta lubrificazione.<\/li>\n<\/ul>\n<h3>Manutenzione e riparazione<\/h3>\n<p>Le attivit\u00e0 di manutenzione e riparazione del cilindro della benna per il piccolo escavatore Komatsu PC128\/130-7 includono:<\/p>\n<ul>\n<li>Ispezioni regolari del cilindro, lubrificazione adeguata, sostituzione delle guarnizioni e controlli di taratura.<\/li>\n<li>Importanza di una corretta installazione, lubrificazione e regolazione.<\/li>\n<li>Fornire indicazioni sul corretto allineamento del cilindro durante l'installazione.<\/li>\n<li>Raccomandazioni per l'utilizzo di staffe di installazione adeguate per fissare i cilindri.<\/li>\n<li>Procedure consigliate di ispezione, riparazione e sostituzione.<\/li>\n<li>Fornitura di pezzi di ricambio e servizi di ricostruzione per prolungare la durata utile del cilindro della benna per il piccolo escavatore Komatsu PC128\/130-7.<\/li>\n<\/ul>\n<p><img decoding=\"async\" src=\"https:\/\/www.hydraulic-cylinders.net\/wp-content\/uploads\/2025\/01\/songte-chushion-collar.webp\" alt=\"Cilindro della benna per l&#039;immagine del collare del piccolo escavatore Komatsu PC128\/130-7\"><\/p>\n<h3>Considerazioni sulla sicurezza e fattori ambientali<\/h3>\n<p>Quando si utilizza il cilindro della benna per il piccolo escavatore Komatsu PC128\/130-7, \u00e8 fondamentale adottare misure di sicurezza. Si raccomanda di seguire tutte le procedure e le linee guida di sicurezza per ridurre al minimo i rischi e proteggere gli operatori e le attrezzature. \u00c8 inoltre necessario tenere conto di fattori ambientali quali temperatura, umidit\u00e0 e inquinamento.<\/p>\n<h3>Risoluzione dei problemi e problemi comuni<\/h3>\n<p>The Bucket Cylinder For Komatsu Small Excavator PC128\/130-7&#8217;s potential issues include oil leakage, seal damage, and insufficient lubrication. Prompt troubleshooting and problem-solving are essential to prevent further damage and avoid equipment downtime.<\/p>\n<h3>Presentazione dell'azienda<\/h3>\n<p>Our company is a manufacturer of hydraulic cylinders that can replace the original hydraulic cylinders. We offer a wide range of products and have become one of the leading manufacturers and wholesale distributors of hydraulic cylinders in domestic and international markets. We adhere to the principle of outstanding quality and rely on industrialized production management strategies in finely manufactured workshops. Our company continuously improves the manufacturing platform of the workshop, improves the production quality of products, and has strong creative ability. Our products provide multi-dimensional solutions to meet customers&#8217; needs with high efficiency, high precision, and high quality.<\/p>\n<p><img decoding=\"async\" src=\"https:\/\/hzpt.com\/wp-content\/uploads\/2024\/11\/songte-company-1.webp\" alt=\"Immagine aziendale\"><\/p>\n<h3>Profilo Aziendale<\/h3>\n<ul>\n<li>Professionalit\u00e0: disponiamo di un team di professionisti con anni di esperienza nel settore dei cilindri idraulici per fornirti servizi e supporto tecnico di prima classe.<\/li>\n<li>Certificazione internazionale: I nostri prodotti sono certificati secondo gli standard internazionali per garantire qualit\u00e0 e sicurezza.<\/li>\n<li>Servizi di personalizzazione: forniamo servizi personalizzati per soddisfare le esigenze individuali dei clienti.<\/li>\n<li>Attrezzature di produzione: la nostra azienda utilizza attrezzature di produzione all'avanguardia per garantire la qualit\u00e0 e l'efficienza del prodotto.<\/li>\n<li>Servizio post-vendita: forniamo servizi post-vendita completi, tra cui manutenzione, riparazione e sostituzione di parti.<\/li>\n<\/ul>\n<p><img decoding=\"async\" src=\"https:\/\/www.hydraulic-cylinders.net\/wp-content\/uploads\/2025\/01\/songte-company-3.webp\" alt=\"Immagine del profilo aziendale\"><\/p>\n<p>Autore: lyl<\/p>","protected":false},"excerpt":{"rendered":"<p>Bucket Cylinder For Komatsu Small Excavator PC128\/130-7 Introduction The Bucket Cylinder For Komatsu Small Excavator PC128\/130-7 is a specially designed hydraulic cylinder primarily used for controlling the movement of buckets in heavy machinery such as excavators, backhoes, and front-end loaders. Its main function is to enable the bucket to lift, lower, and tilt, thereby facilitating [&hellip;]<\/p>","protected":false},"featured_media":14773,"comment_status":"open","ping_status":"closed","template":"","meta":{"_et_pb_use_builder":"","_et_pb_old_content":"","_et_gb_content_width":""},"product_brand":[],"product_cat":[1494],"product_tag":[1495,1496],"class_list":{"0":"post-15126","1":"product","2":"type-product","3":"status-publish","4":"has-post-thumbnail","6":"product_cat-bucket-cylinders","7":"product_tag-bucket-cylinders","8":"product_tag-hydraulic-cylinders","10":"first","11":"instock","12":"shipping-taxable","13":"product-type-simple"},"amp_enabled":true,"_links":{"self":[{"href":"https:\/\/www.hydraulic-cylinders.net\/it\/wp-json\/wp\/v2\/product\/15126","targetHints":{"allow":["GET"]}}],"collection":[{"href":"https:\/\/www.hydraulic-cylinders.net\/it\/wp-json\/wp\/v2\/product"}],"about":[{"href":"https:\/\/www.hydraulic-cylinders.net\/it\/wp-json\/wp\/v2\/types\/product"}],"replies":[{"embeddable":true,"href":"https:\/\/www.hydraulic-cylinders.net\/it\/wp-json\/wp\/v2\/comments?post=15126"}],"wp:featuredmedia":[{"embeddable":true,"href":"https:\/\/www.hydraulic-cylinders.net\/it\/wp-json\/wp\/v2\/media\/14773"}],"wp:attachment":[{"href":"https:\/\/www.hydraulic-cylinders.net\/it\/wp-json\/wp\/v2\/media?parent=15126"}],"wp:term":[{"taxonomy":"product_brand","embeddable":true,"href":"https:\/\/www.hydraulic-cylinders.net\/it\/wp-json\/wp\/v2\/product_brand?post=15126"},{"taxonomy":"product_cat","embeddable":true,"href":"https:\/\/www.hydraulic-cylinders.net\/it\/wp-json\/wp\/v2\/product_cat?post=15126"},{"taxonomy":"product_tag","embeddable":true,"href":"https:\/\/www.hydraulic-cylinders.net\/it\/wp-json\/wp\/v2\/product_tag?post=15126"}],"curies":[{"name":"parola chiave","href":"https:\/\/api.w.org\/{rel}","templated":true}]}}