{"id":15135,"date":"2025-01-19T14:08:59","date_gmt":"2025-01-19T14:08:59","guid":{"rendered":"https:\/\/www.hydraulic-cylinders.net\/product\/bucket-cylinder-for-komatsu-middle-excavator-pc240lc-8mo\/"},"modified":"2025-01-19T14:09:01","modified_gmt":"2025-01-19T14:09:01","slug":"bucket-cylinder-for-komatsu-middle-excavator-pc240lc-8mo","status":"publish","type":"product","link":"https:\/\/www.hydraulic-cylinders.net\/it\/prodotto\/bucket-cylinder-for-komatsu-middle-excavator-pc240lc-8mo\/","title":{"rendered":"Cilindro della benna per escavatore centrale Komatsu PC240LC-8MO"},"content":{"rendered":"<h2>Cilindro della benna per escavatore centrale Komatsu PC240LC-8MO<\/h2>\n<p>Il cilindro benna per l'escavatore medio Komatsu PC240LC-8MO \u00e8 un cilindro idraulico specializzato progettato per controllare il movimento della benna in macchinari pesanti come escavatori, terne e pale caricatrici frontali. La sua funzione principale \u00e8 quella di consentire il sollevamento, l'abbassamento e l'inclinazione della benna, facilitando la gestione di diverse attivit\u00e0 di movimentazione dei materiali. Nel sistema idraulico, il cilindro benna garantisce un controllo preciso della benna sfruttando le variazioni di pressione dell'olio idraulico, consentendo agli operatori di gestire in modo efficiente carichi pesanti e di adattarsi ad ambienti di lavoro complessi e a diverse esigenze operative.<\/p>\n<p><img decoding=\"async\" src=\"https:\/\/www.hydraulic-cylinders.net\/wp-content\/uploads\/2025\/01\/songte-company-2.webp\" alt=\"Immagine del cilindro del secchio\"><\/p>\n<h2>Caratteristiche del cilindro della benna per l'escavatore centrale Komatsu PC240LC-8MO<\/h2>\n<ul>\n<li>Elevata resistenza e durata: solitamente realizzati in acciaio o alluminio ad alta resistenza, possono sopportare pressioni elevate e carichi pesanti, adattandosi ad ambienti di lavoro difficili. Il design \u00e8 studiato per garantire resistenza all'usura e alla corrosione, prolungandone la durata.<\/li>\n<li>Funzionamento idraulico efficiente: sfruttando la pressione dell'olio idraulico, consente di ottenere azioni di estensione e retrazione fluide, risponde rapidamente ai comandi di controllo, fornisce elevate forze di spinta e trazione ed \u00e8 adatto alla movimentazione di carichi pesanti e attivit\u00e0 di lavoro complesse.<\/li>\n<li>Varie tipologie: il cilindro della benna pu\u00f2 essere selezionato come cilindro a semplice effetto (l'idraulica viene utilizzata in una sola direzione) o a doppio effetto (l'idraulica viene utilizzata in entrambe le direzioni) a seconda delle esigenze operative, soddisfacendo diverse esigenze. Alcuni modelli sono telescopici, consentendo una maggiore estensione senza aumentare le dimensioni esterne, adatti per applicazioni con spazio limitato.<\/li>\n<li>Sostituzione perfetta: i nostri prodotti possono sostituire perfettamente questi cilindri idraulici.<\/li>\n<\/ul>\n<p><img decoding=\"async\" src=\"https:\/\/www.hydraulic-cylinders.net\/wp-content\/uploads\/2025\/01\/songte-cylinder-head-with-all-kinds-excavator-models.webp\" alt=\"Immagine di sostituzione del cilindro idraulico\"><\/p>\n<h2>Applicazioni del cilindro della benna per l'escavatore medio Komatsu PC240LC-8MO<\/h2>\n<p>Il cilindro della benna trova applicazione in vari macchinari pesanti:<\/p>\n<ul>\n<li>Attrezzature edili: negli escavatori, sono essenziali per lo scavo, il carico e lo spostamento di terra o detriti. Nelle terne, il cilindro della benna agevola sia lo scavo che il sollevamento.<\/li>\n<li>Macchine agricole: utilizzate nelle pale caricatrici frontali per raccogliere, sollevare e trasportare terra, fieno e altri materiali.<\/li>\n<li>Escavatori: il cilindro della benna consente di effettuare azioni di scavo consentendo alla benna di penetrare nel terreno.<\/li>\n<li>Caricatori: nei caricatori frontali, aiutano a sollevare e inclinare le merci in modo efficace.<\/li>\n<\/ul>\n<h2>Considerazioni progettuali e criteri di selezione<\/h2>\n<p>Quando si considera la progettazione del cilindro della benna, vengono presi in considerazione fattori chiave quali capacit\u00e0 di carico, tenuta, durata, sicurezza e manutenibilit\u00e0:<\/p>\n<p><img decoding=\"async\" src=\"https:\/\/www.hydraulic-cylinders.net\/wp-content\/uploads\/2025\/01\/songte-oil-pipes-and-spare-parts.webp\" alt=\"Immagine di progettazione del cilindro idraulico\"><\/p>\n<h2>Sigillatura e lubrificazione<\/h2>\n<p>Il cilindro della benna utilizza vari componenti di tenuta, come guarnizioni del pistone e guarnizioni dello stelo, realizzati in materiali resistenti all'usura come poliuretano e gomma nitrilica. Il corpo del cilindro e le superfici terminali filettate sono sottoposti a un trattamento di precisione per migliorarne la resistenza all'usura. Per garantire un funzionamento regolare, \u00e8 necessaria una lubrificazione regolare con olio idraulico appropriato.<\/p>\n<h2>Ispezione regolare e manutenzione preventiva<\/h2>\n<p>Per mantenere le prestazioni ottimali del cilindro della benna, sono essenziali ispezioni regolari e misure di manutenzione preventiva:<\/p>\n<h2>Guida all'installazione corretta<\/h2>\n<p>La corretta installazione del cilindro della benna \u00e8 fondamentale per la sua funzionalit\u00e0 e longevit\u00e0:<\/p>\n<p><img decoding=\"async\" src=\"https:\/\/www.hydraulic-cylinders.net\/wp-content\/uploads\/2025\/01\/songte-chushion-collar.webp\" alt=\"Immagine di installazione del cilindro della benna\"><\/p>\n<h2>Attivit\u00e0 di manutenzione comuni<\/h2>\n<p>Tre comuni attivit\u00e0 di manutenzione per il cilindro della benna sono:<\/p>\n<ul>\n<li>Ispezione regolare<\/li>\n<li>Lubrificazione corretta<\/li>\n<li>Sostituzione della guarnizione e controllo della calibrazione<\/li>\n<\/ul>\n<p>L'importanza di una corretta installazione, lubrificazione e regolazione viene sottolineata durante l'intero processo di installazione. Viene illustrato il corretto allineamento del cilindro e si raccomanda l'uso di staffe di installazione appropriate per il fissaggio del cilindro. Vengono fornite procedure consigliate per l'ispezione, la riparazione e la sostituzione, insieme a suggerimenti per prolungare la durata del cilindro della benna.<\/p>\n<p><img decoding=\"async\" src=\"https:\/\/www.hydraulic-cylinders.net\/wp-content\/uploads\/2025\/01\/songte-bushings-with-all-kinds-of-excavator-models.webp\" alt=\"Immagine di manutenzione del cilindro della benna\"><\/p>\n<h2>Considerazioni sulla sicurezza e fattori ambientali<\/h2>\n<p>L'importanza delle misure di sicurezza durante l'uso del cilindro della benna viene sottolineata, considerando l'uso di parole chiave.<\/p>\n<h2>Diagnosi dei guasti e problemi comuni<\/h2>\n<p>Vengono analizzati i guasti pi\u00f9 comuni e i relativi metodi di risoluzione, fornendo suggerimenti e soluzioni per diagnosticare e risolvere efficacemente i problemi. Vengono inoltre suggerite misure preventive per ridurre al minimo i potenziali problemi.<\/p>\n<p><img decoding=\"async\" src=\"https:\/\/www.hydraulic-cylinders.net\/wp-content\/uploads\/2025\/01\/songte-company-1.webp\" alt=\"Immagine di diagnosi del guasto del cilindro della benna\"><\/p>\n<h2>Informazioni sulla nostra azienda<\/h2>\n<p>Siamo produttori di cilindri idraulici di ricambio e offriamo un'ampia gamma di prodotti. Siamo diventati uno dei principali produttori e distributori all'ingrosso di cilindri idraulici sia sul mercato nazionale che internazionale. La nostra azienda persegue una strategia di qualit\u00e0 eccellente, affidandosi alla gestione della produzione industrializzata di sofisticate officine di produzione. Miglioriamo costantemente la piattaforma produttiva delle nostre officine attraverso l'applicazione di talenti tecnologici, apparecchiature di produzione digitali di fascia alta e sistemi di collaudo professionali. La nostra azienda vanta una forte capacit\u00e0 creativa e mira a soddisfare le diverse esigenze dei clienti con elevata efficienza, elevata precisione e principi di alta qualit\u00e0.<\/p>\n<p><img decoding=\"async\" src=\"https:\/\/www.hydraulic-cylinders.net\/wp-content\/uploads\/2025\/01\/songte-company-3.webp\" alt=\"Immagine panoramica dell&#039;azienda\"><\/p>\n<p>Inoltre, forniamo una presentazione pi\u00f9 ampia della nostra azienda sotto vari aspetti, quali professionalit\u00e0, certificazioni internazionali, servizi personalizzati, attrezzature di produzione e servizi post-vendita.<\/p>\n<p>Autore: lyl<\/p>","protected":false},"excerpt":{"rendered":"<p>Bucket Cylinder For Komatsu Middle Excavator PC240LC-8MO The Bucket Cylinder for Komatsu Middle Excavator PC240LC-8MO is a specialized hydraulic cylinder designed to control the movement of the bucket in heavy-duty machinery such as excavators, backhoe loaders, and front-end loaders. Its main function is to enable the lifting, lowering, and tilting of the bucket, making it [&hellip;]<\/p>","protected":false},"featured_media":14785,"comment_status":"open","ping_status":"closed","template":"","meta":{"_et_pb_use_builder":"","_et_pb_old_content":"","_et_gb_content_width":""},"product_brand":[],"product_cat":[1494],"product_tag":[1495,1496],"class_list":{"0":"post-15135","1":"product","2":"type-product","3":"status-publish","4":"has-post-thumbnail","6":"product_cat-bucket-cylinders","7":"product_tag-bucket-cylinders","8":"product_tag-hydraulic-cylinders","10":"first","11":"instock","12":"shipping-taxable","13":"product-type-simple"},"amp_enabled":true,"_links":{"self":[{"href":"https:\/\/www.hydraulic-cylinders.net\/it\/wp-json\/wp\/v2\/product\/15135","targetHints":{"allow":["GET"]}}],"collection":[{"href":"https:\/\/www.hydraulic-cylinders.net\/it\/wp-json\/wp\/v2\/product"}],"about":[{"href":"https:\/\/www.hydraulic-cylinders.net\/it\/wp-json\/wp\/v2\/types\/product"}],"replies":[{"embeddable":true,"href":"https:\/\/www.hydraulic-cylinders.net\/it\/wp-json\/wp\/v2\/comments?post=15135"}],"wp:featuredmedia":[{"embeddable":true,"href":"https:\/\/www.hydraulic-cylinders.net\/it\/wp-json\/wp\/v2\/media\/14785"}],"wp:attachment":[{"href":"https:\/\/www.hydraulic-cylinders.net\/it\/wp-json\/wp\/v2\/media?parent=15135"}],"wp:term":[{"taxonomy":"product_brand","embeddable":true,"href":"https:\/\/www.hydraulic-cylinders.net\/it\/wp-json\/wp\/v2\/product_brand?post=15135"},{"taxonomy":"product_cat","embeddable":true,"href":"https:\/\/www.hydraulic-cylinders.net\/it\/wp-json\/wp\/v2\/product_cat?post=15135"},{"taxonomy":"product_tag","embeddable":true,"href":"https:\/\/www.hydraulic-cylinders.net\/it\/wp-json\/wp\/v2\/product_tag?post=15135"}],"curies":[{"name":"parola chiave","href":"https:\/\/api.w.org\/{rel}","templated":true}]}}