{"id":15166,"date":"2025-01-19T14:11:19","date_gmt":"2025-01-19T14:11:19","guid":{"rendered":"https:\/\/www.hydraulic-cylinders.net\/product\/bucket-cylinder-for-sumitomo-small-excavator-sh60\/"},"modified":"2025-01-19T14:11:21","modified_gmt":"2025-01-19T14:11:21","slug":"bucket-cylinder-for-sumitomo-small-excavator-sh60","status":"publish","type":"product","link":"https:\/\/www.hydraulic-cylinders.net\/it\/prodotto\/bucket-cylinder-for-sumitomo-small-excavator-sh60\/","title":{"rendered":"Cilindro della benna per escavatore piccolo Sumitomo SH60"},"content":{"rendered":"<h1>Cilindro della benna per escavatore piccolo Sumitomo SH60<\/h1>\n<h2>Introduzione<\/h2>\n<p>Il cilindro della benna per il piccolo escavatore Sumitomo SH60 \u00e8 un cilindro idraulico appositamente progettato per controllare il movimento della benna in macchinari pesanti come escavatori, terne e pale caricatrici frontali. La sua funzione principale \u00e8 quella di consentire il sollevamento, l'abbassamento e l'inclinazione della benna, rendendola comoda per diverse attivit\u00e0 di movimentazione dei materiali. Nel sistema idraulico, il cilindro della benna controlla con precisione i movimenti della benna attraverso le variazioni della pressione dell'olio idraulico, consentendo agli operatori di gestire in modo efficiente carichi pesanti e di adattarsi ad ambienti di lavoro complessi e a diverse esigenze operative.<\/p>\n<p><img decoding=\"async\" src=\"https:\/\/www.hydraulic-cylinders.net\/wp-content\/uploads\/2025\/01\/songte-company-2.webp\" alt=\"Immagine del cilindro del secchio\"><\/p>\n<h2>Caratteristiche<\/h2>\n<ol>\n<li>Elevata resistenza e durata:<\/li>\n<p>Solitamente realizzato in acciaio ad alta resistenza o alluminio, pu\u00f2 sopportare pressioni elevate e carichi pesanti, adattandosi ad ambienti di lavoro difficili. Il design \u00e8 studiato per garantire resistenza all'usura e alla corrosione, per prolungarne la durata.<\/p>\n<li>Funzionamento idraulico efficiente:<\/li>\n<p>Utilizzando la pressione dell'olio idraulico, realizza movimenti telescopici fluidi, risponde rapidamente ai comandi di controllo, fornisce potenti forze di spinta e trazione ed \u00e8 adatto alla movimentazione di carichi pesanti e lavori complessi.<\/p>\n<li>Vari tipi:<\/li>\n<p>Scegliete tra cilindri a semplice effetto (idraulici utilizzati in una sola direzione) o a doppio effetto (idraulici utilizzati in entrambe le direzioni) in base alle specifiche esigenze operative. Alcuni modelli sono telescopici, consentendo una maggiore estensione senza aumentare le dimensioni esterne, rendendoli ideali per applicazioni con spazio limitato.<\/p>\n<li>Sostituzione perfetta:<\/li>\n<p>I nostri prodotti possono sostituire perfettamente questi cilindri idraulici.<\/p>\n<\/ol>\n<p><img decoding=\"async\" src=\"https:\/\/www.hydraulic-cylinders.net\/wp-content\/uploads\/2025\/01\/songte-cylinder-head-with-all-kinds-excavator-models.webp\" alt=\"Immagine del cilindro idraulico\"><\/p>\n<h2>Applicazioni<\/h2>\n<ul>\n<li>Attrezzature per l'edilizia:<\/li>\n<p>Negli escavatori, sono essenziali per scavare, caricare e spostare terreno o detriti. Nelle terne, il cilindro della benna agevola sia lo scavo che il sollevamento.<\/p>\n<li>Macchine agricole:<\/li>\n<p>Utilizzato nelle pale caricatrici frontali per raccogliere, sollevare e trasportare terra, fieno e altri materiali.<\/p>\n<li>Escavatori:<\/li>\n<p>Il cilindro della benna consente di effettuare azioni di scavo consentendo alla benna di penetrare nel terreno.<\/p>\n<li>Caricatori:<\/li>\n<p>Nei caricatori frontali, aiutano a sollevare e scaricare le merci in modo efficace.<\/p>\n<\/ul>\n<h2>Considerazioni progettuali e criteri di selezione<\/h2>\n<p>Quando si tratta di considerazioni progettuali, vengono presi in considerazione fattori chiave quali capacit\u00e0 portante, tenuta, durata, sicurezza e manutenibilit\u00e0.<\/p>\n<p><img decoding=\"async\" src=\"https:\/\/www.hydraulic-cylinders.net\/wp-content\/uploads\/2025\/01\/songte-oil-pipes-and-spare-parts.webp\" alt=\"Immagine dei componenti del cilindro idraulico\"><\/p>\n<h2>Sigillatura e lubrificazione<\/h2>\n<p>Il cilindro della benna utilizza vari elementi di tenuta, come guarnizioni del pistone e guarnizioni dello stelo, realizzati in materiali resistenti all'usura come poliuretano e gomma nitrilica. Il corpo del cilindro e le estremit\u00e0 filettate sono sottoposti a meticolosi trattamenti superficiali per migliorarne la resistenza all'usura. \u00c8 necessaria una lubrificazione regolare con la giusta quantit\u00e0 di olio idraulico.<\/p>\n<h2>Ispezione regolare e manutenzione preventiva<\/h2>\n<ul>\n<li>Ispezionare regolarmente tutti i componenti per garantirne il corretto funzionamento.<\/li>\n<li>Eseguire una lubrificazione adeguata per garantire un funzionamento regolare.<\/li>\n<li>Sostituire tempestivamente le guarnizioni usurate per evitare perdite.<\/li>\n<li>Per ottimizzare le prestazioni, calibrare e controllare regolarmente l'allineamento.<\/li>\n<\/ul>\n<p><img decoding=\"async\" src=\"https:\/\/www.hydraulic-cylinders.net\/wp-content\/uploads\/2025\/01\/songte-chushion-collar.webp\" alt=\"Immagine delle parti del cilindro idraulico\"><\/p>\n<h2>Considerazioni sulla sicurezza e fattori ambientali<\/h2>\n<p>Quando si utilizzano cilindri idraulici, \u00e8 fondamentale prendere in considerazione le misure di sicurezza per prevenire incidenti e garantire un ambiente di lavoro sicuro.<\/p>\n<h2>Diagnosi dei guasti e problemi comuni<\/h2>\n<p>Identificare i guasti e affrontare i problemi pi\u00f9 comuni \u00e8 essenziale per una risoluzione efficace dei problemi. Soluzioni adeguate e misure preventive aiutano a ridurre al minimo i potenziali problemi.<\/p>\n<p><img decoding=\"async\" src=\"https:\/\/www.hydraulic-cylinders.net\/wp-content\/uploads\/2025\/01\/songte-bushings-with-all-kinds-of-excavator-models.webp\" alt=\"Immagine delle boccole del cilindro idraulico\"><\/p>\n<h2>Attivit\u00e0 di manutenzione<\/h2>\n<p>Le attivit\u00e0 di manutenzione pi\u00f9 comuni includono ispezioni regolari, lubrificazione adeguata, sostituzione delle guarnizioni e controlli di taratura. Vengono sottolineate le corrette procedure di installazione, lubrificazione e regolazione. Vengono fornite istruzioni per il corretto allineamento del cilindro durante l'installazione e si raccomanda l'uso di staffe di installazione appropriate. Vengono fornite procedure consigliate per l'ispezione, la riparazione e la sostituzione, insieme a suggerimenti per prolungare la durata del cilindro idraulico.<\/p>\n<h2>Informazioni sulla nostra azienda<\/h2>\n<p>Siamo un'azienda specializzata nella produzione di cilindri idraulici di ricambio. Con un'ampia gamma di prodotti, siamo diventati uno dei principali produttori e distributori all'ingrosso di cilindri idraulici sul mercato nazionale e internazionale. Aderiamo ai principi di eccellente qualit\u00e0 e ci affidiamo a strategie di gestione della produzione industrializzata nel nostro raffinato laboratorio di produzione. La nostra azienda migliora costantemente la piattaforma produttiva, migliora le linee di produzione per la qualit\u00e0 dei prodotti e vanta una forte capacit\u00e0 creativa. Ci impegniamo a soddisfare le diverse esigenze dei clienti con elevata efficienza, precisione e qualit\u00e0.<\/p>\n<p><img decoding=\"async\" src=\"https:\/\/www.hydraulic-cylinders.net\/wp-content\/uploads\/2025\/01\/songte-company-3.webp\" alt=\"Immagine aziendale\"><\/p>\n<h3>Professionalit\u00e0:<\/h3>\n<p>Diamo priorit\u00e0 alla professionalit\u00e0 nelle nostre operazioni, assicurandoci che i nostri prodotti soddisfino gli standard pi\u00f9 elevati.<\/p>\n<h3>Certificazioni internazionali:<\/h3>\n<p>Abbiamo ottenuto diverse certificazioni internazionali a dimostrazione del nostro impegno verso la qualit\u00e0 e l'affidabilit\u00e0.<\/p>\n<h3>Servizi di personalizzazione:<\/h3>\n<p>Offriamo servizi di personalizzazione per soddisfare le esigenze specifiche del cliente.<\/p>\n<h3>Attrezzature di produzione:<\/h3>\n<p>Utilizziamo attrezzature di produzione all'avanguardia per garantire la qualit\u00e0 e l'efficienza dei nostri processi produttivi.<\/p>\n<h3>Servizio post-vendita:<\/h3>\n<p>Forniamo un servizio post-vendita completo, garantendo la soddisfazione del cliente durante tutta la sua esperienza con i nostri prodotti.<\/p>\n<p>Autore: lyl<\/p>","protected":false},"excerpt":{"rendered":"<p>Bucket Cylinder For Sumitomo Small Excavator SH60 Introduction The Bucket Cylinder for Sumitomo Small Excavator SH60 is a specially designed hydraulic cylinder used to control the movement of the bucket in heavy machinery such as excavators, backhoe loaders, and front loaders. Its main function is to enable the lifting, lowering, and tilting of the bucket, [&hellip;]<\/p>","protected":false},"featured_media":14784,"comment_status":"open","ping_status":"closed","template":"","meta":{"_et_pb_use_builder":"","_et_pb_old_content":"","_et_gb_content_width":""},"product_brand":[],"product_cat":[1494],"product_tag":[1495,1496],"class_list":{"0":"post-15166","1":"product","2":"type-product","3":"status-publish","4":"has-post-thumbnail","6":"product_cat-bucket-cylinders","7":"product_tag-bucket-cylinders","8":"product_tag-hydraulic-cylinders","10":"first","11":"instock","12":"shipping-taxable","13":"product-type-simple"},"amp_enabled":true,"_links":{"self":[{"href":"https:\/\/www.hydraulic-cylinders.net\/it\/wp-json\/wp\/v2\/product\/15166","targetHints":{"allow":["GET"]}}],"collection":[{"href":"https:\/\/www.hydraulic-cylinders.net\/it\/wp-json\/wp\/v2\/product"}],"about":[{"href":"https:\/\/www.hydraulic-cylinders.net\/it\/wp-json\/wp\/v2\/types\/product"}],"replies":[{"embeddable":true,"href":"https:\/\/www.hydraulic-cylinders.net\/it\/wp-json\/wp\/v2\/comments?post=15166"}],"wp:featuredmedia":[{"embeddable":true,"href":"https:\/\/www.hydraulic-cylinders.net\/it\/wp-json\/wp\/v2\/media\/14784"}],"wp:attachment":[{"href":"https:\/\/www.hydraulic-cylinders.net\/it\/wp-json\/wp\/v2\/media?parent=15166"}],"wp:term":[{"taxonomy":"product_brand","embeddable":true,"href":"https:\/\/www.hydraulic-cylinders.net\/it\/wp-json\/wp\/v2\/product_brand?post=15166"},{"taxonomy":"product_cat","embeddable":true,"href":"https:\/\/www.hydraulic-cylinders.net\/it\/wp-json\/wp\/v2\/product_cat?post=15166"},{"taxonomy":"product_tag","embeddable":true,"href":"https:\/\/www.hydraulic-cylinders.net\/it\/wp-json\/wp\/v2\/product_tag?post=15166"}],"curies":[{"name":"parola chiave","href":"https:\/\/api.w.org\/{rel}","templated":true}]}}