{"id":15186,"date":"2025-01-19T14:12:44","date_gmt":"2025-01-19T14:12:44","guid":{"rendered":"https:\/\/www.hydraulic-cylinders.net\/product\/bucket-cylinder-for-sumitomo-large-excavator-sh350hb-3b\/"},"modified":"2025-01-19T14:12:52","modified_gmt":"2025-01-19T14:12:52","slug":"bucket-cylinder-for-sumitomo-large-excavator-sh350hb-3b","status":"publish","type":"product","link":"https:\/\/www.hydraulic-cylinders.net\/it\/prodotto\/bucket-cylinder-for-sumitomo-large-excavator-sh350hb-3b\/","title":{"rendered":"Cilindro della benna per escavatore di grandi dimensioni Sumitomo SH350HB-3B"},"content":{"rendered":"<h1>Cilindro della benna per escavatore di grandi dimensioni Sumitomo SH350HB-3B<\/h1>\n<h2>Introduzione<\/h2>\n<p>Il cilindro della benna per l'escavatore di grandi dimensioni Sumitomo SH350HB-3B \u00e8 un cilindro idraulico appositamente progettato, utilizzato principalmente per controllare il movimento della benna in macchinari pesanti come escavatori, terne e pale caricatrici frontali. La sua funzione principale \u00e8 quella di consentire il sollevamento, l'abbassamento e l'inclinazione della benna, rendendolo pratico per diverse attivit\u00e0 di movimentazione dei materiali. Nel sistema idraulico, il cilindro della benna garantisce un controllo preciso della benna sfruttando le variazioni di pressione dell'olio idraulico, consentendo agli operatori di gestire in modo efficiente carichi pesanti e di adattarsi ad ambienti di lavoro complessi e a diverse esigenze operative.<\/p>\n<p><img decoding=\"async\" src=\"https:\/\/www.hydraulic-cylinders.net\/wp-content\/uploads\/2025\/01\/songte-company-2.webp\" alt=\"Cilindro della benna\"><\/p>\n<h2>Caratteristiche<\/h2>\n<ul>\n<li>Elevata resistenza e durata: solitamente realizzato in acciaio o alluminio ad alta resistenza, il cilindro della benna \u00e8 in grado di sopportare pressioni elevate e carichi pesanti, adattandosi ad ambienti di lavoro difficili. Il suo design \u00e8 progettato per resistere all'usura e alla corrosione, prolungandone la durata.<\/li>\n<li>Funzionamento idraulico efficiente: sfruttando la pressione dell'olio idraulico, il cilindro della benna esegue movimenti di estensione e retrazione fluidi, consentendo una risposta rapida ai comandi di controllo e fornendo potenti forze di spinta e trazione, adatte alla movimentazione di carichi pesanti e attivit\u00e0 complesse.<\/li>\n<li>Varie tipologie: il cilindro della benna pu\u00f2 essere scelto come cilindro a semplice effetto (pressione idraulica utilizzata in una sola direzione) o a doppio effetto (pressione idraulica utilizzata in entrambe le direzioni) a seconda delle esigenze operative. Alcuni modelli sono telescopici, consentendo una maggiore estensione senza aumentare le dimensioni esterne, adatti per applicazioni con spazio limitato.<\/li>\n<li>Sostituzione perfetta: i nostri prodotti possono sostituire perfettamente questi cilindri idraulici. <\/li>\n<\/ul>\n<p><img decoding=\"async\" src=\"https:\/\/www.hydraulic-cylinders.net\/wp-content\/uploads\/2025\/01\/songte-cylinder-head-with-all-kinds-excavator-models.webp\" alt=\"Sostituzione\"><\/p>\n<h2>Applicazioni<\/h2>\n<p>Il cilindro a benna trova applicazione in diverse attrezzature:<\/p>\n<ul>\n<li>Attrezzature edili: negli escavatori, sono essenziali per lo scavo, il carico e la movimentazione dei materiali. Nelle terne, il cilindro della benna agevola sia lo scavo che il sollevamento.<\/li>\n<li>Macchine agricole: utilizzate nelle pale caricatrici frontali per raccogliere, sollevare e trasportare terra, fieno e altri materiali.<\/li>\n<li>Escavatori: il cilindro della benna consente di effettuare azioni di scavo consentendo alla benna di penetrare nel terreno.<\/li>\n<li>Caricatori frontali: nei caricatori frontali, aiutano a sollevare e inclinare le merci in modo efficace.<\/li>\n<\/ul>\n<h2>Considerazioni progettuali e criteri di selezione<\/h2>\n<p>Nella progettazione del cilindro della benna vengono presi in considerazione diversi criteri di selezione e considerazioni chiave:<\/p>\n<ul>\n<li>Capacit\u00e0 di carico: il cilindro della benna \u00e8 progettato per sopportare la capacit\u00e0 di carico richiesta.<\/li>\n<li>Tenuta: per garantire una tenuta efficace vengono utilizzati vari componenti di tenuta, come guarnizioni per pistoni e steli. Sono realizzati in materiali resistenti all'usura come poliuretano e gomma nitrilica.<\/li>\n<li>Durata: il corpo del cilindro e le estremit\u00e0 filettate sono sottoposti a un accurato trattamento superficiale per aumentarne la resistenza all'usura.<\/li>\n<li>Sicurezza: il design incorpora funzioni di sicurezza per garantire un funzionamento sicuro.<\/li>\n<li>Manutenibilit\u00e0: il cilindro della benna \u00e8 progettato per facilitare la manutenzione e la riparazione.<\/li>\n<\/ul>\n<p><img decoding=\"async\" src=\"https:\/\/www.hydraulic-cylinders.net\/wp-content\/uploads\/2025\/01\/songte-oil-pipes-and-spare-parts.webp\" alt=\"Sigillatura e lubrificazione\"><\/p>\n<h2>Misure di manutenzione e precauzione<\/h2>\n<p>Per garantire la longevit\u00e0 del cilindro della benna, \u00e8 necessario effettuare ispezioni regolari e misure di manutenzione preventiva:<\/p>\n<ul>\n<li>Ispezioni regolari: verificare la presenza di eventuali segni di danni o usura e intervenire tempestivamente.<\/li>\n<li>Lubrificazione corretta: aggiungere regolarmente una quantit\u00e0 adeguata di olio idraulico per la lubrificazione.<\/li>\n<li>Sostituzione delle guarnizioni: sostituire le guarnizioni secondo necessit\u00e0 per mantenere una tenuta efficace.<\/li>\n<li>Controlli di taratura: controllare e tarare periodicamente il cilindro della benna per garantirne il corretto funzionamento.<\/li>\n<\/ul>\n<p><img decoding=\"async\" src=\"https:\/\/www.hydraulic-cylinders.net\/wp-content\/uploads\/2025\/01\/songte-chushion-collar.webp\" alt=\"Manutenzione\"><\/p>\n<h2>Considerazioni sulla sicurezza e fattori ambientali<\/h2>\n<p>Quando si utilizza il cilindro della benna, \u00e8 di fondamentale importanza seguire le misure di sicurezza per prevenire incidenti e considerare i fattori ambientali:<\/p>\n<ul>\n<li>Seguire le linee guida di sicurezza e utilizzare dispositivi di protezione individuale adeguati.<\/li>\n<li>Smaltire i fluidi idraulici e altri materiali in modo ecocompatibile.<\/li>\n<\/ul>\n<p><img decoding=\"async\" src=\"https:\/\/www.hydraulic-cylinders.net\/wp-content\/uploads\/2025\/01\/songte-bushings-with-all-kinds-of-excavator-models.webp\" alt=\"Sicurezza e ambiente\"><\/p>\n<h2>Risoluzione dei problemi e problemi comuni<\/h2>\n<p>Ecco alcuni suggerimenti e soluzioni comuni per la risoluzione dei problemi pi\u00f9 comuni relativi al cilindro della benna:<\/p>\n<ul>\n<li>Problema: Perdita Soluzione: Controllare e sostituire le guarnizioni danneggiate.<\/li>\n<li>Problema: il cilindro non si estende\/non si ritrae Soluzione: controllare il livello e la pressione del fluido idraulico e verificare la presenza di eventuali blocchi o malfunzionamenti nel sistema.<\/li>\n<li>Problema: potenza insufficiente Soluzione: verificare la pressione del sistema idraulico e verificare la presenza di eventuali restrizioni o malfunzionamenti.<\/li>\n<\/ul>\n<p><img decoding=\"async\" src=\"https:\/\/hzpt.com\/wp-content\/uploads\/2024\/11\/songte-company-1.webp\" alt=\"Risoluzione dei problemi\"><\/p>\n<h2>Informazioni sulla nostra azienda<\/h2>\n<p>Siamo produttori di cilindri idraulici di ricambio e uno dei principali produttori e distributori all'ingrosso sul mercato nazionale e internazionale. La nostra azienda offre una gamma completa di prodotti e persegue una strategia di gestione della produzione industrializzata, affidandosi a qualit\u00e0 eccellente, attrezzature di produzione all'avanguardia e sistemi di collaudo professionali. Miglioriamo costantemente la nostra piattaforma produttiva per raggiungere elevati livelli di efficienza, precisione e qualit\u00e0, soddisfacendo le diverse esigenze dei nostri clienti.<\/p>\n<p><img decoding=\"async\" src=\"https:\/\/www.hydraulic-cylinders.net\/wp-content\/uploads\/2025\/01\/songte-company-3.webp\" alt=\"Azienda\"><\/p>\n<p>Dalla professionalit\u00e0 e dalle certificazioni internazionali ai servizi personalizzati, alle attrezzature di produzione e ai servizi post-vendita, la nostra azienda si impegna a fornire le migliori soluzioni per le esigenze dei nostri clienti in materia di cilindri idraulici.<\/p>\n<p>Autore: lyl<\/p>","protected":false},"excerpt":{"rendered":"<p>Bucket Cylinder For Sumitomo Large Excavator SH350HB-3B Introduction The bucket cylinder for Sumitomo large excavator SH350HB-3B is a specially designed hydraulic cylinder that is primarily used to control the movement of the bucket in heavy machinery such as excavators, backhoe loaders, and front loaders. Its main function is to enable the lifting, lowering, and tilting [&hellip;]<\/p>","protected":false},"featured_media":14773,"comment_status":"open","ping_status":"closed","template":"","meta":{"_et_pb_use_builder":"","_et_pb_old_content":"","_et_gb_content_width":""},"product_brand":[],"product_cat":[1494],"product_tag":[1495,1496],"class_list":{"0":"post-15186","1":"product","2":"type-product","3":"status-publish","4":"has-post-thumbnail","6":"product_cat-bucket-cylinders","7":"product_tag-bucket-cylinders","8":"product_tag-hydraulic-cylinders","10":"first","11":"instock","12":"shipping-taxable","13":"product-type-simple"},"amp_enabled":true,"_links":{"self":[{"href":"https:\/\/www.hydraulic-cylinders.net\/it\/wp-json\/wp\/v2\/product\/15186","targetHints":{"allow":["GET"]}}],"collection":[{"href":"https:\/\/www.hydraulic-cylinders.net\/it\/wp-json\/wp\/v2\/product"}],"about":[{"href":"https:\/\/www.hydraulic-cylinders.net\/it\/wp-json\/wp\/v2\/types\/product"}],"replies":[{"embeddable":true,"href":"https:\/\/www.hydraulic-cylinders.net\/it\/wp-json\/wp\/v2\/comments?post=15186"}],"wp:featuredmedia":[{"embeddable":true,"href":"https:\/\/www.hydraulic-cylinders.net\/it\/wp-json\/wp\/v2\/media\/14773"}],"wp:attachment":[{"href":"https:\/\/www.hydraulic-cylinders.net\/it\/wp-json\/wp\/v2\/media?parent=15186"}],"wp:term":[{"taxonomy":"product_brand","embeddable":true,"href":"https:\/\/www.hydraulic-cylinders.net\/it\/wp-json\/wp\/v2\/product_brand?post=15186"},{"taxonomy":"product_cat","embeddable":true,"href":"https:\/\/www.hydraulic-cylinders.net\/it\/wp-json\/wp\/v2\/product_cat?post=15186"},{"taxonomy":"product_tag","embeddable":true,"href":"https:\/\/www.hydraulic-cylinders.net\/it\/wp-json\/wp\/v2\/product_tag?post=15186"}],"curies":[{"name":"parola chiave","href":"https:\/\/api.w.org\/{rel}","templated":true}]}}