{"id":15190,"date":"2025-01-19T14:13:07","date_gmt":"2025-01-19T14:13:07","guid":{"rendered":"https:\/\/www.hydraulic-cylinders.net\/product\/bucket-cylinder-for-sumitomo-large-excavator-sh350a3\/"},"modified":"2025-01-19T14:13:09","modified_gmt":"2025-01-19T14:13:09","slug":"bucket-cylinder-for-sumitomo-large-excavator-sh350a3","status":"publish","type":"product","link":"https:\/\/www.hydraulic-cylinders.net\/it\/prodotto\/bucket-cylinder-for-sumitomo-large-excavator-sh350a3\/","title":{"rendered":"Cilindro della benna per escavatore di grandi dimensioni Sumitomo SH350A3"},"content":{"rendered":"<h1>Cilindro della benna per escavatore di grandi dimensioni Sumitomo SH350A3<\/h1>\n<h2>Introduzione<\/h2>\n<p>Il cilindro della benna per l'escavatore di grandi dimensioni Sumitomo SH350A3 \u00e8 un cilindro idraulico appositamente progettato per controllare il movimento della benna in macchinari pesanti come escavatori, terne e pale caricatrici frontali. La sua funzione principale \u00e8 quella di consentire il sollevamento, l'abbassamento e l'inclinazione della benna, facilitando la gestione di diverse attivit\u00e0 di movimentazione dei materiali. Nel sistema idraulico, il cilindro della benna garantisce un controllo preciso della benna modificando la pressione dell'olio idraulico, consentendo agli operatori di gestire in modo efficiente carichi pesanti e di adattarsi ad ambienti di lavoro complessi e a diverse esigenze operative.<\/p>\n<p><img decoding=\"async\" src=\"https:\/\/www.hydraulic-cylinders.net\/wp-content\/uploads\/2025\/01\/songte-company-2.webp\"><\/p>\n<h2>Caratteristiche<\/h2>\n<ul>\n<li>Elevata resistenza e durata: solitamente realizzati in acciaio o alluminio ad alta resistenza, in grado di sopportare pressioni elevate e carichi pesanti, e adatti ad ambienti di lavoro difficili. Progettati tenendo conto della resistenza all'usura e alla corrosione per prolungarne la durata.<\/li>\n<li>Funzionamento idraulico efficiente: sfrutta la pressione dell'olio idraulico per ottenere movimenti di estensione e retrazione fluidi, consentendo una risposta rapida ai comandi di controllo e fornendo potenti forze di spinta e trazione, adatte alla movimentazione di carichi pesanti e attivit\u00e0 di lavoro complesse.<\/li>\n<li>Varie tipologie: \u00e8 possibile scegliere tra cilindri a semplice effetto (idraulici utilizzati in una sola direzione) o a doppio effetto (idraulici utilizzati in entrambe le direzioni) in base alle esigenze. Alcuni modelli sono dotati di funzioni telescopiche, che consentono una maggiore estensione senza aumentare le dimensioni esterne, ideali per applicazioni con spazio limitato.<\/li>\n<li>Sostituzione perfetta: il nostro prodotto pu\u00f2 sostituire perfettamente questi cilindri idraulici.<\/li>\n<\/ul>\n<p><img decoding=\"async\" src=\"https:\/\/www.hydraulic-cylinders.net\/wp-content\/uploads\/2025\/01\/songte-cylinder-head-with-all-kinds-excavator-models.webp\"><\/p>\n<h2>Applicazioni<\/h2>\n<h3>Attrezzature per l'edilizia<\/h3>\n<p>Negli escavatori, sono essenziali per lo scavo, il carico e lo spostamento di terreno o detriti. Nelle terne, il cilindro della benna agevola sia lo scavo che il sollevamento.<\/p>\n<h3>Macchine agricole<\/h3>\n<p>Utilizzato nelle pale caricatrici frontali per raccogliere, sollevare e trasportare terra, fieno e altri materiali.<\/p>\n<h3>Escavatori<\/h3>\n<p>Il cilindro della benna consente di effettuare azioni di scavo consentendo alla benna di penetrare nel terreno.<\/p>\n<h3>Caricatori<\/h3>\n<p>Nei caricatori frontali, aiutano a sollevare e scaricare il carico in modo efficace.<\/p>\n<h2>Considerazioni progettuali e criteri di selezione<\/h2>\n<ul>\n<li>Capacit\u00e0 portante: discutere la capacit\u00e0 di sopportare carichi pesanti.<\/li>\n<li>Tenuta: discutere l'importanza di utilizzare vari componenti di tenuta, come guarnizioni per pistoni e steli, realizzati in materiali resistenti all'usura come poliuretano e gomma nitrilica. Si parler\u00e0 inoltre delle superfici finemente trattate del corpo del cilindro e delle estremit\u00e0 filettate per migliorarne la resistenza all'usura. \u00c8 necessaria una lubrificazione regolare con olio idraulico.<\/li>\n<\/ul>\n<p><img decoding=\"async\" src=\"https:\/\/www.hydraulic-cylinders.net\/wp-content\/uploads\/2025\/01\/songte-oil-pipes-and-spare-parts.webp\"><\/p>\n<h2>Manutenzione e misure preventive<\/h2>\n<ul>\n<li>Ispezione regolare: sottolineare l'importanza di ispezionare il cilindro per individuare eventuali segni di danni o usura.<\/li>\n<li>Lubrificazione: sottolineare la necessit\u00e0 di una lubrificazione adeguata per garantire un funzionamento regolare.<\/li>\n<li>Sostituzione delle guarnizioni: si consiglia di sostituire le guarnizioni quando necessario per mantenere prestazioni ottimali.<\/li>\n<li>Controllo della taratura: si consiglia di controllare e regolare periodicamente la taratura del cilindro.<\/li>\n<\/ul>\n<p><img decoding=\"async\" src=\"https:\/\/www.hydraulic-cylinders.net\/wp-content\/uploads\/2025\/01\/songte-chushion-collar.webp\"><\/p>\n<h2>Considerazioni sulla sicurezza e fattori ambientali<\/h2>\n<p>Sottolineare l'importanza delle misure di sicurezza durante l'utilizzo dei cilindri idraulici e il loro impatto sull'ambiente.<\/p>\n<h2>Risoluzione dei problemi e problemi comuni<\/h2>\n<p>Presentare i problemi pi\u00f9 comuni che possono verificarsi e fornire suggerimenti e soluzioni per una diagnosi e una risoluzione efficaci. Suggerire inoltre misure preventive per ridurre al minimo i potenziali problemi.<\/p>\n<p><img decoding=\"async\" src=\"https:\/\/www.hydraulic-cylinders.net\/wp-content\/uploads\/2025\/01\/songte-bushings-with-all-kinds-of-excavator-models.webp\"><\/p>\n<h2>Informazioni sulla nostra azienda<\/h2>\n<p>Siamo produttori di cilindri idraulici di ricambio e offriamo un'ampia gamma di prodotti. Siamo diventati uno dei principali produttori e distributori all'ingrosso di cilindri idraulici sia sul mercato nazionale che internazionale. La nostra azienda segue una strategia di gestione della produzione incentrata sull'eccellenza qualitativa e si affida alla gestione della produzione industrializzata del nostro sofisticato laboratorio di produzione. Grazie all'impiego di talenti tecnici, apparecchiature di produzione digitale all'avanguardia e sistemi di collaudo professionali, miglioriamo costantemente la nostra piattaforma produttiva, perfezioniamo il percorso produttivo per garantire la qualit\u00e0 del prodotto e disponiamo di solide capacit\u00e0 creative. Ci impegniamo a soddisfare le esigenze dei clienti con elevata efficienza, elevata precisione e principi di alta qualit\u00e0.<\/p>\n<p><img decoding=\"async\" src=\"https:\/\/www.hydraulic-cylinders.net\/wp-content\/uploads\/2025\/01\/songte-company-3.webp\"><\/p>\n<p>Inoltre, offriamo:<\/p>\n<ul>\n<li>Professionalit\u00e0<\/li>\n<li>Certificazioni internazionali<\/li>\n<li>Servizi di personalizzazione<\/li>\n<li>Attrezzature di produzione<\/li>\n<li>Servizi post-vendita<\/li>\n<\/ul>\n<p><img decoding=\"async\" src=\"https:\/\/hzpt.com\/wp-content\/uploads\/2024\/11\/songte-company-1.webp\"><\/p>\n<p>Autore: lyl<\/p>","protected":false},"excerpt":{"rendered":"<p>Bucket Cylinder For Sumitomo Large Excavator SH350A3 Introduction The Bucket Cylinder for Sumitomo Large Excavator SH350A3 is a specially designed hydraulic cylinder used to control the movement of the bucket in heavy machinery such as excavators, backhoe loaders, and front loaders. Its main function is to enable the lifting, lowering, and tilting of the bucket, [&hellip;]<\/p>","protected":false},"featured_media":14762,"comment_status":"open","ping_status":"closed","template":"","meta":{"_et_pb_use_builder":"","_et_pb_old_content":"","_et_gb_content_width":""},"product_brand":[],"product_cat":[1494],"product_tag":[1495,1496],"class_list":{"0":"post-15190","1":"product","2":"type-product","3":"status-publish","4":"has-post-thumbnail","6":"product_cat-bucket-cylinders","7":"product_tag-bucket-cylinders","8":"product_tag-hydraulic-cylinders","10":"first","11":"instock","12":"shipping-taxable","13":"product-type-simple"},"amp_enabled":true,"_links":{"self":[{"href":"https:\/\/www.hydraulic-cylinders.net\/it\/wp-json\/wp\/v2\/product\/15190","targetHints":{"allow":["GET"]}}],"collection":[{"href":"https:\/\/www.hydraulic-cylinders.net\/it\/wp-json\/wp\/v2\/product"}],"about":[{"href":"https:\/\/www.hydraulic-cylinders.net\/it\/wp-json\/wp\/v2\/types\/product"}],"replies":[{"embeddable":true,"href":"https:\/\/www.hydraulic-cylinders.net\/it\/wp-json\/wp\/v2\/comments?post=15190"}],"wp:featuredmedia":[{"embeddable":true,"href":"https:\/\/www.hydraulic-cylinders.net\/it\/wp-json\/wp\/v2\/media\/14762"}],"wp:attachment":[{"href":"https:\/\/www.hydraulic-cylinders.net\/it\/wp-json\/wp\/v2\/media?parent=15190"}],"wp:term":[{"taxonomy":"product_brand","embeddable":true,"href":"https:\/\/www.hydraulic-cylinders.net\/it\/wp-json\/wp\/v2\/product_brand?post=15190"},{"taxonomy":"product_cat","embeddable":true,"href":"https:\/\/www.hydraulic-cylinders.net\/it\/wp-json\/wp\/v2\/product_cat?post=15190"},{"taxonomy":"product_tag","embeddable":true,"href":"https:\/\/www.hydraulic-cylinders.net\/it\/wp-json\/wp\/v2\/product_tag?post=15190"}],"curies":[{"name":"parola chiave","href":"https:\/\/api.w.org\/{rel}","templated":true}]}}