{"id":15194,"date":"2025-01-19T14:13:23","date_gmt":"2025-01-19T14:13:23","guid":{"rendered":"https:\/\/www.hydraulic-cylinders.net\/product\/bucket-cylinder-for-jcb-small-excavator-js13lc\/"},"modified":"2025-01-19T14:13:25","modified_gmt":"2025-01-19T14:13:25","slug":"bucket-cylinder-for-jcb-small-excavator-js13lc","status":"publish","type":"product","link":"https:\/\/www.hydraulic-cylinders.net\/it\/prodotto\/bucket-cylinder-for-jcb-small-excavator-js13lc\/","title":{"rendered":"Cilindro della benna per escavatore piccolo JCB JS13LC"},"content":{"rendered":"<p><!DOCTYPE html><br \/>\n<html><br \/>\n<head><br \/>\n<meta charset=\"UTF-8\"><br \/>\n<title>Cilindro della benna per escavatore piccolo JCB JS13LC<\/title><br \/>\n<\/head><br \/>\n<body><\/p>\n<h1>Cilindro della benna per escavatore piccolo JCB JS13LC<\/h1>\n<h2>Introduzione<\/h2>\n<p>Un cilindro benna \u00e8 un cilindro idraulico appositamente progettato per controllare il movimento della benna in macchinari pesanti come escavatori, terne e pale caricatrici frontali. La sua funzione principale \u00e8 quella di consentire il sollevamento, l'abbassamento e l'inclinazione della benna, facilitando diverse attivit\u00e0 di movimentazione dei materiali. Nel sistema idraulico, il cilindro benna garantisce un controllo preciso della benna sfruttando le variazioni di pressione nell'olio idraulico, consentendo agli operatori di gestire in modo efficiente carichi pesanti e di adattarsi ad ambienti di lavoro complessi e a diverse esigenze operative.<\/p>\n<p><img decoding=\"async\" src=\"https:\/\/www.hydraulic-cylinders.net\/wp-content\/uploads\/2025\/01\/songte-company-2.webp\" alt=\"Immagine del cilindro del secchio\"><\/p>\n<h2>Caratteristiche<\/h2>\n<ul>\n<li>Elevata resistenza e durata: solitamente realizzato in acciaio o alluminio ad alta resistenza, il cilindro della benna pu\u00f2 sopportare pressioni elevate e carichi pesanti, adattandosi ad ambienti di lavoro difficili. Il suo design \u00e8 progettato per resistere all'usura e alla corrosione, prolungandone cos\u00ec la durata.<\/li>\n<li>Funzionamento idraulico efficiente: sfruttando la pressione dell'olio idraulico, il cilindro della benna realizza movimenti telescopici fluidi, consentendo una risposta rapida ai comandi di controllo e fornendo potenti forze di spinta e trazione, adatte alla movimentazione di carichi pesanti e attivit\u00e0 operative complesse.<\/li>\n<li>Varie tipologie: il cilindro della benna pu\u00f2 essere selezionato come cilindro a semplice effetto (l'idraulica viene utilizzata in una sola direzione) o a doppio effetto (l'idraulica viene utilizzata in entrambe le direzioni) a seconda delle esigenze, per soddisfare diverse esigenze operative. Alcuni modelli sono telescopici, consentendo una maggiore estensione senza aumentare le dimensioni esterne, adatti ad applicazioni con spazio limitato.<\/li>\n<li>Sostituzione del prodotto: il nostro cilindro per secchi pu\u00f2 sostituire perfettamente questi cilindri idraulici.<\/li>\n<\/ul>\n<p><img decoding=\"async\" src=\"https:\/\/www.hydraulic-cylinders.net\/wp-content\/uploads\/2025\/01\/songte-cylinder-head-with-all-kinds-excavator-models.webp\" alt=\"Immagine del prodotto\"><\/p>\n<h2>Applicazioni<\/h2>\n<p>Il cilindro a benna trova applicazione in diverse attrezzature:<\/p>\n<ul>\n<li>Attrezzature edili: presenti negli escavatori, sono fondamentali per scavare, caricare e spostare terreno o detriti. Nelle terne, il cilindro della benna agevola sia lo scavo che il sollevamento.<\/li>\n<li>Macchine agricole: utilizzate nelle pale caricatrici frontali, aiutano a raccogliere, sollevare e trasportare terra, fieno e altri materiali.<\/li>\n<li>Escavatori: il cilindro della benna consente di effettuare azioni di scavo consentendo alla benna di penetrare nel terreno.<\/li>\n<li>Caricatori: nei caricatori frontali, aiutano a sollevare e inclinare le merci in modo efficace.<\/li>\n<\/ul>\n<h2>Considerazioni progettuali e criteri di selezione<\/h2>\n<p>Nella progettazione dei cilindri delle tazze vengono presi in considerazione diversi fattori:<\/p>\n<ul>\n<li>Capacit\u00e0 portante: il cilindro deve avere la capacit\u00e0 di sopportare il carico richiesto senza rompersi.<\/li>\n<li>Tenuta: per garantire una tenuta adeguata, vengono utilizzati vari componenti di tenuta, come guarnizioni per pistoni e steli. Queste guarnizioni sono realizzate in materiali resistenti all'usura come poliuretano e gomma nitrilica.<\/li>\n<li>Durata: il corpo del cilindro e le estremit\u00e0 filettate sono sottoposti a lavorazione di precisione per migliorare la resistenza all'usura.<\/li>\n<li>Sicurezza: vengono prese in considerazione misure di sicurezza per garantire il funzionamento sicuro del cilindro della benna.<\/li>\n<li>Manutenibilit\u00e0: i cilindri della benna sono progettati per facilitare la manutenzione e la riparazione.<\/li>\n<\/ul>\n<p><img decoding=\"async\" src=\"https:\/\/www.hydraulic-cylinders.net\/wp-content\/uploads\/2025\/01\/songte-oil-pipes-and-spare-parts.webp\" alt=\"Immagine del prodotto\"><\/p>\n<h2>Sigillatura e lubrificazione<\/h2>\n<p>I cilindri a tazza utilizzano vari componenti di tenuta, come guarnizioni per pistoni e steli, realizzati in materiali resistenti all'usura come poliuretano e gomma nitrilica. Il corpo del cilindro e le estremit\u00e0 filettate sono sottoposti a lavorazioni di precisione per migliorarne la resistenza all'usura. Per un funzionamento regolare \u00e8 necessaria una lubrificazione regolare con la giusta quantit\u00e0 di olio idraulico.<\/p>\n<h2>Ispezione regolare e manutenzione preventiva<\/h2>\n<p>Ispezioni regolari e manutenzione preventiva sono essenziali per la longevit\u00e0 del cilindro della benna. Tra le misure raccomandate figurano:<\/p>\n<ul>\n<li>Ispezionare eventuali perdite o danni<\/li>\n<li>Lubrificazione adeguata di tutte le parti mobili<\/li>\n<li>Sostituzione periodica di guarnizioni e guarnizioni<\/li>\n<li>Controlli di calibrazione per garantire un funzionamento accurato<\/li>\n<\/ul>\n<p><img decoding=\"async\" src=\"https:\/\/www.hydraulic-cylinders.net\/wp-content\/uploads\/2025\/01\/songte-chushion-collar.webp\" alt=\"Immagine del prodotto\"><\/p>\n<h2>Considerazioni sulla sicurezza e fattori ambientali<\/h2>\n<p>\u00c8 di fondamentale importanza adottare misure di sicurezza durante l'utilizzo dei cilindri benna. \u00c8 necessario adottare le dovute precauzioni per prevenire incidenti e garantire il benessere degli operatori e dell'ambiente circostante.<\/p>\n<h2>Diagnosi dei guasti e problemi comuni<\/h2>\n<p>Ecco alcuni problemi comuni che possono verificarsi con i cilindri delle benne:<\/p>\n<ul>\n<li>Perdita di olio idraulico<\/li>\n<li>Prestazioni ridotte o perdita di potenza<\/li>\n<li>Rumori anomali durante il funzionamento<\/li>\n<\/ul>\n<p>Per affrontare questi problemi, i seguenti suggerimenti e soluzioni possono aiutare a diagnosticare e risolvere efficacemente i problemi. Inoltre, \u00e8 possibile implementare misure preventive per ridurre al minimo i potenziali problemi.<\/p>\n<p><img decoding=\"async\" src=\"https:\/\/www.hydraulic-cylinders.net\/wp-content\/uploads\/2025\/01\/songte-bushings-with-all-kinds-of-excavator-models.webp\" alt=\"Immagine del prodotto\"><\/p>\n<h2>Attivit\u00e0 di manutenzione<\/h2>\n<p>Tre comuni attivit\u00e0 di manutenzione per i cilindri della benna includono:<\/p>\n<ul>\n<li>Ispezioni regolari<\/li>\n<li>Lubrificazione adeguata<\/li>\n<li>Sostituzione delle guarnizioni e controlli di calibrazione<\/li>\n<\/ul>\n<p>Installazione, lubrificazione e regolazione corrette sono fondamentali e vengono fornite istruzioni per un corretto allineamento durante il processo di installazione. Si consiglia di utilizzare staffe di montaggio appropriate per fissare il cilindro. Vengono fornite procedure consigliate per l'ispezione, la riparazione e la sostituzione per migliorare la durata del cilindro della benna.<\/p>\n<h2>Informazioni sulla nostra azienda<\/h2>\n<p>Siamo produttori di cilindri idraulici di ricambio e offriamo un'ampia gamma di prodotti. Siamo uno dei principali produttori e distributori all'ingrosso di cilindri idraulici sul mercato nazionale e internazionale. Con un'attenzione particolare all'eccellente qualit\u00e0 e alle strategie di gestione della produzione industrializzata nei nostri sofisticati laboratori di produzione, miglioriamo costantemente la nostra piattaforma produttiva e miglioriamo il percorso produttivo per garantire la qualit\u00e0 del prodotto. Abbiamo una forte capacit\u00e0 creativa e ci impegniamo a soddisfare le diverse esigenze dei clienti con elevata efficienza, precisione e qualit\u00e0.<\/p>\n<p><img decoding=\"async\" src=\"https:\/\/www.hydraulic-cylinders.net\/wp-content\/uploads\/2025\/01\/songte-company-3.webp\" alt=\"Immagine aziendale\"><\/p>\n<h2>Panoramica aziendale<\/h2>\n<ul>\n<li>Professionalit\u00e0: Possediamo competenze tecniche e aderiamo a certificazioni internazionali.<\/li>\n<li>Personalizzazione: offriamo servizi personalizzati per soddisfare esigenze specifiche.<\/li>\n<li>Attrezzature di produzione: utilizziamo attrezzature di produzione all'avanguardia.<\/li>\n<li>Servizio post-vendita: forniamo servizi post-vendita completi.<\/li>\n<\/ul>\n<p>Autore: lyl<\/p>\n<p><img decoding=\"async\" src=\"https:\/\/hzpt.com\/wp-content\/uploads\/2024\/11\/songte-company-1.webp\" alt=\"Immagine aziendale\"><\/p>\n<p><\/body><br \/>\n<\/html><\/p>","protected":false},"excerpt":{"rendered":"<p>Bucket Cylinder For JCB Small Excavator JS13LC Bucket Cylinder For JCB Small Excavator JS13LC Introduction A bucket cylinder is a specially designed hydraulic cylinder used to control the movement of the bucket in heavy machinery such as excavators, backhoe loaders, and front loaders. Its main function is to enable the lifting, lowering, and tilting of [&hellip;]<\/p>","protected":false},"featured_media":14787,"comment_status":"open","ping_status":"closed","template":"","meta":{"_et_pb_use_builder":"","_et_pb_old_content":"","_et_gb_content_width":""},"product_brand":[],"product_cat":[1494],"product_tag":[1495,1496],"class_list":{"0":"post-15194","1":"product","2":"type-product","3":"status-publish","4":"has-post-thumbnail","6":"product_cat-bucket-cylinders","7":"product_tag-bucket-cylinders","8":"product_tag-hydraulic-cylinders","10":"first","11":"instock","12":"shipping-taxable","13":"product-type-simple"},"amp_enabled":true,"_links":{"self":[{"href":"https:\/\/www.hydraulic-cylinders.net\/it\/wp-json\/wp\/v2\/product\/15194","targetHints":{"allow":["GET"]}}],"collection":[{"href":"https:\/\/www.hydraulic-cylinders.net\/it\/wp-json\/wp\/v2\/product"}],"about":[{"href":"https:\/\/www.hydraulic-cylinders.net\/it\/wp-json\/wp\/v2\/types\/product"}],"replies":[{"embeddable":true,"href":"https:\/\/www.hydraulic-cylinders.net\/it\/wp-json\/wp\/v2\/comments?post=15194"}],"wp:featuredmedia":[{"embeddable":true,"href":"https:\/\/www.hydraulic-cylinders.net\/it\/wp-json\/wp\/v2\/media\/14787"}],"wp:attachment":[{"href":"https:\/\/www.hydraulic-cylinders.net\/it\/wp-json\/wp\/v2\/media?parent=15194"}],"wp:term":[{"taxonomy":"product_brand","embeddable":true,"href":"https:\/\/www.hydraulic-cylinders.net\/it\/wp-json\/wp\/v2\/product_brand?post=15194"},{"taxonomy":"product_cat","embeddable":true,"href":"https:\/\/www.hydraulic-cylinders.net\/it\/wp-json\/wp\/v2\/product_cat?post=15194"},{"taxonomy":"product_tag","embeddable":true,"href":"https:\/\/www.hydraulic-cylinders.net\/it\/wp-json\/wp\/v2\/product_tag?post=15194"}],"curies":[{"name":"parola chiave","href":"https:\/\/api.w.org\/{rel}","templated":true}]}}