{"id":15201,"date":"2025-01-19T14:13:56","date_gmt":"2025-01-19T14:13:56","guid":{"rendered":"https:\/\/www.hydraulic-cylinders.net\/product\/bucket-cylinder-for-caterpillar-small-excavator-e302-4d\/"},"modified":"2025-01-19T14:13:58","modified_gmt":"2025-01-19T14:13:58","slug":"bucket-cylinder-for-caterpillar-small-excavator-e302-4d","status":"publish","type":"product","link":"https:\/\/www.hydraulic-cylinders.net\/it\/prodotto\/bucket-cylinder-for-caterpillar-small-excavator-e302-4d\/","title":{"rendered":"Cilindro della benna per escavatore piccolo Caterpillar E302.4D"},"content":{"rendered":"<h1>Cilindro della benna per escavatore piccolo Caterpillar E302.4D<\/h1>\n<h2>Introduzione<\/h2>\n<p>Un cilindro benna \u00e8 un cilindro idraulico appositamente progettato, utilizzato principalmente per controllare il movimento della benna in macchinari pesanti come escavatori, terne e pale caricatrici frontali. La sua funzione principale \u00e8 quella di consentire alla benna di sollevarsi, abbassarsi e inclinarsi per facilitare diverse attivit\u00e0 di movimentazione dei materiali. Nel sistema idraulico, il cilindro benna consente un controllo preciso del movimento della benna modificando la pressione dell'olio idraulico, consentendo agli operatori di gestire carichi pesanti in modo efficiente e di adattarsi ad ambienti di lavoro complessi e a diverse esigenze operative.<\/p>\n<p><img decoding=\"async\" src=\"https:\/\/www.hydraulic-cylinders.net\/wp-content\/uploads\/2025\/01\/songte-company-2.webp\" alt=\"Immagine del cilindro del secchio\"><\/p>\n<h2>Caratteristiche<\/h2>\n<ul>\n<li>\n<h3>Elevata resistenza e durata<\/h3>\n<p>I cilindri delle benne sono generalmente realizzati in acciaio ad alta resistenza o alluminio, materiali in grado di sopportare pressioni elevate e carichi pesanti, rendendoli adatti ad ambienti di lavoro difficili. La progettazione tiene conto anche della resistenza all'usura e alla corrosione, prolungandone la durata.<\/p>\n<\/li>\n<li>\n<h3>Funzionamento idraulico efficiente<\/h3>\n<p>I cilindri della benna sfruttano la pressione dell'olio idraulico per ottenere un'estensione e una retrazione fluide, consentendo una risposta rapida ai comandi di controllo e fornendo una forza di spinta e trazione elevata, rendendoli adatti alla movimentazione di carichi pesanti e attivit\u00e0 operative complesse.<\/p>\n<\/li>\n<li>\n<h3>Vari tipi<\/h3>\n<p>I cilindri della benna possono essere selezionati come cilindri a semplice effetto (idraulici utilizzati in una sola direzione) o a doppio effetto (idraulici utilizzati in due direzioni) a seconda delle esigenze; \u200b\u200balcuni modelli sono telescopici, consentendo una maggiore estensione senza aumentare le dimensioni esterne, rendendoli adatti ad applicazioni con spazio limitato.<\/p>\n<\/li>\n<li>\n<h3>Disponibilit\u00e0 del prodotto<\/h3>\n<p>I nostri cilindri per benne possono sostituire perfettamente questi cilindri idraulici; possiamo fornire vari modelli e tipi di cilindri per benne tra cui i clienti possono scegliere.<\/p>\n<\/li>\n<\/ul>\n<p><img decoding=\"async\" src=\"https:\/\/www.hydraulic-cylinders.net\/wp-content\/uploads\/2025\/01\/songte-cylinder-head-with-all-kinds-excavator-models.webp\" alt=\"Immagine di sostituzione del cilindro della benna\"><\/p>\n<h2>Applicazioni<\/h2>\n<p>I cilindri delle benne svolgono un ruolo cruciale in vari tipi di macchinari pesanti, come:<\/p>\n<ul>\n<li>\n<h3>Attrezzature per l'edilizia<\/h3>\n<p>Sono essenziali per gli escavatori che devono scavare, caricare e spostare terreno o detriti. Nelle terne, il cilindro della benna aiuta sia nello scavo che nel sollevamento. <\/p>\n<\/li>\n<li>\n<h3>Macchine agricole<\/h3>\n<p>Vengono utilizzati nelle pale caricatrici frontali per raccogliere, sollevare e trasportare terra, fieno e altri materiali. Negli escavatori, il cilindro della benna consente l'azione di scavo consentendo alla benna di penetrare nel terreno. Nelle pale caricatrici frontali, contribuiscono a sollevare e scaricare le merci in modo efficiente.<\/p>\n<\/li>\n<\/ul>\n<h2>Considerazioni sulla progettazione e standard di selezione<\/h2>\n<p>I cilindri della benna sono progettati tenendo conto di diversi fattori chiave, quali:<\/p>\n<ul>\n<li>\n<h3>Capacit\u00e0 portante<\/h3>\n<p>I cilindri della benna sono realizzati con materiali ad alta resistenza e sono progettati per sopportare carichi pesanti e pressioni elevate.<\/p>\n<\/li>\n<li>\n<h3>Sigillatura<\/h3>\n<p>Diversi componenti di tenuta, come le guarnizioni dei pistoni e degli steli, sono realizzati con materiali resistenti all'usura per garantire una lunga durata. I corpi dei cilindri e le superfici delle estremit\u00e0 filettate sono finemente lavorati per aumentarne la resistenza all'usura.<\/p>\n<\/li>\n<li>\n<h3>Durata e sicurezza<\/h3>\n<p>I cilindri delle benne sono sottoposti a rigorosi controlli di qualit\u00e0 per garantire la conformit\u00e0 agli standard di settore e la sicurezza d'uso. Sono progettati per essere facili da manutenere e riparare, garantendone una lunga durata.<\/p>\n<\/li>\n<\/ul>\n<p><img decoding=\"async\" src=\"https:\/\/www.hydraulic-cylinders.net\/wp-content\/uploads\/2025\/01\/songte-oil-pipes-and-spare-parts.webp\" alt=\"Immagine delle parti del cilindro della benna\"><\/p>\n<h2>Guarnizione e lubrificazione<\/h2>\n<p>I cilindri a tazza utilizzano vari tipi di guarnizioni, come guarnizioni per pistone e stelo, realizzate in materiali resistenti all'usura come poliuretano e gomma nitrilica. I corpi dei cilindri e le superfici terminali delle filettature sono finemente lavorati per migliorarne la resistenza all'usura. \u00c8 importante aggiungere regolarmente olio idraulico adeguato per mantenere il cilindro lubrificato.<\/p>\n<h2>Manutenzione periodica e misure preventive<\/h2>\n<p>Una corretta manutenzione \u00e8 fondamentale per garantire la longevit\u00e0 e le prestazioni ottimali dei cilindri delle benne. Le attivit\u00e0 di manutenzione pi\u00f9 comuni includono:<\/p>\n<ul>\n<li>\n<h3>Ispezione regolare<\/h3>\n<p>Ispezioni regolari aiutano a individuare potenziali problemi e a prevenire danni gravi prima che si verifichino.<\/p>\n<\/li>\n<li>\n<h3>Lubrificazione<\/h3>\n<p>Per garantire il corretto funzionamento del cilindro \u00e8 necessaria una lubrificazione regolare.<\/p>\n<\/li>\n<li>\n<h3>Sostituzione della guarnizione e controllo della calibrazione<\/h3>\n<p>La sostituzione regolare delle guarnizioni usurate e i controlli di calibrazione contribuiscono a mantenere prestazioni ottimali.<\/p>\n<\/li>\n<\/ul>\n<p><img decoding=\"async\" src=\"https:\/\/www.hydraulic-cylinders.net\/wp-content\/uploads\/2025\/01\/songte-chushion-collar.webp\" alt=\"Immagine di manutenzione del cilindro della benna\"><\/p>\n<h2>Considerazioni sulla sicurezza e fattori ambientali<\/h2>\n<p>I cilindri delle benne sono progettati per garantire la massima sicurezza durante l'utilizzo, pertanto \u00e8 necessario adottare misure di sicurezza adeguate quando si utilizzano macchinari pesanti. Fattori ambientali come temperatura e umidit\u00e0 possono influire sulle prestazioni dei cilindri delle benne, pertanto \u00e8 necessario adottare misure adeguate per garantirne le prestazioni ottimali in diverse condizioni ambientali.<\/p>\n<h2>Diagnosi dei guasti e problemi comuni<\/h2>\n<p>I problemi pi\u00f9 comuni con i cilindri delle benne includono perdite, danni alle guarnizioni e funzionamento improprio. Ispezioni e manutenzioni regolari possono aiutare a prevenire questi problemi. Se si verifica un problema, \u00e8 essenziale una diagnosi corretta e le soluzioni pi\u00f9 comuni includono la riparazione o la sostituzione dei componenti danneggiati.<\/p>\n<p><img decoding=\"async\" src=\"https:\/\/www.hydraulic-cylinders.net\/wp-content\/uploads\/2025\/01\/songte-bushings-with-all-kinds-of-excavator-models.webp\" alt=\"Immagine del problema del cilindro della benna\"><\/p>\n<h2>Informazioni sulla nostra azienda<\/h2>\n<p>Siamo un'azienda leader nella produzione e distribuzione all'ingrosso di cilindri idraulici, che offre una gamma completa di prodotti al mercato nazionale e internazionale. La nostra azienda aderisce a una strategia di gestione della produzione industrializzata basata su un'eccellente qualit\u00e0, avvalendosi di un'officina di produzione sofisticata, di competenze tecniche, di attrezzature di produzione digitali all'avanguardia e di sistemi di collaudo professionali per migliorare costantemente la nostra piattaforma produttiva, perfezionare il nostro percorso produttivo in termini di qualit\u00e0 e possedere una forte capacit\u00e0 di innovazione. Ci impegniamo a soddisfare le diverse esigenze dei nostri clienti con elevata efficienza, precisione e qualit\u00e0.<\/p>\n<p><img decoding=\"async\" src=\"https:\/\/hzpt.com\/wp-content\/uploads\/2024\/11\/songte-company-1.webp\" alt=\"Immagine aziendale\"><\/p>\n<h3>Professionalit\u00e0<\/h3>\n<p>Ci impegniamo a fornire consulenza e soluzioni professionali ai nostri clienti, assicurandoci che ricevano il prodotto giusto per le loro esigenze specifiche.<\/p>\n<h3>Certificazione internazionale<\/h3>\n<p>I nostri prodotti sono certificati secondo gli standard internazionali, garantendo cos\u00ec la soddisfazione delle esigenze del mercato globale.<\/p>\n<h3>Servizio di personalizzazione<\/h3>\n<p>Forniamo servizi personalizzati per soddisfare le esigenze individuali dei clienti, garantendo loro un prodotto che soddisfi i loro requisiti specifici.<\/p>\n<h3>Attrezzature di produzione<\/h3>\n<p>Le nostre officine di produzione sono dotate di macchinari all'avanguardia per garantire una produzione di alta qualit\u00e0 dei nostri cilindri idraulici.<\/p>\n<h3>Servizio post-vendita<\/h3>\n<p>Forniamo un servizio post-vendita completo per garantire ai nostri clienti il \u200b\u200bsupporto di cui hanno bisogno per tutta la durata del loro cilindro idraulico.<\/p>\n<h4>Autore: lyl<\/h4>","protected":false},"excerpt":{"rendered":"<p>Bucket Cylinder For Caterpillar Small Excavator E302.4D Introduction A bucket cylinder is a specially designed hydraulic cylinder mainly used to control the movement of the bucket in heavy machinery such as excavators, backhoe loaders, and front loaders. Its main function is to enable the bucket to lift, lower and tilt to facilitate various material handling [&hellip;]<\/p>","protected":false},"featured_media":14773,"comment_status":"open","ping_status":"closed","template":"","meta":{"_et_pb_use_builder":"","_et_pb_old_content":"","_et_gb_content_width":""},"product_brand":[],"product_cat":[1494],"product_tag":[1495,1496],"class_list":{"0":"post-15201","1":"product","2":"type-product","3":"status-publish","4":"has-post-thumbnail","6":"product_cat-bucket-cylinders","7":"product_tag-bucket-cylinders","8":"product_tag-hydraulic-cylinders","10":"first","11":"instock","12":"shipping-taxable","13":"product-type-simple"},"amp_enabled":true,"_links":{"self":[{"href":"https:\/\/www.hydraulic-cylinders.net\/it\/wp-json\/wp\/v2\/product\/15201","targetHints":{"allow":["GET"]}}],"collection":[{"href":"https:\/\/www.hydraulic-cylinders.net\/it\/wp-json\/wp\/v2\/product"}],"about":[{"href":"https:\/\/www.hydraulic-cylinders.net\/it\/wp-json\/wp\/v2\/types\/product"}],"replies":[{"embeddable":true,"href":"https:\/\/www.hydraulic-cylinders.net\/it\/wp-json\/wp\/v2\/comments?post=15201"}],"wp:featuredmedia":[{"embeddable":true,"href":"https:\/\/www.hydraulic-cylinders.net\/it\/wp-json\/wp\/v2\/media\/14773"}],"wp:attachment":[{"href":"https:\/\/www.hydraulic-cylinders.net\/it\/wp-json\/wp\/v2\/media?parent=15201"}],"wp:term":[{"taxonomy":"product_brand","embeddable":true,"href":"https:\/\/www.hydraulic-cylinders.net\/it\/wp-json\/wp\/v2\/product_brand?post=15201"},{"taxonomy":"product_cat","embeddable":true,"href":"https:\/\/www.hydraulic-cylinders.net\/it\/wp-json\/wp\/v2\/product_cat?post=15201"},{"taxonomy":"product_tag","embeddable":true,"href":"https:\/\/www.hydraulic-cylinders.net\/it\/wp-json\/wp\/v2\/product_tag?post=15201"}],"curies":[{"name":"parola chiave","href":"https:\/\/api.w.org\/{rel}","templated":true}]}}