{"id":15202,"date":"2025-01-19T14:14:00","date_gmt":"2025-01-19T14:14:00","guid":{"rendered":"https:\/\/www.hydraulic-cylinders.net\/product\/bucket-cylinder-for-caterpillar-small-excavator-e305ecr\/"},"modified":"2025-01-19T14:14:02","modified_gmt":"2025-01-19T14:14:02","slug":"bucket-cylinder-for-caterpillar-small-excavator-e305ecr","status":"publish","type":"product","link":"https:\/\/www.hydraulic-cylinders.net\/it\/prodotto\/bucket-cylinder-for-caterpillar-small-excavator-e305ecr\/","title":{"rendered":"Cilindro della benna per escavatore piccolo Caterpillar E305ECR"},"content":{"rendered":"<h1>Cilindro della benna per escavatore piccolo Caterpillar E305ECR<\/h1>\n<h2>Introduzione<\/h2>\n<p>Il cilindro benna per il piccolo escavatore Caterpillar E305ECR \u00e8 un cilindro idraulico appositamente progettato per controllare i movimenti delle benne in macchinari pesanti come escavatori, terne e pale caricatrici frontali. La sua funzione principale \u00e8 quella di consentire alla benna di sollevarsi, abbassarsi e inclinarsi, rendendola comoda per diverse attivit\u00e0 di movimentazione dei materiali. Nei sistemi idraulici, i cilindri benna garantiscono un controllo preciso del movimento della benna attraverso le variazioni di pressione dell'olio idraulico, consentendo agli operatori di gestire carichi pesanti in modo efficiente e di adattarsi ad ambienti di lavoro complessi e a diverse esigenze operative.<\/p>\n<p><img decoding=\"async\" src=\"https:\/\/www.hydraulic-cylinders.net\/wp-content\/uploads\/2025\/01\/songte-company-2.webp\" alt=\"Cilindro della benna per escavatore piccolo Caterpillar E305ECR\"><\/p>\n<h2>Caratteristiche del prodotto<\/h2>\n<ul>\n<li>Elevata resistenza e durata: realizzato in acciaio o alluminio ad alta resistenza, pu\u00f2 sopportare pressioni elevate e carichi pesanti, adattarsi ad ambienti di lavoro difficili ed \u00e8 progettato per resistere all'usura e alla corrosione per prolungarne la durata.<\/li>\n<li>Funzionamento idraulico efficiente: sfrutta la pressione dell'olio idraulico per ottenere un'azione telescopica fluida, pu\u00f2 rispondere rapidamente ai comandi di controllo, fornisce una potente forza di spinta e trazione ed \u00e8 adatto per la movimentazione di carichi pesanti e attivit\u00e0 operative complesse.<\/li>\n<li>Diverse tipologie: \u00e8 possibile scegliere tra cilindri a semplice effetto (idraulici utilizzati in una sola direzione) o a doppio effetto (idraulici utilizzati in due direzioni) in base alle esigenze operative. Alcuni modelli sono telescopici, consentendo una maggiore estensione senza aumentare le dimensioni esterne, adatti ad applicazioni in spazi limitati.<\/li>\n<li>Sostituibile: il nostro prodotto pu\u00f2 sostituire perfettamente questi cilindri idraulici.<\/li>\n<\/ul>\n<p><img decoding=\"async\" src=\"https:\/\/www.hydraulic-cylinders.net\/wp-content\/uploads\/2025\/01\/songte-cylinder-head-with-all-kinds-excavator-models.webp\" alt=\"Cilindro della benna per escavatore piccolo Caterpillar E305ECR\"><\/p>\n<h2>Scenari applicativi<\/h2>\n<h3>Attrezzature per l'edilizia<\/h3>\n<p>Negli escavatori, sono essenziali per scavare, caricare e spostare terreno o detriti. Nelle terne, i cilindri della benna aiutano sia nello scavo che nel sollevamento. Utilizzati nelle pale caricatrici frontali per raccogliere, sollevare e trasportare terreno, fieno e altri materiali.<\/p>\n<h3>Macchine agricole<\/h3>\n<p>Utilizzato per pale caricatrici frontali per raccogliere, sollevare e trasportare terra, fieno e altri materiali.<\/p>\n<h3>Escavatori<\/h3>\n<p>I cilindri della benna realizzano l'azione di scavo consentendo alla benna di penetrare nel terreno.<\/p>\n<h3>Caricatori<\/h3>\n<p>Nei caricatori frontali, aiutano a sollevare e scaricare il carico in modo efficace.<\/p>\n<h2>Considerazioni progettuali e criteri di selezione<\/h2>\n<p>I cilindri delle benne devono essere progettati per sopportare carichi pesanti, essere sigillati per evitare perdite ed essere resistenti per resistere a condizioni di lavoro difficili. Devono inoltre essere sicuri e di facile manutenzione.<\/p>\n<h3>Capacit\u00e0 portante<\/h3>\n<p>I cilindri delle benne sono realizzati con materiali ad alta resistenza per resistere ad alte pressioni e carichi pesanti. Lo stelo del pistone deve essere in acciaio ad alta resistenza.<\/p>\n<h3>Sigillatura<\/h3>\n<p>Per prevenire le perdite di fluido idraulico, vengono utilizzate diverse guarnizioni, come quelle per pistoni e steli. Il poliuretano e la gomma nitrilica sono comunemente utilizzati per le guarnizioni grazie alla loro resistenza all'usura. Il corpo del cilindro e la superficie terminale della filettatura sono finemente lavorati per migliorarne la resistenza all'usura. Una lubrificazione regolare \u00e8 necessaria per prevenire l'usura e garantire un funzionamento regolare.<\/p>\n<h3>Durata<\/h3>\n<p>I cilindri delle benne devono essere progettati per resistere a condizioni di lavoro difficili e alla corrosione. Per garantire una lunga durata, \u00e8 necessario utilizzare materiali e rivestimenti di alta qualit\u00e0.<\/p>\n<h3>Sicurezza<\/h3>\n<p>I cilindri della benna devono essere progettati per garantire la sicurezza dell'operatore. Devono essere installate valvole di sicurezza per prevenire sovrapressioni e sovraccarichi.<\/p>\n<h3>Manutenzione<\/h3>\n<p>Per garantire il funzionamento sicuro ed efficiente dei cilindri delle benne, sono necessari controlli e manutenzioni regolari. Ci\u00f2 include il controllo di eventuali perdite, la corretta lubrificazione, la sostituzione delle guarnizioni usurate e i controlli di taratura.<\/p>\n<p><img decoding=\"async\" src=\"https:\/\/www.hydraulic-cylinders.net\/wp-content\/uploads\/2025\/01\/songte-oil-pipes-and-spare-parts.webp\" alt=\"Cilindro della benna per escavatore piccolo Caterpillar E305ECR\"><\/p>\n<h2>Guida all'installazione<\/h2>\n<p>Per installare il cilindro della benna, \u00e8 essenziale allinearlo correttamente. Si consiglia di utilizzare staffe di installazione appropriate per fissare il cilindro in posizione. Si consigliano le seguenti attivit\u00e0 di manutenzione:<\/p>\n<ul>\n<li>Ispezione regolare<\/li>\n<li>Lubrificazione adeguata<\/li>\n<li>Sostituzione della guarnizione<\/li>\n<li>Controlli di calibrazione<\/li>\n<\/ul>\n<p><img decoding=\"async\" src=\"https:\/\/www.hydraulic-cylinders.net\/wp-content\/uploads\/2025\/01\/songte-chushion-collar.webp\" alt=\"Cilindro della benna per escavatore piccolo Caterpillar E305ECR\"><\/p>\n<h2>Considerazioni sulla sicurezza e sull'ambiente<\/h2>\n<p>Quando si utilizzano cilindri idraulici, \u00e8 essenziale seguire le precauzioni di sicurezza per prevenire incidenti e lesioni. L'uso e la manutenzione corretti del cilindro possono prevenire danni ambientali e garantirne la longevit\u00e0.<\/p>\n<h2>Risoluzione dei problemi e problemi comuni<\/h2>\n<p>Quando i cilindri delle benne subiscono problemi, possono verificarsi ritardi e problemi di sicurezza. I problemi pi\u00f9 comuni includono perdite, deriva dei cilindri e scarse prestazioni. Ispezioni e manutenzioni regolari possono aiutare a prevenire questi problemi.<\/p>\n<h2>Informazioni sulla nostra azienda<\/h2>\n<p>Siamo un produttore e distributore all'ingrosso leader di cilindri idraulici sul mercato nazionale e internazionale. Adottiamo una strategia di eccellenza produttiva, affidandoci a strategie di gestione della produzione industriale altamente sviluppate, talento tecnologico, attrezzature di produzione digitali di fascia alta e sistemi di collaudo professionali per migliorare costantemente la nostra piattaforma produttiva. Forniamo prodotti di alta qualit\u00e0 che soddisfano le diverse esigenze dei clienti e ne migliorano l'efficienza operativa. Offriamo servizi professionali e soluzioni personalizzate per soddisfare le loro esigenze specifiche.<\/p>\n<ul>\n<li>Professionalit\u00e0<\/li>\n<li>Certificazione internazionale<\/li>\n<li>Servizi personalizzati<\/li>\n<li>Attrezzature di produzione<\/li>\n<li>Servizi post-vendita<\/li>\n<\/ul>\n<p><img decoding=\"async\" src=\"https:\/\/hzpt.com\/wp-content\/uploads\/2024\/11\/songte-company-1.webp\" alt=\"Cilindro della benna per escavatore piccolo Caterpillar E305ECR\"><\/p>\n<p>Autore: lyl.<\/p>","protected":false},"excerpt":{"rendered":"<p>Bucket Cylinder For Caterpillar Small Excavator E305ECR Introduction A bucket cylinder for Caterpillar small excavator E305ECR is a specially designed hydraulic cylinder used to control the movements of buckets in heavy machinery such as excavators, backhoe excavators, and front-end loaders. Its main function is to enable the bucket to lift, lower, and tilt, making it [&hellip;]<\/p>","protected":false},"featured_media":14771,"comment_status":"open","ping_status":"closed","template":"","meta":{"_et_pb_use_builder":"","_et_pb_old_content":"","_et_gb_content_width":""},"product_brand":[],"product_cat":[1494],"product_tag":[1495,1496],"class_list":{"0":"post-15202","1":"product","2":"type-product","3":"status-publish","4":"has-post-thumbnail","6":"product_cat-bucket-cylinders","7":"product_tag-bucket-cylinders","8":"product_tag-hydraulic-cylinders","10":"first","11":"instock","12":"shipping-taxable","13":"product-type-simple"},"amp_enabled":true,"_links":{"self":[{"href":"https:\/\/www.hydraulic-cylinders.net\/it\/wp-json\/wp\/v2\/product\/15202","targetHints":{"allow":["GET"]}}],"collection":[{"href":"https:\/\/www.hydraulic-cylinders.net\/it\/wp-json\/wp\/v2\/product"}],"about":[{"href":"https:\/\/www.hydraulic-cylinders.net\/it\/wp-json\/wp\/v2\/types\/product"}],"replies":[{"embeddable":true,"href":"https:\/\/www.hydraulic-cylinders.net\/it\/wp-json\/wp\/v2\/comments?post=15202"}],"wp:featuredmedia":[{"embeddable":true,"href":"https:\/\/www.hydraulic-cylinders.net\/it\/wp-json\/wp\/v2\/media\/14771"}],"wp:attachment":[{"href":"https:\/\/www.hydraulic-cylinders.net\/it\/wp-json\/wp\/v2\/media?parent=15202"}],"wp:term":[{"taxonomy":"product_brand","embeddable":true,"href":"https:\/\/www.hydraulic-cylinders.net\/it\/wp-json\/wp\/v2\/product_brand?post=15202"},{"taxonomy":"product_cat","embeddable":true,"href":"https:\/\/www.hydraulic-cylinders.net\/it\/wp-json\/wp\/v2\/product_cat?post=15202"},{"taxonomy":"product_tag","embeddable":true,"href":"https:\/\/www.hydraulic-cylinders.net\/it\/wp-json\/wp\/v2\/product_tag?post=15202"}],"curies":[{"name":"parola chiave","href":"https:\/\/api.w.org\/{rel}","templated":true}]}}