{"id":15206,"date":"2025-01-19T14:14:17","date_gmt":"2025-01-19T14:14:17","guid":{"rendered":"https:\/\/www.hydraulic-cylinders.net\/product\/bucket-cylinder-for-caterpillar-small-excavator-e110-110b\/"},"modified":"2025-01-19T14:14:19","modified_gmt":"2025-01-19T14:14:19","slug":"bucket-cylinder-for-caterpillar-small-excavator-e110-110b","status":"publish","type":"product","link":"https:\/\/www.hydraulic-cylinders.net\/it\/prodotto\/bucket-cylinder-for-caterpillar-small-excavator-e110-110b\/","title":{"rendered":"Cilindro della benna per escavatore piccolo Caterpillar E110\/110B"},"content":{"rendered":"<p><!DOCTYPE html><br \/>\n<html><br \/>\n<head><br \/>\n<title>Cilindro della benna per escavatore piccolo Caterpillar E110\/110B<\/title><br \/>\n<\/head><br \/>\n<body><\/p>\n<h1>Cilindro della benna per escavatore piccolo Caterpillar E110\/110B<\/h1>\n<p><img decoding=\"async\" src=\"https:\/\/www.hydraulic-cylinders.net\/wp-content\/uploads\/2025\/01\/songte-company-1.webp\" alt=\"Immagine aziendale\"><\/p>\n<h2>Introduzione al cilindro della benna<\/h2>\n<p>Un cilindro benna \u00e8 un cilindro idraulico appositamente progettato per controllare il movimento della benna in macchinari pesanti come escavatori, terne e pale caricatrici frontali. La sua funzione principale \u00e8 quella di consentire il sollevamento, l'abbassamento e l'inclinazione della benna, rendendolo adatto a diverse attivit\u00e0 di movimentazione dei materiali. In un sistema idraulico, il cilindro benna consente un controllo preciso della benna sfruttando le variazioni della pressione dell'olio idraulico, consentendo agli operatori di gestire in modo efficiente carichi pesanti e di adattarsi ad ambienti di lavoro complessi e a diverse esigenze operative.<\/p>\n<p><img decoding=\"async\" src=\"https:\/\/www.hydraulic-cylinders.net\/wp-content\/uploads\/2025\/01\/songte-company-2.webp\" alt=\"Immagine del prodotto\"><\/p>\n<h2>Caratteristiche del cilindro della benna<\/h2>\n<ul>\n<li>Elevata resistenza e durata: solitamente realizzati in acciaio o alluminio ad alta resistenza, in grado di sopportare pressioni elevate e carichi pesanti, adattabili ad ambienti di lavoro difficili, progettati tenendo conto della resistenza all'usura e alla corrosione per prolungarne la durata.<\/li>\n<li>Funzionamento idraulico efficiente: utilizza la pressione dell'olio idraulico per ottenere azioni di estensione e retrazione fluide, in grado di rispondere rapidamente ai comandi di controllo, fornendo potenti forze di spinta e trazione, adatte alla movimentazione di carichi pesanti e attivit\u00e0 complesse.<\/li>\n<li>Vari tipi: \u00e8 possibile scegliere tra cilindri a semplice effetto (idraulici solo in una direzione) o a doppio effetto (idraulici in entrambe le direzioni) a seconda delle esigenze, alcuni modelli sono telescopici, consentendo una maggiore estensione senza aumentare le dimensioni esterne, adatti per applicazioni con spazio limitato.<\/li>\n<li>Sostituzione perfetta: i nostri prodotti possono sostituire perfettamente questi cilindri idraulici.<\/li>\n<\/ul>\n<p><img decoding=\"async\" src=\"https:\/\/www.hydraulic-cylinders.net\/wp-content\/uploads\/2025\/01\/songte-cylinder-head-with-all-kinds-excavator-models.webp\" alt=\"Immagine di sostituzione del prodotto\"><\/p>\n<h2>Applicazioni del cilindro della benna<\/h2>\n<ul>\n<li>Attrezzature edili: presenti negli escavatori, sono essenziali per lo scavo, il carico e lo spostamento di terreno o detriti. Nelle terne, i cilindri delle benne aiutano sia nello scavo che nel sollevamento.<\/li>\n<li>Macchine agricole: utilizzate nelle pale caricatrici frontali per raccogliere, sollevare e trasportare terra, fieno e altri materiali.<\/li>\n<li>Escavatori: i cilindri della benna consentono le azioni di scavo consentendo alla benna di penetrare nel terreno.<\/li>\n<li>Caricatori frontali: nei caricatori frontali, aiutano a sollevare e scaricare le merci in modo efficace.<\/li>\n<\/ul>\n<h2>Considerazioni progettuali e criteri di selezione<\/h2>\n<p>Quando si tratta di considerazioni progettuali, \u00e8 importante discutere la capacit\u00e0 di carico, la tenuta, la durata, la sicurezza e la manutenibilit\u00e0 del cilindro della benna.<\/p>\n<p><img decoding=\"async\" src=\"https:\/\/www.hydraulic-cylinders.net\/wp-content\/uploads\/2025\/01\/songte-oil-pipes-and-spare-parts.webp\" alt=\"Immagine di progettazione del prodotto\"><\/p>\n<h2>Sigillatura e lubrificazione<\/h2>\n<p>Il cilindro della benna utilizza diverse guarnizioni, come guarnizioni per pistone e stelo, realizzate in materiali resistenti all'usura come poliuretano e gomma nitrilica. Il corpo del cilindro e le superfici terminali filettate sono finemente trattate per migliorarne la resistenza all'usura. \u00c8 necessaria una lubrificazione regolare con la giusta quantit\u00e0 di olio idraulico.<\/p>\n<h2>Ispezione regolare e manutenzione preventiva<\/h2>\n<ul>\n<li>Controllare regolarmente che il cilindro della benna non presenti danni o perdite.<\/li>\n<li>Assicurare una lubrificazione adeguata per garantire un funzionamento regolare.<\/li>\n<li>Sostituire le guarnizioni secondo necessit\u00e0 per evitare perdite di olio idraulico.<\/li>\n<li>Eseguire controlli di calibrazione per garantire un funzionamento accurato.<\/li>\n<\/ul>\n<p><img decoding=\"async\" src=\"https:\/\/www.hydraulic-cylinders.net\/wp-content\/uploads\/2025\/01\/songte-chushion-collar.webp\" alt=\"Immagine di manutenzione\"><\/p>\n<h2>Sicurezza del prodotto e considerazioni ambientali<\/h2>\n<p>Quando si utilizza il cilindro della benna, \u00e8 fondamentale dare priorit\u00e0 alle misure di sicurezza per prevenire incidenti e ridurre al minimo l'impatto ambientale.<\/p>\n<h2>Diagnosi dei guasti e problemi comuni<\/h2>\n<p>\u00c8 importante affrontare la diagnosi dei guasti e i problemi comuni relativi al cilindro della benna. Fornire suggerimenti e soluzioni per la risoluzione dei problemi per aiutare i lettori a diagnosticare e risolvere efficacemente i problemi. Inoltre, suggerire misure preventive per ridurre al minimo i potenziali problemi.<\/p>\n<p><img decoding=\"async\" src=\"https:\/\/www.hydraulic-cylinders.net\/wp-content\/uploads\/2025\/01\/songte-bushings-with-all-kinds-of-excavator-models.webp\" alt=\"Immagine di diagnosi dei guasti\"><\/p>\n<h2>Guida all'installazione<\/h2>\n<p>Fornire una guida di installazione dettagliata e corretta per il cilindro della benna, sottolineando l'importanza di un corretto allineamento e dell'utilizzo di staffe di installazione appropriate per fissare il cilindro. Raccomandare procedure di ispezione, riparazione e sostituzione e offrire servizi di ricostruzione e suggerimenti per prolungare la durata del cilindro della benna.<\/p>\n<h2>Attivit\u00e0 di manutenzione ordinaria<\/h2>\n<p>Evidenziare tre comuni attivit\u00e0 di manutenzione, tra cui ispezioni regolari, corretta lubrificazione, sostituzione delle guarnizioni e controlli di taratura. Sottolineare l'importanza di una corretta installazione, lubrificazione e regolazione. Fornire istruzioni sull'allineamento del cilindro durante il processo di installazione. Raccomandare l'utilizzo di staffe di installazione idonee per fissare il cilindro. Fornire suggerimenti sulle procedure di ispezione, riparazione e sostituzione per aumentare la longevit\u00e0 del cilindro della benna.<\/p>\n<p><img decoding=\"async\" src=\"https:\/\/www.hydraulic-cylinders.net\/wp-content\/uploads\/2025\/01\/songte-company-3.webp\" alt=\"Immagine aziendale\"><\/p>\n<h2>Informazioni sulla nostra azienda<\/h2>\n<p>Siamo un produttore specializzato in cilindri idraulici di ricambio. La nostra azienda offre un'ampia gamma di prodotti ed \u00e8 diventata uno dei principali produttori e distributori all'ingrosso di cilindri idraulici sul mercato nazionale e internazionale. Aderiamo ai principi di eccellente qualit\u00e0 e ci affidiamo a strategie di gestione della produzione industriale nei nostri raffinati laboratori di produzione. Grazie al nostro talento tecnico, alle avanzate apparecchiature di produzione digitale e ai sistemi di collaudo professionali, miglioriamo costantemente la nostra piattaforma produttiva, perfezioniamo i percorsi di produzione per garantire la qualit\u00e0 del prodotto e disponiamo di forti capacit\u00e0 innovative. Il nostro obiettivo \u00e8 soddisfare le diverse esigenze dei clienti con elevata efficienza, precisione e qualit\u00e0.<\/p>\n<p><\/body><\/p>\n<footer>\n<p>Autore: lyl<\/p>\n<\/footer>\n<p><\/html><\/p>","protected":false},"excerpt":{"rendered":"<p>Bucket Cylinder For Caterpillar Small Excavator E110\/110B Bucket Cylinder For Caterpillar Small Excavator E110\/110B Introduction to Bucket Cylinder A bucket cylinder is a specially designed hydraulic cylinder used to control the movement of the bucket in heavy machinery such as excavators, backhoe loaders, and front loaders. Its main function is to enable the lifting, lowering, [&hellip;]<\/p>","protected":false},"featured_media":14761,"comment_status":"open","ping_status":"closed","template":"","meta":{"_et_pb_use_builder":"","_et_pb_old_content":"","_et_gb_content_width":""},"product_brand":[],"product_cat":[1494],"product_tag":[1495,1496],"class_list":{"0":"post-15206","1":"product","2":"type-product","3":"status-publish","4":"has-post-thumbnail","6":"product_cat-bucket-cylinders","7":"product_tag-bucket-cylinders","8":"product_tag-hydraulic-cylinders","10":"first","11":"instock","12":"shipping-taxable","13":"product-type-simple"},"amp_enabled":true,"_links":{"self":[{"href":"https:\/\/www.hydraulic-cylinders.net\/it\/wp-json\/wp\/v2\/product\/15206","targetHints":{"allow":["GET"]}}],"collection":[{"href":"https:\/\/www.hydraulic-cylinders.net\/it\/wp-json\/wp\/v2\/product"}],"about":[{"href":"https:\/\/www.hydraulic-cylinders.net\/it\/wp-json\/wp\/v2\/types\/product"}],"replies":[{"embeddable":true,"href":"https:\/\/www.hydraulic-cylinders.net\/it\/wp-json\/wp\/v2\/comments?post=15206"}],"wp:featuredmedia":[{"embeddable":true,"href":"https:\/\/www.hydraulic-cylinders.net\/it\/wp-json\/wp\/v2\/media\/14761"}],"wp:attachment":[{"href":"https:\/\/www.hydraulic-cylinders.net\/it\/wp-json\/wp\/v2\/media?parent=15206"}],"wp:term":[{"taxonomy":"product_brand","embeddable":true,"href":"https:\/\/www.hydraulic-cylinders.net\/it\/wp-json\/wp\/v2\/product_brand?post=15206"},{"taxonomy":"product_cat","embeddable":true,"href":"https:\/\/www.hydraulic-cylinders.net\/it\/wp-json\/wp\/v2\/product_cat?post=15206"},{"taxonomy":"product_tag","embeddable":true,"href":"https:\/\/www.hydraulic-cylinders.net\/it\/wp-json\/wp\/v2\/product_tag?post=15206"}],"curies":[{"name":"parola chiave","href":"https:\/\/api.w.org\/{rel}","templated":true}]}}