{"id":15218,"date":"2025-01-19T14:15:13","date_gmt":"2025-01-19T14:15:13","guid":{"rendered":"https:\/\/www.hydraulic-cylinders.net\/product\/bucket-cylinder-for-caterpillar-small-excavator-e313d2\/"},"modified":"2025-01-19T14:15:15","modified_gmt":"2025-01-19T14:15:15","slug":"bucket-cylinder-for-caterpillar-small-excavator-e313d2","status":"publish","type":"product","link":"https:\/\/www.hydraulic-cylinders.net\/it\/prodotto\/bucket-cylinder-for-caterpillar-small-excavator-e313d2\/","title":{"rendered":"Cilindro della benna per escavatore piccolo Caterpillar E313D2"},"content":{"rendered":"<p><!DOCTYPE html><br \/>\n<html><br \/>\n<head><br \/>\n<title>Cilindro della benna per escavatore piccolo Caterpillar E313D2<\/title><br \/>\n<\/head><br \/>\n<body><\/p>\n<h1>Cilindro della benna per escavatore piccolo Caterpillar E313D2<\/h1>\n<h2>Introduzione<\/h2>\n<p>Un cilindro benna \u00e8 un cilindro idraulico appositamente progettato per controllare il movimento della benna in macchinari pesanti come escavatori, terne e pale caricatrici frontali. La sua funzione principale \u00e8 quella di consentire il sollevamento, l'abbassamento e l'inclinazione della benna, rendendola comoda per diverse attivit\u00e0 di movimentazione dei materiali. Nel sistema idraulico, il cilindro benna garantisce un controllo preciso della benna sfruttando le variazioni di pressione dell'olio idraulico, consentendo agli operatori di gestire in modo efficiente carichi pesanti e di adattarsi ad ambienti di lavoro complessi e a diverse esigenze operative.<\/p>\n<p><img decoding=\"async\" src=\"https:\/\/www.hydraulic-cylinders.net\/wp-content\/uploads\/2025\/01\/songte-company-2.webp\" alt=\"Immagine del cilindro del secchio\"><\/p>\n<h2>Caratteristiche<\/h2>\n<ul>\n<li><strong>Elevata resistenza e durata:<\/strong> Tipicamente realizzato in acciaio ad alta resistenza o alluminio, il cilindro della benna pu\u00f2 sopportare pressioni elevate e carichi pesanti, adattandosi a condizioni di lavoro difficili. Il design tiene conto della resistenza all'usura e alla corrosione, prolungandone la durata.<\/li>\n<li><strong>Funzionamento idraulico efficiente:<\/strong> Sfruttando la pressione dell'olio idraulico, il cilindro della benna consente movimenti di estensione e retrazione fluidi, consentendo una risposta rapida ai comandi e fornendo potenti forze di spinta e trazione. \u00c8 adatto alla movimentazione di carichi pesanti e a compiti operativi complessi.<\/li>\n<li><strong>Vari tipi:<\/strong> Il cilindro della benna pu\u00f2 essere scelto a semplice effetto (funzionamento idraulico in una sola direzione) o a doppio effetto (funzionamento idraulico in entrambe le direzioni) in base alle specifiche esigenze operative. Alcuni modelli sono telescopici, consentendo una maggiore estensione senza aumentare le dimensioni esterne, rendendoli adatti ad applicazioni con spazi limitati.<\/li>\n<li><strong>Sostituzione perfetta:<\/strong> I nostri prodotti possono sostituire perfettamente questi cilindri idraulici. <\/li>\n<\/ul>\n<p><img decoding=\"async\" src=\"https:\/\/www.hydraulic-cylinders.net\/wp-content\/uploads\/2025\/01\/songte-cylinder-head-with-all-kinds-excavator-models.webp\" alt=\"Immagine di sostituzione del cilindro della benna\"><\/p>\n<h2>Applicazioni<\/h2>\n<ul>\n<li><strong>Attrezzature per l'edilizia:<\/strong> Presenti negli escavatori, sono fondamentali per scavare, caricare e spostare terreno o detriti. Nelle terne, il cilindro della benna agevola sia lo scavo che il sollevamento.<\/li>\n<li><strong>Macchine agricole:<\/strong> Utilizzati nelle pale caricatrici frontali, aiutano a raccogliere, sollevare e trasportare terra, fieno e altri materiali.<\/li>\n<li><strong>Escavatori:<\/strong> Il cilindro della benna consente di effettuare azioni di scavo consentendo alla benna di penetrare nel terreno.<\/li>\n<li><strong>Caricatori:<\/strong> Nei caricatori frontali, aiutano a sollevare e scaricare le merci in modo efficace.<\/li>\n<\/ul>\n<h2>Considerazioni progettuali e criteri di selezione<\/h2>\n<ul>\n<li><strong>Capacit\u00e0 di carico:<\/strong> Discussing the cylinder&#8217;s ability to bear loads.<\/li>\n<li><strong>Sigillatura:<\/strong> Si discute dell'importanza di utilizzare varie guarnizioni, come guarnizioni per pistoni e guarnizioni per steli, realizzate in materiali resistenti all'usura come poliuretano e gomma nitrilica.<\/li>\n<li><strong>Durata:<\/strong> Si analizza come il corpo del cilindro e le estremit\u00e0 filettate vengono sottoposti a una lavorazione di precisione per migliorarne la resistenza all'usura.<\/li>\n<li><strong>Sicurezza:<\/strong> Discussione delle considerazioni sulla sicurezza durante il processo di progettazione.<\/li>\n<li><strong>Manutenzione:<\/strong> Analisi dell'importanza di ispezioni regolari e manutenzione preventiva.<\/li>\n<\/ul>\n<p><img decoding=\"async\" src=\"https:\/\/www.hydraulic-cylinders.net\/wp-content\/uploads\/2025\/01\/songte-oil-pipes-and-spare-parts.webp\" alt=\"Immagine delle parti del cilindro idraulico\"><\/p>\n<h2>Sigillatura e lubrificazione<\/h2>\n<p>Il cilindro della benna utilizza diverse guarnizioni, come quelle per pistone e stelo, realizzate in materiali resistenti all'usura come poliuretano e gomma nitrilica. Il corpo del cilindro e le estremit\u00e0 filettate sono sottoposti a una lavorazione di precisione per migliorarne la resistenza all'usura. Per garantire un funzionamento regolare, \u00e8 necessaria una lubrificazione regolare con olio idraulico appropriato.<\/p>\n<h2>Ispezione regolare e manutenzione preventiva<\/h2>\n<ul>\n<li>Controllare regolarmente il cilindro per verificare la presenza di eventuali perdite o danni.<\/li>\n<li>Assicurare la corretta lubrificazione di tutte le parti mobili.<\/li>\n<li>Sostituire periodicamente le guarnizioni per mantenere prestazioni ottimali.<\/li>\n<\/ul>\n<p><img decoding=\"async\" src=\"https:\/\/www.hydraulic-cylinders.net\/wp-content\/uploads\/2025\/01\/songte-chushion-collar.webp\" alt=\"Immagine di manutenzione del cilindro idraulico\"><\/p>\n<h2>Considerazioni sulla sicurezza e fattori ambientali<\/h2>\n<p>Quando si utilizza il cilindro della benna, \u00e8 importante seguire le misure di sicurezza per prevenire incidenti e garantire un ambiente di lavoro sicuro.<\/p>\n<h2>Diagnosi dei guasti e problemi comuni<\/h2>\n<p>Analisi dei problemi di guasto pi\u00f9 comuni e fornitura di suggerimenti e soluzioni per diagnosticare e risolvere efficacemente i problemi. Vengono inoltre suggerite misure preventive per ridurre al minimo i potenziali problemi.<\/p>\n<p><img decoding=\"async\" src=\"https:\/\/www.hydraulic-cylinders.net\/wp-content\/uploads\/2025\/01\/songte-bushings-with-all-kinds-of-excavator-models.webp\" alt=\"Immagine di risoluzione dei problemi del cilindro idraulico\"><\/p>\n<h2>Presentazione dell'azienda<\/h2>\n<p>Siamo produttori di cilindri idraulici di ricambio e offriamo un'ampia gamma di prodotti. Essendo uno dei principali produttori e distributori all'ingrosso di cilindri idraulici sul mercato nazionale e internazionale, diamo priorit\u00e0 all'eccellenza qualitativa. Grazie alla nostra strategia di gestione della produzione industrializzata e all'utilizzo di attrezzature di produzione all'avanguardia e sistemi di collaudo professionali, miglioriamo costantemente la nostra piattaforma produttiva e i nostri processi produttivi per garantire la qualit\u00e0 dei prodotti. Vantiamo una forte capacit\u00e0 creativa e ci impegniamo a soddisfare le diverse esigenze dei clienti con elevata efficienza, precisione e qualit\u00e0. <\/p>\n<p><img decoding=\"async\" src=\"https:\/\/hzpt.com\/wp-content\/uploads\/2024\/11\/songte-company-1.webp\" alt=\"Immagine aziendale\"><\/p>\n<h3>Professionalit\u00e0:<\/h3>\n<p>Adottiamo elevati standard di professionalit\u00e0 in tutti gli aspetti delle nostre attivit\u00e0.<\/p>\n<h3>Certificazioni internazionali:<\/h3>\n<p>Possediamo diverse certificazioni internazionali per garantire la qualit\u00e0 e l'affidabilit\u00e0 dei nostri prodotti.<\/p>\n<h3>Servizi di personalizzazione:<\/h3>\n<p>Offriamo servizi di personalizzazione per soddisfare le esigenze specifiche dei clienti.<\/p>\n<h3>Attrezzature di produzione:<\/h3>\n<p>Utilizziamo attrezzature di produzione all'avanguardia per garantire la precisione e la qualit\u00e0 dei nostri prodotti.<\/p>\n<h3>Servizio post-vendita:<\/h3>\n<p>Forniamo un servizio post-vendita completo per assistere i clienti in caso di domande o problemi.<\/p>\n<p><img decoding=\"async\" src=\"https:\/\/www.hydraulic-cylinders.net\/wp-content\/uploads\/2025\/01\/songte-company-3.webp\" alt=\"Immagine dei dettagli dell&#039;azienda\"><\/p>\n<p>Autore: lyl<\/p>\n<p><\/body><br \/>\n<\/html><\/p>","protected":false},"excerpt":{"rendered":"<p>Bucket Cylinder For Caterpillar Small Excavator E313D2 Bucket Cylinder For Caterpillar Small Excavator E313D2 Introduction A bucket cylinder is a specially designed hydraulic cylinder used to control the movement of the bucket in heavy machinery such as excavators, backhoe loaders, and front-end loaders. Its main function is to enable the bucket to lift, lower, and [&hellip;]<\/p>","protected":false},"featured_media":14769,"comment_status":"open","ping_status":"closed","template":"","meta":{"_et_pb_use_builder":"","_et_pb_old_content":"","_et_gb_content_width":""},"product_brand":[],"product_cat":[1494],"product_tag":[1495,1496],"class_list":{"0":"post-15218","1":"product","2":"type-product","3":"status-publish","4":"has-post-thumbnail","6":"product_cat-bucket-cylinders","7":"product_tag-bucket-cylinders","8":"product_tag-hydraulic-cylinders","10":"first","11":"instock","12":"shipping-taxable","13":"product-type-simple"},"amp_enabled":true,"_links":{"self":[{"href":"https:\/\/www.hydraulic-cylinders.net\/it\/wp-json\/wp\/v2\/product\/15218","targetHints":{"allow":["GET"]}}],"collection":[{"href":"https:\/\/www.hydraulic-cylinders.net\/it\/wp-json\/wp\/v2\/product"}],"about":[{"href":"https:\/\/www.hydraulic-cylinders.net\/it\/wp-json\/wp\/v2\/types\/product"}],"replies":[{"embeddable":true,"href":"https:\/\/www.hydraulic-cylinders.net\/it\/wp-json\/wp\/v2\/comments?post=15218"}],"wp:featuredmedia":[{"embeddable":true,"href":"https:\/\/www.hydraulic-cylinders.net\/it\/wp-json\/wp\/v2\/media\/14769"}],"wp:attachment":[{"href":"https:\/\/www.hydraulic-cylinders.net\/it\/wp-json\/wp\/v2\/media?parent=15218"}],"wp:term":[{"taxonomy":"product_brand","embeddable":true,"href":"https:\/\/www.hydraulic-cylinders.net\/it\/wp-json\/wp\/v2\/product_brand?post=15218"},{"taxonomy":"product_cat","embeddable":true,"href":"https:\/\/www.hydraulic-cylinders.net\/it\/wp-json\/wp\/v2\/product_cat?post=15218"},{"taxonomy":"product_tag","embeddable":true,"href":"https:\/\/www.hydraulic-cylinders.net\/it\/wp-json\/wp\/v2\/product_tag?post=15218"}],"curies":[{"name":"parola chiave","href":"https:\/\/api.w.org\/{rel}","templated":true}]}}