{"id":15228,"date":"2025-01-19T14:15:58","date_gmt":"2025-01-19T14:15:58","guid":{"rendered":"https:\/\/www.hydraulic-cylinders.net\/product\/bucket-cylinder-for-caterpillar-middle-excavator-e320dlrr\/"},"modified":"2025-01-19T14:16:00","modified_gmt":"2025-01-19T14:16:00","slug":"bucket-cylinder-for-caterpillar-middle-excavator-e320dlrr","status":"publish","type":"product","link":"https:\/\/www.hydraulic-cylinders.net\/it\/prodotto\/bucket-cylinder-for-caterpillar-middle-excavator-e320dlrr\/","title":{"rendered":"Cilindro della benna per escavatore centrale Caterpillar E320DLRR"},"content":{"rendered":"<h1>Cilindro della benna per escavatore centrale Caterpillar E320DLRR<\/h1>\n<h2>Introduzione<\/h2>\n<p>Il cilindro della benna per l'escavatore medio Caterpillar E320DLRR \u00e8 un cilindro idraulico appositamente progettato per controllare il movimento della benna in macchinari pesanti come escavatori, terne e pale caricatrici frontali. La sua funzione principale \u00e8 quella di consentire il sollevamento, l'abbassamento e l'inclinazione della benna, facilitando la gestione di diverse attivit\u00e0 di movimentazione dei materiali. Nel sistema idraulico, il cilindro della benna garantisce un controllo preciso della benna attraverso variazioni della pressione dell'olio idraulico, consentendo agli operatori di gestire in modo efficiente carichi pesanti e di adattarsi ad ambienti di lavoro complessi e a diverse esigenze operative.<\/p>\n<p><img decoding=\"async\" src=\"https:\/\/www.hydraulic-cylinders.net\/wp-content\/uploads\/2025\/01\/songte-company-2.webp\" alt=\"Immagine del prodotto\"><\/p>\n<h2>Caratteristiche<\/h2>\n<ul>\n<li>Elevata resistenza e durata: solitamente realizzati in acciaio o alluminio ad alta resistenza, possono sopportare pressioni elevate e carichi pesanti, adattandosi ad ambienti di lavoro difficili. Il design tiene conto della resistenza all'usura e alla corrosione per prolungarne la durata.<\/li>\n<li>Funzionamento idraulico efficiente: utilizzando la pressione dell'olio idraulico per ottenere azioni di estensione e retrazione fluide, pu\u00f2 rispondere rapidamente ai comandi di controllo, fornendo potenti forze di spinta e trazione adatte alla movimentazione di carichi pesanti e attivit\u00e0 di lavoro complesse.<\/li>\n<li>Varie tipologie: \u00e8 possibile scegliere tra cilindri a semplice effetto (idraulici utilizzati in una sola direzione) o a doppio effetto (idraulici utilizzati in entrambe le direzioni) in base alle esigenze operative. Alcuni modelli sono telescopici, consentendo una maggiore estensione senza aumentare le dimensioni esterne, rendendoli adatti ad applicazioni con spazio limitato.<\/li>\n<li>Sostituzione perfetta: il nostro prodotto pu\u00f2 sostituire perfettamente i cilindri idraulici esistenti. <\/li>\n<\/ul>\n<p><img decoding=\"async\" src=\"https:\/\/www.hydraulic-cylinders.net\/wp-content\/uploads\/2025\/01\/songte-cylinder-head-with-all-kinds-excavator-models.webp\" alt=\"Immagine del prodotto\"><\/p>\n<h2>Applicazioni<\/h2>\n<p>Il cilindro a benna trova applicazione in diverse attrezzature:<\/p>\n<ul>\n<li>Attrezzature edili: presenti negli escavatori, sono essenziali per scavare, caricare e spostare terreno o detriti. Nelle terne, il cilindro della benna agevola sia lo scavo che il sollevamento.<\/li>\n<li>Macchine agricole: utilizzate nelle pale caricatrici frontali per raccogliere, sollevare e trasportare terra, fieno e altri materiali.<\/li>\n<li>Escavatori: il cilindro della benna consente di effettuare azioni di scavo consentendo alla benna di penetrare nel terreno.<\/li>\n<li>Caricatori: nei caricatori frontali, aiutano a sollevare e scaricare le merci in modo efficiente.<\/li>\n<\/ul>\n<h2>Considerazioni progettuali e criteri di selezione<\/h2>\n<p>Quando si tratta di considerazioni progettuali, fattori chiave come capacit\u00e0 portante, tenuta, durata, sicurezza e manutenibilit\u00e0 giocano un ruolo cruciale. Ecco alcuni punti da considerare:<\/p>\n<p><img decoding=\"async\" src=\"https:\/\/www.hydraulic-cylinders.net\/wp-content\/uploads\/2025\/01\/songte-oil-pipes-and-spare-parts.webp\" alt=\"Immagine del prodotto\"><\/p>\n<h2>Sigillatura e lubrificazione<\/h2>\n<p>Il cilindro della benna utilizza vari elementi di tenuta, come guarnizioni del pistone e guarnizioni dello stelo, realizzati in materiali resistenti all'usura come poliuretano e gomma nitrilica. Il corpo del cilindro e le superfici terminali filettate sono finemente trattati per aumentarne la resistenza all'usura. \u00c8 richiesta una lubrificazione regolare con una quantit\u00e0 adeguata di olio idraulico.<\/p>\n<h2>Misure di ispezione regolare e manutenzione preventiva<\/h2>\n<p>Per garantire la longevit\u00e0 del cilindro della benna, \u00e8 necessario effettuare ispezioni regolari e interventi di manutenzione preventiva. Ecco alcuni suggerimenti e procedure:<\/p>\n<h2>Guida all'installazione del prodotto<\/h2>\n<p>Una corretta installazione \u00e8 fondamentale per il funzionamento efficiente del cilindro della benna. Ecco le linee guida:<\/p>\n<p><img decoding=\"async\" src=\"https:\/\/www.hydraulic-cylinders.net\/wp-content\/uploads\/2025\/01\/songte-chushion-collar.webp\" alt=\"Immagine del prodotto\"><\/p>\n<h2>Attivit\u00e0 di manutenzione<\/h2>\n<p>Le attivit\u00e0 di manutenzione pi\u00f9 comuni includono ispezioni regolari, lubrificazione adeguata, sostituzione delle guarnizioni e controlli di taratura. \u00c8 importante sottolineare l'importanza di una corretta installazione, lubrificazione e regolazione. Si raccomanda il corretto allineamento del cilindro durante l'installazione e l'utilizzo di staffe di montaggio appropriate per fissarlo. Vengono fornite procedure consigliate per l'ispezione, la riparazione e la sostituzione, insieme a suggerimenti per prolungare la durata del cilindro della benna.<\/p>\n<p><img decoding=\"async\" src=\"https:\/\/www.hydraulic-cylinders.net\/wp-content\/uploads\/2025\/01\/songte-bushings-with-all-kinds-of-excavator-models.webp\" alt=\"Immagine del prodotto\"><\/p>\n<h2>Considerazioni sulla sicurezza e fattori ambientali<\/h2>\n<p>L'adozione di misure di sicurezza durante l'utilizzo del cilindro della benna \u00e8 di fondamentale importanza. Ecco alcuni punti chiave da considerare:<\/p>\n<h2>Diagnosi dei guasti e problemi comuni<\/h2>\n<p>Quando si tratta di diagnosticare guasti e affrontare problemi comuni, \u00e8 essenziale fornire suggerimenti e soluzioni per aiutare i lettori a diagnosticare e risolvere efficacemente i problemi. \u00c8 necessario suggerire misure preventive per ridurre al minimo i potenziali problemi.<\/p>\n<p><img decoding=\"async\" src=\"https:\/\/hzpt.com\/wp-content\/uploads\/2024\/11\/songte-company-1.webp\" alt=\"Immagine del prodotto\"><\/p>\n<h2>Informazioni sulla nostra azienda<\/h2>\n<p>Siamo produttori di cilindri idraulici di ricambio e offriamo un'ampia gamma di prodotti. Siamo diventati uno dei principali produttori e distributori all'ingrosso di cilindri idraulici sul mercato nazionale e internazionale. Aderiamo a principi di eccellenza e ci affidiamo a strategie di gestione della produzione industriale nei nostri raffinati laboratori di produzione. Grazie all'impiego di talenti tecnici, attrezzature di produzione digitale avanzate e sistemi di collaudo professionali, miglioriamo costantemente la nostra piattaforma produttiva e i nostri percorsi di produzione per la qualit\u00e0 dei prodotti. Vantiamo forti capacit\u00e0 creative e i nostri principi di alta efficienza, alta precisione e alta qualit\u00e0 ci consentono di soddisfare le diverse esigenze dei nostri clienti.<\/p>\n<p><img decoding=\"async\" src=\"https:\/\/www.hydraulic-cylinders.net\/wp-content\/uploads\/2025\/01\/songte-company-3.webp\" alt=\"Immagine aziendale\"><\/p>\n<p>Siamo orgogliosi della nostra professionalit\u00e0, delle certificazioni internazionali, dei servizi personalizzati, delle attrezzature di produzione e dei servizi post-vendita. <\/p>\n<p>Autore: lyl<\/p>","protected":false},"excerpt":{"rendered":"<p>Bucket Cylinder For Caterpillar Middle Excavator E320DLRR Introduction The bucket cylinder for Caterpillar middle excavator E320DLRR is a specially designed hydraulic cylinder used to control the movement of the bucket in heavy machinery such as excavators, backhoe loaders, and front-end loaders. Its main function is to enable the lifting, lowering, and tilting of the bucket, [&hellip;]<\/p>","protected":false},"featured_media":14780,"comment_status":"open","ping_status":"closed","template":"","meta":{"_et_pb_use_builder":"","_et_pb_old_content":"","_et_gb_content_width":""},"product_brand":[],"product_cat":[1494],"product_tag":[1495,1496],"class_list":{"0":"post-15228","1":"product","2":"type-product","3":"status-publish","4":"has-post-thumbnail","6":"product_cat-bucket-cylinders","7":"product_tag-bucket-cylinders","8":"product_tag-hydraulic-cylinders","10":"first","11":"instock","12":"shipping-taxable","13":"product-type-simple"},"amp_enabled":true,"_links":{"self":[{"href":"https:\/\/www.hydraulic-cylinders.net\/it\/wp-json\/wp\/v2\/product\/15228","targetHints":{"allow":["GET"]}}],"collection":[{"href":"https:\/\/www.hydraulic-cylinders.net\/it\/wp-json\/wp\/v2\/product"}],"about":[{"href":"https:\/\/www.hydraulic-cylinders.net\/it\/wp-json\/wp\/v2\/types\/product"}],"replies":[{"embeddable":true,"href":"https:\/\/www.hydraulic-cylinders.net\/it\/wp-json\/wp\/v2\/comments?post=15228"}],"wp:featuredmedia":[{"embeddable":true,"href":"https:\/\/www.hydraulic-cylinders.net\/it\/wp-json\/wp\/v2\/media\/14780"}],"wp:attachment":[{"href":"https:\/\/www.hydraulic-cylinders.net\/it\/wp-json\/wp\/v2\/media?parent=15228"}],"wp:term":[{"taxonomy":"product_brand","embeddable":true,"href":"https:\/\/www.hydraulic-cylinders.net\/it\/wp-json\/wp\/v2\/product_brand?post=15228"},{"taxonomy":"product_cat","embeddable":true,"href":"https:\/\/www.hydraulic-cylinders.net\/it\/wp-json\/wp\/v2\/product_cat?post=15228"},{"taxonomy":"product_tag","embeddable":true,"href":"https:\/\/www.hydraulic-cylinders.net\/it\/wp-json\/wp\/v2\/product_tag?post=15228"}],"curies":[{"name":"parola chiave","href":"https:\/\/api.w.org\/{rel}","templated":true}]}}