{"id":15234,"date":"2025-01-19T14:16:27","date_gmt":"2025-01-19T14:16:27","guid":{"rendered":"https:\/\/www.hydraulic-cylinders.net\/product\/bucket-cylinder-for-caterpillar-middle-excavator-e325bl325c\/"},"modified":"2025-01-19T14:16:29","modified_gmt":"2025-01-19T14:16:29","slug":"bucket-cylinder-for-caterpillar-middle-excavator-e325bl325c","status":"publish","type":"product","link":"https:\/\/www.hydraulic-cylinders.net\/it\/prodotto\/bucket-cylinder-for-caterpillar-middle-excavator-e325bl325c\/","title":{"rendered":"Cilindro della benna per escavatore centrale Caterpillar E325BL325C"},"content":{"rendered":"<p><!DOCTYPE html><br \/>\n<html><br \/>\n<head><br \/>\n<title>Cilindro della benna per escavatore centrale Caterpillar E325BL325C<\/title><br \/>\n<\/head><br \/>\n<body><\/p>\n<h1>Cilindro della benna per escavatore centrale Caterpillar E325BL325C<\/h1>\n<h2>Introduzione<\/h2>\n<p>Il cilindro della benna per l'escavatore medio Caterpillar E325BL325C \u00e8 un cilindro idraulico specializzato progettato per controllare il movimento della benna in macchinari pesanti come escavatori, terne e pale caricatrici frontali. La sua funzione principale \u00e8 quella di consentire il sollevamento, l'abbassamento e l'inclinazione della benna, rendendolo pratico per diverse attivit\u00e0 di movimentazione dei materiali. Nel sistema idraulico, il cilindro della benna sfrutta le variazioni di pressione dell'olio idraulico per ottenere un controllo preciso della benna, consentendo agli operatori di gestire in modo efficiente carichi pesanti e di adattarsi ad ambienti di lavoro complessi e a diverse esigenze operative.<\/p>\n<p><img decoding=\"async\" src=\"https:\/\/www.hydraulic-cylinders.net\/wp-content\/uploads\/2025\/01\/songte-company-2.webp\" alt=\"Immagine del cilindro del secchio\"><\/p>\n<h2>Caratteristiche<\/h2>\n<ul>\n<li>Elevata resistenza e durata: solitamente realizzati in acciaio o alluminio ad alta resistenza, in grado di sopportare pressioni elevate e carichi pesanti, di adattarsi ad ambienti di lavoro difficili e progettati tenendo conto della resistenza all'usura e alla corrosione per prolungarne la durata utile.<\/li>\n<li>Funzionamento idraulico efficiente: sfrutta la pressione dell'olio idraulico per ottenere azioni di estensione e retrazione fluide, in grado di rispondere rapidamente ai comandi di controllo, fornendo potenti forze di spinta e trazione, adatte alla movimentazione di carichi pesanti e attivit\u00e0 di lavoro complesse.<\/li>\n<li>Vari tipi: \u00e8 possibile scegliere tra cilindri a semplice effetto (idraulici utilizzati in una sola direzione) o a doppio effetto (idraulici utilizzati in due direzioni) in base alle esigenze, alcuni modelli sono telescopici, consentendo una maggiore estensione senza aumentare le dimensioni esterne, adatti per applicazioni con spazio limitato.<\/li>\n<li>Sostituzione perfetta: i nostri prodotti possono sostituire perfettamente questi cilindri idraulici.<\/li>\n<\/ul>\n<p><img decoding=\"async\" src=\"https:\/\/www.hydraulic-cylinders.net\/wp-content\/uploads\/2025\/01\/songte-cylinder-head-with-all-kinds-excavator-models.webp\" alt=\"Immagine del prodotto\"><\/p>\n<h2>Applicazioni<\/h2>\n<ul>\n<li>Attrezzature edili: presenti negli escavatori, dove svolgono un ruolo fondamentale nello scavo, nel carico e nello spostamento di terreno o detriti. Nelle terne, il cilindro della benna agevola sia lo scavo che il sollevamento.<\/li>\n<li>Macchine agricole: utilizzate nelle pale caricatrici frontali per raccogliere, sollevare e trasportare terra, fieno e altri materiali.<\/li>\n<li>Escavatori: il cilindro della benna consente di effettuare azioni di scavo consentendo alla benna di penetrare nel terreno.<\/li>\n<li>Caricatori: nei caricatori frontali, aiutano a sollevare e scaricare le merci in modo efficace.<\/li>\n<\/ul>\n<h2>Considerazioni progettuali e criteri di selezione<\/h2>\n<ul>\n<li>Capacit\u00e0 portante: discutere i fattori chiave quali capacit\u00e0 di carico, tenuta, durata, sicurezza e manutenibilit\u00e0.<\/li>\n<\/ul>\n<p><img decoding=\"async\" src=\"https:\/\/www.hydraulic-cylinders.net\/wp-content\/uploads\/2025\/01\/songte-oil-pipes-and-spare-parts.webp\" alt=\"Immagine di progettazione\"><\/p>\n<h2>Sigillatura e lubrificazione<\/h2>\n<p>Vengono utilizzate guarnizioni di vario tipo, come guarnizioni per pistoni e guarnizioni per steli, realizzate in materiali resistenti all'usura come poliuretano e gomma nitrilica. Il corpo del cilindro e le estremit\u00e0 filettate sono finemente lavorati per aumentarne la resistenza all'usura. \u00c8 richiesta una lubrificazione regolare con una quantit\u00e0 adeguata di olio idraulico.<\/p>\n<h2>Ispezione e manutenzione preventiva<\/h2>\n<ul>\n<li>Ispezionare regolarmente ed eseguire misure di manutenzione preventiva per ridurre al minimo i potenziali problemi.<\/li>\n<\/ul>\n<h2>Guida all'installazione del prodotto<\/h2>\n<p>Fornire istruzioni dettagliate per la corretta installazione del prodotto.<\/p>\n<h2>Attivit\u00e0 di manutenzione<\/h2>\n<ul>\n<li>Ispezioni regolari<\/li>\n<li>Lubrificazione adeguata<\/li>\n<li>Sostituzione della guarnizione<\/li>\n<li>Controlli di calibrazione<\/li>\n<\/ul>\n<p>Sottolineare l'importanza di una corretta installazione, lubrificazione e regolazione. Fornire indicazioni sul corretto allineamento del cilindro durante l'installazione e raccomandare l'utilizzo di staffe di installazione appropriate per fissarlo. Raccomandare procedure di ispezione, riparazione e sostituzione, offrire ricambi e servizi di ricostruzione e fornire suggerimenti per prolungare la durata del cilindro della benna.<\/p>\n<p><img decoding=\"async\" src=\"https:\/\/www.hydraulic-cylinders.net\/wp-content\/uploads\/2025\/01\/songte-chushion-collar.webp\" alt=\"Immagine di manutenzione\"><\/p>\n<h2>Considerazioni sulla sicurezza e fattori ambientali<\/h2>\n<p>Discutere l'importanza delle misure di sicurezza durante l'uso del cilindro della benna e il suo impatto sull'ambiente.<\/p>\n<h2>Risoluzione dei problemi e problemi comuni<\/h2>\n<ul>\n<li>Discutere suggerimenti e soluzioni comuni per la risoluzione dei problemi.<\/li>\n<\/ul>\n<p><img decoding=\"async\" src=\"https:\/\/www.hydraulic-cylinders.net\/wp-content\/uploads\/2025\/01\/songte-bushings-with-all-kinds-of-excavator-models.webp\" alt=\"Immagine di risoluzione dei problemi\"><\/p>\n<h2>Panoramica aziendale<\/h2>\n<p>Siamo produttori di cilindri idraulici di ricambio e offriamo un'ampia gamma di prodotti. Siamo diventati uno dei principali produttori e distributori all'ingrosso di cilindri idraulici sul mercato nazionale e internazionale. Aderiamo ai principi di eccellente qualit\u00e0 e ci affidiamo a strategie di gestione della produzione industrializzata nei nostri raffinati laboratori di produzione. Grazie al nostro team di talenti tecnici, alle attrezzature di produzione digitale all'avanguardia e ai sistemi di collaudo professionali, miglioriamo costantemente la nostra piattaforma produttiva e il percorso di produzione per la qualit\u00e0 dei prodotti. Vantiamo una forte capacit\u00e0 innovativa, con l'obiettivo di soddisfare le diverse esigenze dei clienti con elevata efficienza, precisione e qualit\u00e0.<\/p>\n<p><img decoding=\"async\" src=\"https:\/\/hzpt.com\/wp-content\/uploads\/2024\/11\/songte-company-1.webp\" alt=\"Immagine aziendale\"><\/p>\n<h2>Presentazione dell'azienda<\/h2>\n<ul>\n<li>Professionalit\u00e0 e competenza<\/li>\n<li>Certificazioni internazionali<\/li>\n<li>Servizi di personalizzazione<\/li>\n<li>Attrezzature di produzione<\/li>\n<li>Servizio post-vendita<\/li>\n<\/ul>\n<p><img decoding=\"async\" src=\"https:\/\/www.hydraulic-cylinders.net\/wp-content\/uploads\/2025\/01\/songte-company-3.webp\" alt=\"Immagine di presentazione dell&#039;azienda\"><\/p>\n<p>Autore: lyl<\/p>\n<p><\/body><br \/>\n<\/html><\/p>","protected":false},"excerpt":{"rendered":"<p>Bucket Cylinder For Caterpillar Middle Excavator E325BL325C Bucket Cylinder For Caterpillar Middle Excavator E325BL325C Introduction The bucket cylinder for Caterpillar middle excavator E325BL325C is a specialized hydraulic cylinder designed for controlling the movement of the bucket in heavy machinery such as excavators, backhoe loaders, and front-end loaders. Its primary function is to enable the lifting, [&hellip;]<\/p>","protected":false},"featured_media":14765,"comment_status":"open","ping_status":"closed","template":"","meta":{"_et_pb_use_builder":"","_et_pb_old_content":"","_et_gb_content_width":""},"product_brand":[],"product_cat":[1494],"product_tag":[1495,1496],"class_list":{"0":"post-15234","1":"product","2":"type-product","3":"status-publish","4":"has-post-thumbnail","6":"product_cat-bucket-cylinders","7":"product_tag-bucket-cylinders","8":"product_tag-hydraulic-cylinders","10":"first","11":"instock","12":"shipping-taxable","13":"product-type-simple"},"amp_enabled":true,"_links":{"self":[{"href":"https:\/\/www.hydraulic-cylinders.net\/it\/wp-json\/wp\/v2\/product\/15234","targetHints":{"allow":["GET"]}}],"collection":[{"href":"https:\/\/www.hydraulic-cylinders.net\/it\/wp-json\/wp\/v2\/product"}],"about":[{"href":"https:\/\/www.hydraulic-cylinders.net\/it\/wp-json\/wp\/v2\/types\/product"}],"replies":[{"embeddable":true,"href":"https:\/\/www.hydraulic-cylinders.net\/it\/wp-json\/wp\/v2\/comments?post=15234"}],"wp:featuredmedia":[{"embeddable":true,"href":"https:\/\/www.hydraulic-cylinders.net\/it\/wp-json\/wp\/v2\/media\/14765"}],"wp:attachment":[{"href":"https:\/\/www.hydraulic-cylinders.net\/it\/wp-json\/wp\/v2\/media?parent=15234"}],"wp:term":[{"taxonomy":"product_brand","embeddable":true,"href":"https:\/\/www.hydraulic-cylinders.net\/it\/wp-json\/wp\/v2\/product_brand?post=15234"},{"taxonomy":"product_cat","embeddable":true,"href":"https:\/\/www.hydraulic-cylinders.net\/it\/wp-json\/wp\/v2\/product_cat?post=15234"},{"taxonomy":"product_tag","embeddable":true,"href":"https:\/\/www.hydraulic-cylinders.net\/it\/wp-json\/wp\/v2\/product_tag?post=15234"}],"curies":[{"name":"parola chiave","href":"https:\/\/api.w.org\/{rel}","templated":true}]}}