{"id":15236,"date":"2025-01-19T14:16:34","date_gmt":"2025-01-19T14:16:34","guid":{"rendered":"https:\/\/www.hydraulic-cylinders.net\/product\/bucket-cylinder-for-caterpillar-middle-excavator-e320dz-bl\/"},"modified":"2025-01-19T14:16:36","modified_gmt":"2025-01-19T14:16:36","slug":"bucket-cylinder-for-caterpillar-middle-excavator-e320dz-bl","status":"publish","type":"product","link":"https:\/\/www.hydraulic-cylinders.net\/it\/prodotto\/bucket-cylinder-for-caterpillar-middle-excavator-e320dz-bl\/","title":{"rendered":"Cilindro della benna per escavatore centrale Caterpillar E320DZ\/BL"},"content":{"rendered":"<p><!DOCTYPE html><br \/>\n<html><br \/>\n<head><br \/>\n<title>Cilindro della benna per escavatore centrale Caterpillar E320DZ\/BL<\/title><br \/>\n<\/head><br \/>\n<body><\/p>\n<h1>Cilindro della benna per escavatore centrale Caterpillar E320DZ\/BL<\/h1>\n<h2>Introduzione<\/h2>\n<p>Il cilindro della benna per l'escavatore medio Caterpillar E320DZ\/BL \u00e8 un cilindro idraulico appositamente progettato per controllare il movimento della benna in macchinari pesanti come escavatori, terne e pale caricatrici frontali. La sua funzione principale \u00e8 quella di consentire alla benna di eseguire operazioni di sollevamento, abbassamento e inclinazione, facilitando diverse attivit\u00e0 di movimentazione dei materiali. Nel sistema idraulico, il cilindro della benna garantisce un controllo preciso della benna attraverso variazioni della pressione dell'olio idraulico, consentendo agli operatori di gestire in modo efficiente carichi pesanti e di adattarsi ad ambienti di lavoro complessi e a diverse esigenze operative.<\/p>\n<p><img decoding=\"async\" src=\"https:\/\/www.hydraulic-cylinders.net\/wp-content\/uploads\/2025\/01\/songte-company-2.webp\" alt=\"Immagine del cilindro del secchio\"><\/p>\n<h2>Caratteristiche<\/h2>\n<ul>\n<li><strong>Elevata resistenza e durata:<\/strong> Tipicamente realizzato in acciaio ad alta resistenza o alluminio, il cilindro della benna pu\u00f2 sopportare pressioni elevate e carichi pesanti, adattandosi ad ambienti di lavoro difficili. Il suo design \u00e8 progettato per resistere all'usura e alla corrosione, prolungandone la durata.<\/li>\n<li><strong>Funzionamento idraulico efficiente:<\/strong> Utilizzando la pressione dell'olio idraulico, il cilindro della benna realizza movimenti telescopici fluidi, consentendo una risposta rapida ai comandi di controllo e fornendo potenti forze di spinta e trazione, adatte alla movimentazione di carichi pesanti e attivit\u00e0 di lavoro complesse.<\/li>\n<li><strong>Vari tipi:<\/strong> Il cilindro della benna pu\u00f2 essere scelto a semplice effetto (funzionamento idraulico in una sola direzione) o a doppio effetto (funzionamento idraulico in entrambe le direzioni) in base alle specifiche esigenze operative. Alcuni modelli sono telescopici, consentendo una maggiore estensione senza aumentare le dimensioni esterne, rendendoli adatti ad applicazioni con spazi limitati.<\/li>\n<li><strong>Sostituzione perfetta:<\/strong> I nostri prodotti possono sostituire perfettamente questi cilindri idraulici, offrendo la stessa funzionalit\u00e0 e qualit\u00e0.<\/li>\n<\/ul>\n<p><img decoding=\"async\" src=\"https:\/\/www.hydraulic-cylinders.net\/wp-content\/uploads\/2025\/01\/songte-cylinder-head-with-all-kinds-excavator-models.webp\" alt=\"Immagine di sostituzione del cilindro della benna\"><\/p>\n<h2>Applicazioni<\/h2>\n<p>Il cilindro della benna trova applicazione in diverse attrezzature:<\/p>\n<ul>\n<li><strong>Attrezzature per l'edilizia:<\/strong> Sono essenziali negli escavatori per scavare, caricare e spostare terreno o detriti. Nelle terne, il cilindro della benna agevola sia lo scavo che il sollevamento.<\/li>\n<li><strong>Macchine agricole:<\/strong> Utilizzato nelle pale caricatrici frontali per raccogliere, sollevare e trasportare terra, fieno e altri materiali.<\/li>\n<li><strong>Escavatori:<\/strong> Il cilindro della benna consente di effettuare azioni di scavo consentendo alla benna di penetrare nel terreno.<\/li>\n<li><strong>Caricatori:<\/strong> Nei caricatori frontali, facilitano il sollevamento e lo scarico efficaci delle merci.<\/li>\n<\/ul>\n<h2>Considerazioni progettuali e criteri di selezione<\/h2>\n<ul>\n<li><strong>Capacit\u00e0 portante:<\/strong> Il cilindro della benna \u00e8 progettato per resistere a carichi e pressioni elevati, mantenendo al contempo stabilit\u00e0 e sicurezza.<\/li>\n<li><strong>Sigillatura:<\/strong> Vengono utilizzati vari componenti di tenuta, come guarnizioni per pistoni e steli, realizzati in materiali resistenti all'usura come poliuretano e gomma nitrilica. Il corpo del cilindro e le estremit\u00e0 filettate vengono sottoposti a un trattamento di precisione per migliorarne la resistenza all'usura.<\/li>\n<\/ul>\n<p><img decoding=\"async\" src=\"https:\/\/www.hydraulic-cylinders.net\/wp-content\/uploads\/2025\/01\/songte-oil-pipes-and-spare-parts.webp\" alt=\"Immagine di tenuta e lubrificazione\"><\/p>\n<h2>Sigillatura e lubrificazione<\/h2>\n<p>Il cilindro della benna utilizza vari componenti di tenuta, come guarnizioni del pistone e dello stelo, realizzati in materiali resistenti all'usura come poliuretano e gomma nitrilica. Il corpo del cilindro e le estremit\u00e0 filettate sono sottoposti a un trattamento di precisione per migliorarne la resistenza all'usura. Per garantire un funzionamento regolare, \u00e8 necessaria una lubrificazione regolare con olio idraulico appropriato.<\/p>\n<h2>Ispezione regolare e manutenzione preventiva<\/h2>\n<ul>\n<li>\u00c8 necessario effettuare ispezioni regolari per verificare eventuali perdite, danni o malfunzionamenti nel cilindro della benna.<\/li>\n<li>La lubrificazione corretta del cilindro e delle altre parti mobili deve essere effettuata a intervalli regolari.<\/li>\n<li>Le guarnizioni devono essere sostituite se si rilevano segni di usura o danni.<\/li>\n<li>Per garantire un funzionamento accurato \u00e8 necessario eseguire controlli di calibrazione.<\/li>\n<\/ul>\n<h2>Linee guida per l'installazione corretta del prodotto<\/h2>\n<p>La corretta installazione del cilindro della benna \u00e8 essenziale per prestazioni ottimali e lunga durata. Ecco alcune linee guida:<\/p>\n<ul>\n<li>Assicurarsi del corretto allineamento del cilindro durante l'installazione.<\/li>\n<li>Utilizzare staffe di installazione appropriate per fissare il cilindro.<\/li>\n<li>Seguire le procedure consigliate per l'ispezione, la riparazione e la sostituzione.<\/li>\n<li>Forniamo servizi di ricostruzione e pezzi di ricambio per aumentare la durata del cilindro della benna.<\/li>\n<\/ul>\n<p><img decoding=\"async\" src=\"https:\/\/www.hydraulic-cylinders.net\/wp-content\/uploads\/2025\/01\/songte-chushion-collar.webp\" alt=\"Immagine delle linee guida per l&#039;installazione\"><\/p>\n<h2>Considerazioni sulla sicurezza e fattori ambientali<\/h2>\n<p>Quando si utilizza il cilindro della benna, \u00e8 importante seguire le misure di sicurezza per prevenire incidenti e garantire la sicurezza del personale e dell'ambiente.<\/p>\n<h2>Diagnosi dei guasti e problemi comuni<\/h2>\n<p>Problemi comuni e suggerimenti per la risoluzione dei problemi relativi al cilindro della benna:<\/p>\n<p><img decoding=\"async\" src=\"https:\/\/www.hydraulic-cylinders.net\/wp-content\/uploads\/2025\/01\/songte-bushings-with-all-kinds-of-excavator-models.webp\" alt=\"Immagine di diagnosi dei guasti\"><\/p>\n<h2>Suggerimenti per la manutenzione<\/h2>\n<p>Fornire suggerimenti e soluzioni per la risoluzione dei problemi, per diagnosticare e risolvere efficacemente i problemi, insieme a misure preventive per ridurre al minimo i potenziali problemi.<\/p>\n<h2>Informazioni sulla nostra azienda<\/h2>\n<p>Siamo un produttore e distributore all'ingrosso leader di cilindri idraulici sul mercato nazionale e internazionale. La nostra azienda offre un'ampia gamma di prodotti e segue una strategia di gestione della produzione industriale, basandosi su un'eccellente qualit\u00e0, officine di produzione specializzate, attrezzature di produzione digitale avanzate e sistemi di collaudo professionali. Abbiamo una forte capacit\u00e0 di creare e soddisfare le diverse esigenze dei clienti con elevata efficienza, precisione e qualit\u00e0. La nostra azienda \u00e8 nota per la professionalit\u00e0, le certificazioni internazionali, i servizi personalizzati, le attrezzature di produzione avanzate e l'eccellente servizio post-vendita.<\/p>\n<p><img decoding=\"async\" src=\"https:\/\/www.hydraulic-cylinders.net\/wp-content\/uploads\/2025\/01\/songte-company-3.webp\" alt=\"Immagine di presentazione aziendale\"><\/p>\n<p>Autore: lyl<\/p>\n<p><\/body><br \/>\n<\/html><\/p>","protected":false},"excerpt":{"rendered":"<p>Bucket Cylinder For Caterpillar Middle Excavator E320DZ\/BL Bucket Cylinder For Caterpillar Middle Excavator E320DZ\/BL Introduction The bucket cylinder for Caterpillar middle excavator E320DZ\/BL is a specially designed hydraulic cylinder used to control the movement of the bucket in heavy machinery such as excavators, backhoe loaders, and front-end loaders. Its main function is to enable the [&hellip;]<\/p>","protected":false},"featured_media":14761,"comment_status":"open","ping_status":"closed","template":"","meta":{"_et_pb_use_builder":"","_et_pb_old_content":"","_et_gb_content_width":""},"product_brand":[],"product_cat":[1494],"product_tag":[1495,1496],"class_list":{"0":"post-15236","1":"product","2":"type-product","3":"status-publish","4":"has-post-thumbnail","6":"product_cat-bucket-cylinders","7":"product_tag-bucket-cylinders","8":"product_tag-hydraulic-cylinders","10":"first","11":"instock","12":"shipping-taxable","13":"product-type-simple"},"amp_enabled":true,"_links":{"self":[{"href":"https:\/\/www.hydraulic-cylinders.net\/it\/wp-json\/wp\/v2\/product\/15236","targetHints":{"allow":["GET"]}}],"collection":[{"href":"https:\/\/www.hydraulic-cylinders.net\/it\/wp-json\/wp\/v2\/product"}],"about":[{"href":"https:\/\/www.hydraulic-cylinders.net\/it\/wp-json\/wp\/v2\/types\/product"}],"replies":[{"embeddable":true,"href":"https:\/\/www.hydraulic-cylinders.net\/it\/wp-json\/wp\/v2\/comments?post=15236"}],"wp:featuredmedia":[{"embeddable":true,"href":"https:\/\/www.hydraulic-cylinders.net\/it\/wp-json\/wp\/v2\/media\/14761"}],"wp:attachment":[{"href":"https:\/\/www.hydraulic-cylinders.net\/it\/wp-json\/wp\/v2\/media?parent=15236"}],"wp:term":[{"taxonomy":"product_brand","embeddable":true,"href":"https:\/\/www.hydraulic-cylinders.net\/it\/wp-json\/wp\/v2\/product_brand?post=15236"},{"taxonomy":"product_cat","embeddable":true,"href":"https:\/\/www.hydraulic-cylinders.net\/it\/wp-json\/wp\/v2\/product_cat?post=15236"},{"taxonomy":"product_tag","embeddable":true,"href":"https:\/\/www.hydraulic-cylinders.net\/it\/wp-json\/wp\/v2\/product_tag?post=15236"}],"curies":[{"name":"parola chiave","href":"https:\/\/api.w.org\/{rel}","templated":true}]}}