{"id":15244,"date":"2025-01-19T14:17:12","date_gmt":"2025-01-19T14:17:12","guid":{"rendered":"https:\/\/www.hydraulic-cylinders.net\/product\/bucket-cylinder-for-caterpillar-large-excavator-e349dz\/"},"modified":"2025-01-19T14:17:14","modified_gmt":"2025-01-19T14:17:14","slug":"bucket-cylinder-for-caterpillar-large-excavator-e349dz","status":"publish","type":"product","link":"https:\/\/www.hydraulic-cylinders.net\/it\/prodotto\/bucket-cylinder-for-caterpillar-large-excavator-e349dz\/","title":{"rendered":"Cilindro della benna per escavatore grande Caterpillar E349DZ"},"content":{"rendered":"<h1>Cilindro della benna per escavatore grande Caterpillar E349DZ<\/h1>\n<h2>Introduzione<\/h2>\n<p>Un cilindro benna \u00e8 un cilindro idraulico appositamente progettato per controllare il movimento delle benne in macchinari pesanti come escavatori, terne e pale caricatrici frontali. La sua funzione principale \u00e8 quella di consentire alla benna di sollevarsi, abbassarsi e inclinarsi, facilitando la movimentazione di vari materiali. Nel sistema idraulico, il cilindro benna consente un controllo preciso del movimento della benna attraverso variazioni della pressione dell'olio idraulico, consentendo agli operatori di gestire in modo efficiente carichi pesanti e di adattarsi ad ambienti di lavoro complessi e a diverse esigenze operative.<\/p>\n<p><img decoding=\"async\" src=\"https:\/\/www.hydraulic-cylinders.net\/wp-content\/uploads\/2025\/01\/songte-company-2.webp\"><\/p>\n<h2>Caratteristiche<\/h2>\n<ul>\n<li>\n<h3>Elevata resistenza e durata<\/h3>\n<\/li>\n<p>I cilindri delle benne sono solitamente realizzati in acciaio ad alta resistenza o alluminio, in grado di sopportare pressioni elevate e carichi pesanti, adattarsi ad ambienti di lavoro difficili e sono progettati per garantire resistenza all'usura e alla corrosione, in modo da prolungarne la durata utile.<\/p>\n<li>\n<h3>Funzionamento idraulico efficiente<\/h3>\n<\/li>\n<p>I cilindri della benna sfruttano la pressione dell'olio idraulico per ottenere movimenti di estensione e contrazione fluidi e possono rispondere rapidamente ai comandi di controllo per fornire elevate forze di spinta e trazione, rendendoli adatti alla movimentazione di carichi pesanti e attivit\u00e0 operative complesse.<\/p>\n<li>\n<h3>Vari tipi<\/h3>\n<\/li>\n<p>I cilindri della benna possono essere selezionati in base alle esigenze operative, ad esempio a semplice effetto (con azionamento idraulico in una sola direzione) o a doppio effetto (con azionamento idraulico in entrambe le direzioni). Alcuni modelli sono telescopici, consentendo una maggiore estensione senza aumentare le dimensioni esterne, rendendoli adatti ad applicazioni con spazi limitati.<\/p>\n<li>\n<h3>Sostituzione compatibile<\/h3>\n<\/li>\n<p>I nostri prodotti possono sostituire perfettamente questi cilindri idraulici.<\/p>\n<\/ul>\n<p><img decoding=\"async\" src=\"https:\/\/www.hydraulic-cylinders.net\/wp-content\/uploads\/2025\/01\/songte-cylinder-head-with-all-kinds-excavator-models.webp\"><\/p>\n<h2>Applicazioni<\/h2>\n<p>I cilindri per benne sono ampiamente utilizzati in vari settori, come quello delle macchine edili, agricole, degli escavatori e delle pale caricatrici. Ecco alcuni esempi:<\/p>\n<ul>\n<li>\n<h3>Attrezzature per l'edilizia<\/h3>\n<\/li>\n<p>I cilindri delle benne sono essenziali per scavare, caricare e spostare terreno o detriti negli escavatori e nelle terne. Nelle pale caricatrici frontali, aiutano a sollevare e inclinare efficacemente i carichi.<\/p>\n<li>\n<h3>Macchine agricole<\/h3>\n<\/li>\n<p>I cilindri della benna vengono utilizzati nelle pale caricatrici frontali per raccogliere, sollevare e trasportare terra, fieno e altri materiali.<\/p>\n<li>\n<h3>Escavatori<\/h3>\n<\/li>\n<p>I cilindri della benna consentono lo scavo consentendo alla benna di penetrare nel terreno.<\/p>\n<li>\n<h3>Caricatori<\/h3>\n<\/li>\n<p>I cilindri della benna aiutano a sollevare e inclinare efficacemente le merci nelle pale caricatrici frontali.<\/p>\n<\/ul>\n<h2>Considerazioni progettuali e criteri di selezione<\/h2>\n<p>Nella scelta dei cilindri per benne, \u00e8 necessario considerare diversi fattori come capacit\u00e0 di carico, tenuta, durata, sicurezza e manutenibilit\u00e0. Ecco alcune considerazioni progettuali e criteri di selezione:<\/p>\n<ul>\n<li>\n<h3>Capacit\u00e0 di carico<\/h3>\n<\/li>\n<p>Il cilindro della benna deve essere in grado di sopportare il carico massimo che pu\u00f2 verificarsi durante il funzionamento.<\/p>\n<li>\n<h3>Sigillatura<\/h3>\n<\/li>\n<p>Il cilindro della benna deve avere una buona tenuta per evitare perdite di olio e garantire un funzionamento regolare.<\/p>\n<li>\n<h3>Durata<\/h3>\n<\/li>\n<p>Il cilindro della benna deve essere realizzato con materiali di alta qualit\u00e0 e durevoli per resistere all'ambiente di lavoro difficile e garantire una lunga durata.<\/p>\n<li>\n<h3>Sicurezza<\/h3>\n<\/li>\n<p>Il cilindro della benna deve essere dotato di dispositivi di sicurezza quali valvole di sicurezza e manometri per evitare sovraccarichi e garantire un funzionamento sicuro.<\/p>\n<li>\n<h3>Manutenibilit\u00e0<\/h3>\n<\/li>\n<p>Il cilindro della benna deve essere facile da manutenere e riparare e i pezzi di ricambio devono essere facilmente reperibili.<\/p>\n<\/ul>\n<p><img decoding=\"async\" src=\"https:\/\/www.hydraulic-cylinders.net\/wp-content\/uploads\/2025\/01\/songte-oil-pipes-and-spare-parts.webp\"><\/p>\n<h2>Sigillatura e lubrificazione<\/h2>\n<p>Nei cilindri a tazza \u00e8 necessario utilizzare vari componenti di tenuta, come guarnizioni per pistoni e steli, per prevenire perdite d'olio e garantire un funzionamento regolare. Le guarnizioni devono essere realizzate in materiali resistenti all'usura, come poliuretano e gomma nitrilica. Il corpo del cilindro e le superfici terminali della filettatura devono essere finemente lavorate per migliorare la resistenza all'usura. Il cilindro a tazza richiede una lubrificazione regolare con olio idraulico per garantire un funzionamento regolare. <\/p>\n<h2>Manutenzione e riparazione<\/h2>\n<p>Ispezioni regolari e interventi di manutenzione preventiva possono aiutare a prevenire potenziali problemi e prolungare la durata utile del cilindro della benna. Ecco tre comuni attivit\u00e0 di manutenzione:<\/p>\n<ul>\n<li>Ispezione regolare<\/li>\n<p>Controllare regolarmente eventuali perdite di olio, usura e altri problemi.<\/p>\n<li>Lubrificazione appropriata<\/li>\n<p>Assicurarsi che il cilindro della benna sia adeguatamente lubrificato con olio idraulico.<\/p>\n<li>Sostituzione della guarnizione e controllo della calibrazione<\/li>\n<p>Sostituire le guarnizioni usurate e controllare regolarmente la taratura per garantire prestazioni ottimali.<\/p>\n<\/ul>\n<p><img decoding=\"async\" src=\"https:\/\/www.hydraulic-cylinders.net\/wp-content\/uploads\/2025\/01\/songte-chushion-collar.webp\"><\/p>\n<h2>Considerazioni sulla sicurezza e sull'ambiente<\/h2>\n<p>\u00c8 necessario adottare misure di sicurezza durante l'utilizzo dei cilindri delle benne per prevenire incidenti. \u00c8 essenziale seguire le linee guida di sicurezza e utilizzare dispositivi di protezione individuale adeguati. \u00c8 inoltre necessario tenere conto delle considerazioni ambientali, come il corretto smaltimento dell'olio idraulico e di altri rifiuti.<\/p>\n<h2>Risoluzione dei problemi e problemi comuni<\/h2>\n<p>Ecco alcuni problemi comuni che possono verificarsi durante l'utilizzo dei cilindri della benna e alcuni suggerimenti per la risoluzione dei problemi:<\/p>\n<ul>\n<li>\n<h3>Perdita di olio<\/h3>\n<\/li>\n<p>Controllare che le guarnizioni non siano danneggiate e sostituirle se necessario.<\/p>\n<li>\n<h3>Operazione lenta<\/h3>\n<\/li>\n<p>Controllare che l'olio idraulico non sia insufficiente e, se necessario, rabboccarlo.<\/p>\n<li>\n<h3>rumore eccessivo<\/h3>\n<\/li>\n<p>Controllare che non vi siano componenti danneggiati o usurati e, se necessario, sostituirli.<\/p>\n<\/ul>\n<p><img decoding=\"async\" src=\"https:\/\/www.hydraulic-cylinders.net\/wp-content\/uploads\/2025\/01\/songte-bushings-with-all-kinds-of-excavator-models.webp\"><\/p>\n<h2>Informazioni sulla nostra azienda<\/h2>\n<p>Siamo produttori di cilindri idraulici di ricambio con una gamma completa di prodotti e siamo diventati uno dei principali produttori e distributori all'ingrosso di cilindri idraulici sul mercato nazionale e internazionale. Aderiamo al principio dell'eccellenza qualitativa e ci affidiamo a strategie di gestione della produzione industriale in officine di produzione di alta qualit\u00e0. La nostra azienda migliora costantemente la piattaforma produttiva dell'officina, perfeziona la linea di produzione per garantire la qualit\u00e0 dei prodotti e vanta una forte capacit\u00e0 creativa. Soddisfiamo le diverse esigenze dei nostri clienti con elevata efficienza, elevata precisione e standard qualitativi elevati.<\/p>\n<p><img decoding=\"async\" src=\"https:\/\/hzpt.com\/wp-content\/uploads\/2024\/11\/songte-company-1.webp\"><\/p>\n<h2>I nostri servizi<\/h2>\n<ul>\n<li>\n<h3>Professionalit\u00e0<\/h3>\n<\/li>\n<p>Disponiamo di un team di ingegneri e tecnici professionisti in grado di fornire soluzioni personalizzate per le vostre esigenze in fatto di cilindri idraulici.<\/p>\n<li>\n<h3>Certificazione internazionale<\/h3>\n<\/li>\n<p>Abbiamo ottenuto certificazioni internazionali come ISO9001, CE e SGS, che garantiscono che la qualit\u00e0 dei nostri prodotti soddisfa gli standard internazionali.<\/p>\n<li>\n<h3>Servizi di personalizzazione<\/h3>\n<\/li>\n<p>Offriamo servizi di personalizzazione per soddisfare le esigenze specifiche dei nostri clienti.<\/p>\n<li>\n<h3>Attrezzature di produzione avanzate<\/h3>\n<\/li>\n<p>Utilizziamo attrezzature di produzione e sistemi di collaudo all'avanguardia per garantire la qualit\u00e0 dei nostri prodotti.<\/p>\n<li>\n<h3>Servizio post-vendita<\/h3>\n<\/li>\n<p>Forniamo assistenza post-vendita e supporto tecnico per garantire le prestazioni a lungo termine dei nostri prodotti.<\/p>\n<\/ul>\n<p>Autore: lyl<\/p>","protected":false},"excerpt":{"rendered":"<p>Bucket Cylinder For Caterpillar Large Excavator E349DZ Introduction A bucket cylinder is a specially designed hydraulic cylinder that controls the movement of buckets in heavy machinery such as excavators, backhoe loaders, and front-end loaders. Its main function is to allow the bucket to lift, lower, and tilt, making it easier to handle various materials. In [&hellip;]<\/p>","protected":false},"featured_media":14778,"comment_status":"open","ping_status":"closed","template":"","meta":{"_et_pb_use_builder":"","_et_pb_old_content":"","_et_gb_content_width":""},"product_brand":[],"product_cat":[1494],"product_tag":[1495,1496],"class_list":{"0":"post-15244","1":"product","2":"type-product","3":"status-publish","4":"has-post-thumbnail","6":"product_cat-bucket-cylinders","7":"product_tag-bucket-cylinders","8":"product_tag-hydraulic-cylinders","10":"first","11":"instock","12":"shipping-taxable","13":"product-type-simple"},"amp_enabled":true,"_links":{"self":[{"href":"https:\/\/www.hydraulic-cylinders.net\/it\/wp-json\/wp\/v2\/product\/15244","targetHints":{"allow":["GET"]}}],"collection":[{"href":"https:\/\/www.hydraulic-cylinders.net\/it\/wp-json\/wp\/v2\/product"}],"about":[{"href":"https:\/\/www.hydraulic-cylinders.net\/it\/wp-json\/wp\/v2\/types\/product"}],"replies":[{"embeddable":true,"href":"https:\/\/www.hydraulic-cylinders.net\/it\/wp-json\/wp\/v2\/comments?post=15244"}],"wp:featuredmedia":[{"embeddable":true,"href":"https:\/\/www.hydraulic-cylinders.net\/it\/wp-json\/wp\/v2\/media\/14778"}],"wp:attachment":[{"href":"https:\/\/www.hydraulic-cylinders.net\/it\/wp-json\/wp\/v2\/media?parent=15244"}],"wp:term":[{"taxonomy":"product_brand","embeddable":true,"href":"https:\/\/www.hydraulic-cylinders.net\/it\/wp-json\/wp\/v2\/product_brand?post=15244"},{"taxonomy":"product_cat","embeddable":true,"href":"https:\/\/www.hydraulic-cylinders.net\/it\/wp-json\/wp\/v2\/product_cat?post=15244"},{"taxonomy":"product_tag","embeddable":true,"href":"https:\/\/www.hydraulic-cylinders.net\/it\/wp-json\/wp\/v2\/product_tag?post=15244"}],"curies":[{"name":"parola chiave","href":"https:\/\/api.w.org\/{rel}","templated":true}]}}