{"id":15248,"date":"2025-01-19T14:17:29","date_gmt":"2025-01-19T14:17:29","guid":{"rendered":"https:\/\/www.hydraulic-cylinders.net\/product\/bucket-cylinder-for-caterpillar-large-excavator-e330b330c\/"},"modified":"2025-01-19T14:17:31","modified_gmt":"2025-01-19T14:17:31","slug":"bucket-cylinder-for-caterpillar-large-excavator-e330b330c","status":"publish","type":"product","link":"https:\/\/www.hydraulic-cylinders.net\/it\/prodotto\/bucket-cylinder-for-caterpillar-large-excavator-e330b330c\/","title":{"rendered":"Cilindro della benna per escavatore grande Caterpillar E330B330C"},"content":{"rendered":"<h1>Cilindro della benna per escavatore grande Caterpillar E330B330C<\/h1>\n<h2>Introduzione<\/h2>\n<p>Un cilindro benna \u00e8 un cilindro idraulico appositamente progettato per controllare il movimento delle benne in macchinari pesanti come escavatori, terne e pale caricatrici frontali. La sua funzione principale \u00e8 quella di consentire il sollevamento, l'abbassamento e l'inclinazione della benna, rendendola comoda per diverse attivit\u00e0 di movimentazione dei materiali. Nel sistema idraulico, il cilindro benna garantisce un controllo preciso della benna sfruttando le variazioni della pressione dell'olio idraulico, consentendo agli operatori di gestire carichi pesanti in modo efficiente e di adattarsi ad ambienti di lavoro complessi e a diverse esigenze operative.<\/p>\n<p><img decoding=\"async\" src=\"https:\/\/www.hydraulic-cylinders.net\/wp-content\/uploads\/2025\/01\/songte-company-2.webp\"><\/p>\n<h2>Caratteristiche<\/h2>\n<ul>\n<li>Elevata resistenza e durata: solitamente realizzati in acciaio o alluminio ad alta resistenza, possono sopportare pressioni elevate e carichi pesanti, adattarsi ad ambienti di lavoro difficili ed essere progettati tenendo conto della resistenza all'usura e alla corrosione, prolungandone la durata utile.<\/li>\n<li>Funzionamento idraulico efficiente: sfruttando la pressione dell'olio idraulico, consente movimenti telescopici fluidi, risponde rapidamente ai comandi di controllo, fornisce potenti forze di spinta e trazione ed \u00e8 adatto alla movimentazione di carichi pesanti e attivit\u00e0 operative complesse.<\/li>\n<li>Diverse tipologie: disponibili come cilindri a semplice effetto (l'idraulica viene utilizzata in una sola direzione) o a doppio effetto (l'idraulica viene utilizzata in entrambe le direzioni), a seconda delle esigenze operative. Alcuni modelli sono telescopici, consentendo una maggiore estensione senza aumentare le dimensioni esterne, rendendoli adatti ad applicazioni con spazio limitato.<\/li>\n<li>Sostituzione perfetta: il nostro prodotto pu\u00f2 sostituire perfettamente questi cilindri idraulici.<\/li>\n<\/ul>\n<p><img decoding=\"async\" src=\"https:\/\/www.hydraulic-cylinders.net\/wp-content\/uploads\/2025\/01\/songte-cylinder-head-with-all-kinds-excavator-models.webp\"><\/p>\n<h2>Applicazioni<\/h2>\n<p>Il cilindro della benna trova applicazione in diverse attrezzature:<\/p>\n<ul>\n<li>Macchine edili: presenti negli escavatori, sono fondamentali per lo scavo, il carico e lo spostamento di terreno o detriti. Nelle terne, il cilindro della benna agevola sia lo scavo che il sollevamento.<\/li>\n<li>Macchine agricole: utilizzate nelle pale caricatrici frontali per scavare, sollevare e trasportare terra, fieno e altri materiali.<\/li>\n<li>Escavatori: il cilindro della benna consente di effettuare azioni di scavo consentendo alla benna di penetrare nel terreno.<\/li>\n<li>Caricatori: nei caricatori frontali, facilitano il sollevamento e lo scarico efficiente delle merci.<\/li>\n<\/ul>\n<h2>Considerazioni progettuali e criteri di selezione<\/h2>\n<p>Quando si tratta di considerazioni progettuali e criteri di selezione del cilindro della benna, \u00e8 necessario tenere conto di diversi fattori:<\/p>\n<ul>\n<li>Capacit\u00e0 portante: il cilindro deve essere progettato per gestire il carico richiesto in modo sicuro e affidabile.<\/li>\n<li>Tenuta: per garantire una tenuta efficace, vengono utilizzate varie guarnizioni, come quelle per pistoni e steli, realizzate in materiali resistenti all'usura come poliuretano e gomma nitrilica. Il corpo del cilindro e le estremit\u00e0 filettate sono finemente trattati per migliorarne la resistenza all'usura.<\/li>\n<li>Durata: il cilindro deve essere progettato per resistere alle difficolt\u00e0 dell'ambiente operativo e garantire prestazioni durature.<\/li>\n<li>Sicurezza: nella progettazione devono essere integrate caratteristiche di sicurezza per prevenire incidenti e garantire la sicurezza dell'operatore.<\/li>\n<li>Manutenibilit\u00e0: il cilindro deve essere progettato per una facile manutenzione, consentendo un'ispezione, una lubrificazione e una sostituzione agevoli delle parti.<\/li>\n<\/ul>\n<p><img decoding=\"async\" src=\"https:\/\/www.hydraulic-cylinders.net\/wp-content\/uploads\/2025\/01\/songte-oil-pipes-and-spare-parts.webp\"><\/p>\n<h2>Sigillatura e lubrificazione<\/h2>\n<p>Il cilindro della benna utilizza diverse guarnizioni, come guarnizioni per pistone e guarnizioni per stelo, realizzate in materiali resistenti all'usura come poliuretano e gomma nitrilica. Il corpo del cilindro e le estremit\u00e0 filettate sono finemente trattati per aumentarne la resistenza all'usura. Una lubrificazione regolare \u00e8 necessaria per garantire un funzionamento regolare. Si consiglia di aggiungere regolarmente una quantit\u00e0 adeguata di olio idraulico per la lubrificazione.<\/p>\n<h2>Ispezione regolare e manutenzione preventiva<\/h2>\n<p>Per mantenere le prestazioni ottimali del cilindro della benna, \u00e8 essenziale sottoporlo a ispezioni regolari e a manutenzione preventiva. Ecco alcuni accorgimenti suggeriti:<\/p>\n<ul>\n<li>Ispezionare regolarmente il cilindro per verificare eventuali segni di usura, perdite o danni.<\/li>\n<li>Assicurare una lubrificazione adeguata secondo le istruzioni del produttore.<\/li>\n<li>Se necessario, sostituire le guarnizioni per mantenere una tenuta efficace.<\/li>\n<li>Eseguire controlli di calibrazione per garantire un funzionamento preciso.<\/li>\n<\/ul>\n<p><img decoding=\"async\" src=\"https:\/\/www.hydraulic-cylinders.net\/wp-content\/uploads\/2025\/01\/songte-chushion-collar.webp\"><\/p>\n<h2>Considerazioni sulla sicurezza e fattori ambientali<\/h2>\n<p>Durante l'utilizzo del cilindro della benna, le misure di sicurezza sono di fondamentale importanza. Gli operatori devono attenersi alle linee guida e alle precauzioni di sicurezza per prevenire incidenti e garantire un ambiente di lavoro sicuro. Inoltre, \u00e8 essenziale considerare fattori ambientali come il corretto smaltimento dei rifiuti e il rispetto delle normative per ridurre al minimo qualsiasi impatto negativo.<\/p>\n<h2>Risoluzione dei problemi e problemi comuni<\/h2>\n<p>Nonostante la loro durevolezza, i cilindri delle benne possono presentare problemi. Ecco alcuni problemi comuni e suggerimenti per la risoluzione dei problemi:<\/p>\n<ul>\n<li>Problema: Perdita Soluzione: Ispezionare e sostituire le guarnizioni se necessario.<\/li>\n<li>Problema: movimento lento o non reattivo Soluzione: controllare il livello del fluido idraulico e garantire una corretta lubrificazione.<\/li>\n<li>Problema: rumore anomalo Soluzione: verificare la presenza di parti allentate o usurate e serrarle o sostituirle di conseguenza.<\/li>\n<\/ul>\n<p><img decoding=\"async\" src=\"https:\/\/www.hydraulic-cylinders.net\/wp-content\/uploads\/2025\/01\/songte-bushings-with-all-kinds-of-excavator-models.webp\"><\/p>\n<p>Seguendo le corrette procedure di installazione, lubrificazione e regolazione, i lettori possono diagnosticare e risolvere efficacemente i problemi e implementare misure preventive per ridurre al minimo i potenziali problemi, garantendo la longevit\u00e0 del cilindro della benna.<\/p>\n<h2>Informazioni sulla nostra azienda<\/h2>\n<p>Siamo un'azienda leader nella produzione e distribuzione all'ingrosso di cilindri idraulici sia sul mercato nazionale che internazionale. La nostra azienda offre un'ampia gamma di prodotti e si impegna a garantire l'eccellenza qualitativa. Grazie a impianti di produzione all'avanguardia, un team di professionisti qualificati e un'attenzione particolare alla soddisfazione del cliente, ci impegniamo a soddisfare le diverse esigenze dei clienti con elevata efficienza, precisione e qualit\u00e0.<\/p>\n<p><img decoding=\"async\" src=\"https:\/\/www.hydraulic-cylinders.net\/wp-content\/uploads\/2025\/01\/songte-company-3.webp\"><\/p>\n<p>La nostra azienda si distingue per professionalit\u00e0, certificazioni internazionali, servizi personalizzati, attrezzature di produzione all'avanguardia e un servizio post-vendita completo. Diamo priorit\u00e0 ai pi\u00f9 elevati standard qualitativi in \u200b\u200bogni aspetto delle nostre attivit\u00e0 per garantire la soddisfazione del cliente.<\/p>\n<p>Autore: lyl<\/p>","protected":false},"excerpt":{"rendered":"<p>Bucket Cylinder For Caterpillar Large Excavator E330B330C Introduction A bucket cylinder is a specially designed hydraulic cylinder that is used to control the movement of buckets in heavy machinery such as excavators, backhoe loaders, and front-end loaders. Its main function is to enable the lifting, lowering, and tilting of the bucket, making it convenient for [&hellip;]<\/p>","protected":false},"featured_media":14769,"comment_status":"open","ping_status":"closed","template":"","meta":{"_et_pb_use_builder":"","_et_pb_old_content":"","_et_gb_content_width":""},"product_brand":[],"product_cat":[1494],"product_tag":[1495,1496],"class_list":{"0":"post-15248","1":"product","2":"type-product","3":"status-publish","4":"has-post-thumbnail","6":"product_cat-bucket-cylinders","7":"product_tag-bucket-cylinders","8":"product_tag-hydraulic-cylinders","10":"first","11":"instock","12":"shipping-taxable","13":"product-type-simple"},"amp_enabled":true,"_links":{"self":[{"href":"https:\/\/www.hydraulic-cylinders.net\/it\/wp-json\/wp\/v2\/product\/15248","targetHints":{"allow":["GET"]}}],"collection":[{"href":"https:\/\/www.hydraulic-cylinders.net\/it\/wp-json\/wp\/v2\/product"}],"about":[{"href":"https:\/\/www.hydraulic-cylinders.net\/it\/wp-json\/wp\/v2\/types\/product"}],"replies":[{"embeddable":true,"href":"https:\/\/www.hydraulic-cylinders.net\/it\/wp-json\/wp\/v2\/comments?post=15248"}],"wp:featuredmedia":[{"embeddable":true,"href":"https:\/\/www.hydraulic-cylinders.net\/it\/wp-json\/wp\/v2\/media\/14769"}],"wp:attachment":[{"href":"https:\/\/www.hydraulic-cylinders.net\/it\/wp-json\/wp\/v2\/media?parent=15248"}],"wp:term":[{"taxonomy":"product_brand","embeddable":true,"href":"https:\/\/www.hydraulic-cylinders.net\/it\/wp-json\/wp\/v2\/product_brand?post=15248"},{"taxonomy":"product_cat","embeddable":true,"href":"https:\/\/www.hydraulic-cylinders.net\/it\/wp-json\/wp\/v2\/product_cat?post=15248"},{"taxonomy":"product_tag","embeddable":true,"href":"https:\/\/www.hydraulic-cylinders.net\/it\/wp-json\/wp\/v2\/product_tag?post=15248"}],"curies":[{"name":"parola chiave","href":"https:\/\/api.w.org\/{rel}","templated":true}]}}