{"id":15251,"date":"2025-01-19T14:17:41","date_gmt":"2025-01-19T14:17:41","guid":{"rendered":"https:\/\/www.hydraulic-cylinders.net\/product\/bucket-cylinder-for-caterpillar-large-excavator-d2l-374dl\/"},"modified":"2025-01-19T14:17:43","modified_gmt":"2025-01-19T14:17:43","slug":"bucket-cylinder-for-caterpillar-large-excavator-d2l-374dl","status":"publish","type":"product","link":"https:\/\/www.hydraulic-cylinders.net\/it\/prodotto\/bucket-cylinder-for-caterpillar-large-excavator-d2l-374dl\/","title":{"rendered":"Cilindro della benna per escavatore grande Caterpillar D2L\/374DL"},"content":{"rendered":"<h1>Cilindro della benna per escavatore grande Caterpillar D2L\/374DL<\/h1>\n<h2>Introduzione<\/h2>\n<p>Il cilindro della benna per l'escavatore di grandi dimensioni Caterpillar D2L\/374DL \u00e8 un cilindro idraulico specializzato progettato per controllare il movimento della benna in macchinari pesanti come escavatori, terne e pale caricatrici frontali. La sua funzione principale \u00e8 quella di consentire il sollevamento, l'abbassamento e l'inclinazione della benna, facilitando la gestione di diverse attivit\u00e0 di movimentazione dei materiali. In un sistema idraulico, il cilindro della benna consente un controllo preciso della benna sfruttando le variazioni della pressione dell'olio idraulico, consentendo agli operatori di gestire in modo efficiente carichi pesanti e di adattarsi ad ambienti di lavoro complessi e a diverse esigenze operative.<\/p>\n<p><img decoding=\"async\" src=\"https:\/\/www.hydraulic-cylinders.net\/wp-content\/uploads\/2025\/01\/songte-company-2.webp\" alt=\"Immagine del cilindro del secchio\"><\/p>\n<h2>Caratteristiche<\/h2>\n<ul>\n<li>Elevata resistenza e durata: solitamente realizzato in acciaio o alluminio ad alta resistenza, il cilindro della benna \u00e8 in grado di sopportare pressioni elevate e carichi pesanti, adattandosi ad ambienti di lavoro difficili. Il suo design tiene conto di fattori quali la resistenza all'usura e alla corrosione, prolungandone la durata utile.<\/li>\n<li>Funzionamento idraulico efficiente: utilizzando la pressione dell'olio idraulico, il cilindro della benna esegue movimenti di estensione e retrazione fluidi, consentendo una risposta rapida ai comandi di controllo e fornendo potenti forze di spinta e trazione, adatte alla movimentazione di carichi pesanti e attivit\u00e0 di lavoro complesse.<\/li>\n<li>Varie tipologie: il cilindro pu\u00f2 essere selezionato a semplice effetto (potenza idraulica utilizzata in una sola direzione) o a doppio effetto (potenza idraulica utilizzata in entrambe le direzioni) in base alle esigenze operative. Alcuni modelli sono telescopici, consentendo una maggiore estensione senza aumentare le dimensioni esterne, rendendoli adatti ad applicazioni con spazio limitato.<\/li>\n<li>Sostituzione perfetta: il nostro prodotto pu\u00f2 sostituire perfettamente questi cilindri idraulici.<\/li>\n<\/ul>\n<p><img decoding=\"async\" src=\"https:\/\/www.hydraulic-cylinders.net\/wp-content\/uploads\/2025\/01\/songte-cylinder-head-with-all-kinds-excavator-models.webp\" alt=\"Immagine del cilindro di ricambio\"><\/p>\n<h2>Applicazioni<\/h2>\n<h3>Attrezzature per l'edilizia:<\/h3>\n<p>Negli escavatori, sono fondamentali per scavare, caricare e spostare terreno o detriti. Nelle terne, il cilindro della benna agevola sia lo scavo che il sollevamento.<\/p>\n<h3>Macchine agricole:<\/h3>\n<p>Utilizzato nelle pale caricatrici frontali per raccogliere, sollevare e trasportare terra, fieno e altri materiali.<\/p>\n<h3>Escavatori:<\/h3>\n<p>Il cilindro della benna consente di effettuare azioni di scavo consentendo alla benna di penetrare nel terreno.<\/p>\n<h3>Caricatori:<\/h3>\n<p>Nei caricatori frontali, aiutano a sollevare e scaricare il carico in modo efficiente.<\/p>\n<h2>Considerazioni progettuali e criteri di selezione<\/h2>\n<ul>\n<li>Capacit\u00e0 portante: il cilindro \u00e8 progettato per sopportare la capacit\u00e0 di carico richiesta.<\/li>\n<li>Tenuta: per garantire una tenuta efficace vengono utilizzati vari componenti di tenuta, come guarnizioni per pistoni e steli. Sono realizzati in materiali resistenti all'usura come poliuretano e gomma nitrilica.<\/li>\n<li>Durata: il corpo del cilindro e le estremit\u00e0 filettate sono sottoposti a un trattamento accurato per migliorarne la resistenza all'usura.<\/li>\n<li>Sicurezza: durante la progettazione vengono prese in considerazione misure di sicurezza per garantire un funzionamento sicuro.<\/li>\n<li>Manutenzione: il cilindro richiede una lubrificazione regolare con la quantit\u00e0 appropriata di olio idraulico.<\/li>\n<\/ul>\n<p><img decoding=\"async\" src=\"https:\/\/www.hydraulic-cylinders.net\/wp-content\/uploads\/2025\/01\/songte-oil-pipes-and-spare-parts.webp\" alt=\"Immagine delle parti del cilindro idraulico\"><\/p>\n<h2>Manutenzione e misure preventive<\/h2>\n<ul>\n<li>Ispezioni regolari<\/li>\n<li>Lubrificazione appropriata<\/li>\n<li>Sostituzione delle guarnizioni<\/li>\n<li>Controlli di calibrazione<\/li>\n<\/ul>\n<p><img decoding=\"async\" src=\"https:\/\/www.hydraulic-cylinders.net\/wp-content\/uploads\/2025\/01\/songte-chushion-collar.webp\" alt=\"Immagine di manutenzione del cilindro idraulico\"><\/p>\n<h2>Considerazioni sulla sicurezza e fattori ambientali<\/h2>\n<p>Durante l'utilizzo del cilindro della benna, \u00e8 necessario adottare misure di sicurezza per garantire un ambiente di lavoro sicuro. Per prestazioni ottimali, \u00e8 necessario considerare anche fattori ambientali come temperatura e umidit\u00e0.<\/p>\n<h2>Risoluzione dei problemi e problemi comuni<\/h2>\n<p>Diagnosi dei guasti e problemi comuni relativi al cilindro della benna:<\/p>\n<ul>\n<li>Perdita<\/li>\n<li>Scarsa prestazione<\/li>\n<li>Rumori insoliti<\/li>\n<\/ul>\n<p><img decoding=\"async\" src=\"https:\/\/www.hydraulic-cylinders.net\/wp-content\/uploads\/2025\/01\/songte-bushings-with-all-kinds-of-excavator-models.webp\" alt=\"Immagine delle boccole del cilindro della benna\"><\/p>\n<h2>Suggerimenti e soluzioni per la manutenzione<\/h2>\n<p>Fornire suggerimenti e soluzioni per diagnosticare e risolvere efficacemente i problemi, nonch\u00e9 misure preventive per ridurre al minimo i potenziali problemi.<\/p>\n<h2>Guida all'installazione<\/h2>\n<p>Fornisce una guida completa per la corretta installazione del cilindro della benna.<\/p>\n<h2>Attivit\u00e0 di manutenzione ordinaria<\/h2>\n<p>Elenca tre comuni attivit\u00e0 di manutenzione: ispezioni regolari, corretta lubrificazione e sostituzione delle guarnizioni. Evidenzia l'importanza di una corretta installazione, lubrificazione e regolazione. Fornisce indicazioni sull'allineamento del cilindro durante l'installazione e raccomanda l'uso di staffe di installazione appropriate per il fissaggio del cilindro. Raccomanda procedure di ispezione, riparazione e sostituzione. Offre suggerimenti per prolungare la durata del cilindro della benna.<\/p>\n<p><img decoding=\"async\" src=\"https:\/\/www.hydraulic-cylinders.net\/wp-content\/uploads\/2025\/01\/songte-company-1.webp\" alt=\"Immagine aziendale\"><\/p>\n<h2>Informazioni sulla nostra azienda<\/h2>\n<p>Siamo produttori di cilindri idraulici di ricambio e offriamo un'ampia gamma di prodotti. Siamo diventati uno dei principali produttori e distributori all'ingrosso di cilindri idraulici sul mercato nazionale e internazionale. Aderiamo a principi di eccellenza e ci affidiamo a strategie di gestione della produzione industrializzata nei nostri sofisticati laboratori di produzione. Concentrandoci su talenti tecnologici, attrezzature di produzione digitale avanzate e sistemi di collaudo professionali, miglioriamo costantemente la nostra piattaforma produttiva e perfezioniamo il percorso produttivo per garantire la qualit\u00e0 del prodotto. Abbiamo una forte capacit\u00e0 creativa e ci impegniamo a soddisfare le diverse esigenze dei clienti con principi di elevata efficienza, elevata precisione e alta qualit\u00e0.<\/p>\n<p><img decoding=\"async\" src=\"https:\/\/www.hydraulic-cylinders.net\/wp-content\/uploads\/2025\/01\/songte-company-3.webp\" alt=\"Immagine aziendale\"><\/p>\n<p>Siamo orgogliosi della nostra professionalit\u00e0, delle certificazioni internazionali, dei servizi personalizzati, delle attrezzature di produzione e dei servizi post-vendita.<\/p>\n<p>Autore: lyl<\/p>","protected":false},"excerpt":{"rendered":"<p>Bucket Cylinder For Caterpillar Large Excavator D2L\/374DL Introduction The bucket cylinder for Caterpillar large excavator D2L\/374DL is a specialized hydraulic cylinder designed to control the movement of the bucket in heavy machinery such as excavators, backhoe loaders, and front loaders. Its main function is to enable the lifting, lowering, and tilting of the bucket, making [&hellip;]<\/p>","protected":false},"featured_media":14761,"comment_status":"open","ping_status":"closed","template":"","meta":{"_et_pb_use_builder":"","_et_pb_old_content":"","_et_gb_content_width":""},"product_brand":[],"product_cat":[1494],"product_tag":[1495,1496],"class_list":{"0":"post-15251","1":"product","2":"type-product","3":"status-publish","4":"has-post-thumbnail","6":"product_cat-bucket-cylinders","7":"product_tag-bucket-cylinders","8":"product_tag-hydraulic-cylinders","10":"first","11":"instock","12":"shipping-taxable","13":"product-type-simple"},"amp_enabled":true,"_links":{"self":[{"href":"https:\/\/www.hydraulic-cylinders.net\/it\/wp-json\/wp\/v2\/product\/15251","targetHints":{"allow":["GET"]}}],"collection":[{"href":"https:\/\/www.hydraulic-cylinders.net\/it\/wp-json\/wp\/v2\/product"}],"about":[{"href":"https:\/\/www.hydraulic-cylinders.net\/it\/wp-json\/wp\/v2\/types\/product"}],"replies":[{"embeddable":true,"href":"https:\/\/www.hydraulic-cylinders.net\/it\/wp-json\/wp\/v2\/comments?post=15251"}],"wp:featuredmedia":[{"embeddable":true,"href":"https:\/\/www.hydraulic-cylinders.net\/it\/wp-json\/wp\/v2\/media\/14761"}],"wp:attachment":[{"href":"https:\/\/www.hydraulic-cylinders.net\/it\/wp-json\/wp\/v2\/media?parent=15251"}],"wp:term":[{"taxonomy":"product_brand","embeddable":true,"href":"https:\/\/www.hydraulic-cylinders.net\/it\/wp-json\/wp\/v2\/product_brand?post=15251"},{"taxonomy":"product_cat","embeddable":true,"href":"https:\/\/www.hydraulic-cylinders.net\/it\/wp-json\/wp\/v2\/product_cat?post=15251"},{"taxonomy":"product_tag","embeddable":true,"href":"https:\/\/www.hydraulic-cylinders.net\/it\/wp-json\/wp\/v2\/product_tag?post=15251"}],"curies":[{"name":"parola chiave","href":"https:\/\/api.w.org\/{rel}","templated":true}]}}