{"id":15276,"date":"2025-01-19T14:19:36","date_gmt":"2025-01-19T14:19:36","guid":{"rendered":"https:\/\/www.hydraulic-cylinders.net\/product\/bucket-cylinder-for-doosan-middle-excavator-dh220-3-5-7\/"},"modified":"2025-01-19T14:19:38","modified_gmt":"2025-01-19T14:19:38","slug":"bucket-cylinder-for-doosan-middle-excavator-dh220-3-5-7","status":"publish","type":"product","link":"https:\/\/www.hydraulic-cylinders.net\/it\/prodotto\/bucket-cylinder-for-doosan-middle-excavator-dh220-3-5-7\/","title":{"rendered":"Cilindro della benna per escavatore medio Doosan DH220-3-5-7"},"content":{"rendered":"<h1>Cilindro della benna per escavatore medio Doosan DH220-3-5-7<\/h1>\n<h2>Introduzione<\/h2>\n<p>Il cilindro della benna \u00e8 un cilindro idraulico appositamente progettato per controllare il movimento della benna in macchinari pesanti come escavatori, terne e pale caricatrici frontali. La sua funzione principale \u00e8 quella di consentire alla benna di sollevarsi, abbassarsi e inclinarsi, facilitando la gestione di diverse attivit\u00e0 di movimentazione dei materiali. Nel sistema idraulico, il cilindro della benna consente un controllo preciso della benna attraverso variazioni della pressione dell'olio idraulico, consentendo all'operatore di gestire carichi pesanti in modo efficiente e di adattarsi ad ambienti di lavoro complessi e a diverse esigenze operative.<\/p>\n<p><img decoding=\"async\" src=\"https:\/\/www.hydraulic-cylinders.net\/wp-content\/uploads\/2025\/01\/songte-company-2.webp\" alt=\"Immagine del cilindro del secchio\"><\/p>\n<h2>Caratteristiche<\/h2>\n<ul>\n<li>Elevata resistenza e durata: solitamente realizzati in acciaio o alluminio ad alta resistenza, possono sopportare pressioni elevate e carichi pesanti, sono adatti ad ambienti di lavoro difficili e sono progettati tenendo conto della resistenza all'usura e alla corrosione per prolungarne la durata utile. <\/li>\n<li>Funzionamento idraulico efficiente: l'azione telescopica fluida \u00e8 ottenuta utilizzando la pressione dell'olio idraulico, una risposta rapida ai comandi di controllo e fornendo potenti forze di spinta e trazione, rendendolo adatto alla movimentazione di carichi pesanti e lavori complessi. <\/li>\n<li>Diverse tipologie: \u00e8 possibile scegliere tra cilindri a semplice effetto (idraulici utilizzati in una sola direzione) o a doppio effetto (idraulici utilizzati in due direzioni) per soddisfare diverse esigenze operative. Alcuni modelli sono telescopici, consentendo una maggiore estensione senza aumentare le dimensioni esterne, rendendoli adatti ad applicazioni con spazio limitato. <\/li>\n<li>Perfettamente sostituibili: i nostri prodotti possono sostituire perfettamente questi cilindri idraulici.<\/li>\n<li>Disponibili progettazione e produzione personalizzate.<\/li>\n<\/ul>\n<p><img decoding=\"async\" src=\"https:\/\/www.hydraulic-cylinders.net\/wp-content\/uploads\/2025\/01\/songte-cylinder-head-with-all-kinds-excavator-models.webp\" alt=\"Immagine di sostituzione del cilindro della benna\"><\/p>\n<h2>Applicazioni<\/h2>\n<p>I cilindri delle benne vengono utilizzati in vari macchinari e attrezzature edili e agricole, tra cui:<\/p>\n<ul>\n<li>Escavatori: i cilindri della benna consentono alla benna di penetrare nel terreno per realizzare azioni di scavo. <\/li>\n<li>Caricatori frontali: aiutano a sollevare e inclinare le merci in modo efficace.<\/li>\n<li>Escavatori posteriori: i cilindri della benna aiutano sia nelle operazioni di scavo che di sollevamento.<\/li>\n<li>Macchine agricole: utilizzate come caricatori frontali, per la raccolta, il sollevamento e il trasporto di terra, fieno e altri materiali.<\/li>\n<\/ul>\n<h2>Considerazioni progettuali e criteri di selezione<\/h2>\n<p>Quando si prendono in considerazione i criteri di progettazione e selezione dei cilindri a tazza, ci sono diversi fattori da considerare:<\/p>\n<ul>\n<li>Capacit\u00e0 portante: il cilindro deve essere sufficientemente robusto da sopportare il peso della macchina e resistere ai carichi dinamici che si verificano durante il funzionamento. <\/li>\n<li>Tenuta: il cilindro deve essere ben sigillato per evitare perdite di olio e garantire un funzionamento efficiente.<\/li>\n<li>Durata: il cilindro deve essere durevole e in grado di resistere alle difficili condizioni dell'ambiente di lavoro per prolungarne la durata utile. <\/li>\n<li>Sicurezza: il cilindro deve essere dotato di dispositivi di sicurezza che prevengano gli incidenti e proteggano gli operatori e le attrezzature. <\/li>\n<li>Manutenzione: il cilindro deve essere facile da manutenere e riparare per ridurre al minimo i tempi di fermo.<\/li>\n<\/ul>\n<p><img decoding=\"async\" src=\"https:\/\/www.hydraulic-cylinders.net\/wp-content\/uploads\/2025\/01\/songte-oil-pipes-and-spare-parts.webp\" alt=\"Immagine delle parti del cilindro della benna\"><\/p>\n<h2>Sigillatura e lubrificazione<\/h2>\n<p>Per i cilindri a tazza vengono utilizzati vari componenti di tenuta, come guarnizioni per pistoni e steli. Le guarnizioni sono realizzate in materiali resistenti all'usura come poliuretano e gomma nitrilica. Il corpo del cilindro e le superfici terminali filettate sono accuratamente trattati per migliorarne la resistenza all'usura. \u00c8 necessario aggiungere regolarmente una quantit\u00e0 adeguata di olio idraulico al cilindro per lubrificarlo e mantenerne il corretto funzionamento.<\/p>\n<h2>Manutenzione e riparazione<\/h2>\n<p>Per garantire il corretto funzionamento dei cilindri della benna \u00e8 essenziale una manutenzione regolare. \u00c8 necessario eseguire le seguenti operazioni:<\/p>\n<ul>\n<li>Ispezione regolare: verificare la presenza di danni, usura e perdite d'olio.<\/li>\n<li>Lubrificazione: applicare lubrificante alle parti mobili per garantirne il corretto funzionamento.<\/li>\n<li>Sostituzione delle guarnizioni: sostituire le guarnizioni usurate o danneggiate per evitare perdite di olio e garantire un corretto funzionamento.<\/li>\n<li>Controlli di calibrazione: assicurarsi che il cilindro sia correttamente calibrato e regolato e che tutti i componenti funzionino correttamente.<\/li>\n<\/ul>\n<p><img decoding=\"async\" src=\"https:\/\/www.hydraulic-cylinders.net\/wp-content\/uploads\/2025\/01\/songte-chushion-collar.webp\" alt=\"Immagine del collare del cilindro della benna\"><\/p>\n<h2>Considerazioni sulla sicurezza e sull'ambiente<\/h2>\n<p>Quando si utilizzano i cilindri delle benne, \u00e8 necessario adottare misure di sicurezza per prevenire incidenti. Gli operatori devono evitare di sovraccaricare il cilindro e ispezionarlo regolarmente per verificare la presenza di segni di usura e danni. Inoltre, \u00e8 importante smaltire correttamente l'olio idraulico usato o altri materiali pericolosi.<\/p>\n<h2>Problemi comuni e risoluzione dei problemi<\/h2>\n<p>Alcuni problemi comuni che possono verificarsi con i cilindri delle benne includono perdite d'olio, danni alle guarnizioni e funzionamento improprio. In questi casi, \u00e8 importante ispezionare il cilindro per individuare eventuali segni di usura e danni e sostituire i componenti se necessario. Una manutenzione e un'ispezione regolari possono contribuire a prevenire il verificarsi di questi problemi.<\/p>\n<p><img decoding=\"async\" src=\"https:\/\/www.hydraulic-cylinders.net\/wp-content\/uploads\/2025\/01\/songte-bushings-with-all-kinds-of-excavator-models.webp\" alt=\"Immagine delle boccole del cilindro della benna\"><\/p>\n<h2>Informazioni sulla nostra azienda<\/h2>\n<p>La nostra azienda \u00e8 produttrice di cilindri idraulici di ricambio, offre un'ampia variet\u00e0 di prodotti ed \u00e8 diventata uno dei principali produttori e distributori all'ingrosso di cilindri idraulici sul mercato nazionale e internazionale. Seguiamo il principio dell'eccellente qualit\u00e0, ci affidiamo alla strategia di gestione della produzione industrializzata dei nostri sofisticati laboratori di produzione, miglioriamo costantemente la piattaforma produttiva, perfezioniamo i processi produttivi per garantire la qualit\u00e0 del prodotto e vantiamo una forte capacit\u00e0 creativa per soddisfare le diverse esigenze dei clienti con elevata efficienza, precisione e qualit\u00e0.<\/p>\n<h3>Professionalit\u00e0<\/h3>\n<p>Il nostro team di professionisti \u00e8 competente ed esperto e fornisce ai clienti prodotti e servizi della massima qualit\u00e0.<\/p>\n<h3>Certificazione internazionale<\/h3>\n<p>I nostri prodotti hanno ottenuto certificazioni internazionali come ISO9001 e CE, garantendo qualit\u00e0 e affidabilit\u00e0.<\/p>\n<h3>Servizi personalizzati<\/h3>\n<p>Forniamo servizi personalizzati per soddisfare le esigenze specifiche dei clienti e offriamo soluzioni su misura.<\/p>\n<h3>Attrezzature di produzione avanzate<\/h3>\n<p>Utilizziamo attrezzature di produzione all'avanguardia per garantire una produzione ed una fabbricazione efficienti e di alta qualit\u00e0.<\/p>\n<h3>Servizio post-vendita<\/h3>\n<p>Forniamo un eccellente servizio di assistenza e supporto post-vendita, garantendo la soddisfazione e la fedelt\u00e0 del cliente.<\/p>\n<p><img decoding=\"async\" src=\"https:\/\/hzpt.com\/wp-content\/uploads\/2024\/11\/songte-company-1.webp\" alt=\"Immagine aziendale\"><\/p>\n<p>Autore: lyl.<\/p>","protected":false},"excerpt":{"rendered":"<p>Bucket Cylinder For Doosan Middle Excavator DH220-3-5-7 Introduction The bucket cylinder is a specially designed hydraulic cylinder used to control the movement of the bucket in heavy machinery such as excavators, backhoes, and front loaders. Its main function is to allow the bucket to lift, lower, and tilt, making it easier to handle various material [&hellip;]<\/p>","protected":false},"featured_media":14773,"comment_status":"open","ping_status":"closed","template":"","meta":{"_et_pb_use_builder":"","_et_pb_old_content":"","_et_gb_content_width":""},"product_brand":[],"product_cat":[1494],"product_tag":[1495,1496],"class_list":{"0":"post-15276","1":"product","2":"type-product","3":"status-publish","4":"has-post-thumbnail","6":"product_cat-bucket-cylinders","7":"product_tag-bucket-cylinders","8":"product_tag-hydraulic-cylinders","10":"first","11":"instock","12":"shipping-taxable","13":"product-type-simple"},"amp_enabled":true,"_links":{"self":[{"href":"https:\/\/www.hydraulic-cylinders.net\/it\/wp-json\/wp\/v2\/product\/15276","targetHints":{"allow":["GET"]}}],"collection":[{"href":"https:\/\/www.hydraulic-cylinders.net\/it\/wp-json\/wp\/v2\/product"}],"about":[{"href":"https:\/\/www.hydraulic-cylinders.net\/it\/wp-json\/wp\/v2\/types\/product"}],"replies":[{"embeddable":true,"href":"https:\/\/www.hydraulic-cylinders.net\/it\/wp-json\/wp\/v2\/comments?post=15276"}],"wp:featuredmedia":[{"embeddable":true,"href":"https:\/\/www.hydraulic-cylinders.net\/it\/wp-json\/wp\/v2\/media\/14773"}],"wp:attachment":[{"href":"https:\/\/www.hydraulic-cylinders.net\/it\/wp-json\/wp\/v2\/media?parent=15276"}],"wp:term":[{"taxonomy":"product_brand","embeddable":true,"href":"https:\/\/www.hydraulic-cylinders.net\/it\/wp-json\/wp\/v2\/product_brand?post=15276"},{"taxonomy":"product_cat","embeddable":true,"href":"https:\/\/www.hydraulic-cylinders.net\/it\/wp-json\/wp\/v2\/product_cat?post=15276"},{"taxonomy":"product_tag","embeddable":true,"href":"https:\/\/www.hydraulic-cylinders.net\/it\/wp-json\/wp\/v2\/product_tag?post=15276"}],"curies":[{"name":"parola chiave","href":"https:\/\/api.w.org\/{rel}","templated":true}]}}