{"id":15279,"date":"2025-01-19T14:19:47","date_gmt":"2025-01-19T14:19:47","guid":{"rendered":"https:\/\/www.hydraulic-cylinders.net\/product\/bucket-cylinder-for-doosan-middle-excavator-dh280-3\/"},"modified":"2025-01-19T14:19:49","modified_gmt":"2025-01-19T14:19:49","slug":"bucket-cylinder-for-doosan-middle-excavator-dh280-3","status":"publish","type":"product","link":"https:\/\/www.hydraulic-cylinders.net\/it\/prodotto\/bucket-cylinder-for-doosan-middle-excavator-dh280-3\/","title":{"rendered":"Cilindro della benna per escavatore centrale Doosan DH280-3"},"content":{"rendered":"<h1>Cilindro della benna per escavatore centrale Doosan DH280-3<\/h1>\n<h2>Introduzione<\/h2>\n<p>Il cilindro della benna per l'escavatore medio Doosan DH280-3 \u00e8 un cilindro idraulico appositamente progettato per controllare il movimento della benna in macchinari pesanti come escavatori, terne e pale caricatrici frontali. La sua funzione principale \u00e8 quella di consentire il sollevamento, l'abbassamento e l'inclinazione della benna, semplificando la gestione di diverse attivit\u00e0 di movimentazione dei materiali. Nel sistema idraulico, il cilindro della benna controlla con precisione la benna modificando la pressione dell'olio idraulico, consentendo all'operatore di gestire in modo efficiente carichi pesanti e di adattarsi ad ambienti di lavoro complessi e a diverse esigenze operative.<\/p>\n<p><img decoding=\"async\" src=\"https:\/\/www.hydraulic-cylinders.net\/wp-content\/uploads\/2025\/01\/songte-company-2.webp\"><\/p>\n<h2>Caratteristiche<\/h2>\n<ul>\n<li>\n<h3>Elevata resistenza e durata<\/h3>\n<p>Il cilindro della benna \u00e8 solitamente realizzato in acciaio ad alta resistenza o alluminio e pu\u00f2 sopportare pressioni elevate e carichi pesanti, adattandosi ad ambienti di lavoro difficili. La progettazione tiene conto anche della resistenza all'usura e alla corrosione, prolungandone la durata.<\/p>\n<\/li>\n<li>\n<h3>Funzionamento idraulico efficiente<\/h3>\n<p>Il cilindro della benna sfrutta la pressione dell'olio idraulico per ottenere movimenti di estensione e contrazione fluidi, pu\u00f2 rispondere rapidamente ai comandi di controllo, fornire una potente forza di spinta e trazione ed \u00e8 adatto alla movimentazione di carichi pesanti e attivit\u00e0 di lavoro complesse.<\/p>\n<\/li>\n<li>\n<h3>Diversi tipi<\/h3>\n<p>Il cilindro della benna pu\u00f2 essere a semplice effetto (idraulico utilizzato solo in una direzione) o a doppio effetto (idraulico utilizzato in entrambe le direzioni) a seconda delle esigenze operative, per soddisfare diverse esigenze. Alcuni modelli sono telescopici, consentendo una maggiore estensione senza aumentare le dimensioni esterne, adatti ad applicazioni in spazi limitati.<\/p>\n<\/li>\n<li>\n<h3>Sostituzione perfetta<\/h3>\n<p>I nostri prodotti possono sostituire perfettamente questi cilindri idraulici e sono disponibili in un'ampia gamma di modelli di escavatori.<\/p>\n<\/li>\n<\/ul>\n<p><img decoding=\"async\" src=\"https:\/\/www.hydraulic-cylinders.net\/wp-content\/uploads\/2025\/01\/songte-cylinder-head-with-all-kinds-excavator-models.webp\"><\/p>\n<h2>Applicazioni<\/h2>\n<p>Il cilindro della benna trova diverse applicazioni in diversi tipi di macchinari pesanti, come:<\/p>\n<ul>\n<li>\n<h3>Attrezzature per l'edilizia<\/h3>\n<p>Negli escavatori, sono essenziali per scavare, caricare e spostare terra o detriti. Nelle terne, il cilindro della benna aiuta sia nello scavo che nel sollevamento.<\/p>\n<\/li>\n<li>\n<h3>Macchine agricole<\/h3>\n<p>Utilizzato nelle pale caricatrici frontali, per la raccolta, il sollevamento e il trasporto di terra, fieno e altri materiali. Negli escavatori, il cilindro della benna consente lo scavo consentendo alla benna di penetrare nel terreno. Nelle pale caricatrici frontali, aiuta a sollevare e inclinare le merci in modo efficiente.<\/p>\n<\/li>\n<\/ul>\n<h2>Considerazioni sulla progettazione e standard di selezione<\/h2>\n<ul>\n<li>\n<h3>Capacit\u00e0 portante<\/h3>\n<p>Il cilindro della benna deve avere una capacit\u00e0 portante sufficiente a garantire un funzionamento stabile anche in presenza di carichi pesanti.<\/p>\n<\/li>\n<li>\n<h3>Sigillatura<\/h3>\n<p>Il cilindro della benna deve avere eccellenti prestazioni di tenuta per evitare perdite di olio idraulico, che possono danneggiare altre parti e ridurre l'efficienza del lavoro.<\/p>\n<\/li>\n<li>\n<h3>Durata<\/h3>\n<p>Il cilindro della benna deve avere una buona durata ed essere in grado di funzionare in condizioni ambientali difficili.<\/p>\n<\/li>\n<li>\n<h3>Sicurezza<\/h3>\n<p>La progettazione del cilindro della benna deve tenere conto della sicurezza dell'operatore e del personale e prevenire incidenti durante il funzionamento.<\/p>\n<\/li>\n<li>\n<h3>Manutenibilit\u00e0<\/h3>\n<p>Il cilindro della benna deve essere facile da manutenere e da riparare quando necessario.<\/p>\n<\/li>\n<\/ul>\n<p><img decoding=\"async\" src=\"https:\/\/www.hydraulic-cylinders.net\/wp-content\/uploads\/2025\/01\/songte-oil-pipes-and-spare-parts.webp\"><\/p>\n<h2>Sigillatura e lubrificazione<\/h2>\n<p>Il cilindro della benna utilizza diverse guarnizioni, come guarnizioni per pistone e stelo, realizzate in materiali resistenti all'usura come poliuretano e gomma nitrilica, per garantire eccellenti prestazioni di tenuta. Il corpo del cilindro e la superficie terminale filettata sono finemente trattati per migliorarne la resistenza all'usura. \u00c8 necessario aggiungere regolarmente quantit\u00e0 adeguate di olio idraulico per la lubrificazione.<\/p>\n<p><img decoding=\"async\" src=\"https:\/\/www.hydraulic-cylinders.net\/wp-content\/uploads\/2025\/01\/songte-chushion-collar.webp\"><\/p>\n<h2>Manutenzione e riparazione<\/h2>\n<ul>\n<li>\n<h3>Ispezioni regolari<\/h3>\n<p>Per mantenere il cilindro della benna in buone condizioni sono necessarie ispezioni regolari.<\/p>\n<\/li>\n<li>\n<h3>Lubrificazione<\/h3>\n<p>Una lubrificazione adeguata garantisce un funzionamento regolare e prolunga la durata utile del cilindro della benna.<\/p>\n<\/li>\n<li>\n<h3>Sostituzione della guarnizione e ispezione della calibrazione<\/h3>\n<p>La sostituzione regolare delle guarnizioni e la calibrazione del cilindro della benna possono prevenire perdite di olio e garantire un funzionamento stabile.<\/p>\n<\/li>\n<\/ul>\n<h2>Considerazioni sulla sicurezza e fattori ambientali<\/h2>\n<p>Quando si utilizzano macchinari pesanti come escavatori, terne e pale caricatrici frontali, gli operatori devono adottare le misure di sicurezza necessarie per prevenire incidenti. Anche una corretta manutenzione e riparazione del cilindro della benna pu\u00f2 ridurre il rischio di incidenti e guasti.<\/p>\n<p><img decoding=\"async\" src=\"https:\/\/www.hydraulic-cylinders.net\/wp-content\/uploads\/2025\/01\/songte-bushings-with-all-kinds-of-excavator-models.webp\"><\/p>\n<h2>Risoluzione dei problemi e problemi comuni<\/h2>\n<p>Tra i problemi pi\u00f9 comuni del cilindro della benna rientrano perdite d'olio, funzionamento instabile e danni ad altri componenti. Una corretta manutenzione e riparazione possono prevenire questi problemi. La risoluzione dei problemi e le misure preventive possono inoltre ridurre il rischio di potenziali problemi e guasti.<\/p>\n<h2>Informazioni sulla nostra azienda<\/h2>\n<p>Siamo produttori di cilindri idraulici di ricambio con una gamma completa di prodotti e siamo diventati uno dei principali produttori e distributori all'ingrosso di cilindri idraulici sul mercato nazionale e internazionale. Aderiamo al principio di un'eccellente qualit\u00e0 e ci affidiamo a strategie di gestione della produzione industrializzata nel nostro laboratorio di produzione di precisione per migliorare continuamente la piattaforma produttiva, migliorare la linea di produzione di qualit\u00e0 dei prodotti e vantare solide capacit\u00e0 di creazione con elevata efficienza, elevata precisione e alta qualit\u00e0 per soddisfare le diverse esigenze dei clienti. <\/p>\n<p><img decoding=\"async\" src=\"https:\/\/hzpt.com\/wp-content\/uploads\/2024\/11\/songte-company-1.webp\"><\/p>\n<h3>I punti di forza della nostra azienda:<\/h3>\n<ul>\n<li>Professionalit\u00e0<\/li>\n<li>Certificazione internazionale<\/li>\n<li>Servizio di personalizzazione<\/li>\n<li>Attrezzature di produzione<\/li>\n<li>Servizio post-vendita<\/li>\n<\/ul>\n<p>Autore: lyl<\/p>","protected":false},"excerpt":{"rendered":"<p>Bucket Cylinder For Doosan Middle Excavator DH280-3 Introduction The bucket cylinder for Doosan middle excavator DH280-3 is a specially designed hydraulic cylinder that controls the movement of the bucket in heavy machinery such as excavators, backhoe loaders, and front-end loaders. Its main function is to enable the bucket to lift, lower, and tilt, making it [&hellip;]<\/p>","protected":false},"featured_media":14765,"comment_status":"open","ping_status":"closed","template":"","meta":{"_et_pb_use_builder":"","_et_pb_old_content":"","_et_gb_content_width":""},"product_brand":[],"product_cat":[1494],"product_tag":[1495,1496],"class_list":{"0":"post-15279","1":"product","2":"type-product","3":"status-publish","4":"has-post-thumbnail","6":"product_cat-bucket-cylinders","7":"product_tag-bucket-cylinders","8":"product_tag-hydraulic-cylinders","10":"first","11":"instock","12":"shipping-taxable","13":"product-type-simple"},"amp_enabled":true,"_links":{"self":[{"href":"https:\/\/www.hydraulic-cylinders.net\/it\/wp-json\/wp\/v2\/product\/15279","targetHints":{"allow":["GET"]}}],"collection":[{"href":"https:\/\/www.hydraulic-cylinders.net\/it\/wp-json\/wp\/v2\/product"}],"about":[{"href":"https:\/\/www.hydraulic-cylinders.net\/it\/wp-json\/wp\/v2\/types\/product"}],"replies":[{"embeddable":true,"href":"https:\/\/www.hydraulic-cylinders.net\/it\/wp-json\/wp\/v2\/comments?post=15279"}],"wp:featuredmedia":[{"embeddable":true,"href":"https:\/\/www.hydraulic-cylinders.net\/it\/wp-json\/wp\/v2\/media\/14765"}],"wp:attachment":[{"href":"https:\/\/www.hydraulic-cylinders.net\/it\/wp-json\/wp\/v2\/media?parent=15279"}],"wp:term":[{"taxonomy":"product_brand","embeddable":true,"href":"https:\/\/www.hydraulic-cylinders.net\/it\/wp-json\/wp\/v2\/product_brand?post=15279"},{"taxonomy":"product_cat","embeddable":true,"href":"https:\/\/www.hydraulic-cylinders.net\/it\/wp-json\/wp\/v2\/product_cat?post=15279"},{"taxonomy":"product_tag","embeddable":true,"href":"https:\/\/www.hydraulic-cylinders.net\/it\/wp-json\/wp\/v2\/product_tag?post=15279"}],"curies":[{"name":"parola chiave","href":"https:\/\/api.w.org\/{rel}","templated":true}]}}