{"id":15286,"date":"2025-01-19T14:20:24","date_gmt":"2025-01-19T14:20:24","guid":{"rendered":"https:\/\/www.hydraulic-cylinders.net\/product\/bucket-cylinder-for-doosan-large-excavator-dh320\/"},"modified":"2025-01-19T14:20:26","modified_gmt":"2025-01-19T14:20:26","slug":"bucket-cylinder-for-doosan-large-excavator-dh320","status":"publish","type":"product","link":"https:\/\/www.hydraulic-cylinders.net\/it\/prodotto\/bucket-cylinder-for-doosan-large-excavator-dh320\/","title":{"rendered":"Cilindro della benna per escavatore di grandi dimensioni Doosan DH320"},"content":{"rendered":"<h1>Cilindro della benna per escavatore di grandi dimensioni Doosan DH320<\/h1>\n<h2>Introduzione<\/h2>\n<p>Il cilindro della benna per l'escavatore di grandi dimensioni Doosan DH320 \u00e8 un tipo speciale di cilindro idraulico utilizzato per controllare il movimento della benna in macchinari pesanti come escavatori, terne e pale caricatrici frontali. La sua funzione principale \u00e8 quella di sollevare, abbassare e inclinare la benna per facilitare la movimentazione dei materiali. Nel sistema idraulico, il cilindro della benna utilizza la pressione dell'olio idraulico per ottenere un controllo preciso della benna, consentendo agli operatori di movimentare in modo efficiente oggetti pesanti e di adattarsi ad ambienti di lavoro complessi e a diverse esigenze operative.<\/p>\n<p><img decoding=\"async\" src=\"https:\/\/www.hydraulic-cylinders.net\/wp-content\/uploads\/2025\/01\/songte-company-2.webp\"><\/p>\n<h2>Caratteristiche<\/h2>\n<ul>\n<li>\n<h3>Elevata resistenza e durata<\/h3>\n<p>I cilindri delle benne sono solitamente realizzati in acciaio o alluminio ad alta resistenza, in grado di sopportare pressioni elevate e carichi pesanti. Sono progettati per resistere all'usura e alla corrosione, prolungandone cos\u00ec la durata.<\/p>\n<\/li>\n<li>\n<h3>Funzionamento idraulico efficiente<\/h3>\n<p>I cilindri della benna sfruttano la pressione dell'olio idraulico per ottenere movimenti di espansione e contrazione fluidi, rispondono rapidamente ai comandi di controllo e forniscono potenti forze di spinta e trazione, rendendoli adatti alla movimentazione di oggetti pesanti e a lavori complessi.<\/p>\n<\/li>\n<li>\n<h3>Vari tipi<\/h3>\n<p>I cilindri della benna possono essere a semplice effetto (utilizzano la pressione idraulica solo in una direzione) o a doppio effetto (utilizzano la pressione idraulica in entrambe le direzioni) a seconda delle esigenze operative. Alcuni modelli sono telescopici, consentendo una maggiore estensione senza aumentare le dimensioni esterne, rendendoli adatti ad applicazioni con spazio limitato.<\/p>\n<\/li>\n<li>\n<h3>Sostituzione perfetta per cilindri idraulici<\/h3>\n<p>I nostri prodotti possono sostituire perfettamente questi cilindri idraulici e siamo in grado di produrre questo prodotto.<\/p>\n<\/li>\n<\/ul>\n<p><img decoding=\"async\" src=\"https:\/\/www.hydraulic-cylinders.net\/wp-content\/uploads\/2025\/01\/songte-cylinder-head-with-all-kinds-excavator-models.webp\"><\/p>\n<h2>Applicazioni<\/h2>\n<p>I cilindri delle benne trovano diverse applicazioni in diversi settori, tra cui attrezzature edili, macchinari agricoli, escavatori e caricatori:<\/p>\n<ul>\n<li>\n<h3>Attrezzature per l'edilizia<\/h3>\n<p>Negli escavatori, i cilindri delle benne sono essenziali per scavare, caricare e spostare terreno o detriti. Nelle terne, i cilindri delle benne aiutano sia nello scavo che nel sollevamento. Nelle pale caricatrici, aiutano a sollevare e inclinare i carichi in modo efficiente.<\/p>\n<\/li>\n<li>\n<h3>Macchine agricole<\/h3>\n<p>I cilindri della benna vengono utilizzati nelle pale caricatrici frontali per raccogliere, sollevare e trasportare terra, fieno e altri materiali.<\/p>\n<\/li>\n<li>\n<h3>Escavatori<\/h3>\n<p>Il cilindro della benna consente alla benna di penetrare nel terreno per ottenere un'azione di scavo.<\/p>\n<\/li>\n<li>\n<h3>Caricatori<\/h3>\n<p>I cilindri della benna aiutano a sollevare e scaricare efficacemente le merci nelle pale caricatrici frontali.<\/p>\n<\/li>\n<\/ul>\n<h2>Considerazioni progettuali e criteri di selezione<\/h2>\n<p>Quando si valuta la progettazione e la selezione dei cilindri della benna, \u00e8 necessario considerare i seguenti fattori:<\/p>\n<ul>\n<li>\n<h3>Capacit\u00e0 di carico<\/h3>\n<p>Il cilindro deve essere progettato per resistere al carico e alla pressione previsti.<\/p>\n<\/li>\n<li>\n<h3>Sigillatura e durata<\/h3>\n<p>Il cilindro deve essere progettato con caratteristiche di tenuta e durata adeguate per garantire una lunga durata.<\/p>\n<\/li>\n<li>\n<h3>Sicurezza e manutenzione<\/h3>\n<p>Il cilindro deve essere progettato in modo da garantire la sicurezza durante il funzionamento e una facile manutenzione.<\/p>\n<\/li>\n<\/ul>\n<p><img decoding=\"async\" src=\"https:\/\/www.hydraulic-cylinders.net\/wp-content\/uploads\/2025\/01\/songte-oil-pipes-and-spare-parts.webp\"><\/p>\n<h2>Sigillatura e lubrificazione<\/h2>\n<p>I cilindri a tazza utilizzano diversi elementi di tenuta, come guarnizioni per pistone e stelo, realizzati in materiali resistenti all'usura come poliuretano e gomma nitrilica. La testata del cilindro e le superfici filettate sono lavorate con precisione per migliorare la resistenza all'usura. Una lubrificazione regolare con olio idraulico appropriato \u00e8 necessaria per garantire un funzionamento regolare e una lunga durata.<\/p>\n<h2>Manutenzione e installazione<\/h2>\n<p>La manutenzione e l'installazione regolari sono essenziali per garantire il corretto funzionamento e la lunga durata del cilindro della benna. Si raccomandano le seguenti attivit\u00e0 di manutenzione:<\/p>\n<ul>\n<li>\n<h3>Ispezione regolare<\/h3>\n<p>\u00c8 necessario ispezionare regolarmente le guarnizioni, i raccordi e gli altri componenti del cilindro per garantire che siano in buone condizioni e funzionino correttamente.<\/p>\n<\/li>\n<li>\n<h3>Lubrificazione<\/h3>\n<p>Per garantire un funzionamento regolare e una lunga durata \u00e8 necessaria una lubrificazione regolare del cilindro con l'olio idraulico appropriato.<\/p>\n<\/li>\n<li>\n<h3>Sostituzione della guarnizione e controllo della calibrazione<\/h3>\n<p>Potrebbe essere necessario sostituire periodicamente le guarnizioni e sottoporle a un controllo di taratura per garantire il corretto funzionamento del cilindro.<\/p>\n<\/li>\n<\/ul>\n<p><img decoding=\"async\" src=\"https:\/\/www.hydraulic-cylinders.net\/wp-content\/uploads\/2025\/01\/songte-chushion-collar.webp\"><\/p>\n<h2>Considerazioni sulla sicurezza e sull'ambiente<\/h2>\n<p>I cilindri della benna devono essere installati e azionati secondo le procedure di sicurezza raccomandate per garantire la sicurezza dell'operatore e dell'ambiente. Devono essere adottate adeguate misure di sicurezza per prevenire danni accidentali ed evitare perdite o fuoriuscite di olio.<\/p>\n<h2>Diagnosi e risoluzione dei problemi<\/h2>\n<p>Se il cilindro non funziona correttamente, potrebbero essere diagnosticati i seguenti problemi:<\/p>\n<ul>\n<li>\n<h3>Guarnizioni che perdono<\/h3>\n<p>Se il cilindro perde olio, potrebbe essere dovuto a guarnizioni usurate che devono essere sostituite.<\/p>\n<\/li>\n<li>\n<h3>Funzionamento rumoroso<\/h3>\n<p>Se il funzionamento del cilindro \u00e8 rumoroso, potrebbe trattarsi di sacche d'aria nel sistema idraulico o di una lubrificazione insufficiente.<\/p>\n<\/li>\n<li>\n<h3>Operazione lenta<\/h3>\n<p>Se il funzionamento del cilindro \u00e8 lento, potrebbe essere dovuto a una pressione idraulica insufficiente o a un'alimentazione dell'olio bloccata.<\/p>\n<\/li>\n<\/ul>\n<p>I seguenti suggerimenti e soluzioni per la risoluzione dei problemi potrebbero rivelarsi utili:<\/p>\n<ul>\n<li>\n<h3>Sostituzione della guarnizione<\/h3>\n<p>Le guarnizioni usurate devono essere sostituite con guarnizioni nuove.<\/p>\n<\/li>\n<li>\n<h3>Spurgo del sistema idraulico<\/h3>\n<p>Le sacche d'aria presenti nel sistema idraulico devono essere spurgate.<\/p>\n<\/li>\n<li>\n<h3>Lubrificazione<\/h3>\n<p>Il cilindro deve essere lubrificato con l'olio idraulico appropriato.<\/p>\n<\/li>\n<\/ul>\n<p><img decoding=\"async\" src=\"https:\/\/www.hydraulic-cylinders.net\/wp-content\/uploads\/2025\/01\/songte-bushings-with-all-kinds-of-excavator-models.webp\"><\/p>\n<h2>Informazioni sulla nostra azienda<\/h2>\n<p>Siamo un produttore e grossista leader di cilindri idraulici sul mercato nazionale e internazionale. Disponiamo di una gamma completa di prodotti e perseguiamo una strategia di gestione della produzione industriale con un'eccellente qualit\u00e0, affidandoci a laboratori di produzione di alta qualit\u00e0, talenti tecnologici, apparecchiature di produzione digitali di fascia alta e sistemi di collaudo professionali. La nostra piattaforma di produzione in officina \u00e8 in continuo miglioramento, la linea di produzione \u00e8 impeccabile e vantiamo una forte capacit\u00e0 di innovazione per soddisfare le diverse esigenze dei clienti con elevata efficienza, precisione e qualit\u00e0.<\/p>\n<h3>Professionalit\u00e0<\/h3>\n<p>La nostra azienda vanta competenze tecniche professionali e rigorosi controlli di qualit\u00e0 per garantire che i nostri prodotti soddisfino gli standard del settore e i requisiti dei clienti.<\/p>\n<h3>Certificazione internazionale<\/h3>\n<p>I nostri prodotti sono certificati e soddisfano gli standard internazionali, come ISO, CE e SGS.<\/p>\n<h3>Servizi personalizzati<\/h3>\n<p>Forniamo servizi personalizzati per soddisfare le esigenze specifiche dei clienti.<\/p>\n<h3>Attrezzature di produzione<\/h3>\n<p>La nostra azienda si avvale di attrezzature di produzione digitali avanzate e di fascia alta, come centri di lavorazione CNC, rettificatrici di precisione e saldatrici automatiche, per garantire la massima qualit\u00e0 dei nostri prodotti.<\/p>\n<h3>Servizio post-vendita<\/h3>\n<p>La nostra azienda fornisce un servizio post-vendita completo, che comprende servizi di manutenzione, riparazione e sostituzione dei prodotti.<\/p>\n<p><img decoding=\"async\" src=\"https:\/\/hzpt.com\/wp-content\/uploads\/2024\/11\/songte-company-1.webp\"><\/p>\n<p>Autore: lyl<\/p>","protected":false},"excerpt":{"rendered":"<p>Bucket Cylinder For Doosan Large Excavator DH320 Introduction A bucket cylinder for Doosan large excavator DH320 is a specialized type of hydraulic cylinder used to control the movement of the bucket in heavy machinery such as excavators, backhoe excavators, and front-end loaders. Its main function is to lift, lower, and tilt the bucket for easy [&hellip;]<\/p>","protected":false},"featured_media":14784,"comment_status":"open","ping_status":"closed","template":"","meta":{"_et_pb_use_builder":"","_et_pb_old_content":"","_et_gb_content_width":""},"product_brand":[],"product_cat":[1494],"product_tag":[1495,1496],"class_list":{"0":"post-15286","1":"product","2":"type-product","3":"status-publish","4":"has-post-thumbnail","6":"product_cat-bucket-cylinders","7":"product_tag-bucket-cylinders","8":"product_tag-hydraulic-cylinders","10":"first","11":"instock","12":"shipping-taxable","13":"product-type-simple"},"amp_enabled":true,"_links":{"self":[{"href":"https:\/\/www.hydraulic-cylinders.net\/it\/wp-json\/wp\/v2\/product\/15286","targetHints":{"allow":["GET"]}}],"collection":[{"href":"https:\/\/www.hydraulic-cylinders.net\/it\/wp-json\/wp\/v2\/product"}],"about":[{"href":"https:\/\/www.hydraulic-cylinders.net\/it\/wp-json\/wp\/v2\/types\/product"}],"replies":[{"embeddable":true,"href":"https:\/\/www.hydraulic-cylinders.net\/it\/wp-json\/wp\/v2\/comments?post=15286"}],"wp:featuredmedia":[{"embeddable":true,"href":"https:\/\/www.hydraulic-cylinders.net\/it\/wp-json\/wp\/v2\/media\/14784"}],"wp:attachment":[{"href":"https:\/\/www.hydraulic-cylinders.net\/it\/wp-json\/wp\/v2\/media?parent=15286"}],"wp:term":[{"taxonomy":"product_brand","embeddable":true,"href":"https:\/\/www.hydraulic-cylinders.net\/it\/wp-json\/wp\/v2\/product_brand?post=15286"},{"taxonomy":"product_cat","embeddable":true,"href":"https:\/\/www.hydraulic-cylinders.net\/it\/wp-json\/wp\/v2\/product_cat?post=15286"},{"taxonomy":"product_tag","embeddable":true,"href":"https:\/\/www.hydraulic-cylinders.net\/it\/wp-json\/wp\/v2\/product_tag?post=15286"}],"curies":[{"name":"parola chiave","href":"https:\/\/api.w.org\/{rel}","templated":true}]}}