{"id":15296,"date":"2025-01-19T14:21:09","date_gmt":"2025-01-19T14:21:09","guid":{"rendered":"https:\/\/www.hydraulic-cylinders.net\/product\/bucket-cylinder-for-doosan-large-excavator-dh340lc\/"},"modified":"2025-01-19T14:21:11","modified_gmt":"2025-01-19T14:21:11","slug":"bucket-cylinder-for-doosan-large-excavator-dh340lc","status":"publish","type":"product","link":"https:\/\/www.hydraulic-cylinders.net\/it\/prodotto\/bucket-cylinder-for-doosan-large-excavator-dh340lc\/","title":{"rendered":"Cilindro della benna per escavatore di grandi dimensioni Doosan DH340LC"},"content":{"rendered":"<h1>Cilindro della benna per escavatore di grandi dimensioni Doosan DH340LC<\/h1>\n<h2>Introduzione<\/h2>\n<p>Il cilindro della benna \u00e8 un cilindro idraulico appositamente progettato per controllare il movimento della benna in macchinari pesanti come escavatori, terne e pale gommate. La sua funzione principale \u00e8 quella di consentire il sollevamento, l'abbassamento e l'inclinazione della benna, rendendola comoda per diverse attivit\u00e0 di movimentazione dei materiali. Nel sistema idraulico, il cilindro della benna garantisce un controllo preciso della benna grazie alle variazioni di pressione dell'olio idraulico, consentendo agli operatori di gestire in modo efficiente carichi pesanti e di adattarsi ad ambienti di lavoro complessi e a diverse esigenze operative.<\/p>\n<p><img decoding=\"async\" src=\"https:\/\/www.hydraulic-cylinders.net\/wp-content\/uploads\/2025\/01\/songte-company-2.webp\" alt=\"Immagine del cilindro del secchio\"><\/p>\n<h2>Caratteristiche del cilindro della benna<\/h2>\n<ul>\n<li><strong>Elevata resistenza e durata:<\/strong> Solitamente realizzato in acciaio o alluminio ad alta resistenza, pu\u00f2 sopportare pressioni elevate e carichi pesanti, adattandosi ad ambienti di lavoro difficili. Il design tiene conto della resistenza all'usura e alla corrosione, prolungandone la durata.<\/li>\n<li><strong>Funzionamento idraulico efficiente:<\/strong> Utilizzando la pressione dell'olio idraulico, realizza azioni di estensione e retrazione fluide, consentendo una risposta rapida ai comandi di controllo e fornendo potenti forze di spinta e trazione adatte alla movimentazione di carichi pesanti e attivit\u00e0 di lavoro complesse.<\/li>\n<li><strong>Vari tipi:<\/strong> Disponibili con cilindri a semplice effetto (forza idraulica utilizzata in una sola direzione) o a doppio effetto (forza idraulica utilizzata in entrambe le direzioni) per soddisfare diverse esigenze operative. Alcuni modelli sono telescopici, consentendo una maggiore estensione senza aumentare le dimensioni esterne, rendendoli adatti ad applicazioni con spazi limitati.<\/li>\n<li><strong>Sostituzione perfetta per cilindri idraulici:<\/strong> I nostri prodotti possono sostituire perfettamente questi cilindri idraulici.<\/li>\n<\/ul>\n<p><img decoding=\"async\" src=\"https:\/\/www.hydraulic-cylinders.net\/wp-content\/uploads\/2025\/01\/songte-cylinder-head-with-all-kinds-excavator-models.webp\" alt=\"Immagine di sostituzione del cilindro della benna\"><\/p>\n<h2>Applicazioni del cilindro della benna<\/h2>\n<p><strong>Attrezzature per l'edilizia:<\/strong> Presenti negli escavatori, sono fondamentali per scavare, caricare e spostare terreno o detriti. Nelle terne, il cilindro della benna agevola sia lo scavo che il sollevamento.<\/p>\n<p><strong>Macchine agricole:<\/strong> Utilizzato nelle pale caricatrici frontali per raccogliere, sollevare e trasportare terra, fieno e altri materiali.<\/p>\n<p><strong>Escavatori:<\/strong> Il cilindro della benna consente di effettuare azioni di scavo consentendo alla benna di penetrare nel terreno.<\/p>\n<p><strong>Pale gommate:<\/strong> Nelle pale caricatrici, aiutano a sollevare e scaricare le merci in modo efficiente.<\/p>\n<h2>Considerazioni progettuali e criteri di selezione<\/h2>\n<p>Nella progettazione dei cilindri a tazza vengono presi in considerazione fattori chiave quali capacit\u00e0 di carico, tenuta, durata, sicurezza e manutenibilit\u00e0.<\/p>\n<p><img decoding=\"async\" src=\"https:\/\/www.hydraulic-cylinders.net\/wp-content\/uploads\/2025\/01\/songte-oil-pipes-and-spare-parts.webp\" alt=\"Considerazioni sulla progettazione del cilindro della benna Immagine\"><\/p>\n<h2>Sigillatura e lubrificazione<\/h2>\n<p>Vengono utilizzati vari componenti di tenuta, come guarnizioni per pistoni, guarnizioni per steli, ecc. Le guarnizioni sono realizzate in materiali resistenti all'usura come poliuretano e gomma nitrilica. Il corpo del cilindro e le estremit\u00e0 filettate sono finemente trattati per aumentarne la resistenza all'usura. \u00c8 richiesta una lubrificazione regolare con olio idraulico appropriato.<\/p>\n<h2>Ispezione regolare e manutenzione preventiva<\/h2>\n<p>Per garantire prestazioni ottimali e longevit\u00e0, \u00e8 necessario adottare ispezioni regolari e misure di manutenzione preventiva. Tra queste:<\/p>\n<ul>\n<li>Controlli regolari per perdite, danni e usura<\/li>\n<li>Lubrificazione adeguata delle parti mobili<\/li>\n<li>Sostituzione della guarnizione quando necessario<\/li>\n<li>Controlli di calibrazione<\/li>\n<\/ul>\n<p><img decoding=\"async\" src=\"https:\/\/www.hydraulic-cylinders.net\/wp-content\/uploads\/2025\/01\/songte-chushion-collar.webp\" alt=\"Immagine di manutenzione del cilindro della benna\"><\/p>\n<h2>Considerazioni sulla sicurezza e fattori ambientali<\/h2>\n<p>\u00c8 di fondamentale importanza adottare misure di sicurezza durante l'utilizzo dei cilindri benna. \u00c8 necessario seguire una corretta installazione, utilizzo e manutenzione per ridurre al minimo i rischi e garantire un ambiente di lavoro sicuro.<\/p>\n<h2>Diagnosi dei guasti e risoluzione dei problemi<\/h2>\n<p>Guasti e problemi comuni che possono verificarsi con i cilindri delle benne possono essere diagnosticati e risolti seguendo i seguenti suggerimenti e soluzioni. Inoltre, \u00e8 possibile adottare misure preventive per ridurre al minimo i potenziali problemi.<\/p>\n<p><img decoding=\"async\" src=\"https:\/\/www.hydraulic-cylinders.net\/wp-content\/uploads\/2025\/01\/songte-bushings-with-all-kinds-of-excavator-models.webp\" alt=\"Immagine di diagnosi del guasto del cilindro della benna\"><\/p>\n<h2>Conclusione<\/h2>\n<p>La nostra azienda \u00e8 leader nella produzione e distribuzione all'ingrosso di cilindri idraulici sul mercato nazionale e internazionale. Diamo priorit\u00e0 all'eccellenza qualitativa e adottiamo strategie di gestione della produzione industriale nella nostra officina di produzione altamente attrezzata. Concentrandoci sul talento tecnologico, sulle attrezzature di produzione digitale avanzate e sui sistemi di collaudo professionali, miglioriamo costantemente la nostra piattaforma produttiva, miglioriamo la qualit\u00e0 dei prodotti e disponiamo di una solida capacit\u00e0 di soddisfare le diverse esigenze dei clienti in termini di efficienza, precisione e cilindri idraulici di alta qualit\u00e0.<\/p>\n<p><img decoding=\"async\" src=\"https:\/\/www.hydraulic-cylinders.net\/wp-content\/uploads\/2025\/01\/songte-company-3.webp\" alt=\"Immagine aziendale\"><\/p>\n<p><em>Autore: lyl<\/em><\/p>","protected":false},"excerpt":{"rendered":"<p>Bucket Cylinder For Doosan Large Excavator DH340LC Introduction Bucket Cylinder is a specially designed hydraulic cylinder used to control the movement of the bucket in heavy machinery such as excavators, backhoe loaders, and wheel loaders. Its main function is to enable the bucket to lift, lower, and tilt, making it convenient for various material handling [&hellip;]<\/p>","protected":false},"featured_media":14761,"comment_status":"open","ping_status":"closed","template":"","meta":{"_et_pb_use_builder":"","_et_pb_old_content":"","_et_gb_content_width":""},"product_brand":[],"product_cat":[1494],"product_tag":[1495,1496],"class_list":{"0":"post-15296","1":"product","2":"type-product","3":"status-publish","4":"has-post-thumbnail","6":"product_cat-bucket-cylinders","7":"product_tag-bucket-cylinders","8":"product_tag-hydraulic-cylinders","10":"first","11":"instock","12":"shipping-taxable","13":"product-type-simple"},"amp_enabled":true,"_links":{"self":[{"href":"https:\/\/www.hydraulic-cylinders.net\/it\/wp-json\/wp\/v2\/product\/15296","targetHints":{"allow":["GET"]}}],"collection":[{"href":"https:\/\/www.hydraulic-cylinders.net\/it\/wp-json\/wp\/v2\/product"}],"about":[{"href":"https:\/\/www.hydraulic-cylinders.net\/it\/wp-json\/wp\/v2\/types\/product"}],"replies":[{"embeddable":true,"href":"https:\/\/www.hydraulic-cylinders.net\/it\/wp-json\/wp\/v2\/comments?post=15296"}],"wp:featuredmedia":[{"embeddable":true,"href":"https:\/\/www.hydraulic-cylinders.net\/it\/wp-json\/wp\/v2\/media\/14761"}],"wp:attachment":[{"href":"https:\/\/www.hydraulic-cylinders.net\/it\/wp-json\/wp\/v2\/media?parent=15296"}],"wp:term":[{"taxonomy":"product_brand","embeddable":true,"href":"https:\/\/www.hydraulic-cylinders.net\/it\/wp-json\/wp\/v2\/product_brand?post=15296"},{"taxonomy":"product_cat","embeddable":true,"href":"https:\/\/www.hydraulic-cylinders.net\/it\/wp-json\/wp\/v2\/product_cat?post=15296"},{"taxonomy":"product_tag","embeddable":true,"href":"https:\/\/www.hydraulic-cylinders.net\/it\/wp-json\/wp\/v2\/product_tag?post=15296"}],"curies":[{"name":"parola chiave","href":"https:\/\/api.w.org\/{rel}","templated":true}]}}