{"id":15304,"date":"2025-01-19T14:21:42","date_gmt":"2025-01-19T14:21:42","guid":{"rendered":"https:\/\/www.hydraulic-cylinders.net\/product\/bucket-cylinder-for-doosan-wheel-excavator-dh210w-7\/"},"modified":"2025-01-19T14:21:44","modified_gmt":"2025-01-19T14:21:44","slug":"bucket-cylinder-for-doosan-wheel-excavator-dh210w-7","status":"publish","type":"product","link":"https:\/\/www.hydraulic-cylinders.net\/it\/prodotto\/bucket-cylinder-for-doosan-wheel-excavator-dh210w-7\/","title":{"rendered":"Cilindro della benna per escavatore gommato Doosan DH210W-7"},"content":{"rendered":"<h1>Cilindro della benna per escavatore gommato Doosan DH210W-7<\/h1>\n<h2>Introduzione<\/h2>\n<h3>Definizione<\/h3>\n<p>Un cilindro benna \u00e8 un cilindro idraulico appositamente progettato per controllare il movimento della benna in macchinari pesanti come escavatori, terne e pale caricatrici frontali. La sua funzione principale \u00e8 quella di consentire alla benna di sollevarsi, abbassarsi e inclinarsi, facilitando la gestione di diverse attivit\u00e0 di movimentazione dei materiali. Nel sistema idraulico, il cilindro benna consente un controllo preciso della benna attraverso variazioni della pressione dell'olio idraulico, consentendo agli operatori di gestire in modo efficiente carichi pesanti, adattarsi ad ambienti di lavoro complessi e soddisfare diverse esigenze operative.<\/p>\n<p><img decoding=\"async\" src=\"https:\/\/www.hydraulic-cylinders.net\/wp-content\/uploads\/2025\/01\/songte-company-2.webp\"><\/p>\n<h2>Caratteristiche<\/h2>\n<ul>\n<li>Elevata resistenza e durata: solitamente realizzati in acciaio o alluminio ad alta resistenza, possono sopportare pressioni elevate e carichi pesanti, adattarsi ad ambienti di lavoro difficili ed essere progettati tenendo conto della resistenza all'usura e alla corrosione, prolungandone la durata utile.<\/li>\n<li>Funzionamento idraulico efficiente: l'azione di estensione e contrazione fluida \u00e8 ottenuta utilizzando la pressione dell'olio idraulico, consentendo una risposta rapida ai comandi di controllo, fornendo una potente forza di spinta e trazione ed \u00e8 adatta alla movimentazione di carichi pesanti e attivit\u00e0 operative complesse.<\/li>\n<li>Diverse tipologie: \u00e8 possibile scegliere tra cilindri a semplice effetto (idraulici utilizzati in una sola direzione) o a doppio effetto (idraulici utilizzati in entrambe le direzioni) per soddisfare diverse esigenze operative. Alcuni modelli sono telescopici, consentendo una maggiore estensione senza aumentare le dimensioni esterne, adatti ad applicazioni con spazi limitati.<\/li>\n<li>Sostituzione diretta: i nostri prodotti possono sostituire perfettamente questi cilindri idraulici. <\/li>\n<\/ul>\n<p><img decoding=\"async\" src=\"https:\/\/www.hydraulic-cylinders.net\/wp-content\/uploads\/2025\/01\/songte-cylinder-head-with-all-kinds-excavator-models.webp\"><\/p>\n<h2>Applicazioni<\/h2>\n<h3>Attrezzature per l'edilizia<\/h3>\n<p>Negli escavatori, sono essenziali per scavare, caricare e spostare terreno o detriti. Nelle terne, i cilindri della benna aiutano sia nello scavo che nel sollevamento. Nelle pale caricatrici frontali, aiutano a sollevare e scaricare il carico in modo efficace.<\/p>\n<h3>Macchine agricole<\/h3>\n<p>Utilizzati nelle pale caricatrici frontali per raccogliere, sollevare e trasportare terra, fieno e altri materiali, i cilindri della benna consentono azioni di scavo consentendo alla benna di penetrare nel terreno.<\/p>\n<h3>Escavatori<\/h3>\n<p>Negli escavatori, i cilindri della benna consentono l'azione di scavo consentendo alla benna di penetrare nel terreno.<\/p>\n<h3>Caricatori<\/h3>\n<p>Nei caricatori frontali, aiutano a sollevare e scaricare il carico in modo efficace.<\/p>\n<h2>Considerazioni progettuali e criteri di selezione<\/h2>\n<h3>Capacit\u00e0 portante<\/h3>\n<p>Il fattore chiave nella progettazione dei cilindri a tazza \u00e8 la loro capacit\u00e0 portante, per garantire che possano sopportare i carichi pesanti a cui saranno sottoposti. Ci\u00f2 richiede l'utilizzo di materiali ad alta resistenza e processi di produzione di precisione per garantire resistenza e durata del cilindro.<\/p>\n<h3>Sigillatura e durata<\/h3>\n<p>Le guarnizioni del cilindro della benna svolgono un ruolo cruciale nel garantirne la durata. Devono essere realizzate con materiali resistenti all'usura e in grado di sopportare la pressione idraulica del sistema. Inoltre, il corpo del cilindro e le superfici terminali filettate devono essere finemente lavorati per migliorarne la resistenza all'usura. Anche una lubrificazione regolare \u00e8 necessaria per garantirne il corretto funzionamento e la longevit\u00e0.<\/p>\n<p><img decoding=\"async\" src=\"https:\/\/www.hydraulic-cylinders.net\/wp-content\/uploads\/2025\/01\/songte-oil-pipes-and-spare-parts.webp\"><\/p>\n<h2>Manutenzione e risoluzione dei problemi<\/h2>\n<h3>Manutenzione<\/h3>\n<p>Una manutenzione regolare \u00e8 fondamentale per garantire la longevit\u00e0 e il corretto funzionamento dei cilindri delle benne. Le attivit\u00e0 di manutenzione pi\u00f9 comuni includono controlli periodici, lubrificazione e sostituzione delle guarnizioni. Una corretta installazione, lubrificazione e regolazione sono fondamentali per garantire la longevit\u00e0 del cilindro.<\/p>\n<h3>Risoluzione dei problemi<\/h3>\n<p>I problemi pi\u00f9 comuni con i cilindri delle benne includono perdite, funzionamento lento e potenza insufficiente. La risoluzione dei problemi implica l'identificazione della causa sottostante di questi problemi e l'adozione di misure correttive appropriate. La prevenzione \u00e8 fondamentale e la manutenzione regolare \u00e8 il modo migliore per ridurre al minimo i potenziali problemi.<\/p>\n<h2>Presentazione dell'azienda<\/h2>\n<p>Siamo produttori di cilindri idraulici di ricambio, con una gamma completa di prodotti, e siamo diventati uno dei principali produttori e grossisti di cilindri idraulici sul mercato nazionale ed estero. Aderiamo al principio di un'eccellente qualit\u00e0 e ci affidiamo alla strategia di gestione della produzione industriale delle migliori officine manifatturiere. La nostra azienda migliora costantemente la piattaforma produttiva dell'officina, perfeziona il percorso di qualit\u00e0 della produzione e vanta una forte creativit\u00e0, fornendo prodotti ad alta efficienza, alta precisione e alta qualit\u00e0 per soddisfare le diverse esigenze dei clienti.<\/p>\n<ul>\n<li>Professionalit\u00e0: la nostra azienda si avvale di un team di professionisti esperti in cilindri idraulici, in grado di fornire ai clienti una consulenza qualificata.<\/li>\n<li>Certificazione internazionale: i nostri prodotti sono conformi agli standard internazionali e sono stati certificati da diverse autorit\u00e0 internazionali.<\/li>\n<li>Servizio personalizzato: la nostra azienda fornisce servizi personalizzati per soddisfare le esigenze specifiche dei clienti.<\/li>\n<li>Attrezzature di produzione: la nostra azienda dispone di attrezzature di produzione all'avanguardia per realizzare prodotti di alta qualit\u00e0.<\/li>\n<li>Servizio post-vendita: la nostra azienda fornisce un servizio post-vendita di alta qualit\u00e0 per garantire la soddisfazione del cliente.<\/li>\n<\/ul>\n<p><img decoding=\"async\" src=\"https:\/\/hzpt.com\/wp-content\/uploads\/2024\/11\/songte-company-1.webp\"><\/p>\n<p>Autore: lyl<\/p>","protected":false},"excerpt":{"rendered":"<p>Bucket Cylinder For Doosan Wheel Excavator DH210W-7 Introduction Definition A bucket cylinder is a specially designed hydraulic cylinder used to control the movement of the bucket in heavy machinery such as excavators, backhoe excavators, and front-end loaders. Its main function is to enable the bucket to lift, lower, and tilt, making it easier to handle [&hellip;]<\/p>","protected":false},"featured_media":14778,"comment_status":"open","ping_status":"closed","template":"","meta":{"_et_pb_use_builder":"","_et_pb_old_content":"","_et_gb_content_width":""},"product_brand":[],"product_cat":[1494],"product_tag":[1495,1496],"class_list":{"0":"post-15304","1":"product","2":"type-product","3":"status-publish","4":"has-post-thumbnail","6":"product_cat-bucket-cylinders","7":"product_tag-bucket-cylinders","8":"product_tag-hydraulic-cylinders","10":"first","11":"instock","12":"shipping-taxable","13":"product-type-simple"},"amp_enabled":true,"_links":{"self":[{"href":"https:\/\/www.hydraulic-cylinders.net\/it\/wp-json\/wp\/v2\/product\/15304","targetHints":{"allow":["GET"]}}],"collection":[{"href":"https:\/\/www.hydraulic-cylinders.net\/it\/wp-json\/wp\/v2\/product"}],"about":[{"href":"https:\/\/www.hydraulic-cylinders.net\/it\/wp-json\/wp\/v2\/types\/product"}],"replies":[{"embeddable":true,"href":"https:\/\/www.hydraulic-cylinders.net\/it\/wp-json\/wp\/v2\/comments?post=15304"}],"wp:featuredmedia":[{"embeddable":true,"href":"https:\/\/www.hydraulic-cylinders.net\/it\/wp-json\/wp\/v2\/media\/14778"}],"wp:attachment":[{"href":"https:\/\/www.hydraulic-cylinders.net\/it\/wp-json\/wp\/v2\/media?parent=15304"}],"wp:term":[{"taxonomy":"product_brand","embeddable":true,"href":"https:\/\/www.hydraulic-cylinders.net\/it\/wp-json\/wp\/v2\/product_brand?post=15304"},{"taxonomy":"product_cat","embeddable":true,"href":"https:\/\/www.hydraulic-cylinders.net\/it\/wp-json\/wp\/v2\/product_cat?post=15304"},{"taxonomy":"product_tag","embeddable":true,"href":"https:\/\/www.hydraulic-cylinders.net\/it\/wp-json\/wp\/v2\/product_tag?post=15304"}],"curies":[{"name":"parola chiave","href":"https:\/\/api.w.org\/{rel}","templated":true}]}}