{"id":15313,"date":"2025-01-19T14:22:24","date_gmt":"2025-01-19T14:22:24","guid":{"rendered":"https:\/\/www.hydraulic-cylinders.net\/product\/bucket-cylinder-for-hyundai-middle-excavator-r200-5-5d\/"},"modified":"2025-01-19T14:22:26","modified_gmt":"2025-01-19T14:22:26","slug":"bucket-cylinder-for-hyundai-middle-excavator-r200-5-5d","status":"publish","type":"product","link":"https:\/\/www.hydraulic-cylinders.net\/it\/prodotto\/bucket-cylinder-for-hyundai-middle-excavator-r200-5-5d\/","title":{"rendered":"Cilindro della benna per escavatore centrale Hyundai R200-5-5D"},"content":{"rendered":"<h1>Cilindro della benna per escavatore centrale Hyundai R200-5-5D<\/h1>\n<h2>Introduzione<\/h2>\n<p>Un cilindro benna \u00e8 un cilindro idraulico appositamente progettato per controllare il movimento della benna in macchinari pesanti come escavatori, terne e pale caricatrici frontali. La sua funzione principale \u00e8 quella di consentire alla benna di sollevarsi, abbassarsi e inclinarsi, facilitando il trasporto di vari materiali. Nel sistema idraulico, il cilindro benna garantisce un controllo preciso dei movimenti della benna attraverso le variazioni di pressione dell'olio idraulico, consentendo agli operatori di movimentare materiali pesanti in modo efficiente, di adattarsi ad ambienti di lavoro complessi e di soddisfare diverse esigenze operative.<\/p>\n<p><img decoding=\"async\" src=\"https:\/\/www.hydraulic-cylinders.net\/wp-content\/uploads\/2025\/01\/songte-company-2.webp\"><\/p>\n<h2>Caratteristiche<\/h2>\n<ul>\n<li>Elevata resistenza e durata: solitamente realizzati in acciaio o alluminio ad alta resistenza, possono sopportare pressioni elevate e carichi pesanti, adattarsi ad ambienti di lavoro difficili ed essere progettati con resistenza all'usura e alla corrosione per prolungarne la durata.<\/li>\n<li>Funzionamento idraulico efficiente: utilizza la pressione dell'olio idraulico per ottenere movimenti di estensione e contrazione fluidi, pu\u00f2 rispondere rapidamente ai comandi di controllo, fornire potenti forze di spinta e trazione ed \u00e8 adatto alla movimentazione di materiali pesanti e attivit\u00e0 operative complesse.<\/li>\n<li>Diverse tipologie: \u00e8 possibile scegliere cilindri a semplice effetto (l'idraulica viene utilizzata solo in una direzione) o a doppio effetto (l'idraulica viene utilizzata in due direzioni) a seconda delle esigenze operative. Alcuni modelli sono telescopici, consentendo una maggiore estensione senza aumentare le dimensioni esterne, adatti ad applicazioni con spazio limitato.<\/li>\n<li>Facile da installare: il nostro prodotto pu\u00f2 sostituire perfettamente questi cilindri idraulici.<\/li>\n<\/ul>\n<p><img decoding=\"async\" src=\"https:\/\/www.hydraulic-cylinders.net\/wp-content\/uploads\/2025\/01\/songte-cylinder-head-with-all-kinds-excavator-models.webp\"><\/p>\n<h2>Applicazioni<\/h2>\n<p>Il cilindro della benna \u00e8 ampiamente utilizzato in vari macchinari pesanti come:<\/p>\n<ul>\n<li>Attrezzature edili: negli escavatori, sono essenziali per scavare, caricare e spostare terreno o detriti. Nelle terne, aiutano nelle operazioni di scavo e sollevamento. <\/li>\n<li>Macchine agricole: utilizzate nelle pale caricatrici frontali per raccogliere, sollevare e trasportare terra, fieno e altri materiali. <\/li>\n<li>Escavatori: il cilindro della benna consente l'azione di scavo consentendo alla benna di penetrare nel terreno. <\/li>\n<li>Caricatori: nei caricatori frontali, aiutano a sollevare e scaricare le merci in modo efficiente.<\/li>\n<\/ul>\n<h2>Considerazioni sulla progettazione e standard di selezione<\/h2>\n<ul>\n<li>Capacit\u00e0 portante: il cilindro deve essere progettato per sopportare il carico e la pressione massimi.<\/li>\n<li>Tenuta: vari componenti di tenuta, come guarnizioni del pistone, guarnizioni dello stelo, ecc., devono essere realizzati con materiali resistenti all'usura per garantire prestazioni di tenuta a lungo termine in ambienti difficili.<\/li>\n<li>Durata: il cilindro deve essere progettato per resistere alla fatica e all'usura causate dall'uso prolungato.<\/li>\n<li>Sicurezza: il sistema idraulico deve essere progettato per prevenire incidenti e garantire la sicurezza dell'operatore.<\/li>\n<li>Manutenzione: il cilindro deve essere progettato tenendo presente una facile manutenzione, che comprenda lo smontaggio, il rimontaggio e la sostituzione dei componenti danneggiati.<\/li>\n<\/ul>\n<p><img decoding=\"async\" src=\"https:\/\/www.hydraulic-cylinders.net\/wp-content\/uploads\/2025\/01\/songte-oil-pipes-and-spare-parts.webp\"><\/p>\n<h2>Sigillatura e lubrificazione<\/h2>\n<p>Diversi componenti di tenuta, come guarnizioni per pistoni, guarnizioni per steli, ecc., devono essere realizzati con materiali resistenti all'usura per garantire prestazioni di tenuta a lungo termine in ambienti difficili. Il corpo del cilindro e la superficie terminale filettata sono finemente lavorati per migliorare la resistenza all'usura. \u00c8 necessario aggiungere regolarmente una quantit\u00e0 adeguata di olio idraulico per la lubrificazione.<\/p>\n<h2>Manutenzione e precauzioni<\/h2>\n<ul>\n<li>Ispezione regolare: un'ispezione regolare del cilindro pu\u00f2 prevenire potenziali problemi.<\/li>\n<li>Lubrificazione adeguata: una lubrificazione adeguata pu\u00f2 preservare le prestazioni del cilindro.<\/li>\n<li>Sostituzione delle guarnizioni: la sostituzione regolare delle guarnizioni pu\u00f2 migliorare le prestazioni di tenuta del cilindro. <\/li>\n<li>Controllo della taratura: il cilindro deve essere tarato regolarmente per garantirne la precisione.<\/li>\n<\/ul>\n<p><img decoding=\"async\" src=\"https:\/\/www.hydraulic-cylinders.net\/wp-content\/uploads\/2025\/01\/songte-chushion-collar.webp\"><\/p>\n<h2>Considerazioni sulla sicurezza e fattori ambientali<\/h2>\n<p>Le misure di sicurezza sono essenziali quando si utilizzano cilindri idraulici per prevenire incidenti. Anche lo smaltimento corretto del fluido idraulico e di altri materiali di scarto \u00e8 fondamentale per proteggere l'ambiente.<\/p>\n<h2>Diagnosi e risoluzione dei problemi<\/h2>\n<p>Un malfunzionamento del cilindro pu\u00f2 causare scarse prestazioni o persino incidenti. Una diagnosi e una risoluzione dei problemi adeguate possono aiutare a risolvere questi problemi.<\/p>\n<h2>Informazioni sulla nostra azienda<\/h2>\n<p>Siamo produttori di cilindri idraulici di ricambio. La nostra azienda offre un'ampia gamma di prodotti ed \u00e8 diventata uno dei principali produttori e grossisti di cilindri idraulici sul mercato nazionale e internazionale. Seguiamo il principio dell'eccellente qualit\u00e0 e ci affidiamo alla strategia di gestione della produzione industrializzata delle migliori officine manifatturiere. La nostra azienda migliora costantemente la piattaforma produttiva dell'officina, perfeziona il percorso di qualit\u00e0 della produzione e vanta una forte capacit\u00e0 creativa per soddisfare le diverse esigenze dei clienti con elevata efficienza, elevata precisione e alta qualit\u00e0. <\/p>\n<ul>\n<li>Professionalit\u00e0: ci avvaliamo di un team di professionisti esperti, impegnati nella produzione di cilindri idraulici di alta qualit\u00e0.<\/li>\n<li>Certificazione internazionale: i nostri prodotti hanno superato le certificazioni di qualit\u00e0 internazionali e sono stati esportati in molti paesi e regioni in tutto il mondo.<\/li>\n<li>Servizi di personalizzazione: offriamo servizi personalizzati per soddisfare le esigenze individuali dei clienti.<\/li>\n<li>Attrezzature di produzione: utilizziamo attrezzature di produzione digitale avanzate per garantire la qualit\u00e0 e l'efficienza del nostro processo produttivo.<\/li>\n<li>Servizio post-vendita: offriamo un servizio post-vendita completo per garantire la soddisfazione del cliente.<\/li>\n<\/ul>\n<p><img decoding=\"async\" src=\"https:\/\/www.hydraulic-cylinders.net\/wp-content\/uploads\/2025\/01\/songte-company-3.webp\"><\/p>\n<p>Autore: lyl.<\/p>","protected":false},"excerpt":{"rendered":"<p>Bucket Cylinder for Hyundai Middle Excavator R200-5-5D Introduction A bucket cylinder is a specially designed hydraulic cylinder used to control the movement of the bucket in heavy machinery like excavators, backhoe excavators, and front-end loaders. Its main function is to enable the bucket to lift, lower, and tilt, making it easier to transport various materials. [&hellip;]<\/p>","protected":false},"featured_media":14788,"comment_status":"open","ping_status":"closed","template":"","meta":{"_et_pb_use_builder":"","_et_pb_old_content":"","_et_gb_content_width":""},"product_brand":[],"product_cat":[1494],"product_tag":[1495,1496],"class_list":{"0":"post-15313","1":"product","2":"type-product","3":"status-publish","4":"has-post-thumbnail","6":"product_cat-bucket-cylinders","7":"product_tag-bucket-cylinders","8":"product_tag-hydraulic-cylinders","10":"first","11":"instock","12":"shipping-taxable","13":"product-type-simple"},"amp_enabled":true,"_links":{"self":[{"href":"https:\/\/www.hydraulic-cylinders.net\/it\/wp-json\/wp\/v2\/product\/15313","targetHints":{"allow":["GET"]}}],"collection":[{"href":"https:\/\/www.hydraulic-cylinders.net\/it\/wp-json\/wp\/v2\/product"}],"about":[{"href":"https:\/\/www.hydraulic-cylinders.net\/it\/wp-json\/wp\/v2\/types\/product"}],"replies":[{"embeddable":true,"href":"https:\/\/www.hydraulic-cylinders.net\/it\/wp-json\/wp\/v2\/comments?post=15313"}],"wp:featuredmedia":[{"embeddable":true,"href":"https:\/\/www.hydraulic-cylinders.net\/it\/wp-json\/wp\/v2\/media\/14788"}],"wp:attachment":[{"href":"https:\/\/www.hydraulic-cylinders.net\/it\/wp-json\/wp\/v2\/media?parent=15313"}],"wp:term":[{"taxonomy":"product_brand","embeddable":true,"href":"https:\/\/www.hydraulic-cylinders.net\/it\/wp-json\/wp\/v2\/product_brand?post=15313"},{"taxonomy":"product_cat","embeddable":true,"href":"https:\/\/www.hydraulic-cylinders.net\/it\/wp-json\/wp\/v2\/product_cat?post=15313"},{"taxonomy":"product_tag","embeddable":true,"href":"https:\/\/www.hydraulic-cylinders.net\/it\/wp-json\/wp\/v2\/product_tag?post=15313"}],"curies":[{"name":"parola chiave","href":"https:\/\/api.w.org\/{rel}","templated":true}]}}