{"id":15314,"date":"2025-01-19T14:22:28","date_gmt":"2025-01-19T14:22:28","guid":{"rendered":"https:\/\/www.hydraulic-cylinders.net\/product\/bucket-cylinder-for-hyundai-middle-excavator-r210-5d\/"},"modified":"2025-01-19T14:22:29","modified_gmt":"2025-01-19T14:22:29","slug":"bucket-cylinder-for-hyundai-middle-excavator-r210-5d","status":"publish","type":"product","link":"https:\/\/www.hydraulic-cylinders.net\/it\/prodotto\/bucket-cylinder-for-hyundai-middle-excavator-r210-5d\/","title":{"rendered":"Cilindro della benna per escavatore centrale Hyundai R210-5D"},"content":{"rendered":"<h1>Cilindro della benna per escavatore centrale Hyundai R210-5D<\/h1>\n<h2>Introduzione<\/h2>\n<p>Un cilindro benna \u00e8 un cilindro idraulico appositamente progettato per controllare il movimento della benna in macchinari pesanti, come escavatori, terne e pale caricatrici frontali. La sua funzione principale \u00e8 quella di consentire alla benna di sollevarsi, abbassarsi e inclinarsi, facilitando cos\u00ec diverse attivit\u00e0 di movimentazione dei materiali. Nel sistema idraulico, il cilindro benna consente un controllo preciso della benna variando la pressione dell'olio idraulico, consentendo agli operatori di movimentare oggetti pesanti in modo efficiente e di adattarsi ad ambienti di lavoro complessi e a diverse esigenze operative.<\/p>\n<p><img decoding=\"async\" src=\"https:\/\/www.hydraulic-cylinders.net\/wp-content\/uploads\/2025\/01\/songte-company-2.webp\" \/><\/p>\n<h2>Caratteristiche<\/h2>\n<ul>\n<li>\n<h3>Elevata resistenza e durata<\/h3>\n<p>I cilindri delle benne sono solitamente realizzati in acciaio o alluminio ad alta resistenza, in grado di sopportare pressioni elevate e carichi pesanti, e progettati tenendo conto della resistenza all'usura e alla corrosione per prolungarne la durata utile.<\/p>\n<\/li>\n<li>\n<h3>Funzionamento idraulico efficiente<\/h3>\n<p>I cilindri della benna sfruttano la pressione dell'olio idraulico per ottenere un'estensione e una contrazione fluide, rispondono rapidamente ai comandi di controllo, forniscono potenti forze di spinta e trazione e sono ideali per la movimentazione di oggetti pesanti e attivit\u00e0 operative complesse.<\/p>\n<\/li>\n<li>\n<h3>Diversi tipi<\/h3>\n<p>I cilindri della benna possono essere scelti a semplice effetto (idraulicamente utilizzati in una sola direzione) o a doppio effetto (idraulicamente utilizzati in due direzioni) a seconda delle esigenze operative. Alcuni modelli sono telescopici, consentendo una maggiore espansione senza aumentare le dimensioni esterne, adatti ad applicazioni con spazio limitato.<\/p>\n<\/li>\n<li>\n<h3>Sostituzione perfetta<\/h3>\n<p>I nostri prodotti possono sostituire perfettamente questi cilindri idraulici.<\/p>\n<\/li>\n<\/ul>\n<p><img decoding=\"async\" src=\"https:\/\/www.hydraulic-cylinders.net\/wp-content\/uploads\/2025\/01\/songte-cylinder-head-with-all-kinds-excavator-models.webp\" \/><\/p>\n<h2>Applicazioni<\/h2>\n<p>I cilindri a tazze sono ampiamente utilizzati in vari settori per scopi diversi, tra cui:<\/p>\n<ul>\n<li>\n<h3>Attrezzature da costruzione<\/h3>\n<p>I cilindri delle benne sono essenziali per gli escavatori durante le operazioni di scavo, carico e movimentazione di terreno o detriti. Nelle terne, i cilindri delle benne facilitano sia lo scavo che il sollevamento.<\/p>\n<\/li>\n<li>\n<h3>Macchine agricole<\/h3>\n<p>I cilindri della benna vengono utilizzati nelle pale caricatrici frontali per raccogliere, sollevare e trasportare terra, fieno e altri materiali. Negli escavatori, i cilindri della benna consentono lo scavo consentendo alla benna di penetrare nel terreno.<\/p>\n<\/li>\n<li>\n<h3>Caricatore<\/h3>\n<p>I cilindri della benna aiutano a sollevare e scaricare le merci in modo efficiente nelle pale caricatrici frontali.<\/p>\n<\/li>\n<\/ul>\n<h2>Considerazioni progettuali e criteri di selezione<\/h2>\n<ul>\n<li>\n<h3>Capacit\u00e0 portante<\/h3>\n<p>Il cilindro deve essere progettato per resistere a carichi e pressioni elevati e i materiali utilizzati devono essere estremamente durevoli e resistenti all'usura e alla corrosione.<\/p>\n<\/li>\n<li>\n<h3>Sigillatura e lubrificazione<\/h3>\n<p>Il cilindro deve utilizzare diverse guarnizioni, come anelli di tenuta per pistone e stelo, realizzate in materiali resistenti all'usura come poliuretano e gomma nitrilica. Le superfici del corpo del cilindro e delle estremit\u00e0 filettate devono essere sottoposte a un trattamento di precisione per migliorarne la resistenza all'usura. \u00c8 necessario aggiungere regolarmente olio idraulico per la lubrificazione.<\/p>\n<\/li>\n<li>\n<h3>Durata e sicurezza<\/h3>\n<p>La bombola deve essere progettata tenendo conto della sicurezza, con misure come le valvole di sicurezza. \u00c8 necessario effettuare una corretta manutenzione e ispezioni periodiche per garantirne la durata e la sicurezza.<\/p>\n<\/li>\n<\/ul>\n<p><img decoding=\"async\" src=\"https:\/\/www.hydraulic-cylinders.net\/wp-content\/uploads\/2025\/01\/songte-oil-pipes-and-spare-parts.webp\" \/><\/p>\n<h2>Manutenzione e riparazione<\/h2>\n<p>Per garantire la longevit\u00e0 dei cilindri delle benne, \u00e8 necessaria una manutenzione regolare e un'adeguata lubrificazione. Le attivit\u00e0 di manutenzione pi\u00f9 comuni includono:<\/p>\n<ul>\n<li>\n<h3>Ispezione periodica<\/h3>\n<p>Ispezionare regolarmente il cilindro per garantirne il corretto funzionamento e individuare eventuali problemi.<\/p>\n<\/li>\n<li>\n<h3>Lubrificazione<\/h3>\n<p>Aggiungere regolarmente la quantit\u00e0 appropriata di olio idraulico per garantire la corretta lubrificazione del cilindro.<\/p>\n<\/li>\n<li>\n<h3>Sostituzione della guarnizione<\/h3>\n<p>Sostituzione delle guarnizioni, come gli anelli di tenuta del pistone e gli anelli di tenuta dello stelo, quando necessario per preservare l'integrit\u00e0 del cilindro.<\/p>\n<\/li>\n<li>\n<h3>Controllo di calibrazione<\/h3>\n<p>Controllare periodicamente la taratura del cilindro per assicurarsi che funzioni come previsto.<\/p>\n<\/li>\n<\/ul>\n<p><img decoding=\"async\" src=\"https:\/\/www.hydraulic-cylinders.net\/wp-content\/uploads\/2025\/01\/songte-chushion-collar.webp\" \/><\/p>\n<h2>Considerazioni sulla sicurezza e sull'ambiente<\/h2>\n<p>\u00c8 necessario adottare misure di sicurezza quando si utilizzano i cilindri delle benne per ridurre al minimo il rischio di lesioni agli operatori e agli astanti. \u00c8 inoltre essenziale considerare i fattori ambientali, come il corretto smaltimento dell'olio idraulico esausto e delle guarnizioni, per ridurre l'inquinamento.<\/p>\n<h2>Risoluzione dei problemi e problemi comuni<\/h2>\n<p>I problemi pi\u00f9 comuni del cilindro della benna includono perdite, funzionamento lento e bassa pressione. Ecco alcuni suggerimenti e soluzioni per la risoluzione dei problemi:<\/p>\n<ul>\n<li>\n<h3>Perdita<\/h3>\n<p>Controllare le guarnizioni e sostituirle se necessario.<\/p>\n<\/li>\n<li>\n<h3>Operazione lenta<\/h3>\n<p>Controllare che il livello dell'olio idraulico sia sufficiente e, se necessario, regolare la valvola di controllo.<\/p>\n<\/li>\n<li>\n<h3>Bassa pressione<\/h3>\n<p>Controllare che la pompa idraulica funzioni correttamente e, se necessario, regolare la valvola di sicurezza.<\/p>\n<\/li>\n<li>\n<h3>Misure preventive<\/h3>\n<p>Una manutenzione e un'ispezione regolari possono aiutare a prevenire il verificarsi di problemi comuni e a garantire la longevit\u00e0 del cilindro.<\/p>\n<\/li>\n<\/ul>\n<p><img decoding=\"async\" src=\"https:\/\/www.hydraulic-cylinders.net\/wp-content\/uploads\/2025\/01\/songte-bushings-with-all-kinds-of-excavator-models.webp\" \/><\/p>\n<h2>Chi siamo<\/h2>\n<p>Siamo produttori di cilindri idraulici di ricambio. La nostra ampia gamma di prodotti ci ha reso uno dei principali produttori e grossisti di cilindri idraulici sul mercato nazionale e internazionale. Seguiamo il principio dell'eccellente qualit\u00e0 e ci affidiamo alle strategie di gestione della produzione industrializzata dei nostri sofisticati laboratori di produzione. Con un'attenzione particolare al talento tecnologico, alle apparecchiature di produzione digitali di fascia alta e ai sistemi di collaudo professionali, la nostra piattaforma produttiva continua a migliorare, perfezionando la qualit\u00e0 dei prodotti e i processi produttivi per soddisfare le diverse esigenze dei clienti con elevata efficienza, precisione e qualit\u00e0.<\/p>\n<h3>Professionalit\u00e0<\/h3>\n<p>La nostra azienda si impegna a fornire ai clienti prodotti e soluzioni per cilindri idraulici professionali e affidabili, supportata da un team di ingegneri e tecnici qualificati con esperienza nel settore dei macchinari idraulici.<\/p>\n<h3>Certificazione internazionale<\/h3>\n<p>La nostra azienda ha ottenuto certificazioni internazionali, come la ISO9001, a garanzia della qualit\u00e0 dei nostri prodotti.<\/p>\n<h3>Servizio personalizzato<\/h3>\n<p>Offriamo servizi personalizzati, studiati su misura per soddisfare le esigenze specifiche dei nostri clienti.<\/p>\n<h3>Attrezzature di produzione<\/h3>\n<p>La nostra azienda dispone di attrezzature di produzione e di collaudo all'avanguardia, che garantiscono che i nostri prodotti soddisfino standard elevati.<\/p>\n<h3>Servizio post-vendita<\/h3>\n<p>La nostra azienda fornisce un servizio post-vendita completo e tempestivo per garantire la soddisfazione del cliente.<\/p>\n<p><img decoding=\"async\" src=\"https:\/\/hzpt.com\/wp-content\/uploads\/2024\/11\/songte-company-1.webp\" \/><\/p>\n<p>Autore: lyl.<\/p>","protected":false},"excerpt":{"rendered":"<p>Bucket Cylinder For Hyundai Middle Excavator R210-5D Introduction A bucket cylinder is a specially designed hydraulic cylinder used to control the movement of the bucket in heavy machinery, such as excavators, backhoe loaders, and front-end loaders. Its main function is to enable the bucket to lift, lower, and tilt, thus facilitating various material handling tasks. [&hellip;]<\/p>","protected":false},"featured_media":14787,"comment_status":"open","ping_status":"closed","template":"","meta":{"_et_pb_use_builder":"","_et_pb_old_content":"","_et_gb_content_width":""},"product_brand":[],"product_cat":[1494],"product_tag":[1495,1496],"class_list":{"0":"post-15314","1":"product","2":"type-product","3":"status-publish","4":"has-post-thumbnail","6":"product_cat-bucket-cylinders","7":"product_tag-bucket-cylinders","8":"product_tag-hydraulic-cylinders","10":"first","11":"instock","12":"shipping-taxable","13":"product-type-simple"},"amp_enabled":true,"_links":{"self":[{"href":"https:\/\/www.hydraulic-cylinders.net\/it\/wp-json\/wp\/v2\/product\/15314","targetHints":{"allow":["GET"]}}],"collection":[{"href":"https:\/\/www.hydraulic-cylinders.net\/it\/wp-json\/wp\/v2\/product"}],"about":[{"href":"https:\/\/www.hydraulic-cylinders.net\/it\/wp-json\/wp\/v2\/types\/product"}],"replies":[{"embeddable":true,"href":"https:\/\/www.hydraulic-cylinders.net\/it\/wp-json\/wp\/v2\/comments?post=15314"}],"wp:featuredmedia":[{"embeddable":true,"href":"https:\/\/www.hydraulic-cylinders.net\/it\/wp-json\/wp\/v2\/media\/14787"}],"wp:attachment":[{"href":"https:\/\/www.hydraulic-cylinders.net\/it\/wp-json\/wp\/v2\/media?parent=15314"}],"wp:term":[{"taxonomy":"product_brand","embeddable":true,"href":"https:\/\/www.hydraulic-cylinders.net\/it\/wp-json\/wp\/v2\/product_brand?post=15314"},{"taxonomy":"product_cat","embeddable":true,"href":"https:\/\/www.hydraulic-cylinders.net\/it\/wp-json\/wp\/v2\/product_cat?post=15314"},{"taxonomy":"product_tag","embeddable":true,"href":"https:\/\/www.hydraulic-cylinders.net\/it\/wp-json\/wp\/v2\/product_tag?post=15314"}],"curies":[{"name":"parola chiave","href":"https:\/\/api.w.org\/{rel}","templated":true}]}}