{"id":15320,"date":"2025-01-19T14:22:52","date_gmt":"2025-01-19T14:22:52","guid":{"rendered":"https:\/\/www.hydraulic-cylinders.net\/product\/bucket-cylinder-for-hyundai-middle-excavator-r220lc-5\/"},"modified":"2025-01-19T14:22:54","modified_gmt":"2025-01-19T14:22:54","slug":"bucket-cylinder-for-hyundai-middle-excavator-r220lc-5","status":"publish","type":"product","link":"https:\/\/www.hydraulic-cylinders.net\/it\/prodotto\/bucket-cylinder-for-hyundai-middle-excavator-r220lc-5\/","title":{"rendered":"Cilindro della benna per escavatore centrale Hyundai R220LC-5"},"content":{"rendered":"<p><!DOCTYPE html><br \/>\n<html><br \/>\n<head><br \/>\n<title>Cilindro della benna per escavatore centrale Hyundai R220LC-5<\/title><br \/>\n<\/head><br \/>\n<body><\/p>\n<h1>Cilindro della benna per escavatore centrale Hyundai R220LC-5<\/h1>\n<h2>Introduzione<\/h2>\n<p>Il cilindro della benna per l'escavatore centrale Hyundai R220LC-5 \u00e8 un cilindro idraulico appositamente progettato per controllare il movimento della benna in macchinari pesanti come escavatori, terne e pale caricatrici frontali. La sua funzione principale \u00e8 quella di consentire alla benna di sollevarsi, abbassarsi e inclinarsi, facilitando la movimentazione di materiali in diverse attivit\u00e0. Nel sistema idraulico, il cilindro della benna garantisce un controllo preciso della benna attraverso le variazioni di pressione dell'olio idraulico, consentendo agli operatori di gestire in modo efficiente carichi pesanti e di adattarsi ad ambienti di lavoro complessi e a diverse esigenze operative.<\/p>\n<p><img decoding=\"async\" src=\"https:\/\/www.hydraulic-cylinders.net\/wp-content\/uploads\/2025\/01\/songte-company-2.webp\"><\/p>\n<h2>Caratteristiche<\/h2>\n<ul>\n<li>Elevata resistenza e durevolezza: solitamente realizzati in acciaio o alluminio ad alta resistenza, possono sopportare pressioni elevate e carichi pesanti, adattarsi ad ambienti di lavoro difficili ed essere progettati tenendo conto della resistenza all'usura e alla corrosione per prolungarne la durata utile.<\/li>\n<li>Funzionamento idraulico efficiente: sfruttando la pressione dell'olio idraulico, realizza movimenti di estensione e retrazione fluidi, risponde rapidamente ai comandi di controllo, fornisce potenti forze di spinta e trazione ed \u00e8 adatto alla movimentazione di carichi pesanti e attivit\u00e0 operative complesse.<\/li>\n<li>Diverse tipologie: a seconda delle esigenze si possono scegliere cilindri a semplice effetto (idraulici utilizzati in una sola direzione) o a doppio effetto (idraulici utilizzati in entrambe le direzioni), alcuni modelli sono telescopici, consentendo una maggiore estensione senza aumentare l'ingombro esterno, rendendoli adatti ad applicazioni con spazio limitato.<\/li>\n<\/ul>\n<p><img decoding=\"async\" src=\"https:\/\/www.hydraulic-cylinders.net\/wp-content\/uploads\/2025\/01\/songte-cylinder-head-with-all-kinds-excavator-models.webp\"><\/p>\n<h2>Applicazioni<\/h2>\n<ul>\n<li>Attrezzature edili: presenti negli escavatori, sono essenziali per scavare, caricare e spostare terreno o detriti. Nelle terne, il cilindro della benna agevola sia lo scavo che il sollevamento.<\/li>\n<li>Macchine agricole: utilizzate nelle pale caricatrici frontali per raccogliere, sollevare e trasportare terra, fieno e altri materiali.<\/li>\n<li>Escavatori: il cilindro della benna consente di effettuare azioni di scavo consentendo alla benna di penetrare nel terreno.<\/li>\n<li>Caricatori: nei caricatori frontali, aiutano a sollevare e scaricare il carico in modo efficace.<\/li>\n<\/ul>\n<h2>Considerazioni progettuali e criteri di selezione<\/h2>\n<p>Nella progettazione dei cilindri a tazza vengono presi in considerazione diversi fattori chiave, tra cui la capacit\u00e0 di carico, la capacit\u00e0 di tenuta, la durata, la sicurezza e la manutenibilit\u00e0.<\/p>\n<p><img decoding=\"async\" src=\"https:\/\/www.hydraulic-cylinders.net\/wp-content\/uploads\/2025\/01\/songte-oil-pipes-and-spare-parts.webp\"><\/p>\n<h2>Sigillatura e lubrificazione<\/h2>\n<p>Vengono utilizzati vari componenti di tenuta, come guarnizioni per pistoni e steli, realizzati in materiali resistenti all'usura come poliuretano e gomma nitrilica. Il corpo del cilindro e le superfici filettate sono finemente trattati per migliorarne la resistenza all'usura. Per garantire un funzionamento regolare, \u00e8 necessaria una lubrificazione regolare con olio idraulico appropriato.<\/p>\n<h2>Ispezione regolare e manutenzione preventiva<\/h2>\n<ul>\n<li>Controllare regolarmente il cilindro per verificare eventuali segni di usura, perdite o danni.<\/li>\n<li>Lubrificare adeguatamente il cilindro e assicurarsi che le guarnizioni siano in buone condizioni.<\/li>\n<\/ul>\n<h2>Guida all'installazione del prodotto<\/h2>\n<p>Per una corretta installazione, seguire questi passaggi:<\/p>\n<ol>\n<li>Allineare correttamente il cilindro durante l'installazione.<\/li>\n<li>Utilizzare staffe di installazione appropriate per fissare il cilindro.<\/li>\n<\/ol>\n<p><img decoding=\"async\" src=\"https:\/\/www.hydraulic-cylinders.net\/wp-content\/uploads\/2025\/01\/songte-chushion-collar.webp\"><\/p>\n<h2>Attivit\u00e0 di manutenzione<\/h2>\n<ul>\n<li>Ispezione regolare<\/li>\n<li>Lubrificazione adeguata<\/li>\n<li>Sostituzione della guarnizione<\/li>\n<li>Controlli di calibrazione<\/li>\n<\/ul>\n<p>\u00c8 importante sottolineare l'importanza di una corretta installazione, lubrificazione e regolazione per massimizzare la durata del cilindro. Fornire istruzioni sull'allineamento del cilindro durante l'installazione e raccomandare l'uso di staffe di installazione appropriate per fissarlo pu\u00f2 contribuire notevolmente alla sua longevit\u00e0. \u00c8 necessario fornire le procedure consigliate per l'ispezione, la riparazione e la sostituzione, nonch\u00e9 suggerimenti per aumentare la durata del cilindro.<\/p>\n<p><img decoding=\"async\" src=\"https:\/\/www.hydraulic-cylinders.net\/wp-content\/uploads\/2025\/01\/songte-bushings-with-all-kinds-of-excavator-models.webp\"><\/p>\n<h2>Considerazioni sulla sicurezza e fattori ambientali<\/h2>\n<p>Quando si utilizza il cilindro della benna, \u00e8 importante seguire le misure di sicurezza per prevenire incidenti e ridurre al minimo l'impatto ambientale. \u00c8 necessario adottare misure di sicurezza quando si utilizzano macchinari pesanti per garantire la salute degli operatori e di chi si trova nelle vicinanze dell'attrezzatura.<\/p>\n<h2>Risoluzione dei problemi e problemi comuni<\/h2>\n<p>I problemi pi\u00f9 comuni che possono verificarsi con i cilindri delle benne includono perdite, prestazioni ridotte e movimenti anomali. Per risolvere questi problemi:<\/p>\n<ul>\n<li>Eseguire ispezioni regolari per individuare eventuali problemi.<\/li>\n<li>Fornire suggerimenti e soluzioni per la risoluzione dei problemi, per aiutare i lettori a diagnosticare e risolvere efficacemente i problemi.<\/li>\n<li>Suggerire misure preventive per ridurre al minimo i potenziali problemi.<\/li>\n<\/ul>\n<p><img decoding=\"async\" src=\"https:\/\/www.hydraulic-cylinders.net\/wp-content\/uploads\/2025\/01\/songte-company-3.webp\"><\/p>\n<h2>Informazioni sulla nostra azienda<\/h2>\n<p>Siamo un'azienda produttrice specializzata in cilindri idraulici di ricambio. Con un'ampia gamma di prodotti, siamo diventati uno dei principali produttori e distributori all'ingrosso di cilindri idraulici sul mercato nazionale e internazionale. Aderiamo ai principi di eccellenza, ci affidiamo a strategie di gestione della produzione industrializzata nei nostri sofisticati laboratori di produzione e miglioriamo costantemente le nostre piattaforme produttive per una migliore qualit\u00e0 del prodotto. Grazie a una forte capacit\u00e0 creativa, miriamo a soddisfare le diverse esigenze dei clienti con elevata efficienza, precisione e qualit\u00e0.<\/p>\n<p>Inoltre, offriamo professionalit\u00e0, certificazioni internazionali, servizi personalizzati, attrezzature di produzione all'avanguardia e servizi post-vendita completi.<\/p>\n<p><img decoding=\"async\" src=\"https:\/\/www.hydraulic-cylinders.net\/wp-content\/uploads\/2025\/01\/songte-company-1.webp\"><\/p>\n<p>Autore: lyl<\/p>\n<p><\/body><br \/>\n<\/html><\/p>","protected":false},"excerpt":{"rendered":"<p>Bucket Cylinder For Hyundai Middle Excavator R220LC-5 Bucket Cylinder For Hyundai Middle Excavator R220LC-5 Introduction The bucket cylinder for Hyundai middle excavator R220LC-5 is a specially designed hydraulic cylinder used to control the movement of the bucket in heavy machinery such as excavators, backhoe loaders, and front-end loaders. Its main function is to enable the [&hellip;]<\/p>","protected":false},"featured_media":14776,"comment_status":"open","ping_status":"closed","template":"","meta":{"_et_pb_use_builder":"","_et_pb_old_content":"","_et_gb_content_width":""},"product_brand":[],"product_cat":[1494],"product_tag":[1495,1496],"class_list":{"0":"post-15320","1":"product","2":"type-product","3":"status-publish","4":"has-post-thumbnail","6":"product_cat-bucket-cylinders","7":"product_tag-bucket-cylinders","8":"product_tag-hydraulic-cylinders","10":"first","11":"instock","12":"shipping-taxable","13":"product-type-simple"},"amp_enabled":true,"_links":{"self":[{"href":"https:\/\/www.hydraulic-cylinders.net\/it\/wp-json\/wp\/v2\/product\/15320","targetHints":{"allow":["GET"]}}],"collection":[{"href":"https:\/\/www.hydraulic-cylinders.net\/it\/wp-json\/wp\/v2\/product"}],"about":[{"href":"https:\/\/www.hydraulic-cylinders.net\/it\/wp-json\/wp\/v2\/types\/product"}],"replies":[{"embeddable":true,"href":"https:\/\/www.hydraulic-cylinders.net\/it\/wp-json\/wp\/v2\/comments?post=15320"}],"wp:featuredmedia":[{"embeddable":true,"href":"https:\/\/www.hydraulic-cylinders.net\/it\/wp-json\/wp\/v2\/media\/14776"}],"wp:attachment":[{"href":"https:\/\/www.hydraulic-cylinders.net\/it\/wp-json\/wp\/v2\/media?parent=15320"}],"wp:term":[{"taxonomy":"product_brand","embeddable":true,"href":"https:\/\/www.hydraulic-cylinders.net\/it\/wp-json\/wp\/v2\/product_brand?post=15320"},{"taxonomy":"product_cat","embeddable":true,"href":"https:\/\/www.hydraulic-cylinders.net\/it\/wp-json\/wp\/v2\/product_cat?post=15320"},{"taxonomy":"product_tag","embeddable":true,"href":"https:\/\/www.hydraulic-cylinders.net\/it\/wp-json\/wp\/v2\/product_tag?post=15320"}],"curies":[{"name":"parola chiave","href":"https:\/\/api.w.org\/{rel}","templated":true}]}}