{"id":15328,"date":"2025-01-19T14:23:32","date_gmt":"2025-01-19T14:23:32","guid":{"rendered":"https:\/\/www.hydraulic-cylinders.net\/product\/bucket-cylinder-for-hyundai-large-excavator-r300lc-5\/"},"modified":"2025-01-19T14:23:34","modified_gmt":"2025-01-19T14:23:34","slug":"bucket-cylinder-for-hyundai-large-excavator-r300lc-5","status":"publish","type":"product","link":"https:\/\/www.hydraulic-cylinders.net\/it\/prodotto\/bucket-cylinder-for-hyundai-large-excavator-r300lc-5\/","title":{"rendered":"Cilindro della benna per escavatore grande Hyundai R300LC-5"},"content":{"rendered":"<h1>Cilindro della benna per escavatore grande Hyundai R300LC-5<\/h1>\n<h2>Introduzione<\/h2>\n<p>Il cilindro della benna per l'escavatore di grandi dimensioni Hyundai R300LC-5 \u00e8 un cilindro idraulico specializzato progettato per controllare il movimento della benna in macchinari pesanti come escavatori, terne e pale caricatrici frontali. La sua funzione principale \u00e8 quella di consentire il sollevamento, l'abbassamento e l'inclinazione della benna, rendendolo adatto a diverse attivit\u00e0 di movimentazione dei materiali. Nel sistema idraulico, il cilindro della benna garantisce un controllo preciso della benna attraverso variazioni della pressione dell'olio idraulico, consentendo agli operatori di gestire in modo efficiente carichi pesanti e di adattarsi ad ambienti di lavoro impegnativi e a diverse esigenze operative.<\/p>\n<p><img decoding=\"async\" src=\"https:\/\/www.hydraulic-cylinders.net\/wp-content\/uploads\/2025\/01\/songte-company-2.webp\" alt=\"Immagine del cilindro del secchio\"><\/p>\n<h2>Caratteristiche<\/h2>\n<ul>\n<li>Elevata resistenza e durata: solitamente realizzato in acciaio o alluminio ad alta resistenza, il cilindro della benna pu\u00f2 sopportare pressioni elevate e carichi pesanti, adattandosi ad ambienti di lavoro difficili. Il suo design \u00e8 progettato per resistere all'usura e alla corrosione, prolungandone la durata.<\/li>\n<li>Funzionamento idraulico efficiente: utilizzando la pressione dell'olio idraulico, il cilindro della benna esegue azioni di estensione e retrazione fluide, consentendo una risposta rapida ai comandi di controllo e fornendo potenti forze di spinta e trazione adatte alla movimentazione di carichi pesanti e attivit\u00e0 operative complesse.<\/li>\n<li>Varie tipologie: il cilindro della benna pu\u00f2 essere selezionato come cilindro a semplice effetto (pressione idraulica utilizzata in una sola direzione) o a doppio effetto (pressione idraulica utilizzata in entrambe le direzioni) in base alle esigenze, per soddisfare diverse esigenze operative. Alcuni modelli sono telescopici, consentendo una maggiore estensione senza aumentare le dimensioni esterne, rendendoli adatti ad applicazioni con spazio limitato.<\/li>\n<li>Sostituzione perfetta: il nostro prodotto pu\u00f2 sostituire perfettamente questi cilindri idraulici.<\/li>\n<\/ul>\n<p><img decoding=\"async\" src=\"https:\/\/www.hydraulic-cylinders.net\/wp-content\/uploads\/2025\/01\/songte-cylinder-head-with-all-kinds-excavator-models.webp\" alt=\"Immagine del cilindro idraulico\"><\/p>\n<h2>Applicazioni<\/h2>\n<p>Il cilindro della benna per l'escavatore di grandi dimensioni Hyundai R300LC-5 trova applicazione in diverse attrezzature:<\/p>\n<ul>\n<li>Attrezzature edili: presenti negli escavatori, sono fondamentali per scavare, caricare e spostare terreno o detriti. Nelle terne, il cilindro della benna agevola sia lo scavo che il sollevamento.<\/li>\n<li>Macchine agricole: utilizzate nei caricatori frontali, aiutano a raccogliere, sollevare e trasportare terra, fieno e altri materiali.<\/li>\n<li>Escavatori: il cilindro della benna consente di effettuare azioni di scavo consentendo alla benna di penetrare nel terreno.<\/li>\n<li>Caricatori: nei caricatori frontali, aiutano a sollevare e inclinare le merci in modo efficace.<\/li>\n<\/ul>\n<h2>Considerazioni progettuali e criteri di selezione<\/h2>\n<p>Le considerazioni di progettazione per il cilindro della benna per l'escavatore di grandi dimensioni Hyundai R300LC-5 includono fattori quali capacit\u00e0 di carico, tenuta, durata, sicurezza e manutenibilit\u00e0.<\/p>\n<p><img decoding=\"async\" src=\"https:\/\/www.hydraulic-cylinders.net\/wp-content\/uploads\/2025\/01\/songte-oil-pipes-and-spare-parts.webp\" alt=\"Immagine dei componenti del cilindro idraulico\"><\/p>\n<h2>Sigillatura e lubrificazione<\/h2>\n<p>Il cilindro della benna utilizza vari elementi di tenuta, come guarnizioni per pistone, guarnizioni per stelo, ecc. Le guarnizioni sono realizzate in materiali resistenti all'usura come poliuretano, gomma nitrilica, ecc. Il corpo del cilindro e le estremit\u00e0 filettate sono trattati con cura per migliorarne la resistenza all'usura. Per mantenere una lubrificazione adeguata, \u00e8 necessaria una lubrificazione regolare con la giusta quantit\u00e0 di olio idraulico.<\/p>\n<h2>Ispezione e manutenzione preventiva<\/h2>\n<p>Ispezioni regolari e manutenzione preventiva sono essenziali per prestazioni ottimali. I punti chiave includono:<\/p>\n<ul>\n<li>Controlli regolari<\/li>\n<li>Lubrificazione adeguata<\/li>\n<li>Sostituzione della guarnizione<\/li>\n<li>Controlli di calibrazione<\/li>\n<\/ul>\n<p><img decoding=\"async\" src=\"https:\/\/www.hydraulic-cylinders.net\/wp-content\/uploads\/2025\/01\/songte-chushion-collar.webp\" alt=\"Immagine di installazione del cilindro idraulico\"><\/p>\n<h2>Considerazioni sulla sicurezza e fattori ambientali<\/h2>\n<p>Quando si utilizza il cilindro della benna, \u00e8 importante seguire le misure di sicurezza per garantire un ambiente di lavoro sicuro.<\/p>\n<h2>Risoluzione dei problemi e problemi comuni<\/h2>\n<p>Possono verificarsi problemi durante l'utilizzo del cilindro della benna. Ecco alcuni problemi comuni e le relative soluzioni:<\/p>\n<p><img decoding=\"async\" src=\"https:\/\/www.hydraulic-cylinders.net\/wp-content\/uploads\/2025\/01\/songte-bushings-with-all-kinds-of-excavator-models.webp\" alt=\"Immagine delle boccole del cilindro idraulico\"><\/p>\n<h2>Conclusione<\/h2>\n<p>La nostra azienda \u00e8 leader nella produzione e distribuzione all'ingrosso di cilindri idraulici sul mercato nazionale e internazionale. Offriamo una gamma completa di prodotti e diamo priorit\u00e0 all'eccellenza qualitativa. Grazie ai nostri impianti di produzione all'avanguardia, alla forza lavoro qualificata e all'impegno per la soddisfazione del cliente, ci impegniamo a soddisfare le diverse esigenze dei clienti con efficienza, precisione e standard qualitativi elevati.<\/p>\n<p><img decoding=\"async\" src=\"https:\/\/www.hydraulic-cylinders.net\/wp-content\/uploads\/2025\/01\/songte-company-3.webp\" alt=\"Immagine aziendale\"><\/p>\n<p>Autore: lyl<\/p>","protected":false},"excerpt":{"rendered":"<p>Bucket Cylinder For Hyundai Large Excavator R300LC-5 Introduction The Bucket Cylinder for Hyundai Large Excavator R300LC-5 is a specialized hydraulic cylinder designed to control the movement of the bucket in heavy machinery such as excavators, backhoe loaders, and front loaders. Its main function is to enable the lifting, lowering, and tilting of the bucket, making [&hellip;]<\/p>","protected":false},"featured_media":14788,"comment_status":"open","ping_status":"closed","template":"","meta":{"_et_pb_use_builder":"","_et_pb_old_content":"","_et_gb_content_width":""},"product_brand":[],"product_cat":[1494],"product_tag":[1495,1496],"class_list":{"0":"post-15328","1":"product","2":"type-product","3":"status-publish","4":"has-post-thumbnail","6":"product_cat-bucket-cylinders","7":"product_tag-bucket-cylinders","8":"product_tag-hydraulic-cylinders","10":"first","11":"instock","12":"shipping-taxable","13":"product-type-simple"},"amp_enabled":true,"_links":{"self":[{"href":"https:\/\/www.hydraulic-cylinders.net\/it\/wp-json\/wp\/v2\/product\/15328","targetHints":{"allow":["GET"]}}],"collection":[{"href":"https:\/\/www.hydraulic-cylinders.net\/it\/wp-json\/wp\/v2\/product"}],"about":[{"href":"https:\/\/www.hydraulic-cylinders.net\/it\/wp-json\/wp\/v2\/types\/product"}],"replies":[{"embeddable":true,"href":"https:\/\/www.hydraulic-cylinders.net\/it\/wp-json\/wp\/v2\/comments?post=15328"}],"wp:featuredmedia":[{"embeddable":true,"href":"https:\/\/www.hydraulic-cylinders.net\/it\/wp-json\/wp\/v2\/media\/14788"}],"wp:attachment":[{"href":"https:\/\/www.hydraulic-cylinders.net\/it\/wp-json\/wp\/v2\/media?parent=15328"}],"wp:term":[{"taxonomy":"product_brand","embeddable":true,"href":"https:\/\/www.hydraulic-cylinders.net\/it\/wp-json\/wp\/v2\/product_brand?post=15328"},{"taxonomy":"product_cat","embeddable":true,"href":"https:\/\/www.hydraulic-cylinders.net\/it\/wp-json\/wp\/v2\/product_cat?post=15328"},{"taxonomy":"product_tag","embeddable":true,"href":"https:\/\/www.hydraulic-cylinders.net\/it\/wp-json\/wp\/v2\/product_tag?post=15328"}],"curies":[{"name":"parola chiave","href":"https:\/\/api.w.org\/{rel}","templated":true}]}}