{"id":15339,"date":"2025-01-19T14:24:21","date_gmt":"2025-01-19T14:24:21","guid":{"rendered":"https:\/\/www.hydraulic-cylinders.net\/product\/bucket-cylinder-for-kobelco-small-excavator-sk115\/"},"modified":"2025-01-19T14:24:23","modified_gmt":"2025-01-19T14:24:23","slug":"bucket-cylinder-for-kobelco-small-excavator-sk115","status":"publish","type":"product","link":"https:\/\/www.hydraulic-cylinders.net\/it\/prodotto\/bucket-cylinder-for-kobelco-small-excavator-sk115\/","title":{"rendered":"Cilindro della benna per escavatore piccolo Kobelco SK115"},"content":{"rendered":"<h1>Cilindro della benna per escavatore piccolo Kobelco SK115<\/h1>\n<h2>Introduzione<\/h2>\n<p>Un cilindro benna \u00e8 un cilindro idraulico appositamente progettato per controllare il movimento delle benne in macchinari pesanti come escavatori, terne e pale caricatrici frontali. La sua funzione principale \u00e8 quella di consentire alla benna di eseguire operazioni di sollevamento, abbassamento e inclinazione, facilitando diverse attivit\u00e0 di movimentazione dei materiali. Nei sistemi idraulici, i cilindri benna consentono un controllo preciso della benna sfruttando le variazioni della pressione dell'olio idraulico, consentendo agli operatori di gestire in modo efficiente carichi pesanti e di adattarsi ad ambienti di lavoro complessi e a diverse esigenze operative.<\/p>\n<p><img decoding=\"async\" src=\"https:\/\/www.hydraulic-cylinders.net\/wp-content\/uploads\/2025\/01\/songte-company-2.webp\"><\/p>\n<h2>Caratteristiche<\/h2>\n<ul>\n<li>Elevata resistenza e durata: realizzati in genere in acciaio o alluminio ad alta resistenza, i cilindri delle benne possono sopportare pressioni elevate e carichi pesanti, adattandosi a condizioni di lavoro difficili. Il design tiene conto della resistenza all'usura e alla corrosione, prolungando cos\u00ec la durata del prodotto.<\/li>\n<li>Funzionamento idraulico efficiente: sfruttando la pressione dell'olio idraulico, i cilindri della benna realizzano movimenti di estensione e retrazione fluidi, consentendo una risposta rapida ai comandi di controllo e fornendo potenti forze di spinta e trazione adatte alla movimentazione di carichi pesanti e attivit\u00e0 operative complesse.<\/li>\n<li>Varie tipologie: i cilindri della benna possono essere scelti come cilindri a semplice effetto (pressione idraulica utilizzata in una sola direzione) o a doppio effetto (pressione idraulica utilizzata in entrambe le direzioni) in base alle specifiche esigenze operative. Alcuni modelli sono telescopici, consentendo una maggiore estensione senza aumentare le dimensioni esterne, rendendoli adatti ad applicazioni con spazio limitato.<\/li>\n<li>Sostituzione perfetta: i nostri prodotti possono sostituire perfettamente questi cilindri idraulici.<\/li>\n<\/ul>\n<p><img decoding=\"async\" src=\"https:\/\/www.hydraulic-cylinders.net\/wp-content\/uploads\/2025\/01\/songte-cylinder-head-with-all-kinds-excavator-models.webp\"><\/p>\n<h2>Applicazioni<\/h2>\n<p>I cilindri a tazze trovano applicazione in vari settori e attrezzature:<\/p>\n<h3>Attrezzature per l'edilizia<\/h3>\n<p>Negli escavatori, sono essenziali per scavare, caricare e spostare terreno o detriti. Nelle terne, i cilindri della benna aiutano sia nello scavo che nel sollevamento.<\/p>\n<h3>Macchine agricole<\/h3>\n<p>Utilizzato nelle pale caricatrici frontali per raccogliere, sollevare e trasportare terra, fieno e altri materiali.<\/p>\n<h3>Escavatori<\/h3>\n<p>I cilindri della benna consentono le azioni di scavo consentendo alla benna di penetrare nel terreno.<\/p>\n<h3>Caricatori<\/h3>\n<p>Nei caricatori frontali, aiutano a sollevare e scaricare le merci in modo efficace.<\/p>\n<p><img decoding=\"async\" src=\"https:\/\/www.hydraulic-cylinders.net\/wp-content\/uploads\/2025\/01\/songte-oil-pipes-and-spare-parts.webp\"><\/p>\n<h2>Considerazioni progettuali e criteri di selezione<\/h2>\n<ul>\n<li>Capacit\u00e0 portante: i cilindri della benna sono progettati per resistere ai requisiti di carico specificati e garantire un funzionamento sicuro.<\/li>\n<li>Tenuta: per garantire una tenuta efficace e prevenire perdite, vengono utilizzate varie guarnizioni, come guarnizioni per pistoni e guarnizioni per steli, realizzate in materiali resistenti all'usura come poliuretano e gomma nitrilica.<\/li>\n<li>Durata: il corpo del cilindro e le estremit\u00e0 filettate sono sottoposti a un trattamento accurato per aumentarne la resistenza all'usura.<\/li>\n<li>Sicurezza: nella progettazione sono integrate funzioni di sicurezza per prevenire incidenti e garantire la protezione dell'operatore.<\/li>\n<li>Manutenibilit\u00e0: vengono prese in considerazione le considerazioni relative alla facilit\u00e0 di manutenzione e riparazione, consentendo un'assistenza efficiente e riducendo al minimo i tempi di fermo.<\/li>\n<\/ul>\n<p><img decoding=\"async\" src=\"https:\/\/www.hydraulic-cylinders.net\/wp-content\/uploads\/2025\/01\/songte-bushings-with-all-kinds-of-excavator-models.webp\"><\/p>\n<h2>Sigillatura e lubrificazione<\/h2>\n<p>I cilindri a tazza utilizzano diverse guarnizioni, come quelle per pistone e stelo, realizzate in materiali resistenti all'usura. Il corpo del cilindro e le estremit\u00e0 filettate sono sottoposti a un trattamento di precisione per migliorarne la resistenza all'usura. Una lubrificazione regolare con la giusta quantit\u00e0 di olio idraulico \u00e8 necessaria per garantire un funzionamento regolare e prolungare la durata del cilindro.<\/p>\n<h2>Ispezione e manutenzione preventiva<\/h2>\n<p>Per garantire prestazioni ottimali e una lunga durata del cilindro della benna, sono essenziali ispezioni regolari e interventi di manutenzione preventiva. Tali interventi includono:<\/p>\n<ul>\n<li>Ispezionare regolarmente il cilindro per individuare eventuali segni di usura, danni o perdite.<\/li>\n<li>Corretta lubrificazione dei componenti del cilindro.<\/li>\n<li>Sostituzione delle guarnizioni usurate e controlli periodici della taratura.<\/li>\n<\/ul>\n<p><img decoding=\"async\" src=\"https:\/\/www.hydraulic-cylinders.net\/wp-content\/uploads\/2025\/01\/songte-chushion-collar.webp\"><\/p>\n<h2>Considerazioni sulla sicurezza e fattori ambientali<\/h2>\n<p>Quando si utilizzano i cilindri per benne, \u00e8 fondamentale seguire le misure di sicurezza per garantire la sicurezza dell'operatore e prevenire incidenti. La corretta installazione, il corretto funzionamento e la corretta manutenzione sono essenziali per mantenere un ambiente di lavoro sicuro. \u00c8 inoltre necessario considerare i fattori ambientali per ridurre al minimo qualsiasi impatto negativo durante il funzionamento.<\/p>\n<h2>Diagnosi dei guasti e problemi comuni<\/h2>\n<p>In caso di guasti, \u00e8 importante diagnosticare e risolvere tempestivamente i problemi. Tra i problemi pi\u00f9 comuni che possono verificarsi figurano:<\/p>\n<ul>\n<li>Perdita di fluido idraulico.<\/li>\n<li>Movimento improprio o a scatti del secchio.<\/li>\n<li>Forza di sollevamento o spinta ridotta.<\/li>\n<\/ul>\n<p>Per ogni problema \u00e8 necessario implementare tempestivamente la risoluzione dei problemi e le soluzioni appropriate, insieme a misure preventive per ridurre al minimo i potenziali problemi.<\/p>\n<p><img decoding=\"async\" src=\"https:\/\/www.hydraulic-cylinders.net\/wp-content\/uploads\/2025\/01\/songte-company-1.webp\"><\/p>\n<h2>Conclusione<\/h2>\n<p>In qualit\u00e0 di produttore e distributore all'ingrosso leader di cilindri idraulici, la nostra azienda offre una gamma completa di prodotti. Diamo priorit\u00e0 all'eccellenza qualitativa e adottiamo strategie di gestione della produzione industriale nei nostri laboratori di produzione altamente attrezzati. Grazie alla nostra competenza tecnica, alle attrezzature di produzione all'avanguardia e ai sistemi di collaudo professionali, miglioriamo costantemente le nostre capacit\u00e0 produttive, miglioriamo i percorsi di produzione per la qualit\u00e0 dei prodotti e siamo in grado di soddisfare le diverse esigenze dei clienti con elevata efficienza, precisione e qualit\u00e0. La nostra azienda si distingue per professionalit\u00e0, certificazioni internazionali, servizi personalizzati, attrezzature di produzione e assistenza post-vendita.<\/p>\n<p><img decoding=\"async\" src=\"https:\/\/www.hydraulic-cylinders.net\/wp-content\/uploads\/2025\/01\/songte-company-3.webp\"><\/p>\n<p>Autore: lyl<\/p>","protected":false},"excerpt":{"rendered":"<p>Bucket Cylinder For Kobelco Small Excavator SK115 Introduction A bucket cylinder is a specially designed hydraulic cylinder used to control the movement of buckets in heavy machinery such as excavators, backhoe loaders, and front-end loaders. Its main function is to enable the bucket to perform lifting, lowering, and tilting actions, facilitating various material handling tasks. [&hellip;]<\/p>","protected":false},"featured_media":14765,"comment_status":"open","ping_status":"closed","template":"","meta":{"_et_pb_use_builder":"","_et_pb_old_content":"","_et_gb_content_width":""},"product_brand":[],"product_cat":[1494],"product_tag":[1495,1496],"class_list":{"0":"post-15339","1":"product","2":"type-product","3":"status-publish","4":"has-post-thumbnail","6":"product_cat-bucket-cylinders","7":"product_tag-bucket-cylinders","8":"product_tag-hydraulic-cylinders","10":"first","11":"instock","12":"shipping-taxable","13":"product-type-simple"},"amp_enabled":true,"_links":{"self":[{"href":"https:\/\/www.hydraulic-cylinders.net\/it\/wp-json\/wp\/v2\/product\/15339","targetHints":{"allow":["GET"]}}],"collection":[{"href":"https:\/\/www.hydraulic-cylinders.net\/it\/wp-json\/wp\/v2\/product"}],"about":[{"href":"https:\/\/www.hydraulic-cylinders.net\/it\/wp-json\/wp\/v2\/types\/product"}],"replies":[{"embeddable":true,"href":"https:\/\/www.hydraulic-cylinders.net\/it\/wp-json\/wp\/v2\/comments?post=15339"}],"wp:featuredmedia":[{"embeddable":true,"href":"https:\/\/www.hydraulic-cylinders.net\/it\/wp-json\/wp\/v2\/media\/14765"}],"wp:attachment":[{"href":"https:\/\/www.hydraulic-cylinders.net\/it\/wp-json\/wp\/v2\/media?parent=15339"}],"wp:term":[{"taxonomy":"product_brand","embeddable":true,"href":"https:\/\/www.hydraulic-cylinders.net\/it\/wp-json\/wp\/v2\/product_brand?post=15339"},{"taxonomy":"product_cat","embeddable":true,"href":"https:\/\/www.hydraulic-cylinders.net\/it\/wp-json\/wp\/v2\/product_cat?post=15339"},{"taxonomy":"product_tag","embeddable":true,"href":"https:\/\/www.hydraulic-cylinders.net\/it\/wp-json\/wp\/v2\/product_tag?post=15339"}],"curies":[{"name":"parola chiave","href":"https:\/\/api.w.org\/{rel}","templated":true}]}}