{"id":15356,"date":"2025-01-19T14:25:38","date_gmt":"2025-01-19T14:25:38","guid":{"rendered":"https:\/\/www.hydraulic-cylinders.net\/product\/bucket-cylinder-for-kobelco-middle-excavator-sk270d-8\/"},"modified":"2025-01-19T14:25:40","modified_gmt":"2025-01-19T14:25:40","slug":"bucket-cylinder-for-kobelco-middle-excavator-sk270d-8","status":"publish","type":"product","link":"https:\/\/www.hydraulic-cylinders.net\/it\/prodotto\/bucket-cylinder-for-kobelco-middle-excavator-sk270d-8\/","title":{"rendered":"Cilindro della benna per escavatore medio Kobelco SK270D-8"},"content":{"rendered":"<h1>Cilindro della benna per escavatore medio Kobelco SK270D-8<\/h1>\n<h2>Introduzione<\/h2>\n<p>Il cilindro della benna per l'escavatore medio Kobelco SK270D-8 \u00e8 un cilindro idraulico appositamente progettato per controllare il movimento della benna in macchinari pesanti, come escavatori, terne e pale caricatrici frontali. La sua funzione principale \u00e8 quella di consentire alla benna di sollevarsi, abbassarsi e inclinarsi, facilitando la movimentazione di materiali in diverse applicazioni. Nel sistema idraulico, il cilindro della benna garantisce un controllo preciso della benna attraverso la variazione della pressione dell'olio idraulico, consentendo agli operatori di movimentare oggetti pesanti in modo efficiente e di adattarsi ad ambienti di lavoro complessi e a diverse esigenze operative.<\/p>\n<p><img decoding=\"async\" src=\"https:\/\/www.hydraulic-cylinders.net\/wp-content\/uploads\/2025\/01\/songte-company-2.webp\" alt=\"Immagine del cilindro del secchio\"><\/p>\n<h2>Caratteristiche<\/h2>\n<ul>\n<li>Elevata resistenza e durata: solitamente realizzati in acciaio o alluminio ad alta resistenza, in grado di sopportare pressioni elevate e carichi pesanti, adattabili ad ambienti di lavoro difficili e progettati tenendo conto della resistenza all'usura e alla corrosione per prolungarne la durata.<\/li>\n<li>Funzionamento idraulico efficiente: il movimento fluido di estensione e retrazione \u00e8 ottenuto sfruttando la pressione dell'olio idraulico. \u00c8 in grado di rispondere rapidamente ai comandi operativi, fornendo una potente forza di spinta e trazione, rendendolo adatto alla movimentazione di oggetti pesanti e a lavori complessi.<\/li>\n<li>Diverse tipologie: \u00e8 possibile scegliere tra cilindri a semplice effetto (che utilizzano l'idraulica solo in una direzione) o a doppio effetto (che utilizzano l'idraulica in entrambe le direzioni) in base alle esigenze per soddisfare diverse esigenze operative. Alcuni modelli sono retrattili, consentendo una maggiore portata senza aumentare le dimensioni esterne, rendendoli adatti ad applicazioni in cui lo spazio \u00e8 limitato.<\/li>\n<li>Sostituibile: il nostro prodotto \u00e8 un sostituto perfetto per questi cilindri idraulici. <\/li>\n<\/ul>\n<p><img decoding=\"async\" src=\"https:\/\/www.hydraulic-cylinders.net\/wp-content\/uploads\/2025\/01\/songte-cylinder-head-with-all-kinds-excavator-models.webp\" alt=\"Immagine del cilindro del secchio\"><\/p>\n<h2>Applicazioni<\/h2>\n<h3>Attrezzature per l'edilizia<\/h3>\n<p>Negli escavatori, si rivelano essenziali per scavare, caricare e spostare terra o detriti. Nelle terne, il cilindro della benna aiuta sia nello scavo che nel sollevamento. Nelle pale caricatrici frontali, aiuta a sollevare e inclinare le merci in modo efficiente.<\/p>\n<h3>Macchine agricole<\/h3>\n<p>Utilizzati nelle pale caricatrici frontali, per raccogliere, sollevare e trasportare terra, fieno e altri materiali. Negli escavatori, i cilindri della benna consentono l'azione di scavo consentendo alla benna di penetrare nel terreno. <\/p>\n<h2>Considerazioni progettuali e criteri di selezione<\/h2>\n<h3>Capacit\u00e0 portante<\/h3>\n<p>I cilindri a tazza sono generalmente progettati per resistere a carichi ad alta pressione e carichi pesanti. La scelta dei materiali e della tecnologia di lavorazione deve essere ponderata in base a questi fattori per garantire l'utilizzo e l'affidabilit\u00e0 a lungo termine del cilindro.<\/p>\n<h3>Sigillatura<\/h3>\n<p>\u00c8 necessario utilizzare vari componenti di tenuta, come guarnizioni per pistoni, guarnizioni per steli e altri. Per i componenti di tenuta si preferiscono poliuretano, gomma nitrilica e altri materiali resistenti all'usura. Il corpo del cilindro e la superficie filettata devono essere finemente lavorati per migliorarne la resistenza all'usura. Il rabbocco regolare dell'olio idraulico \u00e8 essenziale per la lubrificazione.<\/p>\n<p><img decoding=\"async\" src=\"https:\/\/www.hydraulic-cylinders.net\/wp-content\/uploads\/2025\/01\/songte-oil-pipes-and-spare-parts.webp\" alt=\"Immagine del cilindro del secchio\"><\/p>\n<h2>Manutenzione e risoluzione dei problemi<\/h2>\n<p>Una manutenzione regolare, che include lubrificazione, sostituzione delle guarnizioni e controlli di taratura, \u00e8 fondamentale per prolungare la durata utile dei cilindri delle tazze. Per garantirne il corretto funzionamento, \u00e8 necessario seguire le corrette procedure di installazione, lubrificazione e regolazione. Si raccomanda di allineare correttamente il cilindro, utilizzare staffe di installazione appropriate per fissarlo e seguire le procedure di ispezione, riparazione e sostituzione consigliate. <\/p>\n<ul>\n<li>Ispezione regolare<\/li>\n<li>Lubrificazione appropriata<\/li>\n<li>Sostituzione delle guarnizioni e controlli di calibrazione<\/li>\n<\/ul>\n<p><img decoding=\"async\" src=\"https:\/\/www.hydraulic-cylinders.net\/wp-content\/uploads\/2025\/01\/songte-chushion-collar.webp\" alt=\"Immagine del cilindro del secchio\"><\/p>\n<h2>Considerazioni sulla sicurezza e sull'ambiente<\/h2>\n<p>I cilindri delle benne devono essere maneggiati adottando le opportune misure di sicurezza e seguendo le istruzioni del produttore per evitare incidenti e lesioni. \u00c8 importante riciclare o smaltire correttamente l'olio idraulico per proteggere l'ambiente.<\/p>\n<p><img decoding=\"async\" src=\"https:\/\/www.hydraulic-cylinders.net\/wp-content\/uploads\/2025\/01\/songte-bushings-with-all-kinds-of-excavator-models.webp\" alt=\"Immagine del cilindro del secchio\"><\/p>\n<h2>Informazioni sulla nostra azienda<\/h2>\n<p>Siamo un produttore e grossista leader di cilindri idraulici sul mercato nazionale e internazionale, con una gamma completa di prodotti. Adottiamo una strategia di gestione della produzione industrializzata basata su un'eccellente qualit\u00e0 e ci affidiamo all'impiego di talenti tecnici, apparecchiature di produzione digitali di fascia alta e sistemi di collaudo professionali per migliorare costantemente la piattaforma di produzione in officina e ottimizzare il percorso produttivo per la qualit\u00e0 del prodotto. Abbiamo una forte capacit\u00e0 creativa e aderiamo ai principi di alta efficienza, alta precisione e alta qualit\u00e0 per soddisfare le diverse esigenze dei clienti.<\/p>\n<p><img decoding=\"async\" src=\"https:\/\/hzpt.com\/wp-content\/uploads\/2024\/11\/songte-company-1.webp\" alt=\"Immagine del cilindro del secchio\"><\/p>\n<h3>Professionalit\u00e0<\/h3>\n<p>Disponiamo di un team di professionisti con anni di esperienza nella produzione di cilindri idraulici, che garantisce la qualit\u00e0 e l'affidabilit\u00e0 dei nostri prodotti.<\/p>\n<h3>Certificazione internazionale<\/h3>\n<p>I nostri prodotti hanno superato vari standard di certificazione internazionali, come ISO9001, CE e altri, garantendo la qualit\u00e0 e l'affidabilit\u00e0 del prodotto.<\/p>\n<h3>Personalizzazione<\/h3>\n<p>Offriamo servizi di personalizzazione per soddisfare le diverse esigenze dei nostri clienti.<\/p>\n<h3>Attrezzature di produzione<\/h3>\n<p>Disponiamo di attrezzature e tecnologie di produzione all'avanguardia per garantire la qualit\u00e0 dei nostri prodotti.<\/p>\n<h3>Servizio post-vendita<\/h3>\n<p>Forniamo servizi post-vendita completi, tra cui la sostituzione dei pezzi e la ricostruzione, per contribuire a prolungare la durata utile dei nostri prodotti.<\/p>\n<p>Autore: lyl<\/p>","protected":false},"excerpt":{"rendered":"<p>Bucket Cylinder For Kobelco Middle Excavator SK270D-8 Introduction The bucket cylinder for Kobelco middle excavator SK270D-8 is a specially designed hydraulic cylinder used to control the movement of the bucket in heavy machinery, such as excavators, backhoe excavators, and front-end loaders. Its main function is to enable the bucket to lift, lower, and tilt, making [&hellip;]<\/p>","protected":false},"featured_media":14761,"comment_status":"open","ping_status":"closed","template":"","meta":{"_et_pb_use_builder":"","_et_pb_old_content":"","_et_gb_content_width":""},"product_brand":[],"product_cat":[1494],"product_tag":[1495,1496],"class_list":{"0":"post-15356","1":"product","2":"type-product","3":"status-publish","4":"has-post-thumbnail","6":"product_cat-bucket-cylinders","7":"product_tag-bucket-cylinders","8":"product_tag-hydraulic-cylinders","10":"first","11":"instock","12":"shipping-taxable","13":"product-type-simple"},"amp_enabled":true,"_links":{"self":[{"href":"https:\/\/www.hydraulic-cylinders.net\/it\/wp-json\/wp\/v2\/product\/15356","targetHints":{"allow":["GET"]}}],"collection":[{"href":"https:\/\/www.hydraulic-cylinders.net\/it\/wp-json\/wp\/v2\/product"}],"about":[{"href":"https:\/\/www.hydraulic-cylinders.net\/it\/wp-json\/wp\/v2\/types\/product"}],"replies":[{"embeddable":true,"href":"https:\/\/www.hydraulic-cylinders.net\/it\/wp-json\/wp\/v2\/comments?post=15356"}],"wp:featuredmedia":[{"embeddable":true,"href":"https:\/\/www.hydraulic-cylinders.net\/it\/wp-json\/wp\/v2\/media\/14761"}],"wp:attachment":[{"href":"https:\/\/www.hydraulic-cylinders.net\/it\/wp-json\/wp\/v2\/media?parent=15356"}],"wp:term":[{"taxonomy":"product_brand","embeddable":true,"href":"https:\/\/www.hydraulic-cylinders.net\/it\/wp-json\/wp\/v2\/product_brand?post=15356"},{"taxonomy":"product_cat","embeddable":true,"href":"https:\/\/www.hydraulic-cylinders.net\/it\/wp-json\/wp\/v2\/product_cat?post=15356"},{"taxonomy":"product_tag","embeddable":true,"href":"https:\/\/www.hydraulic-cylinders.net\/it\/wp-json\/wp\/v2\/product_tag?post=15356"}],"curies":[{"name":"parola chiave","href":"https:\/\/api.w.org\/{rel}","templated":true}]}}