{"id":15359,"date":"2025-01-19T14:25:50","date_gmt":"2025-01-19T14:25:50","guid":{"rendered":"https:\/\/www.hydraulic-cylinders.net\/product\/bucket-cylinder-for-kobelco-middle-excavator-sk250-6-6e\/"},"modified":"2025-01-19T14:25:52","modified_gmt":"2025-01-19T14:25:52","slug":"bucket-cylinder-for-kobelco-middle-excavator-sk250-6-6e","status":"publish","type":"product","link":"https:\/\/www.hydraulic-cylinders.net\/it\/prodotto\/bucket-cylinder-for-kobelco-middle-excavator-sk250-6-6e\/","title":{"rendered":"Cilindro della benna per escavatore centrale Kobelco SK250-6-6E"},"content":{"rendered":"<p><!DOCTYPE html><br \/>\n<html><br \/>\n<head><br \/>\n\t<title>Cilindro della benna per escavatore centrale Kobelco SK250-6-6E<\/title><br \/>\n<\/head><br \/>\n<body><\/p>\n<h1>Cilindro della benna per escavatore centrale Kobelco SK250-6-6E<\/h1>\n<h2>Introduzione<\/h2>\n<p>Un cilindro benna \u00e8 un cilindro idraulico appositamente progettato per controllare il movimento della benna in macchinari pesanti come escavatori, terne e pale caricatrici frontali. La sua funzione principale \u00e8 quella di consentire alla benna di sollevarsi, abbassarsi e inclinarsi, rendendola comoda per diverse attivit\u00e0 di movimentazione dei materiali. In un sistema idraulico, il cilindro benna consente un controllo preciso della benna sfruttando le variazioni di pressione dell'olio idraulico, consentendo agli operatori di gestire carichi pesanti in modo efficiente, adattandosi ad ambienti di lavoro complessi e a diverse esigenze operative.<\/p>\n<p>\t<img decoding=\"async\" src=\"https:\/\/www.hydraulic-cylinders.net\/wp-content\/uploads\/2025\/01\/songte-company-2.webp\" alt=\"Immagine del cilindro del secchio\"><\/p>\n<h2>Caratteristiche<\/h2>\n<ul>\n<li>Elevata resistenza e durata: solitamente realizzati in acciaio o alluminio ad alta resistenza, possono sopportare pressioni elevate e carichi pesanti, adattandosi ad ambienti di lavoro difficili. Il design \u00e8 studiato per garantire resistenza all'usura e alla corrosione, prolungandone la durata.<\/li>\n<li>Funzionamento idraulico efficiente: sfruttando la pressione dell'olio idraulico per ottenere movimenti telescopici fluidi, pu\u00f2 rispondere rapidamente ai comandi di controllo, fornendo potenti forze di spinta e trazione adatte alla movimentazione di carichi pesanti e attivit\u00e0 operative complesse.<\/li>\n<li>Varie tipologie: disponibili con cilindri a semplice effetto (idraulici utilizzati in una sola direzione) o a doppio effetto (idraulici utilizzati in due direzioni) per soddisfare diverse esigenze operative. Alcuni modelli sono telescopici, consentendo una maggiore estensione senza aumentare le dimensioni esterne, adatti ad applicazioni con spazio limitato.<\/li>\n<li>Sostituzione perfetta: il nostro prodotto pu\u00f2 sostituire perfettamente questi cilindri idraulici.<\/li>\n<\/ul>\n<p>\t<img decoding=\"async\" src=\"https:\/\/www.hydraulic-cylinders.net\/wp-content\/uploads\/2025\/01\/songte-cylinder-head-with-all-kinds-excavator-models.webp\" alt=\"Immagine di sostituzione del cilindro della benna\"><\/p>\n<h2>Applicazioni<\/h2>\n<ul>\n<li>Attrezzature edili: presenti negli escavatori, sono fondamentali per lo scavo, il carico e lo spostamento di terreno o detriti. Nelle terne, il cilindro della benna agevola sia lo scavo che il sollevamento.<\/li>\n<li>Macchine agricole: utilizzate nelle pale caricatrici frontali, aiutano a raccogliere, sollevare e trasportare terra, fieno e altri materiali.<\/li>\n<li>Escavatori: il cilindro della benna consente di effettuare azioni di scavo consentendo alla benna di penetrare nel terreno.<\/li>\n<li>Caricatori: nei caricatori frontali, aiutano a sollevare e inclinare le merci in modo efficiente.<\/li>\n<\/ul>\n<h2>Considerazioni progettuali e criteri di selezione<\/h2>\n<ul>\n<li>Capacit\u00e0 portante: il design del cilindro della benna garantisce la capacit\u00e0 di sopportare i carichi e le forze previsti.<\/li>\n<li>Tenuta: per garantire una tenuta efficace vengono utilizzate varie guarnizioni, come guarnizioni per pistoni e guarnizioni per steli, realizzate in materiali resistenti all'usura come poliuretano e gomma nitrilica.<\/li>\n<li>Durata: il corpo del cilindro e le estremit\u00e0 filettate sono sottoposti a un trattamento accurato per aumentarne la resistenza all'usura.<\/li>\n<li>Sicurezza: durante il processo di progettazione vengono prese in considerazione le considerazioni sulla sicurezza per prevenire incidenti e garantire la sicurezza dell'operatore.<\/li>\n<li>Manutenibilit\u00e0: la facilit\u00e0 di manutenzione e riparazione \u00e8 considerata per ridurre al minimo i tempi di fermo e garantire la longevit\u00e0 del cilindro.<\/li>\n<\/ul>\n<p>\t<img decoding=\"async\" src=\"https:\/\/www.hydraulic-cylinders.net\/wp-content\/uploads\/2025\/01\/songte-oil-pipes-and-spare-parts.webp\" alt=\"Parti del cilindro idraulico\"><\/p>\n<h2>Sigillatura e lubrificazione<\/h2>\n<p>Vengono utilizzate diverse guarnizioni, come quelle per pistone e stelo, realizzate in materiali resistenti all'usura come poliuretano e gomma nitrilica. Il corpo del cilindro e le estremit\u00e0 filettate sono sottoposti a un trattamento di precisione per migliorarne la resistenza all'usura. Per garantire un funzionamento regolare, \u00e8 necessaria una lubrificazione regolare con una quantit\u00e0 adeguata di olio idraulico.<\/p>\n<h2>Misure di ispezione regolare e manutenzione preventiva<\/h2>\n<ul>\n<li>Ispezione regolare: verificare la presenza di eventuali segni di perdite, danni o usura sul cilindro e sui suoi componenti.<\/li>\n<li>Lubrificazione adeguata: assicurarsi che il cilindro sia adeguatamente lubrificato per evitare attriti e usura.<\/li>\n<li>Sostituzione delle guarnizioni: sostituire tempestivamente le guarnizioni usurate per mantenere una tenuta efficace.<\/li>\n<li>Controllo della taratura: controllare e tarare periodicamente il cilindro per garantirne un funzionamento accurato.<\/li>\n<\/ul>\n<p>\t<img decoding=\"async\" src=\"https:\/\/www.hydraulic-cylinders.net\/wp-content\/uploads\/2025\/01\/songte-chushion-collar.webp\" alt=\"Installazione del cilindro idraulico\"><\/p>\n<h2>Considerazioni sulla sicurezza e fattori ambientali<\/h2>\n<p>Quando si utilizza il cilindro della benna, \u00e8 importante seguire le misure di sicurezza per prevenire incidenti. \u00c8 inoltre necessario considerare i fattori ambientali per garantirne il corretto funzionamento e ridurre al minimo qualsiasi impatto negativo sull'ambiente circostante.<\/p>\n<h2>Risoluzione dei problemi e problemi comuni<\/h2>\n<ul>\n<li>Problema: Perdita. Soluzione: Verificare che le guarnizioni non siano danneggiate e sostituirle se necessario.<\/li>\n<li>Problema: il cilindro non si estende o non si ritrae. Soluzione: controllare il livello e la pressione del fluido idraulico e ispezionare valvole e tubi flessibili per eventuali ostruzioni o danni.<\/li>\n<li>Problema: movimento irregolare. Soluzione: verificare la presenza di disallineamenti o componenti danneggiati e ripararli o sostituirli di conseguenza.<\/li>\n<\/ul>\n<p>\t<img decoding=\"async\" src=\"https:\/\/www.hydraulic-cylinders.net\/wp-content\/uploads\/2025\/01\/songte-bushings-with-all-kinds-of-excavator-models.webp\" alt=\"Risoluzione dei problemi del cilindro idraulico\"><\/p>\n<h2>Attivit\u00e0 di manutenzione<\/h2>\n<ul>\n<li>Ispezioni regolari<\/li>\n<li>Lubrificazione adeguata<\/li>\n<li>Sostituzione della guarnizione<\/li>\n<\/ul>\n<p>\u00c8 essenziale sottolineare l'importanza di una corretta installazione, lubrificazione e regolazione. Durante l'installazione, \u00e8 necessario fornire istruzioni per un corretto allineamento e si raccomanda l'uso di staffe di installazione appropriate per fissare il cilindro. \u00c8 inoltre necessario fornire le procedure consigliate per l'ispezione, la riparazione e la sostituzione, insieme a suggerimenti per prolungare la durata del cilindro della benna.<\/p>\n<p>\t<img decoding=\"async\" src=\"https:\/\/www.hydraulic-cylinders.net\/wp-content\/uploads\/2025\/01\/songte-company-1.webp\" alt=\"Manutenzione del cilindro idraulico\"><\/p>\n<h2>La nostra azienda<\/h2>\n<p>Siamo produttori di cilindri idraulici di ricambio e offriamo un'ampia gamma di prodotti. Siamo diventati uno dei principali produttori e distributori all'ingrosso di cilindri idraulici sul mercato nazionale e internazionale. Aderiamo ai principi di eccellenza qualitativa, affidandoci a strategie di gestione della produzione industriale nei nostri sofisticati laboratori di produzione. Grazie all'impiego di competenze tecniche, attrezzature di produzione digitale avanzate e sistemi di collaudo professionali, miglioriamo costantemente la nostra piattaforma produttiva, perfezioniamo il percorso produttivo per garantire la qualit\u00e0 del prodotto e disponiamo di forti capacit\u00e0 creative. Ci impegniamo a soddisfare le diverse esigenze dei clienti con elevata efficienza, precisione e qualit\u00e0.<\/p>\n<p>\t<img decoding=\"async\" src=\"https:\/\/www.hydraulic-cylinders.net\/wp-content\/uploads\/2025\/01\/songte-company-3.webp\" alt=\"Immagine aziendale\"><\/p>\n<h3>Professionalit\u00e0:<\/h3>\n<p>Disponiamo di un team di professionisti impegnati a fornire cilindri idraulici di alta qualit\u00e0 e un eccellente servizio clienti.<\/p>\n<h3>Certificazioni internazionali:<\/h3>\n<p>I nostri prodotti hanno ottenuto certificazioni internazionali, che ne garantiscono la conformit\u00e0 agli standard del settore.<\/p>\n<h3>Servizi di personalizzazione:<\/h3>\n<p>Offriamo servizi di personalizzazione per soddisfare le esigenze specifiche dei clienti e fornire soluzioni su misura.<\/p>\n<h3>Attrezzature di produzione avanzate:<\/h3>\n<p>Abbiamo investito in attrezzature di produzione all'avanguardia per garantire la precisione e la qualit\u00e0 dei nostri cilindri idraulici.<\/p>\n<h3>Servizio post-vendita:<\/h3>\n<p>Forniamo servizi post-vendita completi, tra cui pezzi di ricambio e servizi di ricostruzione, per aumentare la durata dei nostri cilindri idraulici.<\/p>\n<h4>Autore: lyl<\/h4>\n<p><\/body><br \/>\n<\/html><\/p>","protected":false},"excerpt":{"rendered":"<p>Bucket Cylinder For Kobelco Middle Excavator SK250-6-6E Bucket Cylinder For Kobelco Middle Excavator SK250-6-6E Introduction A bucket cylinder is a specially designed hydraulic cylinder used to control the movement of the bucket in heavy machinery such as excavators, backhoe loaders, and front-end loaders. Its main function is to enable the bucket to lift, lower, and [&hellip;]<\/p>","protected":false},"featured_media":14787,"comment_status":"open","ping_status":"closed","template":"","meta":{"_et_pb_use_builder":"","_et_pb_old_content":"","_et_gb_content_width":""},"product_brand":[],"product_cat":[1494],"product_tag":[1495,1496],"class_list":{"0":"post-15359","1":"product","2":"type-product","3":"status-publish","4":"has-post-thumbnail","6":"product_cat-bucket-cylinders","7":"product_tag-bucket-cylinders","8":"product_tag-hydraulic-cylinders","10":"first","11":"instock","12":"shipping-taxable","13":"product-type-simple"},"amp_enabled":true,"_links":{"self":[{"href":"https:\/\/www.hydraulic-cylinders.net\/it\/wp-json\/wp\/v2\/product\/15359","targetHints":{"allow":["GET"]}}],"collection":[{"href":"https:\/\/www.hydraulic-cylinders.net\/it\/wp-json\/wp\/v2\/product"}],"about":[{"href":"https:\/\/www.hydraulic-cylinders.net\/it\/wp-json\/wp\/v2\/types\/product"}],"replies":[{"embeddable":true,"href":"https:\/\/www.hydraulic-cylinders.net\/it\/wp-json\/wp\/v2\/comments?post=15359"}],"wp:featuredmedia":[{"embeddable":true,"href":"https:\/\/www.hydraulic-cylinders.net\/it\/wp-json\/wp\/v2\/media\/14787"}],"wp:attachment":[{"href":"https:\/\/www.hydraulic-cylinders.net\/it\/wp-json\/wp\/v2\/media?parent=15359"}],"wp:term":[{"taxonomy":"product_brand","embeddable":true,"href":"https:\/\/www.hydraulic-cylinders.net\/it\/wp-json\/wp\/v2\/product_brand?post=15359"},{"taxonomy":"product_cat","embeddable":true,"href":"https:\/\/www.hydraulic-cylinders.net\/it\/wp-json\/wp\/v2\/product_cat?post=15359"},{"taxonomy":"product_tag","embeddable":true,"href":"https:\/\/www.hydraulic-cylinders.net\/it\/wp-json\/wp\/v2\/product_tag?post=15359"}],"curies":[{"name":"parola chiave","href":"https:\/\/api.w.org\/{rel}","templated":true}]}}