{"id":15369,"date":"2025-01-19T14:26:44","date_gmt":"2025-01-19T14:26:44","guid":{"rendered":"https:\/\/www.hydraulic-cylinders.net\/product\/bucket-cylinder-for-kobelco-large-excavator-sk330-8\/"},"modified":"2025-01-19T14:26:46","modified_gmt":"2025-01-19T14:26:46","slug":"bucket-cylinder-for-kobelco-large-excavator-sk330-8","status":"publish","type":"product","link":"https:\/\/www.hydraulic-cylinders.net\/it\/prodotto\/bucket-cylinder-for-kobelco-large-excavator-sk330-8\/","title":{"rendered":"Cilindro della benna per escavatore di grandi dimensioni Kobelco SK330-8"},"content":{"rendered":"<h1>Cilindro della benna per escavatore di grandi dimensioni Kobelco SK330-8<\/h1>\n<h2>Introduzione<\/h2>\n<p>Il cilindro della benna per l'escavatore di grandi dimensioni Kobelco SK330-8 \u00e8 un cilindro idraulico appositamente progettato, utilizzato principalmente per controllare il movimento della benna in macchinari pesanti come escavatori, terne e pale caricatrici frontali. La sua funzione principale \u00e8 quella di consentire alla benna di sollevarsi, abbassarsi e inclinarsi, facilitando l'esecuzione di diverse attivit\u00e0 di movimentazione dei materiali. Nel sistema idraulico, il cilindro della benna consente un controllo preciso della benna mediante variazioni della pressione dell'olio idraulico, consentendo all'operatore di gestire in modo efficiente carichi pesanti, adattarsi ad ambienti di lavoro complessi e soddisfare diverse esigenze operative.<\/p>\n<p><img decoding=\"async\" src=\"https:\/\/www.hydraulic-cylinders.net\/wp-content\/uploads\/2025\/01\/songte-company-2.webp\" alt=\"Cilindro della benna\" \/><\/p>\n<h2>Caratteristiche<\/h2>\n<ul>\n<li>\n<h3>Elevata resistenza e durata<\/h3>\n<p>Tipicamente realizzato in acciaio ad alta resistenza o alluminio, il cilindro della benna pu\u00f2 sopportare pressioni elevate e carichi pesanti, adattandosi ad ambienti di lavoro difficili. Il design \u00e8 resistente all'usura e alla corrosione, prolungandone la durata.<\/p>\n<\/li>\n<li>\n<h3>Funzionamento idraulico efficiente<\/h3>\n<p>Utilizzando la pressione dell'olio idraulico per ottenere un'estensione e una contrazione fluide, il cilindro della benna pu\u00f2 rispondere rapidamente ai comandi operativi, fornendo potenti forze di spinta e trazione adatte alla movimentazione di carichi pesanti e attivit\u00e0 complesse.<\/p>\n<\/li>\n<li>\n<h3>Diversi tipi<\/h3>\n<p>Il cilindro della benna pu\u00f2 essere scelto come cilindro a semplice effetto (utilizzato idraulicamente in una sola direzione) o a doppio effetto (utilizzato idraulicamente in entrambe le direzioni) a seconda delle esigenze operative. Alcuni modelli sono telescopici, consentendo una maggiore estensione senza aumentare le dimensioni esterne, adatti ad applicazioni in spazi limitati.<\/p>\n<\/li>\n<li>\n<h3>Capacit\u00e0 di produzione<\/h3>\n<p>Siamo in grado di produrre questo prodotto e il nostro prodotto pu\u00f2 sostituire perfettamente questi cilindri idraulici.<\/p>\n<p>    <img decoding=\"async\" src=\"https:\/\/www.hydraulic-cylinders.net\/wp-content\/uploads\/2025\/01\/songte-cylinder-head-with-all-kinds-excavator-models.webp\" alt=\"Modelli di escavatori\" \/>\n  <\/li>\n<\/ul>\n<h2>Applicazioni<\/h2>\n<p>Il cilindro della benna \u00e8 ampiamente utilizzato in varie attrezzature per macchinari pesanti, tra cui:<\/p>\n<ul>\n<li>\n<h3>Attrezzature per l'edilizia<\/h3>\n<p>Negli escavatori, sono fondamentali per scavare, caricare e spostare terreno o detriti. Nelle terne, il cilindro della benna aiuta sia nello scavo che nel sollevamento. Nelle pale caricatrici frontali, contribuiscono al sollevamento e allo scarico efficienti dei materiali.<\/p>\n<\/li>\n<li>\n<h3>Macchine agricole<\/h3>\n<p>Utilizzato nelle pale caricatrici frontali per raccogliere, sollevare e trasportare terra, fieno e altri materiali.<\/p>\n<\/li>\n<li>\n<h3>Escavatori<\/h3>\n<p>Il cilindro della benna consente alla benna di penetrare nel terreno per eseguire azioni di scavo.<\/p>\n<\/li>\n<li>\n<h3>Caricatori<\/h3>\n<p>Nei caricatori frontali, aiutano a sollevare e scaricare le merci in modo efficiente.<\/p>\n<\/li>\n<\/ul>\n<h2>Considerazioni progettuali e criteri di selezione<\/h2>\n<p>Le considerazioni progettuali del cilindro della benna sono cruciali, tra cui la sua capacit\u00e0 di carico, la tenuta, la durata, la sicurezza e la manutenibilit\u00e0. Alcuni dei punti chiave della discussione includono:<\/p>\n<ul>\n<li>\n<h3>Capacit\u00e0 portante<\/h3>\n<p>Il cilindro della benna deve essere in grado di resistere alla pressione e ai carichi in ambienti di lavoro difficili, pertanto la scelta del materiale e la progettazione strutturale sono essenziali.<\/p>\n<\/li>\n<li>\n<h3>Sigillatura<\/h3>\n<p>Il cilindro della benna utilizza diverse guarnizioni, come quelle del pistone e dello stelo, che devono essere realizzate in materiali resistenti all'usura come poliuretano e gomma nitrilica. Il corpo del cilindro e la superficie terminale della filettatura sono finemente lavorati per migliorare la resistenza all'usura. \u00c8 richiesta una lubrificazione regolare con olio idraulico.<\/p>\n<p>    <img decoding=\"async\" src=\"https:\/\/www.hydraulic-cylinders.net\/wp-content\/uploads\/2025\/01\/songte-oil-pipes-and-spare-parts.webp\" alt=\"Tubi dell&#039;olio e pezzi di ricambio\" \/>\n  <\/li>\n<li>\n<h3>Durata<\/h3>\n<p>Il cilindro della benna deve essere progettato per resistere all'usura e alla corrosione, prolungandone la durata utile e riducendo al minimo la frequenza della manutenzione.<\/p>\n<\/li>\n<li>\n<h3>Sicurezza<\/h3>\n<p>Per garantire un funzionamento sicuro, il cilindro della benna deve essere conforme alle normative di sicurezza, come gli standard di sicurezza ISO.<\/p>\n<\/li>\n<li>\n<h3>Manutenibilit\u00e0<\/h3>\n<p>Il cilindro della benna deve essere facile da manutenere e riparare, con pezzi di ricambio facilmente reperibili.<\/p>\n<\/li>\n<\/ul>\n<h2>Manutenzione e riparazione<\/h2>\n<p>La manutenzione e la riparazione regolari sono fondamentali per prolungare la durata utile del cilindro della benna. Di seguito sono riportate alcune delle attivit\u00e0 di manutenzione pi\u00f9 comuni:<\/p>\n<ul>\n<li>\n<h3>Ispezione regolare<\/h3>\n<p>Un'ispezione regolare del cilindro della benna pu\u00f2 aiutare a individuare potenziali problemi prima che si verifichino.<\/p>\n<\/li>\n<li>\n<h3>Lubrificazione<\/h3>\n<p>Per garantire un funzionamento regolare, il cilindro della benna richiede una lubrificazione regolare con olio idraulico.<\/p>\n<\/li>\n<li>\n<h3>Sostituzione della guarnizione e controllo della calibrazione<\/h3>\n<p>La sostituzione regolare delle guarnizioni e i controlli di calibrazione possono prevenire perdite e garantire il corretto funzionamento del cilindro della benna.<\/p>\n<\/li>\n<\/ul>\n<p>Installazione, lubrificazione e regolazione corrette sono fondamentali per le prestazioni del cilindro della benna. Un corretto allineamento durante l'installazione del cilindro \u00e8 essenziale e si consiglia di utilizzare staffe di montaggio appropriate per fissarlo. Le procedure di ispezione, riparazione e sostituzione consigliate possono migliorare la durata utile del cilindro della benna.<\/p>\n<p><img decoding=\"async\" src=\"https:\/\/www.hydraulic-cylinders.net\/wp-content\/uploads\/2025\/01\/songte-chushion-collar.webp\" alt=\"Collare Chushion\" \/><\/p>\n<h2>Considerazioni sulla sicurezza e sull'ambiente<\/h2>\n<p>Durante l'utilizzo del cilindro della benna, \u00e8 necessario adottare adeguate misure di sicurezza, come il rispetto delle norme di sicurezza e l'uso di dispositivi di protezione individuale. Il cilindro della benna deve inoltre essere utilizzato nel rispetto dell'ambiente, assicurandosi che tutti i rifiuti vengano smaltiti correttamente.<\/p>\n<h2>Risoluzione dei problemi e problemi comuni<\/h2>\n<p>Il cilindro della benna pu\u00f2 presentare alcuni problemi comuni, tra cui perdite, forza insufficiente e movimento lento. Una corretta risoluzione dei problemi e una tempestiva risoluzione possono ridurre al minimo i tempi di fermo e i costi di manutenzione. Alcune misure preventive includono l'uso di olio idraulico di alta qualit\u00e0, ispezioni regolari, riparazioni e sostituzioni delle guarnizioni, nonch\u00e9 una corretta installazione e regolazione.<\/p>\n<p><img decoding=\"async\" src=\"https:\/\/www.hydraulic-cylinders.net\/wp-content\/uploads\/2025\/01\/songte-bushings-with-all-kinds-of-excavator-models.webp\" alt=\"Boccole con modelli di escavatori\" \/><\/p>\n<h2>Informazioni sulla nostra azienda<\/h2>\n<p>Siamo produttori di cilindri idraulici di ricambio con una gamma completa di prodotti, affermandoci come uno dei principali produttori e distributori all'ingrosso di cilindri idraulici sul mercato nazionale e internazionale. Aderiamo al principio di un'eccellente qualit\u00e0, affidandoci alla strategia di gestione della produzione industrializzata delle migliori officine manifatturiere, e miglioriamo costantemente la piattaforma produttiva dell'officina, migliorando il percorso produttivo di qualit\u00e0 del prodotto e vantando una forte capacit\u00e0 creativa. Soddisfiamo le diverse esigenze dei clienti con prodotti ad alta efficienza, elevata precisione e alta qualit\u00e0.<\/p>\n<p><img decoding=\"async\" src=\"https:\/\/hzpt.com\/wp-content\/uploads\/2024\/11\/songte-company-1.webp\" alt=\"Panoramica aziendale\" \/><\/p>\n<h3>I punti di forza della nostra azienda includono:<\/h3>\n<ul>\n<li>\n<p>Professionalit\u00e0<\/p>\n<\/li>\n<li>\n<p>Certificazione internazionale<\/p>\n<\/li>\n<li>\n<p>Servizio personalizzato<\/p>\n<\/li>\n<li>\n<p>Attrezzature di produzione avanzate<\/p>\n<\/li>\n<li>\n<p>Servizio post-vendita<\/p>\n<\/li>\n<\/ul>\n<p>Autore: lyl<\/p>","protected":false},"excerpt":{"rendered":"<p>Bucket Cylinder For Kobelco Large Excavator SK330-8 Introduction The Bucket Cylinder for Kobelco Large Excavator SK330-8 is a specially designed hydraulic cylinder primarily used to control the movement of the bucket in heavy machinery such as excavators, backhoe excavators, and front-end loaders. Its main function is to enable the bucket to lift, lower, and tilt, [&hellip;]<\/p>","protected":false},"featured_media":14765,"comment_status":"open","ping_status":"closed","template":"","meta":{"_et_pb_use_builder":"","_et_pb_old_content":"","_et_gb_content_width":""},"product_brand":[],"product_cat":[1494],"product_tag":[1495,1496],"class_list":{"0":"post-15369","1":"product","2":"type-product","3":"status-publish","4":"has-post-thumbnail","6":"product_cat-bucket-cylinders","7":"product_tag-bucket-cylinders","8":"product_tag-hydraulic-cylinders","10":"first","11":"instock","12":"shipping-taxable","13":"product-type-simple"},"amp_enabled":true,"_links":{"self":[{"href":"https:\/\/www.hydraulic-cylinders.net\/it\/wp-json\/wp\/v2\/product\/15369","targetHints":{"allow":["GET"]}}],"collection":[{"href":"https:\/\/www.hydraulic-cylinders.net\/it\/wp-json\/wp\/v2\/product"}],"about":[{"href":"https:\/\/www.hydraulic-cylinders.net\/it\/wp-json\/wp\/v2\/types\/product"}],"replies":[{"embeddable":true,"href":"https:\/\/www.hydraulic-cylinders.net\/it\/wp-json\/wp\/v2\/comments?post=15369"}],"wp:featuredmedia":[{"embeddable":true,"href":"https:\/\/www.hydraulic-cylinders.net\/it\/wp-json\/wp\/v2\/media\/14765"}],"wp:attachment":[{"href":"https:\/\/www.hydraulic-cylinders.net\/it\/wp-json\/wp\/v2\/media?parent=15369"}],"wp:term":[{"taxonomy":"product_brand","embeddable":true,"href":"https:\/\/www.hydraulic-cylinders.net\/it\/wp-json\/wp\/v2\/product_brand?post=15369"},{"taxonomy":"product_cat","embeddable":true,"href":"https:\/\/www.hydraulic-cylinders.net\/it\/wp-json\/wp\/v2\/product_cat?post=15369"},{"taxonomy":"product_tag","embeddable":true,"href":"https:\/\/www.hydraulic-cylinders.net\/it\/wp-json\/wp\/v2\/product_tag?post=15369"}],"curies":[{"name":"parola chiave","href":"https:\/\/api.w.org\/{rel}","templated":true}]}}